{"id":4050,"date":"2020-05-07T00:00:00","date_gmt":"2020-05-06T22:00:00","guid":{"rendered":"https:\/\/nature-et-developpement.com\/mbc\/produit\/decapant-gelifie-non-nocif-decapnat-natura\/"},"modified":"2025-06-17T09:17:54","modified_gmt":"2025-06-17T07:17:54","slug":"decap-nat-decapant-gelifie-non-nocif","status":"publish","type":"product","link":"https:\/\/nature-et-developpement.com\/mbc\/produit\/decap-nat-decapant-gelifie-non-nocif\/","title":{"rendered":"Gel decapant non nocif DECAP&rsquo;NAT de Natura"},"content":{"rendered":"<h2>D\u00e9capant gel universel non nocif<\/h2>\n<p>D\u00e9capant neutre ininflammable en gel constitu\u00e9 d&rsquo;un m\u00e9lange de solvants et d&rsquo;activateurs non nocifs facilement biod\u00e9gradables.<\/p>\n<p>Rh\u00e9ologie permettant de travailler efficacement sur les surfaces verticales ou horizontales.<\/p>\n","protected":false},"excerpt":{"rendered":"<p>Le DECAP&rsquo; NAT permet de d\u00e9caper de fa\u00e7on efficace toutes les peintures et \u00e9galement efficace sur lasure, vernis ou reste de colle.<\/p>\n<p>Sans risque de br\u00fblure pour la peau. Applicable sur tous supports : min\u00e9raux, m\u00e9tal, bois.<\/p>\n<p>&#8230;N\u00e9anmoins sur support atypique d\u00e9licat, faire un essai au pr\u00e9alable. Ne noircit et ne d\u00e9nature pas le bois.<\/p>\n","protected":false},"featured_media":1000000167139,"template":"","meta":[],"product_brand":[2734],"product_cat":[59,225,56,143,226,1371],"product_tag":[4115],"class_list":{"0":"post-4050","1":"product","2":"type-product","3":"status-publish","4":"has-post-thumbnail","6":"product_brand-natura","7":"product_cat-accessoires-peinture-et-enduit","8":"product_cat-agencement-exterieur","9":"product_cat-peinture-et-enduit","10":"product_cat-preparation-du-support","11":"product_cat-protection-et-entretien","12":"product_cat-traitement-bois-et-pierre-ecologique","13":"product_tag-traitement-du-bois","14":"product_shipping_class-peintures-accessoires-peintures","16":"first","17":"instock","18":"taxable","19":"shipping-taxable","20":"purchasable","21":"product-type-variable"},"yoast_head":"<!-- This site is optimized with the Yoast SEO plugin v27.5 - https:\/\/yoast.com\/product\/yoast-seo-wordpress\/ -->\n<title>Gel decapant non nocif DECAP&#039;NAT de Natura<\/title>\n<meta name=\"description\" content=\"Le DECAP&#039; NAT permet de d\u00e9caper de fa\u00e7on efficace toutes les peintures et \u00e9galement efficace sur lasure, vernis ou reste de colle.  Sans risque de br\u00fblure pour la peau. Applicable sur tous supports : min\u00e9raux, m\u00e9tal, bois.  ...N\u00e9anmoins sur support atypique d\u00e9licat, faire un essai au pr\u00e9alable. Ne noircit et ne d\u00e9nature pas le bois.\" \/>\n<meta name=\"robots\" content=\"noindex, follow\" \/>\n<meta property=\"og:locale\" content=\"fr_FR\" \/>\n<meta property=\"og:type\" content=\"article\" \/>\n<meta property=\"og:title\" content=\"Gel decapant non nocif DECAP&#039;NAT de Natura\" \/>\n<meta property=\"og:description\" content=\"Le DECAP&#039; NAT permet de d\u00e9caper de fa\u00e7on efficace toutes les peintures et \u00e9galement efficace sur lasure, vernis ou reste de colle.  Sans risque de br\u00fblure pour la peau. Applicable sur tous supports : min\u00e9raux, m\u00e9tal, bois.  ...N\u00e9anmoins sur support atypique d\u00e9licat, faire un essai au pr\u00e9alable. Ne noircit et ne d\u00e9nature pas le bois.\" \/>\n<meta property=\"og:url\" content=\"https:\/\/nature-et-developpement.com\/mbc\/produit\/decap-nat-decapant-gelifie-non-nocif\/\" \/>\n<meta property=\"og:site_name\" content=\"MBC\" \/>\n<meta property=\"article:modified_time\" content=\"2025-06-17T07:17:54+00:00\" \/>\n<meta name=\"twitter:card\" content=\"summary_large_image\" \/>\n<meta name=\"twitter:label1\" content=\"Dur\u00e9e de lecture estim\u00e9e\" \/>\n\t<meta name=\"twitter:data1\" content=\"1 minute\" \/>\n<script type=\"application\/ld+json\" class=\"yoast-schema-graph\">{\"@context\":\"https:\\\/\\\/schema.org\",\"@graph\":[{\"@type\":\"WebPage\",\"@id\":\"https:\\\/\\\/nature-et-developpement.com\\\/mbc\\\/produit\\\/decap-nat-decapant-gelifie-non-nocif\\\/\",\"url\":\"https:\\\/\\\/nature-et-developpement.com\\\/mbc\\\/produit\\\/decap-nat-decapant-gelifie-non-nocif\\\/\",\"name\":\"Gel decapant non nocif DECAP'NAT de Natura\",\"isPartOf\":{\"@id\":\"https:\\\/\\\/nature-et-developpement.com\\\/mbc\\\/#website\"},\"primaryImageOfPage\":{\"@id\":\"https:\\\/\\\/nature-et-developpement.com\\\/mbc\\\/produit\\\/decap-nat-decapant-gelifie-non-nocif\\\/#primaryimage\"},\"image\":{\"@id\":\"https:\\\/\\\/nature-et-developpement.com\\\/mbc\\\/produit\\\/decap-nat-decapant-gelifie-non-nocif\\\/#primaryimage\"},\"thumbnailUrl\":\"https:\\\/\\\/nature-et-developpement.com\\\/mbc\\\/wp-content\\\/uploads\\\/Decapant-gelifie-non-nocif-DECAPNAT-Natura.jpg\",\"datePublished\":\"2020-05-06T22:00:00+00:00\",\"dateModified\":\"2025-06-17T07:17:54+00:00\",\"description\":\"Le DECAP' NAT permet de d\u00e9caper de fa\u00e7on efficace toutes les peintures et \u00e9galement efficace sur lasure, vernis ou reste de colle. Sans risque de br\u00fblure pour la peau. Applicable sur tous supports : min\u00e9raux, m\u00e9tal, bois. ...N\u00e9anmoins sur support atypique d\u00e9licat, faire un essai au pr\u00e9alable. Ne noircit et ne d\u00e9nature pas le bois.\",\"breadcrumb\":{\"@id\":\"https:\\\/\\\/nature-et-developpement.com\\\/mbc\\\/produit\\\/decap-nat-decapant-gelifie-non-nocif\\\/#breadcrumb\"},\"inLanguage\":\"fr-FR\",\"potentialAction\":[{\"@type\":\"ReadAction\",\"target\":[\"https:\\\/\\\/nature-et-developpement.com\\\/mbc\\\/produit\\\/decap-nat-decapant-gelifie-non-nocif\\\/\"]}]},{\"@type\":\"ImageObject\",\"inLanguage\":\"fr-FR\",\"@id\":\"https:\\\/\\\/nature-et-developpement.com\\\/mbc\\\/produit\\\/decap-nat-decapant-gelifie-non-nocif\\\/#primaryimage\",\"url\":\"https:\\\/\\\/nature-et-developpement.com\\\/mbc\\\/wp-content\\\/uploads\\\/Decapant-gelifie-non-nocif-DECAPNAT-Natura.jpg\",\"contentUrl\":\"https:\\\/\\\/nature-et-developpement.com\\\/mbc\\\/wp-content\\\/uploads\\\/Decapant-gelifie-non-nocif-DECAPNAT-Natura.jpg\"},{\"@type\":\"BreadcrumbList\",\"@id\":\"https:\\\/\\\/nature-et-developpement.com\\\/mbc\\\/produit\\\/decap-nat-decapant-gelifie-non-nocif\\\/#breadcrumb\",\"itemListElement\":[{\"@type\":\"ListItem\",\"position\":1,\"name\":\"Accueil\",\"item\":\"https:\\\/\\\/nature-et-developpement.com\\\/mbc\\\/\"},{\"@type\":\"ListItem\",\"position\":2,\"name\":\"Produits\",\"item\":\"https:\\\/\\\/nature-et-developpement.com\\\/mbc\\\/shop\\\/\"},{\"@type\":\"ListItem\",\"position\":3,\"name\":\"Peinture, pigment et enduit\",\"item\":\"https:\\\/\\\/nature-et-developpement.com\\\/mbc\\\/produits\\\/peinture-et-enduit\\\/\"},{\"@type\":\"ListItem\",\"position\":4,\"name\":\"Traitement bois et pierre \u00e9cologique\",\"item\":\"https:\\\/\\\/nature-et-developpement.com\\\/mbc\\\/produits\\\/peinture-et-enduit\\\/traitement-bois-et-pierre-ecologique\\\/\"},{\"@type\":\"ListItem\",\"position\":5,\"name\":\"Gel decapant non nocif DECAP&rsquo;NAT de Natura\"}]},{\"@type\":\"WebSite\",\"@id\":\"https:\\\/\\\/nature-et-developpement.com\\\/mbc\\\/#website\",\"url\":\"https:\\\/\\\/nature-et-developpement.com\\\/mbc\\\/\",\"name\":\"MBC\",\"description\":\"MBC est membre du groupement Nature &amp; D\u00e9veloppement\",\"publisher\":{\"@id\":\"https:\\\/\\\/nature-et-developpement.com\\\/mbc\\\/#organization\"},\"potentialAction\":[{\"@type\":\"SearchAction\",\"target\":{\"@type\":\"EntryPoint\",\"urlTemplate\":\"https:\\\/\\\/nature-et-developpement.com\\\/mbc\\\/?s={search_term_string}\"},\"query-input\":{\"@type\":\"PropertyValueSpecification\",\"valueRequired\":true,\"valueName\":\"search_term_string\"}}],\"inLanguage\":\"fr-FR\"},{\"@type\":\"Organization\",\"@id\":\"https:\\\/\\\/nature-et-developpement.com\\\/mbc\\\/#organization\",\"name\":\"MBC Mat\u00e9riaux Biosourc\u00e9s de Construction\",\"url\":\"https:\\\/\\\/nature-et-developpement.com\\\/mbc\\\/\",\"logo\":{\"@type\":\"ImageObject\",\"inLanguage\":\"fr-FR\",\"@id\":\"https:\\\/\\\/nature-et-developpement.com\\\/mbc\\\/#\\\/schema\\\/logo\\\/image\\\/\",\"url\":\"https:\\\/\\\/nature-et-developpement.com\\\/mbc\\\/wp-content\\\/uploads\\\/sites\\\/18\\\/2021\\\/09\\\/cropped-MBC-2019-03.jpg\",\"contentUrl\":\"https:\\\/\\\/nature-et-developpement.com\\\/mbc\\\/wp-content\\\/uploads\\\/sites\\\/18\\\/2021\\\/09\\\/cropped-MBC-2019-03.jpg\",\"width\":512,\"height\":512,\"caption\":\"MBC Mat\u00e9riaux Biosourc\u00e9s de Construction\"},\"image\":{\"@id\":\"https:\\\/\\\/nature-et-developpement.com\\\/mbc\\\/#\\\/schema\\\/logo\\\/image\\\/\"}}]}<\/script>\n<!-- \/ Yoast SEO plugin. -->","yoast_head_json":{"title":"Gel decapant non nocif DECAP'NAT de Natura","description":"Le DECAP' NAT permet de d\u00e9caper de fa\u00e7on efficace toutes les peintures et \u00e9galement efficace sur lasure, vernis ou reste de colle.  Sans risque de br\u00fblure pour la peau. Applicable sur tous supports : min\u00e9raux, m\u00e9tal, bois.  ...N\u00e9anmoins sur support atypique d\u00e9licat, faire un essai au pr\u00e9alable. Ne noircit et ne d\u00e9nature pas le bois.","robots":{"index":"noindex","follow":"follow"},"og_locale":"fr_FR","og_type":"article","og_title":"Gel decapant non nocif DECAP'NAT de Natura","og_description":"Le DECAP' NAT permet de d\u00e9caper de fa\u00e7on efficace toutes les peintures et \u00e9galement efficace sur lasure, vernis ou reste de colle.  Sans risque de br\u00fblure pour la peau. Applicable sur tous supports : min\u00e9raux, m\u00e9tal, bois.  ...N\u00e9anmoins sur support atypique d\u00e9licat, faire un essai au pr\u00e9alable. Ne noircit et ne d\u00e9nature pas le bois.","og_url":"https:\/\/nature-et-developpement.com\/mbc\/produit\/decap-nat-decapant-gelifie-non-nocif\/","og_site_name":"MBC","article_modified_time":"2025-06-17T07:17:54+00:00","twitter_card":"summary_large_image","twitter_misc":{"Dur\u00e9e de lecture estim\u00e9e":"1 minute"},"schema":{"@context":"https:\/\/schema.org","@graph":[{"@type":"WebPage","@id":"https:\/\/nature-et-developpement.com\/mbc\/produit\/decap-nat-decapant-gelifie-non-nocif\/","url":"https:\/\/nature-et-developpement.com\/mbc\/produit\/decap-nat-decapant-gelifie-non-nocif\/","name":"Gel decapant non nocif DECAP'NAT de Natura","isPartOf":{"@id":"https:\/\/nature-et-developpement.com\/mbc\/#website"},"primaryImageOfPage":{"@id":"https:\/\/nature-et-developpement.com\/mbc\/produit\/decap-nat-decapant-gelifie-non-nocif\/#primaryimage"},"image":{"@id":"https:\/\/nature-et-developpement.com\/mbc\/produit\/decap-nat-decapant-gelifie-non-nocif\/#primaryimage"},"thumbnailUrl":"https:\/\/nature-et-developpement.com\/mbc\/wp-content\/uploads\/Decapant-gelifie-non-nocif-DECAPNAT-Natura.jpg","datePublished":"2020-05-06T22:00:00+00:00","dateModified":"2025-06-17T07:17:54+00:00","description":"Le DECAP' NAT permet de d\u00e9caper de fa\u00e7on efficace toutes les peintures et \u00e9galement efficace sur lasure, vernis ou reste de colle. Sans risque de br\u00fblure pour la peau. Applicable sur tous supports : min\u00e9raux, m\u00e9tal, bois. ...N\u00e9anmoins sur support atypique d\u00e9licat, faire un essai au pr\u00e9alable. Ne noircit et ne d\u00e9nature pas le bois.","breadcrumb":{"@id":"https:\/\/nature-et-developpement.com\/mbc\/produit\/decap-nat-decapant-gelifie-non-nocif\/#breadcrumb"},"inLanguage":"fr-FR","potentialAction":[{"@type":"ReadAction","target":["https:\/\/nature-et-developpement.com\/mbc\/produit\/decap-nat-decapant-gelifie-non-nocif\/"]}]},{"@type":"ImageObject","inLanguage":"fr-FR","@id":"https:\/\/nature-et-developpement.com\/mbc\/produit\/decap-nat-decapant-gelifie-non-nocif\/#primaryimage","url":"https:\/\/nature-et-developpement.com\/mbc\/wp-content\/uploads\/Decapant-gelifie-non-nocif-DECAPNAT-Natura.jpg","contentUrl":"https:\/\/nature-et-developpement.com\/mbc\/wp-content\/uploads\/Decapant-gelifie-non-nocif-DECAPNAT-Natura.jpg"},{"@type":"BreadcrumbList","@id":"https:\/\/nature-et-developpement.com\/mbc\/produit\/decap-nat-decapant-gelifie-non-nocif\/#breadcrumb","itemListElement":[{"@type":"ListItem","position":1,"name":"Accueil","item":"https:\/\/nature-et-developpement.com\/mbc\/"},{"@type":"ListItem","position":2,"name":"Produits","item":"https:\/\/nature-et-developpement.com\/mbc\/shop\/"},{"@type":"ListItem","position":3,"name":"Peinture, pigment et enduit","item":"https:\/\/nature-et-developpement.com\/mbc\/produits\/peinture-et-enduit\/"},{"@type":"ListItem","position":4,"name":"Traitement bois et pierre \u00e9cologique","item":"https:\/\/nature-et-developpement.com\/mbc\/produits\/peinture-et-enduit\/traitement-bois-et-pierre-ecologique\/"},{"@type":"ListItem","position":5,"name":"Gel decapant non nocif DECAP&rsquo;NAT de Natura"}]},{"@type":"WebSite","@id":"https:\/\/nature-et-developpement.com\/mbc\/#website","url":"https:\/\/nature-et-developpement.com\/mbc\/","name":"MBC","description":"MBC est membre du groupement Nature &amp; D\u00e9veloppement","publisher":{"@id":"https:\/\/nature-et-developpement.com\/mbc\/#organization"},"potentialAction":[{"@type":"SearchAction","target":{"@type":"EntryPoint","urlTemplate":"https:\/\/nature-et-developpement.com\/mbc\/?s={search_term_string}"},"query-input":{"@type":"PropertyValueSpecification","valueRequired":true,"valueName":"search_term_string"}}],"inLanguage":"fr-FR"},{"@type":"Organization","@id":"https:\/\/nature-et-developpement.com\/mbc\/#organization","name":"MBC Mat\u00e9riaux Biosourc\u00e9s de Construction","url":"https:\/\/nature-et-developpement.com\/mbc\/","logo":{"@type":"ImageObject","inLanguage":"fr-FR","@id":"https:\/\/nature-et-developpement.com\/mbc\/#\/schema\/logo\/image\/","url":"https:\/\/nature-et-developpement.com\/mbc\/wp-content\/uploads\/sites\/18\/2021\/09\/cropped-MBC-2019-03.jpg","contentUrl":"https:\/\/nature-et-developpement.com\/mbc\/wp-content\/uploads\/sites\/18\/2021\/09\/cropped-MBC-2019-03.jpg","width":512,"height":512,"caption":"MBC Mat\u00e9riaux Biosourc\u00e9s de Construction"},"image":{"@id":"https:\/\/nature-et-developpement.com\/mbc\/#\/schema\/logo\/image\/"}}]}},"distributor_meta":false,"distributor_terms":false,"distributor_media":false,"distributor_original_site_name":"MBC","distributor_original_site_url":"https:\/\/nature-et-developpement.com\/mbc","push-errors":false,"_links":{"self":[{"href":"https:\/\/nature-et-developpement.com\/mbc\/wp-json\/wp\/v2\/product\/4050","targetHints":{"allow":["GET"]}}],"collection":[{"href":"https:\/\/nature-et-developpement.com\/mbc\/wp-json\/wp\/v2\/product"}],"about":[{"href":"https:\/\/nature-et-developpement.com\/mbc\/wp-json\/wp\/v2\/types\/product"}],"wp:featuredmedia":[{"embeddable":true,"href":"https:\/\/nature-et-developpement.com\/mbc\/wp-json\/"}],"wp:attachment":[{"href":"https:\/\/nature-et-developpement.com\/mbc\/wp-json\/wp\/v2\/media?parent=4050"}],"wp:term":[{"taxonomy":"product_brand","embeddable":true,"href":"https:\/\/nature-et-developpement.com\/mbc\/wp-json\/wp\/v2\/product_brand?post=4050"},{"taxonomy":"product_cat","embeddable":true,"href":"https:\/\/nature-et-developpement.com\/mbc\/wp-json\/wp\/v2\/product_cat?post=4050"},{"taxonomy":"product_tag","embeddable":true,"href":"https:\/\/nature-et-developpement.com\/mbc\/wp-json\/wp\/v2\/product_tag?post=4050"}],"curies":[{"name":"wp","href":"https:\/\/api.w.org\/{rel}","templated":true}]}}