{"id":10290,"date":"2017-01-01T00:00:00","date_gmt":"2016-12-31T23:00:00","guid":{"rendered":"https:\/\/nature-et-developpement.com\/mndl\/produit\/mini-encastre-led-2w-interieur\/"},"modified":"2026-03-06T15:00:34","modified_gmt":"2026-03-06T14:00:34","slug":"mini-encastre-led-fixe-interieur-2w-gamme-cachou","status":"publish","type":"product","link":"https:\/\/nature-et-developpement.com\/mndl\/produit\/mini-encastre-led-fixe-interieur-2w-gamme-cachou\/","title":{"rendered":"Mini spot LED encastrable fixe int\u00e9rieur 2W gamme CACHOU"},"content":{"rendered":"<h2>Taille mini, effet maxi<\/h2>\n<p>L&rsquo;encastr\u00e9 LED 2W de la gamme CACHOU, enti\u00e8rement en aluminium usin\u00e9 dans la masse.<\/p>\n<p>Il vous apporte un \u00e9clairage pr\u00e9cis et efficace avec des dimensions extr\u00eamement r\u00e9duites (per\u00e7age \u00d827mm).<\/p>\n<p>Il se pilote en s\u00e9rie derri\u00e8re un convertisseur de courant 500mA \u00e0 choisir en fonction du nombre de spots que vous souhaitez raccorder, et si vous voulez des options telles que de la variation.<\/p>\n<p>Si vous devez travailler dans une pi\u00e8ce humide telle qu&rsquo;une salle de bain ou un SPA.<\/p>\n<p>Si vous souhaitez compl\u00e9ter un kit douche CACHOU, il faudra plut\u00f4t utiliser la version tropicalis\u00e9e de ce spot.<\/p>\n<h4>O\u00f9 utiliser les encastr\u00e9s Cachous ?<\/h4>\n<p>Vous pouvez les utiliser en l\u00e8che mur pour amener un coup de peps lumineux \u00e0 une pi\u00e8ce, dans une chambre, dans le salon (le mur derri\u00e8re la TV), pour r\u00e9tro-\u00e9clairer une hotte de chemin\u00e9e.<\/p>\n<p>Une autre application tr\u00e8s sympa est une implantation au dessus d&rsquo;un p\u00f4le central de cuisine, surtout si vous avez un d\u00e9caiss\u00e9 de plafond.<\/p>\n<p>Surlignez le tour de ce caisson avec des Cachous, votre plan de travail sera en plus extr\u00eamement bien \u00e9clair\u00e9 pour y travailler.<\/p>\n<h4>Vous souhaitez \u00e9clairer un mur ?<\/h4>\n<p>Les questions \u00e0 vous poser pour savoir si le Cachou est adapt\u00e9 \u00e0 votre besoin.<\/p>\n<p>Votre mur doit \u00eatre d&rsquo;une hauteur de 2,5m maximum.<\/p>\n<p>Sa couleur doit \u00eatre relativement claire et si il y a une pierre de parement, il faut mieux que les reliefs ne soient pas trop prononc\u00e9s.<\/p>\n<p>Si vous ne respectez pas ces crit\u00e8res, peut-\u00eatre vaudra-t-il mieux vous diriger vers la gamme V\u00e9ron\u00e8ze.<\/p>\n<p>Un spot l\u00e9g\u00e8rement plus gros (\u00d838mm au lieu de 27mm) et surtout beaucoup plus puissant.<\/p>\n<p>Derni\u00e8re chose, en \u00e9clairage l\u00e8che mur, le Cachou doit \u00eatre id\u00e9alement implant\u00e9 entre 5 et 8 cm du bord du mur \u00e0 \u00e9clairer.<\/p>\n<p>Spot fabriqu\u00e9 en France et r\u00e9parable en fin de vie.<\/p>\n<p>&nbsp;<\/p>\n<h3>Convertisseur d\u00e9cal\u00e9<\/h3>\n<p>En pratique, qu\u2019est-ce que \u00e7a veut dire ?<\/p>\n<p>Vous \u00e9tiez habitu\u00e9 \u00e0 remplacer des lampes en maintenance.<\/p>\n<p>Avec la dur\u00e9e de vie vraiment importante des LED, c\u2019est plut\u00f4t les alimentations qui se remplacent en maintenance.<\/p>\n<p>Associer les alimentations aux spots implique que vous allez devoir jeter un ensemble alors que la LED est sans doute encore fonctionnelle, mais votre alimentation a rendu l\u2019\u00e2me&#8230;<\/p>\n<p>Second probl\u00e8me, une LED \u00e7a chauffe. M\u00eame si c\u2019est moins que les ampoules incandescentes. La chaleur se propage dans le spot et sur l\u2019alimentation.<\/p>\n<p>Hors, qu\u2019est-ce qui, selon vous, r\u00e9duit la dur\u00e9e de vie d\u2019une alimentation\u00a0? Et oui, la chaleur\u00a0!<\/p>\n<p>Et dernier probl\u00e8me mais pas le moindre : le rayonnement \u00e9lectromagn\u00e9tique des alimentations.<\/p>\n<p>Toutes ces alimentations, enferm\u00e9es dans vos spots, rayonnent gaiement au- dessus de vos t\u00eates.<\/p>\n<p>Surtout lorsque vous\u00a0 faites de la variation.<\/p>\n<p>Il vaut donc mieux avoir 1 seule alimentation qui rayonne loin de vous, dans votre garage par exemple.<\/p>\n<p>Elle sera beaucoup mieux ventil\u00e9e qu\u2019enferm\u00e9e dans un spot, et durera beaucoup plus longtemps.<\/p>\n<p>Une seule alimentation, c\u2019est \u00e9galement moins de composants \u00e9lectroniques utilis\u00e9s et globalement moins de rayonnement.<\/p>\n<p>Il suffit ensuite de remplacer la LED dans votre spot une fois tous les 20-30 ans (suivant la dur\u00e9e d\u2019utilisation journali\u00e8re du luminaire).<\/p>\n<p>Tout cela est beaucoup plus \u00e9colo qu\u2019un spot LED direct 230V implant\u00e9 sous un isolant, dont la dur\u00e9e de vie sera r\u00e9duite, et dont tous les composants seront jet\u00e9s \u00e0 chaque renouv\u00e8lement de produit&#8230;<\/p>\n","protected":false},"excerpt":{"rendered":"<p>Ce nouvel encastr\u00e9 est utilisable en ras de mur pour cr\u00e9er vos ambiances.<br \/>\nIl peut \u00e9galement \u00eatre utilis\u00e9 dans les pergolas ou pour cr\u00e9er un cheminement.<\/p>\n<p><img loading=\"lazy\" decoding=\"async\" class=\"alignnone size-full wp-image-158959\" src=\"https:\/\/nature-et-developpement.com\/wp-content\/uploads\/100-reparable-FD-Eclairage.jpg\" alt=\"\" width=\"100\" height=\"100\" \/><\/p>\n","protected":false},"featured_media":1000000158836,"template":"","meta":[],"product_brand":[2746],"product_cat":[662],"product_tag":[],"class_list":{"0":"post-10290","1":"product","2":"type-product","3":"status-publish","4":"has-post-thumbnail","6":"product_brand-fd-eclairage","7":"product_cat-eclairage","8":"product_shipping_class-petit-equipement-outil-eclairage","10":"first","11":"instock","12":"taxable","13":"shipping-taxable","14":"purchasable","15":"product-type-variable"},"yoast_head":"<!-- This site is optimized with the Yoast SEO plugin v27.5 - https:\/\/yoast.com\/product\/yoast-seo-wordpress\/ -->\n<title>Mini spot LED encastrable fixe int\u00e9rieur 2W gamme CACHOU<\/title>\n<meta name=\"description\" content=\"Ce nouvel encastr\u00e9 est utilisable en ras de mur pour cr\u00e9er vos ambiances. Il peut \u00e9galement \u00eatre utilis\u00e9 dans les pergolas ou pour cr\u00e9er un cheminement.\" \/>\n<meta name=\"robots\" content=\"noindex, nofollow\" \/>\n<meta property=\"og:locale\" content=\"fr_FR\" \/>\n<meta property=\"og:type\" content=\"article\" \/>\n<meta property=\"og:title\" content=\"Mini spot LED encastrable fixe int\u00e9rieur 2W gamme CACHOU\" \/>\n<meta property=\"og:description\" content=\"Ce nouvel encastr\u00e9 est utilisable en ras de mur pour cr\u00e9er vos ambiances. Il peut \u00e9galement \u00eatre utilis\u00e9 dans les pergolas ou pour cr\u00e9er un cheminement.\" \/>\n<meta property=\"og:url\" content=\"https:\/\/nature-et-developpement.com\/mndl\/produit\/mini-encastre-led-fixe-interieur-2w-gamme-cachou\/\" \/>\n<meta property=\"og:site_name\" content=\"Mat\u00e9riaux Naturels de Lorraine\" \/>\n<meta property=\"article:modified_time\" content=\"2026-03-06T14:00:34+00:00\" \/>\n<meta name=\"twitter:card\" content=\"summary_large_image\" \/>\n<meta name=\"twitter:label1\" content=\"Dur\u00e9e de lecture estim\u00e9e\" \/>\n\t<meta name=\"twitter:data1\" content=\"2 minutes\" \/>\n<script type=\"application\/ld+json\" class=\"yoast-schema-graph\">{\"@context\":\"https:\\\/\\\/schema.org\",\"@graph\":[{\"@type\":\"WebPage\",\"@id\":\"https:\\\/\\\/nature-et-developpement.com\\\/mndl\\\/produit\\\/mini-encastre-led-fixe-interieur-2w-gamme-cachou\\\/\",\"url\":\"https:\\\/\\\/nature-et-developpement.com\\\/mndl\\\/produit\\\/mini-encastre-led-fixe-interieur-2w-gamme-cachou\\\/\",\"name\":\"Mini spot LED encastrable fixe int\u00e9rieur 2W gamme CACHOU\",\"isPartOf\":{\"@id\":\"https:\\\/\\\/nature-et-developpement.com\\\/mndl\\\/#website\"},\"primaryImageOfPage\":{\"@id\":\"https:\\\/\\\/nature-et-developpement.com\\\/mndl\\\/produit\\\/mini-encastre-led-fixe-interieur-2w-gamme-cachou\\\/#primaryimage\"},\"image\":{\"@id\":\"https:\\\/\\\/nature-et-developpement.com\\\/mndl\\\/produit\\\/mini-encastre-led-fixe-interieur-2w-gamme-cachou\\\/#primaryimage\"},\"thumbnailUrl\":\"https:\\\/\\\/nature-et-developpement.com\\\/mndl\\\/wp-content\\\/uploads\\\/2W-SPOT-ENCASTRE-CACHOU.jpg\",\"datePublished\":\"2016-12-31T23:00:00+00:00\",\"dateModified\":\"2026-03-06T14:00:34+00:00\",\"description\":\"Ce nouvel encastr\u00e9 est utilisable en ras de mur pour cr\u00e9er vos ambiances. Il peut \u00e9galement \u00eatre utilis\u00e9 dans les pergolas ou pour cr\u00e9er un cheminement.\",\"breadcrumb\":{\"@id\":\"https:\\\/\\\/nature-et-developpement.com\\\/mndl\\\/produit\\\/mini-encastre-led-fixe-interieur-2w-gamme-cachou\\\/#breadcrumb\"},\"inLanguage\":\"fr-FR\",\"potentialAction\":[{\"@type\":\"ReadAction\",\"target\":[\"https:\\\/\\\/nature-et-developpement.com\\\/mndl\\\/produit\\\/mini-encastre-led-fixe-interieur-2w-gamme-cachou\\\/\"]}]},{\"@type\":\"ImageObject\",\"inLanguage\":\"fr-FR\",\"@id\":\"https:\\\/\\\/nature-et-developpement.com\\\/mndl\\\/produit\\\/mini-encastre-led-fixe-interieur-2w-gamme-cachou\\\/#primaryimage\",\"url\":\"https:\\\/\\\/nature-et-developpement.com\\\/mndl\\\/wp-content\\\/uploads\\\/2W-SPOT-ENCASTRE-CACHOU.jpg\",\"contentUrl\":\"https:\\\/\\\/nature-et-developpement.com\\\/mndl\\\/wp-content\\\/uploads\\\/2W-SPOT-ENCASTRE-CACHOU.jpg\"},{\"@type\":\"BreadcrumbList\",\"@id\":\"https:\\\/\\\/nature-et-developpement.com\\\/mndl\\\/produit\\\/mini-encastre-led-fixe-interieur-2w-gamme-cachou\\\/#breadcrumb\",\"itemListElement\":[{\"@type\":\"ListItem\",\"position\":1,\"name\":\"Accueil\",\"item\":\"https:\\\/\\\/nature-et-developpement.com\\\/mndl\\\/\"},{\"@type\":\"ListItem\",\"position\":2,\"name\":\"Produits\",\"item\":\"https:\\\/\\\/nature-et-developpement.com\\\/mndl\\\/shop\\\/\"},{\"@type\":\"ListItem\",\"position\":3,\"name\":\"Chauffage, eau et \u00e9nergie\",\"item\":\"https:\\\/\\\/nature-et-developpement.com\\\/mndl\\\/produits\\\/energie-et-ventilation\\\/\"},{\"@type\":\"ListItem\",\"position\":4,\"name\":\"Lampe, lumi\u00e8re, \u00e9clairage LED et puit de lumi\u00e8re\",\"item\":\"https:\\\/\\\/nature-et-developpement.com\\\/mndl\\\/produits\\\/energie-et-ventilation\\\/eclairage\\\/\"},{\"@type\":\"ListItem\",\"position\":5,\"name\":\"Mini spot LED encastrable fixe int\u00e9rieur 2W gamme CACHOU\"}]},{\"@type\":\"WebSite\",\"@id\":\"https:\\\/\\\/nature-et-developpement.com\\\/mndl\\\/#website\",\"url\":\"https:\\\/\\\/nature-et-developpement.com\\\/mndl\\\/\",\"name\":\"Mat\u00e9riaux Naturels de Lorraine\",\"description\":\"Mat\u00e9riaux Naturels de Lorraine est membre du groupement Nature &amp; D\u00e9veloppement\",\"publisher\":{\"@id\":\"https:\\\/\\\/nature-et-developpement.com\\\/mndl\\\/#organization\"},\"potentialAction\":[{\"@type\":\"SearchAction\",\"target\":{\"@type\":\"EntryPoint\",\"urlTemplate\":\"https:\\\/\\\/nature-et-developpement.com\\\/mndl\\\/?s={search_term_string}\"},\"query-input\":{\"@type\":\"PropertyValueSpecification\",\"valueRequired\":true,\"valueName\":\"search_term_string\"}}],\"inLanguage\":\"fr-FR\"},{\"@type\":\"Organization\",\"@id\":\"https:\\\/\\\/nature-et-developpement.com\\\/mndl\\\/#organization\",\"name\":\"Mat\u00e9riaux Naturels de Lorraine\",\"url\":\"https:\\\/\\\/nature-et-developpement.com\\\/mndl\\\/\",\"logo\":{\"@type\":\"ImageObject\",\"inLanguage\":\"fr-FR\",\"@id\":\"https:\\\/\\\/nature-et-developpement.com\\\/mndl\\\/#\\\/schema\\\/logo\\\/image\\\/\",\"url\":\"https:\\\/\\\/nature-et-developpement.com\\\/mndl\\\/wp-content\\\/uploads\\\/sites\\\/7\\\/2021\\\/09\\\/logo-materiaux-naturels-de-lorraine.png\",\"contentUrl\":\"https:\\\/\\\/nature-et-developpement.com\\\/mndl\\\/wp-content\\\/uploads\\\/sites\\\/7\\\/2021\\\/09\\\/logo-materiaux-naturels-de-lorraine.png\",\"width\":1924,\"height\":1668,\"caption\":\"Mat\u00e9riaux Naturels de Lorraine\"},\"image\":{\"@id\":\"https:\\\/\\\/nature-et-developpement.com\\\/mndl\\\/#\\\/schema\\\/logo\\\/image\\\/\"}}]}<\/script>\n<!-- \/ Yoast SEO plugin. -->","yoast_head_json":{"title":"Mini spot LED encastrable fixe int\u00e9rieur 2W gamme CACHOU","description":"Ce nouvel encastr\u00e9 est utilisable en ras de mur pour cr\u00e9er vos ambiances. Il peut \u00e9galement \u00eatre utilis\u00e9 dans les pergolas ou pour cr\u00e9er un cheminement.","robots":{"index":"noindex","follow":"nofollow"},"og_locale":"fr_FR","og_type":"article","og_title":"Mini spot LED encastrable fixe int\u00e9rieur 2W gamme CACHOU","og_description":"Ce nouvel encastr\u00e9 est utilisable en ras de mur pour cr\u00e9er vos ambiances. Il peut \u00e9galement \u00eatre utilis\u00e9 dans les pergolas ou pour cr\u00e9er un cheminement.","og_url":"https:\/\/nature-et-developpement.com\/mndl\/produit\/mini-encastre-led-fixe-interieur-2w-gamme-cachou\/","og_site_name":"Mat\u00e9riaux Naturels de Lorraine","article_modified_time":"2026-03-06T14:00:34+00:00","twitter_card":"summary_large_image","twitter_misc":{"Dur\u00e9e de lecture estim\u00e9e":"2 minutes"},"schema":{"@context":"https:\/\/schema.org","@graph":[{"@type":"WebPage","@id":"https:\/\/nature-et-developpement.com\/mndl\/produit\/mini-encastre-led-fixe-interieur-2w-gamme-cachou\/","url":"https:\/\/nature-et-developpement.com\/mndl\/produit\/mini-encastre-led-fixe-interieur-2w-gamme-cachou\/","name":"Mini spot LED encastrable fixe int\u00e9rieur 2W gamme CACHOU","isPartOf":{"@id":"https:\/\/nature-et-developpement.com\/mndl\/#website"},"primaryImageOfPage":{"@id":"https:\/\/nature-et-developpement.com\/mndl\/produit\/mini-encastre-led-fixe-interieur-2w-gamme-cachou\/#primaryimage"},"image":{"@id":"https:\/\/nature-et-developpement.com\/mndl\/produit\/mini-encastre-led-fixe-interieur-2w-gamme-cachou\/#primaryimage"},"thumbnailUrl":"https:\/\/nature-et-developpement.com\/mndl\/wp-content\/uploads\/2W-SPOT-ENCASTRE-CACHOU.jpg","datePublished":"2016-12-31T23:00:00+00:00","dateModified":"2026-03-06T14:00:34+00:00","description":"Ce nouvel encastr\u00e9 est utilisable en ras de mur pour cr\u00e9er vos ambiances. Il peut \u00e9galement \u00eatre utilis\u00e9 dans les pergolas ou pour cr\u00e9er un cheminement.","breadcrumb":{"@id":"https:\/\/nature-et-developpement.com\/mndl\/produit\/mini-encastre-led-fixe-interieur-2w-gamme-cachou\/#breadcrumb"},"inLanguage":"fr-FR","potentialAction":[{"@type":"ReadAction","target":["https:\/\/nature-et-developpement.com\/mndl\/produit\/mini-encastre-led-fixe-interieur-2w-gamme-cachou\/"]}]},{"@type":"ImageObject","inLanguage":"fr-FR","@id":"https:\/\/nature-et-developpement.com\/mndl\/produit\/mini-encastre-led-fixe-interieur-2w-gamme-cachou\/#primaryimage","url":"https:\/\/nature-et-developpement.com\/mndl\/wp-content\/uploads\/2W-SPOT-ENCASTRE-CACHOU.jpg","contentUrl":"https:\/\/nature-et-developpement.com\/mndl\/wp-content\/uploads\/2W-SPOT-ENCASTRE-CACHOU.jpg"},{"@type":"BreadcrumbList","@id":"https:\/\/nature-et-developpement.com\/mndl\/produit\/mini-encastre-led-fixe-interieur-2w-gamme-cachou\/#breadcrumb","itemListElement":[{"@type":"ListItem","position":1,"name":"Accueil","item":"https:\/\/nature-et-developpement.com\/mndl\/"},{"@type":"ListItem","position":2,"name":"Produits","item":"https:\/\/nature-et-developpement.com\/mndl\/shop\/"},{"@type":"ListItem","position":3,"name":"Chauffage, eau et \u00e9nergie","item":"https:\/\/nature-et-developpement.com\/mndl\/produits\/energie-et-ventilation\/"},{"@type":"ListItem","position":4,"name":"Lampe, lumi\u00e8re, \u00e9clairage LED et puit de lumi\u00e8re","item":"https:\/\/nature-et-developpement.com\/mndl\/produits\/energie-et-ventilation\/eclairage\/"},{"@type":"ListItem","position":5,"name":"Mini spot LED encastrable fixe int\u00e9rieur 2W gamme CACHOU"}]},{"@type":"WebSite","@id":"https:\/\/nature-et-developpement.com\/mndl\/#website","url":"https:\/\/nature-et-developpement.com\/mndl\/","name":"Mat\u00e9riaux Naturels de Lorraine","description":"Mat\u00e9riaux Naturels de Lorraine est membre du groupement Nature &amp; D\u00e9veloppement","publisher":{"@id":"https:\/\/nature-et-developpement.com\/mndl\/#organization"},"potentialAction":[{"@type":"SearchAction","target":{"@type":"EntryPoint","urlTemplate":"https:\/\/nature-et-developpement.com\/mndl\/?s={search_term_string}"},"query-input":{"@type":"PropertyValueSpecification","valueRequired":true,"valueName":"search_term_string"}}],"inLanguage":"fr-FR"},{"@type":"Organization","@id":"https:\/\/nature-et-developpement.com\/mndl\/#organization","name":"Mat\u00e9riaux Naturels de Lorraine","url":"https:\/\/nature-et-developpement.com\/mndl\/","logo":{"@type":"ImageObject","inLanguage":"fr-FR","@id":"https:\/\/nature-et-developpement.com\/mndl\/#\/schema\/logo\/image\/","url":"https:\/\/nature-et-developpement.com\/mndl\/wp-content\/uploads\/sites\/7\/2021\/09\/logo-materiaux-naturels-de-lorraine.png","contentUrl":"https:\/\/nature-et-developpement.com\/mndl\/wp-content\/uploads\/sites\/7\/2021\/09\/logo-materiaux-naturels-de-lorraine.png","width":1924,"height":1668,"caption":"Mat\u00e9riaux Naturels de Lorraine"},"image":{"@id":"https:\/\/nature-et-developpement.com\/mndl\/#\/schema\/logo\/image\/"}}]}},"distributor_meta":false,"distributor_terms":false,"distributor_media":false,"distributor_original_site_name":"Mat\u00e9riaux Naturels de Lorraine","distributor_original_site_url":"https:\/\/nature-et-developpement.com\/mndl","push-errors":false,"_links":{"self":[{"href":"https:\/\/nature-et-developpement.com\/mndl\/wp-json\/wp\/v2\/product\/10290","targetHints":{"allow":["GET"]}}],"collection":[{"href":"https:\/\/nature-et-developpement.com\/mndl\/wp-json\/wp\/v2\/product"}],"about":[{"href":"https:\/\/nature-et-developpement.com\/mndl\/wp-json\/wp\/v2\/types\/product"}],"wp:featuredmedia":[{"embeddable":true,"href":"https:\/\/nature-et-developpement.com\/mndl\/wp-json\/"}],"wp:attachment":[{"href":"https:\/\/nature-et-developpement.com\/mndl\/wp-json\/wp\/v2\/media?parent=10290"}],"wp:term":[{"taxonomy":"product_brand","embeddable":true,"href":"https:\/\/nature-et-developpement.com\/mndl\/wp-json\/wp\/v2\/product_brand?post=10290"},{"taxonomy":"product_cat","embeddable":true,"href":"https:\/\/nature-et-developpement.com\/mndl\/wp-json\/wp\/v2\/product_cat?post=10290"},{"taxonomy":"product_tag","embeddable":true,"href":"https:\/\/nature-et-developpement.com\/mndl\/wp-json\/wp\/v2\/product_tag?post=10290"}],"curies":[{"name":"wp","href":"https:\/\/api.w.org\/{rel}","templated":true}]}}