{"id":11424,"date":"2020-11-24T12:26:20","date_gmt":"2020-11-24T11:26:20","guid":{"rendered":"https:\/\/nature-et-developpement.com\/mndl\/produit\/foret-fraisoir-pour-terrasse-heco\/"},"modified":"2025-06-13T09:41:09","modified_gmt":"2025-06-13T07:41:09","slug":"foret-fraisoir-pour-terrasse-heco","status":"publish","type":"product","link":"https:\/\/nature-et-developpement.com\/mndl\/produit\/foret-fraisoir-pour-terrasse-heco\/","title":{"rendered":"Foret fraisoir pour lames de terrasse HECO"},"content":{"rendered":"<h2>Foret fraisoir pour lames de terrasse HECO<\/h2>\n<p>Ce foret fraisoir de HECO\u00ae est compos\u00e9 d\u2019un foret \u00e0 bois de 4mm de diam\u00e8tre r\u00e9glable en profondeur pour le pr\u00e9-per\u00e7age des trous de vis, d\u2019un fraisoir et d\u2019une but\u00e9e de profondeur mobile en PVC de haute qualit\u00e9, \u00e9vitant les traces lors du contact avec le support<\/p>\n<p>Celui-ci combine per\u00e7age et fraisage<\/p>\n<p>Un travail rapide et propre sans \u00e9clats<\/p>\n<p>Pas de fissuration de la lame de terrasse<\/p>\n<p><strong>Foret de rechange disponible<\/strong><\/p>\n","protected":false},"excerpt":{"rendered":"<p>Des lames de terrasse rapidement et proprement mont\u00e9es.<\/p>\n<p>Ce foret fraisoir de HECO\u00ae est compos\u00e9 d\u2019un foret \u00e0 bois de 4mm de diam\u00e8tre r\u00e9glable en profondeur pour le pr\u00e9-per\u00e7age des trous de vis, d\u2019un fraisoir et d\u2019une but\u00e9e de profondeur mobile en PVC de haute qualit\u00e9, \u00e9vitant les traces lors du contact avec le support (foret de rechange disponible).<\/p>\n","protected":false},"featured_media":1000000168942,"template":"","meta":[],"product_brand":[2750],"product_cat":[2491,48,748],"product_tag":[4086],"class_list":{"0":"post-11424","1":"product","2":"type-product","3":"status-publish","4":"has-post-thumbnail","6":"product_brand-heco","7":"product_cat-accessoires-agencement-exterieur","8":"product_cat-agencement-exterieur","9":"product_cat-outillage","10":"product_tag-terrasse","11":"product_shipping_class-petit-equipement-outil-eclairage","13":"first","14":"instock","15":"taxable","16":"shipping-taxable","17":"purchasable","18":"product-type-variable"},"yoast_head":"<!-- This site is optimized with the Yoast SEO plugin v27.5 - https:\/\/yoast.com\/product\/yoast-seo-wordpress\/ -->\n<title>Foret fraisoir pour lames de terrasse HECO<\/title>\n<meta name=\"description\" content=\"Des lames de terrasse rapidement et proprement mont\u00e9es.  Ce foret fraisoir de HECO\u00ae est compos\u00e9 d\u2019un foret \u00e0 bois de 4mm de diam\u00e8tre r\u00e9glable en profondeur pour le pr\u00e9-per\u00e7age des trous de vis, d\u2019un fraisoir et d\u2019une but\u00e9e de profondeur mobile en PVC de haute qualit\u00e9, \u00e9vitant les traces lors du contact avec le support (foret de rechange disponible).\" \/>\n<meta name=\"robots\" content=\"noindex, follow\" \/>\n<meta property=\"og:locale\" content=\"fr_FR\" \/>\n<meta property=\"og:type\" content=\"article\" \/>\n<meta property=\"og:title\" content=\"Foret fraisoir pour lames de terrasse HECO\" \/>\n<meta property=\"og:description\" content=\"Des lames de terrasse rapidement et proprement mont\u00e9es.  Ce foret fraisoir de HECO\u00ae est compos\u00e9 d\u2019un foret \u00e0 bois de 4mm de diam\u00e8tre r\u00e9glable en profondeur pour le pr\u00e9-per\u00e7age des trous de vis, d\u2019un fraisoir et d\u2019une but\u00e9e de profondeur mobile en PVC de haute qualit\u00e9, \u00e9vitant les traces lors du contact avec le support (foret de rechange disponible).\" \/>\n<meta property=\"og:url\" content=\"https:\/\/nature-et-developpement.com\/mndl\/produit\/foret-fraisoir-pour-terrasse-heco\/\" \/>\n<meta property=\"og:site_name\" content=\"Mat\u00e9riaux Naturels de Lorraine\" \/>\n<meta property=\"article:modified_time\" content=\"2025-06-13T07:41:09+00:00\" \/>\n<meta name=\"twitter:card\" content=\"summary_large_image\" \/>\n<meta name=\"twitter:label1\" content=\"Dur\u00e9e de lecture estim\u00e9e\" \/>\n\t<meta name=\"twitter:data1\" content=\"1 minute\" \/>\n<script type=\"application\/ld+json\" class=\"yoast-schema-graph\">{\"@context\":\"https:\\\/\\\/schema.org\",\"@graph\":[{\"@type\":\"WebPage\",\"@id\":\"https:\\\/\\\/nature-et-developpement.com\\\/mndl\\\/produit\\\/foret-fraisoir-pour-terrasse-heco\\\/\",\"url\":\"https:\\\/\\\/nature-et-developpement.com\\\/mndl\\\/produit\\\/foret-fraisoir-pour-terrasse-heco\\\/\",\"name\":\"Foret fraisoir pour lames de terrasse HECO\",\"isPartOf\":{\"@id\":\"https:\\\/\\\/nature-et-developpement.com\\\/mndl\\\/#website\"},\"primaryImageOfPage\":{\"@id\":\"https:\\\/\\\/nature-et-developpement.com\\\/mndl\\\/produit\\\/foret-fraisoir-pour-terrasse-heco\\\/#primaryimage\"},\"image\":{\"@id\":\"https:\\\/\\\/nature-et-developpement.com\\\/mndl\\\/produit\\\/foret-fraisoir-pour-terrasse-heco\\\/#primaryimage\"},\"thumbnailUrl\":\"https:\\\/\\\/nature-et-developpement.com\\\/mndl\\\/wp-content\\\/uploads\\\/Foret-fraisoir-pour-terrasse-HECO.jpg\",\"datePublished\":\"2020-11-24T11:26:20+00:00\",\"dateModified\":\"2025-06-13T07:41:09+00:00\",\"description\":\"Des lames de terrasse rapidement et proprement mont\u00e9es. Ce foret fraisoir de HECO\u00ae est compos\u00e9 d\u2019un foret \u00e0 bois de 4mm de diam\u00e8tre r\u00e9glable en profondeur pour le pr\u00e9-per\u00e7age des trous de vis, d\u2019un fraisoir et d\u2019une but\u00e9e de profondeur mobile en PVC de haute qualit\u00e9, \u00e9vitant les traces lors du contact avec le support (foret de rechange disponible).\",\"breadcrumb\":{\"@id\":\"https:\\\/\\\/nature-et-developpement.com\\\/mndl\\\/produit\\\/foret-fraisoir-pour-terrasse-heco\\\/#breadcrumb\"},\"inLanguage\":\"fr-FR\",\"potentialAction\":[{\"@type\":\"ReadAction\",\"target\":[\"https:\\\/\\\/nature-et-developpement.com\\\/mndl\\\/produit\\\/foret-fraisoir-pour-terrasse-heco\\\/\"]}]},{\"@type\":\"ImageObject\",\"inLanguage\":\"fr-FR\",\"@id\":\"https:\\\/\\\/nature-et-developpement.com\\\/mndl\\\/produit\\\/foret-fraisoir-pour-terrasse-heco\\\/#primaryimage\",\"url\":\"https:\\\/\\\/nature-et-developpement.com\\\/mndl\\\/wp-content\\\/uploads\\\/Foret-fraisoir-pour-terrasse-HECO.jpg\",\"contentUrl\":\"https:\\\/\\\/nature-et-developpement.com\\\/mndl\\\/wp-content\\\/uploads\\\/Foret-fraisoir-pour-terrasse-HECO.jpg\"},{\"@type\":\"BreadcrumbList\",\"@id\":\"https:\\\/\\\/nature-et-developpement.com\\\/mndl\\\/produit\\\/foret-fraisoir-pour-terrasse-heco\\\/#breadcrumb\",\"itemListElement\":[{\"@type\":\"ListItem\",\"position\":1,\"name\":\"Accueil\",\"item\":\"https:\\\/\\\/nature-et-developpement.com\\\/mndl\\\/\"},{\"@type\":\"ListItem\",\"position\":2,\"name\":\"Produits\",\"item\":\"https:\\\/\\\/nature-et-developpement.com\\\/mndl\\\/shop\\\/\"},{\"@type\":\"ListItem\",\"position\":3,\"name\":\"Agencement ext\u00e9rieur\",\"item\":\"https:\\\/\\\/nature-et-developpement.com\\\/mndl\\\/produits\\\/agencement-exterieur\\\/\"},{\"@type\":\"ListItem\",\"position\":4,\"name\":\"Accessoires agencement ext\u00e9rieur\",\"item\":\"https:\\\/\\\/nature-et-developpement.com\\\/mndl\\\/produits\\\/agencement-exterieur\\\/accessoires-agencement-exterieur\\\/\"},{\"@type\":\"ListItem\",\"position\":5,\"name\":\"Foret fraisoir pour lames de terrasse HECO\"}]},{\"@type\":\"WebSite\",\"@id\":\"https:\\\/\\\/nature-et-developpement.com\\\/mndl\\\/#website\",\"url\":\"https:\\\/\\\/nature-et-developpement.com\\\/mndl\\\/\",\"name\":\"Mat\u00e9riaux Naturels de Lorraine\",\"description\":\"Mat\u00e9riaux Naturels de Lorraine est membre du groupement Nature &amp; D\u00e9veloppement\",\"publisher\":{\"@id\":\"https:\\\/\\\/nature-et-developpement.com\\\/mndl\\\/#organization\"},\"potentialAction\":[{\"@type\":\"SearchAction\",\"target\":{\"@type\":\"EntryPoint\",\"urlTemplate\":\"https:\\\/\\\/nature-et-developpement.com\\\/mndl\\\/?s={search_term_string}\"},\"query-input\":{\"@type\":\"PropertyValueSpecification\",\"valueRequired\":true,\"valueName\":\"search_term_string\"}}],\"inLanguage\":\"fr-FR\"},{\"@type\":\"Organization\",\"@id\":\"https:\\\/\\\/nature-et-developpement.com\\\/mndl\\\/#organization\",\"name\":\"Mat\u00e9riaux Naturels de Lorraine\",\"url\":\"https:\\\/\\\/nature-et-developpement.com\\\/mndl\\\/\",\"logo\":{\"@type\":\"ImageObject\",\"inLanguage\":\"fr-FR\",\"@id\":\"https:\\\/\\\/nature-et-developpement.com\\\/mndl\\\/#\\\/schema\\\/logo\\\/image\\\/\",\"url\":\"https:\\\/\\\/nature-et-developpement.com\\\/mndl\\\/wp-content\\\/uploads\\\/sites\\\/7\\\/2021\\\/09\\\/logo-materiaux-naturels-de-lorraine.png\",\"contentUrl\":\"https:\\\/\\\/nature-et-developpement.com\\\/mndl\\\/wp-content\\\/uploads\\\/sites\\\/7\\\/2021\\\/09\\\/logo-materiaux-naturels-de-lorraine.png\",\"width\":1924,\"height\":1668,\"caption\":\"Mat\u00e9riaux Naturels de Lorraine\"},\"image\":{\"@id\":\"https:\\\/\\\/nature-et-developpement.com\\\/mndl\\\/#\\\/schema\\\/logo\\\/image\\\/\"}}]}<\/script>\n<!-- \/ Yoast SEO plugin. -->","yoast_head_json":{"title":"Foret fraisoir pour lames de terrasse HECO","description":"Des lames de terrasse rapidement et proprement mont\u00e9es.  Ce foret fraisoir de HECO\u00ae est compos\u00e9 d\u2019un foret \u00e0 bois de 4mm de diam\u00e8tre r\u00e9glable en profondeur pour le pr\u00e9-per\u00e7age des trous de vis, d\u2019un fraisoir et d\u2019une but\u00e9e de profondeur mobile en PVC de haute qualit\u00e9, \u00e9vitant les traces lors du contact avec le support (foret de rechange disponible).","robots":{"index":"noindex","follow":"follow"},"og_locale":"fr_FR","og_type":"article","og_title":"Foret fraisoir pour lames de terrasse HECO","og_description":"Des lames de terrasse rapidement et proprement mont\u00e9es.  Ce foret fraisoir de HECO\u00ae est compos\u00e9 d\u2019un foret \u00e0 bois de 4mm de diam\u00e8tre r\u00e9glable en profondeur pour le pr\u00e9-per\u00e7age des trous de vis, d\u2019un fraisoir et d\u2019une but\u00e9e de profondeur mobile en PVC de haute qualit\u00e9, \u00e9vitant les traces lors du contact avec le support (foret de rechange disponible).","og_url":"https:\/\/nature-et-developpement.com\/mndl\/produit\/foret-fraisoir-pour-terrasse-heco\/","og_site_name":"Mat\u00e9riaux Naturels de Lorraine","article_modified_time":"2025-06-13T07:41:09+00:00","twitter_card":"summary_large_image","twitter_misc":{"Dur\u00e9e de lecture estim\u00e9e":"1 minute"},"schema":{"@context":"https:\/\/schema.org","@graph":[{"@type":"WebPage","@id":"https:\/\/nature-et-developpement.com\/mndl\/produit\/foret-fraisoir-pour-terrasse-heco\/","url":"https:\/\/nature-et-developpement.com\/mndl\/produit\/foret-fraisoir-pour-terrasse-heco\/","name":"Foret fraisoir pour lames de terrasse HECO","isPartOf":{"@id":"https:\/\/nature-et-developpement.com\/mndl\/#website"},"primaryImageOfPage":{"@id":"https:\/\/nature-et-developpement.com\/mndl\/produit\/foret-fraisoir-pour-terrasse-heco\/#primaryimage"},"image":{"@id":"https:\/\/nature-et-developpement.com\/mndl\/produit\/foret-fraisoir-pour-terrasse-heco\/#primaryimage"},"thumbnailUrl":"https:\/\/nature-et-developpement.com\/mndl\/wp-content\/uploads\/Foret-fraisoir-pour-terrasse-HECO.jpg","datePublished":"2020-11-24T11:26:20+00:00","dateModified":"2025-06-13T07:41:09+00:00","description":"Des lames de terrasse rapidement et proprement mont\u00e9es. Ce foret fraisoir de HECO\u00ae est compos\u00e9 d\u2019un foret \u00e0 bois de 4mm de diam\u00e8tre r\u00e9glable en profondeur pour le pr\u00e9-per\u00e7age des trous de vis, d\u2019un fraisoir et d\u2019une but\u00e9e de profondeur mobile en PVC de haute qualit\u00e9, \u00e9vitant les traces lors du contact avec le support (foret de rechange disponible).","breadcrumb":{"@id":"https:\/\/nature-et-developpement.com\/mndl\/produit\/foret-fraisoir-pour-terrasse-heco\/#breadcrumb"},"inLanguage":"fr-FR","potentialAction":[{"@type":"ReadAction","target":["https:\/\/nature-et-developpement.com\/mndl\/produit\/foret-fraisoir-pour-terrasse-heco\/"]}]},{"@type":"ImageObject","inLanguage":"fr-FR","@id":"https:\/\/nature-et-developpement.com\/mndl\/produit\/foret-fraisoir-pour-terrasse-heco\/#primaryimage","url":"https:\/\/nature-et-developpement.com\/mndl\/wp-content\/uploads\/Foret-fraisoir-pour-terrasse-HECO.jpg","contentUrl":"https:\/\/nature-et-developpement.com\/mndl\/wp-content\/uploads\/Foret-fraisoir-pour-terrasse-HECO.jpg"},{"@type":"BreadcrumbList","@id":"https:\/\/nature-et-developpement.com\/mndl\/produit\/foret-fraisoir-pour-terrasse-heco\/#breadcrumb","itemListElement":[{"@type":"ListItem","position":1,"name":"Accueil","item":"https:\/\/nature-et-developpement.com\/mndl\/"},{"@type":"ListItem","position":2,"name":"Produits","item":"https:\/\/nature-et-developpement.com\/mndl\/shop\/"},{"@type":"ListItem","position":3,"name":"Agencement ext\u00e9rieur","item":"https:\/\/nature-et-developpement.com\/mndl\/produits\/agencement-exterieur\/"},{"@type":"ListItem","position":4,"name":"Accessoires agencement ext\u00e9rieur","item":"https:\/\/nature-et-developpement.com\/mndl\/produits\/agencement-exterieur\/accessoires-agencement-exterieur\/"},{"@type":"ListItem","position":5,"name":"Foret fraisoir pour lames de terrasse HECO"}]},{"@type":"WebSite","@id":"https:\/\/nature-et-developpement.com\/mndl\/#website","url":"https:\/\/nature-et-developpement.com\/mndl\/","name":"Mat\u00e9riaux Naturels de Lorraine","description":"Mat\u00e9riaux Naturels de Lorraine est membre du groupement Nature &amp; D\u00e9veloppement","publisher":{"@id":"https:\/\/nature-et-developpement.com\/mndl\/#organization"},"potentialAction":[{"@type":"SearchAction","target":{"@type":"EntryPoint","urlTemplate":"https:\/\/nature-et-developpement.com\/mndl\/?s={search_term_string}"},"query-input":{"@type":"PropertyValueSpecification","valueRequired":true,"valueName":"search_term_string"}}],"inLanguage":"fr-FR"},{"@type":"Organization","@id":"https:\/\/nature-et-developpement.com\/mndl\/#organization","name":"Mat\u00e9riaux Naturels de Lorraine","url":"https:\/\/nature-et-developpement.com\/mndl\/","logo":{"@type":"ImageObject","inLanguage":"fr-FR","@id":"https:\/\/nature-et-developpement.com\/mndl\/#\/schema\/logo\/image\/","url":"https:\/\/nature-et-developpement.com\/mndl\/wp-content\/uploads\/sites\/7\/2021\/09\/logo-materiaux-naturels-de-lorraine.png","contentUrl":"https:\/\/nature-et-developpement.com\/mndl\/wp-content\/uploads\/sites\/7\/2021\/09\/logo-materiaux-naturels-de-lorraine.png","width":1924,"height":1668,"caption":"Mat\u00e9riaux Naturels de Lorraine"},"image":{"@id":"https:\/\/nature-et-developpement.com\/mndl\/#\/schema\/logo\/image\/"}}]}},"distributor_meta":false,"distributor_terms":false,"distributor_media":false,"distributor_original_site_name":"Mat\u00e9riaux Naturels de Lorraine","distributor_original_site_url":"https:\/\/nature-et-developpement.com\/mndl","push-errors":false,"_links":{"self":[{"href":"https:\/\/nature-et-developpement.com\/mndl\/wp-json\/wp\/v2\/product\/11424","targetHints":{"allow":["GET"]}}],"collection":[{"href":"https:\/\/nature-et-developpement.com\/mndl\/wp-json\/wp\/v2\/product"}],"about":[{"href":"https:\/\/nature-et-developpement.com\/mndl\/wp-json\/wp\/v2\/types\/product"}],"wp:featuredmedia":[{"embeddable":true,"href":"https:\/\/nature-et-developpement.com\/mndl\/wp-json\/"}],"wp:attachment":[{"href":"https:\/\/nature-et-developpement.com\/mndl\/wp-json\/wp\/v2\/media?parent=11424"}],"wp:term":[{"taxonomy":"product_brand","embeddable":true,"href":"https:\/\/nature-et-developpement.com\/mndl\/wp-json\/wp\/v2\/product_brand?post=11424"},{"taxonomy":"product_cat","embeddable":true,"href":"https:\/\/nature-et-developpement.com\/mndl\/wp-json\/wp\/v2\/product_cat?post=11424"},{"taxonomy":"product_tag","embeddable":true,"href":"https:\/\/nature-et-developpement.com\/mndl\/wp-json\/wp\/v2\/product_tag?post=11424"}],"curies":[{"name":"wp","href":"https:\/\/api.w.org\/{rel}","templated":true}]}}