{"id":1294,"date":"2025-11-06T10:23:10","date_gmt":"2025-11-06T09:23:10","guid":{"rendered":"https:\/\/nature-et-developpement.com\/mndl\/produit\/porte-interieur-luna-scandesign-de-roziere\/"},"modified":"2026-02-13T03:26:32","modified_gmt":"2026-02-13T02:26:32","slug":"porte-luna-scandesign-roziere","status":"publish","type":"product","link":"https:\/\/nature-et-developpement.com\/mndl\/produit\/porte-luna-scandesign-roziere\/","title":{"rendered":"Porte int\u00e9rieure LUNA Scandesign de Rozi\u00e8re"},"content":{"rendered":"<h3>Choisissez votre type de fermeture et pr\u00e9cisez-la dans votre commande<\/h3>\n<h5><strong>LA SERRURE\u00a0BEC DE CANE<\/strong><\/h5>\n<p>La serrure \u00e0 bec de cane\u00a0est une serrure qui comporte uniquement une b\u00e9quille (ou un bouton) que l&rsquo;on peut actionner pour ouvrir et fermer la porte. Cette solution ne permet pas de s\u00e9curiser l&rsquo;acc\u00e8s \u00e0 une pi\u00e8ce car elle ne comporte aucun verrou (pas de cl\u00e9).<br \/>\nCette solution est id\u00e9ale si :<br \/>\n&#8211; Vous \u00e9quipez une pi\u00e8ce qui ne n\u00e9cessite pas d&rsquo;\u00eatre ferm\u00e9e \u00e0 cl\u00e9 (cuisine ou salon par exemple)<br \/>\n&#8211; Vous souhaitez un design minimaliste pour votre poign\u00e9e<\/p>\n<h5><strong>LA SERRURE\u00a0MAGNETIQUE (bec de cane)<\/strong><\/h5>\n<p>Tout comme la fermeture bec de cane classique,\u00a0la serrure magn\u00e9tique \u00e0 bec de cane\u00a0ne comporte que la double b\u00e9quille servant \u00e0 actionner l&rsquo;ouverture de la porte. Discr\u00e8te, la fermeture se fait gr\u00e2ce \u00e0 un syst\u00e8me de g\u00e2che aimant\u00e9e : d\u00e8s lors que le p\u00eane dormant se trouve en face de la g\u00e2che sur le cadre, celui-ci y est attir\u00e9 pour maintenir la porte ferm\u00e9e.\u00a0Cette serrure ne s\u00e9curise pas l&rsquo;acc\u00e8s \u00e0 une pi\u00e8ce car elle n&rsquo;a pas de verrou (pas de cl\u00e9).<br \/>\nCette solution est id\u00e9ale pour :<br \/>\n&#8211; \u00c9quiper une pi\u00e8ce qui ne n\u00e9cessite pas d&rsquo;\u00eatre ferm\u00e9e \u00e0 cl\u00e9 (cuisine ou salon par exemple)<br \/>\n&#8211; Un design minimaliste pour votre poign\u00e9e<br \/>\n&#8211; Fermer votre porte discr\u00e8tement<\/p>\n<h5><strong>LA SERRURE\u00a0BEC DE CANE\u00a0\u00c0 CONDAMNATION<\/strong><\/h5>\n<p>C&rsquo;est la serrure que l&rsquo;on retrouve le plus commun\u00e9ment dans une\u00a0salle de bain ou un W.C. \u00c9quip\u00e9e d&rsquo;un verrou actionnable uniquement depuis l&rsquo;int\u00e9rieur de la pi\u00e8ce, elle permet de s&rsquo;enfermer facilement.<br \/>\nCette solution est id\u00e9ale si :<br \/>\n&#8211; Vous voulez pouvoir fermer un espace tel qu&rsquo;une salle d&rsquo;eau.<\/p>\n<h5><strong>LA SERRURE\u00a0\u00c0\u00a0CL\u00c9 L<\/strong><\/h5>\n<p>Cette serrure s&rsquo;ouvre au moyen d&rsquo;une cl\u00e9 appel\u00e9e cl\u00e9 \u00e0 gorge ou cl\u00e9 \u00e0 chiffre. Ce type de serrure est utile pour fermer une pi\u00e8ce \u00e0 cl\u00e9, que ce soit depuis l&rsquo;int\u00e9rieur ou l&rsquo;ext\u00e9rieur.\u00a0 Attention cependant, si les autres pi\u00e8ces de votre maison sont \u00e9quip\u00e9es des m\u00eames portes et serrures, chacune des cl\u00e9s est interchangeable : il suffit de r\u00e9cup\u00e9rer la cl\u00e9 d&rsquo;une de vos autres portes pour d\u00e9verrouiller la pi\u00e8ce concern\u00e9e.<br \/>\nCette solution est id\u00e9ale si :<br \/>\n&#8211; Vous verrouillez l&rsquo;acc\u00e8s d&rsquo;une pi\u00e8ce peu sensible (buanderie, cellier ..)<\/p>\n<h5><strong>LA SERRURE\u00a0\u00c0\u00a0CL\u00c9 (cylindre ou barillet)<\/strong><\/h5>\n<p>Aussi connu sous le nom de serrure \u00e0 barillet, ce type de serrure offre une s\u00e9curisation plus importante que la cl\u00e9 L. G\u00e9n\u00e9ralement unique dans la maison, le cylindre s&rsquo;ouvre gr\u00e2ce \u00e0 une cl\u00e9 plate crant\u00e9e.<br \/>\nCette solution est id\u00e9ale si :<br \/>\n&#8211; Vous verrouillez l&rsquo;acc\u00e8s d&rsquo;une pi\u00e8ce avec une cl\u00e9 unique<\/p>\n<h5><strong>LA SERRURE\u00a0MAGN\u00c9TIQUE \u00c0\u00a0CL\u00c9<\/strong><\/h5>\n<p>La\u00a0serrure magn\u00e9tique \u00e0 cl\u00e9\u00a0fonctionne comme la\u00a0serrure \u00e0 cl\u00e9 L traditionnelle en terme de s\u00e9curit\u00e9. En revanche, sa fermeture se veut plus discr\u00e8te car elle se fait gr\u00e2ce \u00e0 un syst\u00e8me de g\u00e2che aimant\u00e9e : d\u00e8s lors que le p\u00eane dormant se trouve en face de la g\u00e2che (partie m\u00e9tallique sur le cadre), celui-ci y est attir\u00e9 pour maintenir la porte ferm\u00e9e. Il vous suffit de pousser simplement la porte contre son cadre pour d\u00e9clencher sa fermeture.<br \/>\n-Si vous verrouillez l&rsquo;acc\u00e8s d&rsquo;une pi\u00e8ce peu sensible ou fermer votre porte discr\u00e8tement<\/p>\n<h5><strong>LA SERRURE\u00a03 POINTS.<\/strong><\/h5>\n<p>Elle permet une s\u00e9curisation optimale d&rsquo;une pi\u00e8ce : cette serrure dispose de\u00a03 points d&rsquo;ancrage\u00a0diff\u00e9rents, l&rsquo;un au niveau de la poign\u00e9e, les deux autres aux extr\u00e9mit\u00e9s haute et basse de la porte.<br \/>\nCette solution est id\u00e9ale pour :<br \/>\n&#8211; Verrouiller la porte entre votre garage ou encore votre cuisine par exemple.<\/p>\n<h3><strong>OPTIONS POSSIBLES SUR DEMANDE<\/strong><\/h3>\n<p>&#8211; Plinthe escamotable<br \/>\n&#8211; Serrure \u00e0 barillet, \u00a03 points ou magn\u00e9tique<br \/>\n&#8211; Charni\u00e8res invisibles<\/p>\n","protected":false},"excerpt":{"rendered":"<p style=\"font-style: normal;font-weight: 400;font-family: Poppins, sans-serif;font-size: 14px\"><span style=\"font-size: 14px\">Simplicit\u00e9, sobri\u00e9t\u00e9 et confort acoustique sont les qualit\u00e9s des mod\u00e8les LUNA en \u00e9pic\u00e9a massif.<\/span><\/p>\n<p style=\"font-style: normal;font-weight: 400;font-family: Poppins, sans-serif;font-size: 14px\"><span style=\"font-size: 14px\">Pour toutes vos pi\u00e8ces int\u00e9rieur chambre d&rsquo;enfant, cellier, cuisine ou salon (serrure 3 points, \u00e0 barillet ou magn\u00e9tique en option)<\/span><\/p>\n<p style=\"font-style: normal;font-weight: 400;font-family: Poppins, sans-serif;font-size: 14px\"><span style=\"font-size: 14px\">Choisissez votre type de fermeture (voir Description)<\/span><\/p>\n<p style=\"font-style: normal;font-weight: 400;font-family: Poppins, sans-serif;font-size: 14px\">Choisissez votre poign\u00e9e\u00a0(non fournie)<\/p>\n<p style=\"font-style: normal;font-weight: 400;font-family: Poppins, sans-serif;font-size: 14px\"><img loading=\"lazy\" decoding=\"async\" class=\" size-full wp-image-144006\" style=\"font-size: 14px\" src=\"https:\/\/nature-et-developpement.com\/wp-content\/uploads\/cms\/ROZIERE\/picto-10ans.jpg\" alt=\"\" width=\"75\" height=\"75\" \/><\/p>\n","protected":false},"featured_media":1000000144002,"template":"","meta":[],"product_brand":[2790],"product_cat":[519,225],"product_tag":[4084],"class_list":{"0":"post-1294","1":"product","2":"type-product","3":"status-publish","4":"has-post-thumbnail","6":"product_brand-roziere","7":"product_cat-escalier-et-porte","8":"product_cat-promo-et-destockage","9":"product_tag-roziere","11":"first","12":"instock","13":"sale","14":"taxable","15":"shipping-taxable","16":"purchasable","17":"product-type-variable"},"yoast_head":"<!-- This site is optimized with the Yoast SEO plugin v27.5 - https:\/\/yoast.com\/product\/yoast-seo-wordpress\/ -->\n<title>Porte int\u00e9rieure LUNA Scandesign Rozi\u00e8re<\/title>\n<meta name=\"description\" content=\"Simplicit\u00e9, sobri\u00e9t\u00e9 et confort acoustique sont les qualit\u00e9s des mod\u00e8les LUNA en \u00e9pic\u00e9a massif. Pour toutes vos pi\u00e8ces int\u00e9rieur chambre d&#039;enfant, cellier, cuisine ou salon (serrure 3 points, \u00e0 barillet ou magn\u00e9tique en option) Choisissez votre type de fermeture (voir Description) Choisissez votre poign\u00e9e\u00a0(non fournie)\" \/>\n<meta name=\"robots\" content=\"noindex, nofollow\" \/>\n<meta property=\"og:locale\" content=\"fr_FR\" \/>\n<meta property=\"og:type\" content=\"article\" \/>\n<meta property=\"og:title\" content=\"Porte int\u00e9rieure LUNA Scandesign Rozi\u00e8re\" \/>\n<meta property=\"og:description\" content=\"Simplicit\u00e9, sobri\u00e9t\u00e9 et confort acoustique sont les qualit\u00e9s des mod\u00e8les LUNA en \u00e9pic\u00e9a massif. Pour toutes vos pi\u00e8ces int\u00e9rieur chambre d&#039;enfant, cellier, cuisine ou salon (serrure 3 points, \u00e0 barillet ou magn\u00e9tique en option) Choisissez votre type de fermeture (voir Description) Choisissez votre poign\u00e9e\u00a0(non fournie)\" \/>\n<meta property=\"og:url\" content=\"https:\/\/nature-et-developpement.com\/mndl\/produit\/porte-luna-scandesign-roziere\/\" \/>\n<meta property=\"og:site_name\" content=\"Mat\u00e9riaux Naturels de Lorraine\" \/>\n<meta property=\"article:modified_time\" content=\"2026-02-13T02:26:32+00:00\" \/>\n<meta name=\"twitter:card\" content=\"summary_large_image\" \/>\n<meta name=\"twitter:label1\" content=\"Dur\u00e9e de lecture estim\u00e9e\" \/>\n\t<meta name=\"twitter:data1\" content=\"3 minutes\" \/>\n<script type=\"application\/ld+json\" class=\"yoast-schema-graph\">{\"@context\":\"https:\\\/\\\/schema.org\",\"@graph\":[{\"@type\":\"WebPage\",\"@id\":\"https:\\\/\\\/nature-et-developpement.com\\\/mndl\\\/produit\\\/porte-luna-scandesign-roziere\\\/\",\"url\":\"https:\\\/\\\/nature-et-developpement.com\\\/mndl\\\/produit\\\/porte-luna-scandesign-roziere\\\/\",\"name\":\"Porte int\u00e9rieure LUNA Scandesign Rozi\u00e8re\",\"isPartOf\":{\"@id\":\"https:\\\/\\\/nature-et-developpement.com\\\/mndl\\\/#website\"},\"primaryImageOfPage\":{\"@id\":\"https:\\\/\\\/nature-et-developpement.com\\\/mndl\\\/produit\\\/porte-luna-scandesign-roziere\\\/#primaryimage\"},\"image\":{\"@id\":\"https:\\\/\\\/nature-et-developpement.com\\\/mndl\\\/produit\\\/porte-luna-scandesign-roziere\\\/#primaryimage\"},\"thumbnailUrl\":\"https:\\\/\\\/nature-et-developpement.com\\\/mndl\\\/wp-content\\\/uploads\\\/29779-Porte-interieur-LUNA-Scandesign-de-Roziere.jpg\",\"datePublished\":\"2025-11-06T09:23:10+00:00\",\"dateModified\":\"2026-02-13T02:26:32+00:00\",\"description\":\"Simplicit\u00e9, sobri\u00e9t\u00e9 et confort acoustique sont les qualit\u00e9s des mod\u00e8les LUNA en \u00e9pic\u00e9a massif. Pour toutes vos pi\u00e8ces int\u00e9rieur chambre d'enfant, cellier, cuisine ou salon (serrure 3 points, \u00e0 barillet ou magn\u00e9tique en option) Choisissez votre type de fermeture (voir Description) Choisissez votre poign\u00e9e\u00a0(non fournie)\",\"breadcrumb\":{\"@id\":\"https:\\\/\\\/nature-et-developpement.com\\\/mndl\\\/produit\\\/porte-luna-scandesign-roziere\\\/#breadcrumb\"},\"inLanguage\":\"fr-FR\",\"potentialAction\":[{\"@type\":\"ReadAction\",\"target\":[\"https:\\\/\\\/nature-et-developpement.com\\\/mndl\\\/produit\\\/porte-luna-scandesign-roziere\\\/\"]}]},{\"@type\":\"ImageObject\",\"inLanguage\":\"fr-FR\",\"@id\":\"https:\\\/\\\/nature-et-developpement.com\\\/mndl\\\/produit\\\/porte-luna-scandesign-roziere\\\/#primaryimage\",\"url\":\"https:\\\/\\\/nature-et-developpement.com\\\/mndl\\\/wp-content\\\/uploads\\\/29779-Porte-interieur-LUNA-Scandesign-de-Roziere.jpg\",\"contentUrl\":\"https:\\\/\\\/nature-et-developpement.com\\\/mndl\\\/wp-content\\\/uploads\\\/29779-Porte-interieur-LUNA-Scandesign-de-Roziere.jpg\"},{\"@type\":\"BreadcrumbList\",\"@id\":\"https:\\\/\\\/nature-et-developpement.com\\\/mndl\\\/produit\\\/porte-luna-scandesign-roziere\\\/#breadcrumb\",\"itemListElement\":[{\"@type\":\"ListItem\",\"position\":1,\"name\":\"Accueil\",\"item\":\"https:\\\/\\\/nature-et-developpement.com\\\/mndl\\\/\"},{\"@type\":\"ListItem\",\"position\":2,\"name\":\"Produits\",\"item\":\"https:\\\/\\\/nature-et-developpement.com\\\/mndl\\\/shop\\\/\"},{\"@type\":\"ListItem\",\"position\":3,\"name\":\"Agencement int\u00e9rieur\",\"item\":\"https:\\\/\\\/nature-et-developpement.com\\\/mndl\\\/produits\\\/agencement-interieur\\\/\"},{\"@type\":\"ListItem\",\"position\":4,\"name\":\"Escalier et porte\",\"item\":\"https:\\\/\\\/nature-et-developpement.com\\\/mndl\\\/produits\\\/agencement-interieur\\\/escalier-et-porte\\\/\"},{\"@type\":\"ListItem\",\"position\":5,\"name\":\"Porte int\u00e9rieure LUNA Scandesign de Rozi\u00e8re\"}]},{\"@type\":\"WebSite\",\"@id\":\"https:\\\/\\\/nature-et-developpement.com\\\/mndl\\\/#website\",\"url\":\"https:\\\/\\\/nature-et-developpement.com\\\/mndl\\\/\",\"name\":\"Mat\u00e9riaux Naturels de Lorraine\",\"description\":\"Mat\u00e9riaux Naturels de Lorraine est membre du groupement Nature &amp; D\u00e9veloppement\",\"publisher\":{\"@id\":\"https:\\\/\\\/nature-et-developpement.com\\\/mndl\\\/#organization\"},\"potentialAction\":[{\"@type\":\"SearchAction\",\"target\":{\"@type\":\"EntryPoint\",\"urlTemplate\":\"https:\\\/\\\/nature-et-developpement.com\\\/mndl\\\/?s={search_term_string}\"},\"query-input\":{\"@type\":\"PropertyValueSpecification\",\"valueRequired\":true,\"valueName\":\"search_term_string\"}}],\"inLanguage\":\"fr-FR\"},{\"@type\":\"Organization\",\"@id\":\"https:\\\/\\\/nature-et-developpement.com\\\/mndl\\\/#organization\",\"name\":\"Mat\u00e9riaux Naturels de Lorraine\",\"url\":\"https:\\\/\\\/nature-et-developpement.com\\\/mndl\\\/\",\"logo\":{\"@type\":\"ImageObject\",\"inLanguage\":\"fr-FR\",\"@id\":\"https:\\\/\\\/nature-et-developpement.com\\\/mndl\\\/#\\\/schema\\\/logo\\\/image\\\/\",\"url\":\"https:\\\/\\\/nature-et-developpement.com\\\/mndl\\\/wp-content\\\/uploads\\\/sites\\\/7\\\/2021\\\/09\\\/logo-materiaux-naturels-de-lorraine.png\",\"contentUrl\":\"https:\\\/\\\/nature-et-developpement.com\\\/mndl\\\/wp-content\\\/uploads\\\/sites\\\/7\\\/2021\\\/09\\\/logo-materiaux-naturels-de-lorraine.png\",\"width\":1924,\"height\":1668,\"caption\":\"Mat\u00e9riaux Naturels de Lorraine\"},\"image\":{\"@id\":\"https:\\\/\\\/nature-et-developpement.com\\\/mndl\\\/#\\\/schema\\\/logo\\\/image\\\/\"}}]}<\/script>\n<!-- \/ Yoast SEO plugin. -->","yoast_head_json":{"title":"Porte int\u00e9rieure LUNA Scandesign Rozi\u00e8re","description":"Simplicit\u00e9, sobri\u00e9t\u00e9 et confort acoustique sont les qualit\u00e9s des mod\u00e8les LUNA en \u00e9pic\u00e9a massif. Pour toutes vos pi\u00e8ces int\u00e9rieur chambre d'enfant, cellier, cuisine ou salon (serrure 3 points, \u00e0 barillet ou magn\u00e9tique en option) Choisissez votre type de fermeture (voir Description) Choisissez votre poign\u00e9e\u00a0(non fournie)","robots":{"index":"noindex","follow":"nofollow"},"og_locale":"fr_FR","og_type":"article","og_title":"Porte int\u00e9rieure LUNA Scandesign Rozi\u00e8re","og_description":"Simplicit\u00e9, sobri\u00e9t\u00e9 et confort acoustique sont les qualit\u00e9s des mod\u00e8les LUNA en \u00e9pic\u00e9a massif. Pour toutes vos pi\u00e8ces int\u00e9rieur chambre d'enfant, cellier, cuisine ou salon (serrure 3 points, \u00e0 barillet ou magn\u00e9tique en option) Choisissez votre type de fermeture (voir Description) Choisissez votre poign\u00e9e\u00a0(non fournie)","og_url":"https:\/\/nature-et-developpement.com\/mndl\/produit\/porte-luna-scandesign-roziere\/","og_site_name":"Mat\u00e9riaux Naturels de Lorraine","article_modified_time":"2026-02-13T02:26:32+00:00","twitter_card":"summary_large_image","twitter_misc":{"Dur\u00e9e de lecture estim\u00e9e":"3 minutes"},"schema":{"@context":"https:\/\/schema.org","@graph":[{"@type":"WebPage","@id":"https:\/\/nature-et-developpement.com\/mndl\/produit\/porte-luna-scandesign-roziere\/","url":"https:\/\/nature-et-developpement.com\/mndl\/produit\/porte-luna-scandesign-roziere\/","name":"Porte int\u00e9rieure LUNA Scandesign Rozi\u00e8re","isPartOf":{"@id":"https:\/\/nature-et-developpement.com\/mndl\/#website"},"primaryImageOfPage":{"@id":"https:\/\/nature-et-developpement.com\/mndl\/produit\/porte-luna-scandesign-roziere\/#primaryimage"},"image":{"@id":"https:\/\/nature-et-developpement.com\/mndl\/produit\/porte-luna-scandesign-roziere\/#primaryimage"},"thumbnailUrl":"https:\/\/nature-et-developpement.com\/mndl\/wp-content\/uploads\/29779-Porte-interieur-LUNA-Scandesign-de-Roziere.jpg","datePublished":"2025-11-06T09:23:10+00:00","dateModified":"2026-02-13T02:26:32+00:00","description":"Simplicit\u00e9, sobri\u00e9t\u00e9 et confort acoustique sont les qualit\u00e9s des mod\u00e8les LUNA en \u00e9pic\u00e9a massif. Pour toutes vos pi\u00e8ces int\u00e9rieur chambre d'enfant, cellier, cuisine ou salon (serrure 3 points, \u00e0 barillet ou magn\u00e9tique en option) Choisissez votre type de fermeture (voir Description) Choisissez votre poign\u00e9e\u00a0(non fournie)","breadcrumb":{"@id":"https:\/\/nature-et-developpement.com\/mndl\/produit\/porte-luna-scandesign-roziere\/#breadcrumb"},"inLanguage":"fr-FR","potentialAction":[{"@type":"ReadAction","target":["https:\/\/nature-et-developpement.com\/mndl\/produit\/porte-luna-scandesign-roziere\/"]}]},{"@type":"ImageObject","inLanguage":"fr-FR","@id":"https:\/\/nature-et-developpement.com\/mndl\/produit\/porte-luna-scandesign-roziere\/#primaryimage","url":"https:\/\/nature-et-developpement.com\/mndl\/wp-content\/uploads\/29779-Porte-interieur-LUNA-Scandesign-de-Roziere.jpg","contentUrl":"https:\/\/nature-et-developpement.com\/mndl\/wp-content\/uploads\/29779-Porte-interieur-LUNA-Scandesign-de-Roziere.jpg"},{"@type":"BreadcrumbList","@id":"https:\/\/nature-et-developpement.com\/mndl\/produit\/porte-luna-scandesign-roziere\/#breadcrumb","itemListElement":[{"@type":"ListItem","position":1,"name":"Accueil","item":"https:\/\/nature-et-developpement.com\/mndl\/"},{"@type":"ListItem","position":2,"name":"Produits","item":"https:\/\/nature-et-developpement.com\/mndl\/shop\/"},{"@type":"ListItem","position":3,"name":"Agencement int\u00e9rieur","item":"https:\/\/nature-et-developpement.com\/mndl\/produits\/agencement-interieur\/"},{"@type":"ListItem","position":4,"name":"Escalier et porte","item":"https:\/\/nature-et-developpement.com\/mndl\/produits\/agencement-interieur\/escalier-et-porte\/"},{"@type":"ListItem","position":5,"name":"Porte int\u00e9rieure LUNA Scandesign de Rozi\u00e8re"}]},{"@type":"WebSite","@id":"https:\/\/nature-et-developpement.com\/mndl\/#website","url":"https:\/\/nature-et-developpement.com\/mndl\/","name":"Mat\u00e9riaux Naturels de Lorraine","description":"Mat\u00e9riaux Naturels de Lorraine est membre du groupement Nature &amp; D\u00e9veloppement","publisher":{"@id":"https:\/\/nature-et-developpement.com\/mndl\/#organization"},"potentialAction":[{"@type":"SearchAction","target":{"@type":"EntryPoint","urlTemplate":"https:\/\/nature-et-developpement.com\/mndl\/?s={search_term_string}"},"query-input":{"@type":"PropertyValueSpecification","valueRequired":true,"valueName":"search_term_string"}}],"inLanguage":"fr-FR"},{"@type":"Organization","@id":"https:\/\/nature-et-developpement.com\/mndl\/#organization","name":"Mat\u00e9riaux Naturels de Lorraine","url":"https:\/\/nature-et-developpement.com\/mndl\/","logo":{"@type":"ImageObject","inLanguage":"fr-FR","@id":"https:\/\/nature-et-developpement.com\/mndl\/#\/schema\/logo\/image\/","url":"https:\/\/nature-et-developpement.com\/mndl\/wp-content\/uploads\/sites\/7\/2021\/09\/logo-materiaux-naturels-de-lorraine.png","contentUrl":"https:\/\/nature-et-developpement.com\/mndl\/wp-content\/uploads\/sites\/7\/2021\/09\/logo-materiaux-naturels-de-lorraine.png","width":1924,"height":1668,"caption":"Mat\u00e9riaux Naturels de Lorraine"},"image":{"@id":"https:\/\/nature-et-developpement.com\/mndl\/#\/schema\/logo\/image\/"}}]}},"distributor_meta":false,"distributor_terms":false,"distributor_media":false,"distributor_original_site_name":"Mat\u00e9riaux Naturels de Lorraine","distributor_original_site_url":"https:\/\/nature-et-developpement.com\/mndl","push-errors":false,"_links":{"self":[{"href":"https:\/\/nature-et-developpement.com\/mndl\/wp-json\/wp\/v2\/product\/1294","targetHints":{"allow":["GET"]}}],"collection":[{"href":"https:\/\/nature-et-developpement.com\/mndl\/wp-json\/wp\/v2\/product"}],"about":[{"href":"https:\/\/nature-et-developpement.com\/mndl\/wp-json\/wp\/v2\/types\/product"}],"wp:featuredmedia":[{"embeddable":true,"href":"https:\/\/nature-et-developpement.com\/mndl\/wp-json\/"}],"wp:attachment":[{"href":"https:\/\/nature-et-developpement.com\/mndl\/wp-json\/wp\/v2\/media?parent=1294"}],"wp:term":[{"taxonomy":"product_brand","embeddable":true,"href":"https:\/\/nature-et-developpement.com\/mndl\/wp-json\/wp\/v2\/product_brand?post=1294"},{"taxonomy":"product_cat","embeddable":true,"href":"https:\/\/nature-et-developpement.com\/mndl\/wp-json\/wp\/v2\/product_cat?post=1294"},{"taxonomy":"product_tag","embeddable":true,"href":"https:\/\/nature-et-developpement.com\/mndl\/wp-json\/wp\/v2\/product_tag?post=1294"}],"curies":[{"name":"wp","href":"https:\/\/api.w.org\/{rel}","templated":true}]}}