{"id":2318,"date":"2024-09-25T00:00:00","date_gmt":"2024-09-24T22:00:00","guid":{"rendered":"https:\/\/nature-et-developpement.com\/mndl\/produit\/bloc-de-chanvre-a-maconner-multichanvre\/"},"modified":"2025-06-13T09:40:54","modified_gmt":"2025-06-13T07:40:54","slug":"bloc-de-chanvre-a-maconner-multichanvre","status":"publish","type":"product","link":"https:\/\/nature-et-developpement.com\/mndl\/produit\/bloc-de-chanvre-a-maconner-multichanvre\/","title":{"rendered":"BLOC DE CHANVRE \u00e0 ma\u00e7onner MULTICHANVRE"},"content":{"rendered":"<h2>Pourquoi choisir le MUTLICHANVRE ?<\/h2>\n<h3>Pour construire rapidement et sans effort<\/h3>\n<ul>\n<li>Un produit l\u00e9ger et ais\u00e9ment d\u00e9coupable<\/li>\n<li>Un montage traditionnel \u00e0 joints crois\u00e9s<\/li>\n<li>Un chantier propre ne requ\u00e9rant ni \u00e9quipement sp\u00e9cifique ni temps de s\u00e9chage<\/li>\n<li>Un produit qui laisse libre court \u00e0 vos envies en mati\u00e8re de finitions<\/li>\n<\/ul>\n<h3>Pour avoir une isolation thermique adapt\u00e9e \u00e0 vos besoins<\/h3>\n<ul>\n<li>Une large vari\u00e9t\u00e9 d\u2019\u00e9paisseurs de blocs permettant d\u2019atteindre des r\u00e9sistances thermiques de 1,53 \u00e0 4,6 m2 K \/W<\/li>\n<li>Un mat\u00e9riau participant au confort \u00e9t\u00e9 et hiver gr\u00e2ce \u00e0 sa grande inertie thermique<\/li>\n<li>Une polyvalence du produit en mati\u00e8re d\u2019applications : ITE, ITI, isolation sous-dalle\/planchers, isolation colombage<\/li>\n<\/ul>\n<h3>Pour cr\u00e9er une ambiance confortable dans vos pi\u00e8ces de vie<\/h3>\n<ul>\n<li>Une capacit\u00e9 d\u2019absorption et d\u2019affaiblissement acoustique du chanvre reconnue<\/li>\n<li>Une sensation de paroi chaude<\/li>\n<li>Peu de d\u00e9gagement de COV<\/li>\n<\/ul>\n<h3>Pour pr\u00e9server et valoriser votre patrimoine ancien<\/h3>\n<ul>\n<li>Une capacit\u00e9 \u00e0 laisser respirer les murs gr\u00e2ce aux propri\u00e9t\u00e9s hygrothermiques du chanvre<\/li>\n<li>Pas de risque de d\u00e9gradation des structures bois due \u00e0 des ph\u00e9nom\u00e8nes de condensation<\/li>\n<li>Un mat\u00e9riau incombustible et pr\u00e9sentant une excellente r\u00e9sistance au feu<\/li>\n<\/ul>\n<h3><strong>Pour \u00eatre \u00e9co-responsable<\/strong><\/h3>\n<ul>\n<li><strong>100% naturel et 100% local<\/strong><\/li>\n<\/ul>\n","protected":false},"excerpt":{"rendered":"<p>Les blocs MULTICHANVRE sont une solution <strong>100% naturel et 100% local<\/strong><\/p>\n<p>Id\u00e9ale pour la r\u00e9novation et la r\u00e9alisation de cloisons mais aussi pour une isolation compl\u00e9mentaire par l\u2019int\u00e9rieur ou l\u2019ext\u00e9rieur ou entre des colombages.<\/p>\n","protected":false},"featured_media":1000000153842,"template":"","meta":[],"product_brand":[2758],"product_cat":[2848,4152,4153,4154,159],"product_tag":[4185],"class_list":{"0":"post-2318","1":"product","2":"type-product","3":"status-publish","4":"has-post-thumbnail","6":"product_brand-biosys","7":"product_cat-demande-de-devis-uniquement-sans-prix","8":"product_cat-isolation-exterieure","9":"product_cat-isolation-interieure","10":"product_cat-isolation-phonique","11":"product_cat-maconnerie","12":"product_tag-biosys","13":"product_shipping_class-impact-transport-important","15":"first","16":"onbackorder","17":"taxable","18":"shipping-taxable","19":"purchasable","20":"product-type-variable"},"yoast_head":"<!-- This site is optimized with the Yoast SEO plugin v27.5 - https:\/\/yoast.com\/product\/yoast-seo-wordpress\/ -->\n<title>BLOC DE CHANVRE \u00e0 ma\u00e7onner MULTICHANVRE<\/title>\n<meta name=\"description\" content=\"Les blocs MULTICHANVRE sont une solution 100% naturel et 100% local  Id\u00e9ale pour la r\u00e9novation et la r\u00e9alisation de cloisons mais aussi pour une isolation compl\u00e9mentaire par l\u2019int\u00e9rieur ou l\u2019ext\u00e9rieur ou entre des colombages.\" \/>\n<meta name=\"robots\" content=\"noindex, follow\" \/>\n<meta property=\"og:locale\" content=\"fr_FR\" \/>\n<meta property=\"og:type\" content=\"article\" \/>\n<meta property=\"og:title\" content=\"BLOC DE CHANVRE \u00e0 ma\u00e7onner MULTICHANVRE\" \/>\n<meta property=\"og:description\" content=\"Les blocs MULTICHANVRE sont une solution 100% naturel et 100% local  Id\u00e9ale pour la r\u00e9novation et la r\u00e9alisation de cloisons mais aussi pour une isolation compl\u00e9mentaire par l\u2019int\u00e9rieur ou l\u2019ext\u00e9rieur ou entre des colombages.\" \/>\n<meta property=\"og:url\" content=\"https:\/\/nature-et-developpement.com\/mndl\/produit\/bloc-de-chanvre-a-maconner-multichanvre\/\" \/>\n<meta property=\"og:site_name\" content=\"Mat\u00e9riaux Naturels de Lorraine\" \/>\n<meta property=\"article:modified_time\" content=\"2025-06-13T07:40:54+00:00\" \/>\n<meta name=\"twitter:card\" content=\"summary_large_image\" \/>\n<meta name=\"twitter:label1\" content=\"Dur\u00e9e de lecture estim\u00e9e\" \/>\n\t<meta name=\"twitter:data1\" content=\"1 minute\" \/>\n<script type=\"application\/ld+json\" class=\"yoast-schema-graph\">{\"@context\":\"https:\\\/\\\/schema.org\",\"@graph\":[{\"@type\":\"WebPage\",\"@id\":\"https:\\\/\\\/nature-et-developpement.com\\\/mndl\\\/produit\\\/bloc-de-chanvre-a-maconner-multichanvre\\\/\",\"url\":\"https:\\\/\\\/nature-et-developpement.com\\\/mndl\\\/produit\\\/bloc-de-chanvre-a-maconner-multichanvre\\\/\",\"name\":\"BLOC DE CHANVRE \u00e0 ma\u00e7onner MULTICHANVRE\",\"isPartOf\":{\"@id\":\"https:\\\/\\\/nature-et-developpement.com\\\/mndl\\\/#website\"},\"primaryImageOfPage\":{\"@id\":\"https:\\\/\\\/nature-et-developpement.com\\\/mndl\\\/produit\\\/bloc-de-chanvre-a-maconner-multichanvre\\\/#primaryimage\"},\"image\":{\"@id\":\"https:\\\/\\\/nature-et-developpement.com\\\/mndl\\\/produit\\\/bloc-de-chanvre-a-maconner-multichanvre\\\/#primaryimage\"},\"thumbnailUrl\":\"https:\\\/\\\/nature-et-developpement.com\\\/mndl\\\/wp-content\\\/uploads\\\/Gamme-Multichanvre.jpg\",\"datePublished\":\"2024-09-24T22:00:00+00:00\",\"dateModified\":\"2025-06-13T07:40:54+00:00\",\"description\":\"Les blocs MULTICHANVRE sont une solution 100% naturel et 100% local Id\u00e9ale pour la r\u00e9novation et la r\u00e9alisation de cloisons mais aussi pour une isolation compl\u00e9mentaire par l\u2019int\u00e9rieur ou l\u2019ext\u00e9rieur ou entre des colombages.\",\"breadcrumb\":{\"@id\":\"https:\\\/\\\/nature-et-developpement.com\\\/mndl\\\/produit\\\/bloc-de-chanvre-a-maconner-multichanvre\\\/#breadcrumb\"},\"inLanguage\":\"fr-FR\",\"potentialAction\":[{\"@type\":\"ReadAction\",\"target\":[\"https:\\\/\\\/nature-et-developpement.com\\\/mndl\\\/produit\\\/bloc-de-chanvre-a-maconner-multichanvre\\\/\"]}]},{\"@type\":\"ImageObject\",\"inLanguage\":\"fr-FR\",\"@id\":\"https:\\\/\\\/nature-et-developpement.com\\\/mndl\\\/produit\\\/bloc-de-chanvre-a-maconner-multichanvre\\\/#primaryimage\",\"url\":\"https:\\\/\\\/nature-et-developpement.com\\\/mndl\\\/wp-content\\\/uploads\\\/Gamme-Multichanvre.jpg\",\"contentUrl\":\"https:\\\/\\\/nature-et-developpement.com\\\/mndl\\\/wp-content\\\/uploads\\\/Gamme-Multichanvre.jpg\"},{\"@type\":\"BreadcrumbList\",\"@id\":\"https:\\\/\\\/nature-et-developpement.com\\\/mndl\\\/produit\\\/bloc-de-chanvre-a-maconner-multichanvre\\\/#breadcrumb\",\"itemListElement\":[{\"@type\":\"ListItem\",\"position\":1,\"name\":\"Accueil\",\"item\":\"https:\\\/\\\/nature-et-developpement.com\\\/mndl\\\/\"},{\"@type\":\"ListItem\",\"position\":2,\"name\":\"Produits\",\"item\":\"https:\\\/\\\/nature-et-developpement.com\\\/mndl\\\/shop\\\/\"},{\"@type\":\"ListItem\",\"position\":3,\"name\":\"Construction, cloison et fen\u00eatres\",\"item\":\"https:\\\/\\\/nature-et-developpement.com\\\/mndl\\\/produits\\\/construction\\\/\"},{\"@type\":\"ListItem\",\"position\":4,\"name\":\"Ma\u00e7onnerie\",\"item\":\"https:\\\/\\\/nature-et-developpement.com\\\/mndl\\\/produits\\\/construction\\\/maconnerie\\\/\"},{\"@type\":\"ListItem\",\"position\":5,\"name\":\"BLOC DE CHANVRE \u00e0 ma\u00e7onner MULTICHANVRE\"}]},{\"@type\":\"WebSite\",\"@id\":\"https:\\\/\\\/nature-et-developpement.com\\\/mndl\\\/#website\",\"url\":\"https:\\\/\\\/nature-et-developpement.com\\\/mndl\\\/\",\"name\":\"Mat\u00e9riaux Naturels de Lorraine\",\"description\":\"Mat\u00e9riaux Naturels de Lorraine est membre du groupement Nature &amp; D\u00e9veloppement\",\"publisher\":{\"@id\":\"https:\\\/\\\/nature-et-developpement.com\\\/mndl\\\/#organization\"},\"potentialAction\":[{\"@type\":\"SearchAction\",\"target\":{\"@type\":\"EntryPoint\",\"urlTemplate\":\"https:\\\/\\\/nature-et-developpement.com\\\/mndl\\\/?s={search_term_string}\"},\"query-input\":{\"@type\":\"PropertyValueSpecification\",\"valueRequired\":true,\"valueName\":\"search_term_string\"}}],\"inLanguage\":\"fr-FR\"},{\"@type\":\"Organization\",\"@id\":\"https:\\\/\\\/nature-et-developpement.com\\\/mndl\\\/#organization\",\"name\":\"Mat\u00e9riaux Naturels de Lorraine\",\"url\":\"https:\\\/\\\/nature-et-developpement.com\\\/mndl\\\/\",\"logo\":{\"@type\":\"ImageObject\",\"inLanguage\":\"fr-FR\",\"@id\":\"https:\\\/\\\/nature-et-developpement.com\\\/mndl\\\/#\\\/schema\\\/logo\\\/image\\\/\",\"url\":\"https:\\\/\\\/nature-et-developpement.com\\\/mndl\\\/wp-content\\\/uploads\\\/sites\\\/7\\\/2021\\\/09\\\/logo-materiaux-naturels-de-lorraine.png\",\"contentUrl\":\"https:\\\/\\\/nature-et-developpement.com\\\/mndl\\\/wp-content\\\/uploads\\\/sites\\\/7\\\/2021\\\/09\\\/logo-materiaux-naturels-de-lorraine.png\",\"width\":1924,\"height\":1668,\"caption\":\"Mat\u00e9riaux Naturels de Lorraine\"},\"image\":{\"@id\":\"https:\\\/\\\/nature-et-developpement.com\\\/mndl\\\/#\\\/schema\\\/logo\\\/image\\\/\"}}]}<\/script>\n<!-- \/ Yoast SEO plugin. -->","yoast_head_json":{"title":"BLOC DE CHANVRE \u00e0 ma\u00e7onner MULTICHANVRE","description":"Les blocs MULTICHANVRE sont une solution 100% naturel et 100% local  Id\u00e9ale pour la r\u00e9novation et la r\u00e9alisation de cloisons mais aussi pour une isolation compl\u00e9mentaire par l\u2019int\u00e9rieur ou l\u2019ext\u00e9rieur ou entre des colombages.","robots":{"index":"noindex","follow":"follow"},"og_locale":"fr_FR","og_type":"article","og_title":"BLOC DE CHANVRE \u00e0 ma\u00e7onner MULTICHANVRE","og_description":"Les blocs MULTICHANVRE sont une solution 100% naturel et 100% local  Id\u00e9ale pour la r\u00e9novation et la r\u00e9alisation de cloisons mais aussi pour une isolation compl\u00e9mentaire par l\u2019int\u00e9rieur ou l\u2019ext\u00e9rieur ou entre des colombages.","og_url":"https:\/\/nature-et-developpement.com\/mndl\/produit\/bloc-de-chanvre-a-maconner-multichanvre\/","og_site_name":"Mat\u00e9riaux Naturels de Lorraine","article_modified_time":"2025-06-13T07:40:54+00:00","twitter_card":"summary_large_image","twitter_misc":{"Dur\u00e9e de lecture estim\u00e9e":"1 minute"},"schema":{"@context":"https:\/\/schema.org","@graph":[{"@type":"WebPage","@id":"https:\/\/nature-et-developpement.com\/mndl\/produit\/bloc-de-chanvre-a-maconner-multichanvre\/","url":"https:\/\/nature-et-developpement.com\/mndl\/produit\/bloc-de-chanvre-a-maconner-multichanvre\/","name":"BLOC DE CHANVRE \u00e0 ma\u00e7onner MULTICHANVRE","isPartOf":{"@id":"https:\/\/nature-et-developpement.com\/mndl\/#website"},"primaryImageOfPage":{"@id":"https:\/\/nature-et-developpement.com\/mndl\/produit\/bloc-de-chanvre-a-maconner-multichanvre\/#primaryimage"},"image":{"@id":"https:\/\/nature-et-developpement.com\/mndl\/produit\/bloc-de-chanvre-a-maconner-multichanvre\/#primaryimage"},"thumbnailUrl":"https:\/\/nature-et-developpement.com\/mndl\/wp-content\/uploads\/Gamme-Multichanvre.jpg","datePublished":"2024-09-24T22:00:00+00:00","dateModified":"2025-06-13T07:40:54+00:00","description":"Les blocs MULTICHANVRE sont une solution 100% naturel et 100% local Id\u00e9ale pour la r\u00e9novation et la r\u00e9alisation de cloisons mais aussi pour une isolation compl\u00e9mentaire par l\u2019int\u00e9rieur ou l\u2019ext\u00e9rieur ou entre des colombages.","breadcrumb":{"@id":"https:\/\/nature-et-developpement.com\/mndl\/produit\/bloc-de-chanvre-a-maconner-multichanvre\/#breadcrumb"},"inLanguage":"fr-FR","potentialAction":[{"@type":"ReadAction","target":["https:\/\/nature-et-developpement.com\/mndl\/produit\/bloc-de-chanvre-a-maconner-multichanvre\/"]}]},{"@type":"ImageObject","inLanguage":"fr-FR","@id":"https:\/\/nature-et-developpement.com\/mndl\/produit\/bloc-de-chanvre-a-maconner-multichanvre\/#primaryimage","url":"https:\/\/nature-et-developpement.com\/mndl\/wp-content\/uploads\/Gamme-Multichanvre.jpg","contentUrl":"https:\/\/nature-et-developpement.com\/mndl\/wp-content\/uploads\/Gamme-Multichanvre.jpg"},{"@type":"BreadcrumbList","@id":"https:\/\/nature-et-developpement.com\/mndl\/produit\/bloc-de-chanvre-a-maconner-multichanvre\/#breadcrumb","itemListElement":[{"@type":"ListItem","position":1,"name":"Accueil","item":"https:\/\/nature-et-developpement.com\/mndl\/"},{"@type":"ListItem","position":2,"name":"Produits","item":"https:\/\/nature-et-developpement.com\/mndl\/shop\/"},{"@type":"ListItem","position":3,"name":"Construction, cloison et fen\u00eatres","item":"https:\/\/nature-et-developpement.com\/mndl\/produits\/construction\/"},{"@type":"ListItem","position":4,"name":"Ma\u00e7onnerie","item":"https:\/\/nature-et-developpement.com\/mndl\/produits\/construction\/maconnerie\/"},{"@type":"ListItem","position":5,"name":"BLOC DE CHANVRE \u00e0 ma\u00e7onner MULTICHANVRE"}]},{"@type":"WebSite","@id":"https:\/\/nature-et-developpement.com\/mndl\/#website","url":"https:\/\/nature-et-developpement.com\/mndl\/","name":"Mat\u00e9riaux Naturels de Lorraine","description":"Mat\u00e9riaux Naturels de Lorraine est membre du groupement Nature &amp; D\u00e9veloppement","publisher":{"@id":"https:\/\/nature-et-developpement.com\/mndl\/#organization"},"potentialAction":[{"@type":"SearchAction","target":{"@type":"EntryPoint","urlTemplate":"https:\/\/nature-et-developpement.com\/mndl\/?s={search_term_string}"},"query-input":{"@type":"PropertyValueSpecification","valueRequired":true,"valueName":"search_term_string"}}],"inLanguage":"fr-FR"},{"@type":"Organization","@id":"https:\/\/nature-et-developpement.com\/mndl\/#organization","name":"Mat\u00e9riaux Naturels de Lorraine","url":"https:\/\/nature-et-developpement.com\/mndl\/","logo":{"@type":"ImageObject","inLanguage":"fr-FR","@id":"https:\/\/nature-et-developpement.com\/mndl\/#\/schema\/logo\/image\/","url":"https:\/\/nature-et-developpement.com\/mndl\/wp-content\/uploads\/sites\/7\/2021\/09\/logo-materiaux-naturels-de-lorraine.png","contentUrl":"https:\/\/nature-et-developpement.com\/mndl\/wp-content\/uploads\/sites\/7\/2021\/09\/logo-materiaux-naturels-de-lorraine.png","width":1924,"height":1668,"caption":"Mat\u00e9riaux Naturels de Lorraine"},"image":{"@id":"https:\/\/nature-et-developpement.com\/mndl\/#\/schema\/logo\/image\/"}}]}},"distributor_meta":false,"distributor_terms":false,"distributor_media":false,"distributor_original_site_name":"Mat\u00e9riaux Naturels de Lorraine","distributor_original_site_url":"https:\/\/nature-et-developpement.com\/mndl","push-errors":false,"_links":{"self":[{"href":"https:\/\/nature-et-developpement.com\/mndl\/wp-json\/wp\/v2\/product\/2318","targetHints":{"allow":["GET"]}}],"collection":[{"href":"https:\/\/nature-et-developpement.com\/mndl\/wp-json\/wp\/v2\/product"}],"about":[{"href":"https:\/\/nature-et-developpement.com\/mndl\/wp-json\/wp\/v2\/types\/product"}],"wp:featuredmedia":[{"embeddable":true,"href":"https:\/\/nature-et-developpement.com\/mndl\/wp-json\/"}],"wp:attachment":[{"href":"https:\/\/nature-et-developpement.com\/mndl\/wp-json\/wp\/v2\/media?parent=2318"}],"wp:term":[{"taxonomy":"product_brand","embeddable":true,"href":"https:\/\/nature-et-developpement.com\/mndl\/wp-json\/wp\/v2\/product_brand?post=2318"},{"taxonomy":"product_cat","embeddable":true,"href":"https:\/\/nature-et-developpement.com\/mndl\/wp-json\/wp\/v2\/product_cat?post=2318"},{"taxonomy":"product_tag","embeddable":true,"href":"https:\/\/nature-et-developpement.com\/mndl\/wp-json\/wp\/v2\/product_tag?post=2318"}],"curies":[{"name":"wp","href":"https:\/\/api.w.org\/{rel}","templated":true}]}}