{"id":24651,"date":"2022-01-13T12:17:57","date_gmt":"2022-01-13T11:17:57","guid":{"rendered":"https:\/\/nature-et-developpement.com\/mndl\/produit\/tescon-sprimer-pro-clima-sous-couche-daccroche-en-bombe\/"},"modified":"2026-03-25T01:05:22","modified_gmt":"2026-03-25T00:05:22","slug":"tescon-sprimer-pro-clima-sous-couche-daccroche-en-aerosol","status":"publish","type":"product","link":"https:\/\/nature-et-developpement.com\/mndl\/produit\/tescon-sprimer-pro-clima-sous-couche-daccroche-en-aerosol\/","title":{"rendered":"Tescon SPRIMER Pro clima sous-couche d\u2019accroche en a\u00e9rosol"},"content":{"rendered":"<h3>Sous-couche d\u2019accroche en bombe a\u00e9rosol Tescon SPRIMER de pro clima<\/h3>\n<p>Le Tescon SPRIMER de pro clima est une Sous-couche d\u2019accrochage en bombe a\u00e9rosol facile \u00e0 mettre en \u0153uvre, il suffit d\u2019une pulv\u00e9risation directe sur le support.<\/p>\n<p>Les assemblages sont fiables gr\u00e2ce \u00e0 la p\u00e9n\u00e9tration profonde dans le mat\u00e9riau et la consolidation des supports non solides ou poussi\u00e9reux.<\/p>\n<p>Un gain de temps puisque, dans le cas de supports absorbants, il est possible de coller les rubans adh\u00e9sifs sans d\u00e9lai de s\u00e9chage.<\/p>\n<p>Sa souplesse d\u2019utilisation : utilisation sur des supports secs et l\u00e9g\u00e8rement humides<\/p>\n<p>Son utilisation en toute saison car sa mise en \u0153uvre \u00e9galement possible par temps de gel<\/p>\n<h5>Mise en \u0153uvre du Tescon SPRIMER de pro clima<\/h5>\n<p>Bien agiter la bombe a\u00e9rosol avant l\u2019usage.<br \/>\nLe jet de pulv\u00e9risation en forme d\u2019\u00e9ventail se laisse r\u00e9gler \u00e0 l\u2019horizontale et \u00e0 la verticale en tournant la buse de la t\u00eate de pulv\u00e9risation.<br \/>\nApr\u00e8s chaque phase de pulv\u00e9risation, continuer \u00e0 pulv\u00e9riser en tenant la bombe \u00e0 l\u2019envers, jusqu\u2019\u00e0 ce qu\u2019elle ne projette plus que du gaz propulseur. Cela \u00e9vite que des restes de sous-couche ne bouchent le tube montant de la valve ou la t\u00eate de pulv\u00e9risation. Essuyer la sous-couche \u00e0 la sortie de la buse.<\/p>\n<p>Apr\u00e8s le nettoyage, pulv\u00e9riser la sous-couche \u00e0 une distance de 20 \u00e0 25 cm sur la surface \u00e0 coller. Laisser l\u2019air s\u2019\u00e9vacuer pendant 5 \u00e0 15 minutes (selon le mat\u00e9riau et l\u2019application).<\/p>\n<p>En cas de supports absorbants, r\u00e9p\u00e9ter l\u2019op\u00e9ration.<\/p>\n<p>&nbsp;<\/p>\n<h5>Pr\u00e9paration des supports<\/h5>\n<p>Avant l\u2019application de la sous-couche, nettoyez les supports.<br \/>\nLes supports recouverts d\u2019une fine couche de glace et tremp\u00e9s ne conviennent pas \u00e0 l\u2019application de la sous-couche.<\/p>\n<p>Les mat\u00e9riaux \u00e0 enduire ne doivent pas \u00eatre recouverts de substances antiadh\u00e9sives (par exemple graisse ou silicone).<\/p>\n<p>Le traitement pr\u00e9alable peut concerner toutes les surfaces min\u00e9rales (enduit ou b\u00e9ton) et les (vieux) supports en bois.<\/p>\n<p>Par ailleurs, la sous-couche peut servir \u00e0 la consolidation de mat\u00e9riaux poreux, comme les panneaux de sous-toiture en fibres de bois.<br \/>\nLe primaire contient des solvants. V\u00e9rifier le cas \u00e9ch\u00e9ant la compatibilit\u00e9 avec le support.<\/p>\n<p>Les supports absorbants perm\u00e9ables \u00e0 la vapeur (tels les panneaux de sous-toiture en fibres de bois) peuvent \u00eatre l\u00e9g\u00e8rement humides.<\/p>\n<p>Les rubans adh\u00e9sifs peuvent \u00eatre coll\u00e9s directement sur la sous-couche encore humide. La r\u00e9sistance finale s\u2019obtient uniquement \u00e0 l\u2019\u00e9tat sec.<\/p>\n<p>Le cas \u00e9ch\u00e9ant, nous recommandons de prendre des mesures de protection, comme de b\u00e2cher l\u2019ensemble. Tant que la sous-couche n\u2019est pas s\u00e8che en profondeur, il faut la prot\u00e9ger des intemp\u00e9ries.<\/p>\n<p>En cas d\u2019utilisation de rubans adh\u00e9sifs butyliques ferm\u00e9s \u00e0 la diffusion (par exemple: EXTOSEAL) sur des supports relativement \u00e9tanches et non absorbants (b\u00e9ton par exemple), la sous-couche doit d\u2019abord s\u00e9cher en profondeur avant l\u2019application du ruban adh\u00e9sif.<\/p>\n<p>Lors de l\u2019application d\u2019une sous-couche pour des colles de raccord, utiliser exclusivement ORCON CLASSIC ou ORCON MULTIBOND.<\/p>\n<p>La sous-couche et ORCON CLASSIC doivent s\u00e9cher compl\u00e8tement en profondeur (1 \u00e0 2 jours en cas d\u2019application \u00e0 sec) avant le collage des membranes.<\/p>\n<p>&nbsp;<\/p>\n<h5>Consommation par conditionnement<\/h5>\n<p>Bombe de 400 ml<\/p>\n<p>Largeur d\u2019application<\/p>\n<ul>\n<li>60 mm env. Rendement 20 m<\/li>\n<li>75 mm env. Rendement 17 m<\/li>\n<li>150 mm env. Rendement 9 m<\/li>\n<\/ul>\n<p>Bombe de 750 ml<\/p>\n<p>Largeur d\u2019application<\/p>\n<ul>\n<li>60 mm env. Rendement 38 m<\/li>\n<li>75 mm env. Rendement 31 m<\/li>\n<li>150 mm env. Rendement 17 m<\/li>\n<\/ul>\n<p>Les quantit\u00e9s consomm\u00e9es peuvent varier selon le support et la m\u00e9thode d\u2019application.<\/p>\n<h5>Mentions de danger<\/h5>\n<p>A\u00e9rosol extr\u00eamement inflammable.<br \/>\nR\u00e9cipient sous pression: peut \u00e9clater sous l&rsquo;effet de la chaleur.<br \/>\nProvoque une irritation cutan\u00e9e.<br \/>\nProvoque une s\u00e9v\u00e8re irritation des yeux.<br \/>\nPeut provoquer somnolence ou vertiges.<br \/>\nNocif pour les organismes aquatiques, entra\u00eene des effets n\u00e9fastes \u00e0 long terme.<\/p>\n<h5>Conseils de prudence<\/h5>\n<p>En cas de consultation d&rsquo;un m\u00e9decin, garder \u00e0 disposition le r\u00e9cipient ou l&rsquo;\u00e9tiquette.<br \/>\nTenir hors de port\u00e9e des enfants.<br \/>\nTenir \u00e0 l&rsquo;\u00e9cart de la chaleur, des surfaces chaudes, des \u00e9tincelles, des flammes nues et<br \/>\nde toute autre source d&rsquo;inflammation.<br \/>\nNe pas fumer.<br \/>\nNe pas vaporiser sur une flamme nue ou sur toute autre source d&rsquo;ignition.<br \/>\nNe pas perforer, ni br\u00fbler, m\u00eame apr\u00e8s usage.<br \/>\nNe pas respirer les brouillards\/vapeurs\/a\u00e9rosols.<br \/>\n\u00c9viter tout contact avec les yeux, la peau ou les v\u00eatements.<br \/>\n<strong>EN CAS D&rsquo;INGESTION<\/strong>:<br \/>\nRincer la bouche.<br \/>\nNE PAS faire vomir.<br \/>\nProt\u00e9ger du rayonnement solaire.<br \/>\nNe pas exposer \u00e0 une temp\u00e9rature sup\u00e9rieure \u00e0 50\u00b0C\/122 \u00b0F.<br \/>\n\u00c9liminer le contenu\/r\u00e9cipient dans une installation de recyclage ou d&rsquo;\u00e9limination des d\u00e9chets agr\u00e9\u00e9e.<\/p>\n<table>\n<tbody>\n<tr>\n<td><img loading=\"lazy\" decoding=\"async\" class=\"alignnone wp-image-172506 size-thumbnail\" src=\"https:\/\/nature-et-developpement.com\/wp-content\/uploads\/picto-dangereux-pour-la-sante-ND-250x250.jpg\" alt=\"\" width=\"250\" height=\"250\" \/><\/td>\n<td><img loading=\"lazy\" decoding=\"async\" class=\"alignnone wp-image-172505 size-thumbnail\" src=\"https:\/\/nature-et-developpement.com\/wp-content\/uploads\/picto-inflammable-ND-250x250.jpg\" alt=\"\" width=\"250\" height=\"250\" \/><\/td>\n<\/tr>\n<\/tbody>\n<\/table>\n","protected":false},"excerpt":{"rendered":"<p>Sous-couche d\u2019accrochage pour bois, panneaux en fibres de bois, ma\u00e7onnerie, enduit et b\u00e9ton, pour la pr\u00e9paration et la consolidation du support en<br \/>\nvue de l\u2019application ult\u00e9rieure des rubans adh\u00e9sifs pro clima : TESCON VANA, TESCON PROFECT et la gamme EXTOSEAL.<\/p>\n","protected":false},"featured_media":1000000166671,"template":"","meta":[],"product_brand":[2745],"product_cat":[283,119,4157,4155],"product_tag":[4165],"class_list":{"0":"post-24651","1":"product","2":"type-product","3":"status-publish","4":"has-post-thumbnail","6":"product_brand-proclima","7":"product_cat-accessoires-isolation-et-etancheite","8":"product_cat-colle","9":"product_cat-etancheite-a-lair","10":"product_cat-pare-pluie","11":"product_tag-pro-clima","12":"product_shipping_class-petit-equipement-outil-eclairage","14":"first","15":"instock","16":"sale","17":"taxable","18":"shipping-taxable","19":"purchasable","20":"product-type-variable"},"yoast_head":"<!-- This site is optimized with the Yoast SEO plugin v27.5 - https:\/\/yoast.com\/product\/yoast-seo-wordpress\/ -->\n<title>Tescon SPRIMER Pro clima sous-couche d\u2019accroche en a\u00e9rosol<\/title>\n<meta name=\"description\" content=\"Sous-couche d\u2019accrochage pour bois, panneaux en fibres de bois, ma\u00e7onnerie, enduit et b\u00e9ton, pour la pr\u00e9paration et la consolidation du support en vue de l\u2019application ult\u00e9rieure des rubans adh\u00e9sifs pro clima : TESCON VANA, TESCON PROFECT et la gamme EXTOSEAL. Le Tescon SPRIMER de pro clima est une Sous-couche d\u2019accrochage en bombe a\u00e9rosol facile \u00e0 mettre en \u0153uvre, il suffit d\u2019une pulv\u00e9risation directe\" \/>\n<meta name=\"robots\" content=\"noindex, nofollow\" \/>\n<meta property=\"og:locale\" content=\"fr_FR\" \/>\n<meta property=\"og:type\" content=\"article\" \/>\n<meta property=\"og:title\" content=\"Tescon SPRIMER Pro clima sous-couche d\u2019accroche en a\u00e9rosol\" \/>\n<meta property=\"og:description\" content=\"Sous-couche d\u2019accrochage pour bois, panneaux en fibres de bois, ma\u00e7onnerie, enduit et b\u00e9ton, pour la pr\u00e9paration et la consolidation du support en vue de l\u2019application ult\u00e9rieure des rubans adh\u00e9sifs pro clima : TESCON VANA, TESCON PROFECT et la gamme EXTOSEAL. Le Tescon SPRIMER de pro clima est une Sous-couche d\u2019accrochage en bombe a\u00e9rosol facile \u00e0 mettre en \u0153uvre, il suffit d\u2019une pulv\u00e9risation directe\" \/>\n<meta property=\"og:url\" content=\"https:\/\/nature-et-developpement.com\/mndl\/produit\/tescon-sprimer-pro-clima-sous-couche-daccroche-en-aerosol\/\" \/>\n<meta property=\"og:site_name\" content=\"Mat\u00e9riaux Naturels de Lorraine\" \/>\n<meta property=\"article:modified_time\" content=\"2026-03-25T00:05:22+00:00\" \/>\n<meta name=\"twitter:card\" content=\"summary_large_image\" \/>\n<meta name=\"twitter:label1\" content=\"Dur\u00e9e de lecture estim\u00e9e\" \/>\n\t<meta name=\"twitter:data1\" content=\"3 minutes\" \/>\n<script type=\"application\/ld+json\" class=\"yoast-schema-graph\">{\"@context\":\"https:\\\/\\\/schema.org\",\"@graph\":[{\"@type\":\"WebPage\",\"@id\":\"https:\\\/\\\/nature-et-developpement.com\\\/mndl\\\/produit\\\/tescon-sprimer-pro-clima-sous-couche-daccroche-en-aerosol\\\/\",\"url\":\"https:\\\/\\\/nature-et-developpement.com\\\/mndl\\\/produit\\\/tescon-sprimer-pro-clima-sous-couche-daccroche-en-aerosol\\\/\",\"name\":\"Tescon SPRIMER Pro clima sous-couche d\u2019accroche en a\u00e9rosol\",\"isPartOf\":{\"@id\":\"https:\\\/\\\/nature-et-developpement.com\\\/mndl\\\/#website\"},\"primaryImageOfPage\":{\"@id\":\"https:\\\/\\\/nature-et-developpement.com\\\/mndl\\\/produit\\\/tescon-sprimer-pro-clima-sous-couche-daccroche-en-aerosol\\\/#primaryimage\"},\"image\":{\"@id\":\"https:\\\/\\\/nature-et-developpement.com\\\/mndl\\\/produit\\\/tescon-sprimer-pro-clima-sous-couche-daccroche-en-aerosol\\\/#primaryimage\"},\"thumbnailUrl\":\"https:\\\/\\\/nature-et-developpement.com\\\/mndl\\\/wp-content\\\/uploads\\\/Tescon-SPRIMER-Pro-clima-sous-couche-daccroche-en-aerosol.jpg\",\"datePublished\":\"2022-01-13T11:17:57+00:00\",\"dateModified\":\"2026-03-25T00:05:22+00:00\",\"description\":\"Sous-couche d\u2019accrochage pour bois, panneaux en fibres de bois, ma\u00e7onnerie, enduit et b\u00e9ton, pour la pr\u00e9paration et la consolidation du support en vue de l\u2019application ult\u00e9rieure des rubans adh\u00e9sifs pro clima : TESCON VANA, TESCON PROFECT et la gamme EXTOSEAL. Le Tescon SPRIMER de pro clima est une Sous-couche d\u2019accrochage en bombe a\u00e9rosol facile \u00e0 mettre en \u0153uvre, il suffit d\u2019une pulv\u00e9risation directe\",\"breadcrumb\":{\"@id\":\"https:\\\/\\\/nature-et-developpement.com\\\/mndl\\\/produit\\\/tescon-sprimer-pro-clima-sous-couche-daccroche-en-aerosol\\\/#breadcrumb\"},\"inLanguage\":\"fr-FR\",\"potentialAction\":[{\"@type\":\"ReadAction\",\"target\":[\"https:\\\/\\\/nature-et-developpement.com\\\/mndl\\\/produit\\\/tescon-sprimer-pro-clima-sous-couche-daccroche-en-aerosol\\\/\"]}]},{\"@type\":\"ImageObject\",\"inLanguage\":\"fr-FR\",\"@id\":\"https:\\\/\\\/nature-et-developpement.com\\\/mndl\\\/produit\\\/tescon-sprimer-pro-clima-sous-couche-daccroche-en-aerosol\\\/#primaryimage\",\"url\":\"https:\\\/\\\/nature-et-developpement.com\\\/mndl\\\/wp-content\\\/uploads\\\/Tescon-SPRIMER-Pro-clima-sous-couche-daccroche-en-aerosol.jpg\",\"contentUrl\":\"https:\\\/\\\/nature-et-developpement.com\\\/mndl\\\/wp-content\\\/uploads\\\/Tescon-SPRIMER-Pro-clima-sous-couche-daccroche-en-aerosol.jpg\"},{\"@type\":\"BreadcrumbList\",\"@id\":\"https:\\\/\\\/nature-et-developpement.com\\\/mndl\\\/produit\\\/tescon-sprimer-pro-clima-sous-couche-daccroche-en-aerosol\\\/#breadcrumb\",\"itemListElement\":[{\"@type\":\"ListItem\",\"position\":1,\"name\":\"Accueil\",\"item\":\"https:\\\/\\\/nature-et-developpement.com\\\/mndl\\\/\"},{\"@type\":\"ListItem\",\"position\":2,\"name\":\"Produits\",\"item\":\"https:\\\/\\\/nature-et-developpement.com\\\/mndl\\\/shop\\\/\"},{\"@type\":\"ListItem\",\"position\":3,\"name\":\"Isolation et \u00e9tanch\u00e9it\u00e9\",\"item\":\"https:\\\/\\\/nature-et-developpement.com\\\/mndl\\\/produits\\\/isolation-et-etancheite\\\/\"},{\"@type\":\"ListItem\",\"position\":4,\"name\":\"Pare pluie\",\"item\":\"https:\\\/\\\/nature-et-developpement.com\\\/mndl\\\/produits\\\/isolation-et-etancheite\\\/pare-pluie\\\/\"},{\"@type\":\"ListItem\",\"position\":5,\"name\":\"Tescon SPRIMER Pro clima sous-couche d\u2019accroche en a\u00e9rosol\"}]},{\"@type\":\"WebSite\",\"@id\":\"https:\\\/\\\/nature-et-developpement.com\\\/mndl\\\/#website\",\"url\":\"https:\\\/\\\/nature-et-developpement.com\\\/mndl\\\/\",\"name\":\"Mat\u00e9riaux Naturels de Lorraine\",\"description\":\"Mat\u00e9riaux Naturels de Lorraine est membre du groupement Nature &amp; D\u00e9veloppement\",\"publisher\":{\"@id\":\"https:\\\/\\\/nature-et-developpement.com\\\/mndl\\\/#organization\"},\"potentialAction\":[{\"@type\":\"SearchAction\",\"target\":{\"@type\":\"EntryPoint\",\"urlTemplate\":\"https:\\\/\\\/nature-et-developpement.com\\\/mndl\\\/?s={search_term_string}\"},\"query-input\":{\"@type\":\"PropertyValueSpecification\",\"valueRequired\":true,\"valueName\":\"search_term_string\"}}],\"inLanguage\":\"fr-FR\"},{\"@type\":\"Organization\",\"@id\":\"https:\\\/\\\/nature-et-developpement.com\\\/mndl\\\/#organization\",\"name\":\"Mat\u00e9riaux Naturels de Lorraine\",\"url\":\"https:\\\/\\\/nature-et-developpement.com\\\/mndl\\\/\",\"logo\":{\"@type\":\"ImageObject\",\"inLanguage\":\"fr-FR\",\"@id\":\"https:\\\/\\\/nature-et-developpement.com\\\/mndl\\\/#\\\/schema\\\/logo\\\/image\\\/\",\"url\":\"https:\\\/\\\/nature-et-developpement.com\\\/mndl\\\/wp-content\\\/uploads\\\/sites\\\/7\\\/2021\\\/09\\\/logo-materiaux-naturels-de-lorraine.png\",\"contentUrl\":\"https:\\\/\\\/nature-et-developpement.com\\\/mndl\\\/wp-content\\\/uploads\\\/sites\\\/7\\\/2021\\\/09\\\/logo-materiaux-naturels-de-lorraine.png\",\"width\":1924,\"height\":1668,\"caption\":\"Mat\u00e9riaux Naturels de Lorraine\"},\"image\":{\"@id\":\"https:\\\/\\\/nature-et-developpement.com\\\/mndl\\\/#\\\/schema\\\/logo\\\/image\\\/\"}}]}<\/script>\n<!-- \/ Yoast SEO plugin. -->","yoast_head_json":{"title":"Tescon SPRIMER Pro clima sous-couche d\u2019accroche en a\u00e9rosol","description":"Sous-couche d\u2019accrochage pour bois, panneaux en fibres de bois, ma\u00e7onnerie, enduit et b\u00e9ton, pour la pr\u00e9paration et la consolidation du support en vue de l\u2019application ult\u00e9rieure des rubans adh\u00e9sifs pro clima : TESCON VANA, TESCON PROFECT et la gamme EXTOSEAL. Le Tescon SPRIMER de pro clima est une Sous-couche d\u2019accrochage en bombe a\u00e9rosol facile \u00e0 mettre en \u0153uvre, il suffit d\u2019une pulv\u00e9risation directe","robots":{"index":"noindex","follow":"nofollow"},"og_locale":"fr_FR","og_type":"article","og_title":"Tescon SPRIMER Pro clima sous-couche d\u2019accroche en a\u00e9rosol","og_description":"Sous-couche d\u2019accrochage pour bois, panneaux en fibres de bois, ma\u00e7onnerie, enduit et b\u00e9ton, pour la pr\u00e9paration et la consolidation du support en vue de l\u2019application ult\u00e9rieure des rubans adh\u00e9sifs pro clima : TESCON VANA, TESCON PROFECT et la gamme EXTOSEAL. Le Tescon SPRIMER de pro clima est une Sous-couche d\u2019accrochage en bombe a\u00e9rosol facile \u00e0 mettre en \u0153uvre, il suffit d\u2019une pulv\u00e9risation directe","og_url":"https:\/\/nature-et-developpement.com\/mndl\/produit\/tescon-sprimer-pro-clima-sous-couche-daccroche-en-aerosol\/","og_site_name":"Mat\u00e9riaux Naturels de Lorraine","article_modified_time":"2026-03-25T00:05:22+00:00","twitter_card":"summary_large_image","twitter_misc":{"Dur\u00e9e de lecture estim\u00e9e":"3 minutes"},"schema":{"@context":"https:\/\/schema.org","@graph":[{"@type":"WebPage","@id":"https:\/\/nature-et-developpement.com\/mndl\/produit\/tescon-sprimer-pro-clima-sous-couche-daccroche-en-aerosol\/","url":"https:\/\/nature-et-developpement.com\/mndl\/produit\/tescon-sprimer-pro-clima-sous-couche-daccroche-en-aerosol\/","name":"Tescon SPRIMER Pro clima sous-couche d\u2019accroche en a\u00e9rosol","isPartOf":{"@id":"https:\/\/nature-et-developpement.com\/mndl\/#website"},"primaryImageOfPage":{"@id":"https:\/\/nature-et-developpement.com\/mndl\/produit\/tescon-sprimer-pro-clima-sous-couche-daccroche-en-aerosol\/#primaryimage"},"image":{"@id":"https:\/\/nature-et-developpement.com\/mndl\/produit\/tescon-sprimer-pro-clima-sous-couche-daccroche-en-aerosol\/#primaryimage"},"thumbnailUrl":"https:\/\/nature-et-developpement.com\/mndl\/wp-content\/uploads\/Tescon-SPRIMER-Pro-clima-sous-couche-daccroche-en-aerosol.jpg","datePublished":"2022-01-13T11:17:57+00:00","dateModified":"2026-03-25T00:05:22+00:00","description":"Sous-couche d\u2019accrochage pour bois, panneaux en fibres de bois, ma\u00e7onnerie, enduit et b\u00e9ton, pour la pr\u00e9paration et la consolidation du support en vue de l\u2019application ult\u00e9rieure des rubans adh\u00e9sifs pro clima : TESCON VANA, TESCON PROFECT et la gamme EXTOSEAL. Le Tescon SPRIMER de pro clima est une Sous-couche d\u2019accrochage en bombe a\u00e9rosol facile \u00e0 mettre en \u0153uvre, il suffit d\u2019une pulv\u00e9risation directe","breadcrumb":{"@id":"https:\/\/nature-et-developpement.com\/mndl\/produit\/tescon-sprimer-pro-clima-sous-couche-daccroche-en-aerosol\/#breadcrumb"},"inLanguage":"fr-FR","potentialAction":[{"@type":"ReadAction","target":["https:\/\/nature-et-developpement.com\/mndl\/produit\/tescon-sprimer-pro-clima-sous-couche-daccroche-en-aerosol\/"]}]},{"@type":"ImageObject","inLanguage":"fr-FR","@id":"https:\/\/nature-et-developpement.com\/mndl\/produit\/tescon-sprimer-pro-clima-sous-couche-daccroche-en-aerosol\/#primaryimage","url":"https:\/\/nature-et-developpement.com\/mndl\/wp-content\/uploads\/Tescon-SPRIMER-Pro-clima-sous-couche-daccroche-en-aerosol.jpg","contentUrl":"https:\/\/nature-et-developpement.com\/mndl\/wp-content\/uploads\/Tescon-SPRIMER-Pro-clima-sous-couche-daccroche-en-aerosol.jpg"},{"@type":"BreadcrumbList","@id":"https:\/\/nature-et-developpement.com\/mndl\/produit\/tescon-sprimer-pro-clima-sous-couche-daccroche-en-aerosol\/#breadcrumb","itemListElement":[{"@type":"ListItem","position":1,"name":"Accueil","item":"https:\/\/nature-et-developpement.com\/mndl\/"},{"@type":"ListItem","position":2,"name":"Produits","item":"https:\/\/nature-et-developpement.com\/mndl\/shop\/"},{"@type":"ListItem","position":3,"name":"Isolation et \u00e9tanch\u00e9it\u00e9","item":"https:\/\/nature-et-developpement.com\/mndl\/produits\/isolation-et-etancheite\/"},{"@type":"ListItem","position":4,"name":"Pare pluie","item":"https:\/\/nature-et-developpement.com\/mndl\/produits\/isolation-et-etancheite\/pare-pluie\/"},{"@type":"ListItem","position":5,"name":"Tescon SPRIMER Pro clima sous-couche d\u2019accroche en a\u00e9rosol"}]},{"@type":"WebSite","@id":"https:\/\/nature-et-developpement.com\/mndl\/#website","url":"https:\/\/nature-et-developpement.com\/mndl\/","name":"Mat\u00e9riaux Naturels de Lorraine","description":"Mat\u00e9riaux Naturels de Lorraine est membre du groupement Nature &amp; D\u00e9veloppement","publisher":{"@id":"https:\/\/nature-et-developpement.com\/mndl\/#organization"},"potentialAction":[{"@type":"SearchAction","target":{"@type":"EntryPoint","urlTemplate":"https:\/\/nature-et-developpement.com\/mndl\/?s={search_term_string}"},"query-input":{"@type":"PropertyValueSpecification","valueRequired":true,"valueName":"search_term_string"}}],"inLanguage":"fr-FR"},{"@type":"Organization","@id":"https:\/\/nature-et-developpement.com\/mndl\/#organization","name":"Mat\u00e9riaux Naturels de Lorraine","url":"https:\/\/nature-et-developpement.com\/mndl\/","logo":{"@type":"ImageObject","inLanguage":"fr-FR","@id":"https:\/\/nature-et-developpement.com\/mndl\/#\/schema\/logo\/image\/","url":"https:\/\/nature-et-developpement.com\/mndl\/wp-content\/uploads\/sites\/7\/2021\/09\/logo-materiaux-naturels-de-lorraine.png","contentUrl":"https:\/\/nature-et-developpement.com\/mndl\/wp-content\/uploads\/sites\/7\/2021\/09\/logo-materiaux-naturels-de-lorraine.png","width":1924,"height":1668,"caption":"Mat\u00e9riaux Naturels de Lorraine"},"image":{"@id":"https:\/\/nature-et-developpement.com\/mndl\/#\/schema\/logo\/image\/"}}]}},"distributor_meta":false,"distributor_terms":false,"distributor_media":false,"distributor_original_site_name":"Mat\u00e9riaux Naturels de Lorraine","distributor_original_site_url":"https:\/\/nature-et-developpement.com\/mndl","push-errors":false,"_links":{"self":[{"href":"https:\/\/nature-et-developpement.com\/mndl\/wp-json\/wp\/v2\/product\/24651","targetHints":{"allow":["GET"]}}],"collection":[{"href":"https:\/\/nature-et-developpement.com\/mndl\/wp-json\/wp\/v2\/product"}],"about":[{"href":"https:\/\/nature-et-developpement.com\/mndl\/wp-json\/wp\/v2\/types\/product"}],"wp:featuredmedia":[{"embeddable":true,"href":"https:\/\/nature-et-developpement.com\/mndl\/wp-json\/"}],"wp:attachment":[{"href":"https:\/\/nature-et-developpement.com\/mndl\/wp-json\/wp\/v2\/media?parent=24651"}],"wp:term":[{"taxonomy":"product_brand","embeddable":true,"href":"https:\/\/nature-et-developpement.com\/mndl\/wp-json\/wp\/v2\/product_brand?post=24651"},{"taxonomy":"product_cat","embeddable":true,"href":"https:\/\/nature-et-developpement.com\/mndl\/wp-json\/wp\/v2\/product_cat?post=24651"},{"taxonomy":"product_tag","embeddable":true,"href":"https:\/\/nature-et-developpement.com\/mndl\/wp-json\/wp\/v2\/product_tag?post=24651"}],"curies":[{"name":"wp","href":"https:\/\/api.w.org\/{rel}","templated":true}]}}