{"id":26134,"date":"2020-05-15T16:07:13","date_gmt":"2020-05-15T14:07:13","guid":{"rendered":"https:\/\/nature-et-developpement.com\/mndl\/produit\/sous-couche-phonique-meister-silence-15-avec-pare-vapeur\/"},"modified":"2026-03-26T19:35:19","modified_gmt":"2026-03-26T18:35:19","slug":"sous-couche-phonique-meister-silence-15-avec-pare-vapeur","status":"publish","type":"product","link":"https:\/\/nature-et-developpement.com\/mndl\/produit\/sous-couche-phonique-meister-silence-15-avec-pare-vapeur\/","title":{"rendered":"Sous-couche phonique MEISTER Silence 15 avec pare-vapeur"},"content":{"rendered":"<p>MEISTER-Silence 15 DB est un tapis d\u2019isolation phonique sp\u00e9cialement con\u00e7u avec pare-vapeur int\u00e9gr\u00e9, majoritairement \u00e0 base naturelle et \u00e9cologique (plus de 90%) pour la pose libre, \u00e0 utiliser sous les parquets Longlife, les sols en bois Lindura, les sols Nadura, les sols stratifi\u00e9s, les sols design Silent Touch de MEISTER et \u00e9ventuellement sous les sols li\u00e8ge et les linol\u00e9ums. Il offre un amortissement phonique bon gr\u00e2ce \u00e0 sa masse volumique \u00e9lev\u00e9e.<\/p>\n","protected":false},"excerpt":{"rendered":"<p>\u00c9paisseur d\u2018env. 2 mm, compos\u00e9 d\u2018un m\u00e9lange de min\u00e9raux et de polyur\u00e9thane, avec pare-vapeur int\u00e9gr\u00e9 et bande aluminium adh\u00e9sive.<\/p>\n<p>Stabilit\u00e9 de pression (valeur r\u00e9sistance en compression) : env. 220 kPa<\/p>\n<p>R\u00e9duction d\u2018acoustique : jusqu\u2018\u00e0 22 % R\u00e9duction du bruit de pas : jusqu\u2018\u00e0 18 dB<\/p>\n","protected":false},"featured_media":1000000158257,"template":"","meta":[],"product_brand":[4511],"product_cat":[91,18],"product_tag":[],"class_list":{"0":"post-26134","1":"product","2":"type-product","3":"status-publish","4":"has-post-thumbnail","6":"product_brand-meister-accessoire","7":"product_cat-plinthes-et-accessoires","8":"product_cat-sous-couche-parquet","9":"product_shipping_class-petit-equipement-outil-eclairage","11":"first","12":"instock","13":"taxable","14":"shipping-taxable","15":"purchasable","16":"product-type-variable"},"yoast_head":"<!-- This site is optimized with the Yoast SEO plugin v27.5 - https:\/\/yoast.com\/product\/yoast-seo-wordpress\/ -->\n<title>Sous-couche phonique MEISTER Silence 15 avec pare-vapeur<\/title>\n<meta name=\"description\" content=\"\u00c9paisseur d\u2018env. 2 mm, compos\u00e9 d\u2018un m\u00e9lange de min\u00e9raux et de polyur\u00e9thane, avec pare-vapeur int\u00e9gr\u00e9 et bande aluminium adh\u00e9sive.  Stabilit\u00e9 de pression (valeur r\u00e9sistance en compression) : env. 220 kPa  R\u00e9duction d\u2018acoustique : jusqu\u2018\u00e0 22 % R\u00e9duction du bruit de pas : jusqu\u2018\u00e0 18 dB\" \/>\n<meta name=\"robots\" content=\"noindex, nofollow\" \/>\n<meta property=\"og:locale\" content=\"fr_FR\" \/>\n<meta property=\"og:type\" content=\"article\" \/>\n<meta property=\"og:title\" content=\"Sous-couche phonique MEISTER Silence 15 avec pare-vapeur\" \/>\n<meta property=\"og:description\" content=\"\u00c9paisseur d\u2018env. 2 mm, compos\u00e9 d\u2018un m\u00e9lange de min\u00e9raux et de polyur\u00e9thane, avec pare-vapeur int\u00e9gr\u00e9 et bande aluminium adh\u00e9sive.  Stabilit\u00e9 de pression (valeur r\u00e9sistance en compression) : env. 220 kPa  R\u00e9duction d\u2018acoustique : jusqu\u2018\u00e0 22 % R\u00e9duction du bruit de pas : jusqu\u2018\u00e0 18 dB\" \/>\n<meta property=\"og:url\" content=\"https:\/\/nature-et-developpement.com\/mndl\/produit\/sous-couche-phonique-meister-silence-15-avec-pare-vapeur\/\" \/>\n<meta property=\"og:site_name\" content=\"Mat\u00e9riaux Naturels de Lorraine\" \/>\n<meta property=\"article:modified_time\" content=\"2026-03-26T18:35:19+00:00\" \/>\n<meta name=\"twitter:card\" content=\"summary_large_image\" \/>\n<script type=\"application\/ld+json\" class=\"yoast-schema-graph\">{\"@context\":\"https:\\\/\\\/schema.org\",\"@graph\":[{\"@type\":\"WebPage\",\"@id\":\"https:\\\/\\\/nature-et-developpement.com\\\/mndl\\\/produit\\\/sous-couche-phonique-meister-silence-15-avec-pare-vapeur\\\/\",\"url\":\"https:\\\/\\\/nature-et-developpement.com\\\/mndl\\\/produit\\\/sous-couche-phonique-meister-silence-15-avec-pare-vapeur\\\/\",\"name\":\"Sous-couche phonique MEISTER Silence 15 avec pare-vapeur\",\"isPartOf\":{\"@id\":\"https:\\\/\\\/nature-et-developpement.com\\\/mndl\\\/#website\"},\"primaryImageOfPage\":{\"@id\":\"https:\\\/\\\/nature-et-developpement.com\\\/mndl\\\/produit\\\/sous-couche-phonique-meister-silence-15-avec-pare-vapeur\\\/#primaryimage\"},\"image\":{\"@id\":\"https:\\\/\\\/nature-et-developpement.com\\\/mndl\\\/produit\\\/sous-couche-phonique-meister-silence-15-avec-pare-vapeur\\\/#primaryimage\"},\"thumbnailUrl\":\"https:\\\/\\\/nature-et-developpement.com\\\/mndl\\\/wp-content\\\/uploads\\\/Sous-couche-MEISTER-906009000-1.jpg\",\"datePublished\":\"2020-05-15T14:07:13+00:00\",\"dateModified\":\"2026-03-26T18:35:19+00:00\",\"description\":\"\u00c9paisseur d\u2018env. 2 mm, compos\u00e9 d\u2018un m\u00e9lange de min\u00e9raux et de polyur\u00e9thane, avec pare-vapeur int\u00e9gr\u00e9 et bande aluminium adh\u00e9sive. Stabilit\u00e9 de pression (valeur r\u00e9sistance en compression) : env. 220 kPa R\u00e9duction d\u2018acoustique : jusqu\u2018\u00e0 22 % R\u00e9duction du bruit de pas : jusqu\u2018\u00e0 18 dB\",\"breadcrumb\":{\"@id\":\"https:\\\/\\\/nature-et-developpement.com\\\/mndl\\\/produit\\\/sous-couche-phonique-meister-silence-15-avec-pare-vapeur\\\/#breadcrumb\"},\"inLanguage\":\"fr-FR\",\"potentialAction\":[{\"@type\":\"ReadAction\",\"target\":[\"https:\\\/\\\/nature-et-developpement.com\\\/mndl\\\/produit\\\/sous-couche-phonique-meister-silence-15-avec-pare-vapeur\\\/\"]}]},{\"@type\":\"ImageObject\",\"inLanguage\":\"fr-FR\",\"@id\":\"https:\\\/\\\/nature-et-developpement.com\\\/mndl\\\/produit\\\/sous-couche-phonique-meister-silence-15-avec-pare-vapeur\\\/#primaryimage\",\"url\":\"https:\\\/\\\/nature-et-developpement.com\\\/mndl\\\/wp-content\\\/uploads\\\/Sous-couche-MEISTER-906009000-1.jpg\",\"contentUrl\":\"https:\\\/\\\/nature-et-developpement.com\\\/mndl\\\/wp-content\\\/uploads\\\/Sous-couche-MEISTER-906009000-1.jpg\"},{\"@type\":\"BreadcrumbList\",\"@id\":\"https:\\\/\\\/nature-et-developpement.com\\\/mndl\\\/produit\\\/sous-couche-phonique-meister-silence-15-avec-pare-vapeur\\\/#breadcrumb\",\"itemListElement\":[{\"@type\":\"ListItem\",\"position\":1,\"name\":\"Accueil\",\"item\":\"https:\\\/\\\/nature-et-developpement.com\\\/mndl\\\/\"},{\"@type\":\"ListItem\",\"position\":2,\"name\":\"Produits\",\"item\":\"https:\\\/\\\/nature-et-developpement.com\\\/mndl\\\/shop\\\/\"},{\"@type\":\"ListItem\",\"position\":3,\"name\":\"Parquets bois, stratifi\u00e9s et li\u00e8ge\",\"item\":\"https:\\\/\\\/nature-et-developpement.com\\\/mndl\\\/produits\\\/parquet-et-sol-naturels\\\/\"},{\"@type\":\"ListItem\",\"position\":4,\"name\":\"Sous-couche pour parquet\",\"item\":\"https:\\\/\\\/nature-et-developpement.com\\\/mndl\\\/produits\\\/parquet-et-sol-naturels\\\/sous-couche-parquet\\\/\"},{\"@type\":\"ListItem\",\"position\":5,\"name\":\"Sous-couche phonique MEISTER Silence 15 avec pare-vapeur\"}]},{\"@type\":\"WebSite\",\"@id\":\"https:\\\/\\\/nature-et-developpement.com\\\/mndl\\\/#website\",\"url\":\"https:\\\/\\\/nature-et-developpement.com\\\/mndl\\\/\",\"name\":\"Mat\u00e9riaux Naturels de Lorraine\",\"description\":\"Mat\u00e9riaux Naturels de Lorraine est membre du groupement Nature &amp; D\u00e9veloppement\",\"publisher\":{\"@id\":\"https:\\\/\\\/nature-et-developpement.com\\\/mndl\\\/#organization\"},\"potentialAction\":[{\"@type\":\"SearchAction\",\"target\":{\"@type\":\"EntryPoint\",\"urlTemplate\":\"https:\\\/\\\/nature-et-developpement.com\\\/mndl\\\/?s={search_term_string}\"},\"query-input\":{\"@type\":\"PropertyValueSpecification\",\"valueRequired\":true,\"valueName\":\"search_term_string\"}}],\"inLanguage\":\"fr-FR\"},{\"@type\":\"Organization\",\"@id\":\"https:\\\/\\\/nature-et-developpement.com\\\/mndl\\\/#organization\",\"name\":\"Mat\u00e9riaux Naturels de Lorraine\",\"url\":\"https:\\\/\\\/nature-et-developpement.com\\\/mndl\\\/\",\"logo\":{\"@type\":\"ImageObject\",\"inLanguage\":\"fr-FR\",\"@id\":\"https:\\\/\\\/nature-et-developpement.com\\\/mndl\\\/#\\\/schema\\\/logo\\\/image\\\/\",\"url\":\"https:\\\/\\\/nature-et-developpement.com\\\/mndl\\\/wp-content\\\/uploads\\\/sites\\\/7\\\/2021\\\/09\\\/logo-materiaux-naturels-de-lorraine.png\",\"contentUrl\":\"https:\\\/\\\/nature-et-developpement.com\\\/mndl\\\/wp-content\\\/uploads\\\/sites\\\/7\\\/2021\\\/09\\\/logo-materiaux-naturels-de-lorraine.png\",\"width\":1924,\"height\":1668,\"caption\":\"Mat\u00e9riaux Naturels de Lorraine\"},\"image\":{\"@id\":\"https:\\\/\\\/nature-et-developpement.com\\\/mndl\\\/#\\\/schema\\\/logo\\\/image\\\/\"}}]}<\/script>\n<!-- \/ Yoast SEO plugin. -->","yoast_head_json":{"title":"Sous-couche phonique MEISTER Silence 15 avec pare-vapeur","description":"\u00c9paisseur d\u2018env. 2 mm, compos\u00e9 d\u2018un m\u00e9lange de min\u00e9raux et de polyur\u00e9thane, avec pare-vapeur int\u00e9gr\u00e9 et bande aluminium adh\u00e9sive.  Stabilit\u00e9 de pression (valeur r\u00e9sistance en compression) : env. 220 kPa  R\u00e9duction d\u2018acoustique : jusqu\u2018\u00e0 22 % R\u00e9duction du bruit de pas : jusqu\u2018\u00e0 18 dB","robots":{"index":"noindex","follow":"nofollow"},"og_locale":"fr_FR","og_type":"article","og_title":"Sous-couche phonique MEISTER Silence 15 avec pare-vapeur","og_description":"\u00c9paisseur d\u2018env. 2 mm, compos\u00e9 d\u2018un m\u00e9lange de min\u00e9raux et de polyur\u00e9thane, avec pare-vapeur int\u00e9gr\u00e9 et bande aluminium adh\u00e9sive.  Stabilit\u00e9 de pression (valeur r\u00e9sistance en compression) : env. 220 kPa  R\u00e9duction d\u2018acoustique : jusqu\u2018\u00e0 22 % R\u00e9duction du bruit de pas : jusqu\u2018\u00e0 18 dB","og_url":"https:\/\/nature-et-developpement.com\/mndl\/produit\/sous-couche-phonique-meister-silence-15-avec-pare-vapeur\/","og_site_name":"Mat\u00e9riaux Naturels de Lorraine","article_modified_time":"2026-03-26T18:35:19+00:00","twitter_card":"summary_large_image","schema":{"@context":"https:\/\/schema.org","@graph":[{"@type":"WebPage","@id":"https:\/\/nature-et-developpement.com\/mndl\/produit\/sous-couche-phonique-meister-silence-15-avec-pare-vapeur\/","url":"https:\/\/nature-et-developpement.com\/mndl\/produit\/sous-couche-phonique-meister-silence-15-avec-pare-vapeur\/","name":"Sous-couche phonique MEISTER Silence 15 avec pare-vapeur","isPartOf":{"@id":"https:\/\/nature-et-developpement.com\/mndl\/#website"},"primaryImageOfPage":{"@id":"https:\/\/nature-et-developpement.com\/mndl\/produit\/sous-couche-phonique-meister-silence-15-avec-pare-vapeur\/#primaryimage"},"image":{"@id":"https:\/\/nature-et-developpement.com\/mndl\/produit\/sous-couche-phonique-meister-silence-15-avec-pare-vapeur\/#primaryimage"},"thumbnailUrl":"https:\/\/nature-et-developpement.com\/mndl\/wp-content\/uploads\/Sous-couche-MEISTER-906009000-1.jpg","datePublished":"2020-05-15T14:07:13+00:00","dateModified":"2026-03-26T18:35:19+00:00","description":"\u00c9paisseur d\u2018env. 2 mm, compos\u00e9 d\u2018un m\u00e9lange de min\u00e9raux et de polyur\u00e9thane, avec pare-vapeur int\u00e9gr\u00e9 et bande aluminium adh\u00e9sive. Stabilit\u00e9 de pression (valeur r\u00e9sistance en compression) : env. 220 kPa R\u00e9duction d\u2018acoustique : jusqu\u2018\u00e0 22 % R\u00e9duction du bruit de pas : jusqu\u2018\u00e0 18 dB","breadcrumb":{"@id":"https:\/\/nature-et-developpement.com\/mndl\/produit\/sous-couche-phonique-meister-silence-15-avec-pare-vapeur\/#breadcrumb"},"inLanguage":"fr-FR","potentialAction":[{"@type":"ReadAction","target":["https:\/\/nature-et-developpement.com\/mndl\/produit\/sous-couche-phonique-meister-silence-15-avec-pare-vapeur\/"]}]},{"@type":"ImageObject","inLanguage":"fr-FR","@id":"https:\/\/nature-et-developpement.com\/mndl\/produit\/sous-couche-phonique-meister-silence-15-avec-pare-vapeur\/#primaryimage","url":"https:\/\/nature-et-developpement.com\/mndl\/wp-content\/uploads\/Sous-couche-MEISTER-906009000-1.jpg","contentUrl":"https:\/\/nature-et-developpement.com\/mndl\/wp-content\/uploads\/Sous-couche-MEISTER-906009000-1.jpg"},{"@type":"BreadcrumbList","@id":"https:\/\/nature-et-developpement.com\/mndl\/produit\/sous-couche-phonique-meister-silence-15-avec-pare-vapeur\/#breadcrumb","itemListElement":[{"@type":"ListItem","position":1,"name":"Accueil","item":"https:\/\/nature-et-developpement.com\/mndl\/"},{"@type":"ListItem","position":2,"name":"Produits","item":"https:\/\/nature-et-developpement.com\/mndl\/shop\/"},{"@type":"ListItem","position":3,"name":"Parquets bois, stratifi\u00e9s et li\u00e8ge","item":"https:\/\/nature-et-developpement.com\/mndl\/produits\/parquet-et-sol-naturels\/"},{"@type":"ListItem","position":4,"name":"Sous-couche pour parquet","item":"https:\/\/nature-et-developpement.com\/mndl\/produits\/parquet-et-sol-naturels\/sous-couche-parquet\/"},{"@type":"ListItem","position":5,"name":"Sous-couche phonique MEISTER Silence 15 avec pare-vapeur"}]},{"@type":"WebSite","@id":"https:\/\/nature-et-developpement.com\/mndl\/#website","url":"https:\/\/nature-et-developpement.com\/mndl\/","name":"Mat\u00e9riaux Naturels de Lorraine","description":"Mat\u00e9riaux Naturels de Lorraine est membre du groupement Nature &amp; D\u00e9veloppement","publisher":{"@id":"https:\/\/nature-et-developpement.com\/mndl\/#organization"},"potentialAction":[{"@type":"SearchAction","target":{"@type":"EntryPoint","urlTemplate":"https:\/\/nature-et-developpement.com\/mndl\/?s={search_term_string}"},"query-input":{"@type":"PropertyValueSpecification","valueRequired":true,"valueName":"search_term_string"}}],"inLanguage":"fr-FR"},{"@type":"Organization","@id":"https:\/\/nature-et-developpement.com\/mndl\/#organization","name":"Mat\u00e9riaux Naturels de Lorraine","url":"https:\/\/nature-et-developpement.com\/mndl\/","logo":{"@type":"ImageObject","inLanguage":"fr-FR","@id":"https:\/\/nature-et-developpement.com\/mndl\/#\/schema\/logo\/image\/","url":"https:\/\/nature-et-developpement.com\/mndl\/wp-content\/uploads\/sites\/7\/2021\/09\/logo-materiaux-naturels-de-lorraine.png","contentUrl":"https:\/\/nature-et-developpement.com\/mndl\/wp-content\/uploads\/sites\/7\/2021\/09\/logo-materiaux-naturels-de-lorraine.png","width":1924,"height":1668,"caption":"Mat\u00e9riaux Naturels de Lorraine"},"image":{"@id":"https:\/\/nature-et-developpement.com\/mndl\/#\/schema\/logo\/image\/"}}]}},"distributor_meta":false,"distributor_terms":false,"distributor_media":false,"distributor_original_site_name":"Mat\u00e9riaux Naturels de Lorraine","distributor_original_site_url":"https:\/\/nature-et-developpement.com\/mndl","push-errors":false,"_links":{"self":[{"href":"https:\/\/nature-et-developpement.com\/mndl\/wp-json\/wp\/v2\/product\/26134","targetHints":{"allow":["GET"]}}],"collection":[{"href":"https:\/\/nature-et-developpement.com\/mndl\/wp-json\/wp\/v2\/product"}],"about":[{"href":"https:\/\/nature-et-developpement.com\/mndl\/wp-json\/wp\/v2\/types\/product"}],"wp:featuredmedia":[{"embeddable":true,"href":"https:\/\/nature-et-developpement.com\/mndl\/wp-json\/"}],"wp:attachment":[{"href":"https:\/\/nature-et-developpement.com\/mndl\/wp-json\/wp\/v2\/media?parent=26134"}],"wp:term":[{"taxonomy":"product_brand","embeddable":true,"href":"https:\/\/nature-et-developpement.com\/mndl\/wp-json\/wp\/v2\/product_brand?post=26134"},{"taxonomy":"product_cat","embeddable":true,"href":"https:\/\/nature-et-developpement.com\/mndl\/wp-json\/wp\/v2\/product_cat?post=26134"},{"taxonomy":"product_tag","embeddable":true,"href":"https:\/\/nature-et-developpement.com\/mndl\/wp-json\/wp\/v2\/product_tag?post=26134"}],"curies":[{"name":"wp","href":"https:\/\/api.w.org\/{rel}","templated":true}]}}