{"id":30167,"date":"2020-09-01T00:00:00","date_gmt":"2020-08-31T22:00:00","guid":{"rendered":"https:\/\/nature-et-developpement.com\/mndl\/produit\/panneau-isolant-souple-thermoflex-gutex\/"},"modified":"2025-11-19T15:45:12","modified_gmt":"2025-11-19T14:45:12","slug":"panneau-isolant-souple-thermoflex-gutex","status":"publish","type":"product","link":"https:\/\/nature-et-developpement.com\/mndl\/produit\/panneau-isolant-souple-thermoflex-gutex\/","title":{"rendered":"Panneau isolant souple Thermoflex Gutex"},"content":{"rendered":"<h2>La nouvelle g\u00e9n\u00e9ration Thermoflex est le meilleur panneau isolant souple en fibres de bois disponible sur le march\u00e9 !<\/h2>\n<p>Gr\u00e2ce \u00e0 sa structure en fibres particuli\u00e8rement homog\u00e8ne, ce panneau s&rsquo;av\u00e8re stable et assure un bon effet de calage. De la sorte, il s&rsquo;ins\u00e8re ais\u00e9ment dans la cavit\u00e9 tout en conservant sa forme \u00e0 long terme. Il en r\u00e9sulte une performance thermique \u00e9lev\u00e9e \u2013 pour aujourd&rsquo;hui, demain et apr\u00e8s-demain.<\/p>\n<h4>Autre atout de taille\u00a0:<\/h4>\n<p>Le nouveau panneau Thermoflex\u00ae d\u00e9gage nettement moins de poussi\u00e8re que les panneaux isolants souples comparables. Cette qualit\u00e9 est importante pour le bien-\u00eatre et la sant\u00e9 des poseurs, mais aussi pour la propret\u00e9 du chantier. Par ailleurs, c&rsquo;est un \u00adpanneau agr\u00e9able au toucher et d&rsquo;un aspect superbe: sa structure est presque aussi pr\u00e9cise et d\u00e9finie que celle d&rsquo;un panneau rigide. Ces caract\u00e9ristiques permettent une d\u00e9coupe rapide et propre. Il en r\u00e9sulte un temps de pose r\u00e9duit et moins de pertes.<\/p>\n<h3>Veuillez tenir compte des remarques suivantes:<\/h3>\n<div class=\"row\">\n<div class=\"column medium-up-column-count-2\">\n<div class=\"instruction\">\n<h4>CONSEILS POUR LA POSE:<\/h4>\n<div>\n<p><strong>&#8230; g\u00e9n\u00e9ralit\u00e9s<\/strong><\/p>\n<\/div>\n<div>\n<ul>\n<li>Stocker et mettre en \u0153uvre les panneaux dans un endroit sec<\/li>\n<li>Prot\u00e9ger de l&rsquo;humidit\u00e9<\/li>\n<li>Ne pas empiler les palettes<\/li>\n<li>Effectuer la d\u00e9coupe avec une scie \u00e9go\u00efne \u00e9lectrique, une scie \u00e0 ruban ou un couteau GUTEX Thermoflex<\/li>\n<li>Aspiration de la poussi\u00e8re conform\u00e9ment aux instructions de la caisse de pr\u00e9voyance contre les accidents du travail, respecter les dispositions du label TR GS 553<\/li>\n<li>Per\u00e7age avec des forets m\u00e9talliques ou \u00e0 pierre \u00e0 pleine vitesse<\/li>\n<li>Per\u00e7age de trous pour bo\u00eetes d&rsquo;encastrement ou passages<\/li>\n<\/ul>\n<p>&nbsp;<\/p>\n<p><strong>tubulaires possible avec des scies cloches<\/strong><\/p>\n<ul>\n<li>GUTEX Thermoflex peut \u00eatre soumis \u00e0 une temp\u00e9rature de jusqu&rsquo;\u00e0 100\u00a0\u00b0C \u00e9galement pendant une p\u00e9riode prolong\u00e9e. Dans tous les cas, il faut emp\u00eacher une sollicitation due \u00e0 une flamme ouverte. De plus, dans le cas de sources de chaleur locales telles que des lampes encastr\u00e9es, nous recommandons d&rsquo;enfermer celles-ci dans des bo\u00eetes appropri\u00e9es.<\/li>\n<\/ul>\n<p>&nbsp;<\/p>\n<p><strong>&#8230; entre des montants en bois ou des poutres<\/strong><\/p>\n<\/div>\n<div>\n<ul>\n<li>D\u00e9couper avec une sur\u00e9paisseur en longueur et en largeur et serrer<\/li>\n<\/ul>\n<\/div>\n<div>\n<div>\n<ul>\n<li>Les joints p\u00e9riph\u00e9riques sont \u00e9vit\u00e9s en comprimant le panneau<\/li>\n<li>Du point de vue de l&rsquo;isolation phonique, un remplissage \u00e0 80\u00a0% des parois int\u00e9rieures des montants en bois est judicieux<\/li>\n<li>En tenant compte de la sur\u00e9paisseur lors de la d\u00e9coupe, deux \u00e9l\u00e9ments peuvent aussi \u00eatre serr\u00e9s c\u00f4te \u00e0 c\u00f4te, ce qui minimise les rognures<\/li>\n<li>Selon la construction et la qualit\u00e9 des chevrons\/ poutres de plancher ainsi qu&rsquo;en fonction de la pente de toiture, les valeurs peuvent diverger vers le haut ou le bas.<\/li>\n<li>La sur\u00e9paisseur pour la bonne insertion du panneau est \u2265 1 % de la largeur int\u00e9rieure de la cavit\u00e9.<\/li>\n<li>Les panneaux pos\u00e9s dans la partie du toit et du plafond sont \u00e0 s\u00e9curiser contre toute chute au plus tard le lendemain.<\/li>\n<\/ul>\n<\/div>\n<\/div>\n<\/div>\n<\/div>\n<\/div>\n<div class=\"img\">\n<p><strong>&#8230; ENTRE DES MONTANTS M\u00c9TALLIQUES<\/strong><\/p>\n<div>\n<ul>\n<li>Isoler d&rsquo;abord les zones d&rsquo;extr\u00e9mit\u00e9 avec les profil\u00e9s CW orient\u00e9s les uns vers les autres<\/li>\n<li>R\u00e9gler l&rsquo;isolation, mettre les profil\u00e9s dans la position d\u00e9finitive puis les fixer<\/li>\n<li>Isoler ensuite les zones restantes<\/li>\n<\/ul>\n<\/div>\n<\/div>\n","protected":false},"excerpt":{"rendered":"<p>GUTEX Thermoflex est un panneau isolant flexible en fibre de bois pour l\u2019isolation entre les chevrons et les colombages.<br \/>\nUne excellente tenue m\u00e9canique<br \/>\nPeu de poussi\u00e8re \u00e0 la pose<br \/>\nPouvoir isolant \u00e9lev\u00e9 \u00e0 long terme<\/p>\n<p><strong>Certification ACERMI<\/strong><br \/>\n<span style=\"color: #2aa4a9\"><em><strong>\u00c9ligible aux aides gouvernementales<\/strong><\/em><\/span><\/p>\n","protected":false},"featured_media":1000000169704,"template":"","meta":[],"product_brand":[2768],"product_cat":[2848,4153,4154],"product_tag":[4194],"class_list":{"0":"post-30167","1":"product","2":"type-product","3":"status-publish","4":"has-post-thumbnail","6":"product_brand-gutex","7":"product_cat-demande-de-devis-uniquement-sans-prix","8":"product_cat-isolation-interieure","9":"product_cat-isolation-phonique","10":"product_tag-gutex","12":"first","13":"instock","14":"taxable","15":"shipping-taxable","16":"purchasable","17":"product-type-variable"},"yoast_head":"<!-- This site is optimized with the Yoast SEO plugin v27.5 - https:\/\/yoast.com\/product\/yoast-seo-wordpress\/ -->\n<title>Panneau isolant souple Thermoflex Gutex<\/title>\n<meta name=\"description\" content=\"GUTEX Thermoflex est un panneau isolant flexible en fibre de bois pour l\u2019isolation entre les chevrons et les colombages. Une excellente tenue m\u00e9canique Peu de poussi\u00e8re \u00e0 la pose Pouvoir isolant \u00e9lev\u00e9 \u00e0 long terme  Certification ACERMI \u00c9ligible aux aides gouvernementales\" \/>\n<meta name=\"robots\" content=\"noindex, nofollow\" \/>\n<meta property=\"og:locale\" content=\"fr_FR\" \/>\n<meta property=\"og:type\" content=\"article\" \/>\n<meta property=\"og:title\" content=\"Panneau isolant souple Thermoflex Gutex\" \/>\n<meta property=\"og:description\" content=\"GUTEX Thermoflex est un panneau isolant flexible en fibre de bois pour l\u2019isolation entre les chevrons et les colombages. Une excellente tenue m\u00e9canique Peu de poussi\u00e8re \u00e0 la pose Pouvoir isolant \u00e9lev\u00e9 \u00e0 long terme  Certification ACERMI \u00c9ligible aux aides gouvernementales\" \/>\n<meta property=\"og:url\" content=\"https:\/\/nature-et-developpement.com\/mndl\/produit\/panneau-isolant-souple-thermoflex-gutex\/\" \/>\n<meta property=\"og:site_name\" content=\"Mat\u00e9riaux Naturels de Lorraine\" \/>\n<meta property=\"article:modified_time\" content=\"2025-11-19T14:45:12+00:00\" \/>\n<meta name=\"twitter:card\" content=\"summary_large_image\" \/>\n<meta name=\"twitter:label1\" content=\"Dur\u00e9e de lecture estim\u00e9e\" \/>\n\t<meta name=\"twitter:data1\" content=\"3 minutes\" \/>\n<script type=\"application\/ld+json\" class=\"yoast-schema-graph\">{\"@context\":\"https:\\\/\\\/schema.org\",\"@graph\":[{\"@type\":\"WebPage\",\"@id\":\"https:\\\/\\\/nature-et-developpement.com\\\/mndl\\\/produit\\\/panneau-isolant-souple-thermoflex-gutex\\\/\",\"url\":\"https:\\\/\\\/nature-et-developpement.com\\\/mndl\\\/produit\\\/panneau-isolant-souple-thermoflex-gutex\\\/\",\"name\":\"Panneau isolant souple Thermoflex Gutex\",\"isPartOf\":{\"@id\":\"https:\\\/\\\/nature-et-developpement.com\\\/mndl\\\/#website\"},\"primaryImageOfPage\":{\"@id\":\"https:\\\/\\\/nature-et-developpement.com\\\/mndl\\\/produit\\\/panneau-isolant-souple-thermoflex-gutex\\\/#primaryimage\"},\"image\":{\"@id\":\"https:\\\/\\\/nature-et-developpement.com\\\/mndl\\\/produit\\\/panneau-isolant-souple-thermoflex-gutex\\\/#primaryimage\"},\"thumbnailUrl\":\"https:\\\/\\\/nature-et-developpement.com\\\/mndl\\\/wp-content\\\/uploads\\\/Panneau-isolant-souple-Thermoflex-Gutex.jpg\",\"datePublished\":\"2020-08-31T22:00:00+00:00\",\"dateModified\":\"2025-11-19T14:45:12+00:00\",\"description\":\"GUTEX Thermoflex est un panneau isolant flexible en fibre de bois pour l\u2019isolation entre les chevrons et les colombages. Une excellente tenue m\u00e9canique Peu de poussi\u00e8re \u00e0 la pose Pouvoir isolant \u00e9lev\u00e9 \u00e0 long terme Certification ACERMI \u00c9ligible aux aides gouvernementales\",\"breadcrumb\":{\"@id\":\"https:\\\/\\\/nature-et-developpement.com\\\/mndl\\\/produit\\\/panneau-isolant-souple-thermoflex-gutex\\\/#breadcrumb\"},\"inLanguage\":\"fr-FR\",\"potentialAction\":[{\"@type\":\"ReadAction\",\"target\":[\"https:\\\/\\\/nature-et-developpement.com\\\/mndl\\\/produit\\\/panneau-isolant-souple-thermoflex-gutex\\\/\"]}]},{\"@type\":\"ImageObject\",\"inLanguage\":\"fr-FR\",\"@id\":\"https:\\\/\\\/nature-et-developpement.com\\\/mndl\\\/produit\\\/panneau-isolant-souple-thermoflex-gutex\\\/#primaryimage\",\"url\":\"https:\\\/\\\/nature-et-developpement.com\\\/mndl\\\/wp-content\\\/uploads\\\/Panneau-isolant-souple-Thermoflex-Gutex.jpg\",\"contentUrl\":\"https:\\\/\\\/nature-et-developpement.com\\\/mndl\\\/wp-content\\\/uploads\\\/Panneau-isolant-souple-Thermoflex-Gutex.jpg\"},{\"@type\":\"BreadcrumbList\",\"@id\":\"https:\\\/\\\/nature-et-developpement.com\\\/mndl\\\/produit\\\/panneau-isolant-souple-thermoflex-gutex\\\/#breadcrumb\",\"itemListElement\":[{\"@type\":\"ListItem\",\"position\":1,\"name\":\"Accueil\",\"item\":\"https:\\\/\\\/nature-et-developpement.com\\\/mndl\\\/\"},{\"@type\":\"ListItem\",\"position\":2,\"name\":\"Produits\",\"item\":\"https:\\\/\\\/nature-et-developpement.com\\\/mndl\\\/shop\\\/\"},{\"@type\":\"ListItem\",\"position\":3,\"name\":\"Isolation et \u00e9tanch\u00e9it\u00e9\",\"item\":\"https:\\\/\\\/nature-et-developpement.com\\\/mndl\\\/produits\\\/isolation-et-etancheite\\\/\"},{\"@type\":\"ListItem\",\"position\":4,\"name\":\"Isolation int\u00e9rieure\",\"item\":\"https:\\\/\\\/nature-et-developpement.com\\\/mndl\\\/produits\\\/isolation-et-etancheite\\\/isolation-interieure\\\/\"},{\"@type\":\"ListItem\",\"position\":5,\"name\":\"Panneau isolant souple Thermoflex Gutex\"}]},{\"@type\":\"WebSite\",\"@id\":\"https:\\\/\\\/nature-et-developpement.com\\\/mndl\\\/#website\",\"url\":\"https:\\\/\\\/nature-et-developpement.com\\\/mndl\\\/\",\"name\":\"Mat\u00e9riaux Naturels de Lorraine\",\"description\":\"Mat\u00e9riaux Naturels de Lorraine est membre du groupement Nature &amp; D\u00e9veloppement\",\"publisher\":{\"@id\":\"https:\\\/\\\/nature-et-developpement.com\\\/mndl\\\/#organization\"},\"potentialAction\":[{\"@type\":\"SearchAction\",\"target\":{\"@type\":\"EntryPoint\",\"urlTemplate\":\"https:\\\/\\\/nature-et-developpement.com\\\/mndl\\\/?s={search_term_string}\"},\"query-input\":{\"@type\":\"PropertyValueSpecification\",\"valueRequired\":true,\"valueName\":\"search_term_string\"}}],\"inLanguage\":\"fr-FR\"},{\"@type\":\"Organization\",\"@id\":\"https:\\\/\\\/nature-et-developpement.com\\\/mndl\\\/#organization\",\"name\":\"Mat\u00e9riaux Naturels de Lorraine\",\"url\":\"https:\\\/\\\/nature-et-developpement.com\\\/mndl\\\/\",\"logo\":{\"@type\":\"ImageObject\",\"inLanguage\":\"fr-FR\",\"@id\":\"https:\\\/\\\/nature-et-developpement.com\\\/mndl\\\/#\\\/schema\\\/logo\\\/image\\\/\",\"url\":\"https:\\\/\\\/nature-et-developpement.com\\\/mndl\\\/wp-content\\\/uploads\\\/sites\\\/7\\\/2021\\\/09\\\/logo-materiaux-naturels-de-lorraine.png\",\"contentUrl\":\"https:\\\/\\\/nature-et-developpement.com\\\/mndl\\\/wp-content\\\/uploads\\\/sites\\\/7\\\/2021\\\/09\\\/logo-materiaux-naturels-de-lorraine.png\",\"width\":1924,\"height\":1668,\"caption\":\"Mat\u00e9riaux Naturels de Lorraine\"},\"image\":{\"@id\":\"https:\\\/\\\/nature-et-developpement.com\\\/mndl\\\/#\\\/schema\\\/logo\\\/image\\\/\"}}]}<\/script>\n<!-- \/ Yoast SEO plugin. -->","yoast_head_json":{"title":"Panneau isolant souple Thermoflex Gutex","description":"GUTEX Thermoflex est un panneau isolant flexible en fibre de bois pour l\u2019isolation entre les chevrons et les colombages. Une excellente tenue m\u00e9canique Peu de poussi\u00e8re \u00e0 la pose Pouvoir isolant \u00e9lev\u00e9 \u00e0 long terme  Certification ACERMI \u00c9ligible aux aides gouvernementales","robots":{"index":"noindex","follow":"nofollow"},"og_locale":"fr_FR","og_type":"article","og_title":"Panneau isolant souple Thermoflex Gutex","og_description":"GUTEX Thermoflex est un panneau isolant flexible en fibre de bois pour l\u2019isolation entre les chevrons et les colombages. Une excellente tenue m\u00e9canique Peu de poussi\u00e8re \u00e0 la pose Pouvoir isolant \u00e9lev\u00e9 \u00e0 long terme  Certification ACERMI \u00c9ligible aux aides gouvernementales","og_url":"https:\/\/nature-et-developpement.com\/mndl\/produit\/panneau-isolant-souple-thermoflex-gutex\/","og_site_name":"Mat\u00e9riaux Naturels de Lorraine","article_modified_time":"2025-11-19T14:45:12+00:00","twitter_card":"summary_large_image","twitter_misc":{"Dur\u00e9e de lecture estim\u00e9e":"3 minutes"},"schema":{"@context":"https:\/\/schema.org","@graph":[{"@type":"WebPage","@id":"https:\/\/nature-et-developpement.com\/mndl\/produit\/panneau-isolant-souple-thermoflex-gutex\/","url":"https:\/\/nature-et-developpement.com\/mndl\/produit\/panneau-isolant-souple-thermoflex-gutex\/","name":"Panneau isolant souple Thermoflex Gutex","isPartOf":{"@id":"https:\/\/nature-et-developpement.com\/mndl\/#website"},"primaryImageOfPage":{"@id":"https:\/\/nature-et-developpement.com\/mndl\/produit\/panneau-isolant-souple-thermoflex-gutex\/#primaryimage"},"image":{"@id":"https:\/\/nature-et-developpement.com\/mndl\/produit\/panneau-isolant-souple-thermoflex-gutex\/#primaryimage"},"thumbnailUrl":"https:\/\/nature-et-developpement.com\/mndl\/wp-content\/uploads\/Panneau-isolant-souple-Thermoflex-Gutex.jpg","datePublished":"2020-08-31T22:00:00+00:00","dateModified":"2025-11-19T14:45:12+00:00","description":"GUTEX Thermoflex est un panneau isolant flexible en fibre de bois pour l\u2019isolation entre les chevrons et les colombages. Une excellente tenue m\u00e9canique Peu de poussi\u00e8re \u00e0 la pose Pouvoir isolant \u00e9lev\u00e9 \u00e0 long terme Certification ACERMI \u00c9ligible aux aides gouvernementales","breadcrumb":{"@id":"https:\/\/nature-et-developpement.com\/mndl\/produit\/panneau-isolant-souple-thermoflex-gutex\/#breadcrumb"},"inLanguage":"fr-FR","potentialAction":[{"@type":"ReadAction","target":["https:\/\/nature-et-developpement.com\/mndl\/produit\/panneau-isolant-souple-thermoflex-gutex\/"]}]},{"@type":"ImageObject","inLanguage":"fr-FR","@id":"https:\/\/nature-et-developpement.com\/mndl\/produit\/panneau-isolant-souple-thermoflex-gutex\/#primaryimage","url":"https:\/\/nature-et-developpement.com\/mndl\/wp-content\/uploads\/Panneau-isolant-souple-Thermoflex-Gutex.jpg","contentUrl":"https:\/\/nature-et-developpement.com\/mndl\/wp-content\/uploads\/Panneau-isolant-souple-Thermoflex-Gutex.jpg"},{"@type":"BreadcrumbList","@id":"https:\/\/nature-et-developpement.com\/mndl\/produit\/panneau-isolant-souple-thermoflex-gutex\/#breadcrumb","itemListElement":[{"@type":"ListItem","position":1,"name":"Accueil","item":"https:\/\/nature-et-developpement.com\/mndl\/"},{"@type":"ListItem","position":2,"name":"Produits","item":"https:\/\/nature-et-developpement.com\/mndl\/shop\/"},{"@type":"ListItem","position":3,"name":"Isolation et \u00e9tanch\u00e9it\u00e9","item":"https:\/\/nature-et-developpement.com\/mndl\/produits\/isolation-et-etancheite\/"},{"@type":"ListItem","position":4,"name":"Isolation int\u00e9rieure","item":"https:\/\/nature-et-developpement.com\/mndl\/produits\/isolation-et-etancheite\/isolation-interieure\/"},{"@type":"ListItem","position":5,"name":"Panneau isolant souple Thermoflex Gutex"}]},{"@type":"WebSite","@id":"https:\/\/nature-et-developpement.com\/mndl\/#website","url":"https:\/\/nature-et-developpement.com\/mndl\/","name":"Mat\u00e9riaux Naturels de Lorraine","description":"Mat\u00e9riaux Naturels de Lorraine est membre du groupement Nature &amp; D\u00e9veloppement","publisher":{"@id":"https:\/\/nature-et-developpement.com\/mndl\/#organization"},"potentialAction":[{"@type":"SearchAction","target":{"@type":"EntryPoint","urlTemplate":"https:\/\/nature-et-developpement.com\/mndl\/?s={search_term_string}"},"query-input":{"@type":"PropertyValueSpecification","valueRequired":true,"valueName":"search_term_string"}}],"inLanguage":"fr-FR"},{"@type":"Organization","@id":"https:\/\/nature-et-developpement.com\/mndl\/#organization","name":"Mat\u00e9riaux Naturels de Lorraine","url":"https:\/\/nature-et-developpement.com\/mndl\/","logo":{"@type":"ImageObject","inLanguage":"fr-FR","@id":"https:\/\/nature-et-developpement.com\/mndl\/#\/schema\/logo\/image\/","url":"https:\/\/nature-et-developpement.com\/mndl\/wp-content\/uploads\/sites\/7\/2021\/09\/logo-materiaux-naturels-de-lorraine.png","contentUrl":"https:\/\/nature-et-developpement.com\/mndl\/wp-content\/uploads\/sites\/7\/2021\/09\/logo-materiaux-naturels-de-lorraine.png","width":1924,"height":1668,"caption":"Mat\u00e9riaux Naturels de Lorraine"},"image":{"@id":"https:\/\/nature-et-developpement.com\/mndl\/#\/schema\/logo\/image\/"}}]}},"distributor_meta":false,"distributor_terms":false,"distributor_media":false,"distributor_original_site_name":"Mat\u00e9riaux Naturels de Lorraine","distributor_original_site_url":"https:\/\/nature-et-developpement.com\/mndl","push-errors":false,"_links":{"self":[{"href":"https:\/\/nature-et-developpement.com\/mndl\/wp-json\/wp\/v2\/product\/30167","targetHints":{"allow":["GET"]}}],"collection":[{"href":"https:\/\/nature-et-developpement.com\/mndl\/wp-json\/wp\/v2\/product"}],"about":[{"href":"https:\/\/nature-et-developpement.com\/mndl\/wp-json\/wp\/v2\/types\/product"}],"wp:featuredmedia":[{"embeddable":true,"href":"https:\/\/nature-et-developpement.com\/mndl\/wp-json\/"}],"wp:attachment":[{"href":"https:\/\/nature-et-developpement.com\/mndl\/wp-json\/wp\/v2\/media?parent=30167"}],"wp:term":[{"taxonomy":"product_brand","embeddable":true,"href":"https:\/\/nature-et-developpement.com\/mndl\/wp-json\/wp\/v2\/product_brand?post=30167"},{"taxonomy":"product_cat","embeddable":true,"href":"https:\/\/nature-et-developpement.com\/mndl\/wp-json\/wp\/v2\/product_cat?post=30167"},{"taxonomy":"product_tag","embeddable":true,"href":"https:\/\/nature-et-developpement.com\/mndl\/wp-json\/wp\/v2\/product_tag?post=30167"}],"curies":[{"name":"wp","href":"https:\/\/api.w.org\/{rel}","templated":true}]}}