{"id":30207,"date":"2017-01-01T00:00:00","date_gmt":"2016-12-31T23:00:00","guid":{"rendered":"https:\/\/nature-et-developpement.com\/mndl\/produit\/panneau-rigide-pare-pluie-ultratherm-gutex\/"},"modified":"2025-12-11T00:10:03","modified_gmt":"2025-12-10T23:10:03","slug":"panneau-rigide-pare-pluie-ultratherm-gutex","status":"publish","type":"product","link":"https:\/\/nature-et-developpement.com\/mndl\/produit\/panneau-rigide-pare-pluie-ultratherm-gutex\/","title":{"rendered":"Panneau rigide pare-pluie Ultratherm Gutex"},"content":{"rendered":"<h2>GUTEX Ultratherm<\/h2>\n<ul>\n<li>\u00c0 partir d\u2019une inclinaison de toit de 15\u00b0, pare-pluie, sans rev\u00eatement ni collage suppl\u00e9mentaire des raccords de panneaux<\/li>\n<li>R\u00e9sistant aux intemp\u00e9ries pendant 3 mois en tant que toiture provisoire<\/li>\n<li>\u00c9tanche au vent<\/li>\n<li>Des rubans d&rsquo;\u00e9tanch\u00e9it\u00e9 pour les clous ou taquets d&rsquo;\u00e9tanch\u00e9it\u00e9 ne sont pas requis<\/li>\n<li>D\u00e9p\u00f4t de garantie aupr\u00e8s de l&rsquo;Association centrale des artisans couvreurs allemands<\/li>\n<li>R\u00e9duction des ponts thermiques<\/li>\n<li>Pose plus rapide et ais\u00e9e gr\u00e2ce \u00e0 une pr\u00e9cision dimensionnelle \u00e9lev\u00e9e<\/li>\n<li>Profil de la densit\u00e9 brute monocouche et homog\u00e8ne<\/li>\n<li>Isolation thermique suppl\u00e9mentaire<\/li>\n<li>Excellente capacit\u00e9 de stockage de la chaleur, bonne protection contre la chaleur en \u00e9t\u00e9 et contre le froid en hiver<\/li>\n<li>Am\u00e9liore l&rsquo;isolation phonique<\/li>\n<li>Ouvert \u00e0 la diffusion et r\u00e9gule l&rsquo;humidit\u00e9<\/li>\n<li>En bois, mati\u00e8re premi\u00e8re renouvelable<\/li>\n<li>Recyclable<\/li>\n<li>Sans risque suivant les principes de l\u2019\u00e9coconstruction (certifi\u00e9 natureplus\u00a9)<\/li>\n<li>fabriqu\u00e9 en Allemagne (For\u00eat-Noir)<\/li>\n<\/ul>\n","protected":false},"excerpt":{"rendered":"<p><strong>GUTEX Ultratherm<\/strong> est un panneau de sous-toiture pare pluie, isolant et r\u00e9sistant, dot\u00e9 d\u2019une composition monocouche de densit\u00e9 homog\u00e8ne, destin\u00e9 \u00e0 la r\u00e9habilitation de toitures anciennes et aux constructions nouvelles.<\/p>\n<p><strong>Certification ACERMI<\/strong><br \/>\n<span style=\"color: #2aa4a9;\"><em><strong>\u00c9ligible aux aides gouvernementales<\/strong><\/em><\/span><\/p>\n","protected":false},"featured_media":1000000169718,"template":"","meta":[],"product_brand":[2768],"product_cat":[4152],"product_tag":[],"class_list":{"0":"post-30207","1":"product","2":"type-product","3":"status-publish","4":"has-post-thumbnail","6":"product_brand-gutex","7":"product_cat-isolation-exterieure","9":"first","10":"instock","11":"taxable","12":"shipping-taxable","13":"purchasable","14":"product-type-variable"},"yoast_head":"<!-- This site is optimized with the Yoast SEO plugin v27.5 - https:\/\/yoast.com\/product\/yoast-seo-wordpress\/ -->\n<title>Panneau rigide pare-pluie Ultratherm Gutex<\/title>\n<meta name=\"description\" content=\"GUTEX Ultratherm est un panneau de sous-toiture pare pluie, isolant et r\u00e9sistant, dot\u00e9 d\u2019une composition monocouche de densit\u00e9 homog\u00e8ne, destin\u00e9 \u00e0 la r\u00e9habilitation de toitures anciennes et aux constructions nouvelles. Certification ACERMI \u00c9ligible aux aides gouvernementales\" \/>\n<meta name=\"robots\" content=\"noindex, follow\" \/>\n<meta property=\"og:locale\" content=\"fr_FR\" \/>\n<meta property=\"og:type\" content=\"article\" \/>\n<meta property=\"og:title\" content=\"Panneau rigide pare-pluie Ultratherm Gutex\" \/>\n<meta property=\"og:description\" content=\"GUTEX Ultratherm est un panneau de sous-toiture pare pluie, isolant et r\u00e9sistant, dot\u00e9 d\u2019une composition monocouche de densit\u00e9 homog\u00e8ne, destin\u00e9 \u00e0 la r\u00e9habilitation de toitures anciennes et aux constructions nouvelles. Certification ACERMI \u00c9ligible aux aides gouvernementales\" \/>\n<meta property=\"og:url\" content=\"https:\/\/nature-et-developpement.com\/mndl\/produit\/panneau-rigide-pare-pluie-ultratherm-gutex\/\" \/>\n<meta property=\"og:site_name\" content=\"Mat\u00e9riaux Naturels de Lorraine\" \/>\n<meta property=\"article:modified_time\" content=\"2025-12-10T23:10:03+00:00\" \/>\n<meta name=\"twitter:card\" content=\"summary_large_image\" \/>\n<meta name=\"twitter:label1\" content=\"Dur\u00e9e de lecture estim\u00e9e\" \/>\n\t<meta name=\"twitter:data1\" content=\"1 minute\" \/>\n<script type=\"application\/ld+json\" class=\"yoast-schema-graph\">{\"@context\":\"https:\\\/\\\/schema.org\",\"@graph\":[{\"@type\":\"WebPage\",\"@id\":\"https:\\\/\\\/nature-et-developpement.com\\\/mndl\\\/produit\\\/panneau-rigide-pare-pluie-ultratherm-gutex\\\/\",\"url\":\"https:\\\/\\\/nature-et-developpement.com\\\/mndl\\\/produit\\\/panneau-rigide-pare-pluie-ultratherm-gutex\\\/\",\"name\":\"Panneau rigide pare-pluie Ultratherm Gutex\",\"isPartOf\":{\"@id\":\"https:\\\/\\\/nature-et-developpement.com\\\/mndl\\\/#website\"},\"primaryImageOfPage\":{\"@id\":\"https:\\\/\\\/nature-et-developpement.com\\\/mndl\\\/produit\\\/panneau-rigide-pare-pluie-ultratherm-gutex\\\/#primaryimage\"},\"image\":{\"@id\":\"https:\\\/\\\/nature-et-developpement.com\\\/mndl\\\/produit\\\/panneau-rigide-pare-pluie-ultratherm-gutex\\\/#primaryimage\"},\"thumbnailUrl\":\"https:\\\/\\\/nature-et-developpement.com\\\/mndl\\\/wp-content\\\/uploads\\\/Panneau-rigide-pare-pluie-Ultratherm-Gutex.jpg\",\"datePublished\":\"2016-12-31T23:00:00+00:00\",\"dateModified\":\"2025-12-10T23:10:03+00:00\",\"description\":\"GUTEX Ultratherm est un panneau de sous-toiture pare pluie, isolant et r\u00e9sistant, dot\u00e9 d\u2019une composition monocouche de densit\u00e9 homog\u00e8ne, destin\u00e9 \u00e0 la r\u00e9habilitation de toitures anciennes et aux constructions nouvelles. Certification ACERMI \u00c9ligible aux aides gouvernementales\",\"breadcrumb\":{\"@id\":\"https:\\\/\\\/nature-et-developpement.com\\\/mndl\\\/produit\\\/panneau-rigide-pare-pluie-ultratherm-gutex\\\/#breadcrumb\"},\"inLanguage\":\"fr-FR\",\"potentialAction\":[{\"@type\":\"ReadAction\",\"target\":[\"https:\\\/\\\/nature-et-developpement.com\\\/mndl\\\/produit\\\/panneau-rigide-pare-pluie-ultratherm-gutex\\\/\"]}]},{\"@type\":\"ImageObject\",\"inLanguage\":\"fr-FR\",\"@id\":\"https:\\\/\\\/nature-et-developpement.com\\\/mndl\\\/produit\\\/panneau-rigide-pare-pluie-ultratherm-gutex\\\/#primaryimage\",\"url\":\"https:\\\/\\\/nature-et-developpement.com\\\/mndl\\\/wp-content\\\/uploads\\\/Panneau-rigide-pare-pluie-Ultratherm-Gutex.jpg\",\"contentUrl\":\"https:\\\/\\\/nature-et-developpement.com\\\/mndl\\\/wp-content\\\/uploads\\\/Panneau-rigide-pare-pluie-Ultratherm-Gutex.jpg\"},{\"@type\":\"BreadcrumbList\",\"@id\":\"https:\\\/\\\/nature-et-developpement.com\\\/mndl\\\/produit\\\/panneau-rigide-pare-pluie-ultratherm-gutex\\\/#breadcrumb\",\"itemListElement\":[{\"@type\":\"ListItem\",\"position\":1,\"name\":\"Accueil\",\"item\":\"https:\\\/\\\/nature-et-developpement.com\\\/mndl\\\/\"},{\"@type\":\"ListItem\",\"position\":2,\"name\":\"Produits\",\"item\":\"https:\\\/\\\/nature-et-developpement.com\\\/mndl\\\/shop\\\/\"},{\"@type\":\"ListItem\",\"position\":3,\"name\":\"Isolation et \u00e9tanch\u00e9it\u00e9\",\"item\":\"https:\\\/\\\/nature-et-developpement.com\\\/mndl\\\/produits\\\/isolation-et-etancheite\\\/\"},{\"@type\":\"ListItem\",\"position\":4,\"name\":\"Isolation ext\u00e9rieure\",\"item\":\"https:\\\/\\\/nature-et-developpement.com\\\/mndl\\\/produits\\\/isolation-et-etancheite\\\/isolation-exterieure\\\/\"},{\"@type\":\"ListItem\",\"position\":5,\"name\":\"Panneau rigide pare-pluie Ultratherm Gutex\"}]},{\"@type\":\"WebSite\",\"@id\":\"https:\\\/\\\/nature-et-developpement.com\\\/mndl\\\/#website\",\"url\":\"https:\\\/\\\/nature-et-developpement.com\\\/mndl\\\/\",\"name\":\"Mat\u00e9riaux Naturels de Lorraine\",\"description\":\"Mat\u00e9riaux Naturels de Lorraine est membre du groupement Nature &amp; D\u00e9veloppement\",\"publisher\":{\"@id\":\"https:\\\/\\\/nature-et-developpement.com\\\/mndl\\\/#organization\"},\"potentialAction\":[{\"@type\":\"SearchAction\",\"target\":{\"@type\":\"EntryPoint\",\"urlTemplate\":\"https:\\\/\\\/nature-et-developpement.com\\\/mndl\\\/?s={search_term_string}\"},\"query-input\":{\"@type\":\"PropertyValueSpecification\",\"valueRequired\":true,\"valueName\":\"search_term_string\"}}],\"inLanguage\":\"fr-FR\"},{\"@type\":\"Organization\",\"@id\":\"https:\\\/\\\/nature-et-developpement.com\\\/mndl\\\/#organization\",\"name\":\"Mat\u00e9riaux Naturels de Lorraine\",\"url\":\"https:\\\/\\\/nature-et-developpement.com\\\/mndl\\\/\",\"logo\":{\"@type\":\"ImageObject\",\"inLanguage\":\"fr-FR\",\"@id\":\"https:\\\/\\\/nature-et-developpement.com\\\/mndl\\\/#\\\/schema\\\/logo\\\/image\\\/\",\"url\":\"https:\\\/\\\/nature-et-developpement.com\\\/mndl\\\/wp-content\\\/uploads\\\/sites\\\/7\\\/2021\\\/09\\\/logo-materiaux-naturels-de-lorraine.png\",\"contentUrl\":\"https:\\\/\\\/nature-et-developpement.com\\\/mndl\\\/wp-content\\\/uploads\\\/sites\\\/7\\\/2021\\\/09\\\/logo-materiaux-naturels-de-lorraine.png\",\"width\":1924,\"height\":1668,\"caption\":\"Mat\u00e9riaux Naturels de Lorraine\"},\"image\":{\"@id\":\"https:\\\/\\\/nature-et-developpement.com\\\/mndl\\\/#\\\/schema\\\/logo\\\/image\\\/\"}}]}<\/script>\n<!-- \/ Yoast SEO plugin. -->","yoast_head_json":{"title":"Panneau rigide pare-pluie Ultratherm Gutex","description":"GUTEX Ultratherm est un panneau de sous-toiture pare pluie, isolant et r\u00e9sistant, dot\u00e9 d\u2019une composition monocouche de densit\u00e9 homog\u00e8ne, destin\u00e9 \u00e0 la r\u00e9habilitation de toitures anciennes et aux constructions nouvelles. Certification ACERMI \u00c9ligible aux aides gouvernementales","robots":{"index":"noindex","follow":"follow"},"og_locale":"fr_FR","og_type":"article","og_title":"Panneau rigide pare-pluie Ultratherm Gutex","og_description":"GUTEX Ultratherm est un panneau de sous-toiture pare pluie, isolant et r\u00e9sistant, dot\u00e9 d\u2019une composition monocouche de densit\u00e9 homog\u00e8ne, destin\u00e9 \u00e0 la r\u00e9habilitation de toitures anciennes et aux constructions nouvelles. Certification ACERMI \u00c9ligible aux aides gouvernementales","og_url":"https:\/\/nature-et-developpement.com\/mndl\/produit\/panneau-rigide-pare-pluie-ultratherm-gutex\/","og_site_name":"Mat\u00e9riaux Naturels de Lorraine","article_modified_time":"2025-12-10T23:10:03+00:00","twitter_card":"summary_large_image","twitter_misc":{"Dur\u00e9e de lecture estim\u00e9e":"1 minute"},"schema":{"@context":"https:\/\/schema.org","@graph":[{"@type":"WebPage","@id":"https:\/\/nature-et-developpement.com\/mndl\/produit\/panneau-rigide-pare-pluie-ultratherm-gutex\/","url":"https:\/\/nature-et-developpement.com\/mndl\/produit\/panneau-rigide-pare-pluie-ultratherm-gutex\/","name":"Panneau rigide pare-pluie Ultratherm Gutex","isPartOf":{"@id":"https:\/\/nature-et-developpement.com\/mndl\/#website"},"primaryImageOfPage":{"@id":"https:\/\/nature-et-developpement.com\/mndl\/produit\/panneau-rigide-pare-pluie-ultratherm-gutex\/#primaryimage"},"image":{"@id":"https:\/\/nature-et-developpement.com\/mndl\/produit\/panneau-rigide-pare-pluie-ultratherm-gutex\/#primaryimage"},"thumbnailUrl":"https:\/\/nature-et-developpement.com\/mndl\/wp-content\/uploads\/Panneau-rigide-pare-pluie-Ultratherm-Gutex.jpg","datePublished":"2016-12-31T23:00:00+00:00","dateModified":"2025-12-10T23:10:03+00:00","description":"GUTEX Ultratherm est un panneau de sous-toiture pare pluie, isolant et r\u00e9sistant, dot\u00e9 d\u2019une composition monocouche de densit\u00e9 homog\u00e8ne, destin\u00e9 \u00e0 la r\u00e9habilitation de toitures anciennes et aux constructions nouvelles. Certification ACERMI \u00c9ligible aux aides gouvernementales","breadcrumb":{"@id":"https:\/\/nature-et-developpement.com\/mndl\/produit\/panneau-rigide-pare-pluie-ultratherm-gutex\/#breadcrumb"},"inLanguage":"fr-FR","potentialAction":[{"@type":"ReadAction","target":["https:\/\/nature-et-developpement.com\/mndl\/produit\/panneau-rigide-pare-pluie-ultratherm-gutex\/"]}]},{"@type":"ImageObject","inLanguage":"fr-FR","@id":"https:\/\/nature-et-developpement.com\/mndl\/produit\/panneau-rigide-pare-pluie-ultratherm-gutex\/#primaryimage","url":"https:\/\/nature-et-developpement.com\/mndl\/wp-content\/uploads\/Panneau-rigide-pare-pluie-Ultratherm-Gutex.jpg","contentUrl":"https:\/\/nature-et-developpement.com\/mndl\/wp-content\/uploads\/Panneau-rigide-pare-pluie-Ultratherm-Gutex.jpg"},{"@type":"BreadcrumbList","@id":"https:\/\/nature-et-developpement.com\/mndl\/produit\/panneau-rigide-pare-pluie-ultratherm-gutex\/#breadcrumb","itemListElement":[{"@type":"ListItem","position":1,"name":"Accueil","item":"https:\/\/nature-et-developpement.com\/mndl\/"},{"@type":"ListItem","position":2,"name":"Produits","item":"https:\/\/nature-et-developpement.com\/mndl\/shop\/"},{"@type":"ListItem","position":3,"name":"Isolation et \u00e9tanch\u00e9it\u00e9","item":"https:\/\/nature-et-developpement.com\/mndl\/produits\/isolation-et-etancheite\/"},{"@type":"ListItem","position":4,"name":"Isolation ext\u00e9rieure","item":"https:\/\/nature-et-developpement.com\/mndl\/produits\/isolation-et-etancheite\/isolation-exterieure\/"},{"@type":"ListItem","position":5,"name":"Panneau rigide pare-pluie Ultratherm Gutex"}]},{"@type":"WebSite","@id":"https:\/\/nature-et-developpement.com\/mndl\/#website","url":"https:\/\/nature-et-developpement.com\/mndl\/","name":"Mat\u00e9riaux Naturels de Lorraine","description":"Mat\u00e9riaux Naturels de Lorraine est membre du groupement Nature &amp; D\u00e9veloppement","publisher":{"@id":"https:\/\/nature-et-developpement.com\/mndl\/#organization"},"potentialAction":[{"@type":"SearchAction","target":{"@type":"EntryPoint","urlTemplate":"https:\/\/nature-et-developpement.com\/mndl\/?s={search_term_string}"},"query-input":{"@type":"PropertyValueSpecification","valueRequired":true,"valueName":"search_term_string"}}],"inLanguage":"fr-FR"},{"@type":"Organization","@id":"https:\/\/nature-et-developpement.com\/mndl\/#organization","name":"Mat\u00e9riaux Naturels de Lorraine","url":"https:\/\/nature-et-developpement.com\/mndl\/","logo":{"@type":"ImageObject","inLanguage":"fr-FR","@id":"https:\/\/nature-et-developpement.com\/mndl\/#\/schema\/logo\/image\/","url":"https:\/\/nature-et-developpement.com\/mndl\/wp-content\/uploads\/sites\/7\/2021\/09\/logo-materiaux-naturels-de-lorraine.png","contentUrl":"https:\/\/nature-et-developpement.com\/mndl\/wp-content\/uploads\/sites\/7\/2021\/09\/logo-materiaux-naturels-de-lorraine.png","width":1924,"height":1668,"caption":"Mat\u00e9riaux Naturels de Lorraine"},"image":{"@id":"https:\/\/nature-et-developpement.com\/mndl\/#\/schema\/logo\/image\/"}}]}},"distributor_meta":false,"distributor_terms":false,"distributor_media":false,"distributor_original_site_name":"Mat\u00e9riaux Naturels de Lorraine","distributor_original_site_url":"https:\/\/nature-et-developpement.com\/mndl","push-errors":false,"_links":{"self":[{"href":"https:\/\/nature-et-developpement.com\/mndl\/wp-json\/wp\/v2\/product\/30207","targetHints":{"allow":["GET"]}}],"collection":[{"href":"https:\/\/nature-et-developpement.com\/mndl\/wp-json\/wp\/v2\/product"}],"about":[{"href":"https:\/\/nature-et-developpement.com\/mndl\/wp-json\/wp\/v2\/types\/product"}],"wp:featuredmedia":[{"embeddable":true,"href":"https:\/\/nature-et-developpement.com\/mndl\/wp-json\/"}],"wp:attachment":[{"href":"https:\/\/nature-et-developpement.com\/mndl\/wp-json\/wp\/v2\/media?parent=30207"}],"wp:term":[{"taxonomy":"product_brand","embeddable":true,"href":"https:\/\/nature-et-developpement.com\/mndl\/wp-json\/wp\/v2\/product_brand?post=30207"},{"taxonomy":"product_cat","embeddable":true,"href":"https:\/\/nature-et-developpement.com\/mndl\/wp-json\/wp\/v2\/product_cat?post=30207"},{"taxonomy":"product_tag","embeddable":true,"href":"https:\/\/nature-et-developpement.com\/mndl\/wp-json\/wp\/v2\/product_tag?post=30207"}],"curies":[{"name":"wp","href":"https:\/\/api.w.org\/{rel}","templated":true}]}}