{"id":30235,"date":"2017-01-01T00:00:00","date_gmt":"2016-12-31T23:00:00","guid":{"rendered":"https:\/\/nature-et-developpement.com\/mndl\/produit\/panneau-rigide-pour-murs-et-toitures-multitherm-gutex\/"},"modified":"2025-12-11T00:20:03","modified_gmt":"2025-12-10T23:20:03","slug":"panneau-rigide-pour-murs-et-toitures-multitherm-gutex","status":"publish","type":"product","link":"https:\/\/nature-et-developpement.com\/mndl\/produit\/panneau-rigide-pour-murs-et-toitures-multitherm-gutex\/","title":{"rendered":"Panneau rigide pour murs et toitures Multitherm Gutex"},"content":{"rendered":"<h2>GUTEX Multitherm<\/h2>\n<ul>\n<li>hydrophobe et donc hydrofuge<\/li>\n<li>Peut \u00eatre expos\u00e9 aux intemp\u00e9ries pendant 4 mois<\/li>\n<li>\u00c9tanche au vent<\/li>\n<li>R\u00e9duction des ponts thermiques<\/li>\n<li>Pose plus rapide et ais\u00e9e gr\u00e2ce \u00e0 une pr\u00e9cision dimensionnelle \u00e9lev\u00e9e<\/li>\n<li>Profil de la densit\u00e9 brute monocouche et homog\u00e8ne<\/li>\n<li>Isolation thermique suppl\u00e9mentaire<\/li>\n<li>Excellente capacit\u00e9 de stockage de la chaleur, bonne protection contre la chaleur en \u00e9t\u00e9 et contre le froid en hiver<\/li>\n<li>Am\u00e9liore l&rsquo;isolation phonique<\/li>\n<li>Ouvert \u00e0 la diffusion et r\u00e9gule l&rsquo;humidit\u00e9<\/li>\n<li>En bois, mati\u00e8re premi\u00e8re renouvelable<\/li>\n<li>Recyclable<\/li>\n<li>Sans risque suivant les principes de l\u2019\u00e9coconstruction (certifi\u00e9 natureplus\u00a9)<\/li>\n<li>fabriqu\u00e9 en Allemagne (For\u00eat-Noire)<\/li>\n<\/ul>\n<h3>Veuillez tenir compte des remarques suivantes:<\/h3>\n<div class=\"row\">\n<div class=\"column medium-up-column-count-2\">\n<div class=\"instruction\">\n<h5>CONSEILS G\u00c9N\u00c9RAUX POUR LA POSE:<\/h5>\n<div>\n<ul>\n<li>Stocker et mettre en \u0153uvre les panneaux dans un endroit sec<\/li>\n<li>\u00c9paisseur de panneau recommand\u00e9e pour le soufflage avec GUTEX Thermofibre\u00ae\u00a0: \u2265 60\u00a0mm<\/li>\n<li>Poser les panneaux de fa\u00e7on crois\u00e9e par rapport \u00e0 la structure porteuse, avec pr\u00e9cision et de mani\u00e8re jointive<\/li>\n<li>Ne pas utiliser de joints crois\u00e9s<\/li>\n<li>Ne pas poser de panneaux endommag\u00e9s<\/li>\n<li>Les raccords et les intersections doivent \u00eatre ex\u00e9cut\u00e9s en \u00e9tant \u00e9tanches au vent et \u00e0 la pluie.<\/li>\n<li>D\u00e9coupe avec des machines \u00e0 bois courantes<\/li>\n<li>Le panneau ne doit pas \u00eatre pos\u00e9 de fa\u00e7on statique<\/li>\n<li>\u00c9viter des charges d&rsquo;humidit\u00e9 accrues c\u00f4t\u00e9 pi\u00e8ce<\/li>\n<li>Aspiration de la poussi\u00e8re conform\u00e9ment aux instructions de la caisse de pr\u00e9voyance contre les accidents du travail, respecter les dispositions du label TR GS 553<\/li>\n<\/ul>\n<p>&nbsp;<\/p>\n<p><strong>Conseils pour la pose, pour le mur<\/strong><\/p>\n<ul>\n<li>Respecter les entraxes:<br \/>\n\u00c9paisseur de panneau 20 \u2013 40 mm \u2192 entraxe max. 62,5 cm<br \/>\n\u00c9paisseur de panneau 60 \u2013 100 mm \u2192 entraxe max. 83,5 cm<br \/>\n\u00c9paisseur de panneau 120 \u2013160 mm \u2192 entraxe max. 93,5 cm<\/li>\n<li>Fixer imm\u00e9diatement avec contre-lattage<\/li>\n<li>D\u00e9calage des joints 30\u00a0cm minimum<\/li>\n<li>Fixation lors d&rsquo;une application pour fa\u00e7ades ventil\u00e9es voir page 3<\/li>\n<\/ul>\n<\/div>\n<div><\/div>\n<p><strong>Conseils pour la pose, pour le toit<\/strong><\/p>\n<ul>\n<li>L&rsquo;entraxe maximal pour le plan des chevrons est de 90\u00a0cm<\/li>\n<li>D\u00e9calage des joints sur le toit de rang\u00e9e \u00e0 rang\u00e9e d&rsquo;au moins 1 entraxe de chevron<\/li>\n<li>Ne pas marcher sur les espaces entre les chevrons<\/li>\n<li>Apr\u00e8s la pose, le panneau doit \u00eatre fix\u00e9 et imm\u00e9diatement prot\u00e9g\u00e9 avec un panneau de sous-toiture (par ex. GUTEX Multiplex-top ou une bande appropri\u00e9e). Fixer ensuite dans le chevron le panneau isolant et le panneau de sous-toiture avec le contre-lattage conform\u00e9ment aux exigences statiques. Vous trouverez le formulaire de calcul des vis \u00e0 l&rsquo;adresse www.gutex.de.<\/li>\n<li>GUTEX Multitherm n&rsquo;est pas un \u00e9l\u00e9ment porteur (par ex. charges de neige)<\/li>\n<\/ul>\n<div>\n<p><strong>Fixations lors d&rsquo;une application pour fa\u00e7ades ventil\u00e9es<\/strong><\/p>\n<\/div>\n<div>\n<ul>\n<li>Pour d\u00e9terminer les charges de vent, il faut effectuer des calculs individuels selon la norme DIN 1055-4:2005-03. Pour ce faire, reportez-vous \u00e0 la carte des zones de vent.<\/li>\n<li>Vous trouverez des informations permettant de d\u00e9terminer le nombre de pointes n\u00e9cessaire ainsi que leurs \u00e9carts dans la fiche technique GUTEX Multitherm<\/li>\n<\/ul>\n<\/div>\n<\/div>\n<\/div>\n<\/div>\n","protected":false},"excerpt":{"rendered":"<p><strong>GUTEX Multitherm<\/strong> est le panneau isolant insensible \u00e0 l\u2019humidit\u00e9, dot\u00e9 d\u2019un profil de densit\u00e9 brute monocouche et homog\u00e8ne, qui sert de rev\u00eatement du mur ext\u00e9rieur derri\u00e8re le panneau de parement<br \/>\nIl est \u00e9galement utilisable d\u00e9sormais \u00e0 partir de 60 mm au niveau de la toiture comme isolation sur chevrons suppl\u00e9mentaire avec sous-couverture.<\/p>\n<p><strong>Certification ACERMI<\/strong><br \/>\n<span style=\"color: #2aa4a9;\"><em><strong>\u00c9ligible aux aides gouvernementales<\/strong><\/em><\/span><\/p>\n","protected":false},"featured_media":1000000169697,"template":"","meta":[],"product_brand":[2768],"product_cat":[4152],"product_tag":[],"class_list":{"0":"post-30235","1":"product","2":"type-product","3":"status-publish","4":"has-post-thumbnail","6":"product_brand-gutex","7":"product_cat-isolation-exterieure","9":"first","10":"instock","11":"taxable","12":"shipping-taxable","13":"purchasable","14":"product-type-variable"},"yoast_head":"<!-- This site is optimized with the Yoast SEO plugin v27.5 - https:\/\/yoast.com\/product\/yoast-seo-wordpress\/ -->\n<title>Panneau rigide pour murs et toitures Multitherm Gutex<\/title>\n<meta name=\"description\" content=\"GUTEX Multitherm est le panneau isolant insensible \u00e0 l\u2019humidit\u00e9, dot\u00e9 d\u2019un profil de densit\u00e9 brute monocouche et homog\u00e8ne, qui sert de rev\u00eatement du mur ext\u00e9rieur derri\u00e8re le panneau de parement Il est \u00e9galement utilisable d\u00e9sormais \u00e0 partir de 60 mm au niveau de la toiture comme isolation sur chevrons suppl\u00e9mentaire avec sous-couverture. Certification ACERMI \u00c9ligible aux aides gouvernementales\" \/>\n<meta name=\"robots\" content=\"noindex, follow\" \/>\n<meta property=\"og:locale\" content=\"fr_FR\" \/>\n<meta property=\"og:type\" content=\"article\" \/>\n<meta property=\"og:title\" content=\"Panneau rigide pour murs et toitures Multitherm Gutex\" \/>\n<meta property=\"og:description\" content=\"GUTEX Multitherm est le panneau isolant insensible \u00e0 l\u2019humidit\u00e9, dot\u00e9 d\u2019un profil de densit\u00e9 brute monocouche et homog\u00e8ne, qui sert de rev\u00eatement du mur ext\u00e9rieur derri\u00e8re le panneau de parement Il est \u00e9galement utilisable d\u00e9sormais \u00e0 partir de 60 mm au niveau de la toiture comme isolation sur chevrons suppl\u00e9mentaire avec sous-couverture. Certification ACERMI \u00c9ligible aux aides gouvernementales\" \/>\n<meta property=\"og:url\" content=\"https:\/\/nature-et-developpement.com\/mndl\/produit\/panneau-rigide-pour-murs-et-toitures-multitherm-gutex\/\" \/>\n<meta property=\"og:site_name\" content=\"Mat\u00e9riaux Naturels de Lorraine\" \/>\n<meta property=\"article:modified_time\" content=\"2025-12-10T23:20:03+00:00\" \/>\n<meta name=\"twitter:card\" content=\"summary_large_image\" \/>\n<meta name=\"twitter:label1\" content=\"Dur\u00e9e de lecture estim\u00e9e\" \/>\n\t<meta name=\"twitter:data1\" content=\"3 minutes\" \/>\n<script type=\"application\/ld+json\" class=\"yoast-schema-graph\">{\"@context\":\"https:\\\/\\\/schema.org\",\"@graph\":[{\"@type\":\"WebPage\",\"@id\":\"https:\\\/\\\/nature-et-developpement.com\\\/mndl\\\/produit\\\/panneau-rigide-pour-murs-et-toitures-multitherm-gutex\\\/\",\"url\":\"https:\\\/\\\/nature-et-developpement.com\\\/mndl\\\/produit\\\/panneau-rigide-pour-murs-et-toitures-multitherm-gutex\\\/\",\"name\":\"Panneau rigide pour murs et toitures Multitherm Gutex\",\"isPartOf\":{\"@id\":\"https:\\\/\\\/nature-et-developpement.com\\\/mndl\\\/#website\"},\"primaryImageOfPage\":{\"@id\":\"https:\\\/\\\/nature-et-developpement.com\\\/mndl\\\/produit\\\/panneau-rigide-pour-murs-et-toitures-multitherm-gutex\\\/#primaryimage\"},\"image\":{\"@id\":\"https:\\\/\\\/nature-et-developpement.com\\\/mndl\\\/produit\\\/panneau-rigide-pour-murs-et-toitures-multitherm-gutex\\\/#primaryimage\"},\"thumbnailUrl\":\"https:\\\/\\\/nature-et-developpement.com\\\/mndl\\\/wp-content\\\/uploads\\\/Panneau-rigide-pour-murs-et-toitures-Multitherm-Gutex.jpg\",\"datePublished\":\"2016-12-31T23:00:00+00:00\",\"dateModified\":\"2025-12-10T23:20:03+00:00\",\"description\":\"GUTEX Multitherm est le panneau isolant insensible \u00e0 l\u2019humidit\u00e9, dot\u00e9 d\u2019un profil de densit\u00e9 brute monocouche et homog\u00e8ne, qui sert de rev\u00eatement du mur ext\u00e9rieur derri\u00e8re le panneau de parement Il est \u00e9galement utilisable d\u00e9sormais \u00e0 partir de 60 mm au niveau de la toiture comme isolation sur chevrons suppl\u00e9mentaire avec sous-couverture. Certification ACERMI \u00c9ligible aux aides gouvernementales\",\"breadcrumb\":{\"@id\":\"https:\\\/\\\/nature-et-developpement.com\\\/mndl\\\/produit\\\/panneau-rigide-pour-murs-et-toitures-multitherm-gutex\\\/#breadcrumb\"},\"inLanguage\":\"fr-FR\",\"potentialAction\":[{\"@type\":\"ReadAction\",\"target\":[\"https:\\\/\\\/nature-et-developpement.com\\\/mndl\\\/produit\\\/panneau-rigide-pour-murs-et-toitures-multitherm-gutex\\\/\"]}]},{\"@type\":\"ImageObject\",\"inLanguage\":\"fr-FR\",\"@id\":\"https:\\\/\\\/nature-et-developpement.com\\\/mndl\\\/produit\\\/panneau-rigide-pour-murs-et-toitures-multitherm-gutex\\\/#primaryimage\",\"url\":\"https:\\\/\\\/nature-et-developpement.com\\\/mndl\\\/wp-content\\\/uploads\\\/Panneau-rigide-pour-murs-et-toitures-Multitherm-Gutex.jpg\",\"contentUrl\":\"https:\\\/\\\/nature-et-developpement.com\\\/mndl\\\/wp-content\\\/uploads\\\/Panneau-rigide-pour-murs-et-toitures-Multitherm-Gutex.jpg\"},{\"@type\":\"BreadcrumbList\",\"@id\":\"https:\\\/\\\/nature-et-developpement.com\\\/mndl\\\/produit\\\/panneau-rigide-pour-murs-et-toitures-multitherm-gutex\\\/#breadcrumb\",\"itemListElement\":[{\"@type\":\"ListItem\",\"position\":1,\"name\":\"Accueil\",\"item\":\"https:\\\/\\\/nature-et-developpement.com\\\/mndl\\\/\"},{\"@type\":\"ListItem\",\"position\":2,\"name\":\"Produits\",\"item\":\"https:\\\/\\\/nature-et-developpement.com\\\/mndl\\\/shop\\\/\"},{\"@type\":\"ListItem\",\"position\":3,\"name\":\"Isolation et \u00e9tanch\u00e9it\u00e9\",\"item\":\"https:\\\/\\\/nature-et-developpement.com\\\/mndl\\\/produits\\\/isolation-et-etancheite\\\/\"},{\"@type\":\"ListItem\",\"position\":4,\"name\":\"Isolation ext\u00e9rieure\",\"item\":\"https:\\\/\\\/nature-et-developpement.com\\\/mndl\\\/produits\\\/isolation-et-etancheite\\\/isolation-exterieure\\\/\"},{\"@type\":\"ListItem\",\"position\":5,\"name\":\"Panneau rigide pour murs et toitures Multitherm Gutex\"}]},{\"@type\":\"WebSite\",\"@id\":\"https:\\\/\\\/nature-et-developpement.com\\\/mndl\\\/#website\",\"url\":\"https:\\\/\\\/nature-et-developpement.com\\\/mndl\\\/\",\"name\":\"Mat\u00e9riaux Naturels de Lorraine\",\"description\":\"Mat\u00e9riaux Naturels de Lorraine est membre du groupement Nature &amp; D\u00e9veloppement\",\"publisher\":{\"@id\":\"https:\\\/\\\/nature-et-developpement.com\\\/mndl\\\/#organization\"},\"potentialAction\":[{\"@type\":\"SearchAction\",\"target\":{\"@type\":\"EntryPoint\",\"urlTemplate\":\"https:\\\/\\\/nature-et-developpement.com\\\/mndl\\\/?s={search_term_string}\"},\"query-input\":{\"@type\":\"PropertyValueSpecification\",\"valueRequired\":true,\"valueName\":\"search_term_string\"}}],\"inLanguage\":\"fr-FR\"},{\"@type\":\"Organization\",\"@id\":\"https:\\\/\\\/nature-et-developpement.com\\\/mndl\\\/#organization\",\"name\":\"Mat\u00e9riaux Naturels de Lorraine\",\"url\":\"https:\\\/\\\/nature-et-developpement.com\\\/mndl\\\/\",\"logo\":{\"@type\":\"ImageObject\",\"inLanguage\":\"fr-FR\",\"@id\":\"https:\\\/\\\/nature-et-developpement.com\\\/mndl\\\/#\\\/schema\\\/logo\\\/image\\\/\",\"url\":\"https:\\\/\\\/nature-et-developpement.com\\\/mndl\\\/wp-content\\\/uploads\\\/sites\\\/7\\\/2021\\\/09\\\/logo-materiaux-naturels-de-lorraine.png\",\"contentUrl\":\"https:\\\/\\\/nature-et-developpement.com\\\/mndl\\\/wp-content\\\/uploads\\\/sites\\\/7\\\/2021\\\/09\\\/logo-materiaux-naturels-de-lorraine.png\",\"width\":1924,\"height\":1668,\"caption\":\"Mat\u00e9riaux Naturels de Lorraine\"},\"image\":{\"@id\":\"https:\\\/\\\/nature-et-developpement.com\\\/mndl\\\/#\\\/schema\\\/logo\\\/image\\\/\"}}]}<\/script>\n<!-- \/ Yoast SEO plugin. -->","yoast_head_json":{"title":"Panneau rigide pour murs et toitures Multitherm Gutex","description":"GUTEX Multitherm est le panneau isolant insensible \u00e0 l\u2019humidit\u00e9, dot\u00e9 d\u2019un profil de densit\u00e9 brute monocouche et homog\u00e8ne, qui sert de rev\u00eatement du mur ext\u00e9rieur derri\u00e8re le panneau de parement Il est \u00e9galement utilisable d\u00e9sormais \u00e0 partir de 60 mm au niveau de la toiture comme isolation sur chevrons suppl\u00e9mentaire avec sous-couverture. Certification ACERMI \u00c9ligible aux aides gouvernementales","robots":{"index":"noindex","follow":"follow"},"og_locale":"fr_FR","og_type":"article","og_title":"Panneau rigide pour murs et toitures Multitherm Gutex","og_description":"GUTEX Multitherm est le panneau isolant insensible \u00e0 l\u2019humidit\u00e9, dot\u00e9 d\u2019un profil de densit\u00e9 brute monocouche et homog\u00e8ne, qui sert de rev\u00eatement du mur ext\u00e9rieur derri\u00e8re le panneau de parement Il est \u00e9galement utilisable d\u00e9sormais \u00e0 partir de 60 mm au niveau de la toiture comme isolation sur chevrons suppl\u00e9mentaire avec sous-couverture. Certification ACERMI \u00c9ligible aux aides gouvernementales","og_url":"https:\/\/nature-et-developpement.com\/mndl\/produit\/panneau-rigide-pour-murs-et-toitures-multitherm-gutex\/","og_site_name":"Mat\u00e9riaux Naturels de Lorraine","article_modified_time":"2025-12-10T23:20:03+00:00","twitter_card":"summary_large_image","twitter_misc":{"Dur\u00e9e de lecture estim\u00e9e":"3 minutes"},"schema":{"@context":"https:\/\/schema.org","@graph":[{"@type":"WebPage","@id":"https:\/\/nature-et-developpement.com\/mndl\/produit\/panneau-rigide-pour-murs-et-toitures-multitherm-gutex\/","url":"https:\/\/nature-et-developpement.com\/mndl\/produit\/panneau-rigide-pour-murs-et-toitures-multitherm-gutex\/","name":"Panneau rigide pour murs et toitures Multitherm Gutex","isPartOf":{"@id":"https:\/\/nature-et-developpement.com\/mndl\/#website"},"primaryImageOfPage":{"@id":"https:\/\/nature-et-developpement.com\/mndl\/produit\/panneau-rigide-pour-murs-et-toitures-multitherm-gutex\/#primaryimage"},"image":{"@id":"https:\/\/nature-et-developpement.com\/mndl\/produit\/panneau-rigide-pour-murs-et-toitures-multitherm-gutex\/#primaryimage"},"thumbnailUrl":"https:\/\/nature-et-developpement.com\/mndl\/wp-content\/uploads\/Panneau-rigide-pour-murs-et-toitures-Multitherm-Gutex.jpg","datePublished":"2016-12-31T23:00:00+00:00","dateModified":"2025-12-10T23:20:03+00:00","description":"GUTEX Multitherm est le panneau isolant insensible \u00e0 l\u2019humidit\u00e9, dot\u00e9 d\u2019un profil de densit\u00e9 brute monocouche et homog\u00e8ne, qui sert de rev\u00eatement du mur ext\u00e9rieur derri\u00e8re le panneau de parement Il est \u00e9galement utilisable d\u00e9sormais \u00e0 partir de 60 mm au niveau de la toiture comme isolation sur chevrons suppl\u00e9mentaire avec sous-couverture. Certification ACERMI \u00c9ligible aux aides gouvernementales","breadcrumb":{"@id":"https:\/\/nature-et-developpement.com\/mndl\/produit\/panneau-rigide-pour-murs-et-toitures-multitherm-gutex\/#breadcrumb"},"inLanguage":"fr-FR","potentialAction":[{"@type":"ReadAction","target":["https:\/\/nature-et-developpement.com\/mndl\/produit\/panneau-rigide-pour-murs-et-toitures-multitherm-gutex\/"]}]},{"@type":"ImageObject","inLanguage":"fr-FR","@id":"https:\/\/nature-et-developpement.com\/mndl\/produit\/panneau-rigide-pour-murs-et-toitures-multitherm-gutex\/#primaryimage","url":"https:\/\/nature-et-developpement.com\/mndl\/wp-content\/uploads\/Panneau-rigide-pour-murs-et-toitures-Multitherm-Gutex.jpg","contentUrl":"https:\/\/nature-et-developpement.com\/mndl\/wp-content\/uploads\/Panneau-rigide-pour-murs-et-toitures-Multitherm-Gutex.jpg"},{"@type":"BreadcrumbList","@id":"https:\/\/nature-et-developpement.com\/mndl\/produit\/panneau-rigide-pour-murs-et-toitures-multitherm-gutex\/#breadcrumb","itemListElement":[{"@type":"ListItem","position":1,"name":"Accueil","item":"https:\/\/nature-et-developpement.com\/mndl\/"},{"@type":"ListItem","position":2,"name":"Produits","item":"https:\/\/nature-et-developpement.com\/mndl\/shop\/"},{"@type":"ListItem","position":3,"name":"Isolation et \u00e9tanch\u00e9it\u00e9","item":"https:\/\/nature-et-developpement.com\/mndl\/produits\/isolation-et-etancheite\/"},{"@type":"ListItem","position":4,"name":"Isolation ext\u00e9rieure","item":"https:\/\/nature-et-developpement.com\/mndl\/produits\/isolation-et-etancheite\/isolation-exterieure\/"},{"@type":"ListItem","position":5,"name":"Panneau rigide pour murs et toitures Multitherm Gutex"}]},{"@type":"WebSite","@id":"https:\/\/nature-et-developpement.com\/mndl\/#website","url":"https:\/\/nature-et-developpement.com\/mndl\/","name":"Mat\u00e9riaux Naturels de Lorraine","description":"Mat\u00e9riaux Naturels de Lorraine est membre du groupement Nature &amp; D\u00e9veloppement","publisher":{"@id":"https:\/\/nature-et-developpement.com\/mndl\/#organization"},"potentialAction":[{"@type":"SearchAction","target":{"@type":"EntryPoint","urlTemplate":"https:\/\/nature-et-developpement.com\/mndl\/?s={search_term_string}"},"query-input":{"@type":"PropertyValueSpecification","valueRequired":true,"valueName":"search_term_string"}}],"inLanguage":"fr-FR"},{"@type":"Organization","@id":"https:\/\/nature-et-developpement.com\/mndl\/#organization","name":"Mat\u00e9riaux Naturels de Lorraine","url":"https:\/\/nature-et-developpement.com\/mndl\/","logo":{"@type":"ImageObject","inLanguage":"fr-FR","@id":"https:\/\/nature-et-developpement.com\/mndl\/#\/schema\/logo\/image\/","url":"https:\/\/nature-et-developpement.com\/mndl\/wp-content\/uploads\/sites\/7\/2021\/09\/logo-materiaux-naturels-de-lorraine.png","contentUrl":"https:\/\/nature-et-developpement.com\/mndl\/wp-content\/uploads\/sites\/7\/2021\/09\/logo-materiaux-naturels-de-lorraine.png","width":1924,"height":1668,"caption":"Mat\u00e9riaux Naturels de Lorraine"},"image":{"@id":"https:\/\/nature-et-developpement.com\/mndl\/#\/schema\/logo\/image\/"}}]}},"distributor_meta":false,"distributor_terms":false,"distributor_media":false,"distributor_original_site_name":"Mat\u00e9riaux Naturels de Lorraine","distributor_original_site_url":"https:\/\/nature-et-developpement.com\/mndl","push-errors":false,"_links":{"self":[{"href":"https:\/\/nature-et-developpement.com\/mndl\/wp-json\/wp\/v2\/product\/30235","targetHints":{"allow":["GET"]}}],"collection":[{"href":"https:\/\/nature-et-developpement.com\/mndl\/wp-json\/wp\/v2\/product"}],"about":[{"href":"https:\/\/nature-et-developpement.com\/mndl\/wp-json\/wp\/v2\/types\/product"}],"wp:featuredmedia":[{"embeddable":true,"href":"https:\/\/nature-et-developpement.com\/mndl\/wp-json\/"}],"wp:attachment":[{"href":"https:\/\/nature-et-developpement.com\/mndl\/wp-json\/wp\/v2\/media?parent=30235"}],"wp:term":[{"taxonomy":"product_brand","embeddable":true,"href":"https:\/\/nature-et-developpement.com\/mndl\/wp-json\/wp\/v2\/product_brand?post=30235"},{"taxonomy":"product_cat","embeddable":true,"href":"https:\/\/nature-et-developpement.com\/mndl\/wp-json\/wp\/v2\/product_cat?post=30235"},{"taxonomy":"product_tag","embeddable":true,"href":"https:\/\/nature-et-developpement.com\/mndl\/wp-json\/wp\/v2\/product_tag?post=30235"}],"curies":[{"name":"wp","href":"https:\/\/api.w.org\/{rel}","templated":true}]}}