{"id":30283,"date":"2017-01-01T00:00:00","date_gmt":"2016-12-31T23:00:00","guid":{"rendered":"https:\/\/nature-et-developpement.com\/mndl\/produit\/panneau-support-d-enduit-ite-thermowall-nf-gutex\/"},"modified":"2025-12-11T00:35:03","modified_gmt":"2025-12-10T23:35:03","slug":"panneau-support-d-enduit-ite-thermowall-nf-gutex","status":"publish","type":"product","link":"https:\/\/nature-et-developpement.com\/mndl\/produit\/panneau-support-d-enduit-ite-thermowall-nf-gutex\/","title":{"rendered":"Panneau support d&rsquo;enduit ITE Thermowall NF Gutex"},"content":{"rendered":"<h2>GUTEX Thermowall-NF<\/h2>\n<p>\u00c9l\u00e9ment du syst\u00e8me d&rsquo;isolation thermique ext\u00e9rieure GUTEX qui poss\u00e8de l\u2019agr\u00e9ment technique en mati\u00e8re de construction<\/p>\n<p>R\u00e9siste aux chocs<\/p>\n<p>Am\u00e9liore l&rsquo;isolation phonique<\/p>\n<p>Pose plus rapide et ais\u00e9e gr\u00e2ce \u00e0 une pr\u00e9cision dimensionnelle \u00e9lev\u00e9e<\/p>\n<p>Profil de la densit\u00e9 brute monocouche et homog\u00e8ne<\/p>\n<p>Isolation thermique optimale<\/p>\n<p>Excellente capacit\u00e9 de stockage de la chaleur, bonne protection contre la chaleur en \u00e9t\u00e9 et contre le froid en hiver<\/p>\n<p>Ouvert \u00e0 la diffusion et r\u00e9gule l&rsquo;humidit\u00e9<\/p>\n<p>En bois, mati\u00e8re premi\u00e8re renouvelable<\/p>\n<p>Recyclable<\/p>\n<p>Sans risque suivant les principes de l\u2019\u00e9coconstruction (certifi\u00e9 natureplus)<\/p>\n<p>Fabriqu\u00e9 en Allemagne (For\u00eat-Noire)<\/p>\n<h3>Veuillez tenir compte des remarques suivantes:<\/h3>\n<div class=\"row\">\n<div class=\"column medium-up-column-count-2\">\n<div class=\"instruction\">\n<h5>CONSEILS POUR LA POSE:<\/h5>\n<p>Veuillez vous reporter \u00e0 la brochure \u00ab\u00a0Le syst\u00e8me d&rsquo;isolation thermique ext\u00e9rieure GUTEX Thermowall\u00a0\u00bb, vous y trouverez des conseils pour la pose d\u00e9taill\u00e9s concernant le montage des panneaux, les fixations et la pose de l&rsquo;enduit.<\/p>\n<\/div>\n<\/div>\n<\/div>\n","protected":false},"excerpt":{"rendered":"<p>Panneau supportant le cr\u00e9pi pour les syst\u00e8mes d\u2019isolation thermique ext\u00e9rieure de fa\u00e7ade \u00e9cologique \u00e0 profil \u00e9tanche homog\u00e8ne \u00e0 une couche.<\/p>\n<p><strong>Certification ACERMI<\/strong><br \/>\n<span style=\"color: #2aa4a9;\"><em><strong>\u00c9ligible aux aides gouvernementales<\/strong><\/em><\/span><\/p>\n","protected":false},"featured_media":1000000169691,"template":"","meta":[],"product_brand":[2768],"product_cat":[4152],"product_tag":[],"class_list":{"0":"post-30283","1":"product","2":"type-product","3":"status-publish","4":"has-post-thumbnail","6":"product_brand-gutex","7":"product_cat-isolation-exterieure","9":"first","10":"instock","11":"taxable","12":"shipping-taxable","13":"purchasable","14":"product-type-variable"},"yoast_head":"<!-- This site is optimized with the Yoast SEO plugin v27.5 - https:\/\/yoast.com\/product\/yoast-seo-wordpress\/ -->\n<title>Panneau support d&#039;enduit ITE Thermowall NF Gutex<\/title>\n<meta name=\"description\" content=\"Panneau supportant le cr\u00e9pi pour les syst\u00e8mes d\u2019isolation thermique ext\u00e9rieure de fa\u00e7ade \u00e9cologique \u00e0 profil \u00e9tanche homog\u00e8ne \u00e0 une couche. Certification ACERMI \u00c9ligible aux aides gouvernementales\" \/>\n<meta name=\"robots\" content=\"noindex, follow\" \/>\n<meta property=\"og:locale\" content=\"fr_FR\" \/>\n<meta property=\"og:type\" content=\"article\" \/>\n<meta property=\"og:title\" content=\"Panneau support d&#039;enduit ITE Thermowall NF Gutex\" \/>\n<meta property=\"og:description\" content=\"Panneau supportant le cr\u00e9pi pour les syst\u00e8mes d\u2019isolation thermique ext\u00e9rieure de fa\u00e7ade \u00e9cologique \u00e0 profil \u00e9tanche homog\u00e8ne \u00e0 une couche. Certification ACERMI \u00c9ligible aux aides gouvernementales\" \/>\n<meta property=\"og:url\" content=\"https:\/\/nature-et-developpement.com\/mndl\/produit\/panneau-support-d-enduit-ite-thermowall-nf-gutex\/\" \/>\n<meta property=\"og:site_name\" content=\"Mat\u00e9riaux Naturels de Lorraine\" \/>\n<meta property=\"article:modified_time\" content=\"2025-12-10T23:35:03+00:00\" \/>\n<meta name=\"twitter:card\" content=\"summary_large_image\" \/>\n<meta name=\"twitter:label1\" content=\"Dur\u00e9e de lecture estim\u00e9e\" \/>\n\t<meta name=\"twitter:data1\" content=\"1 minute\" \/>\n<script type=\"application\/ld+json\" class=\"yoast-schema-graph\">{\"@context\":\"https:\\\/\\\/schema.org\",\"@graph\":[{\"@type\":\"WebPage\",\"@id\":\"https:\\\/\\\/nature-et-developpement.com\\\/mndl\\\/produit\\\/panneau-support-d-enduit-ite-thermowall-nf-gutex\\\/\",\"url\":\"https:\\\/\\\/nature-et-developpement.com\\\/mndl\\\/produit\\\/panneau-support-d-enduit-ite-thermowall-nf-gutex\\\/\",\"name\":\"Panneau support d'enduit ITE Thermowall NF Gutex\",\"isPartOf\":{\"@id\":\"https:\\\/\\\/nature-et-developpement.com\\\/mndl\\\/#website\"},\"primaryImageOfPage\":{\"@id\":\"https:\\\/\\\/nature-et-developpement.com\\\/mndl\\\/produit\\\/panneau-support-d-enduit-ite-thermowall-nf-gutex\\\/#primaryimage\"},\"image\":{\"@id\":\"https:\\\/\\\/nature-et-developpement.com\\\/mndl\\\/produit\\\/panneau-support-d-enduit-ite-thermowall-nf-gutex\\\/#primaryimage\"},\"thumbnailUrl\":\"https:\\\/\\\/nature-et-developpement.com\\\/mndl\\\/wp-content\\\/uploads\\\/Panneau-support-denduit-ITE-Thermowall-NF-Gutex.jpg\",\"datePublished\":\"2016-12-31T23:00:00+00:00\",\"dateModified\":\"2025-12-10T23:35:03+00:00\",\"description\":\"Panneau supportant le cr\u00e9pi pour les syst\u00e8mes d\u2019isolation thermique ext\u00e9rieure de fa\u00e7ade \u00e9cologique \u00e0 profil \u00e9tanche homog\u00e8ne \u00e0 une couche. Certification ACERMI \u00c9ligible aux aides gouvernementales\",\"breadcrumb\":{\"@id\":\"https:\\\/\\\/nature-et-developpement.com\\\/mndl\\\/produit\\\/panneau-support-d-enduit-ite-thermowall-nf-gutex\\\/#breadcrumb\"},\"inLanguage\":\"fr-FR\",\"potentialAction\":[{\"@type\":\"ReadAction\",\"target\":[\"https:\\\/\\\/nature-et-developpement.com\\\/mndl\\\/produit\\\/panneau-support-d-enduit-ite-thermowall-nf-gutex\\\/\"]}]},{\"@type\":\"ImageObject\",\"inLanguage\":\"fr-FR\",\"@id\":\"https:\\\/\\\/nature-et-developpement.com\\\/mndl\\\/produit\\\/panneau-support-d-enduit-ite-thermowall-nf-gutex\\\/#primaryimage\",\"url\":\"https:\\\/\\\/nature-et-developpement.com\\\/mndl\\\/wp-content\\\/uploads\\\/Panneau-support-denduit-ITE-Thermowall-NF-Gutex.jpg\",\"contentUrl\":\"https:\\\/\\\/nature-et-developpement.com\\\/mndl\\\/wp-content\\\/uploads\\\/Panneau-support-denduit-ITE-Thermowall-NF-Gutex.jpg\"},{\"@type\":\"BreadcrumbList\",\"@id\":\"https:\\\/\\\/nature-et-developpement.com\\\/mndl\\\/produit\\\/panneau-support-d-enduit-ite-thermowall-nf-gutex\\\/#breadcrumb\",\"itemListElement\":[{\"@type\":\"ListItem\",\"position\":1,\"name\":\"Accueil\",\"item\":\"https:\\\/\\\/nature-et-developpement.com\\\/mndl\\\/\"},{\"@type\":\"ListItem\",\"position\":2,\"name\":\"Produits\",\"item\":\"https:\\\/\\\/nature-et-developpement.com\\\/mndl\\\/shop\\\/\"},{\"@type\":\"ListItem\",\"position\":3,\"name\":\"Isolation et \u00e9tanch\u00e9it\u00e9\",\"item\":\"https:\\\/\\\/nature-et-developpement.com\\\/mndl\\\/produits\\\/isolation-et-etancheite\\\/\"},{\"@type\":\"ListItem\",\"position\":4,\"name\":\"Isolation ext\u00e9rieure\",\"item\":\"https:\\\/\\\/nature-et-developpement.com\\\/mndl\\\/produits\\\/isolation-et-etancheite\\\/isolation-exterieure\\\/\"},{\"@type\":\"ListItem\",\"position\":5,\"name\":\"Panneau support d&rsquo;enduit ITE Thermowall NF Gutex\"}]},{\"@type\":\"WebSite\",\"@id\":\"https:\\\/\\\/nature-et-developpement.com\\\/mndl\\\/#website\",\"url\":\"https:\\\/\\\/nature-et-developpement.com\\\/mndl\\\/\",\"name\":\"Mat\u00e9riaux Naturels de Lorraine\",\"description\":\"Mat\u00e9riaux Naturels de Lorraine est membre du groupement Nature &amp; D\u00e9veloppement\",\"publisher\":{\"@id\":\"https:\\\/\\\/nature-et-developpement.com\\\/mndl\\\/#organization\"},\"potentialAction\":[{\"@type\":\"SearchAction\",\"target\":{\"@type\":\"EntryPoint\",\"urlTemplate\":\"https:\\\/\\\/nature-et-developpement.com\\\/mndl\\\/?s={search_term_string}\"},\"query-input\":{\"@type\":\"PropertyValueSpecification\",\"valueRequired\":true,\"valueName\":\"search_term_string\"}}],\"inLanguage\":\"fr-FR\"},{\"@type\":\"Organization\",\"@id\":\"https:\\\/\\\/nature-et-developpement.com\\\/mndl\\\/#organization\",\"name\":\"Mat\u00e9riaux Naturels de Lorraine\",\"url\":\"https:\\\/\\\/nature-et-developpement.com\\\/mndl\\\/\",\"logo\":{\"@type\":\"ImageObject\",\"inLanguage\":\"fr-FR\",\"@id\":\"https:\\\/\\\/nature-et-developpement.com\\\/mndl\\\/#\\\/schema\\\/logo\\\/image\\\/\",\"url\":\"https:\\\/\\\/nature-et-developpement.com\\\/mndl\\\/wp-content\\\/uploads\\\/sites\\\/7\\\/2021\\\/09\\\/logo-materiaux-naturels-de-lorraine.png\",\"contentUrl\":\"https:\\\/\\\/nature-et-developpement.com\\\/mndl\\\/wp-content\\\/uploads\\\/sites\\\/7\\\/2021\\\/09\\\/logo-materiaux-naturels-de-lorraine.png\",\"width\":1924,\"height\":1668,\"caption\":\"Mat\u00e9riaux Naturels de Lorraine\"},\"image\":{\"@id\":\"https:\\\/\\\/nature-et-developpement.com\\\/mndl\\\/#\\\/schema\\\/logo\\\/image\\\/\"}}]}<\/script>\n<!-- \/ Yoast SEO plugin. -->","yoast_head_json":{"title":"Panneau support d'enduit ITE Thermowall NF Gutex","description":"Panneau supportant le cr\u00e9pi pour les syst\u00e8mes d\u2019isolation thermique ext\u00e9rieure de fa\u00e7ade \u00e9cologique \u00e0 profil \u00e9tanche homog\u00e8ne \u00e0 une couche. Certification ACERMI \u00c9ligible aux aides gouvernementales","robots":{"index":"noindex","follow":"follow"},"og_locale":"fr_FR","og_type":"article","og_title":"Panneau support d'enduit ITE Thermowall NF Gutex","og_description":"Panneau supportant le cr\u00e9pi pour les syst\u00e8mes d\u2019isolation thermique ext\u00e9rieure de fa\u00e7ade \u00e9cologique \u00e0 profil \u00e9tanche homog\u00e8ne \u00e0 une couche. Certification ACERMI \u00c9ligible aux aides gouvernementales","og_url":"https:\/\/nature-et-developpement.com\/mndl\/produit\/panneau-support-d-enduit-ite-thermowall-nf-gutex\/","og_site_name":"Mat\u00e9riaux Naturels de Lorraine","article_modified_time":"2025-12-10T23:35:03+00:00","twitter_card":"summary_large_image","twitter_misc":{"Dur\u00e9e de lecture estim\u00e9e":"1 minute"},"schema":{"@context":"https:\/\/schema.org","@graph":[{"@type":"WebPage","@id":"https:\/\/nature-et-developpement.com\/mndl\/produit\/panneau-support-d-enduit-ite-thermowall-nf-gutex\/","url":"https:\/\/nature-et-developpement.com\/mndl\/produit\/panneau-support-d-enduit-ite-thermowall-nf-gutex\/","name":"Panneau support d'enduit ITE Thermowall NF Gutex","isPartOf":{"@id":"https:\/\/nature-et-developpement.com\/mndl\/#website"},"primaryImageOfPage":{"@id":"https:\/\/nature-et-developpement.com\/mndl\/produit\/panneau-support-d-enduit-ite-thermowall-nf-gutex\/#primaryimage"},"image":{"@id":"https:\/\/nature-et-developpement.com\/mndl\/produit\/panneau-support-d-enduit-ite-thermowall-nf-gutex\/#primaryimage"},"thumbnailUrl":"https:\/\/nature-et-developpement.com\/mndl\/wp-content\/uploads\/Panneau-support-denduit-ITE-Thermowall-NF-Gutex.jpg","datePublished":"2016-12-31T23:00:00+00:00","dateModified":"2025-12-10T23:35:03+00:00","description":"Panneau supportant le cr\u00e9pi pour les syst\u00e8mes d\u2019isolation thermique ext\u00e9rieure de fa\u00e7ade \u00e9cologique \u00e0 profil \u00e9tanche homog\u00e8ne \u00e0 une couche. Certification ACERMI \u00c9ligible aux aides gouvernementales","breadcrumb":{"@id":"https:\/\/nature-et-developpement.com\/mndl\/produit\/panneau-support-d-enduit-ite-thermowall-nf-gutex\/#breadcrumb"},"inLanguage":"fr-FR","potentialAction":[{"@type":"ReadAction","target":["https:\/\/nature-et-developpement.com\/mndl\/produit\/panneau-support-d-enduit-ite-thermowall-nf-gutex\/"]}]},{"@type":"ImageObject","inLanguage":"fr-FR","@id":"https:\/\/nature-et-developpement.com\/mndl\/produit\/panneau-support-d-enduit-ite-thermowall-nf-gutex\/#primaryimage","url":"https:\/\/nature-et-developpement.com\/mndl\/wp-content\/uploads\/Panneau-support-denduit-ITE-Thermowall-NF-Gutex.jpg","contentUrl":"https:\/\/nature-et-developpement.com\/mndl\/wp-content\/uploads\/Panneau-support-denduit-ITE-Thermowall-NF-Gutex.jpg"},{"@type":"BreadcrumbList","@id":"https:\/\/nature-et-developpement.com\/mndl\/produit\/panneau-support-d-enduit-ite-thermowall-nf-gutex\/#breadcrumb","itemListElement":[{"@type":"ListItem","position":1,"name":"Accueil","item":"https:\/\/nature-et-developpement.com\/mndl\/"},{"@type":"ListItem","position":2,"name":"Produits","item":"https:\/\/nature-et-developpement.com\/mndl\/shop\/"},{"@type":"ListItem","position":3,"name":"Isolation et \u00e9tanch\u00e9it\u00e9","item":"https:\/\/nature-et-developpement.com\/mndl\/produits\/isolation-et-etancheite\/"},{"@type":"ListItem","position":4,"name":"Isolation ext\u00e9rieure","item":"https:\/\/nature-et-developpement.com\/mndl\/produits\/isolation-et-etancheite\/isolation-exterieure\/"},{"@type":"ListItem","position":5,"name":"Panneau support d&rsquo;enduit ITE Thermowall NF Gutex"}]},{"@type":"WebSite","@id":"https:\/\/nature-et-developpement.com\/mndl\/#website","url":"https:\/\/nature-et-developpement.com\/mndl\/","name":"Mat\u00e9riaux Naturels de Lorraine","description":"Mat\u00e9riaux Naturels de Lorraine est membre du groupement Nature &amp; D\u00e9veloppement","publisher":{"@id":"https:\/\/nature-et-developpement.com\/mndl\/#organization"},"potentialAction":[{"@type":"SearchAction","target":{"@type":"EntryPoint","urlTemplate":"https:\/\/nature-et-developpement.com\/mndl\/?s={search_term_string}"},"query-input":{"@type":"PropertyValueSpecification","valueRequired":true,"valueName":"search_term_string"}}],"inLanguage":"fr-FR"},{"@type":"Organization","@id":"https:\/\/nature-et-developpement.com\/mndl\/#organization","name":"Mat\u00e9riaux Naturels de Lorraine","url":"https:\/\/nature-et-developpement.com\/mndl\/","logo":{"@type":"ImageObject","inLanguage":"fr-FR","@id":"https:\/\/nature-et-developpement.com\/mndl\/#\/schema\/logo\/image\/","url":"https:\/\/nature-et-developpement.com\/mndl\/wp-content\/uploads\/sites\/7\/2021\/09\/logo-materiaux-naturels-de-lorraine.png","contentUrl":"https:\/\/nature-et-developpement.com\/mndl\/wp-content\/uploads\/sites\/7\/2021\/09\/logo-materiaux-naturels-de-lorraine.png","width":1924,"height":1668,"caption":"Mat\u00e9riaux Naturels de Lorraine"},"image":{"@id":"https:\/\/nature-et-developpement.com\/mndl\/#\/schema\/logo\/image\/"}}]}},"distributor_meta":false,"distributor_terms":false,"distributor_media":false,"distributor_original_site_name":"Mat\u00e9riaux Naturels de Lorraine","distributor_original_site_url":"https:\/\/nature-et-developpement.com\/mndl","push-errors":false,"_links":{"self":[{"href":"https:\/\/nature-et-developpement.com\/mndl\/wp-json\/wp\/v2\/product\/30283","targetHints":{"allow":["GET"]}}],"collection":[{"href":"https:\/\/nature-et-developpement.com\/mndl\/wp-json\/wp\/v2\/product"}],"about":[{"href":"https:\/\/nature-et-developpement.com\/mndl\/wp-json\/wp\/v2\/types\/product"}],"wp:featuredmedia":[{"embeddable":true,"href":"https:\/\/nature-et-developpement.com\/mndl\/wp-json\/"}],"wp:attachment":[{"href":"https:\/\/nature-et-developpement.com\/mndl\/wp-json\/wp\/v2\/media?parent=30283"}],"wp:term":[{"taxonomy":"product_brand","embeddable":true,"href":"https:\/\/nature-et-developpement.com\/mndl\/wp-json\/wp\/v2\/product_brand?post=30283"},{"taxonomy":"product_cat","embeddable":true,"href":"https:\/\/nature-et-developpement.com\/mndl\/wp-json\/wp\/v2\/product_cat?post=30283"},{"taxonomy":"product_tag","embeddable":true,"href":"https:\/\/nature-et-developpement.com\/mndl\/wp-json\/wp\/v2\/product_tag?post=30283"}],"curies":[{"name":"wp","href":"https:\/\/api.w.org\/{rel}","templated":true}]}}