{"id":30733,"date":"2024-09-02T00:00:08","date_gmt":"2024-09-01T22:00:08","guid":{"rendered":"https:\/\/nature-et-developpement.com\/mndl\/produit\/botte-de-paille-100-ble-biofib-paille-pour-cloison-et-mob\/"},"modified":"2026-02-17T13:20:32","modified_gmt":"2026-02-17T12:20:32","slug":"isolant-en-paille-100-pour-100-ble-biofib-paille-pour-cloison-et-mob","status":"publish","type":"product","link":"https:\/\/nature-et-developpement.com\/mndl\/produit\/isolant-en-paille-100-pour-100-ble-biofib-paille-pour-cloison-et-mob\/","title":{"rendered":"Biofib paille &#8211; Isolant en paille 100% bl\u00e9 pour cloison et MOB"},"content":{"rendered":"<h2>Isolation thermique\u00a0100% en paille de bl\u00e9 Biofib Paille pour cloison et MOB<\/h2>\n<p>L&rsquo;isolant en paille Biofib Paille est une solution performante et \u00e9conomique pour vos projets d&rsquo;isolation thermique. Compos\u00e9 \u00e0 100% de paille de bl\u00e9, il se distingue par une densit\u00e9 \u00e9lev\u00e9e, garantissant un excellent d\u00e9phasage thermique. Cet isolant l\u00e9ger se pose facilement, tout en offrant une isolation acoustique remarquable. Vous profitez d&rsquo;un confort optimal lors de la mise en \u0153uvre, gr\u00e2ce \u00e0 sa conception sans poussi\u00e8re.<\/p>\n<h4>Avantages techniques de l&rsquo;isolant en paille Biofib<\/h4>\n<p>Cet isolant naturel est id\u00e9al pour les maisons ossature bois (MOB\/FOB) et les cloisons. Sa composition dense permet une forte inertie thermique, r\u00e9duisant les variations de temp\u00e9rature dans les b\u00e2timents. La paille Biofib est \u00e9galement un mat\u00e9riau r\u00e9sistant au feu, test\u00e9 et approuv\u00e9 selon la norme Euroclasse EN 13501-1, avec une r\u00e9action au feu de classe B, s1-d0 lorsqu&rsquo;il est enduit de chaux.<\/p>\n<p>Gr\u00e2ce \u00e0 ses propri\u00e9t\u00e9s techniques, cet isolant offre une r\u00e9sistance thermique R allant de 4,58 \u00e0 7,5 selon l&rsquo;\u00e9paisseur choisie. Il permet aussi une bonne gestion de la vapeur d\u2019eau, gr\u00e2ce \u00e0 son coefficient de diffusion de vapeur de 1,04, favorisant une r\u00e9gulation naturelle de l\u2019humidit\u00e9.<\/p>\n<h4>Techniques de pose<\/h4>\n<p>Avant de poser l\u2019isolant en paille Biofib, v\u00e9rifiez que le support soit sain, sec et solide. Ce mat\u00e9riau se pose dans des structures de murs ossature bois ou en isolation thermique ext\u00e9rieure (ITE). Il est possible d\u2019installer cet isolant sur les toitures pour un confort thermique optimis\u00e9 toute l\u2019ann\u00e9e. L&rsquo;isolant se d\u00e9coupe facilement avec des outils standards. Une fois en place, fixez-le avec des \u00e9querres ou des clous adapt\u00e9s aux structures en bois pour garantir une installation durable et stable.<\/p>\n<p>Enfin, la paille Biofib se compl\u00e8te id\u00e9alement avec un enduit \u00e0 la chaux pour maximiser sa r\u00e9sistance au feu et accro\u00eetre son efficacit\u00e9 thermique.<\/p>\n","protected":false},"excerpt":{"rendered":"<p>Optez pour l&rsquo;isolant en paille Biofib paille 100% bl\u00e9, pratique et performant pour cloison et MOB. Pose rapide, protection thermique et acoustique.<\/p>\n","protected":false},"featured_media":1000000203121,"template":"","meta":[],"product_brand":[2761],"product_cat":[353,2848,4153],"product_tag":[4189],"class_list":{"0":"post-30733","1":"product","2":"type-product","3":"status-publish","4":"has-post-thumbnail","6":"product_brand-biofib","7":"product_cat-cloisons-et-doublage","8":"product_cat-demande-de-devis-uniquement-sans-prix","9":"product_cat-isolation-interieure","10":"product_tag-biofib","12":"first","13":"instock","14":"taxable","15":"shipping-taxable","16":"purchasable","17":"product-type-variable"},"yoast_head":"<!-- This site is optimized with the Yoast SEO plugin v27.5 - https:\/\/yoast.com\/product\/yoast-seo-wordpress\/ -->\n<title>Biofib paille - Isolant en paille 100% bl\u00e9 pour cloison et MOB<\/title>\n<meta name=\"description\" content=\"Optez pour l&#039;isolant en paille Biofib paille 100% bl\u00e9, pratique et performant pour cloison et MOB. Pose rapide, protection thermique et acoustique.\" \/>\n<meta name=\"robots\" content=\"noindex, nofollow\" \/>\n<meta property=\"og:locale\" content=\"fr_FR\" \/>\n<meta property=\"og:type\" content=\"article\" \/>\n<meta property=\"og:title\" content=\"Biofib paille - Isolant en paille 100% bl\u00e9 pour cloison et MOB\" \/>\n<meta property=\"og:description\" content=\"Optez pour l&#039;isolant en paille Biofib paille 100% bl\u00e9, pratique et performant pour cloison et MOB. Pose rapide, protection thermique et acoustique.\" \/>\n<meta property=\"og:url\" content=\"https:\/\/nature-et-developpement.com\/mndl\/produit\/isolant-en-paille-100-pour-100-ble-biofib-paille-pour-cloison-et-mob\/\" \/>\n<meta property=\"og:site_name\" content=\"Mat\u00e9riaux Naturels de Lorraine\" \/>\n<meta property=\"article:modified_time\" content=\"2026-02-17T12:20:32+00:00\" \/>\n<meta name=\"twitter:card\" content=\"summary_large_image\" \/>\n<meta name=\"twitter:label1\" content=\"Dur\u00e9e de lecture estim\u00e9e\" \/>\n\t<meta name=\"twitter:data1\" content=\"2 minutes\" \/>\n<script type=\"application\/ld+json\" class=\"yoast-schema-graph\">{\"@context\":\"https:\\\/\\\/schema.org\",\"@graph\":[{\"@type\":\"WebPage\",\"@id\":\"https:\\\/\\\/nature-et-developpement.com\\\/mndl\\\/produit\\\/isolant-en-paille-100-pour-100-ble-biofib-paille-pour-cloison-et-mob\\\/\",\"url\":\"https:\\\/\\\/nature-et-developpement.com\\\/mndl\\\/produit\\\/isolant-en-paille-100-pour-100-ble-biofib-paille-pour-cloison-et-mob\\\/\",\"name\":\"Biofib paille - Isolant en paille 100% bl\u00e9 pour cloison et MOB\",\"isPartOf\":{\"@id\":\"https:\\\/\\\/nature-et-developpement.com\\\/mndl\\\/#website\"},\"primaryImageOfPage\":{\"@id\":\"https:\\\/\\\/nature-et-developpement.com\\\/mndl\\\/produit\\\/isolant-en-paille-100-pour-100-ble-biofib-paille-pour-cloison-et-mob\\\/#primaryimage\"},\"image\":{\"@id\":\"https:\\\/\\\/nature-et-developpement.com\\\/mndl\\\/produit\\\/isolant-en-paille-100-pour-100-ble-biofib-paille-pour-cloison-et-mob\\\/#primaryimage\"},\"thumbnailUrl\":\"https:\\\/\\\/nature-et-developpement.com\\\/mndl\\\/wp-content\\\/uploads\\\/Isolant-en-paille-Biofib-paille-pour-cloison-et-MOB.jpg\",\"datePublished\":\"2024-09-01T22:00:08+00:00\",\"dateModified\":\"2026-02-17T12:20:32+00:00\",\"description\":\"Optez pour l'isolant en paille Biofib paille 100% bl\u00e9, pratique et performant pour cloison et MOB. Pose rapide, protection thermique et acoustique.\",\"breadcrumb\":{\"@id\":\"https:\\\/\\\/nature-et-developpement.com\\\/mndl\\\/produit\\\/isolant-en-paille-100-pour-100-ble-biofib-paille-pour-cloison-et-mob\\\/#breadcrumb\"},\"inLanguage\":\"fr-FR\",\"potentialAction\":[{\"@type\":\"ReadAction\",\"target\":[\"https:\\\/\\\/nature-et-developpement.com\\\/mndl\\\/produit\\\/isolant-en-paille-100-pour-100-ble-biofib-paille-pour-cloison-et-mob\\\/\"]}]},{\"@type\":\"ImageObject\",\"inLanguage\":\"fr-FR\",\"@id\":\"https:\\\/\\\/nature-et-developpement.com\\\/mndl\\\/produit\\\/isolant-en-paille-100-pour-100-ble-biofib-paille-pour-cloison-et-mob\\\/#primaryimage\",\"url\":\"https:\\\/\\\/nature-et-developpement.com\\\/mndl\\\/wp-content\\\/uploads\\\/Isolant-en-paille-Biofib-paille-pour-cloison-et-MOB.jpg\",\"contentUrl\":\"https:\\\/\\\/nature-et-developpement.com\\\/mndl\\\/wp-content\\\/uploads\\\/Isolant-en-paille-Biofib-paille-pour-cloison-et-MOB.jpg\"},{\"@type\":\"BreadcrumbList\",\"@id\":\"https:\\\/\\\/nature-et-developpement.com\\\/mndl\\\/produit\\\/isolant-en-paille-100-pour-100-ble-biofib-paille-pour-cloison-et-mob\\\/#breadcrumb\",\"itemListElement\":[{\"@type\":\"ListItem\",\"position\":1,\"name\":\"Accueil\",\"item\":\"https:\\\/\\\/nature-et-developpement.com\\\/mndl\\\/\"},{\"@type\":\"ListItem\",\"position\":2,\"name\":\"Produits\",\"item\":\"https:\\\/\\\/nature-et-developpement.com\\\/mndl\\\/shop\\\/\"},{\"@type\":\"ListItem\",\"position\":3,\"name\":\"Construction, cloison et fen\u00eatres\",\"item\":\"https:\\\/\\\/nature-et-developpement.com\\\/mndl\\\/produits\\\/construction\\\/\"},{\"@type\":\"ListItem\",\"position\":4,\"name\":\"Cloisons et doublage\",\"item\":\"https:\\\/\\\/nature-et-developpement.com\\\/mndl\\\/produits\\\/construction\\\/cloisons-et-doublage\\\/\"},{\"@type\":\"ListItem\",\"position\":5,\"name\":\"Biofib paille &#8211; Isolant en paille 100% bl\u00e9 pour cloison et MOB\"}]},{\"@type\":\"WebSite\",\"@id\":\"https:\\\/\\\/nature-et-developpement.com\\\/mndl\\\/#website\",\"url\":\"https:\\\/\\\/nature-et-developpement.com\\\/mndl\\\/\",\"name\":\"Mat\u00e9riaux Naturels de Lorraine\",\"description\":\"Mat\u00e9riaux Naturels de Lorraine est membre du groupement Nature &amp; D\u00e9veloppement\",\"publisher\":{\"@id\":\"https:\\\/\\\/nature-et-developpement.com\\\/mndl\\\/#organization\"},\"potentialAction\":[{\"@type\":\"SearchAction\",\"target\":{\"@type\":\"EntryPoint\",\"urlTemplate\":\"https:\\\/\\\/nature-et-developpement.com\\\/mndl\\\/?s={search_term_string}\"},\"query-input\":{\"@type\":\"PropertyValueSpecification\",\"valueRequired\":true,\"valueName\":\"search_term_string\"}}],\"inLanguage\":\"fr-FR\"},{\"@type\":\"Organization\",\"@id\":\"https:\\\/\\\/nature-et-developpement.com\\\/mndl\\\/#organization\",\"name\":\"Mat\u00e9riaux Naturels de Lorraine\",\"url\":\"https:\\\/\\\/nature-et-developpement.com\\\/mndl\\\/\",\"logo\":{\"@type\":\"ImageObject\",\"inLanguage\":\"fr-FR\",\"@id\":\"https:\\\/\\\/nature-et-developpement.com\\\/mndl\\\/#\\\/schema\\\/logo\\\/image\\\/\",\"url\":\"https:\\\/\\\/nature-et-developpement.com\\\/mndl\\\/wp-content\\\/uploads\\\/sites\\\/7\\\/2021\\\/09\\\/logo-materiaux-naturels-de-lorraine.png\",\"contentUrl\":\"https:\\\/\\\/nature-et-developpement.com\\\/mndl\\\/wp-content\\\/uploads\\\/sites\\\/7\\\/2021\\\/09\\\/logo-materiaux-naturels-de-lorraine.png\",\"width\":1924,\"height\":1668,\"caption\":\"Mat\u00e9riaux Naturels de Lorraine\"},\"image\":{\"@id\":\"https:\\\/\\\/nature-et-developpement.com\\\/mndl\\\/#\\\/schema\\\/logo\\\/image\\\/\"}}]}<\/script>\n<!-- \/ Yoast SEO plugin. -->","yoast_head_json":{"title":"Biofib paille - Isolant en paille 100% bl\u00e9 pour cloison et MOB","description":"Optez pour l'isolant en paille Biofib paille 100% bl\u00e9, pratique et performant pour cloison et MOB. Pose rapide, protection thermique et acoustique.","robots":{"index":"noindex","follow":"nofollow"},"og_locale":"fr_FR","og_type":"article","og_title":"Biofib paille - Isolant en paille 100% bl\u00e9 pour cloison et MOB","og_description":"Optez pour l'isolant en paille Biofib paille 100% bl\u00e9, pratique et performant pour cloison et MOB. Pose rapide, protection thermique et acoustique.","og_url":"https:\/\/nature-et-developpement.com\/mndl\/produit\/isolant-en-paille-100-pour-100-ble-biofib-paille-pour-cloison-et-mob\/","og_site_name":"Mat\u00e9riaux Naturels de Lorraine","article_modified_time":"2026-02-17T12:20:32+00:00","twitter_card":"summary_large_image","twitter_misc":{"Dur\u00e9e de lecture estim\u00e9e":"2 minutes"},"schema":{"@context":"https:\/\/schema.org","@graph":[{"@type":"WebPage","@id":"https:\/\/nature-et-developpement.com\/mndl\/produit\/isolant-en-paille-100-pour-100-ble-biofib-paille-pour-cloison-et-mob\/","url":"https:\/\/nature-et-developpement.com\/mndl\/produit\/isolant-en-paille-100-pour-100-ble-biofib-paille-pour-cloison-et-mob\/","name":"Biofib paille - Isolant en paille 100% bl\u00e9 pour cloison et MOB","isPartOf":{"@id":"https:\/\/nature-et-developpement.com\/mndl\/#website"},"primaryImageOfPage":{"@id":"https:\/\/nature-et-developpement.com\/mndl\/produit\/isolant-en-paille-100-pour-100-ble-biofib-paille-pour-cloison-et-mob\/#primaryimage"},"image":{"@id":"https:\/\/nature-et-developpement.com\/mndl\/produit\/isolant-en-paille-100-pour-100-ble-biofib-paille-pour-cloison-et-mob\/#primaryimage"},"thumbnailUrl":"https:\/\/nature-et-developpement.com\/mndl\/wp-content\/uploads\/Isolant-en-paille-Biofib-paille-pour-cloison-et-MOB.jpg","datePublished":"2024-09-01T22:00:08+00:00","dateModified":"2026-02-17T12:20:32+00:00","description":"Optez pour l'isolant en paille Biofib paille 100% bl\u00e9, pratique et performant pour cloison et MOB. Pose rapide, protection thermique et acoustique.","breadcrumb":{"@id":"https:\/\/nature-et-developpement.com\/mndl\/produit\/isolant-en-paille-100-pour-100-ble-biofib-paille-pour-cloison-et-mob\/#breadcrumb"},"inLanguage":"fr-FR","potentialAction":[{"@type":"ReadAction","target":["https:\/\/nature-et-developpement.com\/mndl\/produit\/isolant-en-paille-100-pour-100-ble-biofib-paille-pour-cloison-et-mob\/"]}]},{"@type":"ImageObject","inLanguage":"fr-FR","@id":"https:\/\/nature-et-developpement.com\/mndl\/produit\/isolant-en-paille-100-pour-100-ble-biofib-paille-pour-cloison-et-mob\/#primaryimage","url":"https:\/\/nature-et-developpement.com\/mndl\/wp-content\/uploads\/Isolant-en-paille-Biofib-paille-pour-cloison-et-MOB.jpg","contentUrl":"https:\/\/nature-et-developpement.com\/mndl\/wp-content\/uploads\/Isolant-en-paille-Biofib-paille-pour-cloison-et-MOB.jpg"},{"@type":"BreadcrumbList","@id":"https:\/\/nature-et-developpement.com\/mndl\/produit\/isolant-en-paille-100-pour-100-ble-biofib-paille-pour-cloison-et-mob\/#breadcrumb","itemListElement":[{"@type":"ListItem","position":1,"name":"Accueil","item":"https:\/\/nature-et-developpement.com\/mndl\/"},{"@type":"ListItem","position":2,"name":"Produits","item":"https:\/\/nature-et-developpement.com\/mndl\/shop\/"},{"@type":"ListItem","position":3,"name":"Construction, cloison et fen\u00eatres","item":"https:\/\/nature-et-developpement.com\/mndl\/produits\/construction\/"},{"@type":"ListItem","position":4,"name":"Cloisons et doublage","item":"https:\/\/nature-et-developpement.com\/mndl\/produits\/construction\/cloisons-et-doublage\/"},{"@type":"ListItem","position":5,"name":"Biofib paille &#8211; Isolant en paille 100% bl\u00e9 pour cloison et MOB"}]},{"@type":"WebSite","@id":"https:\/\/nature-et-developpement.com\/mndl\/#website","url":"https:\/\/nature-et-developpement.com\/mndl\/","name":"Mat\u00e9riaux Naturels de Lorraine","description":"Mat\u00e9riaux Naturels de Lorraine est membre du groupement Nature &amp; D\u00e9veloppement","publisher":{"@id":"https:\/\/nature-et-developpement.com\/mndl\/#organization"},"potentialAction":[{"@type":"SearchAction","target":{"@type":"EntryPoint","urlTemplate":"https:\/\/nature-et-developpement.com\/mndl\/?s={search_term_string}"},"query-input":{"@type":"PropertyValueSpecification","valueRequired":true,"valueName":"search_term_string"}}],"inLanguage":"fr-FR"},{"@type":"Organization","@id":"https:\/\/nature-et-developpement.com\/mndl\/#organization","name":"Mat\u00e9riaux Naturels de Lorraine","url":"https:\/\/nature-et-developpement.com\/mndl\/","logo":{"@type":"ImageObject","inLanguage":"fr-FR","@id":"https:\/\/nature-et-developpement.com\/mndl\/#\/schema\/logo\/image\/","url":"https:\/\/nature-et-developpement.com\/mndl\/wp-content\/uploads\/sites\/7\/2021\/09\/logo-materiaux-naturels-de-lorraine.png","contentUrl":"https:\/\/nature-et-developpement.com\/mndl\/wp-content\/uploads\/sites\/7\/2021\/09\/logo-materiaux-naturels-de-lorraine.png","width":1924,"height":1668,"caption":"Mat\u00e9riaux Naturels de Lorraine"},"image":{"@id":"https:\/\/nature-et-developpement.com\/mndl\/#\/schema\/logo\/image\/"}}]}},"distributor_meta":false,"distributor_terms":false,"distributor_media":false,"distributor_original_site_name":"Mat\u00e9riaux Naturels de Lorraine","distributor_original_site_url":"https:\/\/nature-et-developpement.com\/mndl","push-errors":false,"_links":{"self":[{"href":"https:\/\/nature-et-developpement.com\/mndl\/wp-json\/wp\/v2\/product\/30733","targetHints":{"allow":["GET"]}}],"collection":[{"href":"https:\/\/nature-et-developpement.com\/mndl\/wp-json\/wp\/v2\/product"}],"about":[{"href":"https:\/\/nature-et-developpement.com\/mndl\/wp-json\/wp\/v2\/types\/product"}],"wp:featuredmedia":[{"embeddable":true,"href":"https:\/\/nature-et-developpement.com\/mndl\/wp-json\/"}],"wp:attachment":[{"href":"https:\/\/nature-et-developpement.com\/mndl\/wp-json\/wp\/v2\/media?parent=30733"}],"wp:term":[{"taxonomy":"product_brand","embeddable":true,"href":"https:\/\/nature-et-developpement.com\/mndl\/wp-json\/wp\/v2\/product_brand?post=30733"},{"taxonomy":"product_cat","embeddable":true,"href":"https:\/\/nature-et-developpement.com\/mndl\/wp-json\/wp\/v2\/product_cat?post=30733"},{"taxonomy":"product_tag","embeddable":true,"href":"https:\/\/nature-et-developpement.com\/mndl\/wp-json\/wp\/v2\/product_tag?post=30733"}],"curies":[{"name":"wp","href":"https:\/\/api.w.org\/{rel}","templated":true}]}}