{"id":30863,"date":"2023-01-06T17:37:31","date_gmt":"2023-01-06T16:37:31","guid":{"rendered":"https:\/\/nature-et-developpement.com\/mndl\/produit\/liege-en-rouleau-pour-sous-couche-parquet-massif-ou-flottant\/"},"modified":"2025-06-19T17:15:18","modified_gmt":"2025-06-19T15:15:18","slug":"liege-en-rouleau-pour-sous-couche-parquet-massif-ou-flottant","status":"publish","type":"product","link":"https:\/\/nature-et-developpement.com\/mndl\/produit\/liege-en-rouleau-pour-sous-couche-parquet-massif-ou-flottant\/","title":{"rendered":"Li\u00e8ge en rouleau pour sous-couche parquet massif ou flottant"},"content":{"rendered":"<h2>Sous couche Li\u00e8ge en rouleau<\/h2>\n<p>Pour une bonne isolation thermique et acoustique.<\/p>\n<p>Plusieurs types de sous-couche sont utilis\u00e9s pour l\u2019isolation surtout de parquets et de sols flottants.<\/p>\n<p>Le li\u00e8ge en rouleau agglom\u00e9r\u00e9 d\u2019une \u00e9paisseur de 2 \u00e0 10mm supporte un poids de compression \u00e9lev\u00e9 et peut \u00eatre utilis\u00e9 aussi bien sous des sols durs que mous.<\/p>\n<p>Le li\u00e8ge en rouleau agglom\u00e9r\u00e9 en tant que sous-couche d\u2019une \u00e9paisseur de 2 \u00e0 3mm est utilis\u00e9 en tant que sous-couche pour des parquets coll\u00e9s ou flottants.<\/p>\n<p>Gr\u00e2ce \u00e0 sa structure, le li\u00e8ge en rouleau agglom\u00e9r\u00e9 4mm isole parfaitement les bruits de contact entre les diff\u00e9rents niveaux dans l&rsquo;habitation.<\/p>\n<h3>100% naturel et \u00e9cologique<\/h3>\n<p>Il est compos\u00e9 de restes d&rsquo;\u00e9corce de li\u00e8ge.<\/p>\n<p>Il est imputrescible et ne moisit pas.<\/p>\n<p>De plus, le li\u00e8ge est antistatique, et r\u00e9duit visiblement la quantit\u00e9 de poussi\u00e8res dans la maison.<\/p>\n<p>Ce qui est un avantage non n\u00e9gligeable pour les personnes allergiques et\/ou asthmatiques.<\/p>\n<h4>2 Densit\u00e9s:<\/h4>\n<p>180 a 190 Kg\/m\u00b3 (granulom\u00e9trie grains grossiers)<br \/>\n200 a 220 Kg\/m\u00b3 (granulom\u00e9trie fine de 1 \u00e0 5mm)<\/p>\n","protected":false},"excerpt":{"rendered":"<p>Le li\u00e8ge en rouleau agglom\u00e9r\u00e9 d\u2019une \u00e9paisseur de 2 \u00e0 10mm supporte un poids de compression \u00e9lev\u00e9 et peut \u00eatre utilis\u00e9 sur tous types sols.<\/p>\n<h4>100% naturel et \u00e9cologique<\/h4>\n","protected":false},"featured_media":1000000170674,"template":"","meta":[],"product_brand":[2780],"product_cat":[2848,4153,4154,285,18],"product_tag":[4176],"class_list":{"0":"post-30863","1":"product","2":"type-product","3":"status-publish","4":"has-post-thumbnail","6":"product_brand-isocor","7":"product_cat-demande-de-devis-uniquement-sans-prix","8":"product_cat-isolation-interieure","9":"product_cat-isolation-phonique","10":"product_cat-revetements-muraux","11":"product_cat-sous-couche-parquet","12":"product_tag-isocor","14":"first","15":"instock","16":"taxable","17":"shipping-taxable","18":"purchasable","19":"product-type-variable"},"yoast_head":"<!-- This site is optimized with the Yoast SEO plugin v27.5 - https:\/\/yoast.com\/product\/yoast-seo-wordpress\/ -->\n<title>Li\u00e8ge en rouleau pour sous-couche parquet massif ou flottant<\/title>\n<meta name=\"description\" content=\"Le li\u00e8ge en rouleau agglom\u00e9r\u00e9 supporte un poids de compression \u00e9lev\u00e9 et peut \u00eatre utilis\u00e9 sur tous types sols. 100% naturel et \u00e9cologique\" \/>\n<meta name=\"robots\" content=\"noindex, nofollow\" \/>\n<meta property=\"og:locale\" content=\"fr_FR\" \/>\n<meta property=\"og:type\" content=\"article\" \/>\n<meta property=\"og:title\" content=\"Li\u00e8ge en rouleau pour sous-couche parquet massif ou flottant\" \/>\n<meta property=\"og:description\" content=\"Le li\u00e8ge en rouleau agglom\u00e9r\u00e9 supporte un poids de compression \u00e9lev\u00e9 et peut \u00eatre utilis\u00e9 sur tous types sols. 100% naturel et \u00e9cologique\" \/>\n<meta property=\"og:url\" content=\"https:\/\/nature-et-developpement.com\/mndl\/produit\/liege-en-rouleau-pour-sous-couche-parquet-massif-ou-flottant\/\" \/>\n<meta property=\"og:site_name\" content=\"Mat\u00e9riaux Naturels de Lorraine\" \/>\n<meta property=\"article:modified_time\" content=\"2025-06-19T15:15:18+00:00\" \/>\n<meta name=\"twitter:card\" content=\"summary_large_image\" \/>\n<meta name=\"twitter:label1\" content=\"Dur\u00e9e de lecture estim\u00e9e\" \/>\n\t<meta name=\"twitter:data1\" content=\"1 minute\" \/>\n<script type=\"application\/ld+json\" class=\"yoast-schema-graph\">{\"@context\":\"https:\\\/\\\/schema.org\",\"@graph\":[{\"@type\":\"WebPage\",\"@id\":\"https:\\\/\\\/nature-et-developpement.com\\\/mndl\\\/produit\\\/liege-en-rouleau-pour-sous-couche-parquet-massif-ou-flottant\\\/\",\"url\":\"https:\\\/\\\/nature-et-developpement.com\\\/mndl\\\/produit\\\/liege-en-rouleau-pour-sous-couche-parquet-massif-ou-flottant\\\/\",\"name\":\"Li\u00e8ge en rouleau pour sous-couche parquet massif ou flottant\",\"isPartOf\":{\"@id\":\"https:\\\/\\\/nature-et-developpement.com\\\/mndl\\\/#website\"},\"primaryImageOfPage\":{\"@id\":\"https:\\\/\\\/nature-et-developpement.com\\\/mndl\\\/produit\\\/liege-en-rouleau-pour-sous-couche-parquet-massif-ou-flottant\\\/#primaryimage\"},\"image\":{\"@id\":\"https:\\\/\\\/nature-et-developpement.com\\\/mndl\\\/produit\\\/liege-en-rouleau-pour-sous-couche-parquet-massif-ou-flottant\\\/#primaryimage\"},\"thumbnailUrl\":\"https:\\\/\\\/nature-et-developpement.com\\\/mndl\\\/wp-content\\\/uploads\\\/sous-couche-parquet-en-liege.jpg\",\"datePublished\":\"2023-01-06T16:37:31+00:00\",\"dateModified\":\"2025-06-19T15:15:18+00:00\",\"description\":\"Le li\u00e8ge en rouleau agglom\u00e9r\u00e9 supporte un poids de compression \u00e9lev\u00e9 et peut \u00eatre utilis\u00e9 sur tous types sols. 100% naturel et \u00e9cologique\",\"breadcrumb\":{\"@id\":\"https:\\\/\\\/nature-et-developpement.com\\\/mndl\\\/produit\\\/liege-en-rouleau-pour-sous-couche-parquet-massif-ou-flottant\\\/#breadcrumb\"},\"inLanguage\":\"fr-FR\",\"potentialAction\":[{\"@type\":\"ReadAction\",\"target\":[\"https:\\\/\\\/nature-et-developpement.com\\\/mndl\\\/produit\\\/liege-en-rouleau-pour-sous-couche-parquet-massif-ou-flottant\\\/\"]}]},{\"@type\":\"ImageObject\",\"inLanguage\":\"fr-FR\",\"@id\":\"https:\\\/\\\/nature-et-developpement.com\\\/mndl\\\/produit\\\/liege-en-rouleau-pour-sous-couche-parquet-massif-ou-flottant\\\/#primaryimage\",\"url\":\"https:\\\/\\\/nature-et-developpement.com\\\/mndl\\\/wp-content\\\/uploads\\\/sous-couche-parquet-en-liege.jpg\",\"contentUrl\":\"https:\\\/\\\/nature-et-developpement.com\\\/mndl\\\/wp-content\\\/uploads\\\/sous-couche-parquet-en-liege.jpg\"},{\"@type\":\"BreadcrumbList\",\"@id\":\"https:\\\/\\\/nature-et-developpement.com\\\/mndl\\\/produit\\\/liege-en-rouleau-pour-sous-couche-parquet-massif-ou-flottant\\\/#breadcrumb\",\"itemListElement\":[{\"@type\":\"ListItem\",\"position\":1,\"name\":\"Accueil\",\"item\":\"https:\\\/\\\/nature-et-developpement.com\\\/mndl\\\/\"},{\"@type\":\"ListItem\",\"position\":2,\"name\":\"Produits\",\"item\":\"https:\\\/\\\/nature-et-developpement.com\\\/mndl\\\/shop\\\/\"},{\"@type\":\"ListItem\",\"position\":3,\"name\":\"Isolation et \u00e9tanch\u00e9it\u00e9\",\"item\":\"https:\\\/\\\/nature-et-developpement.com\\\/mndl\\\/produits\\\/isolation-et-etancheite\\\/\"},{\"@type\":\"ListItem\",\"position\":4,\"name\":\"Isolation int\u00e9rieure\",\"item\":\"https:\\\/\\\/nature-et-developpement.com\\\/mndl\\\/produits\\\/isolation-et-etancheite\\\/isolation-interieure\\\/\"},{\"@type\":\"ListItem\",\"position\":5,\"name\":\"Li\u00e8ge en rouleau pour sous-couche parquet massif ou flottant\"}]},{\"@type\":\"WebSite\",\"@id\":\"https:\\\/\\\/nature-et-developpement.com\\\/mndl\\\/#website\",\"url\":\"https:\\\/\\\/nature-et-developpement.com\\\/mndl\\\/\",\"name\":\"Mat\u00e9riaux Naturels de Lorraine\",\"description\":\"Mat\u00e9riaux Naturels de Lorraine est membre du groupement Nature &amp; D\u00e9veloppement\",\"publisher\":{\"@id\":\"https:\\\/\\\/nature-et-developpement.com\\\/mndl\\\/#organization\"},\"potentialAction\":[{\"@type\":\"SearchAction\",\"target\":{\"@type\":\"EntryPoint\",\"urlTemplate\":\"https:\\\/\\\/nature-et-developpement.com\\\/mndl\\\/?s={search_term_string}\"},\"query-input\":{\"@type\":\"PropertyValueSpecification\",\"valueRequired\":true,\"valueName\":\"search_term_string\"}}],\"inLanguage\":\"fr-FR\"},{\"@type\":\"Organization\",\"@id\":\"https:\\\/\\\/nature-et-developpement.com\\\/mndl\\\/#organization\",\"name\":\"Mat\u00e9riaux Naturels de Lorraine\",\"url\":\"https:\\\/\\\/nature-et-developpement.com\\\/mndl\\\/\",\"logo\":{\"@type\":\"ImageObject\",\"inLanguage\":\"fr-FR\",\"@id\":\"https:\\\/\\\/nature-et-developpement.com\\\/mndl\\\/#\\\/schema\\\/logo\\\/image\\\/\",\"url\":\"https:\\\/\\\/nature-et-developpement.com\\\/mndl\\\/wp-content\\\/uploads\\\/sites\\\/7\\\/2021\\\/09\\\/logo-materiaux-naturels-de-lorraine.png\",\"contentUrl\":\"https:\\\/\\\/nature-et-developpement.com\\\/mndl\\\/wp-content\\\/uploads\\\/sites\\\/7\\\/2021\\\/09\\\/logo-materiaux-naturels-de-lorraine.png\",\"width\":1924,\"height\":1668,\"caption\":\"Mat\u00e9riaux Naturels de Lorraine\"},\"image\":{\"@id\":\"https:\\\/\\\/nature-et-developpement.com\\\/mndl\\\/#\\\/schema\\\/logo\\\/image\\\/\"}}]}<\/script>\n<!-- \/ Yoast SEO plugin. -->","yoast_head_json":{"title":"Li\u00e8ge en rouleau pour sous-couche parquet massif ou flottant","description":"Le li\u00e8ge en rouleau agglom\u00e9r\u00e9 supporte un poids de compression \u00e9lev\u00e9 et peut \u00eatre utilis\u00e9 sur tous types sols. 100% naturel et \u00e9cologique","robots":{"index":"noindex","follow":"nofollow"},"og_locale":"fr_FR","og_type":"article","og_title":"Li\u00e8ge en rouleau pour sous-couche parquet massif ou flottant","og_description":"Le li\u00e8ge en rouleau agglom\u00e9r\u00e9 supporte un poids de compression \u00e9lev\u00e9 et peut \u00eatre utilis\u00e9 sur tous types sols. 100% naturel et \u00e9cologique","og_url":"https:\/\/nature-et-developpement.com\/mndl\/produit\/liege-en-rouleau-pour-sous-couche-parquet-massif-ou-flottant\/","og_site_name":"Mat\u00e9riaux Naturels de Lorraine","article_modified_time":"2025-06-19T15:15:18+00:00","twitter_card":"summary_large_image","twitter_misc":{"Dur\u00e9e de lecture estim\u00e9e":"1 minute"},"schema":{"@context":"https:\/\/schema.org","@graph":[{"@type":"WebPage","@id":"https:\/\/nature-et-developpement.com\/mndl\/produit\/liege-en-rouleau-pour-sous-couche-parquet-massif-ou-flottant\/","url":"https:\/\/nature-et-developpement.com\/mndl\/produit\/liege-en-rouleau-pour-sous-couche-parquet-massif-ou-flottant\/","name":"Li\u00e8ge en rouleau pour sous-couche parquet massif ou flottant","isPartOf":{"@id":"https:\/\/nature-et-developpement.com\/mndl\/#website"},"primaryImageOfPage":{"@id":"https:\/\/nature-et-developpement.com\/mndl\/produit\/liege-en-rouleau-pour-sous-couche-parquet-massif-ou-flottant\/#primaryimage"},"image":{"@id":"https:\/\/nature-et-developpement.com\/mndl\/produit\/liege-en-rouleau-pour-sous-couche-parquet-massif-ou-flottant\/#primaryimage"},"thumbnailUrl":"https:\/\/nature-et-developpement.com\/mndl\/wp-content\/uploads\/sous-couche-parquet-en-liege.jpg","datePublished":"2023-01-06T16:37:31+00:00","dateModified":"2025-06-19T15:15:18+00:00","description":"Le li\u00e8ge en rouleau agglom\u00e9r\u00e9 supporte un poids de compression \u00e9lev\u00e9 et peut \u00eatre utilis\u00e9 sur tous types sols. 100% naturel et \u00e9cologique","breadcrumb":{"@id":"https:\/\/nature-et-developpement.com\/mndl\/produit\/liege-en-rouleau-pour-sous-couche-parquet-massif-ou-flottant\/#breadcrumb"},"inLanguage":"fr-FR","potentialAction":[{"@type":"ReadAction","target":["https:\/\/nature-et-developpement.com\/mndl\/produit\/liege-en-rouleau-pour-sous-couche-parquet-massif-ou-flottant\/"]}]},{"@type":"ImageObject","inLanguage":"fr-FR","@id":"https:\/\/nature-et-developpement.com\/mndl\/produit\/liege-en-rouleau-pour-sous-couche-parquet-massif-ou-flottant\/#primaryimage","url":"https:\/\/nature-et-developpement.com\/mndl\/wp-content\/uploads\/sous-couche-parquet-en-liege.jpg","contentUrl":"https:\/\/nature-et-developpement.com\/mndl\/wp-content\/uploads\/sous-couche-parquet-en-liege.jpg"},{"@type":"BreadcrumbList","@id":"https:\/\/nature-et-developpement.com\/mndl\/produit\/liege-en-rouleau-pour-sous-couche-parquet-massif-ou-flottant\/#breadcrumb","itemListElement":[{"@type":"ListItem","position":1,"name":"Accueil","item":"https:\/\/nature-et-developpement.com\/mndl\/"},{"@type":"ListItem","position":2,"name":"Produits","item":"https:\/\/nature-et-developpement.com\/mndl\/shop\/"},{"@type":"ListItem","position":3,"name":"Isolation et \u00e9tanch\u00e9it\u00e9","item":"https:\/\/nature-et-developpement.com\/mndl\/produits\/isolation-et-etancheite\/"},{"@type":"ListItem","position":4,"name":"Isolation int\u00e9rieure","item":"https:\/\/nature-et-developpement.com\/mndl\/produits\/isolation-et-etancheite\/isolation-interieure\/"},{"@type":"ListItem","position":5,"name":"Li\u00e8ge en rouleau pour sous-couche parquet massif ou flottant"}]},{"@type":"WebSite","@id":"https:\/\/nature-et-developpement.com\/mndl\/#website","url":"https:\/\/nature-et-developpement.com\/mndl\/","name":"Mat\u00e9riaux Naturels de Lorraine","description":"Mat\u00e9riaux Naturels de Lorraine est membre du groupement Nature &amp; D\u00e9veloppement","publisher":{"@id":"https:\/\/nature-et-developpement.com\/mndl\/#organization"},"potentialAction":[{"@type":"SearchAction","target":{"@type":"EntryPoint","urlTemplate":"https:\/\/nature-et-developpement.com\/mndl\/?s={search_term_string}"},"query-input":{"@type":"PropertyValueSpecification","valueRequired":true,"valueName":"search_term_string"}}],"inLanguage":"fr-FR"},{"@type":"Organization","@id":"https:\/\/nature-et-developpement.com\/mndl\/#organization","name":"Mat\u00e9riaux Naturels de Lorraine","url":"https:\/\/nature-et-developpement.com\/mndl\/","logo":{"@type":"ImageObject","inLanguage":"fr-FR","@id":"https:\/\/nature-et-developpement.com\/mndl\/#\/schema\/logo\/image\/","url":"https:\/\/nature-et-developpement.com\/mndl\/wp-content\/uploads\/sites\/7\/2021\/09\/logo-materiaux-naturels-de-lorraine.png","contentUrl":"https:\/\/nature-et-developpement.com\/mndl\/wp-content\/uploads\/sites\/7\/2021\/09\/logo-materiaux-naturels-de-lorraine.png","width":1924,"height":1668,"caption":"Mat\u00e9riaux Naturels de Lorraine"},"image":{"@id":"https:\/\/nature-et-developpement.com\/mndl\/#\/schema\/logo\/image\/"}}]}},"distributor_meta":false,"distributor_terms":false,"distributor_media":false,"distributor_original_site_name":"Mat\u00e9riaux Naturels de Lorraine","distributor_original_site_url":"https:\/\/nature-et-developpement.com\/mndl","push-errors":false,"_links":{"self":[{"href":"https:\/\/nature-et-developpement.com\/mndl\/wp-json\/wp\/v2\/product\/30863","targetHints":{"allow":["GET"]}}],"collection":[{"href":"https:\/\/nature-et-developpement.com\/mndl\/wp-json\/wp\/v2\/product"}],"about":[{"href":"https:\/\/nature-et-developpement.com\/mndl\/wp-json\/wp\/v2\/types\/product"}],"wp:featuredmedia":[{"embeddable":true,"href":"https:\/\/nature-et-developpement.com\/mndl\/wp-json\/"}],"wp:attachment":[{"href":"https:\/\/nature-et-developpement.com\/mndl\/wp-json\/wp\/v2\/media?parent=30863"}],"wp:term":[{"taxonomy":"product_brand","embeddable":true,"href":"https:\/\/nature-et-developpement.com\/mndl\/wp-json\/wp\/v2\/product_brand?post=30863"},{"taxonomy":"product_cat","embeddable":true,"href":"https:\/\/nature-et-developpement.com\/mndl\/wp-json\/wp\/v2\/product_cat?post=30863"},{"taxonomy":"product_tag","embeddable":true,"href":"https:\/\/nature-et-developpement.com\/mndl\/wp-json\/wp\/v2\/product_tag?post=30863"}],"curies":[{"name":"wp","href":"https:\/\/api.w.org\/{rel}","templated":true}]}}