{"id":3330,"date":"2024-04-10T16:10:16","date_gmt":"2024-04-10T14:10:16","guid":{"rendered":"https:\/\/nature-et-developpement.com\/mndl\/produit\/plaque-hydrophobe-bord-droit-powerpanel-h2o-fermacell\/"},"modified":"2026-01-13T17:10:26","modified_gmt":"2026-01-13T16:10:26","slug":"plaque-hydrophobe-powerpanel-h2o-fermacell","status":"publish","type":"product","link":"https:\/\/nature-et-developpement.com\/mndl\/produit\/plaque-hydrophobe-powerpanel-h2o-fermacell\/","title":{"rendered":"Fermacell Powerpanel H2O &#8211; Cloison s\u00e8che Plaque 12,5mm bords droits, hydrophobe et incombustible"},"content":{"rendered":"<h2>Cloison s\u00e8che fermacell plaque Powerpanel H2O<\/h2>\n<p>La plaque FERMACELL Powerpanel H2O est une plaque-sandwich comportant des agr\u00e9gats l\u00e9gers li\u00e9s avec du ciment et arm\u00e9e sur les deux faces avec un treillis r\u00e9sistant aux alcalis (largeur de maille 5 x 5 mm).<\/p>\n<p class=\"subheading subheading--giga\">Elle est recommand\u00e9e pour cloison, doublage et plafond en locaux fr\u00e9quemment et fortement humide<\/p>\n<p>La plaque est incombustible et poss\u00e8de un classement en r\u00e9action au feu A1 selon la norme EN 13501-1.<\/p>\n<p>Dispos\u00e9e comme rev\u00eatement de protection au feu, elle permet de satisfaire aux exigences de classe K 10, conform\u00e9ment \u00e0 la norme EN 13501-2.<\/p>\n<p>Le domaine d\u2019emploi de la plaque FERMACELL Powerpanel H2O \u00e9tait jusqu\u2019\u00e0 pr\u00e9sent une utilisation en locaux humides tr\u00e8s fortement sollicit\u00e9s de type EB+c et EC.<\/p>\n<p>B\u00e9n\u00e9ficiant \u00e0 pr\u00e9sent d\u2019un Agr\u00e9- ment Technique Europ\u00e9en (ATE 07\/0087), la plaque FERMACELL Powerpanel H2O pour locaux humides int\u00e9rieurs \u00e9tend son champ d\u2019application \u00e0 un domaine d\u2019emploi en ext\u00e9rieur.<\/p>\n<h3>Domaines d\u2019application<\/h3>\n<p>Cloison de distribution, de doublage et parement pour finitions int\u00e9rieures de locaux humides class\u00e9s EB+p, EB+c et EC.<\/p>\n<p>Support d\u2019enduit pour fa\u00e7ades et plafonds suspendus.<\/p>\n<h4><strong>En int\u00e9rieur &#8211;\u00a0cloisons et plafonds :<\/strong><\/h4>\n<ul>\n<li>Lieux humides privatifs (salle de bain, salle de douche)<\/li>\n<li>Locaux humides collectifs (sanitaires, piscines, sauna&#8230;)<\/li>\n<li>Espaces humides industriels (brasseries, cuisines collectives)<\/li>\n<\/ul>\n<h4><strong>En\u00a0ext\u00e9rieur :<\/strong><\/h4>\n<ul>\n<li>Plafonds<\/li>\n<li>Fa\u00e7ades ventil\u00e9es<\/li>\n<\/ul>\n<div>\n<h4>Propri\u00e9t\u00e9s Techniques<\/h4>\n<\/div>\n<div class=\"scroll-container trailing\">\n<table>\n<tbody>\n<tr>\n<td class=\"th invisible\"><\/td>\n<td class=\"th invisible\"><\/td>\n<\/tr>\n<tr>\n<td>Epaisseur des plaques<\/td>\n<td>12,5 mm<\/td>\n<\/tr>\n<tr>\n<td>Largeur des plaques<\/td>\n<td>1200 mm<\/td>\n<\/tr>\n<tr>\n<td>Longueurs disponibles<\/td>\n<td>Bords Droits\u00a0: 1000 &#8211; 2000 &#8211; 2600 &#8211; 3010\u00a0mm<\/p>\n<p>Bords Amincis\u00a0: 2600 &#8211; 3010 mm<\/td>\n<\/tr>\n<tr>\n<td>Densit\u00e9<\/td>\n<td>~ 1000 kg\/m3<\/td>\n<\/tr>\n<tr>\n<td>Masse surfacique<\/td>\n<td>~ 13 kg\/m\u00b2<\/td>\n<\/tr>\n<tr>\n<td>Humidit\u00e9 r\u00e9siduelle<\/td>\n<td>~ 5%<\/td>\n<\/tr>\n<tr>\n<td>R\u00e9sistance \u00e0 la diffusion de la vapeur d&rsquo;eau \u00b5<\/td>\n<td>56<\/td>\n<\/tr>\n<tr>\n<td>R\u00e9sistance thermique \u03bb10,tr<\/td>\n<td>0,173 W\/(m\u00b0K)<\/td>\n<\/tr>\n<tr>\n<td>Capacit\u00e9 thermique sp\u00e9cifique Cp<\/td>\n<td>1000 (J\/kg\u00b0K)<\/td>\n<\/tr>\n<tr>\n<td>R\u00e9sistance \u00e0 la flexion<\/td>\n<td>&gt; 6,0 N\/mm\u00b2<\/td>\n<\/tr>\n<tr>\n<td>Module d&rsquo;\u00e9lasticit\u00e9<\/td>\n<td>~ 6000 N\/mm\u00b2<\/td>\n<\/tr>\n<tr>\n<td>pH<\/td>\n<td>~ 10<\/td>\n<\/tr>\n<tr>\n<td>Variation dimensionnelle (longueur)<\/td>\n<td>&#8211; 0,15 mm\/m (varitation du taux d&rsquo;hygrom\u00e9trie relative de l&rsquo;air de 30% \u00e0 65%)<\/p>\n<p>&#8211; 0,10 mm\/m (varitation du taux d&rsquo;hygrom\u00e9trie relative de l&rsquo;air de 65% \u00e0 85%)<\/td>\n<\/tr>\n<\/tbody>\n<\/table>\n<\/div>\n","protected":false},"excerpt":{"rendered":"<p>La plaque\u00a0fermacell Powerpanel H2O est une plaque sandwich \u00e0 base de ciment, arm\u00e9e sur les 2 faces d&rsquo;un treillis de fibres de verre r\u00e9sistant aux alcalis.<\/p>\n<p>Elle offre de nombreux avantages pour les cloisons et plafonds de locaux humides fortement sollicit\u00e9s.<\/p>\n<p>Cette plaque offre un support id\u00e9al et r\u00e9sistant \u00e0 l\u2019humidit\u00e9 pour les carrelages, les pierres naturelles ou\u00a0d&rsquo;autres rev\u00eatements.<\/p>\n","protected":false},"featured_media":1000000165932,"template":"","meta":[],"product_brand":[2747],"product_cat":[353],"product_tag":[],"class_list":{"0":"post-3330","1":"product","2":"type-product","3":"status-publish","4":"has-post-thumbnail","6":"product_brand-fermacell","7":"product_cat-cloisons-et-doublage","8":"product_shipping_class-sac-de-25kg","10":"first","11":"instock","12":"taxable","13":"shipping-taxable","14":"purchasable","15":"product-type-variable"},"yoast_head":"<!-- This site is optimized with the Yoast SEO plugin v27.5 - https:\/\/yoast.com\/product\/yoast-seo-wordpress\/ -->\n<title>Cloison s\u00e8che fermacell plaque Powerpanel H2O 12,5mm<\/title>\n<meta name=\"description\" content=\"La plaque\u00a0fermacell Powerpanel H2O est une plaque sandwich \u00e0 base de ciment, arm\u00e9e sur les 2 faces d&#039;un treillis de fibres de verre r\u00e9sistant aux alcalis.  Elle offre de nombreux avantages pour les cloisons et plafonds de locaux humides fortement sollicit\u00e9s.  Cette plaque offre un support id\u00e9al et r\u00e9sistant \u00e0 l\u2019humidit\u00e9 pour les carrelages, les pierres naturelles ou\u00a0d&#039;autres rev\u00eatements.\" \/>\n<meta name=\"robots\" content=\"noindex, nofollow\" \/>\n<meta property=\"og:locale\" content=\"fr_FR\" \/>\n<meta property=\"og:type\" content=\"article\" \/>\n<meta property=\"og:title\" content=\"Cloison s\u00e8che fermacell plaque Powerpanel H2O 12,5mm\" \/>\n<meta property=\"og:description\" content=\"La plaque\u00a0fermacell Powerpanel H2O est une plaque sandwich \u00e0 base de ciment, arm\u00e9e sur les 2 faces d&#039;un treillis de fibres de verre r\u00e9sistant aux alcalis.  Elle offre de nombreux avantages pour les cloisons et plafonds de locaux humides fortement sollicit\u00e9s.  Cette plaque offre un support id\u00e9al et r\u00e9sistant \u00e0 l\u2019humidit\u00e9 pour les carrelages, les pierres naturelles ou\u00a0d&#039;autres rev\u00eatements.\" \/>\n<meta property=\"og:url\" content=\"https:\/\/nature-et-developpement.com\/mndl\/produit\/plaque-hydrophobe-powerpanel-h2o-fermacell\/\" \/>\n<meta property=\"og:site_name\" content=\"Mat\u00e9riaux Naturels de Lorraine\" \/>\n<meta property=\"article:modified_time\" content=\"2026-01-13T16:10:26+00:00\" \/>\n<meta name=\"twitter:card\" content=\"summary_large_image\" \/>\n<meta name=\"twitter:label1\" content=\"Dur\u00e9e de lecture estim\u00e9e\" \/>\n\t<meta name=\"twitter:data1\" content=\"2 minutes\" \/>\n<script type=\"application\/ld+json\" class=\"yoast-schema-graph\">{\"@context\":\"https:\\\/\\\/schema.org\",\"@graph\":[{\"@type\":\"WebPage\",\"@id\":\"https:\\\/\\\/nature-et-developpement.com\\\/mndl\\\/produit\\\/plaque-hydrophobe-powerpanel-h2o-fermacell\\\/\",\"url\":\"https:\\\/\\\/nature-et-developpement.com\\\/mndl\\\/produit\\\/plaque-hydrophobe-powerpanel-h2o-fermacell\\\/\",\"name\":\"Cloison s\u00e8che fermacell plaque Powerpanel H2O 12,5mm\",\"isPartOf\":{\"@id\":\"https:\\\/\\\/nature-et-developpement.com\\\/mndl\\\/#website\"},\"primaryImageOfPage\":{\"@id\":\"https:\\\/\\\/nature-et-developpement.com\\\/mndl\\\/produit\\\/plaque-hydrophobe-powerpanel-h2o-fermacell\\\/#primaryimage\"},\"image\":{\"@id\":\"https:\\\/\\\/nature-et-developpement.com\\\/mndl\\\/produit\\\/plaque-hydrophobe-powerpanel-h2o-fermacell\\\/#primaryimage\"},\"thumbnailUrl\":\"https:\\\/\\\/nature-et-developpement.com\\\/mndl\\\/wp-content\\\/uploads\\\/Plaque-Powerpanel-H2O-bords-droits-fermacell-75060.jpg\",\"datePublished\":\"2024-04-10T14:10:16+00:00\",\"dateModified\":\"2026-01-13T16:10:26+00:00\",\"description\":\"La plaque\u00a0fermacell Powerpanel H2O est une plaque sandwich \u00e0 base de ciment, arm\u00e9e sur les 2 faces d'un treillis de fibres de verre r\u00e9sistant aux alcalis. Elle offre de nombreux avantages pour les cloisons et plafonds de locaux humides fortement sollicit\u00e9s. Cette plaque offre un support id\u00e9al et r\u00e9sistant \u00e0 l\u2019humidit\u00e9 pour les carrelages, les pierres naturelles ou\u00a0d'autres rev\u00eatements.\",\"breadcrumb\":{\"@id\":\"https:\\\/\\\/nature-et-developpement.com\\\/mndl\\\/produit\\\/plaque-hydrophobe-powerpanel-h2o-fermacell\\\/#breadcrumb\"},\"inLanguage\":\"fr-FR\",\"potentialAction\":[{\"@type\":\"ReadAction\",\"target\":[\"https:\\\/\\\/nature-et-developpement.com\\\/mndl\\\/produit\\\/plaque-hydrophobe-powerpanel-h2o-fermacell\\\/\"]}]},{\"@type\":\"ImageObject\",\"inLanguage\":\"fr-FR\",\"@id\":\"https:\\\/\\\/nature-et-developpement.com\\\/mndl\\\/produit\\\/plaque-hydrophobe-powerpanel-h2o-fermacell\\\/#primaryimage\",\"url\":\"https:\\\/\\\/nature-et-developpement.com\\\/mndl\\\/wp-content\\\/uploads\\\/Plaque-Powerpanel-H2O-bords-droits-fermacell-75060.jpg\",\"contentUrl\":\"https:\\\/\\\/nature-et-developpement.com\\\/mndl\\\/wp-content\\\/uploads\\\/Plaque-Powerpanel-H2O-bords-droits-fermacell-75060.jpg\"},{\"@type\":\"BreadcrumbList\",\"@id\":\"https:\\\/\\\/nature-et-developpement.com\\\/mndl\\\/produit\\\/plaque-hydrophobe-powerpanel-h2o-fermacell\\\/#breadcrumb\",\"itemListElement\":[{\"@type\":\"ListItem\",\"position\":1,\"name\":\"Accueil\",\"item\":\"https:\\\/\\\/nature-et-developpement.com\\\/mndl\\\/\"},{\"@type\":\"ListItem\",\"position\":2,\"name\":\"Produits\",\"item\":\"https:\\\/\\\/nature-et-developpement.com\\\/mndl\\\/shop\\\/\"},{\"@type\":\"ListItem\",\"position\":3,\"name\":\"Construction, cloison et fen\u00eatres\",\"item\":\"https:\\\/\\\/nature-et-developpement.com\\\/mndl\\\/produits\\\/construction\\\/\"},{\"@type\":\"ListItem\",\"position\":4,\"name\":\"Cloisons et doublage\",\"item\":\"https:\\\/\\\/nature-et-developpement.com\\\/mndl\\\/produits\\\/construction\\\/cloisons-et-doublage\\\/\"},{\"@type\":\"ListItem\",\"position\":5,\"name\":\"Fermacell Powerpanel H2O &#8211; Cloison s\u00e8che Plaque 12,5mm bords droits, hydrophobe et incombustible\"}]},{\"@type\":\"WebSite\",\"@id\":\"https:\\\/\\\/nature-et-developpement.com\\\/mndl\\\/#website\",\"url\":\"https:\\\/\\\/nature-et-developpement.com\\\/mndl\\\/\",\"name\":\"Mat\u00e9riaux Naturels de Lorraine\",\"description\":\"Mat\u00e9riaux Naturels de Lorraine est membre du groupement Nature &amp; D\u00e9veloppement\",\"publisher\":{\"@id\":\"https:\\\/\\\/nature-et-developpement.com\\\/mndl\\\/#organization\"},\"potentialAction\":[{\"@type\":\"SearchAction\",\"target\":{\"@type\":\"EntryPoint\",\"urlTemplate\":\"https:\\\/\\\/nature-et-developpement.com\\\/mndl\\\/?s={search_term_string}\"},\"query-input\":{\"@type\":\"PropertyValueSpecification\",\"valueRequired\":true,\"valueName\":\"search_term_string\"}}],\"inLanguage\":\"fr-FR\"},{\"@type\":\"Organization\",\"@id\":\"https:\\\/\\\/nature-et-developpement.com\\\/mndl\\\/#organization\",\"name\":\"Mat\u00e9riaux Naturels de Lorraine\",\"url\":\"https:\\\/\\\/nature-et-developpement.com\\\/mndl\\\/\",\"logo\":{\"@type\":\"ImageObject\",\"inLanguage\":\"fr-FR\",\"@id\":\"https:\\\/\\\/nature-et-developpement.com\\\/mndl\\\/#\\\/schema\\\/logo\\\/image\\\/\",\"url\":\"https:\\\/\\\/nature-et-developpement.com\\\/mndl\\\/wp-content\\\/uploads\\\/sites\\\/7\\\/2021\\\/09\\\/logo-materiaux-naturels-de-lorraine.png\",\"contentUrl\":\"https:\\\/\\\/nature-et-developpement.com\\\/mndl\\\/wp-content\\\/uploads\\\/sites\\\/7\\\/2021\\\/09\\\/logo-materiaux-naturels-de-lorraine.png\",\"width\":1924,\"height\":1668,\"caption\":\"Mat\u00e9riaux Naturels de Lorraine\"},\"image\":{\"@id\":\"https:\\\/\\\/nature-et-developpement.com\\\/mndl\\\/#\\\/schema\\\/logo\\\/image\\\/\"}}]}<\/script>\n<!-- \/ Yoast SEO plugin. -->","yoast_head_json":{"title":"Cloison s\u00e8che fermacell plaque Powerpanel H2O 12,5mm","description":"La plaque\u00a0fermacell Powerpanel H2O est une plaque sandwich \u00e0 base de ciment, arm\u00e9e sur les 2 faces d'un treillis de fibres de verre r\u00e9sistant aux alcalis.  Elle offre de nombreux avantages pour les cloisons et plafonds de locaux humides fortement sollicit\u00e9s.  Cette plaque offre un support id\u00e9al et r\u00e9sistant \u00e0 l\u2019humidit\u00e9 pour les carrelages, les pierres naturelles ou\u00a0d'autres rev\u00eatements.","robots":{"index":"noindex","follow":"nofollow"},"og_locale":"fr_FR","og_type":"article","og_title":"Cloison s\u00e8che fermacell plaque Powerpanel H2O 12,5mm","og_description":"La plaque\u00a0fermacell Powerpanel H2O est une plaque sandwich \u00e0 base de ciment, arm\u00e9e sur les 2 faces d'un treillis de fibres de verre r\u00e9sistant aux alcalis.  Elle offre de nombreux avantages pour les cloisons et plafonds de locaux humides fortement sollicit\u00e9s.  Cette plaque offre un support id\u00e9al et r\u00e9sistant \u00e0 l\u2019humidit\u00e9 pour les carrelages, les pierres naturelles ou\u00a0d'autres rev\u00eatements.","og_url":"https:\/\/nature-et-developpement.com\/mndl\/produit\/plaque-hydrophobe-powerpanel-h2o-fermacell\/","og_site_name":"Mat\u00e9riaux Naturels de Lorraine","article_modified_time":"2026-01-13T16:10:26+00:00","twitter_card":"summary_large_image","twitter_misc":{"Dur\u00e9e de lecture estim\u00e9e":"2 minutes"},"schema":{"@context":"https:\/\/schema.org","@graph":[{"@type":"WebPage","@id":"https:\/\/nature-et-developpement.com\/mndl\/produit\/plaque-hydrophobe-powerpanel-h2o-fermacell\/","url":"https:\/\/nature-et-developpement.com\/mndl\/produit\/plaque-hydrophobe-powerpanel-h2o-fermacell\/","name":"Cloison s\u00e8che fermacell plaque Powerpanel H2O 12,5mm","isPartOf":{"@id":"https:\/\/nature-et-developpement.com\/mndl\/#website"},"primaryImageOfPage":{"@id":"https:\/\/nature-et-developpement.com\/mndl\/produit\/plaque-hydrophobe-powerpanel-h2o-fermacell\/#primaryimage"},"image":{"@id":"https:\/\/nature-et-developpement.com\/mndl\/produit\/plaque-hydrophobe-powerpanel-h2o-fermacell\/#primaryimage"},"thumbnailUrl":"https:\/\/nature-et-developpement.com\/mndl\/wp-content\/uploads\/Plaque-Powerpanel-H2O-bords-droits-fermacell-75060.jpg","datePublished":"2024-04-10T14:10:16+00:00","dateModified":"2026-01-13T16:10:26+00:00","description":"La plaque\u00a0fermacell Powerpanel H2O est une plaque sandwich \u00e0 base de ciment, arm\u00e9e sur les 2 faces d'un treillis de fibres de verre r\u00e9sistant aux alcalis. Elle offre de nombreux avantages pour les cloisons et plafonds de locaux humides fortement sollicit\u00e9s. Cette plaque offre un support id\u00e9al et r\u00e9sistant \u00e0 l\u2019humidit\u00e9 pour les carrelages, les pierres naturelles ou\u00a0d'autres rev\u00eatements.","breadcrumb":{"@id":"https:\/\/nature-et-developpement.com\/mndl\/produit\/plaque-hydrophobe-powerpanel-h2o-fermacell\/#breadcrumb"},"inLanguage":"fr-FR","potentialAction":[{"@type":"ReadAction","target":["https:\/\/nature-et-developpement.com\/mndl\/produit\/plaque-hydrophobe-powerpanel-h2o-fermacell\/"]}]},{"@type":"ImageObject","inLanguage":"fr-FR","@id":"https:\/\/nature-et-developpement.com\/mndl\/produit\/plaque-hydrophobe-powerpanel-h2o-fermacell\/#primaryimage","url":"https:\/\/nature-et-developpement.com\/mndl\/wp-content\/uploads\/Plaque-Powerpanel-H2O-bords-droits-fermacell-75060.jpg","contentUrl":"https:\/\/nature-et-developpement.com\/mndl\/wp-content\/uploads\/Plaque-Powerpanel-H2O-bords-droits-fermacell-75060.jpg"},{"@type":"BreadcrumbList","@id":"https:\/\/nature-et-developpement.com\/mndl\/produit\/plaque-hydrophobe-powerpanel-h2o-fermacell\/#breadcrumb","itemListElement":[{"@type":"ListItem","position":1,"name":"Accueil","item":"https:\/\/nature-et-developpement.com\/mndl\/"},{"@type":"ListItem","position":2,"name":"Produits","item":"https:\/\/nature-et-developpement.com\/mndl\/shop\/"},{"@type":"ListItem","position":3,"name":"Construction, cloison et fen\u00eatres","item":"https:\/\/nature-et-developpement.com\/mndl\/produits\/construction\/"},{"@type":"ListItem","position":4,"name":"Cloisons et doublage","item":"https:\/\/nature-et-developpement.com\/mndl\/produits\/construction\/cloisons-et-doublage\/"},{"@type":"ListItem","position":5,"name":"Fermacell Powerpanel H2O &#8211; Cloison s\u00e8che Plaque 12,5mm bords droits, hydrophobe et incombustible"}]},{"@type":"WebSite","@id":"https:\/\/nature-et-developpement.com\/mndl\/#website","url":"https:\/\/nature-et-developpement.com\/mndl\/","name":"Mat\u00e9riaux Naturels de Lorraine","description":"Mat\u00e9riaux Naturels de Lorraine est membre du groupement Nature &amp; D\u00e9veloppement","publisher":{"@id":"https:\/\/nature-et-developpement.com\/mndl\/#organization"},"potentialAction":[{"@type":"SearchAction","target":{"@type":"EntryPoint","urlTemplate":"https:\/\/nature-et-developpement.com\/mndl\/?s={search_term_string}"},"query-input":{"@type":"PropertyValueSpecification","valueRequired":true,"valueName":"search_term_string"}}],"inLanguage":"fr-FR"},{"@type":"Organization","@id":"https:\/\/nature-et-developpement.com\/mndl\/#organization","name":"Mat\u00e9riaux Naturels de Lorraine","url":"https:\/\/nature-et-developpement.com\/mndl\/","logo":{"@type":"ImageObject","inLanguage":"fr-FR","@id":"https:\/\/nature-et-developpement.com\/mndl\/#\/schema\/logo\/image\/","url":"https:\/\/nature-et-developpement.com\/mndl\/wp-content\/uploads\/sites\/7\/2021\/09\/logo-materiaux-naturels-de-lorraine.png","contentUrl":"https:\/\/nature-et-developpement.com\/mndl\/wp-content\/uploads\/sites\/7\/2021\/09\/logo-materiaux-naturels-de-lorraine.png","width":1924,"height":1668,"caption":"Mat\u00e9riaux Naturels de Lorraine"},"image":{"@id":"https:\/\/nature-et-developpement.com\/mndl\/#\/schema\/logo\/image\/"}}]}},"distributor_meta":false,"distributor_terms":false,"distributor_media":false,"distributor_original_site_name":"Mat\u00e9riaux Naturels de Lorraine","distributor_original_site_url":"https:\/\/nature-et-developpement.com\/mndl","push-errors":false,"_links":{"self":[{"href":"https:\/\/nature-et-developpement.com\/mndl\/wp-json\/wp\/v2\/product\/3330","targetHints":{"allow":["GET"]}}],"collection":[{"href":"https:\/\/nature-et-developpement.com\/mndl\/wp-json\/wp\/v2\/product"}],"about":[{"href":"https:\/\/nature-et-developpement.com\/mndl\/wp-json\/wp\/v2\/types\/product"}],"wp:featuredmedia":[{"embeddable":true,"href":"https:\/\/nature-et-developpement.com\/mndl\/wp-json\/"}],"wp:attachment":[{"href":"https:\/\/nature-et-developpement.com\/mndl\/wp-json\/wp\/v2\/media?parent=3330"}],"wp:term":[{"taxonomy":"product_brand","embeddable":true,"href":"https:\/\/nature-et-developpement.com\/mndl\/wp-json\/wp\/v2\/product_brand?post=3330"},{"taxonomy":"product_cat","embeddable":true,"href":"https:\/\/nature-et-developpement.com\/mndl\/wp-json\/wp\/v2\/product_cat?post=3330"},{"taxonomy":"product_tag","embeddable":true,"href":"https:\/\/nature-et-developpement.com\/mndl\/wp-json\/wp\/v2\/product_tag?post=3330"}],"curies":[{"name":"wp","href":"https:\/\/api.w.org\/{rel}","templated":true}]}}