{"id":3357,"date":"2024-04-01T00:00:00","date_gmt":"2024-03-31T22:00:00","guid":{"rendered":"https:\/\/nature-et-developpement.com\/mndl\/produit\/plaque-fibres-gypse-petit-format-fermacell\/"},"modified":"2026-01-13T17:15:36","modified_gmt":"2026-01-13T16:15:36","slug":"plaque-fibres-gypse-petit-format-fermacell-12_5mm","status":"publish","type":"product","link":"https:\/\/nature-et-developpement.com\/mndl\/produit\/plaque-fibres-gypse-petit-format-fermacell-12_5mm\/","title":{"rendered":"Fermacell 12,5mm &#8211; Cloison s\u00e8che Plaque petit format en fibres-gypse"},"content":{"rendered":"<h2>Cloison s\u00e8che fermacell plaque 12,5mm petit format<\/h2>\n<p>L&rsquo;ossature supportant les plaques fermacell peut \u00eatre en bois ou constitu\u00e9e de profil\u00e9s m\u00e9talliques.<\/p>\n<p>Dans tous les cas, les plaques doivent reposer sur une largeur des montants d&rsquo;ossature de 15mm minimum.<\/p>\n<p>La liaison des plaques est r\u00e9alis\u00e9e sans bandes ni calicot, ce qui permet un gain de temps et facilite la mise en \u0153uvre.<\/p>\n<p>Cette liaison s&rsquo;effectue par collage des plaques bord-\u00e0-bord \u00e0 l&rsquo;aide de la colle fermacell.<\/p>\n<p>Ce proc\u00e9d\u00e9 permet aux syst\u00e8mes de montage d&rsquo;atteindre une rigidit\u00e9 extr\u00eame.<\/p>\n<p>L&rsquo;application des produits de finition et d\u00e9cor (peintures, papiers peints, enduits, carreaux, etc&#8230;) s&rsquo;effectue directement, sans sous-couche d&rsquo;impression, la plaque \u00e9tant d\u00e9j\u00e0 trait\u00e9e en usine.<\/p>\n<p>Le rendement et la productivit\u00e9 en chantier en sont d&rsquo;autant am\u00e9lior\u00e9s.<\/p>\n","protected":false},"excerpt":{"rendered":"<p>La plaque fermacell est exclusivement compos\u00e9e de pl\u00e2tre et de fibres de cellulose issues du recyclage du papier.<\/p>\n<p>Le m\u00e9lange de ces composants naturels additionn\u00e9 d&rsquo;eau, est ensuite compress\u00e9 \u00e0 haute temp\u00e9rature et s\u00e9ch\u00e9 \u00e0 haute temp\u00e9rature pour obtenir une plaque d&rsquo;une rigidit\u00e9 incomparable.<\/p>\n","protected":false},"featured_media":1000000165959,"template":"","meta":[],"product_brand":[2747],"product_cat":[353],"product_tag":[4383],"class_list":{"0":"post-3357","1":"product","2":"type-product","3":"status-publish","4":"has-post-thumbnail","6":"product_brand-fermacell","7":"product_cat-cloisons-et-doublage","8":"product_tag-fermacell","10":"first","11":"instock","12":"taxable","13":"shipping-taxable","14":"purchasable","15":"product-type-variable"},"yoast_head":"<!-- This site is optimized with the Yoast SEO plugin v27.5 - https:\/\/yoast.com\/product\/yoast-seo-wordpress\/ -->\n<title>Cloison s\u00e8che fermacell plaque 12,5mm petit format<\/title>\n<meta name=\"description\" content=\"La plaque fermacell est exclusivement compos\u00e9e de pl\u00e2tre et de fibres de cellulose issues du recyclage du papier.  Le m\u00e9lange de ces composants naturels additionn\u00e9 d&#039;eau, est ensuite compress\u00e9 \u00e0 haute temp\u00e9rature et s\u00e9ch\u00e9 \u00e0 haute temp\u00e9rature pour obtenir une plaque d&#039;une rigidit\u00e9 incomparable.\" \/>\n<meta name=\"robots\" content=\"noindex, nofollow\" \/>\n<meta property=\"og:locale\" content=\"fr_FR\" \/>\n<meta property=\"og:type\" content=\"article\" \/>\n<meta property=\"og:title\" content=\"Cloison s\u00e8che fermacell plaque 12,5mm petit format\" \/>\n<meta property=\"og:description\" content=\"La plaque fermacell est exclusivement compos\u00e9e de pl\u00e2tre et de fibres de cellulose issues du recyclage du papier.  Le m\u00e9lange de ces composants naturels additionn\u00e9 d&#039;eau, est ensuite compress\u00e9 \u00e0 haute temp\u00e9rature et s\u00e9ch\u00e9 \u00e0 haute temp\u00e9rature pour obtenir une plaque d&#039;une rigidit\u00e9 incomparable.\" \/>\n<meta property=\"og:url\" content=\"https:\/\/nature-et-developpement.com\/mndl\/produit\/plaque-fibres-gypse-petit-format-fermacell-12_5mm\/\" \/>\n<meta property=\"og:site_name\" content=\"Mat\u00e9riaux Naturels de Lorraine\" \/>\n<meta property=\"article:modified_time\" content=\"2026-01-13T16:15:36+00:00\" \/>\n<meta name=\"twitter:card\" content=\"summary_large_image\" \/>\n<meta name=\"twitter:label1\" content=\"Dur\u00e9e de lecture estim\u00e9e\" \/>\n\t<meta name=\"twitter:data1\" content=\"1 minute\" \/>\n<script type=\"application\/ld+json\" class=\"yoast-schema-graph\">{\"@context\":\"https:\\\/\\\/schema.org\",\"@graph\":[{\"@type\":\"WebPage\",\"@id\":\"https:\\\/\\\/nature-et-developpement.com\\\/mndl\\\/produit\\\/plaque-fibres-gypse-petit-format-fermacell-12_5mm\\\/\",\"url\":\"https:\\\/\\\/nature-et-developpement.com\\\/mndl\\\/produit\\\/plaque-fibres-gypse-petit-format-fermacell-12_5mm\\\/\",\"name\":\"Cloison s\u00e8che fermacell plaque 12,5mm petit format\",\"isPartOf\":{\"@id\":\"https:\\\/\\\/nature-et-developpement.com\\\/mndl\\\/#website\"},\"primaryImageOfPage\":{\"@id\":\"https:\\\/\\\/nature-et-developpement.com\\\/mndl\\\/produit\\\/plaque-fibres-gypse-petit-format-fermacell-12_5mm\\\/#primaryimage\"},\"image\":{\"@id\":\"https:\\\/\\\/nature-et-developpement.com\\\/mndl\\\/produit\\\/plaque-fibres-gypse-petit-format-fermacell-12_5mm\\\/#primaryimage\"},\"thumbnailUrl\":\"https:\\\/\\\/nature-et-developpement.com\\\/mndl\\\/wp-content\\\/uploads\\\/Plaque-bords-droits-fermacell-petit-format-71002.jpg\",\"datePublished\":\"2024-03-31T22:00:00+00:00\",\"dateModified\":\"2026-01-13T16:15:36+00:00\",\"description\":\"La plaque fermacell est exclusivement compos\u00e9e de pl\u00e2tre et de fibres de cellulose issues du recyclage du papier. Le m\u00e9lange de ces composants naturels additionn\u00e9 d'eau, est ensuite compress\u00e9 \u00e0 haute temp\u00e9rature et s\u00e9ch\u00e9 \u00e0 haute temp\u00e9rature pour obtenir une plaque d'une rigidit\u00e9 incomparable.\",\"breadcrumb\":{\"@id\":\"https:\\\/\\\/nature-et-developpement.com\\\/mndl\\\/produit\\\/plaque-fibres-gypse-petit-format-fermacell-12_5mm\\\/#breadcrumb\"},\"inLanguage\":\"fr-FR\",\"potentialAction\":[{\"@type\":\"ReadAction\",\"target\":[\"https:\\\/\\\/nature-et-developpement.com\\\/mndl\\\/produit\\\/plaque-fibres-gypse-petit-format-fermacell-12_5mm\\\/\"]}]},{\"@type\":\"ImageObject\",\"inLanguage\":\"fr-FR\",\"@id\":\"https:\\\/\\\/nature-et-developpement.com\\\/mndl\\\/produit\\\/plaque-fibres-gypse-petit-format-fermacell-12_5mm\\\/#primaryimage\",\"url\":\"https:\\\/\\\/nature-et-developpement.com\\\/mndl\\\/wp-content\\\/uploads\\\/Plaque-bords-droits-fermacell-petit-format-71002.jpg\",\"contentUrl\":\"https:\\\/\\\/nature-et-developpement.com\\\/mndl\\\/wp-content\\\/uploads\\\/Plaque-bords-droits-fermacell-petit-format-71002.jpg\"},{\"@type\":\"BreadcrumbList\",\"@id\":\"https:\\\/\\\/nature-et-developpement.com\\\/mndl\\\/produit\\\/plaque-fibres-gypse-petit-format-fermacell-12_5mm\\\/#breadcrumb\",\"itemListElement\":[{\"@type\":\"ListItem\",\"position\":1,\"name\":\"Accueil\",\"item\":\"https:\\\/\\\/nature-et-developpement.com\\\/mndl\\\/\"},{\"@type\":\"ListItem\",\"position\":2,\"name\":\"Produits\",\"item\":\"https:\\\/\\\/nature-et-developpement.com\\\/mndl\\\/shop\\\/\"},{\"@type\":\"ListItem\",\"position\":3,\"name\":\"Construction, cloison et fen\u00eatres\",\"item\":\"https:\\\/\\\/nature-et-developpement.com\\\/mndl\\\/produits\\\/construction\\\/\"},{\"@type\":\"ListItem\",\"position\":4,\"name\":\"Cloisons et doublage\",\"item\":\"https:\\\/\\\/nature-et-developpement.com\\\/mndl\\\/produits\\\/construction\\\/cloisons-et-doublage\\\/\"},{\"@type\":\"ListItem\",\"position\":5,\"name\":\"Fermacell 12,5mm &#8211; Cloison s\u00e8che Plaque petit format en fibres-gypse\"}]},{\"@type\":\"WebSite\",\"@id\":\"https:\\\/\\\/nature-et-developpement.com\\\/mndl\\\/#website\",\"url\":\"https:\\\/\\\/nature-et-developpement.com\\\/mndl\\\/\",\"name\":\"Mat\u00e9riaux Naturels de Lorraine\",\"description\":\"Mat\u00e9riaux Naturels de Lorraine est membre du groupement Nature &amp; D\u00e9veloppement\",\"publisher\":{\"@id\":\"https:\\\/\\\/nature-et-developpement.com\\\/mndl\\\/#organization\"},\"potentialAction\":[{\"@type\":\"SearchAction\",\"target\":{\"@type\":\"EntryPoint\",\"urlTemplate\":\"https:\\\/\\\/nature-et-developpement.com\\\/mndl\\\/?s={search_term_string}\"},\"query-input\":{\"@type\":\"PropertyValueSpecification\",\"valueRequired\":true,\"valueName\":\"search_term_string\"}}],\"inLanguage\":\"fr-FR\"},{\"@type\":\"Organization\",\"@id\":\"https:\\\/\\\/nature-et-developpement.com\\\/mndl\\\/#organization\",\"name\":\"Mat\u00e9riaux Naturels de Lorraine\",\"url\":\"https:\\\/\\\/nature-et-developpement.com\\\/mndl\\\/\",\"logo\":{\"@type\":\"ImageObject\",\"inLanguage\":\"fr-FR\",\"@id\":\"https:\\\/\\\/nature-et-developpement.com\\\/mndl\\\/#\\\/schema\\\/logo\\\/image\\\/\",\"url\":\"https:\\\/\\\/nature-et-developpement.com\\\/mndl\\\/wp-content\\\/uploads\\\/sites\\\/7\\\/2021\\\/09\\\/logo-materiaux-naturels-de-lorraine.png\",\"contentUrl\":\"https:\\\/\\\/nature-et-developpement.com\\\/mndl\\\/wp-content\\\/uploads\\\/sites\\\/7\\\/2021\\\/09\\\/logo-materiaux-naturels-de-lorraine.png\",\"width\":1924,\"height\":1668,\"caption\":\"Mat\u00e9riaux Naturels de Lorraine\"},\"image\":{\"@id\":\"https:\\\/\\\/nature-et-developpement.com\\\/mndl\\\/#\\\/schema\\\/logo\\\/image\\\/\"}}]}<\/script>\n<!-- \/ Yoast SEO plugin. -->","yoast_head_json":{"title":"Cloison s\u00e8che fermacell plaque 12,5mm petit format","description":"La plaque fermacell est exclusivement compos\u00e9e de pl\u00e2tre et de fibres de cellulose issues du recyclage du papier.  Le m\u00e9lange de ces composants naturels additionn\u00e9 d'eau, est ensuite compress\u00e9 \u00e0 haute temp\u00e9rature et s\u00e9ch\u00e9 \u00e0 haute temp\u00e9rature pour obtenir une plaque d'une rigidit\u00e9 incomparable.","robots":{"index":"noindex","follow":"nofollow"},"og_locale":"fr_FR","og_type":"article","og_title":"Cloison s\u00e8che fermacell plaque 12,5mm petit format","og_description":"La plaque fermacell est exclusivement compos\u00e9e de pl\u00e2tre et de fibres de cellulose issues du recyclage du papier.  Le m\u00e9lange de ces composants naturels additionn\u00e9 d'eau, est ensuite compress\u00e9 \u00e0 haute temp\u00e9rature et s\u00e9ch\u00e9 \u00e0 haute temp\u00e9rature pour obtenir une plaque d'une rigidit\u00e9 incomparable.","og_url":"https:\/\/nature-et-developpement.com\/mndl\/produit\/plaque-fibres-gypse-petit-format-fermacell-12_5mm\/","og_site_name":"Mat\u00e9riaux Naturels de Lorraine","article_modified_time":"2026-01-13T16:15:36+00:00","twitter_card":"summary_large_image","twitter_misc":{"Dur\u00e9e de lecture estim\u00e9e":"1 minute"},"schema":{"@context":"https:\/\/schema.org","@graph":[{"@type":"WebPage","@id":"https:\/\/nature-et-developpement.com\/mndl\/produit\/plaque-fibres-gypse-petit-format-fermacell-12_5mm\/","url":"https:\/\/nature-et-developpement.com\/mndl\/produit\/plaque-fibres-gypse-petit-format-fermacell-12_5mm\/","name":"Cloison s\u00e8che fermacell plaque 12,5mm petit format","isPartOf":{"@id":"https:\/\/nature-et-developpement.com\/mndl\/#website"},"primaryImageOfPage":{"@id":"https:\/\/nature-et-developpement.com\/mndl\/produit\/plaque-fibres-gypse-petit-format-fermacell-12_5mm\/#primaryimage"},"image":{"@id":"https:\/\/nature-et-developpement.com\/mndl\/produit\/plaque-fibres-gypse-petit-format-fermacell-12_5mm\/#primaryimage"},"thumbnailUrl":"https:\/\/nature-et-developpement.com\/mndl\/wp-content\/uploads\/Plaque-bords-droits-fermacell-petit-format-71002.jpg","datePublished":"2024-03-31T22:00:00+00:00","dateModified":"2026-01-13T16:15:36+00:00","description":"La plaque fermacell est exclusivement compos\u00e9e de pl\u00e2tre et de fibres de cellulose issues du recyclage du papier. Le m\u00e9lange de ces composants naturels additionn\u00e9 d'eau, est ensuite compress\u00e9 \u00e0 haute temp\u00e9rature et s\u00e9ch\u00e9 \u00e0 haute temp\u00e9rature pour obtenir une plaque d'une rigidit\u00e9 incomparable.","breadcrumb":{"@id":"https:\/\/nature-et-developpement.com\/mndl\/produit\/plaque-fibres-gypse-petit-format-fermacell-12_5mm\/#breadcrumb"},"inLanguage":"fr-FR","potentialAction":[{"@type":"ReadAction","target":["https:\/\/nature-et-developpement.com\/mndl\/produit\/plaque-fibres-gypse-petit-format-fermacell-12_5mm\/"]}]},{"@type":"ImageObject","inLanguage":"fr-FR","@id":"https:\/\/nature-et-developpement.com\/mndl\/produit\/plaque-fibres-gypse-petit-format-fermacell-12_5mm\/#primaryimage","url":"https:\/\/nature-et-developpement.com\/mndl\/wp-content\/uploads\/Plaque-bords-droits-fermacell-petit-format-71002.jpg","contentUrl":"https:\/\/nature-et-developpement.com\/mndl\/wp-content\/uploads\/Plaque-bords-droits-fermacell-petit-format-71002.jpg"},{"@type":"BreadcrumbList","@id":"https:\/\/nature-et-developpement.com\/mndl\/produit\/plaque-fibres-gypse-petit-format-fermacell-12_5mm\/#breadcrumb","itemListElement":[{"@type":"ListItem","position":1,"name":"Accueil","item":"https:\/\/nature-et-developpement.com\/mndl\/"},{"@type":"ListItem","position":2,"name":"Produits","item":"https:\/\/nature-et-developpement.com\/mndl\/shop\/"},{"@type":"ListItem","position":3,"name":"Construction, cloison et fen\u00eatres","item":"https:\/\/nature-et-developpement.com\/mndl\/produits\/construction\/"},{"@type":"ListItem","position":4,"name":"Cloisons et doublage","item":"https:\/\/nature-et-developpement.com\/mndl\/produits\/construction\/cloisons-et-doublage\/"},{"@type":"ListItem","position":5,"name":"Fermacell 12,5mm &#8211; Cloison s\u00e8che Plaque petit format en fibres-gypse"}]},{"@type":"WebSite","@id":"https:\/\/nature-et-developpement.com\/mndl\/#website","url":"https:\/\/nature-et-developpement.com\/mndl\/","name":"Mat\u00e9riaux Naturels de Lorraine","description":"Mat\u00e9riaux Naturels de Lorraine est membre du groupement Nature &amp; D\u00e9veloppement","publisher":{"@id":"https:\/\/nature-et-developpement.com\/mndl\/#organization"},"potentialAction":[{"@type":"SearchAction","target":{"@type":"EntryPoint","urlTemplate":"https:\/\/nature-et-developpement.com\/mndl\/?s={search_term_string}"},"query-input":{"@type":"PropertyValueSpecification","valueRequired":true,"valueName":"search_term_string"}}],"inLanguage":"fr-FR"},{"@type":"Organization","@id":"https:\/\/nature-et-developpement.com\/mndl\/#organization","name":"Mat\u00e9riaux Naturels de Lorraine","url":"https:\/\/nature-et-developpement.com\/mndl\/","logo":{"@type":"ImageObject","inLanguage":"fr-FR","@id":"https:\/\/nature-et-developpement.com\/mndl\/#\/schema\/logo\/image\/","url":"https:\/\/nature-et-developpement.com\/mndl\/wp-content\/uploads\/sites\/7\/2021\/09\/logo-materiaux-naturels-de-lorraine.png","contentUrl":"https:\/\/nature-et-developpement.com\/mndl\/wp-content\/uploads\/sites\/7\/2021\/09\/logo-materiaux-naturels-de-lorraine.png","width":1924,"height":1668,"caption":"Mat\u00e9riaux Naturels de Lorraine"},"image":{"@id":"https:\/\/nature-et-developpement.com\/mndl\/#\/schema\/logo\/image\/"}}]}},"distributor_meta":false,"distributor_terms":false,"distributor_media":false,"distributor_original_site_name":"Mat\u00e9riaux Naturels de Lorraine","distributor_original_site_url":"https:\/\/nature-et-developpement.com\/mndl","push-errors":false,"_links":{"self":[{"href":"https:\/\/nature-et-developpement.com\/mndl\/wp-json\/wp\/v2\/product\/3357","targetHints":{"allow":["GET"]}}],"collection":[{"href":"https:\/\/nature-et-developpement.com\/mndl\/wp-json\/wp\/v2\/product"}],"about":[{"href":"https:\/\/nature-et-developpement.com\/mndl\/wp-json\/wp\/v2\/types\/product"}],"wp:featuredmedia":[{"embeddable":true,"href":"https:\/\/nature-et-developpement.com\/mndl\/wp-json\/"}],"wp:attachment":[{"href":"https:\/\/nature-et-developpement.com\/mndl\/wp-json\/wp\/v2\/media?parent=3357"}],"wp:term":[{"taxonomy":"product_brand","embeddable":true,"href":"https:\/\/nature-et-developpement.com\/mndl\/wp-json\/wp\/v2\/product_brand?post=3357"},{"taxonomy":"product_cat","embeddable":true,"href":"https:\/\/nature-et-developpement.com\/mndl\/wp-json\/wp\/v2\/product_cat?post=3357"},{"taxonomy":"product_tag","embeddable":true,"href":"https:\/\/nature-et-developpement.com\/mndl\/wp-json\/wp\/v2\/product_tag?post=3357"}],"curies":[{"name":"wp","href":"https:\/\/api.w.org\/{rel}","templated":true}]}}