{"id":35486,"date":"2023-06-23T12:10:29","date_gmt":"2023-06-23T10:10:29","guid":{"rendered":"https:\/\/nature-et-developpement.com\/mndl\/produit\/panneau-dargile-pour-construction-seche-wem\/"},"modified":"2025-12-11T04:00:26","modified_gmt":"2025-12-11T03:00:26","slug":"panneau-dargile-pour-construction-seche-wem","status":"publish","type":"product","link":"https:\/\/nature-et-developpement.com\/mndl\/produit\/panneau-dargile-pour-construction-seche-wem\/","title":{"rendered":"Panneau d&rsquo;argile pour construction s\u00e8che WEM"},"content":{"rendered":"<p>Le panneau d\u2019argile WEM\u00ae\u00a0est un panneau de construction robuste en argile pouvant \u00eatre recouvert d\u2019enduit. Il est fabriqu\u00e9 \u00e0 base de terre argileuse renforc\u00e9e aux fibres de paille et stabilis\u00e9 des deux c\u00f4t\u00e9s au moyen de treillis en fibres de verre.<\/p>\n<p>Les dimensions par panneau sont 100 cm x 62,5 cm x 2,5 cm, le poids est de 22 kg. Le panneau peut \u00eatre viss\u00e9 sur toute la surface ou sur des profil\u00e9s en bois\/m\u00e9tal dont la dimension maxi de l\u2019axe est 62,5 cm<\/p>\n<p>D\u00e9couper le panneau en s\u00e9parant des deux c\u00f4t\u00e9s le treillis d&rsquo;armature\u00a0au moyen d&rsquo;un cutter et puis casser le panneau au-dessus d&rsquo;un bord.<\/p>\n<p>Fixation avec agrafes ou vis et rondelles de fixation<\/p>\n<p>La surface compl\u00e8te des panneaux d&rsquo;argile mont\u00e9s est recouverte de l&rsquo;enduit de surface d&rsquo;argile WEM\u00ae.<\/p>\n<p>Notre treillis d&rsquo;armature r\u00e9sistant \u00e0 la chaleur est alors tout simplement int\u00e9gr\u00e9.<br \/>\nSelon les caract\u00e9ristiques souhait\u00e9es pour la finition de la surface, l&rsquo;enduit de surface d&rsquo;argile WEM\u00ae\u00a0peut \u00eatre gratt\u00e9 ou liss\u00e9.<\/p>\n<p>Le panneau d\u2019argile WEM\u00ae peuvent s&rsquo;utiliser sur l&rsquo;ensemble des parois de la maison, id\u00e9ale pour compl\u00e9ter les panneaux d&rsquo;argiles chauffant.<\/p>\n<p>WEM\u00ae Panneau argile 25mm, sans tuyaux, pour compl\u00e9ter les surfaces.<br \/>\n62,5 x 100 x 2,5 cm, 0,625 m\u00b2\/ panneau<br \/>\nenviron 22 kg\/ panneau, densit\u00e9 approx. 1400 kg\/ m\u00b3<br \/>\nComposants: Argile, sable, fibres de plantes et tissu en fibre de verre. max. 36 pi\u00e8ces\/ palette.<\/p>\n","protected":false},"excerpt":{"rendered":"<p>Le panneau d\u2019argile WEM\u00ae est un panneau de construction robuste en argile pouvant \u00eatre recouvert d\u2019enduit.<\/p>\n<p>Il est fabriqu\u00e9 \u00e0 base de terre argileuse renforc\u00e9e aux fibres de paille et stabilis\u00e9 des deux c\u00f4t\u00e9s au moyen de treillis en fibres de verre.<\/p>\n","protected":false},"featured_media":1000000168642,"template":"","meta":[],"product_brand":[2786],"product_cat":[2550,353,2848],"product_tag":[],"class_list":{"0":"post-35486","1":"product","2":"type-product","3":"status-publish","4":"has-post-thumbnail","6":"product_brand-wem","7":"product_cat-accessoires","8":"product_cat-cloisons-et-doublage","9":"product_cat-demande-de-devis-uniquement-sans-prix","10":"product_shipping_class-impact-transport-important","12":"first","13":"onbackorder","14":"taxable","15":"shipping-taxable","16":"purchasable","17":"product-type-variable"},"yoast_head":"<!-- This site is optimized with the Yoast SEO plugin v27.5 - https:\/\/yoast.com\/product\/yoast-seo-wordpress\/ -->\n<title>Panneau d&#039;argile pour construction s\u00e8che WEM<\/title>\n<meta name=\"description\" content=\"Le panneau d\u2019argile WEM\u00ae est un panneau de construction robuste en argile pouvant \u00eatre recouvert d\u2019enduit.  Il est fabriqu\u00e9 \u00e0 base de terre argileuse renforc\u00e9e aux fibres de paille et stabilis\u00e9 des deux c\u00f4t\u00e9s au moyen de treillis en fibres de verre.\" \/>\n<meta name=\"robots\" content=\"noindex, nofollow\" \/>\n<meta property=\"og:locale\" content=\"fr_FR\" \/>\n<meta property=\"og:type\" content=\"article\" \/>\n<meta property=\"og:title\" content=\"Panneau d&#039;argile pour construction s\u00e8che WEM\" \/>\n<meta property=\"og:description\" content=\"Le panneau d\u2019argile WEM\u00ae est un panneau de construction robuste en argile pouvant \u00eatre recouvert d\u2019enduit.  Il est fabriqu\u00e9 \u00e0 base de terre argileuse renforc\u00e9e aux fibres de paille et stabilis\u00e9 des deux c\u00f4t\u00e9s au moyen de treillis en fibres de verre.\" \/>\n<meta property=\"og:url\" content=\"https:\/\/nature-et-developpement.com\/mndl\/produit\/panneau-dargile-pour-construction-seche-wem\/\" \/>\n<meta property=\"og:site_name\" content=\"Mat\u00e9riaux Naturels de Lorraine\" \/>\n<meta property=\"article:modified_time\" content=\"2025-12-11T03:00:26+00:00\" \/>\n<meta name=\"twitter:card\" content=\"summary_large_image\" \/>\n<meta name=\"twitter:label1\" content=\"Dur\u00e9e de lecture estim\u00e9e\" \/>\n\t<meta name=\"twitter:data1\" content=\"2 minutes\" \/>\n<script type=\"application\/ld+json\" class=\"yoast-schema-graph\">{\"@context\":\"https:\\\/\\\/schema.org\",\"@graph\":[{\"@type\":\"WebPage\",\"@id\":\"https:\\\/\\\/nature-et-developpement.com\\\/mndl\\\/produit\\\/panneau-dargile-pour-construction-seche-wem\\\/\",\"url\":\"https:\\\/\\\/nature-et-developpement.com\\\/mndl\\\/produit\\\/panneau-dargile-pour-construction-seche-wem\\\/\",\"name\":\"Panneau d'argile pour construction s\u00e8che WEM\",\"isPartOf\":{\"@id\":\"https:\\\/\\\/nature-et-developpement.com\\\/mndl\\\/#website\"},\"primaryImageOfPage\":{\"@id\":\"https:\\\/\\\/nature-et-developpement.com\\\/mndl\\\/produit\\\/panneau-dargile-pour-construction-seche-wem\\\/#primaryimage\"},\"image\":{\"@id\":\"https:\\\/\\\/nature-et-developpement.com\\\/mndl\\\/produit\\\/panneau-dargile-pour-construction-seche-wem\\\/#primaryimage\"},\"thumbnailUrl\":\"https:\\\/\\\/nature-et-developpement.com\\\/mndl\\\/wp-content\\\/uploads\\\/Panneau-dargile-pour-construction-seche-WEM.jpg\",\"datePublished\":\"2023-06-23T10:10:29+00:00\",\"dateModified\":\"2025-12-11T03:00:26+00:00\",\"description\":\"Le panneau d\u2019argile WEM\u00ae est un panneau de construction robuste en argile pouvant \u00eatre recouvert d\u2019enduit. Il est fabriqu\u00e9 \u00e0 base de terre argileuse renforc\u00e9e aux fibres de paille et stabilis\u00e9 des deux c\u00f4t\u00e9s au moyen de treillis en fibres de verre.\",\"breadcrumb\":{\"@id\":\"https:\\\/\\\/nature-et-developpement.com\\\/mndl\\\/produit\\\/panneau-dargile-pour-construction-seche-wem\\\/#breadcrumb\"},\"inLanguage\":\"fr-FR\",\"potentialAction\":[{\"@type\":\"ReadAction\",\"target\":[\"https:\\\/\\\/nature-et-developpement.com\\\/mndl\\\/produit\\\/panneau-dargile-pour-construction-seche-wem\\\/\"]}]},{\"@type\":\"ImageObject\",\"inLanguage\":\"fr-FR\",\"@id\":\"https:\\\/\\\/nature-et-developpement.com\\\/mndl\\\/produit\\\/panneau-dargile-pour-construction-seche-wem\\\/#primaryimage\",\"url\":\"https:\\\/\\\/nature-et-developpement.com\\\/mndl\\\/wp-content\\\/uploads\\\/Panneau-dargile-pour-construction-seche-WEM.jpg\",\"contentUrl\":\"https:\\\/\\\/nature-et-developpement.com\\\/mndl\\\/wp-content\\\/uploads\\\/Panneau-dargile-pour-construction-seche-WEM.jpg\"},{\"@type\":\"BreadcrumbList\",\"@id\":\"https:\\\/\\\/nature-et-developpement.com\\\/mndl\\\/produit\\\/panneau-dargile-pour-construction-seche-wem\\\/#breadcrumb\",\"itemListElement\":[{\"@type\":\"ListItem\",\"position\":1,\"name\":\"Accueil\",\"item\":\"https:\\\/\\\/nature-et-developpement.com\\\/mndl\\\/\"},{\"@type\":\"ListItem\",\"position\":2,\"name\":\"Produits\",\"item\":\"https:\\\/\\\/nature-et-developpement.com\\\/mndl\\\/shop\\\/\"},{\"@type\":\"ListItem\",\"position\":3,\"name\":\"Construction, cloison et fen\u00eatres\",\"item\":\"https:\\\/\\\/nature-et-developpement.com\\\/mndl\\\/produits\\\/construction\\\/\"},{\"@type\":\"ListItem\",\"position\":4,\"name\":\"Cloisons et doublage\",\"item\":\"https:\\\/\\\/nature-et-developpement.com\\\/mndl\\\/produits\\\/construction\\\/cloisons-et-doublage\\\/\"},{\"@type\":\"ListItem\",\"position\":5,\"name\":\"Panneau d&rsquo;argile pour construction s\u00e8che WEM\"}]},{\"@type\":\"WebSite\",\"@id\":\"https:\\\/\\\/nature-et-developpement.com\\\/mndl\\\/#website\",\"url\":\"https:\\\/\\\/nature-et-developpement.com\\\/mndl\\\/\",\"name\":\"Mat\u00e9riaux Naturels de Lorraine\",\"description\":\"Mat\u00e9riaux Naturels de Lorraine est membre du groupement Nature &amp; D\u00e9veloppement\",\"publisher\":{\"@id\":\"https:\\\/\\\/nature-et-developpement.com\\\/mndl\\\/#organization\"},\"potentialAction\":[{\"@type\":\"SearchAction\",\"target\":{\"@type\":\"EntryPoint\",\"urlTemplate\":\"https:\\\/\\\/nature-et-developpement.com\\\/mndl\\\/?s={search_term_string}\"},\"query-input\":{\"@type\":\"PropertyValueSpecification\",\"valueRequired\":true,\"valueName\":\"search_term_string\"}}],\"inLanguage\":\"fr-FR\"},{\"@type\":\"Organization\",\"@id\":\"https:\\\/\\\/nature-et-developpement.com\\\/mndl\\\/#organization\",\"name\":\"Mat\u00e9riaux Naturels de Lorraine\",\"url\":\"https:\\\/\\\/nature-et-developpement.com\\\/mndl\\\/\",\"logo\":{\"@type\":\"ImageObject\",\"inLanguage\":\"fr-FR\",\"@id\":\"https:\\\/\\\/nature-et-developpement.com\\\/mndl\\\/#\\\/schema\\\/logo\\\/image\\\/\",\"url\":\"https:\\\/\\\/nature-et-developpement.com\\\/mndl\\\/wp-content\\\/uploads\\\/sites\\\/7\\\/2021\\\/09\\\/logo-materiaux-naturels-de-lorraine.png\",\"contentUrl\":\"https:\\\/\\\/nature-et-developpement.com\\\/mndl\\\/wp-content\\\/uploads\\\/sites\\\/7\\\/2021\\\/09\\\/logo-materiaux-naturels-de-lorraine.png\",\"width\":1924,\"height\":1668,\"caption\":\"Mat\u00e9riaux Naturels de Lorraine\"},\"image\":{\"@id\":\"https:\\\/\\\/nature-et-developpement.com\\\/mndl\\\/#\\\/schema\\\/logo\\\/image\\\/\"}}]}<\/script>\n<!-- \/ Yoast SEO plugin. -->","yoast_head_json":{"title":"Panneau d'argile pour construction s\u00e8che WEM","description":"Le panneau d\u2019argile WEM\u00ae est un panneau de construction robuste en argile pouvant \u00eatre recouvert d\u2019enduit.  Il est fabriqu\u00e9 \u00e0 base de terre argileuse renforc\u00e9e aux fibres de paille et stabilis\u00e9 des deux c\u00f4t\u00e9s au moyen de treillis en fibres de verre.","robots":{"index":"noindex","follow":"nofollow"},"og_locale":"fr_FR","og_type":"article","og_title":"Panneau d'argile pour construction s\u00e8che WEM","og_description":"Le panneau d\u2019argile WEM\u00ae est un panneau de construction robuste en argile pouvant \u00eatre recouvert d\u2019enduit.  Il est fabriqu\u00e9 \u00e0 base de terre argileuse renforc\u00e9e aux fibres de paille et stabilis\u00e9 des deux c\u00f4t\u00e9s au moyen de treillis en fibres de verre.","og_url":"https:\/\/nature-et-developpement.com\/mndl\/produit\/panneau-dargile-pour-construction-seche-wem\/","og_site_name":"Mat\u00e9riaux Naturels de Lorraine","article_modified_time":"2025-12-11T03:00:26+00:00","twitter_card":"summary_large_image","twitter_misc":{"Dur\u00e9e de lecture estim\u00e9e":"2 minutes"},"schema":{"@context":"https:\/\/schema.org","@graph":[{"@type":"WebPage","@id":"https:\/\/nature-et-developpement.com\/mndl\/produit\/panneau-dargile-pour-construction-seche-wem\/","url":"https:\/\/nature-et-developpement.com\/mndl\/produit\/panneau-dargile-pour-construction-seche-wem\/","name":"Panneau d'argile pour construction s\u00e8che WEM","isPartOf":{"@id":"https:\/\/nature-et-developpement.com\/mndl\/#website"},"primaryImageOfPage":{"@id":"https:\/\/nature-et-developpement.com\/mndl\/produit\/panneau-dargile-pour-construction-seche-wem\/#primaryimage"},"image":{"@id":"https:\/\/nature-et-developpement.com\/mndl\/produit\/panneau-dargile-pour-construction-seche-wem\/#primaryimage"},"thumbnailUrl":"https:\/\/nature-et-developpement.com\/mndl\/wp-content\/uploads\/Panneau-dargile-pour-construction-seche-WEM.jpg","datePublished":"2023-06-23T10:10:29+00:00","dateModified":"2025-12-11T03:00:26+00:00","description":"Le panneau d\u2019argile WEM\u00ae est un panneau de construction robuste en argile pouvant \u00eatre recouvert d\u2019enduit. Il est fabriqu\u00e9 \u00e0 base de terre argileuse renforc\u00e9e aux fibres de paille et stabilis\u00e9 des deux c\u00f4t\u00e9s au moyen de treillis en fibres de verre.","breadcrumb":{"@id":"https:\/\/nature-et-developpement.com\/mndl\/produit\/panneau-dargile-pour-construction-seche-wem\/#breadcrumb"},"inLanguage":"fr-FR","potentialAction":[{"@type":"ReadAction","target":["https:\/\/nature-et-developpement.com\/mndl\/produit\/panneau-dargile-pour-construction-seche-wem\/"]}]},{"@type":"ImageObject","inLanguage":"fr-FR","@id":"https:\/\/nature-et-developpement.com\/mndl\/produit\/panneau-dargile-pour-construction-seche-wem\/#primaryimage","url":"https:\/\/nature-et-developpement.com\/mndl\/wp-content\/uploads\/Panneau-dargile-pour-construction-seche-WEM.jpg","contentUrl":"https:\/\/nature-et-developpement.com\/mndl\/wp-content\/uploads\/Panneau-dargile-pour-construction-seche-WEM.jpg"},{"@type":"BreadcrumbList","@id":"https:\/\/nature-et-developpement.com\/mndl\/produit\/panneau-dargile-pour-construction-seche-wem\/#breadcrumb","itemListElement":[{"@type":"ListItem","position":1,"name":"Accueil","item":"https:\/\/nature-et-developpement.com\/mndl\/"},{"@type":"ListItem","position":2,"name":"Produits","item":"https:\/\/nature-et-developpement.com\/mndl\/shop\/"},{"@type":"ListItem","position":3,"name":"Construction, cloison et fen\u00eatres","item":"https:\/\/nature-et-developpement.com\/mndl\/produits\/construction\/"},{"@type":"ListItem","position":4,"name":"Cloisons et doublage","item":"https:\/\/nature-et-developpement.com\/mndl\/produits\/construction\/cloisons-et-doublage\/"},{"@type":"ListItem","position":5,"name":"Panneau d&rsquo;argile pour construction s\u00e8che WEM"}]},{"@type":"WebSite","@id":"https:\/\/nature-et-developpement.com\/mndl\/#website","url":"https:\/\/nature-et-developpement.com\/mndl\/","name":"Mat\u00e9riaux Naturels de Lorraine","description":"Mat\u00e9riaux Naturels de Lorraine est membre du groupement Nature &amp; D\u00e9veloppement","publisher":{"@id":"https:\/\/nature-et-developpement.com\/mndl\/#organization"},"potentialAction":[{"@type":"SearchAction","target":{"@type":"EntryPoint","urlTemplate":"https:\/\/nature-et-developpement.com\/mndl\/?s={search_term_string}"},"query-input":{"@type":"PropertyValueSpecification","valueRequired":true,"valueName":"search_term_string"}}],"inLanguage":"fr-FR"},{"@type":"Organization","@id":"https:\/\/nature-et-developpement.com\/mndl\/#organization","name":"Mat\u00e9riaux Naturels de Lorraine","url":"https:\/\/nature-et-developpement.com\/mndl\/","logo":{"@type":"ImageObject","inLanguage":"fr-FR","@id":"https:\/\/nature-et-developpement.com\/mndl\/#\/schema\/logo\/image\/","url":"https:\/\/nature-et-developpement.com\/mndl\/wp-content\/uploads\/sites\/7\/2021\/09\/logo-materiaux-naturels-de-lorraine.png","contentUrl":"https:\/\/nature-et-developpement.com\/mndl\/wp-content\/uploads\/sites\/7\/2021\/09\/logo-materiaux-naturels-de-lorraine.png","width":1924,"height":1668,"caption":"Mat\u00e9riaux Naturels de Lorraine"},"image":{"@id":"https:\/\/nature-et-developpement.com\/mndl\/#\/schema\/logo\/image\/"}}]}},"distributor_meta":false,"distributor_terms":false,"distributor_media":false,"distributor_original_site_name":"Mat\u00e9riaux Naturels de Lorraine","distributor_original_site_url":"https:\/\/nature-et-developpement.com\/mndl","push-errors":false,"_links":{"self":[{"href":"https:\/\/nature-et-developpement.com\/mndl\/wp-json\/wp\/v2\/product\/35486","targetHints":{"allow":["GET"]}}],"collection":[{"href":"https:\/\/nature-et-developpement.com\/mndl\/wp-json\/wp\/v2\/product"}],"about":[{"href":"https:\/\/nature-et-developpement.com\/mndl\/wp-json\/wp\/v2\/types\/product"}],"wp:featuredmedia":[{"embeddable":true,"href":"https:\/\/nature-et-developpement.com\/mndl\/wp-json\/"}],"wp:attachment":[{"href":"https:\/\/nature-et-developpement.com\/mndl\/wp-json\/wp\/v2\/media?parent=35486"}],"wp:term":[{"taxonomy":"product_brand","embeddable":true,"href":"https:\/\/nature-et-developpement.com\/mndl\/wp-json\/wp\/v2\/product_brand?post=35486"},{"taxonomy":"product_cat","embeddable":true,"href":"https:\/\/nature-et-developpement.com\/mndl\/wp-json\/wp\/v2\/product_cat?post=35486"},{"taxonomy":"product_tag","embeddable":true,"href":"https:\/\/nature-et-developpement.com\/mndl\/wp-json\/wp\/v2\/product_tag?post=35486"}],"curies":[{"name":"wp","href":"https:\/\/api.w.org\/{rel}","templated":true}]}}