{"id":35874,"date":"2024-04-06T17:17:56","date_gmt":"2024-04-06T15:17:56","guid":{"rendered":"https:\/\/nature-et-developpement.com\/mndl\/produit\/vmc-double-flux-comfoair-flex-350-de-zehnder\/"},"modified":"2025-06-13T09:40:42","modified_gmt":"2025-06-13T07:40:42","slug":"vmc-double-flux-comfoair-flex-350-de-zehnder","status":"publish","type":"product","link":"https:\/\/nature-et-developpement.com\/mndl\/produit\/vmc-double-flux-comfoair-flex-350-de-zehnder\/","title":{"rendered":"VMC double flux Comfoair Flex 350 de Zehnder"},"content":{"rendered":"<h2>VMC Double Flux Zehnder ComfoAir Flex 350 &#8211; Ventilation Efficace pour Petites Surfaces<\/h2>\n<p>Vous cherchez une solution de VMC Double flux pour une <strong>ventilation<\/strong> discr\u00e8te et performante pour votre appartement ou petite maison?<\/p>\n<p>D\u00e9couvrez la <strong>VMC double flux<\/strong> Zehnder ComfoAir Flex 350. Avec ses dimensions compactes et ses performances exceptionnelles, elle est con\u00e7ue pour s&rsquo;int\u00e9grer parfaitement dans les espaces restreints sans compromettre le confort.<\/p>\n<p>Dot\u00e9e de la technologie de ventilateur la plus <strong>silencieuse<\/strong> du march\u00e9, cette unit\u00e9 de ventilation minimise les niveaux de pression acoustique pour un environnement int\u00e9rieur paisible. Gr\u00e2ce \u00e0 son \u00e9changeur de chaleur personnalis\u00e9, elle assure une <strong>r\u00e9cup\u00e9ration de chaleur<\/strong> efficace tout en r\u00e9duisant la consommation \u00e9nerg\u00e9tique. Ce qui permet de faire des \u00e9conomies d&rsquo;\u00e9nergie.<\/p>\n<p>L&rsquo;installation de la Zehnder ComfoAir Flex est un jeu d&rsquo;enfant gr\u00e2ce \u00e0 ses options polyvalentes. Avec ses coudes pivotants et ses supports de montage r\u00e9glables, vous pouvez l&rsquo;<strong>installer facilement<\/strong> au plafond selon vos besoins. De plus, sa <strong>connexion Wi-Fi int\u00e9gr\u00e9e<\/strong> vous permet de contr\u00f4ler toutes ses fonctions via l&rsquo;application Zehnder ComfoControl.<\/p>\n<p>Grace aux accessoires comme les gaines, les entr\u00e9es d&rsquo;air ou encore les caissons de distribution, Zehnder vous propose des syst\u00e8mes de ventilation contr\u00f4l\u00e9e pour une qualit\u00e9 de l&rsquo;air int\u00e9rieur.<\/p>\n<p>La VMC double flux <strong>Zehnder ComfoAir Flex 350<\/strong> est \u00e9galement \u00e9quip\u00e9e de la technologie Climate Switch, assurant un <strong>confort optimal<\/strong> toute l&rsquo;ann\u00e9e en ajustant automatiquement le climat ambiant selon les saisons. Son concept de <strong>filtration<\/strong> am\u00e9lior\u00e9 garantit un air pur et frais \u00e0 chaque respiration, pour une qualit\u00e9 de vie optimale.<\/p>\n<h4>Qu&rsquo;est-ce que le Climate Switch ?<\/h4>\n<p>\u2022 Climat int\u00e9rieur ajust\u00e9 automatiquement<br \/>\n\u2022 Bypass modulant qui maintient la temp\u00e9rature int\u00e9rieure<br \/>\nconfortable en toutes saisons<br \/>\n\u2022 R\u00e9cup\u00e9ration du froid : Le froid est pr\u00e9lev\u00e9 sur l\u2018air de<br \/>\nretour pour refroidir l\u2018air ext\u00e9rieur chaud entrant dans la<br \/>\nmaison<br \/>\n\u2022 R\u00e9cup\u00e9ration de chaleur : l\u2018air de retour s\u2018\u00e9coule le long<br \/>\nde l\u2018air ext\u00e9rieur froid pour r\u00e9chauffer l\u2018air entrant dans la maison<\/p>\n<p>En r\u00e9sum\u00e9, la Zehnder ComfoAir Flex 350 est la solution id\u00e9ale pour une <strong>ventilation efficace<\/strong> dans les espaces restreints. Compacte, performante et <strong>facile \u00e0 installer<\/strong>, elle vous permet de profiter d&rsquo;un environnement int\u00e9rieur sain et confortable toute l&rsquo;ann\u00e9e.<\/p>\n","protected":false},"excerpt":{"rendered":"<p>Optimisez l&rsquo;espace avec la VMC double flux Zehnder ComfoAir Flex 350. Performante et compacte, elle assure un air pur toute l&rsquo;ann\u00e9e. Contr\u00f4le Wi-Fi int\u00e9gr\u00e9.<\/p>\n<p><img loading=\"lazy\" decoding=\"async\" class=\"alignnone size-full wp-image-200083\" src=\"https:\/\/nature-et-developpement.com\/wp-content\/uploads\/Detecteur_article.png\" alt=\"\" width=\"381\" height=\"171\" \/><\/p>\n","protected":false},"featured_media":1000000174880,"template":"","meta":[],"product_brand":[2794],"product_cat":[444],"product_tag":[4148],"class_list":{"0":"post-35874","1":"product","2":"type-product","3":"status-publish","4":"has-post-thumbnail","6":"product_brand-zehnder","7":"product_cat-ventilation","8":"product_tag-zehnder","9":"product_shipping_class-petit-equipement-outil-eclairage","11":"first","12":"instock","13":"taxable","14":"shipping-taxable","15":"purchasable","16":"product-type-simple"},"yoast_head":"<!-- This site is optimized with the Yoast SEO plugin v27.5 - https:\/\/yoast.com\/product\/yoast-seo-wordpress\/ -->\n<title>VMC double flux Comfoair Flex 350 de Zehnder<\/title>\n<meta name=\"description\" content=\"Optimisez l&#039;espace avec la VMC double flux Zehnder ComfoAir Flex 350. Performante et compacte, elle assure un air pur toute l&#039;ann\u00e9e. Contr\u00f4le Wi-Fi int\u00e9gr\u00e9.\" \/>\n<meta name=\"robots\" content=\"noindex, follow\" \/>\n<meta property=\"og:locale\" content=\"fr_FR\" \/>\n<meta property=\"og:type\" content=\"article\" \/>\n<meta property=\"og:title\" content=\"VMC double flux Comfoair Flex 350 de Zehnder\" \/>\n<meta property=\"og:description\" content=\"Optimisez l&#039;espace avec la VMC double flux Zehnder ComfoAir Flex 350. Performante et compacte, elle assure un air pur toute l&#039;ann\u00e9e. Contr\u00f4le Wi-Fi int\u00e9gr\u00e9.\" \/>\n<meta property=\"og:url\" content=\"https:\/\/nature-et-developpement.com\/mndl\/produit\/vmc-double-flux-comfoair-flex-350-de-zehnder\/\" \/>\n<meta property=\"og:site_name\" content=\"Mat\u00e9riaux Naturels de Lorraine\" \/>\n<meta property=\"article:modified_time\" content=\"2025-06-13T07:40:42+00:00\" \/>\n<meta name=\"twitter:card\" content=\"summary_large_image\" \/>\n<meta name=\"twitter:label1\" content=\"Dur\u00e9e de lecture estim\u00e9e\" \/>\n\t<meta name=\"twitter:data1\" content=\"2 minutes\" \/>\n<script type=\"application\/ld+json\" class=\"yoast-schema-graph\">{\"@context\":\"https:\\\/\\\/schema.org\",\"@graph\":[{\"@type\":\"WebPage\",\"@id\":\"https:\\\/\\\/nature-et-developpement.com\\\/mndl\\\/produit\\\/vmc-double-flux-comfoair-flex-350-de-zehnder\\\/\",\"url\":\"https:\\\/\\\/nature-et-developpement.com\\\/mndl\\\/produit\\\/vmc-double-flux-comfoair-flex-350-de-zehnder\\\/\",\"name\":\"VMC double flux Comfoair Flex 350 de Zehnder\",\"isPartOf\":{\"@id\":\"https:\\\/\\\/nature-et-developpement.com\\\/mndl\\\/#website\"},\"primaryImageOfPage\":{\"@id\":\"https:\\\/\\\/nature-et-developpement.com\\\/mndl\\\/produit\\\/vmc-double-flux-comfoair-flex-350-de-zehnder\\\/#primaryimage\"},\"image\":{\"@id\":\"https:\\\/\\\/nature-et-developpement.com\\\/mndl\\\/produit\\\/vmc-double-flux-comfoair-flex-350-de-zehnder\\\/#primaryimage\"},\"thumbnailUrl\":\"https:\\\/\\\/nature-et-developpement.com\\\/mndl\\\/wp-content\\\/uploads\\\/VMC-double-flux-Comfoair-Flex-350-de-Zehnder.jpg\",\"datePublished\":\"2024-04-06T15:17:56+00:00\",\"dateModified\":\"2025-06-13T07:40:42+00:00\",\"description\":\"Optimisez l'espace avec la VMC double flux Zehnder ComfoAir Flex 350. Performante et compacte, elle assure un air pur toute l'ann\u00e9e. Contr\u00f4le Wi-Fi int\u00e9gr\u00e9.\",\"breadcrumb\":{\"@id\":\"https:\\\/\\\/nature-et-developpement.com\\\/mndl\\\/produit\\\/vmc-double-flux-comfoair-flex-350-de-zehnder\\\/#breadcrumb\"},\"inLanguage\":\"fr-FR\",\"potentialAction\":[{\"@type\":\"ReadAction\",\"target\":[\"https:\\\/\\\/nature-et-developpement.com\\\/mndl\\\/produit\\\/vmc-double-flux-comfoair-flex-350-de-zehnder\\\/\"]}]},{\"@type\":\"ImageObject\",\"inLanguage\":\"fr-FR\",\"@id\":\"https:\\\/\\\/nature-et-developpement.com\\\/mndl\\\/produit\\\/vmc-double-flux-comfoair-flex-350-de-zehnder\\\/#primaryimage\",\"url\":\"https:\\\/\\\/nature-et-developpement.com\\\/mndl\\\/wp-content\\\/uploads\\\/VMC-double-flux-Comfoair-Flex-350-de-Zehnder.jpg\",\"contentUrl\":\"https:\\\/\\\/nature-et-developpement.com\\\/mndl\\\/wp-content\\\/uploads\\\/VMC-double-flux-Comfoair-Flex-350-de-Zehnder.jpg\"},{\"@type\":\"BreadcrumbList\",\"@id\":\"https:\\\/\\\/nature-et-developpement.com\\\/mndl\\\/produit\\\/vmc-double-flux-comfoair-flex-350-de-zehnder\\\/#breadcrumb\",\"itemListElement\":[{\"@type\":\"ListItem\",\"position\":1,\"name\":\"Accueil\",\"item\":\"https:\\\/\\\/nature-et-developpement.com\\\/mndl\\\/\"},{\"@type\":\"ListItem\",\"position\":2,\"name\":\"Produits\",\"item\":\"https:\\\/\\\/nature-et-developpement.com\\\/mndl\\\/shop\\\/\"},{\"@type\":\"ListItem\",\"position\":3,\"name\":\"Chauffage, eau et \u00e9nergie\",\"item\":\"https:\\\/\\\/nature-et-developpement.com\\\/mndl\\\/produits\\\/energie-et-ventilation\\\/\"},{\"@type\":\"ListItem\",\"position\":4,\"name\":\"Ventilation double flux, VMC hydro, extracteur d'air\",\"item\":\"https:\\\/\\\/nature-et-developpement.com\\\/mndl\\\/produits\\\/energie-et-ventilation\\\/ventilation\\\/\"},{\"@type\":\"ListItem\",\"position\":5,\"name\":\"VMC double flux Comfoair Flex 350 de Zehnder\"}]},{\"@type\":\"WebSite\",\"@id\":\"https:\\\/\\\/nature-et-developpement.com\\\/mndl\\\/#website\",\"url\":\"https:\\\/\\\/nature-et-developpement.com\\\/mndl\\\/\",\"name\":\"Mat\u00e9riaux Naturels de Lorraine\",\"description\":\"Mat\u00e9riaux Naturels de Lorraine est membre du groupement Nature &amp; D\u00e9veloppement\",\"publisher\":{\"@id\":\"https:\\\/\\\/nature-et-developpement.com\\\/mndl\\\/#organization\"},\"potentialAction\":[{\"@type\":\"SearchAction\",\"target\":{\"@type\":\"EntryPoint\",\"urlTemplate\":\"https:\\\/\\\/nature-et-developpement.com\\\/mndl\\\/?s={search_term_string}\"},\"query-input\":{\"@type\":\"PropertyValueSpecification\",\"valueRequired\":true,\"valueName\":\"search_term_string\"}}],\"inLanguage\":\"fr-FR\"},{\"@type\":\"Organization\",\"@id\":\"https:\\\/\\\/nature-et-developpement.com\\\/mndl\\\/#organization\",\"name\":\"Mat\u00e9riaux Naturels de Lorraine\",\"url\":\"https:\\\/\\\/nature-et-developpement.com\\\/mndl\\\/\",\"logo\":{\"@type\":\"ImageObject\",\"inLanguage\":\"fr-FR\",\"@id\":\"https:\\\/\\\/nature-et-developpement.com\\\/mndl\\\/#\\\/schema\\\/logo\\\/image\\\/\",\"url\":\"https:\\\/\\\/nature-et-developpement.com\\\/mndl\\\/wp-content\\\/uploads\\\/sites\\\/7\\\/2021\\\/09\\\/logo-materiaux-naturels-de-lorraine.png\",\"contentUrl\":\"https:\\\/\\\/nature-et-developpement.com\\\/mndl\\\/wp-content\\\/uploads\\\/sites\\\/7\\\/2021\\\/09\\\/logo-materiaux-naturels-de-lorraine.png\",\"width\":1924,\"height\":1668,\"caption\":\"Mat\u00e9riaux Naturels de Lorraine\"},\"image\":{\"@id\":\"https:\\\/\\\/nature-et-developpement.com\\\/mndl\\\/#\\\/schema\\\/logo\\\/image\\\/\"}}]}<\/script>\n<!-- \/ Yoast SEO plugin. -->","yoast_head_json":{"title":"VMC double flux Comfoair Flex 350 de Zehnder","description":"Optimisez l'espace avec la VMC double flux Zehnder ComfoAir Flex 350. Performante et compacte, elle assure un air pur toute l'ann\u00e9e. Contr\u00f4le Wi-Fi int\u00e9gr\u00e9.","robots":{"index":"noindex","follow":"follow"},"og_locale":"fr_FR","og_type":"article","og_title":"VMC double flux Comfoair Flex 350 de Zehnder","og_description":"Optimisez l'espace avec la VMC double flux Zehnder ComfoAir Flex 350. Performante et compacte, elle assure un air pur toute l'ann\u00e9e. Contr\u00f4le Wi-Fi int\u00e9gr\u00e9.","og_url":"https:\/\/nature-et-developpement.com\/mndl\/produit\/vmc-double-flux-comfoair-flex-350-de-zehnder\/","og_site_name":"Mat\u00e9riaux Naturels de Lorraine","article_modified_time":"2025-06-13T07:40:42+00:00","twitter_card":"summary_large_image","twitter_misc":{"Dur\u00e9e de lecture estim\u00e9e":"2 minutes"},"schema":{"@context":"https:\/\/schema.org","@graph":[{"@type":"WebPage","@id":"https:\/\/nature-et-developpement.com\/mndl\/produit\/vmc-double-flux-comfoair-flex-350-de-zehnder\/","url":"https:\/\/nature-et-developpement.com\/mndl\/produit\/vmc-double-flux-comfoair-flex-350-de-zehnder\/","name":"VMC double flux Comfoair Flex 350 de Zehnder","isPartOf":{"@id":"https:\/\/nature-et-developpement.com\/mndl\/#website"},"primaryImageOfPage":{"@id":"https:\/\/nature-et-developpement.com\/mndl\/produit\/vmc-double-flux-comfoair-flex-350-de-zehnder\/#primaryimage"},"image":{"@id":"https:\/\/nature-et-developpement.com\/mndl\/produit\/vmc-double-flux-comfoair-flex-350-de-zehnder\/#primaryimage"},"thumbnailUrl":"https:\/\/nature-et-developpement.com\/mndl\/wp-content\/uploads\/VMC-double-flux-Comfoair-Flex-350-de-Zehnder.jpg","datePublished":"2024-04-06T15:17:56+00:00","dateModified":"2025-06-13T07:40:42+00:00","description":"Optimisez l'espace avec la VMC double flux Zehnder ComfoAir Flex 350. Performante et compacte, elle assure un air pur toute l'ann\u00e9e. Contr\u00f4le Wi-Fi int\u00e9gr\u00e9.","breadcrumb":{"@id":"https:\/\/nature-et-developpement.com\/mndl\/produit\/vmc-double-flux-comfoair-flex-350-de-zehnder\/#breadcrumb"},"inLanguage":"fr-FR","potentialAction":[{"@type":"ReadAction","target":["https:\/\/nature-et-developpement.com\/mndl\/produit\/vmc-double-flux-comfoair-flex-350-de-zehnder\/"]}]},{"@type":"ImageObject","inLanguage":"fr-FR","@id":"https:\/\/nature-et-developpement.com\/mndl\/produit\/vmc-double-flux-comfoair-flex-350-de-zehnder\/#primaryimage","url":"https:\/\/nature-et-developpement.com\/mndl\/wp-content\/uploads\/VMC-double-flux-Comfoair-Flex-350-de-Zehnder.jpg","contentUrl":"https:\/\/nature-et-developpement.com\/mndl\/wp-content\/uploads\/VMC-double-flux-Comfoair-Flex-350-de-Zehnder.jpg"},{"@type":"BreadcrumbList","@id":"https:\/\/nature-et-developpement.com\/mndl\/produit\/vmc-double-flux-comfoair-flex-350-de-zehnder\/#breadcrumb","itemListElement":[{"@type":"ListItem","position":1,"name":"Accueil","item":"https:\/\/nature-et-developpement.com\/mndl\/"},{"@type":"ListItem","position":2,"name":"Produits","item":"https:\/\/nature-et-developpement.com\/mndl\/shop\/"},{"@type":"ListItem","position":3,"name":"Chauffage, eau et \u00e9nergie","item":"https:\/\/nature-et-developpement.com\/mndl\/produits\/energie-et-ventilation\/"},{"@type":"ListItem","position":4,"name":"Ventilation double flux, VMC hydro, extracteur d'air","item":"https:\/\/nature-et-developpement.com\/mndl\/produits\/energie-et-ventilation\/ventilation\/"},{"@type":"ListItem","position":5,"name":"VMC double flux Comfoair Flex 350 de Zehnder"}]},{"@type":"WebSite","@id":"https:\/\/nature-et-developpement.com\/mndl\/#website","url":"https:\/\/nature-et-developpement.com\/mndl\/","name":"Mat\u00e9riaux Naturels de Lorraine","description":"Mat\u00e9riaux Naturels de Lorraine est membre du groupement Nature &amp; D\u00e9veloppement","publisher":{"@id":"https:\/\/nature-et-developpement.com\/mndl\/#organization"},"potentialAction":[{"@type":"SearchAction","target":{"@type":"EntryPoint","urlTemplate":"https:\/\/nature-et-developpement.com\/mndl\/?s={search_term_string}"},"query-input":{"@type":"PropertyValueSpecification","valueRequired":true,"valueName":"search_term_string"}}],"inLanguage":"fr-FR"},{"@type":"Organization","@id":"https:\/\/nature-et-developpement.com\/mndl\/#organization","name":"Mat\u00e9riaux Naturels de Lorraine","url":"https:\/\/nature-et-developpement.com\/mndl\/","logo":{"@type":"ImageObject","inLanguage":"fr-FR","@id":"https:\/\/nature-et-developpement.com\/mndl\/#\/schema\/logo\/image\/","url":"https:\/\/nature-et-developpement.com\/mndl\/wp-content\/uploads\/sites\/7\/2021\/09\/logo-materiaux-naturels-de-lorraine.png","contentUrl":"https:\/\/nature-et-developpement.com\/mndl\/wp-content\/uploads\/sites\/7\/2021\/09\/logo-materiaux-naturels-de-lorraine.png","width":1924,"height":1668,"caption":"Mat\u00e9riaux Naturels de Lorraine"},"image":{"@id":"https:\/\/nature-et-developpement.com\/mndl\/#\/schema\/logo\/image\/"}}]}},"distributor_meta":false,"distributor_terms":false,"distributor_media":false,"distributor_original_site_name":"Mat\u00e9riaux Naturels de Lorraine","distributor_original_site_url":"https:\/\/nature-et-developpement.com\/mndl","push-errors":false,"_links":{"self":[{"href":"https:\/\/nature-et-developpement.com\/mndl\/wp-json\/wp\/v2\/product\/35874","targetHints":{"allow":["GET"]}}],"collection":[{"href":"https:\/\/nature-et-developpement.com\/mndl\/wp-json\/wp\/v2\/product"}],"about":[{"href":"https:\/\/nature-et-developpement.com\/mndl\/wp-json\/wp\/v2\/types\/product"}],"wp:featuredmedia":[{"embeddable":true,"href":"https:\/\/nature-et-developpement.com\/mndl\/wp-json\/"}],"wp:attachment":[{"href":"https:\/\/nature-et-developpement.com\/mndl\/wp-json\/wp\/v2\/media?parent=35874"}],"wp:term":[{"taxonomy":"product_brand","embeddable":true,"href":"https:\/\/nature-et-developpement.com\/mndl\/wp-json\/wp\/v2\/product_brand?post=35874"},{"taxonomy":"product_cat","embeddable":true,"href":"https:\/\/nature-et-developpement.com\/mndl\/wp-json\/wp\/v2\/product_cat?post=35874"},{"taxonomy":"product_tag","embeddable":true,"href":"https:\/\/nature-et-developpement.com\/mndl\/wp-json\/wp\/v2\/product_tag?post=35874"}],"curies":[{"name":"wp","href":"https:\/\/api.w.org\/{rel}","templated":true}]}}