{"id":7581,"date":"2020-06-16T17:10:24","date_gmt":"2020-06-16T15:10:24","guid":{"rendered":"https:\/\/nature-et-developpement.com\/mndl\/produit\/echantillon-meister-ps-500-verni-mat\/"},"modified":"2025-06-13T09:41:01","modified_gmt":"2025-06-13T07:41:01","slug":"echantillon-meister-ps-500-vernis-mat","status":"publish","type":"product","link":"https:\/\/nature-et-developpement.com\/mndl\/produit\/echantillon-meister-ps-500-vernis-mat\/","title":{"rendered":"\u00c9chantillon MEISTER PS500 vernis mat"},"content":{"rendered":"<p>Le motif \u00e0 b\u00e2tons rompus est un motif de pose classique qui a une longue histoire et qui est de nouveau tendance depuis quelques temps.<\/p>\n<p>Cela n\u2019est pas \u00e9tonnant car il combine parfaitement \u00e9l\u00e9gance et modernit\u00e9. PS 500 transpose le motif de pose classique au grand format frise (710 x 142 mm) dans le pr\u00e9sent.<\/p>\n<p>Le micro-chanfrein p\u00e9riph\u00e9rique conf\u00e8re la touche finale \u00e0 l\u2019aspect magnifique.<\/p>\n<p>La surface vernie mate met en valeur le caract\u00e8re chaleureux et naturel du bois et rend le sol tr\u00e8s facile d\u2019entretien.<\/p>\n<p>Gr\u00e2ce au syst\u00e8me d\u2019assemblage (par clic) Unizip brevet\u00e9, la pose est tr\u00e8s facile\u00a0!<\/p>\n<p>Le sol est id\u00e9al pour toutes les pi\u00e8ces d\u2019habitation s\u00e8ches, p. ex. s\u00e9jours, chambres et les locaux commerciaux \u00e0 usage mod\u00e9r\u00e9 ou normal tels que chambres d\u2019h\u00f4tel.<\/p>\n<p>Ce sol ne convient pas \u00e0 une pose en milieu humide (salle de bains, sauna, etc.)<\/p>\n<p>Convient aux sols chauff\u00e9s par circuits d\u2019eau chaude. Un chauffage par le sol \u00e9lectrique est toujours appropri\u00e9 lorsqu\u2019il peut \u00eatre int\u00e9gr\u00e9 \u00e0 la chape ou \u00e0 la dalle de b\u00e9ton et qu\u2019il n\u2019est donc pas pos\u00e9 sur la dalle comme une natte chauffante.<\/p>\n<p>Les boucles de chauffage &#8211; tuyaux &#8211; c\u00e2bles doivent couvrir la surface de la pi\u00e8ce en totalit\u00e9 et non partiellement.<\/p>\n<p>Si les surfaces ne sont chauff\u00e9es que partiellement, le rev\u00eatement de sol devra \u00eatre \u00e9quip\u00e9 de joints de dilatation (rails \u00e9l\u00e9ments de syst\u00e8me).<\/p>\n<p>La temp\u00e9rature maximum de surface ne doit pas exc\u00e9der 29\u00b0C.<\/p>\n<p>La pose du sol sur des nattes chauffantes est possible uniquement avec un syst\u00e8me autor\u00e9gulant qui maintient la temp\u00e9rature de surface \u00e0 29\u00b0c .<\/p>\n<p>La pose ne peut \u00eatre agr\u00e9\u00e9e dans tous les autres cas.<\/p>\n<p><span style=\"font-size: 32px;font-weight: bold;letter-spacing: -0.0415625em\"><br \/>\n&#8230;Vous h\u00e9sitez?<\/span><\/p>\n<p>Choisissez et commandez vos \u00e9chantillons, dans les accessoires (en bas de page) ou dans le moteur de recherche (en haut \u00e0 gauche) et recevez-les chez vous pour seulement 2,40\u20ac par \u00e9chantillon.<\/p>\n<p><span style=\"text-decoration: underline\"><strong>Votre commande sera\u00a0d\u00e9duite\u00a0de votre prochain achat de parquet MEISTER.<\/strong><\/span><\/p>\n","protected":false},"excerpt":{"rendered":"<div id=\"short_description_block\">\n<div id=\"short_description_content\" class=\"rte align_justify\">\n<p style=\"margin-bottom: 10px;font-style: normal;font-weight: 400;font-family: Poppins, sans-serif;font-size: 14px\"><span style=\"font-weight: 500;font-size: 14px\">Commandez d\u00e8s aujourd&rsquo;hui vos Choix de parquets&#8230;<\/span><\/p>\n<p style=\"margin-bottom: 10px;font-style: normal;font-weight: 400;font-family: Poppins, sans-serif;font-size: 14px\">Chaque \u00e9chantillon mesure environ 18cm, de v\u00e9ritable produit.<\/p>\n<p style=\"font-style: normal;font-weight: 400;font-family: Poppins, sans-serif;font-size: 14px\"><span style=\"font-style: normal;font-weight: 400;font-family: Poppins, sans-serif;font-size: 14px\">Un forfait de 15\u20ac de livraison sera appliqu\u00e9 par tranche de 5 \u00e9chantillons.<\/span><\/p>\n<p><a class=\"btn btn-default\" href=\"https:\/\/meister.esignserver3.com\/gallery.do\" target=\"_blank\" rel=\"noopener\">AVEC UNE PHOTO DE CHEZ VOUS, TESTEZ-LE DANS VOTRE INT\u00c9RIEUR<\/a><\/p>\n<\/div>\n<\/div>\n<div class=\"pb-right-column col-xs-12 col-sm-12 col-md-7\">\n<div class=\"box-info-product\">\n<div class=\"product_attributes clearfix\">\n<p id=\"quantity_wanted_p\">\n<\/div>\n<\/div>\n<\/div>\n","protected":false},"featured_media":1000000156691,"template":"","meta":[],"product_brand":[4512],"product_cat":[91],"product_tag":[],"class_list":{"0":"post-7581","1":"product","2":"type-product","3":"status-publish","4":"has-post-thumbnail","6":"product_brand-meister-echantillon","7":"product_cat-plinthes-et-accessoires","8":"product_shipping_class-echantillion-meister","10":"first","11":"instock","12":"taxable","13":"shipping-taxable","14":"purchasable","15":"product-type-variable"},"yoast_head":"<!-- This site is optimized with the Yoast SEO plugin v27.5 - https:\/\/yoast.com\/product\/yoast-seo-wordpress\/ -->\n<title>\u00c9chantillon MEISTER PS500 vernis mat<\/title>\n<meta name=\"description\" content=\"Commandez d\u00e8s aujourd&#039;hui vos Choix de parquets... Chaque \u00e9chantillon mesure environ 18cm, de v\u00e9ritable produit. Un forfait de 15\u20ac de livraison sera appliqu\u00e9 par tranche de 5 \u00e9chantillons. AVEC UNE PHOTO DE CHEZ VOUS, TESTEZ-LE DANS VOTRE INT\u00c9RIEUR\" \/>\n<meta name=\"robots\" content=\"noindex, follow\" \/>\n<meta property=\"og:locale\" content=\"fr_FR\" \/>\n<meta property=\"og:type\" content=\"article\" \/>\n<meta property=\"og:title\" content=\"\u00c9chantillon MEISTER PS500 vernis mat\" \/>\n<meta property=\"og:description\" content=\"Commandez d\u00e8s aujourd&#039;hui vos Choix de parquets... Chaque \u00e9chantillon mesure environ 18cm, de v\u00e9ritable produit. Un forfait de 15\u20ac de livraison sera appliqu\u00e9 par tranche de 5 \u00e9chantillons. AVEC UNE PHOTO DE CHEZ VOUS, TESTEZ-LE DANS VOTRE INT\u00c9RIEUR\" \/>\n<meta property=\"og:url\" content=\"https:\/\/nature-et-developpement.com\/mndl\/produit\/echantillon-meister-ps-500-vernis-mat\/\" \/>\n<meta property=\"og:site_name\" content=\"Mat\u00e9riaux Naturels de Lorraine\" \/>\n<meta property=\"article:modified_time\" content=\"2025-06-13T07:41:01+00:00\" \/>\n<meta name=\"twitter:card\" content=\"summary_large_image\" \/>\n<meta name=\"twitter:label1\" content=\"Dur\u00e9e de lecture estim\u00e9e\" \/>\n\t<meta name=\"twitter:data1\" content=\"2 minutes\" \/>\n<script type=\"application\/ld+json\" class=\"yoast-schema-graph\">{\"@context\":\"https:\\\/\\\/schema.org\",\"@graph\":[{\"@type\":\"WebPage\",\"@id\":\"https:\\\/\\\/nature-et-developpement.com\\\/mndl\\\/produit\\\/echantillon-meister-ps-500-vernis-mat\\\/\",\"url\":\"https:\\\/\\\/nature-et-developpement.com\\\/mndl\\\/produit\\\/echantillon-meister-ps-500-vernis-mat\\\/\",\"name\":\"\u00c9chantillon MEISTER PS500 vernis mat\",\"isPartOf\":{\"@id\":\"https:\\\/\\\/nature-et-developpement.com\\\/mndl\\\/#website\"},\"primaryImageOfPage\":{\"@id\":\"https:\\\/\\\/nature-et-developpement.com\\\/mndl\\\/produit\\\/echantillon-meister-ps-500-vernis-mat\\\/#primaryimage\"},\"image\":{\"@id\":\"https:\\\/\\\/nature-et-developpement.com\\\/mndl\\\/produit\\\/echantillon-meister-ps-500-vernis-mat\\\/#primaryimage\"},\"thumbnailUrl\":\"https:\\\/\\\/nature-et-developpement.com\\\/mndl\\\/wp-content\\\/uploads\\\/8044-Parquet-PS500-vernis-mat-MEISTER-perspective-1.jpg\",\"datePublished\":\"2020-06-16T15:10:24+00:00\",\"dateModified\":\"2025-06-13T07:41:01+00:00\",\"description\":\"Commandez d\u00e8s aujourd'hui vos Choix de parquets... Chaque \u00e9chantillon mesure environ 18cm, de v\u00e9ritable produit. Un forfait de 15\u20ac de livraison sera appliqu\u00e9 par tranche de 5 \u00e9chantillons. AVEC UNE PHOTO DE CHEZ VOUS, TESTEZ-LE DANS VOTRE INT\u00c9RIEUR\",\"breadcrumb\":{\"@id\":\"https:\\\/\\\/nature-et-developpement.com\\\/mndl\\\/produit\\\/echantillon-meister-ps-500-vernis-mat\\\/#breadcrumb\"},\"inLanguage\":\"fr-FR\",\"potentialAction\":[{\"@type\":\"ReadAction\",\"target\":[\"https:\\\/\\\/nature-et-developpement.com\\\/mndl\\\/produit\\\/echantillon-meister-ps-500-vernis-mat\\\/\"]}]},{\"@type\":\"ImageObject\",\"inLanguage\":\"fr-FR\",\"@id\":\"https:\\\/\\\/nature-et-developpement.com\\\/mndl\\\/produit\\\/echantillon-meister-ps-500-vernis-mat\\\/#primaryimage\",\"url\":\"https:\\\/\\\/nature-et-developpement.com\\\/mndl\\\/wp-content\\\/uploads\\\/8044-Parquet-PS500-vernis-mat-MEISTER-perspective-1.jpg\",\"contentUrl\":\"https:\\\/\\\/nature-et-developpement.com\\\/mndl\\\/wp-content\\\/uploads\\\/8044-Parquet-PS500-vernis-mat-MEISTER-perspective-1.jpg\"},{\"@type\":\"BreadcrumbList\",\"@id\":\"https:\\\/\\\/nature-et-developpement.com\\\/mndl\\\/produit\\\/echantillon-meister-ps-500-vernis-mat\\\/#breadcrumb\",\"itemListElement\":[{\"@type\":\"ListItem\",\"position\":1,\"name\":\"Accueil\",\"item\":\"https:\\\/\\\/nature-et-developpement.com\\\/mndl\\\/\"},{\"@type\":\"ListItem\",\"position\":2,\"name\":\"Produits\",\"item\":\"https:\\\/\\\/nature-et-developpement.com\\\/mndl\\\/shop\\\/\"},{\"@type\":\"ListItem\",\"position\":3,\"name\":\"Parquets bois, stratifi\u00e9s et li\u00e8ge\",\"item\":\"https:\\\/\\\/nature-et-developpement.com\\\/mndl\\\/produits\\\/parquet-et-sol-naturels\\\/\"},{\"@type\":\"ListItem\",\"position\":4,\"name\":\"Plinthes et accessoires\",\"item\":\"https:\\\/\\\/nature-et-developpement.com\\\/mndl\\\/produits\\\/parquet-et-sol-naturels\\\/plinthes-et-accessoires\\\/\"},{\"@type\":\"ListItem\",\"position\":5,\"name\":\"\u00c9chantillon MEISTER PS500 vernis mat\"}]},{\"@type\":\"WebSite\",\"@id\":\"https:\\\/\\\/nature-et-developpement.com\\\/mndl\\\/#website\",\"url\":\"https:\\\/\\\/nature-et-developpement.com\\\/mndl\\\/\",\"name\":\"Mat\u00e9riaux Naturels de Lorraine\",\"description\":\"Mat\u00e9riaux Naturels de Lorraine est membre du groupement Nature &amp; D\u00e9veloppement\",\"publisher\":{\"@id\":\"https:\\\/\\\/nature-et-developpement.com\\\/mndl\\\/#organization\"},\"potentialAction\":[{\"@type\":\"SearchAction\",\"target\":{\"@type\":\"EntryPoint\",\"urlTemplate\":\"https:\\\/\\\/nature-et-developpement.com\\\/mndl\\\/?s={search_term_string}\"},\"query-input\":{\"@type\":\"PropertyValueSpecification\",\"valueRequired\":true,\"valueName\":\"search_term_string\"}}],\"inLanguage\":\"fr-FR\"},{\"@type\":\"Organization\",\"@id\":\"https:\\\/\\\/nature-et-developpement.com\\\/mndl\\\/#organization\",\"name\":\"Mat\u00e9riaux Naturels de Lorraine\",\"url\":\"https:\\\/\\\/nature-et-developpement.com\\\/mndl\\\/\",\"logo\":{\"@type\":\"ImageObject\",\"inLanguage\":\"fr-FR\",\"@id\":\"https:\\\/\\\/nature-et-developpement.com\\\/mndl\\\/#\\\/schema\\\/logo\\\/image\\\/\",\"url\":\"https:\\\/\\\/nature-et-developpement.com\\\/mndl\\\/wp-content\\\/uploads\\\/sites\\\/7\\\/2021\\\/09\\\/logo-materiaux-naturels-de-lorraine.png\",\"contentUrl\":\"https:\\\/\\\/nature-et-developpement.com\\\/mndl\\\/wp-content\\\/uploads\\\/sites\\\/7\\\/2021\\\/09\\\/logo-materiaux-naturels-de-lorraine.png\",\"width\":1924,\"height\":1668,\"caption\":\"Mat\u00e9riaux Naturels de Lorraine\"},\"image\":{\"@id\":\"https:\\\/\\\/nature-et-developpement.com\\\/mndl\\\/#\\\/schema\\\/logo\\\/image\\\/\"}}]}<\/script>\n<!-- \/ Yoast SEO plugin. -->","yoast_head_json":{"title":"\u00c9chantillon MEISTER PS500 vernis mat","description":"Commandez d\u00e8s aujourd'hui vos Choix de parquets... Chaque \u00e9chantillon mesure environ 18cm, de v\u00e9ritable produit. Un forfait de 15\u20ac de livraison sera appliqu\u00e9 par tranche de 5 \u00e9chantillons. AVEC UNE PHOTO DE CHEZ VOUS, TESTEZ-LE DANS VOTRE INT\u00c9RIEUR","robots":{"index":"noindex","follow":"follow"},"og_locale":"fr_FR","og_type":"article","og_title":"\u00c9chantillon MEISTER PS500 vernis mat","og_description":"Commandez d\u00e8s aujourd'hui vos Choix de parquets... Chaque \u00e9chantillon mesure environ 18cm, de v\u00e9ritable produit. Un forfait de 15\u20ac de livraison sera appliqu\u00e9 par tranche de 5 \u00e9chantillons. AVEC UNE PHOTO DE CHEZ VOUS, TESTEZ-LE DANS VOTRE INT\u00c9RIEUR","og_url":"https:\/\/nature-et-developpement.com\/mndl\/produit\/echantillon-meister-ps-500-vernis-mat\/","og_site_name":"Mat\u00e9riaux Naturels de Lorraine","article_modified_time":"2025-06-13T07:41:01+00:00","twitter_card":"summary_large_image","twitter_misc":{"Dur\u00e9e de lecture estim\u00e9e":"2 minutes"},"schema":{"@context":"https:\/\/schema.org","@graph":[{"@type":"WebPage","@id":"https:\/\/nature-et-developpement.com\/mndl\/produit\/echantillon-meister-ps-500-vernis-mat\/","url":"https:\/\/nature-et-developpement.com\/mndl\/produit\/echantillon-meister-ps-500-vernis-mat\/","name":"\u00c9chantillon MEISTER PS500 vernis mat","isPartOf":{"@id":"https:\/\/nature-et-developpement.com\/mndl\/#website"},"primaryImageOfPage":{"@id":"https:\/\/nature-et-developpement.com\/mndl\/produit\/echantillon-meister-ps-500-vernis-mat\/#primaryimage"},"image":{"@id":"https:\/\/nature-et-developpement.com\/mndl\/produit\/echantillon-meister-ps-500-vernis-mat\/#primaryimage"},"thumbnailUrl":"https:\/\/nature-et-developpement.com\/mndl\/wp-content\/uploads\/8044-Parquet-PS500-vernis-mat-MEISTER-perspective-1.jpg","datePublished":"2020-06-16T15:10:24+00:00","dateModified":"2025-06-13T07:41:01+00:00","description":"Commandez d\u00e8s aujourd'hui vos Choix de parquets... Chaque \u00e9chantillon mesure environ 18cm, de v\u00e9ritable produit. Un forfait de 15\u20ac de livraison sera appliqu\u00e9 par tranche de 5 \u00e9chantillons. AVEC UNE PHOTO DE CHEZ VOUS, TESTEZ-LE DANS VOTRE INT\u00c9RIEUR","breadcrumb":{"@id":"https:\/\/nature-et-developpement.com\/mndl\/produit\/echantillon-meister-ps-500-vernis-mat\/#breadcrumb"},"inLanguage":"fr-FR","potentialAction":[{"@type":"ReadAction","target":["https:\/\/nature-et-developpement.com\/mndl\/produit\/echantillon-meister-ps-500-vernis-mat\/"]}]},{"@type":"ImageObject","inLanguage":"fr-FR","@id":"https:\/\/nature-et-developpement.com\/mndl\/produit\/echantillon-meister-ps-500-vernis-mat\/#primaryimage","url":"https:\/\/nature-et-developpement.com\/mndl\/wp-content\/uploads\/8044-Parquet-PS500-vernis-mat-MEISTER-perspective-1.jpg","contentUrl":"https:\/\/nature-et-developpement.com\/mndl\/wp-content\/uploads\/8044-Parquet-PS500-vernis-mat-MEISTER-perspective-1.jpg"},{"@type":"BreadcrumbList","@id":"https:\/\/nature-et-developpement.com\/mndl\/produit\/echantillon-meister-ps-500-vernis-mat\/#breadcrumb","itemListElement":[{"@type":"ListItem","position":1,"name":"Accueil","item":"https:\/\/nature-et-developpement.com\/mndl\/"},{"@type":"ListItem","position":2,"name":"Produits","item":"https:\/\/nature-et-developpement.com\/mndl\/shop\/"},{"@type":"ListItem","position":3,"name":"Parquets bois, stratifi\u00e9s et li\u00e8ge","item":"https:\/\/nature-et-developpement.com\/mndl\/produits\/parquet-et-sol-naturels\/"},{"@type":"ListItem","position":4,"name":"Plinthes et accessoires","item":"https:\/\/nature-et-developpement.com\/mndl\/produits\/parquet-et-sol-naturels\/plinthes-et-accessoires\/"},{"@type":"ListItem","position":5,"name":"\u00c9chantillon MEISTER PS500 vernis mat"}]},{"@type":"WebSite","@id":"https:\/\/nature-et-developpement.com\/mndl\/#website","url":"https:\/\/nature-et-developpement.com\/mndl\/","name":"Mat\u00e9riaux Naturels de Lorraine","description":"Mat\u00e9riaux Naturels de Lorraine est membre du groupement Nature &amp; D\u00e9veloppement","publisher":{"@id":"https:\/\/nature-et-developpement.com\/mndl\/#organization"},"potentialAction":[{"@type":"SearchAction","target":{"@type":"EntryPoint","urlTemplate":"https:\/\/nature-et-developpement.com\/mndl\/?s={search_term_string}"},"query-input":{"@type":"PropertyValueSpecification","valueRequired":true,"valueName":"search_term_string"}}],"inLanguage":"fr-FR"},{"@type":"Organization","@id":"https:\/\/nature-et-developpement.com\/mndl\/#organization","name":"Mat\u00e9riaux Naturels de Lorraine","url":"https:\/\/nature-et-developpement.com\/mndl\/","logo":{"@type":"ImageObject","inLanguage":"fr-FR","@id":"https:\/\/nature-et-developpement.com\/mndl\/#\/schema\/logo\/image\/","url":"https:\/\/nature-et-developpement.com\/mndl\/wp-content\/uploads\/sites\/7\/2021\/09\/logo-materiaux-naturels-de-lorraine.png","contentUrl":"https:\/\/nature-et-developpement.com\/mndl\/wp-content\/uploads\/sites\/7\/2021\/09\/logo-materiaux-naturels-de-lorraine.png","width":1924,"height":1668,"caption":"Mat\u00e9riaux Naturels de Lorraine"},"image":{"@id":"https:\/\/nature-et-developpement.com\/mndl\/#\/schema\/logo\/image\/"}}]}},"distributor_meta":false,"distributor_terms":false,"distributor_media":false,"distributor_original_site_name":"Mat\u00e9riaux Naturels de Lorraine","distributor_original_site_url":"https:\/\/nature-et-developpement.com\/mndl","push-errors":false,"_links":{"self":[{"href":"https:\/\/nature-et-developpement.com\/mndl\/wp-json\/wp\/v2\/product\/7581","targetHints":{"allow":["GET"]}}],"collection":[{"href":"https:\/\/nature-et-developpement.com\/mndl\/wp-json\/wp\/v2\/product"}],"about":[{"href":"https:\/\/nature-et-developpement.com\/mndl\/wp-json\/wp\/v2\/types\/product"}],"wp:featuredmedia":[{"embeddable":true,"href":"https:\/\/nature-et-developpement.com\/mndl\/wp-json\/"}],"wp:attachment":[{"href":"https:\/\/nature-et-developpement.com\/mndl\/wp-json\/wp\/v2\/media?parent=7581"}],"wp:term":[{"taxonomy":"product_brand","embeddable":true,"href":"https:\/\/nature-et-developpement.com\/mndl\/wp-json\/wp\/v2\/product_brand?post=7581"},{"taxonomy":"product_cat","embeddable":true,"href":"https:\/\/nature-et-developpement.com\/mndl\/wp-json\/wp\/v2\/product_cat?post=7581"},{"taxonomy":"product_tag","embeddable":true,"href":"https:\/\/nature-et-developpement.com\/mndl\/wp-json\/wp\/v2\/product_tag?post=7581"}],"curies":[{"name":"wp","href":"https:\/\/api.w.org\/{rel}","templated":true}]}}