{"id":8559,"date":"2020-05-15T16:07:13","date_gmt":"2020-05-15T14:07:13","guid":{"rendered":"https:\/\/nature-et-developpement.com\/mndl\/produit\/sous-couche-phonique-meister-silence-compact\/"},"modified":"2026-03-26T19:45:17","modified_gmt":"2026-03-26T18:45:17","slug":"sous-couche-phonique-meister-silence-compact","status":"publish","type":"product","link":"https:\/\/nature-et-developpement.com\/mndl\/produit\/sous-couche-phonique-meister-silence-compact\/","title":{"rendered":"Sous-couche phonique MEISTER-Silence Compact"},"content":{"rendered":"<p>Epaisseur d\u2018environ 1,5mm, compos\u00e9 d\u2018un m\u00e9lange de min\u00e9raux et de polyur\u00e9thane<br \/>\nPour MeisterDesign. life\u00ae et des sols ( massifs ) design, rigides et de vinyle \u00e0 pose flottante, particuli\u00e8rement avec syst\u00e8me d\u2018assemblage pliable ( \u00ab fold-down \u00bb ).<br \/>\nStabilit\u00e9 de pression (valeur r\u00e9sistance en compression) : env. 450kPa<br \/>\nR\u00e9duction du bruit de pas : jusqu\u2018\u00e0 18 dB<\/p>\n","protected":false},"excerpt":{"rendered":"<p>Epaisseur d\u2018environ 1,5 mm, compos\u00e9 d\u2018un m\u00e9lange de min\u00e9raux et de polyur\u00e9thane<br \/>\nPour des sols (massifs) design, rigides et de vinyle \u00e0 pose flottante, particuli\u00e8rement avec syst\u00e8me d\u2018assemblage pliable (\u00abfold-down\u00bb).<br \/>\nStabilit\u00e9 de pression (valeur r\u00e9sistance en compression) : env. 450 kPa<br \/>\nR\u00e9duction du bruit de pas : jusqu\u2018\u00e0 18 dB<\/p>\n","protected":false},"featured_media":1000000153031,"template":"","meta":[],"product_brand":[4511],"product_cat":[91,18],"product_tag":[],"class_list":{"0":"post-8559","1":"product","2":"type-product","3":"status-publish","4":"has-post-thumbnail","6":"product_brand-meister-accessoire","7":"product_cat-plinthes-et-accessoires","8":"product_cat-sous-couche-parquet","9":"product_shipping_class-petit-equipement-outil-eclairage","11":"first","12":"instock","13":"taxable","14":"shipping-taxable","15":"purchasable","16":"product-type-variable"},"yoast_head":"<!-- This site is optimized with the Yoast SEO plugin v27.5 - https:\/\/yoast.com\/product\/yoast-seo-wordpress\/ -->\n<title>Sous-couche phonique MEISTER-Silence Compact<\/title>\n<meta name=\"description\" content=\"Epaisseur d\u2018environ 1,5 mm, compos\u00e9 d\u2018un m\u00e9lange de min\u00e9raux et de polyur\u00e9thane Pour des sols (massifs) design, rigides et de vinyle \u00e0 pose flottante, particuli\u00e8rement avec syst\u00e8me d\u2018assemblage pliable (\u00abfold-down\u00bb). Stabilit\u00e9 de pression (valeur r\u00e9sistance en compression) : env. 450 kPa R\u00e9duction du bruit de pas : jusqu\u2018\u00e0 18 dB\" \/>\n<meta name=\"robots\" content=\"noindex, nofollow\" \/>\n<meta property=\"og:locale\" content=\"fr_FR\" \/>\n<meta property=\"og:type\" content=\"article\" \/>\n<meta property=\"og:title\" content=\"Sous-couche phonique MEISTER-Silence Compact\" \/>\n<meta property=\"og:description\" content=\"Epaisseur d\u2018environ 1,5 mm, compos\u00e9 d\u2018un m\u00e9lange de min\u00e9raux et de polyur\u00e9thane Pour des sols (massifs) design, rigides et de vinyle \u00e0 pose flottante, particuli\u00e8rement avec syst\u00e8me d\u2018assemblage pliable (\u00abfold-down\u00bb). Stabilit\u00e9 de pression (valeur r\u00e9sistance en compression) : env. 450 kPa R\u00e9duction du bruit de pas : jusqu\u2018\u00e0 18 dB\" \/>\n<meta property=\"og:url\" content=\"https:\/\/nature-et-developpement.com\/mndl\/produit\/sous-couche-phonique-meister-silence-compact\/\" \/>\n<meta property=\"og:site_name\" content=\"Mat\u00e9riaux Naturels de Lorraine\" \/>\n<meta property=\"article:modified_time\" content=\"2026-03-26T18:45:17+00:00\" \/>\n<meta name=\"twitter:card\" content=\"summary_large_image\" \/>\n<meta name=\"twitter:label1\" content=\"Dur\u00e9e de lecture estim\u00e9e\" \/>\n\t<meta name=\"twitter:data1\" content=\"1 minute\" \/>\n<script type=\"application\/ld+json\" class=\"yoast-schema-graph\">{\"@context\":\"https:\\\/\\\/schema.org\",\"@graph\":[{\"@type\":\"WebPage\",\"@id\":\"https:\\\/\\\/nature-et-developpement.com\\\/mndl\\\/produit\\\/sous-couche-phonique-meister-silence-compact\\\/\",\"url\":\"https:\\\/\\\/nature-et-developpement.com\\\/mndl\\\/produit\\\/sous-couche-phonique-meister-silence-compact\\\/\",\"name\":\"Sous-couche phonique MEISTER-Silence Compact\",\"isPartOf\":{\"@id\":\"https:\\\/\\\/nature-et-developpement.com\\\/mndl\\\/#website\"},\"primaryImageOfPage\":{\"@id\":\"https:\\\/\\\/nature-et-developpement.com\\\/mndl\\\/produit\\\/sous-couche-phonique-meister-silence-compact\\\/#primaryimage\"},\"image\":{\"@id\":\"https:\\\/\\\/nature-et-developpement.com\\\/mndl\\\/produit\\\/sous-couche-phonique-meister-silence-compact\\\/#primaryimage\"},\"thumbnailUrl\":\"https:\\\/\\\/nature-et-developpement.com\\\/mndl\\\/wp-content\\\/uploads\\\/visuel-bientot-disponible.jpg\",\"datePublished\":\"2020-05-15T14:07:13+00:00\",\"dateModified\":\"2026-03-26T18:45:17+00:00\",\"description\":\"Epaisseur d\u2018environ 1,5 mm, compos\u00e9 d\u2018un m\u00e9lange de min\u00e9raux et de polyur\u00e9thane Pour des sols (massifs) design, rigides et de vinyle \u00e0 pose flottante, particuli\u00e8rement avec syst\u00e8me d\u2018assemblage pliable (\u00abfold-down\u00bb). Stabilit\u00e9 de pression (valeur r\u00e9sistance en compression) : env. 450 kPa R\u00e9duction du bruit de pas : jusqu\u2018\u00e0 18 dB\",\"breadcrumb\":{\"@id\":\"https:\\\/\\\/nature-et-developpement.com\\\/mndl\\\/produit\\\/sous-couche-phonique-meister-silence-compact\\\/#breadcrumb\"},\"inLanguage\":\"fr-FR\",\"potentialAction\":[{\"@type\":\"ReadAction\",\"target\":[\"https:\\\/\\\/nature-et-developpement.com\\\/mndl\\\/produit\\\/sous-couche-phonique-meister-silence-compact\\\/\"]}]},{\"@type\":\"ImageObject\",\"inLanguage\":\"fr-FR\",\"@id\":\"https:\\\/\\\/nature-et-developpement.com\\\/mndl\\\/produit\\\/sous-couche-phonique-meister-silence-compact\\\/#primaryimage\",\"url\":\"https:\\\/\\\/nature-et-developpement.com\\\/mndl\\\/wp-content\\\/uploads\\\/visuel-bientot-disponible.jpg\",\"contentUrl\":\"https:\\\/\\\/nature-et-developpement.com\\\/mndl\\\/wp-content\\\/uploads\\\/visuel-bientot-disponible.jpg\"},{\"@type\":\"BreadcrumbList\",\"@id\":\"https:\\\/\\\/nature-et-developpement.com\\\/mndl\\\/produit\\\/sous-couche-phonique-meister-silence-compact\\\/#breadcrumb\",\"itemListElement\":[{\"@type\":\"ListItem\",\"position\":1,\"name\":\"Accueil\",\"item\":\"https:\\\/\\\/nature-et-developpement.com\\\/mndl\\\/\"},{\"@type\":\"ListItem\",\"position\":2,\"name\":\"Produits\",\"item\":\"https:\\\/\\\/nature-et-developpement.com\\\/mndl\\\/shop\\\/\"},{\"@type\":\"ListItem\",\"position\":3,\"name\":\"Parquets bois, stratifi\u00e9s et li\u00e8ge\",\"item\":\"https:\\\/\\\/nature-et-developpement.com\\\/mndl\\\/produits\\\/parquet-et-sol-naturels\\\/\"},{\"@type\":\"ListItem\",\"position\":4,\"name\":\"Sous-couche pour parquet\",\"item\":\"https:\\\/\\\/nature-et-developpement.com\\\/mndl\\\/produits\\\/parquet-et-sol-naturels\\\/sous-couche-parquet\\\/\"},{\"@type\":\"ListItem\",\"position\":5,\"name\":\"Sous-couche phonique MEISTER-Silence Compact\"}]},{\"@type\":\"WebSite\",\"@id\":\"https:\\\/\\\/nature-et-developpement.com\\\/mndl\\\/#website\",\"url\":\"https:\\\/\\\/nature-et-developpement.com\\\/mndl\\\/\",\"name\":\"Mat\u00e9riaux Naturels de Lorraine\",\"description\":\"Mat\u00e9riaux Naturels de Lorraine est membre du groupement Nature &amp; D\u00e9veloppement\",\"publisher\":{\"@id\":\"https:\\\/\\\/nature-et-developpement.com\\\/mndl\\\/#organization\"},\"potentialAction\":[{\"@type\":\"SearchAction\",\"target\":{\"@type\":\"EntryPoint\",\"urlTemplate\":\"https:\\\/\\\/nature-et-developpement.com\\\/mndl\\\/?s={search_term_string}\"},\"query-input\":{\"@type\":\"PropertyValueSpecification\",\"valueRequired\":true,\"valueName\":\"search_term_string\"}}],\"inLanguage\":\"fr-FR\"},{\"@type\":\"Organization\",\"@id\":\"https:\\\/\\\/nature-et-developpement.com\\\/mndl\\\/#organization\",\"name\":\"Mat\u00e9riaux Naturels de Lorraine\",\"url\":\"https:\\\/\\\/nature-et-developpement.com\\\/mndl\\\/\",\"logo\":{\"@type\":\"ImageObject\",\"inLanguage\":\"fr-FR\",\"@id\":\"https:\\\/\\\/nature-et-developpement.com\\\/mndl\\\/#\\\/schema\\\/logo\\\/image\\\/\",\"url\":\"https:\\\/\\\/nature-et-developpement.com\\\/mndl\\\/wp-content\\\/uploads\\\/sites\\\/7\\\/2021\\\/09\\\/logo-materiaux-naturels-de-lorraine.png\",\"contentUrl\":\"https:\\\/\\\/nature-et-developpement.com\\\/mndl\\\/wp-content\\\/uploads\\\/sites\\\/7\\\/2021\\\/09\\\/logo-materiaux-naturels-de-lorraine.png\",\"width\":1924,\"height\":1668,\"caption\":\"Mat\u00e9riaux Naturels de Lorraine\"},\"image\":{\"@id\":\"https:\\\/\\\/nature-et-developpement.com\\\/mndl\\\/#\\\/schema\\\/logo\\\/image\\\/\"}}]}<\/script>\n<!-- \/ Yoast SEO plugin. -->","yoast_head_json":{"title":"Sous-couche phonique MEISTER-Silence Compact","description":"Epaisseur d\u2018environ 1,5 mm, compos\u00e9 d\u2018un m\u00e9lange de min\u00e9raux et de polyur\u00e9thane Pour des sols (massifs) design, rigides et de vinyle \u00e0 pose flottante, particuli\u00e8rement avec syst\u00e8me d\u2018assemblage pliable (\u00abfold-down\u00bb). Stabilit\u00e9 de pression (valeur r\u00e9sistance en compression) : env. 450 kPa R\u00e9duction du bruit de pas : jusqu\u2018\u00e0 18 dB","robots":{"index":"noindex","follow":"nofollow"},"og_locale":"fr_FR","og_type":"article","og_title":"Sous-couche phonique MEISTER-Silence Compact","og_description":"Epaisseur d\u2018environ 1,5 mm, compos\u00e9 d\u2018un m\u00e9lange de min\u00e9raux et de polyur\u00e9thane Pour des sols (massifs) design, rigides et de vinyle \u00e0 pose flottante, particuli\u00e8rement avec syst\u00e8me d\u2018assemblage pliable (\u00abfold-down\u00bb). Stabilit\u00e9 de pression (valeur r\u00e9sistance en compression) : env. 450 kPa R\u00e9duction du bruit de pas : jusqu\u2018\u00e0 18 dB","og_url":"https:\/\/nature-et-developpement.com\/mndl\/produit\/sous-couche-phonique-meister-silence-compact\/","og_site_name":"Mat\u00e9riaux Naturels de Lorraine","article_modified_time":"2026-03-26T18:45:17+00:00","twitter_card":"summary_large_image","twitter_misc":{"Dur\u00e9e de lecture estim\u00e9e":"1 minute"},"schema":{"@context":"https:\/\/schema.org","@graph":[{"@type":"WebPage","@id":"https:\/\/nature-et-developpement.com\/mndl\/produit\/sous-couche-phonique-meister-silence-compact\/","url":"https:\/\/nature-et-developpement.com\/mndl\/produit\/sous-couche-phonique-meister-silence-compact\/","name":"Sous-couche phonique MEISTER-Silence Compact","isPartOf":{"@id":"https:\/\/nature-et-developpement.com\/mndl\/#website"},"primaryImageOfPage":{"@id":"https:\/\/nature-et-developpement.com\/mndl\/produit\/sous-couche-phonique-meister-silence-compact\/#primaryimage"},"image":{"@id":"https:\/\/nature-et-developpement.com\/mndl\/produit\/sous-couche-phonique-meister-silence-compact\/#primaryimage"},"thumbnailUrl":"https:\/\/nature-et-developpement.com\/mndl\/wp-content\/uploads\/visuel-bientot-disponible.jpg","datePublished":"2020-05-15T14:07:13+00:00","dateModified":"2026-03-26T18:45:17+00:00","description":"Epaisseur d\u2018environ 1,5 mm, compos\u00e9 d\u2018un m\u00e9lange de min\u00e9raux et de polyur\u00e9thane Pour des sols (massifs) design, rigides et de vinyle \u00e0 pose flottante, particuli\u00e8rement avec syst\u00e8me d\u2018assemblage pliable (\u00abfold-down\u00bb). Stabilit\u00e9 de pression (valeur r\u00e9sistance en compression) : env. 450 kPa R\u00e9duction du bruit de pas : jusqu\u2018\u00e0 18 dB","breadcrumb":{"@id":"https:\/\/nature-et-developpement.com\/mndl\/produit\/sous-couche-phonique-meister-silence-compact\/#breadcrumb"},"inLanguage":"fr-FR","potentialAction":[{"@type":"ReadAction","target":["https:\/\/nature-et-developpement.com\/mndl\/produit\/sous-couche-phonique-meister-silence-compact\/"]}]},{"@type":"ImageObject","inLanguage":"fr-FR","@id":"https:\/\/nature-et-developpement.com\/mndl\/produit\/sous-couche-phonique-meister-silence-compact\/#primaryimage","url":"https:\/\/nature-et-developpement.com\/mndl\/wp-content\/uploads\/visuel-bientot-disponible.jpg","contentUrl":"https:\/\/nature-et-developpement.com\/mndl\/wp-content\/uploads\/visuel-bientot-disponible.jpg"},{"@type":"BreadcrumbList","@id":"https:\/\/nature-et-developpement.com\/mndl\/produit\/sous-couche-phonique-meister-silence-compact\/#breadcrumb","itemListElement":[{"@type":"ListItem","position":1,"name":"Accueil","item":"https:\/\/nature-et-developpement.com\/mndl\/"},{"@type":"ListItem","position":2,"name":"Produits","item":"https:\/\/nature-et-developpement.com\/mndl\/shop\/"},{"@type":"ListItem","position":3,"name":"Parquets bois, stratifi\u00e9s et li\u00e8ge","item":"https:\/\/nature-et-developpement.com\/mndl\/produits\/parquet-et-sol-naturels\/"},{"@type":"ListItem","position":4,"name":"Sous-couche pour parquet","item":"https:\/\/nature-et-developpement.com\/mndl\/produits\/parquet-et-sol-naturels\/sous-couche-parquet\/"},{"@type":"ListItem","position":5,"name":"Sous-couche phonique MEISTER-Silence Compact"}]},{"@type":"WebSite","@id":"https:\/\/nature-et-developpement.com\/mndl\/#website","url":"https:\/\/nature-et-developpement.com\/mndl\/","name":"Mat\u00e9riaux Naturels de Lorraine","description":"Mat\u00e9riaux Naturels de Lorraine est membre du groupement Nature &amp; D\u00e9veloppement","publisher":{"@id":"https:\/\/nature-et-developpement.com\/mndl\/#organization"},"potentialAction":[{"@type":"SearchAction","target":{"@type":"EntryPoint","urlTemplate":"https:\/\/nature-et-developpement.com\/mndl\/?s={search_term_string}"},"query-input":{"@type":"PropertyValueSpecification","valueRequired":true,"valueName":"search_term_string"}}],"inLanguage":"fr-FR"},{"@type":"Organization","@id":"https:\/\/nature-et-developpement.com\/mndl\/#organization","name":"Mat\u00e9riaux Naturels de Lorraine","url":"https:\/\/nature-et-developpement.com\/mndl\/","logo":{"@type":"ImageObject","inLanguage":"fr-FR","@id":"https:\/\/nature-et-developpement.com\/mndl\/#\/schema\/logo\/image\/","url":"https:\/\/nature-et-developpement.com\/mndl\/wp-content\/uploads\/sites\/7\/2021\/09\/logo-materiaux-naturels-de-lorraine.png","contentUrl":"https:\/\/nature-et-developpement.com\/mndl\/wp-content\/uploads\/sites\/7\/2021\/09\/logo-materiaux-naturels-de-lorraine.png","width":1924,"height":1668,"caption":"Mat\u00e9riaux Naturels de Lorraine"},"image":{"@id":"https:\/\/nature-et-developpement.com\/mndl\/#\/schema\/logo\/image\/"}}]}},"distributor_meta":false,"distributor_terms":false,"distributor_media":false,"distributor_original_site_name":"Mat\u00e9riaux Naturels de Lorraine","distributor_original_site_url":"https:\/\/nature-et-developpement.com\/mndl","push-errors":false,"_links":{"self":[{"href":"https:\/\/nature-et-developpement.com\/mndl\/wp-json\/wp\/v2\/product\/8559","targetHints":{"allow":["GET"]}}],"collection":[{"href":"https:\/\/nature-et-developpement.com\/mndl\/wp-json\/wp\/v2\/product"}],"about":[{"href":"https:\/\/nature-et-developpement.com\/mndl\/wp-json\/wp\/v2\/types\/product"}],"wp:featuredmedia":[{"embeddable":true,"href":"https:\/\/nature-et-developpement.com\/mndl\/wp-json\/"}],"wp:attachment":[{"href":"https:\/\/nature-et-developpement.com\/mndl\/wp-json\/wp\/v2\/media?parent=8559"}],"wp:term":[{"taxonomy":"product_brand","embeddable":true,"href":"https:\/\/nature-et-developpement.com\/mndl\/wp-json\/wp\/v2\/product_brand?post=8559"},{"taxonomy":"product_cat","embeddable":true,"href":"https:\/\/nature-et-developpement.com\/mndl\/wp-json\/wp\/v2\/product_cat?post=8559"},{"taxonomy":"product_tag","embeddable":true,"href":"https:\/\/nature-et-developpement.com\/mndl\/wp-json\/wp\/v2\/product_tag?post=8559"}],"curies":[{"name":"wp","href":"https:\/\/api.w.org\/{rel}","templated":true}]}}