{"id":1054,"date":"2024-09-02T00:00:00","date_gmt":"2024-09-01T22:00:00","guid":{"rendered":"https:\/\/nature-et-developpement.com\/ned-perpignan\/produit\/capot-protection-coup-feu\/"},"modified":"2026-02-17T13:36:24","modified_gmt":"2026-02-17T12:36:24","slug":"capot-protection-coup-feu","status":"publish","type":"product","link":"https:\/\/nature-et-developpement.com\/ned-perpignan\/produit\/capot-protection-coup-feu\/","title":{"rendered":"Capot protection coup-feu"},"content":{"rendered":"<h2>Capot Protection de spot encastr\u00e9 sous isolant<\/h2>\n<p>Ces protections de spots r\u00e9sistantes au feu\u00a0permettent d&rsquo;assurer que l&rsquo;isolant ne vienne en\u00a0contact avec les spots chauds.<\/p>\n<p>Ce dispositif \u00e9vite les \u00e9chauffements localis\u00e9s de\u00a0spots et limite ainsi les risques d&rsquo;incendie dans les\u00a0combles.<\/p>\n<p>Les Capots de Spots\u00a0BIOFIB&rsquo;\u00a0ont pass\u00e9 les\u00a0tests d&rsquo;\u00e9chauffement d\u00e9finis par les Normes\u00a0Fran\u00e7aises NF EN 60598.1 et NF EN 60598.2.2,\u00a0ainsi que les tests d&rsquo;inflammabilit\u00e9 (NF EN 60598) et\u00a0de r\u00e9sistance au feu (NF EN 1363-1 et NF EN 1364-2) et assurent une installation s\u00fbre au dessus des\u00a0spots encastr\u00e9s.<\/p>\n<p>Ces protections permettent la mise en place d&rsquo;une\u00a0isolation continue dans les combles, sans le besoin\u00a0de laisser des espaces vides autour des spots en\u00a0am\u00e9liorant ainsi l&rsquo;efficacit\u00e9 de l&rsquo;isolation.<\/p>\n<p>De plus, les Capots de Spots am\u00e9liorent l&rsquo;\u00e9tanch\u00e9it\u00e9\u00a0\u00e0 l&rsquo;air et limitent le passage de vapeur<\/p>\n<p>Les capots de spots sont compatibles avec tout spot de diam\u00e8tre \u00e0 percer en plafond de 50-100mm.<\/p>\n<h3>Dimensions du capot :<\/h3>\n<p>Hauteur interne: 150mm<br \/>\nDiam\u00e8tre int\u00e9rieur: 200mm<br \/>\nEn cas de dimensions de spots plus importantes, des capots plus grands sont disponibles sur commande.<\/p>\n","protected":false},"excerpt":{"rendered":"<p>Les Capots de Spots BIOFIB&rsquo; sont des protections r\u00e9sistantes au feu.<\/p>\n<p>Ils sont indispensables pour les spots encastr\u00e9s lors de l&rsquo;isolation de\u00a0combles.<\/p>\n","protected":false},"featured_media":1000000153837,"template":"","meta":[],"product_brand":[129],"product_cat":[2342,55,78],"product_tag":[2722],"class_list":{"0":"post-1054","1":"product","2":"type-product","3":"status-publish","4":"has-post-thumbnail","6":"product_brand-biofib","7":"product_cat-accessoires-isolation-et-etancheite","8":"product_cat-isolation-et-etancheite","9":"product_cat-promo-et-destockage","10":"product_tag-biofib","11":"product_shipping_class-petit-equipement-outil-eclairage","13":"first","14":"instock","15":"sale","16":"taxable","17":"shipping-taxable","18":"purchasable","19":"product-type-variable"},"yoast_head":"<!-- This site is optimized with the Yoast SEO plugin v27.5 - https:\/\/yoast.com\/product\/yoast-seo-wordpress\/ -->\n<title>Capot protection coup-feu - Nature et D\u00e9veloppement Perpignan<\/title>\n<meta name=\"robots\" content=\"noindex, nofollow\" \/>\n<meta property=\"og:locale\" content=\"fr_FR\" \/>\n<meta property=\"og:type\" content=\"article\" \/>\n<meta property=\"og:title\" content=\"Capot protection coup-feu - Nature et D\u00e9veloppement Perpignan\" \/>\n<meta property=\"og:description\" content=\"Les Capots de Spots BIOFIB&#039; sont des protections r\u00e9sistantes au feu.  Ils sont indispensables pour les spots encastr\u00e9s lors de l&#039;isolation de\u00a0combles.\" \/>\n<meta property=\"og:url\" content=\"https:\/\/nature-et-developpement.com\/ned-perpignan\/produit\/capot-protection-coup-feu\/\" \/>\n<meta property=\"og:site_name\" content=\"Nature et D\u00e9veloppement Perpignan\" \/>\n<meta property=\"article:modified_time\" content=\"2026-02-17T12:36:24+00:00\" \/>\n<meta name=\"twitter:card\" content=\"summary_large_image\" \/>\n<meta name=\"twitter:label1\" content=\"Dur\u00e9e de lecture estim\u00e9e\" \/>\n\t<meta name=\"twitter:data1\" content=\"1 minute\" \/>\n<script type=\"application\/ld+json\" class=\"yoast-schema-graph\">{\"@context\":\"https:\\\/\\\/schema.org\",\"@graph\":[{\"@type\":\"WebPage\",\"@id\":\"https:\\\/\\\/nature-et-developpement.com\\\/ned-perpignan\\\/produit\\\/capot-protection-coup-feu\\\/\",\"url\":\"https:\\\/\\\/nature-et-developpement.com\\\/ned-perpignan\\\/produit\\\/capot-protection-coup-feu\\\/\",\"name\":\"Capot protection coup-feu - Nature et D\u00e9veloppement Perpignan\",\"isPartOf\":{\"@id\":\"https:\\\/\\\/nature-et-developpement.com\\\/ned-perpignan\\\/#website\"},\"primaryImageOfPage\":{\"@id\":\"https:\\\/\\\/nature-et-developpement.com\\\/ned-perpignan\\\/produit\\\/capot-protection-coup-feu\\\/#primaryimage\"},\"image\":{\"@id\":\"https:\\\/\\\/nature-et-developpement.com\\\/ned-perpignan\\\/produit\\\/capot-protection-coup-feu\\\/#primaryimage\"},\"thumbnailUrl\":\"https:\\\/\\\/nature-et-developpement.com\\\/ned-perpignan\\\/wp-content\\\/uploads\\\/Capot-de-spot-encastre-pour-isolant-en-vrac.jpg\",\"datePublished\":\"2024-09-01T22:00:00+00:00\",\"dateModified\":\"2026-02-17T12:36:24+00:00\",\"breadcrumb\":{\"@id\":\"https:\\\/\\\/nature-et-developpement.com\\\/ned-perpignan\\\/produit\\\/capot-protection-coup-feu\\\/#breadcrumb\"},\"inLanguage\":\"fr-FR\",\"potentialAction\":[{\"@type\":\"ReadAction\",\"target\":[\"https:\\\/\\\/nature-et-developpement.com\\\/ned-perpignan\\\/produit\\\/capot-protection-coup-feu\\\/\"]}]},{\"@type\":\"ImageObject\",\"inLanguage\":\"fr-FR\",\"@id\":\"https:\\\/\\\/nature-et-developpement.com\\\/ned-perpignan\\\/produit\\\/capot-protection-coup-feu\\\/#primaryimage\",\"url\":\"https:\\\/\\\/nature-et-developpement.com\\\/ned-perpignan\\\/wp-content\\\/uploads\\\/Capot-de-spot-encastre-pour-isolant-en-vrac.jpg\",\"contentUrl\":\"https:\\\/\\\/nature-et-developpement.com\\\/ned-perpignan\\\/wp-content\\\/uploads\\\/Capot-de-spot-encastre-pour-isolant-en-vrac.jpg\"},{\"@type\":\"BreadcrumbList\",\"@id\":\"https:\\\/\\\/nature-et-developpement.com\\\/ned-perpignan\\\/produit\\\/capot-protection-coup-feu\\\/#breadcrumb\",\"itemListElement\":[{\"@type\":\"ListItem\",\"position\":1,\"name\":\"Accueil\",\"item\":\"https:\\\/\\\/nature-et-developpement.com\\\/ned-perpignan\\\/\"},{\"@type\":\"ListItem\",\"position\":2,\"name\":\"Boutique\",\"item\":\"https:\\\/\\\/nature-et-developpement.com\\\/ned-perpignan\\\/boutique\\\/\"},{\"@type\":\"ListItem\",\"position\":3,\"name\":\"Isolation et \u00e9tanch\u00e9it\u00e9\",\"item\":\"https:\\\/\\\/nature-et-developpement.com\\\/ned-perpignan\\\/produits\\\/isolation-et-etancheite\\\/\"},{\"@type\":\"ListItem\",\"position\":4,\"name\":\"Accessoires isolation et \u00e9tanch\u00e9it\u00e9\",\"item\":\"https:\\\/\\\/nature-et-developpement.com\\\/ned-perpignan\\\/produits\\\/isolation-et-etancheite\\\/accessoires-isolation-et-etancheite\\\/\"},{\"@type\":\"ListItem\",\"position\":5,\"name\":\"Capot protection coup-feu\"}]},{\"@type\":\"WebSite\",\"@id\":\"https:\\\/\\\/nature-et-developpement.com\\\/ned-perpignan\\\/#website\",\"url\":\"https:\\\/\\\/nature-et-developpement.com\\\/ned-perpignan\\\/\",\"name\":\"Nature et D\u00e9veloppement Perpignan\",\"description\":\"Solutions, mat\u00e9riaux et d\u00e9coration \u00e9co-responsables pour les pros et les particuliers.\",\"potentialAction\":[{\"@type\":\"SearchAction\",\"target\":{\"@type\":\"EntryPoint\",\"urlTemplate\":\"https:\\\/\\\/nature-et-developpement.com\\\/ned-perpignan\\\/?s={search_term_string}\"},\"query-input\":{\"@type\":\"PropertyValueSpecification\",\"valueRequired\":true,\"valueName\":\"search_term_string\"}}],\"inLanguage\":\"fr-FR\"}]}<\/script>\n<!-- \/ Yoast SEO plugin. -->","yoast_head_json":{"title":"Capot protection coup-feu - Nature et D\u00e9veloppement Perpignan","robots":{"index":"noindex","follow":"nofollow"},"og_locale":"fr_FR","og_type":"article","og_title":"Capot protection coup-feu - Nature et D\u00e9veloppement Perpignan","og_description":"Les Capots de Spots BIOFIB' sont des protections r\u00e9sistantes au feu.  Ils sont indispensables pour les spots encastr\u00e9s lors de l'isolation de\u00a0combles.","og_url":"https:\/\/nature-et-developpement.com\/ned-perpignan\/produit\/capot-protection-coup-feu\/","og_site_name":"Nature et D\u00e9veloppement Perpignan","article_modified_time":"2026-02-17T12:36:24+00:00","twitter_card":"summary_large_image","twitter_misc":{"Dur\u00e9e de lecture estim\u00e9e":"1 minute"},"schema":{"@context":"https:\/\/schema.org","@graph":[{"@type":"WebPage","@id":"https:\/\/nature-et-developpement.com\/ned-perpignan\/produit\/capot-protection-coup-feu\/","url":"https:\/\/nature-et-developpement.com\/ned-perpignan\/produit\/capot-protection-coup-feu\/","name":"Capot protection coup-feu - Nature et D\u00e9veloppement Perpignan","isPartOf":{"@id":"https:\/\/nature-et-developpement.com\/ned-perpignan\/#website"},"primaryImageOfPage":{"@id":"https:\/\/nature-et-developpement.com\/ned-perpignan\/produit\/capot-protection-coup-feu\/#primaryimage"},"image":{"@id":"https:\/\/nature-et-developpement.com\/ned-perpignan\/produit\/capot-protection-coup-feu\/#primaryimage"},"thumbnailUrl":"https:\/\/nature-et-developpement.com\/ned-perpignan\/wp-content\/uploads\/Capot-de-spot-encastre-pour-isolant-en-vrac.jpg","datePublished":"2024-09-01T22:00:00+00:00","dateModified":"2026-02-17T12:36:24+00:00","breadcrumb":{"@id":"https:\/\/nature-et-developpement.com\/ned-perpignan\/produit\/capot-protection-coup-feu\/#breadcrumb"},"inLanguage":"fr-FR","potentialAction":[{"@type":"ReadAction","target":["https:\/\/nature-et-developpement.com\/ned-perpignan\/produit\/capot-protection-coup-feu\/"]}]},{"@type":"ImageObject","inLanguage":"fr-FR","@id":"https:\/\/nature-et-developpement.com\/ned-perpignan\/produit\/capot-protection-coup-feu\/#primaryimage","url":"https:\/\/nature-et-developpement.com\/ned-perpignan\/wp-content\/uploads\/Capot-de-spot-encastre-pour-isolant-en-vrac.jpg","contentUrl":"https:\/\/nature-et-developpement.com\/ned-perpignan\/wp-content\/uploads\/Capot-de-spot-encastre-pour-isolant-en-vrac.jpg"},{"@type":"BreadcrumbList","@id":"https:\/\/nature-et-developpement.com\/ned-perpignan\/produit\/capot-protection-coup-feu\/#breadcrumb","itemListElement":[{"@type":"ListItem","position":1,"name":"Accueil","item":"https:\/\/nature-et-developpement.com\/ned-perpignan\/"},{"@type":"ListItem","position":2,"name":"Boutique","item":"https:\/\/nature-et-developpement.com\/ned-perpignan\/boutique\/"},{"@type":"ListItem","position":3,"name":"Isolation et \u00e9tanch\u00e9it\u00e9","item":"https:\/\/nature-et-developpement.com\/ned-perpignan\/produits\/isolation-et-etancheite\/"},{"@type":"ListItem","position":4,"name":"Accessoires isolation et \u00e9tanch\u00e9it\u00e9","item":"https:\/\/nature-et-developpement.com\/ned-perpignan\/produits\/isolation-et-etancheite\/accessoires-isolation-et-etancheite\/"},{"@type":"ListItem","position":5,"name":"Capot protection coup-feu"}]},{"@type":"WebSite","@id":"https:\/\/nature-et-developpement.com\/ned-perpignan\/#website","url":"https:\/\/nature-et-developpement.com\/ned-perpignan\/","name":"Nature et D\u00e9veloppement Perpignan","description":"Solutions, mat\u00e9riaux et d\u00e9coration \u00e9co-responsables pour les pros et les particuliers.","potentialAction":[{"@type":"SearchAction","target":{"@type":"EntryPoint","urlTemplate":"https:\/\/nature-et-developpement.com\/ned-perpignan\/?s={search_term_string}"},"query-input":{"@type":"PropertyValueSpecification","valueRequired":true,"valueName":"search_term_string"}}],"inLanguage":"fr-FR"}]}},"distributor_meta":false,"distributor_terms":false,"distributor_media":false,"distributor_original_site_name":"Nature et D\u00e9veloppement Perpignan","distributor_original_site_url":"https:\/\/nature-et-developpement.com\/ned-perpignan","push-errors":false,"_links":{"self":[{"href":"https:\/\/nature-et-developpement.com\/ned-perpignan\/wp-json\/wp\/v2\/product\/1054","targetHints":{"allow":["GET"]}}],"collection":[{"href":"https:\/\/nature-et-developpement.com\/ned-perpignan\/wp-json\/wp\/v2\/product"}],"about":[{"href":"https:\/\/nature-et-developpement.com\/ned-perpignan\/wp-json\/wp\/v2\/types\/product"}],"wp:featuredmedia":[{"embeddable":true,"href":"https:\/\/nature-et-developpement.com\/ned-perpignan\/wp-json\/"}],"wp:attachment":[{"href":"https:\/\/nature-et-developpement.com\/ned-perpignan\/wp-json\/wp\/v2\/media?parent=1054"}],"wp:term":[{"taxonomy":"product_brand","embeddable":true,"href":"https:\/\/nature-et-developpement.com\/ned-perpignan\/wp-json\/wp\/v2\/product_brand?post=1054"},{"taxonomy":"product_cat","embeddable":true,"href":"https:\/\/nature-et-developpement.com\/ned-perpignan\/wp-json\/wp\/v2\/product_cat?post=1054"},{"taxonomy":"product_tag","embeddable":true,"href":"https:\/\/nature-et-developpement.com\/ned-perpignan\/wp-json\/wp\/v2\/product_tag?post=1054"}],"curies":[{"name":"wp","href":"https:\/\/api.w.org\/{rel}","templated":true}]}}