{"id":11163,"date":"2025-11-06T10:21:53","date_gmt":"2025-11-06T09:21:53","guid":{"rendered":"https:\/\/nature-et-developpement.com\/ned-perpignan\/produit\/porte-epure-modulo-roziere-lisse-ral-traditionnelle\/"},"modified":"2026-05-14T16:26:25","modified_gmt":"2026-05-14T14:26:25","slug":"porte-epure-modulo-roziere-lisse-ral-traditionnelle","status":"publish","type":"product","link":"https:\/\/nature-et-developpement.com\/ned-perpignan\/produit\/porte-epure-modulo-roziere-lisse-ral-traditionnelle\/","title":{"rendered":"Porte int\u00e9rieure \u00c9PURE Modulo de Rozi\u00e8re Mod\u00e8le lisse couleur RAL pose traditionnelle"},"content":{"rendered":"<p><strong>En option<\/strong>: charni\u00e8res invisibles, serrure magn\u00e9tique<\/p>\n","protected":false},"excerpt":{"rendered":"<p>Robuste avec un parement ch\u00eane massif, un veinage et une finition laqu\u00e9e donneront de la personnalit\u00e9 \u00e0 votre porte aux couleurs de votre int\u00e9rieur<br \/>\nConfort acoustique gr\u00e2ce \u00e0 son \u00e2me pleine<br \/>\nExcellent rapport qualit\u00e9\/prix<\/p>\n<p><em>Disponible en placard ouvrant ou coulissant (sur demande)<\/em><\/p>\n<p><img loading=\"lazy\" decoding=\"async\" class=\"alignnone size-full wp-image-144006\" src=\"https:\/\/nature-et-developpement.com\/wp-content\/uploads\/cms\/ROZIERE\/picto-10ans.jpg\" alt=\"\" width=\"100\" height=\"100\" \/><\/p>\n","protected":false},"featured_media":1000000161123,"template":"","meta":[],"product_brand":[177],"product_cat":[112],"product_tag":[2209],"class_list":{"0":"post-11163","1":"product","2":"type-product","3":"status-publish","4":"has-post-thumbnail","6":"product_brand-roziere","7":"product_cat-escalier-et-porte","8":"product_tag-roziere","10":"first","11":"onbackorder","12":"taxable","13":"shipping-taxable","14":"purchasable","15":"product-type-variable"},"yoast_head":"<!-- This site is optimized with the Yoast SEO plugin v27.6 - https:\/\/yoast.com\/product\/yoast-seo-wordpress\/ -->\n<title>Porte int\u00e9rieure lisse Rozi\u00e8re couleur RAL pose traditionnelle<\/title>\n<meta name=\"robots\" content=\"noindex, nofollow\" \/>\n<meta property=\"og:locale\" content=\"fr_FR\" \/>\n<meta property=\"og:type\" content=\"article\" \/>\n<meta property=\"og:title\" content=\"Porte int\u00e9rieure lisse Rozi\u00e8re couleur RAL pose traditionnelle\" \/>\n<meta property=\"og:description\" content=\"Robuste avec un parement ch\u00eane massif, un veinage et une finition laqu\u00e9e donneront de la personnalit\u00e9 \u00e0 votre porte aux couleurs de votre int\u00e9rieur Confort acoustique gr\u00e2ce \u00e0 son \u00e2me pleine Excellent rapport qualit\u00e9\/prix  Disponible en placard ouvrant ou coulissant (sur demande)\" \/>\n<meta property=\"og:url\" content=\"https:\/\/nature-et-developpement.com\/ned-perpignan\/produit\/porte-epure-modulo-roziere-lisse-ral-traditionnelle\/\" \/>\n<meta property=\"og:site_name\" content=\"Nature et D\u00e9veloppement Perpignan\" \/>\n<meta property=\"article:modified_time\" content=\"2026-05-14T14:26:25+00:00\" \/>\n<meta name=\"twitter:card\" content=\"summary_large_image\" \/>\n<meta name=\"twitter:label1\" content=\"Dur\u00e9e de lecture estim\u00e9e\" \/>\n\t<meta name=\"twitter:data1\" content=\"1 minute\" \/>\n<script type=\"application\/ld+json\" class=\"yoast-schema-graph\">{\"@context\":\"https:\\\/\\\/schema.org\",\"@graph\":[{\"@type\":\"WebPage\",\"@id\":\"https:\\\/\\\/nature-et-developpement.com\\\/ned-perpignan\\\/produit\\\/porte-epure-modulo-roziere-lisse-ral-traditionnelle\\\/\",\"url\":\"https:\\\/\\\/nature-et-developpement.com\\\/ned-perpignan\\\/produit\\\/porte-epure-modulo-roziere-lisse-ral-traditionnelle\\\/\",\"name\":\"Porte int\u00e9rieure lisse Rozi\u00e8re couleur RAL pose traditionnelle\",\"isPartOf\":{\"@id\":\"https:\\\/\\\/nature-et-developpement.com\\\/ned-perpignan\\\/#website\"},\"primaryImageOfPage\":{\"@id\":\"https:\\\/\\\/nature-et-developpement.com\\\/ned-perpignan\\\/produit\\\/porte-epure-modulo-roziere-lisse-ral-traditionnelle\\\/#primaryimage\"},\"image\":{\"@id\":\"https:\\\/\\\/nature-et-developpement.com\\\/ned-perpignan\\\/produit\\\/porte-epure-modulo-roziere-lisse-ral-traditionnelle\\\/#primaryimage\"},\"thumbnailUrl\":\"https:\\\/\\\/nature-et-developpement.com\\\/ned-perpignan\\\/wp-content\\\/uploads\\\/Porte-interieur-Epure-Modulo-de-ROZIERE-modele-D0-lisse-Couleur-RAL-a-definir-1.jpg\",\"datePublished\":\"2025-11-06T09:21:53+00:00\",\"dateModified\":\"2026-05-14T14:26:25+00:00\",\"breadcrumb\":{\"@id\":\"https:\\\/\\\/nature-et-developpement.com\\\/ned-perpignan\\\/produit\\\/porte-epure-modulo-roziere-lisse-ral-traditionnelle\\\/#breadcrumb\"},\"inLanguage\":\"fr-FR\",\"potentialAction\":[{\"@type\":\"ReadAction\",\"target\":[\"https:\\\/\\\/nature-et-developpement.com\\\/ned-perpignan\\\/produit\\\/porte-epure-modulo-roziere-lisse-ral-traditionnelle\\\/\"]}]},{\"@type\":\"ImageObject\",\"inLanguage\":\"fr-FR\",\"@id\":\"https:\\\/\\\/nature-et-developpement.com\\\/ned-perpignan\\\/produit\\\/porte-epure-modulo-roziere-lisse-ral-traditionnelle\\\/#primaryimage\",\"url\":\"https:\\\/\\\/nature-et-developpement.com\\\/ned-perpignan\\\/wp-content\\\/uploads\\\/Porte-interieur-Epure-Modulo-de-ROZIERE-modele-D0-lisse-Couleur-RAL-a-definir-1.jpg\",\"contentUrl\":\"https:\\\/\\\/nature-et-developpement.com\\\/ned-perpignan\\\/wp-content\\\/uploads\\\/Porte-interieur-Epure-Modulo-de-ROZIERE-modele-D0-lisse-Couleur-RAL-a-definir-1.jpg\"},{\"@type\":\"BreadcrumbList\",\"@id\":\"https:\\\/\\\/nature-et-developpement.com\\\/ned-perpignan\\\/produit\\\/porte-epure-modulo-roziere-lisse-ral-traditionnelle\\\/#breadcrumb\",\"itemListElement\":[{\"@type\":\"ListItem\",\"position\":1,\"name\":\"Accueil\",\"item\":\"https:\\\/\\\/nature-et-developpement.com\\\/ned-perpignan\\\/\"},{\"@type\":\"ListItem\",\"position\":2,\"name\":\"Boutique\",\"item\":\"https:\\\/\\\/nature-et-developpement.com\\\/ned-perpignan\\\/boutique\\\/\"},{\"@type\":\"ListItem\",\"position\":3,\"name\":\"Agencement int\u00e9rieur\",\"item\":\"https:\\\/\\\/nature-et-developpement.com\\\/ned-perpignan\\\/produits\\\/agencement-interieur\\\/\"},{\"@type\":\"ListItem\",\"position\":4,\"name\":\"Escalier et porte\",\"item\":\"https:\\\/\\\/nature-et-developpement.com\\\/ned-perpignan\\\/produits\\\/agencement-interieur\\\/escalier-et-porte\\\/\"},{\"@type\":\"ListItem\",\"position\":5,\"name\":\"Porte int\u00e9rieure \u00c9PURE Modulo de Rozi\u00e8re Mod\u00e8le lisse couleur RAL pose traditionnelle\"}]},{\"@type\":\"WebSite\",\"@id\":\"https:\\\/\\\/nature-et-developpement.com\\\/ned-perpignan\\\/#website\",\"url\":\"https:\\\/\\\/nature-et-developpement.com\\\/ned-perpignan\\\/\",\"name\":\"Nature et D\u00e9veloppement Perpignan\",\"description\":\"Solutions, mat\u00e9riaux et d\u00e9coration \u00e9co-responsables pour les pros et les particuliers.\",\"potentialAction\":[{\"@type\":\"SearchAction\",\"target\":{\"@type\":\"EntryPoint\",\"urlTemplate\":\"https:\\\/\\\/nature-et-developpement.com\\\/ned-perpignan\\\/?s={search_term_string}\"},\"query-input\":{\"@type\":\"PropertyValueSpecification\",\"valueRequired\":true,\"valueName\":\"search_term_string\"}}],\"inLanguage\":\"fr-FR\"}]}<\/script>\n<!-- \/ Yoast SEO plugin. -->","yoast_head_json":{"title":"Porte int\u00e9rieure lisse Rozi\u00e8re couleur RAL pose traditionnelle","robots":{"index":"noindex","follow":"nofollow"},"og_locale":"fr_FR","og_type":"article","og_title":"Porte int\u00e9rieure lisse Rozi\u00e8re couleur RAL pose traditionnelle","og_description":"Robuste avec un parement ch\u00eane massif, un veinage et une finition laqu\u00e9e donneront de la personnalit\u00e9 \u00e0 votre porte aux couleurs de votre int\u00e9rieur Confort acoustique gr\u00e2ce \u00e0 son \u00e2me pleine Excellent rapport qualit\u00e9\/prix  Disponible en placard ouvrant ou coulissant (sur demande)","og_url":"https:\/\/nature-et-developpement.com\/ned-perpignan\/produit\/porte-epure-modulo-roziere-lisse-ral-traditionnelle\/","og_site_name":"Nature et D\u00e9veloppement Perpignan","article_modified_time":"2026-05-14T14:26:25+00:00","twitter_card":"summary_large_image","twitter_misc":{"Dur\u00e9e de lecture estim\u00e9e":"1 minute"},"schema":{"@context":"https:\/\/schema.org","@graph":[{"@type":"WebPage","@id":"https:\/\/nature-et-developpement.com\/ned-perpignan\/produit\/porte-epure-modulo-roziere-lisse-ral-traditionnelle\/","url":"https:\/\/nature-et-developpement.com\/ned-perpignan\/produit\/porte-epure-modulo-roziere-lisse-ral-traditionnelle\/","name":"Porte int\u00e9rieure lisse Rozi\u00e8re couleur RAL pose traditionnelle","isPartOf":{"@id":"https:\/\/nature-et-developpement.com\/ned-perpignan\/#website"},"primaryImageOfPage":{"@id":"https:\/\/nature-et-developpement.com\/ned-perpignan\/produit\/porte-epure-modulo-roziere-lisse-ral-traditionnelle\/#primaryimage"},"image":{"@id":"https:\/\/nature-et-developpement.com\/ned-perpignan\/produit\/porte-epure-modulo-roziere-lisse-ral-traditionnelle\/#primaryimage"},"thumbnailUrl":"https:\/\/nature-et-developpement.com\/ned-perpignan\/wp-content\/uploads\/Porte-interieur-Epure-Modulo-de-ROZIERE-modele-D0-lisse-Couleur-RAL-a-definir-1.jpg","datePublished":"2025-11-06T09:21:53+00:00","dateModified":"2026-05-14T14:26:25+00:00","breadcrumb":{"@id":"https:\/\/nature-et-developpement.com\/ned-perpignan\/produit\/porte-epure-modulo-roziere-lisse-ral-traditionnelle\/#breadcrumb"},"inLanguage":"fr-FR","potentialAction":[{"@type":"ReadAction","target":["https:\/\/nature-et-developpement.com\/ned-perpignan\/produit\/porte-epure-modulo-roziere-lisse-ral-traditionnelle\/"]}]},{"@type":"ImageObject","inLanguage":"fr-FR","@id":"https:\/\/nature-et-developpement.com\/ned-perpignan\/produit\/porte-epure-modulo-roziere-lisse-ral-traditionnelle\/#primaryimage","url":"https:\/\/nature-et-developpement.com\/ned-perpignan\/wp-content\/uploads\/Porte-interieur-Epure-Modulo-de-ROZIERE-modele-D0-lisse-Couleur-RAL-a-definir-1.jpg","contentUrl":"https:\/\/nature-et-developpement.com\/ned-perpignan\/wp-content\/uploads\/Porte-interieur-Epure-Modulo-de-ROZIERE-modele-D0-lisse-Couleur-RAL-a-definir-1.jpg"},{"@type":"BreadcrumbList","@id":"https:\/\/nature-et-developpement.com\/ned-perpignan\/produit\/porte-epure-modulo-roziere-lisse-ral-traditionnelle\/#breadcrumb","itemListElement":[{"@type":"ListItem","position":1,"name":"Accueil","item":"https:\/\/nature-et-developpement.com\/ned-perpignan\/"},{"@type":"ListItem","position":2,"name":"Boutique","item":"https:\/\/nature-et-developpement.com\/ned-perpignan\/boutique\/"},{"@type":"ListItem","position":3,"name":"Agencement int\u00e9rieur","item":"https:\/\/nature-et-developpement.com\/ned-perpignan\/produits\/agencement-interieur\/"},{"@type":"ListItem","position":4,"name":"Escalier et porte","item":"https:\/\/nature-et-developpement.com\/ned-perpignan\/produits\/agencement-interieur\/escalier-et-porte\/"},{"@type":"ListItem","position":5,"name":"Porte int\u00e9rieure \u00c9PURE Modulo de Rozi\u00e8re Mod\u00e8le lisse couleur RAL pose traditionnelle"}]},{"@type":"WebSite","@id":"https:\/\/nature-et-developpement.com\/ned-perpignan\/#website","url":"https:\/\/nature-et-developpement.com\/ned-perpignan\/","name":"Nature et D\u00e9veloppement Perpignan","description":"Solutions, mat\u00e9riaux et d\u00e9coration \u00e9co-responsables pour les pros et les particuliers.","potentialAction":[{"@type":"SearchAction","target":{"@type":"EntryPoint","urlTemplate":"https:\/\/nature-et-developpement.com\/ned-perpignan\/?s={search_term_string}"},"query-input":{"@type":"PropertyValueSpecification","valueRequired":true,"valueName":"search_term_string"}}],"inLanguage":"fr-FR"}]}},"distributor_meta":false,"distributor_terms":false,"distributor_media":false,"distributor_original_site_name":"Nature et D\u00e9veloppement Perpignan","distributor_original_site_url":"https:\/\/nature-et-developpement.com\/ned-perpignan","push-errors":false,"_links":{"self":[{"href":"https:\/\/nature-et-developpement.com\/ned-perpignan\/wp-json\/wp\/v2\/product\/11163","targetHints":{"allow":["GET"]}}],"collection":[{"href":"https:\/\/nature-et-developpement.com\/ned-perpignan\/wp-json\/wp\/v2\/product"}],"about":[{"href":"https:\/\/nature-et-developpement.com\/ned-perpignan\/wp-json\/wp\/v2\/types\/product"}],"wp:featuredmedia":[{"embeddable":true,"href":"https:\/\/nature-et-developpement.com\/ned-perpignan\/wp-json\/"}],"wp:attachment":[{"href":"https:\/\/nature-et-developpement.com\/ned-perpignan\/wp-json\/wp\/v2\/media?parent=11163"}],"wp:term":[{"taxonomy":"product_brand","embeddable":true,"href":"https:\/\/nature-et-developpement.com\/ned-perpignan\/wp-json\/wp\/v2\/product_brand?post=11163"},{"taxonomy":"product_cat","embeddable":true,"href":"https:\/\/nature-et-developpement.com\/ned-perpignan\/wp-json\/wp\/v2\/product_cat?post=11163"},{"taxonomy":"product_tag","embeddable":true,"href":"https:\/\/nature-et-developpement.com\/ned-perpignan\/wp-json\/wp\/v2\/product_tag?post=11163"}],"curies":[{"name":"wp","href":"https:\/\/api.w.org\/{rel}","templated":true}]}}