{"id":11789,"date":"2024-12-10T00:00:31","date_gmt":"2024-12-09T23:00:31","guid":{"rendered":"https:\/\/nature-et-developpement.com\/ned-perpignan\/produit\/suspente-equerre-obp-340-sixbox\/"},"modified":"2025-06-17T14:58:18","modified_gmt":"2025-06-17T12:58:18","slug":"suspente-equerre-obp-340-sixbox","status":"publish","type":"product","link":"https:\/\/nature-et-developpement.com\/ned-perpignan\/produit\/suspente-equerre-obp-340-sixbox\/","title":{"rendered":"Suspente \u00e9querre m\u00e9tallique OBP 340 SIXBOX"},"content":{"rendered":"<p>Associ\u00e9e \u00e0 une de aux suspentes ( OBR30\/60 \u2013 OBMR15\/32 ) , elle facilite la cr\u00e9ation d&rsquo;une lame d&rsquo;air entre votre plafond support et vos plaques de pl\u00e2tres pour passer vos gaines \u00e9lectriques et techniques.<\/p>\n<p>Elle peut \u00eatre \u00e9galement associ\u00e9 \u00e0 une entretoise pour augmenter votre vide technique ou pour faire face \u00e0 une contrainte technique.<\/p>\n<p>Elles se fixent sur pan , poutres , solives , chevrons etc \u2026<\/p>\n<p>Longueur suspente :\u00a0340 mm<\/p>\n<p>Empreinte de la vis \u00e0 bois :\u00a0D 5mm au pas de 2.2mm<\/p>\n<p>Domaine d&rsquo;application pour les plafonds :<\/p>\n<p>&#8211; Plaque de pl\u00e2tre standard de 12.5 \u00e0 18 mm<\/p>\n<p>&#8211; Fermacell de 10 \u00e0 18 mm<\/p>\n<p>Vendu par carton de 50 pi\u00e8ces.<\/p>\n","protected":false},"excerpt":{"rendered":"<p>Notre suspente \u00e9querre OBP340 vous permet de fixer les rails \/ fourrures qui recevront vos plaques de parement int\u00e9rieur (plaque de pl\u00e2tre, Fermacell ) sans d\u00e9t\u00e9riorer votre pare vapeur pour les planchers , sous toitures et rampants .<\/p>\n","protected":false},"featured_media":1000000168768,"template":"","meta":[],"product_brand":[180],"product_cat":[2343,2342],"product_tag":[],"class_list":{"0":"post-11789","1":"product","2":"type-product","3":"status-publish","4":"has-post-thumbnail","6":"product_brand-sixbox","7":"product_cat-accessoires-construction","8":"product_cat-accessoires-isolation-et-etancheite","9":"product_shipping_class-petit-equipement-outil-eclairage","11":"first","12":"instock","13":"taxable","14":"shipping-taxable","15":"purchasable","16":"product-type-variable"},"yoast_head":"<!-- This site is optimized with the Yoast SEO plugin v27.5 - https:\/\/yoast.com\/product\/yoast-seo-wordpress\/ -->\n<title>Suspente \u00e9querre m\u00e9tallique OBP 340 SIXBOX - Nature et D\u00e9veloppement Perpignan<\/title>\n<meta name=\"robots\" content=\"noindex, follow\" \/>\n<meta property=\"og:locale\" content=\"fr_FR\" \/>\n<meta property=\"og:type\" content=\"article\" \/>\n<meta property=\"og:title\" content=\"Suspente \u00e9querre m\u00e9tallique OBP 340 SIXBOX - Nature et D\u00e9veloppement Perpignan\" \/>\n<meta property=\"og:description\" content=\"Notre suspente \u00e9querre OBP340 vous permet de fixer les rails \/ fourrures qui recevront vos plaques de parement int\u00e9rieur (plaque de pl\u00e2tre, Fermacell ) sans d\u00e9t\u00e9riorer votre pare vapeur pour les planchers , sous toitures et rampants .\" \/>\n<meta property=\"og:url\" content=\"https:\/\/nature-et-developpement.com\/ned-perpignan\/produit\/suspente-equerre-obp-340-sixbox\/\" \/>\n<meta property=\"og:site_name\" content=\"Nature et D\u00e9veloppement Perpignan\" \/>\n<meta property=\"article:modified_time\" content=\"2025-06-17T12:58:18+00:00\" \/>\n<meta name=\"twitter:card\" content=\"summary_large_image\" \/>\n<meta name=\"twitter:label1\" content=\"Dur\u00e9e de lecture estim\u00e9e\" \/>\n\t<meta name=\"twitter:data1\" content=\"1 minute\" \/>\n<script type=\"application\/ld+json\" class=\"yoast-schema-graph\">{\"@context\":\"https:\\\/\\\/schema.org\",\"@graph\":[{\"@type\":\"WebPage\",\"@id\":\"https:\\\/\\\/nature-et-developpement.com\\\/ned-perpignan\\\/produit\\\/suspente-equerre-obp-340-sixbox\\\/\",\"url\":\"https:\\\/\\\/nature-et-developpement.com\\\/ned-perpignan\\\/produit\\\/suspente-equerre-obp-340-sixbox\\\/\",\"name\":\"Suspente \u00e9querre m\u00e9tallique OBP 340 SIXBOX - Nature et D\u00e9veloppement Perpignan\",\"isPartOf\":{\"@id\":\"https:\\\/\\\/nature-et-developpement.com\\\/ned-perpignan\\\/#website\"},\"primaryImageOfPage\":{\"@id\":\"https:\\\/\\\/nature-et-developpement.com\\\/ned-perpignan\\\/produit\\\/suspente-equerre-obp-340-sixbox\\\/#primaryimage\"},\"image\":{\"@id\":\"https:\\\/\\\/nature-et-developpement.com\\\/ned-perpignan\\\/produit\\\/suspente-equerre-obp-340-sixbox\\\/#primaryimage\"},\"thumbnailUrl\":\"https:\\\/\\\/nature-et-developpement.com\\\/ned-perpignan\\\/wp-content\\\/uploads\\\/Suspente-equerre-metallique-OBP-340-SIXBOX.jpg\",\"datePublished\":\"2024-12-09T23:00:31+00:00\",\"dateModified\":\"2025-06-17T12:58:18+00:00\",\"breadcrumb\":{\"@id\":\"https:\\\/\\\/nature-et-developpement.com\\\/ned-perpignan\\\/produit\\\/suspente-equerre-obp-340-sixbox\\\/#breadcrumb\"},\"inLanguage\":\"fr-FR\",\"potentialAction\":[{\"@type\":\"ReadAction\",\"target\":[\"https:\\\/\\\/nature-et-developpement.com\\\/ned-perpignan\\\/produit\\\/suspente-equerre-obp-340-sixbox\\\/\"]}]},{\"@type\":\"ImageObject\",\"inLanguage\":\"fr-FR\",\"@id\":\"https:\\\/\\\/nature-et-developpement.com\\\/ned-perpignan\\\/produit\\\/suspente-equerre-obp-340-sixbox\\\/#primaryimage\",\"url\":\"https:\\\/\\\/nature-et-developpement.com\\\/ned-perpignan\\\/wp-content\\\/uploads\\\/Suspente-equerre-metallique-OBP-340-SIXBOX.jpg\",\"contentUrl\":\"https:\\\/\\\/nature-et-developpement.com\\\/ned-perpignan\\\/wp-content\\\/uploads\\\/Suspente-equerre-metallique-OBP-340-SIXBOX.jpg\"},{\"@type\":\"BreadcrumbList\",\"@id\":\"https:\\\/\\\/nature-et-developpement.com\\\/ned-perpignan\\\/produit\\\/suspente-equerre-obp-340-sixbox\\\/#breadcrumb\",\"itemListElement\":[{\"@type\":\"ListItem\",\"position\":1,\"name\":\"Accueil\",\"item\":\"https:\\\/\\\/nature-et-developpement.com\\\/ned-perpignan\\\/\"},{\"@type\":\"ListItem\",\"position\":2,\"name\":\"Boutique\",\"item\":\"https:\\\/\\\/nature-et-developpement.com\\\/ned-perpignan\\\/boutique\\\/\"},{\"@type\":\"ListItem\",\"position\":3,\"name\":\"Construction, cloison et fen\u00eatres\",\"item\":\"https:\\\/\\\/nature-et-developpement.com\\\/ned-perpignan\\\/produits\\\/construction\\\/\"},{\"@type\":\"ListItem\",\"position\":4,\"name\":\"Accessoires construction\",\"item\":\"https:\\\/\\\/nature-et-developpement.com\\\/ned-perpignan\\\/produits\\\/construction\\\/accessoires-construction\\\/\"},{\"@type\":\"ListItem\",\"position\":5,\"name\":\"Suspente \u00e9querre m\u00e9tallique OBP 340 SIXBOX\"}]},{\"@type\":\"WebSite\",\"@id\":\"https:\\\/\\\/nature-et-developpement.com\\\/ned-perpignan\\\/#website\",\"url\":\"https:\\\/\\\/nature-et-developpement.com\\\/ned-perpignan\\\/\",\"name\":\"Nature et D\u00e9veloppement Perpignan\",\"description\":\"Solutions, mat\u00e9riaux et d\u00e9coration \u00e9co-responsables pour les pros et les particuliers.\",\"potentialAction\":[{\"@type\":\"SearchAction\",\"target\":{\"@type\":\"EntryPoint\",\"urlTemplate\":\"https:\\\/\\\/nature-et-developpement.com\\\/ned-perpignan\\\/?s={search_term_string}\"},\"query-input\":{\"@type\":\"PropertyValueSpecification\",\"valueRequired\":true,\"valueName\":\"search_term_string\"}}],\"inLanguage\":\"fr-FR\"}]}<\/script>\n<!-- \/ Yoast SEO plugin. -->","yoast_head_json":{"title":"Suspente \u00e9querre m\u00e9tallique OBP 340 SIXBOX - Nature et D\u00e9veloppement Perpignan","robots":{"index":"noindex","follow":"follow"},"og_locale":"fr_FR","og_type":"article","og_title":"Suspente \u00e9querre m\u00e9tallique OBP 340 SIXBOX - Nature et D\u00e9veloppement Perpignan","og_description":"Notre suspente \u00e9querre OBP340 vous permet de fixer les rails \/ fourrures qui recevront vos plaques de parement int\u00e9rieur (plaque de pl\u00e2tre, Fermacell ) sans d\u00e9t\u00e9riorer votre pare vapeur pour les planchers , sous toitures et rampants .","og_url":"https:\/\/nature-et-developpement.com\/ned-perpignan\/produit\/suspente-equerre-obp-340-sixbox\/","og_site_name":"Nature et D\u00e9veloppement Perpignan","article_modified_time":"2025-06-17T12:58:18+00:00","twitter_card":"summary_large_image","twitter_misc":{"Dur\u00e9e de lecture estim\u00e9e":"1 minute"},"schema":{"@context":"https:\/\/schema.org","@graph":[{"@type":"WebPage","@id":"https:\/\/nature-et-developpement.com\/ned-perpignan\/produit\/suspente-equerre-obp-340-sixbox\/","url":"https:\/\/nature-et-developpement.com\/ned-perpignan\/produit\/suspente-equerre-obp-340-sixbox\/","name":"Suspente \u00e9querre m\u00e9tallique OBP 340 SIXBOX - Nature et D\u00e9veloppement Perpignan","isPartOf":{"@id":"https:\/\/nature-et-developpement.com\/ned-perpignan\/#website"},"primaryImageOfPage":{"@id":"https:\/\/nature-et-developpement.com\/ned-perpignan\/produit\/suspente-equerre-obp-340-sixbox\/#primaryimage"},"image":{"@id":"https:\/\/nature-et-developpement.com\/ned-perpignan\/produit\/suspente-equerre-obp-340-sixbox\/#primaryimage"},"thumbnailUrl":"https:\/\/nature-et-developpement.com\/ned-perpignan\/wp-content\/uploads\/Suspente-equerre-metallique-OBP-340-SIXBOX.jpg","datePublished":"2024-12-09T23:00:31+00:00","dateModified":"2025-06-17T12:58:18+00:00","breadcrumb":{"@id":"https:\/\/nature-et-developpement.com\/ned-perpignan\/produit\/suspente-equerre-obp-340-sixbox\/#breadcrumb"},"inLanguage":"fr-FR","potentialAction":[{"@type":"ReadAction","target":["https:\/\/nature-et-developpement.com\/ned-perpignan\/produit\/suspente-equerre-obp-340-sixbox\/"]}]},{"@type":"ImageObject","inLanguage":"fr-FR","@id":"https:\/\/nature-et-developpement.com\/ned-perpignan\/produit\/suspente-equerre-obp-340-sixbox\/#primaryimage","url":"https:\/\/nature-et-developpement.com\/ned-perpignan\/wp-content\/uploads\/Suspente-equerre-metallique-OBP-340-SIXBOX.jpg","contentUrl":"https:\/\/nature-et-developpement.com\/ned-perpignan\/wp-content\/uploads\/Suspente-equerre-metallique-OBP-340-SIXBOX.jpg"},{"@type":"BreadcrumbList","@id":"https:\/\/nature-et-developpement.com\/ned-perpignan\/produit\/suspente-equerre-obp-340-sixbox\/#breadcrumb","itemListElement":[{"@type":"ListItem","position":1,"name":"Accueil","item":"https:\/\/nature-et-developpement.com\/ned-perpignan\/"},{"@type":"ListItem","position":2,"name":"Boutique","item":"https:\/\/nature-et-developpement.com\/ned-perpignan\/boutique\/"},{"@type":"ListItem","position":3,"name":"Construction, cloison et fen\u00eatres","item":"https:\/\/nature-et-developpement.com\/ned-perpignan\/produits\/construction\/"},{"@type":"ListItem","position":4,"name":"Accessoires construction","item":"https:\/\/nature-et-developpement.com\/ned-perpignan\/produits\/construction\/accessoires-construction\/"},{"@type":"ListItem","position":5,"name":"Suspente \u00e9querre m\u00e9tallique OBP 340 SIXBOX"}]},{"@type":"WebSite","@id":"https:\/\/nature-et-developpement.com\/ned-perpignan\/#website","url":"https:\/\/nature-et-developpement.com\/ned-perpignan\/","name":"Nature et D\u00e9veloppement Perpignan","description":"Solutions, mat\u00e9riaux et d\u00e9coration \u00e9co-responsables pour les pros et les particuliers.","potentialAction":[{"@type":"SearchAction","target":{"@type":"EntryPoint","urlTemplate":"https:\/\/nature-et-developpement.com\/ned-perpignan\/?s={search_term_string}"},"query-input":{"@type":"PropertyValueSpecification","valueRequired":true,"valueName":"search_term_string"}}],"inLanguage":"fr-FR"}]}},"distributor_meta":false,"distributor_terms":false,"distributor_media":false,"distributor_original_site_name":"Nature et D\u00e9veloppement Perpignan","distributor_original_site_url":"https:\/\/nature-et-developpement.com\/ned-perpignan","push-errors":false,"_links":{"self":[{"href":"https:\/\/nature-et-developpement.com\/ned-perpignan\/wp-json\/wp\/v2\/product\/11789","targetHints":{"allow":["GET"]}}],"collection":[{"href":"https:\/\/nature-et-developpement.com\/ned-perpignan\/wp-json\/wp\/v2\/product"}],"about":[{"href":"https:\/\/nature-et-developpement.com\/ned-perpignan\/wp-json\/wp\/v2\/types\/product"}],"wp:featuredmedia":[{"embeddable":true,"href":"https:\/\/nature-et-developpement.com\/ned-perpignan\/wp-json\/"}],"wp:attachment":[{"href":"https:\/\/nature-et-developpement.com\/ned-perpignan\/wp-json\/wp\/v2\/media?parent=11789"}],"wp:term":[{"taxonomy":"product_brand","embeddable":true,"href":"https:\/\/nature-et-developpement.com\/ned-perpignan\/wp-json\/wp\/v2\/product_brand?post=11789"},{"taxonomy":"product_cat","embeddable":true,"href":"https:\/\/nature-et-developpement.com\/ned-perpignan\/wp-json\/wp\/v2\/product_cat?post=11789"},{"taxonomy":"product_tag","embeddable":true,"href":"https:\/\/nature-et-developpement.com\/ned-perpignan\/wp-json\/wp\/v2\/product_tag?post=11789"}],"curies":[{"name":"wp","href":"https:\/\/api.w.org\/{rel}","templated":true}]}}