{"id":11795,"date":"2024-12-10T00:00:31","date_gmt":"2024-12-09T23:00:31","guid":{"rendered":"https:\/\/nature-et-developpement.com\/ned-perpignan\/produit\/suspente-reglable-obr-30-60-sixbox\/"},"modified":"2025-06-17T14:58:18","modified_gmt":"2025-06-17T12:58:18","slug":"suspente-reglable-obr-30-60-sixbox","status":"publish","type":"product","link":"https:\/\/nature-et-developpement.com\/ned-perpignan\/produit\/suspente-reglable-obr-30-60-sixbox\/","title":{"rendered":"Support de rail r\u00e9glable t\u00eate en acier galvanis\u00e9 M0 OBR 30\/60 SIXBOX"},"content":{"rendered":"<p>Ils facilitent la cr\u00e9ation d&rsquo;une lame d&rsquo;air entre votre mur support et vos plaques de pl\u00e2tres pour passer vos gaines \u00e9lectriques et techniques.<\/p>\n<p>Compos\u00e9 de deux parties \u00e0 assembler, la t\u00eate en acier galvanis\u00e9 et la vis en plastique recycl\u00e9 pour effectuer votre r\u00e9glage.<\/p>\n<p>Sa mati\u00e8re en acier galvanis\u00e9, permet sa classification en \u00ab M0 \u00bb et retarde l\u2019effondrement en cas d\u2019incendie.<\/p>\n<p>Notre suspente Sixbox s&rsquo;utilise quel que soit le type de construction :<\/p>\n<ul>\n<li>Ossature bois<\/li>\n<li>M\u00e9tallique<\/li>\n<li>Brique<\/li>\n<li>Parpaing<\/li>\n<li>B\u00e9ton cellulaire etc &#8230;<\/li>\n<\/ul>\n<p>Ils peuvent \u00eatre associ\u00e9s \u00e0 des entretoises pour augmenter votre vide technique ou pour faire face \u00e0 une contrainte technique.<\/p>\n<p>Domaine d&rsquo;application pour les murs :<\/p>\n<p>&#8211; Plaque de pl\u00e2tre standard de 12.5 \u00e0 18mm<\/p>\n<p>&#8211; Fermacell de 10 \u00e0 18 mm<\/p>\n<p>Domaine d&rsquo;application pour les plafonds :<\/p>\n<p>&#8211; Plaque de pl\u00e2tre standard de 12.5 \u00e0 18 mm<\/p>\n<p>&#8211; Fermacell de 10 \u00e0 18 mm<\/p>\n<p>Disponible en plusieurs dimensions, sur demande : OB 17, OB 30, OB 63, OB 83 pour les versions non r\u00e9glables et OBMR 15\/32 pour la version r\u00e9glable.<\/p>\n<p>Compatibilit\u00e9 fourrure : F47 &#8211; F530<\/p>\n<p>Vendu par carton de 150 pi\u00e8ces.<\/p>\n","protected":false},"excerpt":{"rendered":"<p>La suspente OBR30\/60 vous permet de fixer les rails \/ fourrures qui recevront vos plaques de parement int\u00e9rieur (plaque de pl\u00e2tre, Fermacell ) sans d\u00e9t\u00e9riorer votre pare vapeur.<\/p>\n","protected":false},"featured_media":1000000168763,"template":"","meta":[],"product_brand":[180],"product_cat":[2343,2342],"product_tag":[],"class_list":{"0":"post-11795","1":"product","2":"type-product","3":"status-publish","4":"has-post-thumbnail","6":"product_brand-sixbox","7":"product_cat-accessoires-construction","8":"product_cat-accessoires-isolation-et-etancheite","9":"product_shipping_class-petit-equipement-outil-eclairage","11":"first","12":"instock","13":"taxable","14":"shipping-taxable","15":"purchasable","16":"product-type-variable"},"yoast_head":"<!-- This site is optimized with the Yoast SEO plugin v27.5 - https:\/\/yoast.com\/product\/yoast-seo-wordpress\/ -->\n<title>Support de rail r\u00e9glable t\u00eate en acier galvanis\u00e9 M0 OBR 30\/60 SIXBOX - Nature et D\u00e9veloppement Perpignan<\/title>\n<meta name=\"robots\" content=\"noindex, follow\" \/>\n<meta property=\"og:locale\" content=\"fr_FR\" \/>\n<meta property=\"og:type\" content=\"article\" \/>\n<meta property=\"og:title\" content=\"Support de rail r\u00e9glable t\u00eate en acier galvanis\u00e9 M0 OBR 30\/60 SIXBOX - Nature et D\u00e9veloppement Perpignan\" \/>\n<meta property=\"og:description\" content=\"La suspente OBR30\/60 vous permet de fixer les rails \/ fourrures qui recevront vos plaques de parement int\u00e9rieur (plaque de pl\u00e2tre, Fermacell ) sans d\u00e9t\u00e9riorer votre pare vapeur.\" \/>\n<meta property=\"og:url\" content=\"https:\/\/nature-et-developpement.com\/ned-perpignan\/produit\/suspente-reglable-obr-30-60-sixbox\/\" \/>\n<meta property=\"og:site_name\" content=\"Nature et D\u00e9veloppement Perpignan\" \/>\n<meta property=\"article:modified_time\" content=\"2025-06-17T12:58:18+00:00\" \/>\n<meta name=\"twitter:card\" content=\"summary_large_image\" \/>\n<meta name=\"twitter:label1\" content=\"Dur\u00e9e de lecture estim\u00e9e\" \/>\n\t<meta name=\"twitter:data1\" content=\"1 minute\" \/>\n<script type=\"application\/ld+json\" class=\"yoast-schema-graph\">{\"@context\":\"https:\\\/\\\/schema.org\",\"@graph\":[{\"@type\":\"WebPage\",\"@id\":\"https:\\\/\\\/nature-et-developpement.com\\\/ned-perpignan\\\/produit\\\/suspente-reglable-obr-30-60-sixbox\\\/\",\"url\":\"https:\\\/\\\/nature-et-developpement.com\\\/ned-perpignan\\\/produit\\\/suspente-reglable-obr-30-60-sixbox\\\/\",\"name\":\"Support de rail r\u00e9glable t\u00eate en acier galvanis\u00e9 M0 OBR 30\\\/60 SIXBOX - Nature et D\u00e9veloppement Perpignan\",\"isPartOf\":{\"@id\":\"https:\\\/\\\/nature-et-developpement.com\\\/ned-perpignan\\\/#website\"},\"primaryImageOfPage\":{\"@id\":\"https:\\\/\\\/nature-et-developpement.com\\\/ned-perpignan\\\/produit\\\/suspente-reglable-obr-30-60-sixbox\\\/#primaryimage\"},\"image\":{\"@id\":\"https:\\\/\\\/nature-et-developpement.com\\\/ned-perpignan\\\/produit\\\/suspente-reglable-obr-30-60-sixbox\\\/#primaryimage\"},\"thumbnailUrl\":\"https:\\\/\\\/nature-et-developpement.com\\\/ned-perpignan\\\/wp-content\\\/uploads\\\/Support-de-rail-reglable-tete-en-acier-galvanise-M0-OBR-30-60-SIXBOX.jpg\",\"datePublished\":\"2024-12-09T23:00:31+00:00\",\"dateModified\":\"2025-06-17T12:58:18+00:00\",\"breadcrumb\":{\"@id\":\"https:\\\/\\\/nature-et-developpement.com\\\/ned-perpignan\\\/produit\\\/suspente-reglable-obr-30-60-sixbox\\\/#breadcrumb\"},\"inLanguage\":\"fr-FR\",\"potentialAction\":[{\"@type\":\"ReadAction\",\"target\":[\"https:\\\/\\\/nature-et-developpement.com\\\/ned-perpignan\\\/produit\\\/suspente-reglable-obr-30-60-sixbox\\\/\"]}]},{\"@type\":\"ImageObject\",\"inLanguage\":\"fr-FR\",\"@id\":\"https:\\\/\\\/nature-et-developpement.com\\\/ned-perpignan\\\/produit\\\/suspente-reglable-obr-30-60-sixbox\\\/#primaryimage\",\"url\":\"https:\\\/\\\/nature-et-developpement.com\\\/ned-perpignan\\\/wp-content\\\/uploads\\\/Support-de-rail-reglable-tete-en-acier-galvanise-M0-OBR-30-60-SIXBOX.jpg\",\"contentUrl\":\"https:\\\/\\\/nature-et-developpement.com\\\/ned-perpignan\\\/wp-content\\\/uploads\\\/Support-de-rail-reglable-tete-en-acier-galvanise-M0-OBR-30-60-SIXBOX.jpg\"},{\"@type\":\"BreadcrumbList\",\"@id\":\"https:\\\/\\\/nature-et-developpement.com\\\/ned-perpignan\\\/produit\\\/suspente-reglable-obr-30-60-sixbox\\\/#breadcrumb\",\"itemListElement\":[{\"@type\":\"ListItem\",\"position\":1,\"name\":\"Accueil\",\"item\":\"https:\\\/\\\/nature-et-developpement.com\\\/ned-perpignan\\\/\"},{\"@type\":\"ListItem\",\"position\":2,\"name\":\"Boutique\",\"item\":\"https:\\\/\\\/nature-et-developpement.com\\\/ned-perpignan\\\/boutique\\\/\"},{\"@type\":\"ListItem\",\"position\":3,\"name\":\"Construction, cloison et fen\u00eatres\",\"item\":\"https:\\\/\\\/nature-et-developpement.com\\\/ned-perpignan\\\/produits\\\/construction\\\/\"},{\"@type\":\"ListItem\",\"position\":4,\"name\":\"Accessoires construction\",\"item\":\"https:\\\/\\\/nature-et-developpement.com\\\/ned-perpignan\\\/produits\\\/construction\\\/accessoires-construction\\\/\"},{\"@type\":\"ListItem\",\"position\":5,\"name\":\"Support de rail r\u00e9glable t\u00eate en acier galvanis\u00e9 M0 OBR 30\\\/60 SIXBOX\"}]},{\"@type\":\"WebSite\",\"@id\":\"https:\\\/\\\/nature-et-developpement.com\\\/ned-perpignan\\\/#website\",\"url\":\"https:\\\/\\\/nature-et-developpement.com\\\/ned-perpignan\\\/\",\"name\":\"Nature et D\u00e9veloppement Perpignan\",\"description\":\"Solutions, mat\u00e9riaux et d\u00e9coration \u00e9co-responsables pour les pros et les particuliers.\",\"potentialAction\":[{\"@type\":\"SearchAction\",\"target\":{\"@type\":\"EntryPoint\",\"urlTemplate\":\"https:\\\/\\\/nature-et-developpement.com\\\/ned-perpignan\\\/?s={search_term_string}\"},\"query-input\":{\"@type\":\"PropertyValueSpecification\",\"valueRequired\":true,\"valueName\":\"search_term_string\"}}],\"inLanguage\":\"fr-FR\"}]}<\/script>\n<!-- \/ Yoast SEO plugin. -->","yoast_head_json":{"title":"Support de rail r\u00e9glable t\u00eate en acier galvanis\u00e9 M0 OBR 30\/60 SIXBOX - Nature et D\u00e9veloppement Perpignan","robots":{"index":"noindex","follow":"follow"},"og_locale":"fr_FR","og_type":"article","og_title":"Support de rail r\u00e9glable t\u00eate en acier galvanis\u00e9 M0 OBR 30\/60 SIXBOX - Nature et D\u00e9veloppement Perpignan","og_description":"La suspente OBR30\/60 vous permet de fixer les rails \/ fourrures qui recevront vos plaques de parement int\u00e9rieur (plaque de pl\u00e2tre, Fermacell ) sans d\u00e9t\u00e9riorer votre pare vapeur.","og_url":"https:\/\/nature-et-developpement.com\/ned-perpignan\/produit\/suspente-reglable-obr-30-60-sixbox\/","og_site_name":"Nature et D\u00e9veloppement Perpignan","article_modified_time":"2025-06-17T12:58:18+00:00","twitter_card":"summary_large_image","twitter_misc":{"Dur\u00e9e de lecture estim\u00e9e":"1 minute"},"schema":{"@context":"https:\/\/schema.org","@graph":[{"@type":"WebPage","@id":"https:\/\/nature-et-developpement.com\/ned-perpignan\/produit\/suspente-reglable-obr-30-60-sixbox\/","url":"https:\/\/nature-et-developpement.com\/ned-perpignan\/produit\/suspente-reglable-obr-30-60-sixbox\/","name":"Support de rail r\u00e9glable t\u00eate en acier galvanis\u00e9 M0 OBR 30\/60 SIXBOX - Nature et D\u00e9veloppement Perpignan","isPartOf":{"@id":"https:\/\/nature-et-developpement.com\/ned-perpignan\/#website"},"primaryImageOfPage":{"@id":"https:\/\/nature-et-developpement.com\/ned-perpignan\/produit\/suspente-reglable-obr-30-60-sixbox\/#primaryimage"},"image":{"@id":"https:\/\/nature-et-developpement.com\/ned-perpignan\/produit\/suspente-reglable-obr-30-60-sixbox\/#primaryimage"},"thumbnailUrl":"https:\/\/nature-et-developpement.com\/ned-perpignan\/wp-content\/uploads\/Support-de-rail-reglable-tete-en-acier-galvanise-M0-OBR-30-60-SIXBOX.jpg","datePublished":"2024-12-09T23:00:31+00:00","dateModified":"2025-06-17T12:58:18+00:00","breadcrumb":{"@id":"https:\/\/nature-et-developpement.com\/ned-perpignan\/produit\/suspente-reglable-obr-30-60-sixbox\/#breadcrumb"},"inLanguage":"fr-FR","potentialAction":[{"@type":"ReadAction","target":["https:\/\/nature-et-developpement.com\/ned-perpignan\/produit\/suspente-reglable-obr-30-60-sixbox\/"]}]},{"@type":"ImageObject","inLanguage":"fr-FR","@id":"https:\/\/nature-et-developpement.com\/ned-perpignan\/produit\/suspente-reglable-obr-30-60-sixbox\/#primaryimage","url":"https:\/\/nature-et-developpement.com\/ned-perpignan\/wp-content\/uploads\/Support-de-rail-reglable-tete-en-acier-galvanise-M0-OBR-30-60-SIXBOX.jpg","contentUrl":"https:\/\/nature-et-developpement.com\/ned-perpignan\/wp-content\/uploads\/Support-de-rail-reglable-tete-en-acier-galvanise-M0-OBR-30-60-SIXBOX.jpg"},{"@type":"BreadcrumbList","@id":"https:\/\/nature-et-developpement.com\/ned-perpignan\/produit\/suspente-reglable-obr-30-60-sixbox\/#breadcrumb","itemListElement":[{"@type":"ListItem","position":1,"name":"Accueil","item":"https:\/\/nature-et-developpement.com\/ned-perpignan\/"},{"@type":"ListItem","position":2,"name":"Boutique","item":"https:\/\/nature-et-developpement.com\/ned-perpignan\/boutique\/"},{"@type":"ListItem","position":3,"name":"Construction, cloison et fen\u00eatres","item":"https:\/\/nature-et-developpement.com\/ned-perpignan\/produits\/construction\/"},{"@type":"ListItem","position":4,"name":"Accessoires construction","item":"https:\/\/nature-et-developpement.com\/ned-perpignan\/produits\/construction\/accessoires-construction\/"},{"@type":"ListItem","position":5,"name":"Support de rail r\u00e9glable t\u00eate en acier galvanis\u00e9 M0 OBR 30\/60 SIXBOX"}]},{"@type":"WebSite","@id":"https:\/\/nature-et-developpement.com\/ned-perpignan\/#website","url":"https:\/\/nature-et-developpement.com\/ned-perpignan\/","name":"Nature et D\u00e9veloppement Perpignan","description":"Solutions, mat\u00e9riaux et d\u00e9coration \u00e9co-responsables pour les pros et les particuliers.","potentialAction":[{"@type":"SearchAction","target":{"@type":"EntryPoint","urlTemplate":"https:\/\/nature-et-developpement.com\/ned-perpignan\/?s={search_term_string}"},"query-input":{"@type":"PropertyValueSpecification","valueRequired":true,"valueName":"search_term_string"}}],"inLanguage":"fr-FR"}]}},"distributor_meta":false,"distributor_terms":false,"distributor_media":false,"distributor_original_site_name":"Nature et D\u00e9veloppement Perpignan","distributor_original_site_url":"https:\/\/nature-et-developpement.com\/ned-perpignan","push-errors":false,"_links":{"self":[{"href":"https:\/\/nature-et-developpement.com\/ned-perpignan\/wp-json\/wp\/v2\/product\/11795","targetHints":{"allow":["GET"]}}],"collection":[{"href":"https:\/\/nature-et-developpement.com\/ned-perpignan\/wp-json\/wp\/v2\/product"}],"about":[{"href":"https:\/\/nature-et-developpement.com\/ned-perpignan\/wp-json\/wp\/v2\/types\/product"}],"wp:featuredmedia":[{"embeddable":true,"href":"https:\/\/nature-et-developpement.com\/ned-perpignan\/wp-json\/"}],"wp:attachment":[{"href":"https:\/\/nature-et-developpement.com\/ned-perpignan\/wp-json\/wp\/v2\/media?parent=11795"}],"wp:term":[{"taxonomy":"product_brand","embeddable":true,"href":"https:\/\/nature-et-developpement.com\/ned-perpignan\/wp-json\/wp\/v2\/product_brand?post=11795"},{"taxonomy":"product_cat","embeddable":true,"href":"https:\/\/nature-et-developpement.com\/ned-perpignan\/wp-json\/wp\/v2\/product_cat?post=11795"},{"taxonomy":"product_tag","embeddable":true,"href":"https:\/\/nature-et-developpement.com\/ned-perpignan\/wp-json\/wp\/v2\/product_tag?post=11795"}],"curies":[{"name":"wp","href":"https:\/\/api.w.org\/{rel}","templated":true}]}}