{"id":12359,"date":"2022-06-02T08:53:12","date_gmt":"2022-06-02T06:53:12","guid":{"rendered":"https:\/\/nature-et-developpement.com\/ned-perpignan\/produit\/vis-pour-planchers-bois-heco-topix-plus-inox-tete-fraisee-bombee\/"},"modified":"2025-06-17T14:58:26","modified_gmt":"2025-06-17T12:58:26","slug":"vis-pour-planchers-bois-heco-topix-plus-inox-tete-fraisee-bombee","status":"publish","type":"product","link":"https:\/\/nature-et-developpement.com\/ned-perpignan\/produit\/vis-pour-planchers-bois-heco-topix-plus-inox-tete-fraisee-bombee\/","title":{"rendered":"Vis pour planchers bois HECO-TOPIX-plus inox t\u00eate frais\u00e9e bomb\u00e9e avec nervures de fraisage"},"content":{"rendered":"<h2>Visser ou clouer un parquet bois?<\/h2>\n<p>La vis HECO-TOPIX-plus pour planchers contracte les pi\u00e8ces en bois tout en les fixant axialement par le biais du filet.<\/p>\n<p>Cela permet un montage rapide et \u00e9conomique et emp\u00eache efficacement un craquement g\u00eanant du rev\u00eatement en bois au niveau de la tige de la vis.<\/p>\n<p>Les charges \u00e9tant transmises par le biais du filet, la t\u00eate ne sert plus qu&rsquo;\u00e0 loger une empreinte ; son dimensionnement peut donc \u00eatre minime.<\/p>\n<p>Elle peut \u00eatre utilis\u00e9e de mani\u00e8re compacte dans l&rsquo;environnement de montage \u00e9troit des tenons et mortaises et ne p\u00e9n\u00e8tre pas dans l&rsquo;\u00e9l\u00e9ment de construction adjacent.<\/p>\n<p>De cette mani\u00e8re, un assemblage pr\u00e9cis des profil\u00e9s en bois est garanti.<\/p>\n<p>Outre la t\u00eate et le filet, la pointe HECO-TOPIX pr\u00e9sente un avantage suppl\u00e9mentaire pour l&rsquo;assemblage tenons-mortaises.<\/p>\n<p>La pointe de per\u00e7age brevet\u00e9e HECO-TOPIX r\u00e9duit l&rsquo;effet de fissuration, de sorte qu&rsquo;une utilisation est possible dans les sections transversales les plus fines et avec des distances au bord minimes.<\/p>\n<h3>Les avantages de cette vis:<\/h3>\n<ul>\n<li>Assemblage et fixation du rev\u00eatement avec un seul type de vis<\/li>\n<li>Pas de craquement de la lame gr\u00e2ce \u00e0 une fixation solide du filetage total HECO-TOPIX-plus<\/li>\n<li>Noyure facile de la t\u00eate dans la mortaise avec effet d\u2019\u00e9cartement r\u00e9duit<\/li>\n<li>PerfectPitch\u00a0: un pas de filetage optimal pour toutes les longueurs de vis. Des performances id\u00e9ales pour toutes les applications li\u00e9es au travail du bois.<\/li>\n<li>La pointe de la vis HECO-TOPIX rend le per\u00e7age d\u2019avant-trous inutile, r\u00e9duit le risque de fissuration du bois et permet une mise en \u0153uvre \u00e0 proximit\u00e9 des bords et des entraxes minimes.<\/li>\n<li>Assemblage des lames de plancher sans espace gr\u00e2ce au filetage total HECO-TOPIX-plus<\/li>\n<li>Produit homologu\u00e9 et contr\u00f4l\u00e9<\/li>\n<\/ul>\n<p><img loading=\"lazy\" decoding=\"async\" class=\"alignnone wp-image-169049 size-full\" src=\"https:\/\/nature-et-developpement.com\/wp-content\/uploads\/Vis-pour-planchers-HECO-TOPIX-plus-detail.jpg\" alt=\"\" width=\"600\" height=\"757\" \/><\/p>\n","protected":false},"excerpt":{"rendered":"<h5><span style=\"color: #2aa4a9\"><em><strong>Essayez-la<\/strong><\/em><\/span><\/h5>\n<p>La vis HECO-TOPIX-plus pour planchers bois est une solution plus s\u00fbre et plus facile que le clou.<\/p>\n<p>L&#8217;empreinte HECO-Drive, et ces\u00a0embouts d\u00e9di\u00e9s, vous permettes un travail d\u2019une seule main (m\u00eame pour les vis inox).<\/p>\n","protected":false},"featured_media":1000000169046,"template":"","meta":[],"product_brand":[154],"product_cat":[2343,2342,103,119],"product_tag":[2335],"class_list":{"0":"post-12359","1":"product","2":"type-product","3":"status-publish","4":"has-post-thumbnail","6":"product_brand-heco","7":"product_cat-accessoires-construction","8":"product_cat-accessoires-isolation-et-etancheite","9":"product_cat-plinthes-et-accessoires","10":"product_cat-visserie","11":"product_tag-parquet","12":"product_shipping_class-petit-equipement-outil-eclairage","14":"first","15":"instock","16":"taxable","17":"shipping-taxable","18":"purchasable","19":"product-type-variable"},"yoast_head":"<!-- This site is optimized with the Yoast SEO plugin v27.5 - https:\/\/yoast.com\/product\/yoast-seo-wordpress\/ -->\n<title>Vis pour planchers bois HECO-TOPIX-plus inox t\u00eate frais\u00e9e bomb\u00e9e<\/title>\n<meta name=\"robots\" content=\"noindex, follow\" \/>\n<meta property=\"og:locale\" content=\"fr_FR\" \/>\n<meta property=\"og:type\" content=\"article\" \/>\n<meta property=\"og:title\" content=\"Vis pour planchers bois HECO-TOPIX-plus inox t\u00eate frais\u00e9e bomb\u00e9e\" \/>\n<meta property=\"og:description\" content=\"Essayez-la La vis HECO-TOPIX-plus pour planchers bois est une solution plus s\u00fbre et plus facile que le clou.  L&#039;empreinte HECO-Drive, et ces\u00a0embouts d\u00e9di\u00e9s, vous permettes un travail d\u2019une seule main (m\u00eame pour les vis inox).\" \/>\n<meta property=\"og:url\" content=\"https:\/\/nature-et-developpement.com\/ned-perpignan\/produit\/vis-pour-planchers-bois-heco-topix-plus-inox-tete-fraisee-bombee\/\" \/>\n<meta property=\"og:site_name\" content=\"Nature et D\u00e9veloppement Perpignan\" \/>\n<meta property=\"article:modified_time\" content=\"2025-06-17T12:58:26+00:00\" \/>\n<meta name=\"twitter:card\" content=\"summary_large_image\" \/>\n<meta name=\"twitter:label1\" content=\"Dur\u00e9e de lecture estim\u00e9e\" \/>\n\t<meta name=\"twitter:data1\" content=\"2 minutes\" \/>\n<script type=\"application\/ld+json\" class=\"yoast-schema-graph\">{\"@context\":\"https:\\\/\\\/schema.org\",\"@graph\":[{\"@type\":\"WebPage\",\"@id\":\"https:\\\/\\\/nature-et-developpement.com\\\/ned-perpignan\\\/produit\\\/vis-pour-planchers-bois-heco-topix-plus-inox-tete-fraisee-bombee\\\/\",\"url\":\"https:\\\/\\\/nature-et-developpement.com\\\/ned-perpignan\\\/produit\\\/vis-pour-planchers-bois-heco-topix-plus-inox-tete-fraisee-bombee\\\/\",\"name\":\"Vis pour planchers bois HECO-TOPIX-plus inox t\u00eate frais\u00e9e bomb\u00e9e\",\"isPartOf\":{\"@id\":\"https:\\\/\\\/nature-et-developpement.com\\\/ned-perpignan\\\/#website\"},\"primaryImageOfPage\":{\"@id\":\"https:\\\/\\\/nature-et-developpement.com\\\/ned-perpignan\\\/produit\\\/vis-pour-planchers-bois-heco-topix-plus-inox-tete-fraisee-bombee\\\/#primaryimage\"},\"image\":{\"@id\":\"https:\\\/\\\/nature-et-developpement.com\\\/ned-perpignan\\\/produit\\\/vis-pour-planchers-bois-heco-topix-plus-inox-tete-fraisee-bombee\\\/#primaryimage\"},\"thumbnailUrl\":\"https:\\\/\\\/nature-et-developpement.com\\\/ned-perpignan\\\/wp-content\\\/uploads\\\/Vis-pour-planchers-HECO-TOPIX-plus.jpg\",\"datePublished\":\"2022-06-02T06:53:12+00:00\",\"dateModified\":\"2025-06-17T12:58:26+00:00\",\"breadcrumb\":{\"@id\":\"https:\\\/\\\/nature-et-developpement.com\\\/ned-perpignan\\\/produit\\\/vis-pour-planchers-bois-heco-topix-plus-inox-tete-fraisee-bombee\\\/#breadcrumb\"},\"inLanguage\":\"fr-FR\",\"potentialAction\":[{\"@type\":\"ReadAction\",\"target\":[\"https:\\\/\\\/nature-et-developpement.com\\\/ned-perpignan\\\/produit\\\/vis-pour-planchers-bois-heco-topix-plus-inox-tete-fraisee-bombee\\\/\"]}]},{\"@type\":\"ImageObject\",\"inLanguage\":\"fr-FR\",\"@id\":\"https:\\\/\\\/nature-et-developpement.com\\\/ned-perpignan\\\/produit\\\/vis-pour-planchers-bois-heco-topix-plus-inox-tete-fraisee-bombee\\\/#primaryimage\",\"url\":\"https:\\\/\\\/nature-et-developpement.com\\\/ned-perpignan\\\/wp-content\\\/uploads\\\/Vis-pour-planchers-HECO-TOPIX-plus.jpg\",\"contentUrl\":\"https:\\\/\\\/nature-et-developpement.com\\\/ned-perpignan\\\/wp-content\\\/uploads\\\/Vis-pour-planchers-HECO-TOPIX-plus.jpg\"},{\"@type\":\"BreadcrumbList\",\"@id\":\"https:\\\/\\\/nature-et-developpement.com\\\/ned-perpignan\\\/produit\\\/vis-pour-planchers-bois-heco-topix-plus-inox-tete-fraisee-bombee\\\/#breadcrumb\",\"itemListElement\":[{\"@type\":\"ListItem\",\"position\":1,\"name\":\"Accueil\",\"item\":\"https:\\\/\\\/nature-et-developpement.com\\\/ned-perpignan\\\/\"},{\"@type\":\"ListItem\",\"position\":2,\"name\":\"Boutique\",\"item\":\"https:\\\/\\\/nature-et-developpement.com\\\/ned-perpignan\\\/boutique\\\/\"},{\"@type\":\"ListItem\",\"position\":3,\"name\":\"Construction, cloison et fen\u00eatres\",\"item\":\"https:\\\/\\\/nature-et-developpement.com\\\/ned-perpignan\\\/produits\\\/construction\\\/\"},{\"@type\":\"ListItem\",\"position\":4,\"name\":\"Accessoires construction\",\"item\":\"https:\\\/\\\/nature-et-developpement.com\\\/ned-perpignan\\\/produits\\\/construction\\\/accessoires-construction\\\/\"},{\"@type\":\"ListItem\",\"position\":5,\"name\":\"Vis pour planchers bois HECO-TOPIX-plus inox t\u00eate frais\u00e9e bomb\u00e9e avec nervures de fraisage\"}]},{\"@type\":\"WebSite\",\"@id\":\"https:\\\/\\\/nature-et-developpement.com\\\/ned-perpignan\\\/#website\",\"url\":\"https:\\\/\\\/nature-et-developpement.com\\\/ned-perpignan\\\/\",\"name\":\"Nature et D\u00e9veloppement Perpignan\",\"description\":\"Solutions, mat\u00e9riaux et d\u00e9coration \u00e9co-responsables pour les pros et les particuliers.\",\"potentialAction\":[{\"@type\":\"SearchAction\",\"target\":{\"@type\":\"EntryPoint\",\"urlTemplate\":\"https:\\\/\\\/nature-et-developpement.com\\\/ned-perpignan\\\/?s={search_term_string}\"},\"query-input\":{\"@type\":\"PropertyValueSpecification\",\"valueRequired\":true,\"valueName\":\"search_term_string\"}}],\"inLanguage\":\"fr-FR\"}]}<\/script>\n<!-- \/ Yoast SEO plugin. -->","yoast_head_json":{"title":"Vis pour planchers bois HECO-TOPIX-plus inox t\u00eate frais\u00e9e bomb\u00e9e","robots":{"index":"noindex","follow":"follow"},"og_locale":"fr_FR","og_type":"article","og_title":"Vis pour planchers bois HECO-TOPIX-plus inox t\u00eate frais\u00e9e bomb\u00e9e","og_description":"Essayez-la La vis HECO-TOPIX-plus pour planchers bois est une solution plus s\u00fbre et plus facile que le clou.  L'empreinte HECO-Drive, et ces\u00a0embouts d\u00e9di\u00e9s, vous permettes un travail d\u2019une seule main (m\u00eame pour les vis inox).","og_url":"https:\/\/nature-et-developpement.com\/ned-perpignan\/produit\/vis-pour-planchers-bois-heco-topix-plus-inox-tete-fraisee-bombee\/","og_site_name":"Nature et D\u00e9veloppement Perpignan","article_modified_time":"2025-06-17T12:58:26+00:00","twitter_card":"summary_large_image","twitter_misc":{"Dur\u00e9e de lecture estim\u00e9e":"2 minutes"},"schema":{"@context":"https:\/\/schema.org","@graph":[{"@type":"WebPage","@id":"https:\/\/nature-et-developpement.com\/ned-perpignan\/produit\/vis-pour-planchers-bois-heco-topix-plus-inox-tete-fraisee-bombee\/","url":"https:\/\/nature-et-developpement.com\/ned-perpignan\/produit\/vis-pour-planchers-bois-heco-topix-plus-inox-tete-fraisee-bombee\/","name":"Vis pour planchers bois HECO-TOPIX-plus inox t\u00eate frais\u00e9e bomb\u00e9e","isPartOf":{"@id":"https:\/\/nature-et-developpement.com\/ned-perpignan\/#website"},"primaryImageOfPage":{"@id":"https:\/\/nature-et-developpement.com\/ned-perpignan\/produit\/vis-pour-planchers-bois-heco-topix-plus-inox-tete-fraisee-bombee\/#primaryimage"},"image":{"@id":"https:\/\/nature-et-developpement.com\/ned-perpignan\/produit\/vis-pour-planchers-bois-heco-topix-plus-inox-tete-fraisee-bombee\/#primaryimage"},"thumbnailUrl":"https:\/\/nature-et-developpement.com\/ned-perpignan\/wp-content\/uploads\/Vis-pour-planchers-HECO-TOPIX-plus.jpg","datePublished":"2022-06-02T06:53:12+00:00","dateModified":"2025-06-17T12:58:26+00:00","breadcrumb":{"@id":"https:\/\/nature-et-developpement.com\/ned-perpignan\/produit\/vis-pour-planchers-bois-heco-topix-plus-inox-tete-fraisee-bombee\/#breadcrumb"},"inLanguage":"fr-FR","potentialAction":[{"@type":"ReadAction","target":["https:\/\/nature-et-developpement.com\/ned-perpignan\/produit\/vis-pour-planchers-bois-heco-topix-plus-inox-tete-fraisee-bombee\/"]}]},{"@type":"ImageObject","inLanguage":"fr-FR","@id":"https:\/\/nature-et-developpement.com\/ned-perpignan\/produit\/vis-pour-planchers-bois-heco-topix-plus-inox-tete-fraisee-bombee\/#primaryimage","url":"https:\/\/nature-et-developpement.com\/ned-perpignan\/wp-content\/uploads\/Vis-pour-planchers-HECO-TOPIX-plus.jpg","contentUrl":"https:\/\/nature-et-developpement.com\/ned-perpignan\/wp-content\/uploads\/Vis-pour-planchers-HECO-TOPIX-plus.jpg"},{"@type":"BreadcrumbList","@id":"https:\/\/nature-et-developpement.com\/ned-perpignan\/produit\/vis-pour-planchers-bois-heco-topix-plus-inox-tete-fraisee-bombee\/#breadcrumb","itemListElement":[{"@type":"ListItem","position":1,"name":"Accueil","item":"https:\/\/nature-et-developpement.com\/ned-perpignan\/"},{"@type":"ListItem","position":2,"name":"Boutique","item":"https:\/\/nature-et-developpement.com\/ned-perpignan\/boutique\/"},{"@type":"ListItem","position":3,"name":"Construction, cloison et fen\u00eatres","item":"https:\/\/nature-et-developpement.com\/ned-perpignan\/produits\/construction\/"},{"@type":"ListItem","position":4,"name":"Accessoires construction","item":"https:\/\/nature-et-developpement.com\/ned-perpignan\/produits\/construction\/accessoires-construction\/"},{"@type":"ListItem","position":5,"name":"Vis pour planchers bois HECO-TOPIX-plus inox t\u00eate frais\u00e9e bomb\u00e9e avec nervures de fraisage"}]},{"@type":"WebSite","@id":"https:\/\/nature-et-developpement.com\/ned-perpignan\/#website","url":"https:\/\/nature-et-developpement.com\/ned-perpignan\/","name":"Nature et D\u00e9veloppement Perpignan","description":"Solutions, mat\u00e9riaux et d\u00e9coration \u00e9co-responsables pour les pros et les particuliers.","potentialAction":[{"@type":"SearchAction","target":{"@type":"EntryPoint","urlTemplate":"https:\/\/nature-et-developpement.com\/ned-perpignan\/?s={search_term_string}"},"query-input":{"@type":"PropertyValueSpecification","valueRequired":true,"valueName":"search_term_string"}}],"inLanguage":"fr-FR"}]}},"distributor_meta":false,"distributor_terms":false,"distributor_media":false,"distributor_original_site_name":"Nature et D\u00e9veloppement Perpignan","distributor_original_site_url":"https:\/\/nature-et-developpement.com\/ned-perpignan","push-errors":false,"_links":{"self":[{"href":"https:\/\/nature-et-developpement.com\/ned-perpignan\/wp-json\/wp\/v2\/product\/12359","targetHints":{"allow":["GET"]}}],"collection":[{"href":"https:\/\/nature-et-developpement.com\/ned-perpignan\/wp-json\/wp\/v2\/product"}],"about":[{"href":"https:\/\/nature-et-developpement.com\/ned-perpignan\/wp-json\/wp\/v2\/types\/product"}],"wp:featuredmedia":[{"embeddable":true,"href":"https:\/\/nature-et-developpement.com\/ned-perpignan\/wp-json\/"}],"wp:attachment":[{"href":"https:\/\/nature-et-developpement.com\/ned-perpignan\/wp-json\/wp\/v2\/media?parent=12359"}],"wp:term":[{"taxonomy":"product_brand","embeddable":true,"href":"https:\/\/nature-et-developpement.com\/ned-perpignan\/wp-json\/wp\/v2\/product_brand?post=12359"},{"taxonomy":"product_cat","embeddable":true,"href":"https:\/\/nature-et-developpement.com\/ned-perpignan\/wp-json\/wp\/v2\/product_cat?post=12359"},{"taxonomy":"product_tag","embeddable":true,"href":"https:\/\/nature-et-developpement.com\/ned-perpignan\/wp-json\/wp\/v2\/product_tag?post=12359"}],"curies":[{"name":"wp","href":"https:\/\/api.w.org\/{rel}","templated":true}]}}