{"id":12370,"date":"2020-11-24T12:26:45","date_gmt":"2020-11-24T11:26:45","guid":{"rendered":"https:\/\/nature-et-developpement.com\/ned-perpignan\/produit\/vis-beton-et-maconnerie-multi-monti-plus\/"},"modified":"2025-06-17T14:58:26","modified_gmt":"2025-06-17T12:58:26","slug":"vis-beton-et-maconnerie-multi-monti-plus","status":"publish","type":"product","link":"https:\/\/nature-et-developpement.com\/ned-perpignan\/produit\/vis-beton-et-maconnerie-multi-monti-plus\/","title":{"rendered":"Vis d&rsquo;ancrage sans cheville pour b\u00e9ton MULTI-MONTI-plus plusieurs profils"},"content":{"rendered":"<h2>Vis d&rsquo;ancrage sans cheville pour b\u00e9ton s\u00fbre et rapide<\/h2>\n<p>La vis d&rsquo;ancrage MULTI-MONTI-plus, homologu\u00e9e par les services de contr\u00f4le de la construction, est ins\u00e9r\u00e9e sans cheville, directement dans un trou pr\u00e9-perc\u00e9, et peut \u00eatre mise sous contrainte imm\u00e9diatement.<\/p>\n<p>Sa pointe fonctionnelle d&rsquo;un diam\u00e8tre ext\u00e9rieur sup\u00e9rieur et dot\u00e9e d&rsquo;une denture renforc\u00e9e, d\u00e9coupe lors du vissage, un taraudage dans le mat\u00e9riau de construction.<\/p>\n<p>Il en r\u00e9sulte une liaison solidaire par le biais de laquelle s&rsquo;effectue l&rsquo;ancrage.<\/p>\n<p>Ce syst\u00e8me simplifie non seulement le processus de montage, mais il vous garantit \u00e9galement un haut niveau de s\u00e9curit\u00e9 d&rsquo;utilisation.<\/p>\n<p>Cette vis \u00e0 b\u00e9ton se monte \u00e0 proximit\u00e9 des bords sans cl\u00e9 dynamom\u00e9trique et est d\u00e9montable.<\/p>\n<p>&nbsp;<\/p>\n<p><img loading=\"lazy\" decoding=\"async\" class=\"alignnone wp-image-169084 size-full\" src=\"https:\/\/nature-et-developpement.com\/wp-content\/uploads\/Vis-dancrage-sans-cheville-pour-beton-MULTI-MONTI-plus-detail.jpg\" alt=\"\" width=\"600\" height=\"735\" \/><\/p>\n","protected":false},"excerpt":{"rendered":"<p>Cette vis d&rsquo;ancrage\u00a0est facile d&rsquo;utilisation, sans cheville, pour des montages dans le b\u00e9ton, mais\u00a0aussi pour de nombreux autres mat\u00e9riaux de construction comme la pierre naturelle, le marbre, le parpaing ou la briques pleine.<\/p>\n<p>Elle est s\u00fbre et d\u00e9montable.<\/p>\n","protected":false},"featured_media":1000000169082,"template":"","meta":[],"product_brand":[154],"product_cat":[2343,2342,81,117,119],"product_tag":[2772],"class_list":{"0":"post-12370","1":"product","2":"type-product","3":"status-publish","4":"has-post-thumbnail","6":"product_brand-heco","7":"product_cat-accessoires-construction","8":"product_cat-accessoires-isolation-et-etancheite","9":"product_cat-construction","10":"product_cat-droguerie-et-outils","11":"product_cat-visserie","12":"product_tag-heco","13":"product_shipping_class-petit-equipement-outil-eclairage","15":"first","16":"instock","17":"taxable","18":"shipping-taxable","19":"purchasable","20":"product-type-variable"},"yoast_head":"<!-- This site is optimized with the Yoast SEO plugin v27.5 - https:\/\/yoast.com\/product\/yoast-seo-wordpress\/ -->\n<title>Vis d&#039;ancrage sans cheville pour b\u00e9ton MULTI-MONTI-plus plusieurs profils - Nature et D\u00e9veloppement Perpignan<\/title>\n<meta name=\"robots\" content=\"noindex, follow\" \/>\n<meta property=\"og:locale\" content=\"fr_FR\" \/>\n<meta property=\"og:type\" content=\"article\" \/>\n<meta property=\"og:title\" content=\"Vis d&#039;ancrage sans cheville pour b\u00e9ton MULTI-MONTI-plus plusieurs profils - Nature et D\u00e9veloppement Perpignan\" \/>\n<meta property=\"og:description\" content=\"Cette vis d&#039;ancrage\u00a0est facile d&#039;utilisation, sans cheville, pour des montages dans le b\u00e9ton, mais\u00a0aussi pour de nombreux autres mat\u00e9riaux de construction comme la pierre naturelle, le marbre, le parpaing ou la briques pleine.  Elle est s\u00fbre et d\u00e9montable.\" \/>\n<meta property=\"og:url\" content=\"https:\/\/nature-et-developpement.com\/ned-perpignan\/produit\/vis-beton-et-maconnerie-multi-monti-plus\/\" \/>\n<meta property=\"og:site_name\" content=\"Nature et D\u00e9veloppement Perpignan\" \/>\n<meta property=\"article:modified_time\" content=\"2025-06-17T12:58:26+00:00\" \/>\n<meta name=\"twitter:card\" content=\"summary_large_image\" \/>\n<meta name=\"twitter:label1\" content=\"Dur\u00e9e de lecture estim\u00e9e\" \/>\n\t<meta name=\"twitter:data1\" content=\"1 minute\" \/>\n<script type=\"application\/ld+json\" class=\"yoast-schema-graph\">{\"@context\":\"https:\\\/\\\/schema.org\",\"@graph\":[{\"@type\":\"WebPage\",\"@id\":\"https:\\\/\\\/nature-et-developpement.com\\\/ned-perpignan\\\/produit\\\/vis-beton-et-maconnerie-multi-monti-plus\\\/\",\"url\":\"https:\\\/\\\/nature-et-developpement.com\\\/ned-perpignan\\\/produit\\\/vis-beton-et-maconnerie-multi-monti-plus\\\/\",\"name\":\"Vis d'ancrage sans cheville pour b\u00e9ton MULTI-MONTI-plus plusieurs profils - Nature et D\u00e9veloppement Perpignan\",\"isPartOf\":{\"@id\":\"https:\\\/\\\/nature-et-developpement.com\\\/ned-perpignan\\\/#website\"},\"primaryImageOfPage\":{\"@id\":\"https:\\\/\\\/nature-et-developpement.com\\\/ned-perpignan\\\/produit\\\/vis-beton-et-maconnerie-multi-monti-plus\\\/#primaryimage\"},\"image\":{\"@id\":\"https:\\\/\\\/nature-et-developpement.com\\\/ned-perpignan\\\/produit\\\/vis-beton-et-maconnerie-multi-monti-plus\\\/#primaryimage\"},\"thumbnailUrl\":\"https:\\\/\\\/nature-et-developpement.com\\\/ned-perpignan\\\/wp-content\\\/uploads\\\/Vis-dancrage-sans-cheville-pour-beton-MULTI-MONTI-plus-SS.jpg\",\"datePublished\":\"2020-11-24T11:26:45+00:00\",\"dateModified\":\"2025-06-17T12:58:26+00:00\",\"breadcrumb\":{\"@id\":\"https:\\\/\\\/nature-et-developpement.com\\\/ned-perpignan\\\/produit\\\/vis-beton-et-maconnerie-multi-monti-plus\\\/#breadcrumb\"},\"inLanguage\":\"fr-FR\",\"potentialAction\":[{\"@type\":\"ReadAction\",\"target\":[\"https:\\\/\\\/nature-et-developpement.com\\\/ned-perpignan\\\/produit\\\/vis-beton-et-maconnerie-multi-monti-plus\\\/\"]}]},{\"@type\":\"ImageObject\",\"inLanguage\":\"fr-FR\",\"@id\":\"https:\\\/\\\/nature-et-developpement.com\\\/ned-perpignan\\\/produit\\\/vis-beton-et-maconnerie-multi-monti-plus\\\/#primaryimage\",\"url\":\"https:\\\/\\\/nature-et-developpement.com\\\/ned-perpignan\\\/wp-content\\\/uploads\\\/Vis-dancrage-sans-cheville-pour-beton-MULTI-MONTI-plus-SS.jpg\",\"contentUrl\":\"https:\\\/\\\/nature-et-developpement.com\\\/ned-perpignan\\\/wp-content\\\/uploads\\\/Vis-dancrage-sans-cheville-pour-beton-MULTI-MONTI-plus-SS.jpg\"},{\"@type\":\"BreadcrumbList\",\"@id\":\"https:\\\/\\\/nature-et-developpement.com\\\/ned-perpignan\\\/produit\\\/vis-beton-et-maconnerie-multi-monti-plus\\\/#breadcrumb\",\"itemListElement\":[{\"@type\":\"ListItem\",\"position\":1,\"name\":\"Accueil\",\"item\":\"https:\\\/\\\/nature-et-developpement.com\\\/ned-perpignan\\\/\"},{\"@type\":\"ListItem\",\"position\":2,\"name\":\"Boutique\",\"item\":\"https:\\\/\\\/nature-et-developpement.com\\\/ned-perpignan\\\/boutique\\\/\"},{\"@type\":\"ListItem\",\"position\":3,\"name\":\"Construction, cloison et fen\u00eatres\",\"item\":\"https:\\\/\\\/nature-et-developpement.com\\\/ned-perpignan\\\/produits\\\/construction\\\/\"},{\"@type\":\"ListItem\",\"position\":4,\"name\":\"Accessoires construction\",\"item\":\"https:\\\/\\\/nature-et-developpement.com\\\/ned-perpignan\\\/produits\\\/construction\\\/accessoires-construction\\\/\"},{\"@type\":\"ListItem\",\"position\":5,\"name\":\"Vis d&rsquo;ancrage sans cheville pour b\u00e9ton MULTI-MONTI-plus plusieurs profils\"}]},{\"@type\":\"WebSite\",\"@id\":\"https:\\\/\\\/nature-et-developpement.com\\\/ned-perpignan\\\/#website\",\"url\":\"https:\\\/\\\/nature-et-developpement.com\\\/ned-perpignan\\\/\",\"name\":\"Nature et D\u00e9veloppement Perpignan\",\"description\":\"Solutions, mat\u00e9riaux et d\u00e9coration \u00e9co-responsables pour les pros et les particuliers.\",\"potentialAction\":[{\"@type\":\"SearchAction\",\"target\":{\"@type\":\"EntryPoint\",\"urlTemplate\":\"https:\\\/\\\/nature-et-developpement.com\\\/ned-perpignan\\\/?s={search_term_string}\"},\"query-input\":{\"@type\":\"PropertyValueSpecification\",\"valueRequired\":true,\"valueName\":\"search_term_string\"}}],\"inLanguage\":\"fr-FR\"}]}<\/script>\n<!-- \/ Yoast SEO plugin. -->","yoast_head_json":{"title":"Vis d'ancrage sans cheville pour b\u00e9ton MULTI-MONTI-plus plusieurs profils - Nature et D\u00e9veloppement Perpignan","robots":{"index":"noindex","follow":"follow"},"og_locale":"fr_FR","og_type":"article","og_title":"Vis d'ancrage sans cheville pour b\u00e9ton MULTI-MONTI-plus plusieurs profils - Nature et D\u00e9veloppement Perpignan","og_description":"Cette vis d'ancrage\u00a0est facile d'utilisation, sans cheville, pour des montages dans le b\u00e9ton, mais\u00a0aussi pour de nombreux autres mat\u00e9riaux de construction comme la pierre naturelle, le marbre, le parpaing ou la briques pleine.  Elle est s\u00fbre et d\u00e9montable.","og_url":"https:\/\/nature-et-developpement.com\/ned-perpignan\/produit\/vis-beton-et-maconnerie-multi-monti-plus\/","og_site_name":"Nature et D\u00e9veloppement Perpignan","article_modified_time":"2025-06-17T12:58:26+00:00","twitter_card":"summary_large_image","twitter_misc":{"Dur\u00e9e de lecture estim\u00e9e":"1 minute"},"schema":{"@context":"https:\/\/schema.org","@graph":[{"@type":"WebPage","@id":"https:\/\/nature-et-developpement.com\/ned-perpignan\/produit\/vis-beton-et-maconnerie-multi-monti-plus\/","url":"https:\/\/nature-et-developpement.com\/ned-perpignan\/produit\/vis-beton-et-maconnerie-multi-monti-plus\/","name":"Vis d'ancrage sans cheville pour b\u00e9ton MULTI-MONTI-plus plusieurs profils - Nature et D\u00e9veloppement Perpignan","isPartOf":{"@id":"https:\/\/nature-et-developpement.com\/ned-perpignan\/#website"},"primaryImageOfPage":{"@id":"https:\/\/nature-et-developpement.com\/ned-perpignan\/produit\/vis-beton-et-maconnerie-multi-monti-plus\/#primaryimage"},"image":{"@id":"https:\/\/nature-et-developpement.com\/ned-perpignan\/produit\/vis-beton-et-maconnerie-multi-monti-plus\/#primaryimage"},"thumbnailUrl":"https:\/\/nature-et-developpement.com\/ned-perpignan\/wp-content\/uploads\/Vis-dancrage-sans-cheville-pour-beton-MULTI-MONTI-plus-SS.jpg","datePublished":"2020-11-24T11:26:45+00:00","dateModified":"2025-06-17T12:58:26+00:00","breadcrumb":{"@id":"https:\/\/nature-et-developpement.com\/ned-perpignan\/produit\/vis-beton-et-maconnerie-multi-monti-plus\/#breadcrumb"},"inLanguage":"fr-FR","potentialAction":[{"@type":"ReadAction","target":["https:\/\/nature-et-developpement.com\/ned-perpignan\/produit\/vis-beton-et-maconnerie-multi-monti-plus\/"]}]},{"@type":"ImageObject","inLanguage":"fr-FR","@id":"https:\/\/nature-et-developpement.com\/ned-perpignan\/produit\/vis-beton-et-maconnerie-multi-monti-plus\/#primaryimage","url":"https:\/\/nature-et-developpement.com\/ned-perpignan\/wp-content\/uploads\/Vis-dancrage-sans-cheville-pour-beton-MULTI-MONTI-plus-SS.jpg","contentUrl":"https:\/\/nature-et-developpement.com\/ned-perpignan\/wp-content\/uploads\/Vis-dancrage-sans-cheville-pour-beton-MULTI-MONTI-plus-SS.jpg"},{"@type":"BreadcrumbList","@id":"https:\/\/nature-et-developpement.com\/ned-perpignan\/produit\/vis-beton-et-maconnerie-multi-monti-plus\/#breadcrumb","itemListElement":[{"@type":"ListItem","position":1,"name":"Accueil","item":"https:\/\/nature-et-developpement.com\/ned-perpignan\/"},{"@type":"ListItem","position":2,"name":"Boutique","item":"https:\/\/nature-et-developpement.com\/ned-perpignan\/boutique\/"},{"@type":"ListItem","position":3,"name":"Construction, cloison et fen\u00eatres","item":"https:\/\/nature-et-developpement.com\/ned-perpignan\/produits\/construction\/"},{"@type":"ListItem","position":4,"name":"Accessoires construction","item":"https:\/\/nature-et-developpement.com\/ned-perpignan\/produits\/construction\/accessoires-construction\/"},{"@type":"ListItem","position":5,"name":"Vis d&rsquo;ancrage sans cheville pour b\u00e9ton MULTI-MONTI-plus plusieurs profils"}]},{"@type":"WebSite","@id":"https:\/\/nature-et-developpement.com\/ned-perpignan\/#website","url":"https:\/\/nature-et-developpement.com\/ned-perpignan\/","name":"Nature et D\u00e9veloppement Perpignan","description":"Solutions, mat\u00e9riaux et d\u00e9coration \u00e9co-responsables pour les pros et les particuliers.","potentialAction":[{"@type":"SearchAction","target":{"@type":"EntryPoint","urlTemplate":"https:\/\/nature-et-developpement.com\/ned-perpignan\/?s={search_term_string}"},"query-input":{"@type":"PropertyValueSpecification","valueRequired":true,"valueName":"search_term_string"}}],"inLanguage":"fr-FR"}]}},"distributor_meta":false,"distributor_terms":false,"distributor_media":false,"distributor_original_site_name":"Nature et D\u00e9veloppement Perpignan","distributor_original_site_url":"https:\/\/nature-et-developpement.com\/ned-perpignan","push-errors":false,"_links":{"self":[{"href":"https:\/\/nature-et-developpement.com\/ned-perpignan\/wp-json\/wp\/v2\/product\/12370","targetHints":{"allow":["GET"]}}],"collection":[{"href":"https:\/\/nature-et-developpement.com\/ned-perpignan\/wp-json\/wp\/v2\/product"}],"about":[{"href":"https:\/\/nature-et-developpement.com\/ned-perpignan\/wp-json\/wp\/v2\/types\/product"}],"wp:featuredmedia":[{"embeddable":true,"href":"https:\/\/nature-et-developpement.com\/ned-perpignan\/wp-json\/"}],"wp:attachment":[{"href":"https:\/\/nature-et-developpement.com\/ned-perpignan\/wp-json\/wp\/v2\/media?parent=12370"}],"wp:term":[{"taxonomy":"product_brand","embeddable":true,"href":"https:\/\/nature-et-developpement.com\/ned-perpignan\/wp-json\/wp\/v2\/product_brand?post=12370"},{"taxonomy":"product_cat","embeddable":true,"href":"https:\/\/nature-et-developpement.com\/ned-perpignan\/wp-json\/wp\/v2\/product_cat?post=12370"},{"taxonomy":"product_tag","embeddable":true,"href":"https:\/\/nature-et-developpement.com\/ned-perpignan\/wp-json\/wp\/v2\/product_tag?post=12370"}],"curies":[{"name":"wp","href":"https:\/\/api.w.org\/{rel}","templated":true}]}}