{"id":12375,"date":"2020-11-24T12:26:38","date_gmt":"2020-11-24T11:26:38","guid":{"rendered":"https:\/\/nature-et-developpement.com\/ned-perpignan\/produit\/vis-pour-mdf-a-tete-fraisee-zingue-blanc-heco-ufix\/"},"modified":"2025-06-17T14:58:26","modified_gmt":"2025-06-17T12:58:26","slug":"vis-pour-mdf-a-tete-fraisee-zingue-blanc-heco-ufix","status":"publish","type":"product","link":"https:\/\/nature-et-developpement.com\/ned-perpignan\/produit\/vis-pour-mdf-a-tete-fraisee-zingue-blanc-heco-ufix\/","title":{"rendered":"Vis pour MDF et HDF \u00e0 t\u00eate frais\u00e9e \u00e0 poches de fraisage HECO-UFIX"},"content":{"rendered":"<h2>La vis id\u00e9ale pour l\u2019assemblage de panneaux MDF et HDF<\/h2>\n<p>HECO-UFIX est un moyen d&rsquo;assemblage indispensable pour tous ceux qui travaillent avec des panneaux MDF ou HDF.<\/p>\n<p>Les panneaux MDF sont tr\u00e8s souvent utilis\u00e9s dans la fabrication de meubles, la construction de moules et de maquettes et la construction de cuisines.<\/p>\n<p>La pointe de per\u00e7age MDF de forme sp\u00e9ciale permet de centrer la vis d\u00e8s son positionnement sur la pi\u00e8ce \u00e0 visser, et de d\u00e9grossir une grande quantit\u00e9 de mat\u00e9riau lors du per\u00e7age d&rsquo;avant-trous.<\/p>\n<p>Gr\u00e2ce aux nervures de fraisage sur la pointe de la vis, on \u00e9vite les fissurations dans les panneaux MDF ainsi que la formation de renflements au niveau de la surface de panneaux viss\u00e9s dans le sens du fil du bois dans un angle de 0\u00b0.<\/p>\n<h3>Les avantages de cette vis:<\/h3>\n<ul>\n<li>Possibilit\u00e9 de visser les vis pr\u00e8s du bord et de mani\u00e8re rapproch\u00e9e les unes des autres<\/li>\n<li>Vissage sur le chant r\u00e9alisable sans pr\u00e9-per\u00e7age<\/li>\n<li>Elargissement du trou de per\u00e7age gr\u00e2ce aux nervures de fraisage sur la pointe ; ceci r\u00e9duit consid\u00e9rablement les fissurations dans le MDF et les renflements<\/li>\n<li>Positionnement exact et pr\u00e9cis gr\u00e2ce \u00e0 la pointe de per\u00e7age sur le MDF et HDF<\/li>\n<li>L\u2019embout HECO-Drive et l\u2019empreinte de la vis sont parfaitement adapt\u00e9s l\u2019un \u00e0 l\u2019autre cr\u00e9ant un effet \u00ab stick fit \u00bb ; l\u2019embout est embo\u00eet\u00e9 correctement dans l\u2019empreinte de la vis permettant de visser dans toutes les positions sans que la vis ne tombe<\/li>\n<li>Une seule taille d\u2019empreinte pour toute la gamme<\/li>\n<\/ul>\n<p>&nbsp;<\/p>\n<p><img loading=\"lazy\" decoding=\"async\" class=\" size-full wp-image-143790\" src=\"https:\/\/nature-et-developpement.com\/wp-content\/uploads\/cms\/HECO\/UFIX-HECO-2020.jpg\" alt=\"\" width=\"584\" height=\"770\" \/><\/p>\n","protected":false},"excerpt":{"rendered":"<p>Pour l&rsquo;assemblage de panneaux de MDF et HDF, m\u00eame dans le champ du panneau.<\/p>\n<p>L\u2019embout HECO-Drive\u00a0et l\u2019empreinte de la vis sont parfaitement adapt\u00e9s l\u2019un \u00e0 l\u2019autre cr\u00e9ant un effet \u00ab stick fit \u00bb, permettant de visser dans toutes les positions sans que la vis ne tombe.<\/p>\n","protected":false},"featured_media":1000000168952,"template":"","meta":[],"product_brand":[154],"product_cat":[2345,2343,103,119],"product_tag":[2772],"class_list":{"0":"post-12375","1":"product","2":"type-product","3":"status-publish","4":"has-post-thumbnail","6":"product_brand-heco","7":"product_cat-accessoires-agencement-interieur","8":"product_cat-accessoires-construction","9":"product_cat-plinthes-et-accessoires","10":"product_cat-visserie","11":"product_tag-heco","12":"product_shipping_class-petit-equipement-outil-eclairage","14":"first","15":"instock","16":"taxable","17":"shipping-taxable","18":"purchasable","19":"product-type-variable"},"yoast_head":"<!-- This site is optimized with the Yoast SEO plugin v27.5 - https:\/\/yoast.com\/product\/yoast-seo-wordpress\/ -->\n<title>Vis pour MDF et HDF \u00e0 t\u00eate frais\u00e9e \u00e0 poches de fraisage HECO-UFIX - Nature et D\u00e9veloppement Perpignan<\/title>\n<meta name=\"robots\" content=\"noindex, follow\" \/>\n<meta property=\"og:locale\" content=\"fr_FR\" \/>\n<meta property=\"og:type\" content=\"article\" \/>\n<meta property=\"og:title\" content=\"Vis pour MDF et HDF \u00e0 t\u00eate frais\u00e9e \u00e0 poches de fraisage HECO-UFIX - Nature et D\u00e9veloppement Perpignan\" \/>\n<meta property=\"og:description\" content=\"Pour l&#039;assemblage de panneaux de MDF et HDF, m\u00eame dans le champ du panneau.  L\u2019embout HECO-Drive\u00a0et l\u2019empreinte de la vis sont parfaitement adapt\u00e9s l\u2019un \u00e0 l\u2019autre cr\u00e9ant un effet \u00ab stick fit \u00bb, permettant de visser dans toutes les positions sans que la vis ne tombe.\" \/>\n<meta property=\"og:url\" content=\"https:\/\/nature-et-developpement.com\/ned-perpignan\/produit\/vis-pour-mdf-a-tete-fraisee-zingue-blanc-heco-ufix\/\" \/>\n<meta property=\"og:site_name\" content=\"Nature et D\u00e9veloppement Perpignan\" \/>\n<meta property=\"article:modified_time\" content=\"2025-06-17T12:58:26+00:00\" \/>\n<meta name=\"twitter:card\" content=\"summary_large_image\" \/>\n<meta name=\"twitter:label1\" content=\"Dur\u00e9e de lecture estim\u00e9e\" \/>\n\t<meta name=\"twitter:data1\" content=\"2 minutes\" \/>\n<script type=\"application\/ld+json\" class=\"yoast-schema-graph\">{\"@context\":\"https:\\\/\\\/schema.org\",\"@graph\":[{\"@type\":\"WebPage\",\"@id\":\"https:\\\/\\\/nature-et-developpement.com\\\/ned-perpignan\\\/produit\\\/vis-pour-mdf-a-tete-fraisee-zingue-blanc-heco-ufix\\\/\",\"url\":\"https:\\\/\\\/nature-et-developpement.com\\\/ned-perpignan\\\/produit\\\/vis-pour-mdf-a-tete-fraisee-zingue-blanc-heco-ufix\\\/\",\"name\":\"Vis pour MDF et HDF \u00e0 t\u00eate frais\u00e9e \u00e0 poches de fraisage HECO-UFIX - Nature et D\u00e9veloppement Perpignan\",\"isPartOf\":{\"@id\":\"https:\\\/\\\/nature-et-developpement.com\\\/ned-perpignan\\\/#website\"},\"primaryImageOfPage\":{\"@id\":\"https:\\\/\\\/nature-et-developpement.com\\\/ned-perpignan\\\/produit\\\/vis-pour-mdf-a-tete-fraisee-zingue-blanc-heco-ufix\\\/#primaryimage\"},\"image\":{\"@id\":\"https:\\\/\\\/nature-et-developpement.com\\\/ned-perpignan\\\/produit\\\/vis-pour-mdf-a-tete-fraisee-zingue-blanc-heco-ufix\\\/#primaryimage\"},\"thumbnailUrl\":\"https:\\\/\\\/nature-et-developpement.com\\\/ned-perpignan\\\/wp-content\\\/uploads\\\/Vis-pour-MDF-a-tete-fraisee-zingue-blanc-HECO-UFIX.jpg\",\"datePublished\":\"2020-11-24T11:26:38+00:00\",\"dateModified\":\"2025-06-17T12:58:26+00:00\",\"breadcrumb\":{\"@id\":\"https:\\\/\\\/nature-et-developpement.com\\\/ned-perpignan\\\/produit\\\/vis-pour-mdf-a-tete-fraisee-zingue-blanc-heco-ufix\\\/#breadcrumb\"},\"inLanguage\":\"fr-FR\",\"potentialAction\":[{\"@type\":\"ReadAction\",\"target\":[\"https:\\\/\\\/nature-et-developpement.com\\\/ned-perpignan\\\/produit\\\/vis-pour-mdf-a-tete-fraisee-zingue-blanc-heco-ufix\\\/\"]}]},{\"@type\":\"ImageObject\",\"inLanguage\":\"fr-FR\",\"@id\":\"https:\\\/\\\/nature-et-developpement.com\\\/ned-perpignan\\\/produit\\\/vis-pour-mdf-a-tete-fraisee-zingue-blanc-heco-ufix\\\/#primaryimage\",\"url\":\"https:\\\/\\\/nature-et-developpement.com\\\/ned-perpignan\\\/wp-content\\\/uploads\\\/Vis-pour-MDF-a-tete-fraisee-zingue-blanc-HECO-UFIX.jpg\",\"contentUrl\":\"https:\\\/\\\/nature-et-developpement.com\\\/ned-perpignan\\\/wp-content\\\/uploads\\\/Vis-pour-MDF-a-tete-fraisee-zingue-blanc-HECO-UFIX.jpg\"},{\"@type\":\"BreadcrumbList\",\"@id\":\"https:\\\/\\\/nature-et-developpement.com\\\/ned-perpignan\\\/produit\\\/vis-pour-mdf-a-tete-fraisee-zingue-blanc-heco-ufix\\\/#breadcrumb\",\"itemListElement\":[{\"@type\":\"ListItem\",\"position\":1,\"name\":\"Accueil\",\"item\":\"https:\\\/\\\/nature-et-developpement.com\\\/ned-perpignan\\\/\"},{\"@type\":\"ListItem\",\"position\":2,\"name\":\"Boutique\",\"item\":\"https:\\\/\\\/nature-et-developpement.com\\\/ned-perpignan\\\/boutique\\\/\"},{\"@type\":\"ListItem\",\"position\":3,\"name\":\"Agencement int\u00e9rieur\",\"item\":\"https:\\\/\\\/nature-et-developpement.com\\\/ned-perpignan\\\/produits\\\/agencement-interieur\\\/\"},{\"@type\":\"ListItem\",\"position\":4,\"name\":\"Accessoires agencement int\u00e9rieur\",\"item\":\"https:\\\/\\\/nature-et-developpement.com\\\/ned-perpignan\\\/produits\\\/agencement-interieur\\\/accessoires-agencement-interieur\\\/\"},{\"@type\":\"ListItem\",\"position\":5,\"name\":\"Vis pour MDF et HDF \u00e0 t\u00eate frais\u00e9e \u00e0 poches de fraisage HECO-UFIX\"}]},{\"@type\":\"WebSite\",\"@id\":\"https:\\\/\\\/nature-et-developpement.com\\\/ned-perpignan\\\/#website\",\"url\":\"https:\\\/\\\/nature-et-developpement.com\\\/ned-perpignan\\\/\",\"name\":\"Nature et D\u00e9veloppement Perpignan\",\"description\":\"Solutions, mat\u00e9riaux et d\u00e9coration \u00e9co-responsables pour les pros et les particuliers.\",\"potentialAction\":[{\"@type\":\"SearchAction\",\"target\":{\"@type\":\"EntryPoint\",\"urlTemplate\":\"https:\\\/\\\/nature-et-developpement.com\\\/ned-perpignan\\\/?s={search_term_string}\"},\"query-input\":{\"@type\":\"PropertyValueSpecification\",\"valueRequired\":true,\"valueName\":\"search_term_string\"}}],\"inLanguage\":\"fr-FR\"}]}<\/script>\n<!-- \/ Yoast SEO plugin. -->","yoast_head_json":{"title":"Vis pour MDF et HDF \u00e0 t\u00eate frais\u00e9e \u00e0 poches de fraisage HECO-UFIX - Nature et D\u00e9veloppement Perpignan","robots":{"index":"noindex","follow":"follow"},"og_locale":"fr_FR","og_type":"article","og_title":"Vis pour MDF et HDF \u00e0 t\u00eate frais\u00e9e \u00e0 poches de fraisage HECO-UFIX - Nature et D\u00e9veloppement Perpignan","og_description":"Pour l'assemblage de panneaux de MDF et HDF, m\u00eame dans le champ du panneau.  L\u2019embout HECO-Drive\u00a0et l\u2019empreinte de la vis sont parfaitement adapt\u00e9s l\u2019un \u00e0 l\u2019autre cr\u00e9ant un effet \u00ab stick fit \u00bb, permettant de visser dans toutes les positions sans que la vis ne tombe.","og_url":"https:\/\/nature-et-developpement.com\/ned-perpignan\/produit\/vis-pour-mdf-a-tete-fraisee-zingue-blanc-heco-ufix\/","og_site_name":"Nature et D\u00e9veloppement Perpignan","article_modified_time":"2025-06-17T12:58:26+00:00","twitter_card":"summary_large_image","twitter_misc":{"Dur\u00e9e de lecture estim\u00e9e":"2 minutes"},"schema":{"@context":"https:\/\/schema.org","@graph":[{"@type":"WebPage","@id":"https:\/\/nature-et-developpement.com\/ned-perpignan\/produit\/vis-pour-mdf-a-tete-fraisee-zingue-blanc-heco-ufix\/","url":"https:\/\/nature-et-developpement.com\/ned-perpignan\/produit\/vis-pour-mdf-a-tete-fraisee-zingue-blanc-heco-ufix\/","name":"Vis pour MDF et HDF \u00e0 t\u00eate frais\u00e9e \u00e0 poches de fraisage HECO-UFIX - Nature et D\u00e9veloppement Perpignan","isPartOf":{"@id":"https:\/\/nature-et-developpement.com\/ned-perpignan\/#website"},"primaryImageOfPage":{"@id":"https:\/\/nature-et-developpement.com\/ned-perpignan\/produit\/vis-pour-mdf-a-tete-fraisee-zingue-blanc-heco-ufix\/#primaryimage"},"image":{"@id":"https:\/\/nature-et-developpement.com\/ned-perpignan\/produit\/vis-pour-mdf-a-tete-fraisee-zingue-blanc-heco-ufix\/#primaryimage"},"thumbnailUrl":"https:\/\/nature-et-developpement.com\/ned-perpignan\/wp-content\/uploads\/Vis-pour-MDF-a-tete-fraisee-zingue-blanc-HECO-UFIX.jpg","datePublished":"2020-11-24T11:26:38+00:00","dateModified":"2025-06-17T12:58:26+00:00","breadcrumb":{"@id":"https:\/\/nature-et-developpement.com\/ned-perpignan\/produit\/vis-pour-mdf-a-tete-fraisee-zingue-blanc-heco-ufix\/#breadcrumb"},"inLanguage":"fr-FR","potentialAction":[{"@type":"ReadAction","target":["https:\/\/nature-et-developpement.com\/ned-perpignan\/produit\/vis-pour-mdf-a-tete-fraisee-zingue-blanc-heco-ufix\/"]}]},{"@type":"ImageObject","inLanguage":"fr-FR","@id":"https:\/\/nature-et-developpement.com\/ned-perpignan\/produit\/vis-pour-mdf-a-tete-fraisee-zingue-blanc-heco-ufix\/#primaryimage","url":"https:\/\/nature-et-developpement.com\/ned-perpignan\/wp-content\/uploads\/Vis-pour-MDF-a-tete-fraisee-zingue-blanc-HECO-UFIX.jpg","contentUrl":"https:\/\/nature-et-developpement.com\/ned-perpignan\/wp-content\/uploads\/Vis-pour-MDF-a-tete-fraisee-zingue-blanc-HECO-UFIX.jpg"},{"@type":"BreadcrumbList","@id":"https:\/\/nature-et-developpement.com\/ned-perpignan\/produit\/vis-pour-mdf-a-tete-fraisee-zingue-blanc-heco-ufix\/#breadcrumb","itemListElement":[{"@type":"ListItem","position":1,"name":"Accueil","item":"https:\/\/nature-et-developpement.com\/ned-perpignan\/"},{"@type":"ListItem","position":2,"name":"Boutique","item":"https:\/\/nature-et-developpement.com\/ned-perpignan\/boutique\/"},{"@type":"ListItem","position":3,"name":"Agencement int\u00e9rieur","item":"https:\/\/nature-et-developpement.com\/ned-perpignan\/produits\/agencement-interieur\/"},{"@type":"ListItem","position":4,"name":"Accessoires agencement int\u00e9rieur","item":"https:\/\/nature-et-developpement.com\/ned-perpignan\/produits\/agencement-interieur\/accessoires-agencement-interieur\/"},{"@type":"ListItem","position":5,"name":"Vis pour MDF et HDF \u00e0 t\u00eate frais\u00e9e \u00e0 poches de fraisage HECO-UFIX"}]},{"@type":"WebSite","@id":"https:\/\/nature-et-developpement.com\/ned-perpignan\/#website","url":"https:\/\/nature-et-developpement.com\/ned-perpignan\/","name":"Nature et D\u00e9veloppement Perpignan","description":"Solutions, mat\u00e9riaux et d\u00e9coration \u00e9co-responsables pour les pros et les particuliers.","potentialAction":[{"@type":"SearchAction","target":{"@type":"EntryPoint","urlTemplate":"https:\/\/nature-et-developpement.com\/ned-perpignan\/?s={search_term_string}"},"query-input":{"@type":"PropertyValueSpecification","valueRequired":true,"valueName":"search_term_string"}}],"inLanguage":"fr-FR"}]}},"distributor_meta":false,"distributor_terms":false,"distributor_media":false,"distributor_original_site_name":"Nature et D\u00e9veloppement Perpignan","distributor_original_site_url":"https:\/\/nature-et-developpement.com\/ned-perpignan","push-errors":false,"_links":{"self":[{"href":"https:\/\/nature-et-developpement.com\/ned-perpignan\/wp-json\/wp\/v2\/product\/12375","targetHints":{"allow":["GET"]}}],"collection":[{"href":"https:\/\/nature-et-developpement.com\/ned-perpignan\/wp-json\/wp\/v2\/product"}],"about":[{"href":"https:\/\/nature-et-developpement.com\/ned-perpignan\/wp-json\/wp\/v2\/types\/product"}],"wp:featuredmedia":[{"embeddable":true,"href":"https:\/\/nature-et-developpement.com\/ned-perpignan\/wp-json\/"}],"wp:attachment":[{"href":"https:\/\/nature-et-developpement.com\/ned-perpignan\/wp-json\/wp\/v2\/media?parent=12375"}],"wp:term":[{"taxonomy":"product_brand","embeddable":true,"href":"https:\/\/nature-et-developpement.com\/ned-perpignan\/wp-json\/wp\/v2\/product_brand?post=12375"},{"taxonomy":"product_cat","embeddable":true,"href":"https:\/\/nature-et-developpement.com\/ned-perpignan\/wp-json\/wp\/v2\/product_cat?post=12375"},{"taxonomy":"product_tag","embeddable":true,"href":"https:\/\/nature-et-developpement.com\/ned-perpignan\/wp-json\/wp\/v2\/product_tag?post=12375"}],"curies":[{"name":"wp","href":"https:\/\/api.w.org\/{rel}","templated":true}]}}