{"id":12397,"date":"2020-11-24T12:26:16","date_gmt":"2020-11-24T11:26:16","guid":{"rendered":"https:\/\/nature-et-developpement.com\/ned-perpignan\/produit\/boite-d-embouts-heco\/"},"modified":"2025-06-17T14:58:26","modified_gmt":"2025-06-17T12:58:26","slug":"boite-d-embouts-heco","status":"publish","type":"product","link":"https:\/\/nature-et-developpement.com\/ned-perpignan\/produit\/boite-d-embouts-heco\/","title":{"rendered":"Bo\u00eete d&#8217;embouts 25mm HECO-Drive avec effet GripFit"},"content":{"rendered":"<h2>Embout HECO-Drive avec effet GripFit<\/h2>\n<p>Toute aide est bonne \u00e0 prendre sur un chantier et il est nettement plus facile de travailler lorsqu\u2019une main reste libre.<\/p>\n<p>Rien de tel donc que les embouts magn\u00e9tiques qui maintiennent la vis sur l\u2019outil.<\/p>\n<p>La bonne nouvelle est que c\u2019est d\u00e9sormais aussi possible avec des vis en acier inoxydable gr\u00e2ce \u00e0 HECO-Drive avec effet GripFit.<\/p>\n<p>Le syst\u00e8me parfaitement coordonn\u00e9 ne fonctionne pas par action magn\u00e9tique mais m\u00e9canique : l\u2019embout a une forme l\u00e9g\u00e8rement conique, de sorte que la vis est maintenue par friction sur l\u2019embout \u2013 ce qui vous permet de r\u00e9aliser ais\u00e9ment vos travaux de vissage d\u2019une seule main.<\/p>\n<p>Avec l\u2019HECO-ClicFix, l\u2019embout est fix\u00e9 en toute s\u00e9curit\u00e9 sur la machine et peut \u00eatre chang\u00e9 rapidement.<\/p>\n<p>Les embouts HD aussi bien que T-Drive sont compatibles avec les vis \u00e0 empreinte HD et T-Drive.<\/p>\n","protected":false},"excerpt":{"rendered":"<p>Avec le bon embout, la bonne vis, on fait du bon travail&#8230;<\/p>\n<p>Sa forme bien particuli\u00e8re vous permet un\u00a0vissage d\u2019une seule main, m\u00eame avec des vis inox.<\/p>\n","protected":false},"featured_media":1000000168946,"template":"","meta":[],"product_brand":[154],"product_cat":[96],"product_tag":[2772],"class_list":{"0":"post-12397","1":"product","2":"type-product","3":"status-publish","4":"has-post-thumbnail","6":"product_brand-heco","7":"product_cat-outillage","8":"product_tag-heco","9":"product_shipping_class-petit-equipement-outil-eclairage","11":"first","12":"instock","13":"taxable","14":"shipping-taxable","15":"purchasable","16":"product-type-variable"},"yoast_head":"<!-- This site is optimized with the Yoast SEO plugin v27.5 - https:\/\/yoast.com\/product\/yoast-seo-wordpress\/ -->\n<title>Bo\u00eete d&#039;embouts 25mm HECO-Drive avec effet GripFit - Nature et D\u00e9veloppement Perpignan<\/title>\n<meta name=\"robots\" content=\"noindex, follow\" \/>\n<meta property=\"og:locale\" content=\"fr_FR\" \/>\n<meta property=\"og:type\" content=\"article\" \/>\n<meta property=\"og:title\" content=\"Bo\u00eete d&#039;embouts 25mm HECO-Drive avec effet GripFit - Nature et D\u00e9veloppement Perpignan\" \/>\n<meta property=\"og:description\" content=\"Avec le bon embout, la bonne vis, on fait du bon travail...  Sa forme bien particuli\u00e8re vous permet un\u00a0vissage d\u2019une seule main, m\u00eame avec des vis inox.\" \/>\n<meta property=\"og:url\" content=\"https:\/\/nature-et-developpement.com\/ned-perpignan\/produit\/boite-d-embouts-heco\/\" \/>\n<meta property=\"og:site_name\" content=\"Nature et D\u00e9veloppement Perpignan\" \/>\n<meta property=\"article:modified_time\" content=\"2025-06-17T12:58:26+00:00\" \/>\n<meta name=\"twitter:card\" content=\"summary_large_image\" \/>\n<meta name=\"twitter:label1\" content=\"Dur\u00e9e de lecture estim\u00e9e\" \/>\n\t<meta name=\"twitter:data1\" content=\"1 minute\" \/>\n<script type=\"application\/ld+json\" class=\"yoast-schema-graph\">{\"@context\":\"https:\\\/\\\/schema.org\",\"@graph\":[{\"@type\":\"WebPage\",\"@id\":\"https:\\\/\\\/nature-et-developpement.com\\\/ned-perpignan\\\/produit\\\/boite-d-embouts-heco\\\/\",\"url\":\"https:\\\/\\\/nature-et-developpement.com\\\/ned-perpignan\\\/produit\\\/boite-d-embouts-heco\\\/\",\"name\":\"Bo\u00eete d'embouts 25mm HECO-Drive avec effet GripFit - Nature et D\u00e9veloppement Perpignan\",\"isPartOf\":{\"@id\":\"https:\\\/\\\/nature-et-developpement.com\\\/ned-perpignan\\\/#website\"},\"primaryImageOfPage\":{\"@id\":\"https:\\\/\\\/nature-et-developpement.com\\\/ned-perpignan\\\/produit\\\/boite-d-embouts-heco\\\/#primaryimage\"},\"image\":{\"@id\":\"https:\\\/\\\/nature-et-developpement.com\\\/ned-perpignan\\\/produit\\\/boite-d-embouts-heco\\\/#primaryimage\"},\"thumbnailUrl\":\"https:\\\/\\\/nature-et-developpement.com\\\/ned-perpignan\\\/wp-content\\\/uploads\\\/Boite-dembouts-25mm-HECO.jpg\",\"datePublished\":\"2020-11-24T11:26:16+00:00\",\"dateModified\":\"2025-06-17T12:58:26+00:00\",\"breadcrumb\":{\"@id\":\"https:\\\/\\\/nature-et-developpement.com\\\/ned-perpignan\\\/produit\\\/boite-d-embouts-heco\\\/#breadcrumb\"},\"inLanguage\":\"fr-FR\",\"potentialAction\":[{\"@type\":\"ReadAction\",\"target\":[\"https:\\\/\\\/nature-et-developpement.com\\\/ned-perpignan\\\/produit\\\/boite-d-embouts-heco\\\/\"]}]},{\"@type\":\"ImageObject\",\"inLanguage\":\"fr-FR\",\"@id\":\"https:\\\/\\\/nature-et-developpement.com\\\/ned-perpignan\\\/produit\\\/boite-d-embouts-heco\\\/#primaryimage\",\"url\":\"https:\\\/\\\/nature-et-developpement.com\\\/ned-perpignan\\\/wp-content\\\/uploads\\\/Boite-dembouts-25mm-HECO.jpg\",\"contentUrl\":\"https:\\\/\\\/nature-et-developpement.com\\\/ned-perpignan\\\/wp-content\\\/uploads\\\/Boite-dembouts-25mm-HECO.jpg\"},{\"@type\":\"BreadcrumbList\",\"@id\":\"https:\\\/\\\/nature-et-developpement.com\\\/ned-perpignan\\\/produit\\\/boite-d-embouts-heco\\\/#breadcrumb\",\"itemListElement\":[{\"@type\":\"ListItem\",\"position\":1,\"name\":\"Accueil\",\"item\":\"https:\\\/\\\/nature-et-developpement.com\\\/ned-perpignan\\\/\"},{\"@type\":\"ListItem\",\"position\":2,\"name\":\"Boutique\",\"item\":\"https:\\\/\\\/nature-et-developpement.com\\\/ned-perpignan\\\/boutique\\\/\"},{\"@type\":\"ListItem\",\"position\":3,\"name\":\"Droguerie et outils\",\"item\":\"https:\\\/\\\/nature-et-developpement.com\\\/ned-perpignan\\\/produits\\\/droguerie-et-outils\\\/\"},{\"@type\":\"ListItem\",\"position\":4,\"name\":\"Outillage\",\"item\":\"https:\\\/\\\/nature-et-developpement.com\\\/ned-perpignan\\\/produits\\\/droguerie-et-outils\\\/outillage\\\/\"},{\"@type\":\"ListItem\",\"position\":5,\"name\":\"Bo\u00eete d&#8217;embouts 25mm HECO-Drive avec effet GripFit\"}]},{\"@type\":\"WebSite\",\"@id\":\"https:\\\/\\\/nature-et-developpement.com\\\/ned-perpignan\\\/#website\",\"url\":\"https:\\\/\\\/nature-et-developpement.com\\\/ned-perpignan\\\/\",\"name\":\"Nature et D\u00e9veloppement Perpignan\",\"description\":\"Solutions, mat\u00e9riaux et d\u00e9coration \u00e9co-responsables pour les pros et les particuliers.\",\"potentialAction\":[{\"@type\":\"SearchAction\",\"target\":{\"@type\":\"EntryPoint\",\"urlTemplate\":\"https:\\\/\\\/nature-et-developpement.com\\\/ned-perpignan\\\/?s={search_term_string}\"},\"query-input\":{\"@type\":\"PropertyValueSpecification\",\"valueRequired\":true,\"valueName\":\"search_term_string\"}}],\"inLanguage\":\"fr-FR\"}]}<\/script>\n<!-- \/ Yoast SEO plugin. -->","yoast_head_json":{"title":"Bo\u00eete d'embouts 25mm HECO-Drive avec effet GripFit - Nature et D\u00e9veloppement Perpignan","robots":{"index":"noindex","follow":"follow"},"og_locale":"fr_FR","og_type":"article","og_title":"Bo\u00eete d'embouts 25mm HECO-Drive avec effet GripFit - Nature et D\u00e9veloppement Perpignan","og_description":"Avec le bon embout, la bonne vis, on fait du bon travail...  Sa forme bien particuli\u00e8re vous permet un\u00a0vissage d\u2019une seule main, m\u00eame avec des vis inox.","og_url":"https:\/\/nature-et-developpement.com\/ned-perpignan\/produit\/boite-d-embouts-heco\/","og_site_name":"Nature et D\u00e9veloppement Perpignan","article_modified_time":"2025-06-17T12:58:26+00:00","twitter_card":"summary_large_image","twitter_misc":{"Dur\u00e9e de lecture estim\u00e9e":"1 minute"},"schema":{"@context":"https:\/\/schema.org","@graph":[{"@type":"WebPage","@id":"https:\/\/nature-et-developpement.com\/ned-perpignan\/produit\/boite-d-embouts-heco\/","url":"https:\/\/nature-et-developpement.com\/ned-perpignan\/produit\/boite-d-embouts-heco\/","name":"Bo\u00eete d'embouts 25mm HECO-Drive avec effet GripFit - Nature et D\u00e9veloppement Perpignan","isPartOf":{"@id":"https:\/\/nature-et-developpement.com\/ned-perpignan\/#website"},"primaryImageOfPage":{"@id":"https:\/\/nature-et-developpement.com\/ned-perpignan\/produit\/boite-d-embouts-heco\/#primaryimage"},"image":{"@id":"https:\/\/nature-et-developpement.com\/ned-perpignan\/produit\/boite-d-embouts-heco\/#primaryimage"},"thumbnailUrl":"https:\/\/nature-et-developpement.com\/ned-perpignan\/wp-content\/uploads\/Boite-dembouts-25mm-HECO.jpg","datePublished":"2020-11-24T11:26:16+00:00","dateModified":"2025-06-17T12:58:26+00:00","breadcrumb":{"@id":"https:\/\/nature-et-developpement.com\/ned-perpignan\/produit\/boite-d-embouts-heco\/#breadcrumb"},"inLanguage":"fr-FR","potentialAction":[{"@type":"ReadAction","target":["https:\/\/nature-et-developpement.com\/ned-perpignan\/produit\/boite-d-embouts-heco\/"]}]},{"@type":"ImageObject","inLanguage":"fr-FR","@id":"https:\/\/nature-et-developpement.com\/ned-perpignan\/produit\/boite-d-embouts-heco\/#primaryimage","url":"https:\/\/nature-et-developpement.com\/ned-perpignan\/wp-content\/uploads\/Boite-dembouts-25mm-HECO.jpg","contentUrl":"https:\/\/nature-et-developpement.com\/ned-perpignan\/wp-content\/uploads\/Boite-dembouts-25mm-HECO.jpg"},{"@type":"BreadcrumbList","@id":"https:\/\/nature-et-developpement.com\/ned-perpignan\/produit\/boite-d-embouts-heco\/#breadcrumb","itemListElement":[{"@type":"ListItem","position":1,"name":"Accueil","item":"https:\/\/nature-et-developpement.com\/ned-perpignan\/"},{"@type":"ListItem","position":2,"name":"Boutique","item":"https:\/\/nature-et-developpement.com\/ned-perpignan\/boutique\/"},{"@type":"ListItem","position":3,"name":"Droguerie et outils","item":"https:\/\/nature-et-developpement.com\/ned-perpignan\/produits\/droguerie-et-outils\/"},{"@type":"ListItem","position":4,"name":"Outillage","item":"https:\/\/nature-et-developpement.com\/ned-perpignan\/produits\/droguerie-et-outils\/outillage\/"},{"@type":"ListItem","position":5,"name":"Bo\u00eete d&#8217;embouts 25mm HECO-Drive avec effet GripFit"}]},{"@type":"WebSite","@id":"https:\/\/nature-et-developpement.com\/ned-perpignan\/#website","url":"https:\/\/nature-et-developpement.com\/ned-perpignan\/","name":"Nature et D\u00e9veloppement Perpignan","description":"Solutions, mat\u00e9riaux et d\u00e9coration \u00e9co-responsables pour les pros et les particuliers.","potentialAction":[{"@type":"SearchAction","target":{"@type":"EntryPoint","urlTemplate":"https:\/\/nature-et-developpement.com\/ned-perpignan\/?s={search_term_string}"},"query-input":{"@type":"PropertyValueSpecification","valueRequired":true,"valueName":"search_term_string"}}],"inLanguage":"fr-FR"}]}},"distributor_meta":false,"distributor_terms":false,"distributor_media":false,"distributor_original_site_name":"Nature et D\u00e9veloppement Perpignan","distributor_original_site_url":"https:\/\/nature-et-developpement.com\/ned-perpignan","push-errors":false,"_links":{"self":[{"href":"https:\/\/nature-et-developpement.com\/ned-perpignan\/wp-json\/wp\/v2\/product\/12397","targetHints":{"allow":["GET"]}}],"collection":[{"href":"https:\/\/nature-et-developpement.com\/ned-perpignan\/wp-json\/wp\/v2\/product"}],"about":[{"href":"https:\/\/nature-et-developpement.com\/ned-perpignan\/wp-json\/wp\/v2\/types\/product"}],"wp:featuredmedia":[{"embeddable":true,"href":"https:\/\/nature-et-developpement.com\/ned-perpignan\/wp-json\/"}],"wp:attachment":[{"href":"https:\/\/nature-et-developpement.com\/ned-perpignan\/wp-json\/wp\/v2\/media?parent=12397"}],"wp:term":[{"taxonomy":"product_brand","embeddable":true,"href":"https:\/\/nature-et-developpement.com\/ned-perpignan\/wp-json\/wp\/v2\/product_brand?post=12397"},{"taxonomy":"product_cat","embeddable":true,"href":"https:\/\/nature-et-developpement.com\/ned-perpignan\/wp-json\/wp\/v2\/product_cat?post=12397"},{"taxonomy":"product_tag","embeddable":true,"href":"https:\/\/nature-et-developpement.com\/ned-perpignan\/wp-json\/wp\/v2\/product_tag?post=12397"}],"curies":[{"name":"wp","href":"https:\/\/api.w.org\/{rel}","templated":true}]}}