{"id":12412,"date":"2020-04-06T10:03:25","date_gmt":"2020-04-06T08:03:25","guid":{"rendered":"https:\/\/nature-et-developpement.com\/ned-perpignan\/produit\/enduit-terre-monocouche-pret-a-l-emploi-argilus\/"},"modified":"2026-01-27T12:29:39","modified_gmt":"2026-01-27T11:29:39","slug":"enduit-terre-monocouche-pret-a-l-emploi-argilus","status":"publish","type":"product","link":"https:\/\/nature-et-developpement.com\/ned-perpignan\/produit\/enduit-terre-monocouche-pret-a-l-emploi-argilus\/","title":{"rendered":"Enduit terre monocouche pr\u00eat \u00e0 l&#8217;emploi Argilus"},"content":{"rendered":"<h2>Une nouvelle d\u00e9co saine en une couche<\/h2>\n<p>L\u2019enduit Monocouche s\u2019applique en 1cm d\u2019\u00e9paisseur environ.<\/p>\n<p>12 teintes en sac pr\u00eates \u00e0 l\u2019emploi sont disponibles dans ce format.<\/p>\n<p>Il est compos\u00e9 d\u2019argile, de chanvre fin, de diff\u00e9rentes sables et d\u2019ocres\u00a0naturels pour certaines couleurs.<\/p>\n<p>Il s\u2019applique uniquement sur des supports rugueux, qui accrochent naturellement comme la pierre, la\u00a0brique, les enduits chaux \/ chanvre, les enduits ciments, les parpaings\u2026etc.<\/p>\n<p>Le MONOCOUCHE ARGILUS est un enduit int\u00e9rieur qui se projette \u00e0 la machine ou par une mise en \u0153uvre \u00e0 la main.<\/p>\n<p>Sa pr\u00e9paration peut se faire \u00e0 la b\u00e9tonni\u00e8re ou au malaxeur en respectant bien le dosage d&rsquo;eau pr\u00e9conis\u00e9.<\/p>\n<p>Les outils de pose sont vari\u00e9s, vous pouvez utiliser une lisseuse, une truelle ou une taloche \u00e9ponge, selon votre aisance, vos capacit\u00e9s, la surface \u00e0 faire ou le rendu que vous souhaitez.<\/p>\n<p>L\u2019enduit d\u00e9coratif MONOCOUCHE ARGILUS s&rsquo;applique sur de nombreux supports tels que :<\/p>\n<ul>\n<li>la pierre<\/li>\n<li>la brique<\/li>\n<li>le parpaing<\/li>\n<li>le b\u00e9ton cellulaire<\/li>\n<li>les enduits \u00e0 la chaux<\/li>\n<li>les enduits ciments<\/li>\n<\/ul>\n<h3>Conseils de pose<\/h3>\n<p>Une humidification du support est uniquement n\u00e9cessaire pour ralentir le s\u00e9chage de l\u2019enduit afin de faciliter son application ou pour d\u00e9poussi\u00e9rer le support.<\/p>\n<p>Il faudra supprimer tous r\u00e9sidus de peintures, d\u2019enduits souffl\u00e9s, de papiers peints.<\/p>\n<p>Un support pr\u00e9sentant des remont\u00e9es capillaires ou du salp\u00eatre risque de d\u00e9t\u00e9riorer ou de t\u00e2cher l\u2019enduit.<\/p>\n<p>L\u2019enduit MONOCOUCHE ARGILUS s\u2019applique de pr\u00e9f\u00e9rence sur des supports rugueux, irr\u00e9gulier et qui ne n\u00e9cessite pas de pr\u00e9paration sp\u00e9cifique.<\/p>\n<p>Le s\u00e9chage ne devra pas prendre plus de 3 jours pour s\u00e9cher \u00e0 c\u0153ur. L\u2019enduit terre s\u00e8che uniquement par migration de l\u2019eau vers l\u2019ext\u00e9rieur.<\/p>\n<p>Ventiler ou r\u00e9chauffer la pi\u00e8ce si n\u00e9cessaire pour ne pas risquer de faire pourrir les fibres v\u00e9g\u00e9tales.<\/p>\n<p>En p\u00e9riode hivernale (de Novembre \u00e0 Mars). Il est obligatoire d\u2019utiliser un extracteur d\u2019humidit\u00e9 (que vous trouverez tr\u00e8s facilement aupr\u00e8s des magasins de location en mat\u00e9riel du b\u00e2timent).<\/p>\n<p>L\u2019enduit \u00e9claircit sa teinte en s\u00e9chant.<\/p>\n<p><img loading=\"lazy\" decoding=\"async\" class=\" size-full wp-image-122427\" src=\"https:\/\/nature-et-developpement.com\/wp-content\/uploads\/cms\/ARGILUS\/Enduit-monocouche.jpg\" alt=\"\" width=\"1000\" height=\"181\" \/><\/p>\n","protected":false},"excerpt":{"rendered":"<p>L\u2019enduit int\u00e9rieur Monocouche s\u2019applique en 1 cm d\u2019\u00e9paisseur environ. 12 teintes pr\u00eates \u00e0 l\u2019emploi sont disponibles dans cette gamme.<\/p>\n","protected":false},"featured_media":1000000169376,"template":"","meta":[],"product_brand":[126],"product_cat":[81,73,90,83,88,78],"product_tag":[2680],"class_list":{"0":"post-12412","1":"product","2":"type-product","3":"status-publish","4":"has-post-thumbnail","6":"product_brand-argilus","7":"product_cat-construction","8":"product_cat-demande-de-devis-uniquement-avec-prix","9":"product_cat-enduits-naturels","10":"product_cat-maconnerie","11":"product_cat-peinture-et-enduit","12":"product_cat-promo-et-destockage","13":"product_tag-argilus","14":"product_shipping_class-sac-de-25kg","16":"first","17":"instock","18":"sale","19":"taxable","20":"shipping-taxable","21":"purchasable","22":"product-type-variable"},"yoast_head":"<!-- This site is optimized with the Yoast SEO plugin v27.5 - https:\/\/yoast.com\/product\/yoast-seo-wordpress\/ -->\n<title>Enduit terre monocouche pr\u00eat \u00e0 l&#039;emploi Argilus - Nature et D\u00e9veloppement Perpignan<\/title>\n<meta name=\"robots\" content=\"noindex, nofollow\" \/>\n<meta property=\"og:locale\" content=\"fr_FR\" \/>\n<meta property=\"og:type\" content=\"article\" \/>\n<meta property=\"og:title\" content=\"Enduit terre monocouche pr\u00eat \u00e0 l&#039;emploi Argilus - Nature et D\u00e9veloppement Perpignan\" \/>\n<meta property=\"og:description\" content=\"L\u2019enduit int\u00e9rieur Monocouche s\u2019applique en 1 cm d\u2019\u00e9paisseur environ. 12 teintes pr\u00eates \u00e0 l\u2019emploi sont disponibles dans cette gamme.\" \/>\n<meta property=\"og:url\" content=\"https:\/\/nature-et-developpement.com\/ned-perpignan\/produit\/enduit-terre-monocouche-pret-a-l-emploi-argilus\/\" \/>\n<meta property=\"og:site_name\" content=\"Nature et D\u00e9veloppement Perpignan\" \/>\n<meta property=\"article:modified_time\" content=\"2026-01-27T11:29:39+00:00\" \/>\n<meta name=\"twitter:card\" content=\"summary_large_image\" \/>\n<meta name=\"twitter:label1\" content=\"Dur\u00e9e de lecture estim\u00e9e\" \/>\n\t<meta name=\"twitter:data1\" content=\"2 minutes\" \/>\n<script type=\"application\/ld+json\" class=\"yoast-schema-graph\">{\"@context\":\"https:\\\/\\\/schema.org\",\"@graph\":[{\"@type\":\"WebPage\",\"@id\":\"https:\\\/\\\/nature-et-developpement.com\\\/ned-perpignan\\\/produit\\\/enduit-terre-monocouche-pret-a-l-emploi-argilus\\\/\",\"url\":\"https:\\\/\\\/nature-et-developpement.com\\\/ned-perpignan\\\/produit\\\/enduit-terre-monocouche-pret-a-l-emploi-argilus\\\/\",\"name\":\"Enduit terre monocouche pr\u00eat \u00e0 l'emploi Argilus - Nature et D\u00e9veloppement Perpignan\",\"isPartOf\":{\"@id\":\"https:\\\/\\\/nature-et-developpement.com\\\/ned-perpignan\\\/#website\"},\"primaryImageOfPage\":{\"@id\":\"https:\\\/\\\/nature-et-developpement.com\\\/ned-perpignan\\\/produit\\\/enduit-terre-monocouche-pret-a-l-emploi-argilus\\\/#primaryimage\"},\"image\":{\"@id\":\"https:\\\/\\\/nature-et-developpement.com\\\/ned-perpignan\\\/produit\\\/enduit-terre-monocouche-pret-a-l-emploi-argilus\\\/#primaryimage\"},\"thumbnailUrl\":\"https:\\\/\\\/nature-et-developpement.com\\\/ned-perpignan\\\/wp-content\\\/uploads\\\/Enduit-terre-monocouche-Argilus-en-sac-de-25Kg.jpg\",\"datePublished\":\"2020-04-06T08:03:25+00:00\",\"dateModified\":\"2026-01-27T11:29:39+00:00\",\"breadcrumb\":{\"@id\":\"https:\\\/\\\/nature-et-developpement.com\\\/ned-perpignan\\\/produit\\\/enduit-terre-monocouche-pret-a-l-emploi-argilus\\\/#breadcrumb\"},\"inLanguage\":\"fr-FR\",\"potentialAction\":[{\"@type\":\"ReadAction\",\"target\":[\"https:\\\/\\\/nature-et-developpement.com\\\/ned-perpignan\\\/produit\\\/enduit-terre-monocouche-pret-a-l-emploi-argilus\\\/\"]}]},{\"@type\":\"ImageObject\",\"inLanguage\":\"fr-FR\",\"@id\":\"https:\\\/\\\/nature-et-developpement.com\\\/ned-perpignan\\\/produit\\\/enduit-terre-monocouche-pret-a-l-emploi-argilus\\\/#primaryimage\",\"url\":\"https:\\\/\\\/nature-et-developpement.com\\\/ned-perpignan\\\/wp-content\\\/uploads\\\/Enduit-terre-monocouche-Argilus-en-sac-de-25Kg.jpg\",\"contentUrl\":\"https:\\\/\\\/nature-et-developpement.com\\\/ned-perpignan\\\/wp-content\\\/uploads\\\/Enduit-terre-monocouche-Argilus-en-sac-de-25Kg.jpg\"},{\"@type\":\"BreadcrumbList\",\"@id\":\"https:\\\/\\\/nature-et-developpement.com\\\/ned-perpignan\\\/produit\\\/enduit-terre-monocouche-pret-a-l-emploi-argilus\\\/#breadcrumb\",\"itemListElement\":[{\"@type\":\"ListItem\",\"position\":1,\"name\":\"Accueil\",\"item\":\"https:\\\/\\\/nature-et-developpement.com\\\/ned-perpignan\\\/\"},{\"@type\":\"ListItem\",\"position\":2,\"name\":\"Boutique\",\"item\":\"https:\\\/\\\/nature-et-developpement.com\\\/ned-perpignan\\\/boutique\\\/\"},{\"@type\":\"ListItem\",\"position\":3,\"name\":\"Construction, cloison et fen\u00eatres\",\"item\":\"https:\\\/\\\/nature-et-developpement.com\\\/ned-perpignan\\\/produits\\\/construction\\\/\"},{\"@type\":\"ListItem\",\"position\":4,\"name\":\"Ma\u00e7onnerie\",\"item\":\"https:\\\/\\\/nature-et-developpement.com\\\/ned-perpignan\\\/produits\\\/construction\\\/maconnerie\\\/\"},{\"@type\":\"ListItem\",\"position\":5,\"name\":\"Enduit terre monocouche pr\u00eat \u00e0 l&#8217;emploi Argilus\"}]},{\"@type\":\"WebSite\",\"@id\":\"https:\\\/\\\/nature-et-developpement.com\\\/ned-perpignan\\\/#website\",\"url\":\"https:\\\/\\\/nature-et-developpement.com\\\/ned-perpignan\\\/\",\"name\":\"Nature et D\u00e9veloppement Perpignan\",\"description\":\"Solutions, mat\u00e9riaux et d\u00e9coration \u00e9co-responsables pour les pros et les particuliers.\",\"potentialAction\":[{\"@type\":\"SearchAction\",\"target\":{\"@type\":\"EntryPoint\",\"urlTemplate\":\"https:\\\/\\\/nature-et-developpement.com\\\/ned-perpignan\\\/?s={search_term_string}\"},\"query-input\":{\"@type\":\"PropertyValueSpecification\",\"valueRequired\":true,\"valueName\":\"search_term_string\"}}],\"inLanguage\":\"fr-FR\"}]}<\/script>\n<!-- \/ Yoast SEO plugin. -->","yoast_head_json":{"title":"Enduit terre monocouche pr\u00eat \u00e0 l'emploi Argilus - Nature et D\u00e9veloppement Perpignan","robots":{"index":"noindex","follow":"nofollow"},"og_locale":"fr_FR","og_type":"article","og_title":"Enduit terre monocouche pr\u00eat \u00e0 l'emploi Argilus - Nature et D\u00e9veloppement Perpignan","og_description":"L\u2019enduit int\u00e9rieur Monocouche s\u2019applique en 1 cm d\u2019\u00e9paisseur environ. 12 teintes pr\u00eates \u00e0 l\u2019emploi sont disponibles dans cette gamme.","og_url":"https:\/\/nature-et-developpement.com\/ned-perpignan\/produit\/enduit-terre-monocouche-pret-a-l-emploi-argilus\/","og_site_name":"Nature et D\u00e9veloppement Perpignan","article_modified_time":"2026-01-27T11:29:39+00:00","twitter_card":"summary_large_image","twitter_misc":{"Dur\u00e9e de lecture estim\u00e9e":"2 minutes"},"schema":{"@context":"https:\/\/schema.org","@graph":[{"@type":"WebPage","@id":"https:\/\/nature-et-developpement.com\/ned-perpignan\/produit\/enduit-terre-monocouche-pret-a-l-emploi-argilus\/","url":"https:\/\/nature-et-developpement.com\/ned-perpignan\/produit\/enduit-terre-monocouche-pret-a-l-emploi-argilus\/","name":"Enduit terre monocouche pr\u00eat \u00e0 l'emploi Argilus - Nature et D\u00e9veloppement Perpignan","isPartOf":{"@id":"https:\/\/nature-et-developpement.com\/ned-perpignan\/#website"},"primaryImageOfPage":{"@id":"https:\/\/nature-et-developpement.com\/ned-perpignan\/produit\/enduit-terre-monocouche-pret-a-l-emploi-argilus\/#primaryimage"},"image":{"@id":"https:\/\/nature-et-developpement.com\/ned-perpignan\/produit\/enduit-terre-monocouche-pret-a-l-emploi-argilus\/#primaryimage"},"thumbnailUrl":"https:\/\/nature-et-developpement.com\/ned-perpignan\/wp-content\/uploads\/Enduit-terre-monocouche-Argilus-en-sac-de-25Kg.jpg","datePublished":"2020-04-06T08:03:25+00:00","dateModified":"2026-01-27T11:29:39+00:00","breadcrumb":{"@id":"https:\/\/nature-et-developpement.com\/ned-perpignan\/produit\/enduit-terre-monocouche-pret-a-l-emploi-argilus\/#breadcrumb"},"inLanguage":"fr-FR","potentialAction":[{"@type":"ReadAction","target":["https:\/\/nature-et-developpement.com\/ned-perpignan\/produit\/enduit-terre-monocouche-pret-a-l-emploi-argilus\/"]}]},{"@type":"ImageObject","inLanguage":"fr-FR","@id":"https:\/\/nature-et-developpement.com\/ned-perpignan\/produit\/enduit-terre-monocouche-pret-a-l-emploi-argilus\/#primaryimage","url":"https:\/\/nature-et-developpement.com\/ned-perpignan\/wp-content\/uploads\/Enduit-terre-monocouche-Argilus-en-sac-de-25Kg.jpg","contentUrl":"https:\/\/nature-et-developpement.com\/ned-perpignan\/wp-content\/uploads\/Enduit-terre-monocouche-Argilus-en-sac-de-25Kg.jpg"},{"@type":"BreadcrumbList","@id":"https:\/\/nature-et-developpement.com\/ned-perpignan\/produit\/enduit-terre-monocouche-pret-a-l-emploi-argilus\/#breadcrumb","itemListElement":[{"@type":"ListItem","position":1,"name":"Accueil","item":"https:\/\/nature-et-developpement.com\/ned-perpignan\/"},{"@type":"ListItem","position":2,"name":"Boutique","item":"https:\/\/nature-et-developpement.com\/ned-perpignan\/boutique\/"},{"@type":"ListItem","position":3,"name":"Construction, cloison et fen\u00eatres","item":"https:\/\/nature-et-developpement.com\/ned-perpignan\/produits\/construction\/"},{"@type":"ListItem","position":4,"name":"Ma\u00e7onnerie","item":"https:\/\/nature-et-developpement.com\/ned-perpignan\/produits\/construction\/maconnerie\/"},{"@type":"ListItem","position":5,"name":"Enduit terre monocouche pr\u00eat \u00e0 l&#8217;emploi Argilus"}]},{"@type":"WebSite","@id":"https:\/\/nature-et-developpement.com\/ned-perpignan\/#website","url":"https:\/\/nature-et-developpement.com\/ned-perpignan\/","name":"Nature et D\u00e9veloppement Perpignan","description":"Solutions, mat\u00e9riaux et d\u00e9coration \u00e9co-responsables pour les pros et les particuliers.","potentialAction":[{"@type":"SearchAction","target":{"@type":"EntryPoint","urlTemplate":"https:\/\/nature-et-developpement.com\/ned-perpignan\/?s={search_term_string}"},"query-input":{"@type":"PropertyValueSpecification","valueRequired":true,"valueName":"search_term_string"}}],"inLanguage":"fr-FR"}]}},"distributor_meta":false,"distributor_terms":false,"distributor_media":false,"distributor_original_site_name":"Nature et D\u00e9veloppement Perpignan","distributor_original_site_url":"https:\/\/nature-et-developpement.com\/ned-perpignan","push-errors":false,"_links":{"self":[{"href":"https:\/\/nature-et-developpement.com\/ned-perpignan\/wp-json\/wp\/v2\/product\/12412","targetHints":{"allow":["GET"]}}],"collection":[{"href":"https:\/\/nature-et-developpement.com\/ned-perpignan\/wp-json\/wp\/v2\/product"}],"about":[{"href":"https:\/\/nature-et-developpement.com\/ned-perpignan\/wp-json\/wp\/v2\/types\/product"}],"wp:featuredmedia":[{"embeddable":true,"href":"https:\/\/nature-et-developpement.com\/ned-perpignan\/wp-json\/"}],"wp:attachment":[{"href":"https:\/\/nature-et-developpement.com\/ned-perpignan\/wp-json\/wp\/v2\/media?parent=12412"}],"wp:term":[{"taxonomy":"product_brand","embeddable":true,"href":"https:\/\/nature-et-developpement.com\/ned-perpignan\/wp-json\/wp\/v2\/product_brand?post=12412"},{"taxonomy":"product_cat","embeddable":true,"href":"https:\/\/nature-et-developpement.com\/ned-perpignan\/wp-json\/wp\/v2\/product_cat?post=12412"},{"taxonomy":"product_tag","embeddable":true,"href":"https:\/\/nature-et-developpement.com\/ned-perpignan\/wp-json\/wp\/v2\/product_tag?post=12412"}],"curies":[{"name":"wp","href":"https:\/\/api.w.org\/{rel}","templated":true}]}}