{"id":12498,"date":"2017-01-01T00:00:00","date_gmt":"2016-12-31T23:00:00","guid":{"rendered":"https:\/\/nature-et-developpement.com\/ned-perpignan\/produit\/cire-de-protection\/"},"modified":"2026-01-06T20:11:29","modified_gmt":"2026-01-06T19:11:29","slug":"cire-de-protection","status":"publish","type":"product","link":"https:\/\/nature-et-developpement.com\/ned-perpignan\/produit\/cire-de-protection\/","title":{"rendered":"Cire de Protection et finition pour enduit terre Argilus"},"content":{"rendered":"<h2>Prot\u00e9gez vos enduits terre<\/h2>\n<p>La CIRE DE PROTECTION ARGILUS en bidon de 1 litre (10m\u00b2 environ) rendra vos enduits, badigeons et stucs ARGILUS \u00e9pongeables avec un aspect l\u00e9g\u00e8rement satin\u00e9 et humide. Ce produit est pr\u00eat \u00e0 l\u2019emploi et \u00e0 appliquer au spalter uniquement en 1 ou 2 couches selon les supports. La cire peut \u00eatre utilis\u00e9e notamment en cuisine pour une protection optimale et naturelle.<\/p>\n<p><b>Sur Enduit de Finition :<\/b> une fois l\u2019enduit bien sec (+\/- 4 jours), passez un coup de balayette sur<\/p>\n<p>l\u2019ensemble du mur afin de le d\u00e9poussi\u00e9rer et qu\u2019il ne reste plus aucuns agr\u00e9gats de surface (sable,<\/p>\n<p>lin). Appliquer la cire de protection \u00e0 l\u2019aide d\u2019un spalter en croisant les passes, veiller \u00e0 bien r\u00e9partir<\/p>\n<p>la cire. A l\u2019application elle fera une pellicule blanche, une fois s\u00e8che cette laitance dispara\u00eetra.<\/p>\n<p>Cependant votre enduit aura une teinte plus fonc\u00e9e qu\u2019\u00e0 la base.<\/p>\n<p>La surface cir\u00e9e permet de rendre votre mur lavable en surface (dans la limite du raisonnable).<\/p>\n<p><b>Sur Badigeon d\u2019argile :<\/b> une fois le Badigeon bien sec (+\/- 48h) apr\u00e8s application, appliquer la<\/p>\n<p>cire de protection \u00e0 l\u2019aide d\u2019un Spalter en croisant les passes. La teinte de votre Badigeon sera plus<\/p>\n<p>\u00e9clatante et la teinte sera raviv\u00e9e.<\/p>\n<p>La surface cir\u00e9e permet de rendre votre mur lavable en surface (dans la limite du raisonnable).<\/p>\n<p><b>Sur Stuc d\u2019argile :<\/b> une fois le Stuc bien sec (+\/- 48h) apr\u00e8s application, appliquer la cire de<\/p>\n<p>protection \u00e0 l\u2019aide d\u2019un Spalter. Puis lustrer votre stuc \u00e0 l\u2019aide d\u2019un gant \u00e0 lustrer. Vous aurez une<\/p>\n<p>finition brillante.<\/p>\n<p>La surface cir\u00e9e permet de rendre votre mur lavable en surface (dans la limite du raisonnable).<\/p>\n","protected":false},"excerpt":{"rendered":"<p>La cire peut \u00eatre utilis\u00e9e notamment en cuisine pour une protection optimale et naturelle.<br \/>\nRenforce l\u2019effet et la couleur du produit. Prot\u00e8ge \u00e9galement la surface et durcit l\u2019\u00e9piderme.<\/p>\n<p><strong><span style=\"color: #008000\">TARIF VALABLE EN VENTE EN LIGNE UNIQUEMENT<br \/>\nFRAIS DE TRANSPORT \u00c0 PR\u00c9VOIR.<\/span><\/strong><br \/>\n<strong><span style=\"color: #008000\"><em>Le tarif pratiqu\u00e9 en magasin sur stock marchandise est diff\u00e9rent<br \/>\ncar il tient compte des co\u00fbts logistiques en vigueur.<\/em><\/span><\/strong><\/p>\n","protected":false},"featured_media":1000000169307,"template":"","meta":[],"product_brand":[126],"product_cat":[86,73,117,88],"product_tag":[2680],"class_list":{"0":"post-12498","1":"product","2":"type-product","3":"status-publish","4":"has-post-thumbnail","6":"product_brand-argilus","7":"product_cat-accessoires-peinture-et-enduit","8":"product_cat-demande-de-devis-uniquement-avec-prix","9":"product_cat-droguerie-et-outils","10":"product_cat-peinture-et-enduit","11":"product_tag-argilus","12":"product_shipping_class-petit-equipement-outil-eclairage","14":"first","15":"instock","16":"taxable","17":"shipping-taxable","18":"purchasable","19":"product-type-simple"},"yoast_head":"<!-- This site is optimized with the Yoast SEO plugin v27.5 - https:\/\/yoast.com\/product\/yoast-seo-wordpress\/ -->\n<title>Cire de Protection et finition pour enduit terre Argilus - Nature et D\u00e9veloppement Perpignan<\/title>\n<meta name=\"robots\" content=\"noindex, nofollow\" \/>\n<meta property=\"og:locale\" content=\"fr_FR\" \/>\n<meta property=\"og:type\" content=\"article\" \/>\n<meta property=\"og:title\" content=\"Cire de Protection et finition pour enduit terre Argilus - Nature et D\u00e9veloppement Perpignan\" \/>\n<meta property=\"og:description\" content=\"La cire peut \u00eatre utilis\u00e9e notamment en cuisine pour une protection optimale et naturelle. Renforce l\u2019effet et la couleur du produit. Prot\u00e8ge \u00e9galement la surface et durcit l\u2019\u00e9piderme.  TARIF VALABLE EN VENTE EN LIGNE UNIQUEMENT FRAIS DE TRANSPORT \u00c0 PR\u00c9VOIR. Le tarif pratiqu\u00e9 en magasin sur stock marchandise est diff\u00e9rent car il tient compte des co\u00fbts logistiques en vigueur.\" \/>\n<meta property=\"og:url\" content=\"https:\/\/nature-et-developpement.com\/ned-perpignan\/produit\/cire-de-protection\/\" \/>\n<meta property=\"og:site_name\" content=\"Nature et D\u00e9veloppement Perpignan\" \/>\n<meta property=\"article:modified_time\" content=\"2026-01-06T19:11:29+00:00\" \/>\n<meta name=\"twitter:card\" content=\"summary_large_image\" \/>\n<meta name=\"twitter:label1\" content=\"Dur\u00e9e de lecture estim\u00e9e\" \/>\n\t<meta name=\"twitter:data1\" content=\"2 minutes\" \/>\n<script type=\"application\/ld+json\" class=\"yoast-schema-graph\">{\"@context\":\"https:\\\/\\\/schema.org\",\"@graph\":[{\"@type\":\"WebPage\",\"@id\":\"https:\\\/\\\/nature-et-developpement.com\\\/ned-perpignan\\\/produit\\\/cire-de-protection\\\/\",\"url\":\"https:\\\/\\\/nature-et-developpement.com\\\/ned-perpignan\\\/produit\\\/cire-de-protection\\\/\",\"name\":\"Cire de Protection et finition pour enduit terre Argilus - Nature et D\u00e9veloppement Perpignan\",\"isPartOf\":{\"@id\":\"https:\\\/\\\/nature-et-developpement.com\\\/ned-perpignan\\\/#website\"},\"primaryImageOfPage\":{\"@id\":\"https:\\\/\\\/nature-et-developpement.com\\\/ned-perpignan\\\/produit\\\/cire-de-protection\\\/#primaryimage\"},\"image\":{\"@id\":\"https:\\\/\\\/nature-et-developpement.com\\\/ned-perpignan\\\/produit\\\/cire-de-protection\\\/#primaryimage\"},\"thumbnailUrl\":\"https:\\\/\\\/nature-et-developpement.com\\\/ned-perpignan\\\/wp-content\\\/uploads\\\/Cire-de-Protection-et-finition-pour-enduit-terre-Argilus.jpg\",\"datePublished\":\"2016-12-31T23:00:00+00:00\",\"dateModified\":\"2026-01-06T19:11:29+00:00\",\"breadcrumb\":{\"@id\":\"https:\\\/\\\/nature-et-developpement.com\\\/ned-perpignan\\\/produit\\\/cire-de-protection\\\/#breadcrumb\"},\"inLanguage\":\"fr-FR\",\"potentialAction\":[{\"@type\":\"ReadAction\",\"target\":[\"https:\\\/\\\/nature-et-developpement.com\\\/ned-perpignan\\\/produit\\\/cire-de-protection\\\/\"]}]},{\"@type\":\"ImageObject\",\"inLanguage\":\"fr-FR\",\"@id\":\"https:\\\/\\\/nature-et-developpement.com\\\/ned-perpignan\\\/produit\\\/cire-de-protection\\\/#primaryimage\",\"url\":\"https:\\\/\\\/nature-et-developpement.com\\\/ned-perpignan\\\/wp-content\\\/uploads\\\/Cire-de-Protection-et-finition-pour-enduit-terre-Argilus.jpg\",\"contentUrl\":\"https:\\\/\\\/nature-et-developpement.com\\\/ned-perpignan\\\/wp-content\\\/uploads\\\/Cire-de-Protection-et-finition-pour-enduit-terre-Argilus.jpg\"},{\"@type\":\"BreadcrumbList\",\"@id\":\"https:\\\/\\\/nature-et-developpement.com\\\/ned-perpignan\\\/produit\\\/cire-de-protection\\\/#breadcrumb\",\"itemListElement\":[{\"@type\":\"ListItem\",\"position\":1,\"name\":\"Accueil\",\"item\":\"https:\\\/\\\/nature-et-developpement.com\\\/ned-perpignan\\\/\"},{\"@type\":\"ListItem\",\"position\":2,\"name\":\"Boutique\",\"item\":\"https:\\\/\\\/nature-et-developpement.com\\\/ned-perpignan\\\/boutique\\\/\"},{\"@type\":\"ListItem\",\"position\":3,\"name\":\"Peinture, pigment et enduit\",\"item\":\"https:\\\/\\\/nature-et-developpement.com\\\/ned-perpignan\\\/produits\\\/peinture-et-enduit\\\/\"},{\"@type\":\"ListItem\",\"position\":4,\"name\":\"Accessoires peinture et enduit\",\"item\":\"https:\\\/\\\/nature-et-developpement.com\\\/ned-perpignan\\\/produits\\\/peinture-et-enduit\\\/accessoires-peinture-et-enduit\\\/\"},{\"@type\":\"ListItem\",\"position\":5,\"name\":\"Cire de Protection et finition pour enduit terre Argilus\"}]},{\"@type\":\"WebSite\",\"@id\":\"https:\\\/\\\/nature-et-developpement.com\\\/ned-perpignan\\\/#website\",\"url\":\"https:\\\/\\\/nature-et-developpement.com\\\/ned-perpignan\\\/\",\"name\":\"Nature et D\u00e9veloppement Perpignan\",\"description\":\"Solutions, mat\u00e9riaux et d\u00e9coration \u00e9co-responsables pour les pros et les particuliers.\",\"potentialAction\":[{\"@type\":\"SearchAction\",\"target\":{\"@type\":\"EntryPoint\",\"urlTemplate\":\"https:\\\/\\\/nature-et-developpement.com\\\/ned-perpignan\\\/?s={search_term_string}\"},\"query-input\":{\"@type\":\"PropertyValueSpecification\",\"valueRequired\":true,\"valueName\":\"search_term_string\"}}],\"inLanguage\":\"fr-FR\"}]}<\/script>\n<!-- \/ Yoast SEO plugin. -->","yoast_head_json":{"title":"Cire de Protection et finition pour enduit terre Argilus - Nature et D\u00e9veloppement Perpignan","robots":{"index":"noindex","follow":"nofollow"},"og_locale":"fr_FR","og_type":"article","og_title":"Cire de Protection et finition pour enduit terre Argilus - Nature et D\u00e9veloppement Perpignan","og_description":"La cire peut \u00eatre utilis\u00e9e notamment en cuisine pour une protection optimale et naturelle. Renforce l\u2019effet et la couleur du produit. Prot\u00e8ge \u00e9galement la surface et durcit l\u2019\u00e9piderme.  TARIF VALABLE EN VENTE EN LIGNE UNIQUEMENT FRAIS DE TRANSPORT \u00c0 PR\u00c9VOIR. Le tarif pratiqu\u00e9 en magasin sur stock marchandise est diff\u00e9rent car il tient compte des co\u00fbts logistiques en vigueur.","og_url":"https:\/\/nature-et-developpement.com\/ned-perpignan\/produit\/cire-de-protection\/","og_site_name":"Nature et D\u00e9veloppement Perpignan","article_modified_time":"2026-01-06T19:11:29+00:00","twitter_card":"summary_large_image","twitter_misc":{"Dur\u00e9e de lecture estim\u00e9e":"2 minutes"},"schema":{"@context":"https:\/\/schema.org","@graph":[{"@type":"WebPage","@id":"https:\/\/nature-et-developpement.com\/ned-perpignan\/produit\/cire-de-protection\/","url":"https:\/\/nature-et-developpement.com\/ned-perpignan\/produit\/cire-de-protection\/","name":"Cire de Protection et finition pour enduit terre Argilus - Nature et D\u00e9veloppement Perpignan","isPartOf":{"@id":"https:\/\/nature-et-developpement.com\/ned-perpignan\/#website"},"primaryImageOfPage":{"@id":"https:\/\/nature-et-developpement.com\/ned-perpignan\/produit\/cire-de-protection\/#primaryimage"},"image":{"@id":"https:\/\/nature-et-developpement.com\/ned-perpignan\/produit\/cire-de-protection\/#primaryimage"},"thumbnailUrl":"https:\/\/nature-et-developpement.com\/ned-perpignan\/wp-content\/uploads\/Cire-de-Protection-et-finition-pour-enduit-terre-Argilus.jpg","datePublished":"2016-12-31T23:00:00+00:00","dateModified":"2026-01-06T19:11:29+00:00","breadcrumb":{"@id":"https:\/\/nature-et-developpement.com\/ned-perpignan\/produit\/cire-de-protection\/#breadcrumb"},"inLanguage":"fr-FR","potentialAction":[{"@type":"ReadAction","target":["https:\/\/nature-et-developpement.com\/ned-perpignan\/produit\/cire-de-protection\/"]}]},{"@type":"ImageObject","inLanguage":"fr-FR","@id":"https:\/\/nature-et-developpement.com\/ned-perpignan\/produit\/cire-de-protection\/#primaryimage","url":"https:\/\/nature-et-developpement.com\/ned-perpignan\/wp-content\/uploads\/Cire-de-Protection-et-finition-pour-enduit-terre-Argilus.jpg","contentUrl":"https:\/\/nature-et-developpement.com\/ned-perpignan\/wp-content\/uploads\/Cire-de-Protection-et-finition-pour-enduit-terre-Argilus.jpg"},{"@type":"BreadcrumbList","@id":"https:\/\/nature-et-developpement.com\/ned-perpignan\/produit\/cire-de-protection\/#breadcrumb","itemListElement":[{"@type":"ListItem","position":1,"name":"Accueil","item":"https:\/\/nature-et-developpement.com\/ned-perpignan\/"},{"@type":"ListItem","position":2,"name":"Boutique","item":"https:\/\/nature-et-developpement.com\/ned-perpignan\/boutique\/"},{"@type":"ListItem","position":3,"name":"Peinture, pigment et enduit","item":"https:\/\/nature-et-developpement.com\/ned-perpignan\/produits\/peinture-et-enduit\/"},{"@type":"ListItem","position":4,"name":"Accessoires peinture et enduit","item":"https:\/\/nature-et-developpement.com\/ned-perpignan\/produits\/peinture-et-enduit\/accessoires-peinture-et-enduit\/"},{"@type":"ListItem","position":5,"name":"Cire de Protection et finition pour enduit terre Argilus"}]},{"@type":"WebSite","@id":"https:\/\/nature-et-developpement.com\/ned-perpignan\/#website","url":"https:\/\/nature-et-developpement.com\/ned-perpignan\/","name":"Nature et D\u00e9veloppement Perpignan","description":"Solutions, mat\u00e9riaux et d\u00e9coration \u00e9co-responsables pour les pros et les particuliers.","potentialAction":[{"@type":"SearchAction","target":{"@type":"EntryPoint","urlTemplate":"https:\/\/nature-et-developpement.com\/ned-perpignan\/?s={search_term_string}"},"query-input":{"@type":"PropertyValueSpecification","valueRequired":true,"valueName":"search_term_string"}}],"inLanguage":"fr-FR"}]}},"distributor_meta":false,"distributor_terms":false,"distributor_media":false,"distributor_original_site_name":"Nature et D\u00e9veloppement Perpignan","distributor_original_site_url":"https:\/\/nature-et-developpement.com\/ned-perpignan","push-errors":false,"_links":{"self":[{"href":"https:\/\/nature-et-developpement.com\/ned-perpignan\/wp-json\/wp\/v2\/product\/12498","targetHints":{"allow":["GET"]}}],"collection":[{"href":"https:\/\/nature-et-developpement.com\/ned-perpignan\/wp-json\/wp\/v2\/product"}],"about":[{"href":"https:\/\/nature-et-developpement.com\/ned-perpignan\/wp-json\/wp\/v2\/types\/product"}],"wp:featuredmedia":[{"embeddable":true,"href":"https:\/\/nature-et-developpement.com\/ned-perpignan\/wp-json\/"}],"wp:attachment":[{"href":"https:\/\/nature-et-developpement.com\/ned-perpignan\/wp-json\/wp\/v2\/media?parent=12498"}],"wp:term":[{"taxonomy":"product_brand","embeddable":true,"href":"https:\/\/nature-et-developpement.com\/ned-perpignan\/wp-json\/wp\/v2\/product_brand?post=12498"},{"taxonomy":"product_cat","embeddable":true,"href":"https:\/\/nature-et-developpement.com\/ned-perpignan\/wp-json\/wp\/v2\/product_cat?post=12498"},{"taxonomy":"product_tag","embeddable":true,"href":"https:\/\/nature-et-developpement.com\/ned-perpignan\/wp-json\/wp\/v2\/product_tag?post=12498"}],"curies":[{"name":"wp","href":"https:\/\/api.w.org\/{rel}","templated":true}]}}