{"id":12506,"date":"2017-01-01T00:00:00","date_gmt":"2016-12-31T23:00:00","guid":{"rendered":"https:\/\/nature-et-developpement.com\/ned-perpignan\/produit\/fixatif-argilus\/"},"modified":"2026-01-27T12:16:36","modified_gmt":"2026-01-27T11:16:36","slug":"fixatif-argilus","status":"publish","type":"product","link":"https:\/\/nature-et-developpement.com\/ned-perpignan\/produit\/fixatif-argilus\/","title":{"rendered":"Fixatif pour enduit terre Argilus et pr\u00e9paration de supports"},"content":{"rendered":"<h2 align=\"justify\">Min\u00e9raliser pour durcir et prot\u00e9ger<\/h2>\n<p align=\"justify\">Le FIXATIF ARGILUS en bidon de 5 litres (80m\u00b2 environ) et 1 litre (15m\u00b2 environ) renforcera et prot\u00e9gera l\u2019\u00e9piderme des enduits ARGILUS.<\/p>\n<p align=\"justify\">Ce fixatif pourra \u00eatre utilis\u00e9 dans toutes les pi\u00e8ces de l\u2019habitat.<\/p>\n<p align=\"justify\">Il est \u00e0 base de SILICATE DE POTASSIUM et conserve toutes les qualit\u00e9s naturelles des enduits en laissant une bonne respirabilit\u00e9 aux supports.<\/p>\n<p align=\"justify\">La silicification est une r\u00e9action chimique entre le support, les pigments et le silicate de potassium qui permet d\u2019obtenir une unit\u00e9 indissociable avec le support min\u00e9ral.<\/p>\n<p align=\"justify\">Ce produit ne change pas la teinte des enduits et l\u2019aspect restera mat.<\/p>\n<p align=\"justify\"><strong>ATTENTION, il ne rendra pas l\u2019enduit \u00e9pongeable ou lavable contrairement \u00e0 la cire mais il durcira.<\/strong><\/p>\n<p align=\"justify\">Le FIXATIF ARGILUS est \u00e0 diluer avec de l\u2019eau et s\u2019applique \u00e0 l\u2019aide d\u2019un pulv\u00e9risateur ou d\u2019un spalter.<\/p>\n<p>&#8211; Temp\u00e9rature de mise en \u0153uvre minimale : +8\u00b0C<\/p>\n<p>&#8211; Diluer 1 volume de FIXATIF ARGILUS \u00e0 2 volumes d\u2019eau.<\/p>\n<p>&#8211; Bien m\u00e9langer manuellement l\u2019ensemble.<\/p>\n<p>&#8211; Appliquer \u00e0 l\u2019aide d\u2019un pulv\u00e9risateur en jet parapluie sans cr\u00e9er d\u2019exc\u00e9dent ou de coulures sur le support.<\/p>\n<p>Le support doit \u00eatre propre, sec, stable et r\u00e9sistant, il doit \u00e9galement \u00eatre exempt de substances efflorescentes et s\u00e9paratives.<\/p>\n<p>Utilisation de pr\u00e9f\u00e9rence sur des supports min\u00e9raux \u00e0 faible pouvoir de mouillabilit\u00e9, mais restant poreux (enduit \u00e0 l\u2019argile).<\/p>\n<p>V\u00e9rifier l\u2019aptitude du support au sens de la directive VOB. A cet \u00e9gard, tenir compte du pouvoir d\u2019absorption, de la r\u00e9sistance et de la structure du support concern\u00e9. Proc\u00e9der \u00e0 un essai en cas de surfaces exigeantes et critiques.<\/p>\n<p>&#8211; Prot\u00e9ger les supports contre les projections (portes, fen\u00eatres, etc.)<\/p>\n<p>&#8211; Ne pas mettre en \u0153uvre en cas de risque de gel ou sur des surfaces tr\u00e8s chaudes ou en plein soleil.<\/p>\n<p>&#8211; Application a effectuer soigneusement.<\/p>\n","protected":false},"excerpt":{"rendered":"<p>Le FIXATIF ARGILUS renforcera et prot\u00e9gera l\u2019\u00e9piderme des enduits ARGILUS tout en cr\u00e9ant une r\u00e9action chimique entre le support, les pigments et le silicate de potassium qui permet d\u2019obtenir une unit\u00e9 indissociable avec le support min\u00e9ral.<\/p>\n<p>&nbsp;<\/p>\n","protected":false},"featured_media":1000000169318,"template":"","meta":[],"product_brand":[126],"product_cat":[97,73,94],"product_tag":[2680],"class_list":{"0":"post-12506","1":"product","2":"type-product","3":"status-publish","4":"has-post-thumbnail","6":"product_brand-argilus","7":"product_cat-adjuvants","8":"product_cat-demande-de-devis-uniquement-avec-prix","9":"product_cat-preparation-du-support","10":"product_tag-argilus","11":"product_shipping_class-petit-equipement-outil-eclairage","13":"first","14":"instock","15":"taxable","16":"shipping-taxable","17":"purchasable","18":"product-type-variable"},"yoast_head":"<!-- This site is optimized with the Yoast SEO plugin v27.5 - https:\/\/yoast.com\/product\/yoast-seo-wordpress\/ -->\n<title>Fixatif pour enduit terre Argilus et pr\u00e9paration de supports - Nature et D\u00e9veloppement Perpignan<\/title>\n<meta name=\"robots\" content=\"noindex, nofollow\" \/>\n<meta property=\"og:locale\" content=\"fr_FR\" \/>\n<meta property=\"og:type\" content=\"article\" \/>\n<meta property=\"og:title\" content=\"Fixatif pour enduit terre Argilus et pr\u00e9paration de supports - Nature et D\u00e9veloppement Perpignan\" \/>\n<meta property=\"og:description\" content=\"Le FIXATIF ARGILUS renforcera et prot\u00e9gera l\u2019\u00e9piderme des enduits ARGILUS tout en cr\u00e9ant une r\u00e9action chimique entre le support, les pigments et le silicate de potassium qui permet d\u2019obtenir une unit\u00e9 indissociable avec le support min\u00e9ral.  &nbsp;\" \/>\n<meta property=\"og:url\" content=\"https:\/\/nature-et-developpement.com\/ned-perpignan\/produit\/fixatif-argilus\/\" \/>\n<meta property=\"og:site_name\" content=\"Nature et D\u00e9veloppement Perpignan\" \/>\n<meta property=\"article:modified_time\" content=\"2026-01-27T11:16:36+00:00\" \/>\n<meta name=\"twitter:card\" content=\"summary_large_image\" \/>\n<meta name=\"twitter:label1\" content=\"Dur\u00e9e de lecture estim\u00e9e\" \/>\n\t<meta name=\"twitter:data1\" content=\"2 minutes\" \/>\n<script type=\"application\/ld+json\" class=\"yoast-schema-graph\">{\"@context\":\"https:\\\/\\\/schema.org\",\"@graph\":[{\"@type\":\"WebPage\",\"@id\":\"https:\\\/\\\/nature-et-developpement.com\\\/ned-perpignan\\\/produit\\\/fixatif-argilus\\\/\",\"url\":\"https:\\\/\\\/nature-et-developpement.com\\\/ned-perpignan\\\/produit\\\/fixatif-argilus\\\/\",\"name\":\"Fixatif pour enduit terre Argilus et pr\u00e9paration de supports - Nature et D\u00e9veloppement Perpignan\",\"isPartOf\":{\"@id\":\"https:\\\/\\\/nature-et-developpement.com\\\/ned-perpignan\\\/#website\"},\"primaryImageOfPage\":{\"@id\":\"https:\\\/\\\/nature-et-developpement.com\\\/ned-perpignan\\\/produit\\\/fixatif-argilus\\\/#primaryimage\"},\"image\":{\"@id\":\"https:\\\/\\\/nature-et-developpement.com\\\/ned-perpignan\\\/produit\\\/fixatif-argilus\\\/#primaryimage\"},\"thumbnailUrl\":\"https:\\\/\\\/nature-et-developpement.com\\\/ned-perpignan\\\/wp-content\\\/uploads\\\/Fixatif-pour-enduit-terre-Argilus-et-preparation-de-supports-5L.jpg\",\"datePublished\":\"2016-12-31T23:00:00+00:00\",\"dateModified\":\"2026-01-27T11:16:36+00:00\",\"breadcrumb\":{\"@id\":\"https:\\\/\\\/nature-et-developpement.com\\\/ned-perpignan\\\/produit\\\/fixatif-argilus\\\/#breadcrumb\"},\"inLanguage\":\"fr-FR\",\"potentialAction\":[{\"@type\":\"ReadAction\",\"target\":[\"https:\\\/\\\/nature-et-developpement.com\\\/ned-perpignan\\\/produit\\\/fixatif-argilus\\\/\"]}]},{\"@type\":\"ImageObject\",\"inLanguage\":\"fr-FR\",\"@id\":\"https:\\\/\\\/nature-et-developpement.com\\\/ned-perpignan\\\/produit\\\/fixatif-argilus\\\/#primaryimage\",\"url\":\"https:\\\/\\\/nature-et-developpement.com\\\/ned-perpignan\\\/wp-content\\\/uploads\\\/Fixatif-pour-enduit-terre-Argilus-et-preparation-de-supports-5L.jpg\",\"contentUrl\":\"https:\\\/\\\/nature-et-developpement.com\\\/ned-perpignan\\\/wp-content\\\/uploads\\\/Fixatif-pour-enduit-terre-Argilus-et-preparation-de-supports-5L.jpg\"},{\"@type\":\"BreadcrumbList\",\"@id\":\"https:\\\/\\\/nature-et-developpement.com\\\/ned-perpignan\\\/produit\\\/fixatif-argilus\\\/#breadcrumb\",\"itemListElement\":[{\"@type\":\"ListItem\",\"position\":1,\"name\":\"Accueil\",\"item\":\"https:\\\/\\\/nature-et-developpement.com\\\/ned-perpignan\\\/\"},{\"@type\":\"ListItem\",\"position\":2,\"name\":\"Boutique\",\"item\":\"https:\\\/\\\/nature-et-developpement.com\\\/ned-perpignan\\\/boutique\\\/\"},{\"@type\":\"ListItem\",\"position\":3,\"name\":\"Peinture, pigment et enduit\",\"item\":\"https:\\\/\\\/nature-et-developpement.com\\\/ned-perpignan\\\/produits\\\/peinture-et-enduit\\\/\"},{\"@type\":\"ListItem\",\"position\":4,\"name\":\"Pr\u00e9paration du support\",\"item\":\"https:\\\/\\\/nature-et-developpement.com\\\/ned-perpignan\\\/produits\\\/peinture-et-enduit\\\/preparation-du-support\\\/\"},{\"@type\":\"ListItem\",\"position\":5,\"name\":\"Fixatif pour enduit terre Argilus et pr\u00e9paration de supports\"}]},{\"@type\":\"WebSite\",\"@id\":\"https:\\\/\\\/nature-et-developpement.com\\\/ned-perpignan\\\/#website\",\"url\":\"https:\\\/\\\/nature-et-developpement.com\\\/ned-perpignan\\\/\",\"name\":\"Nature et D\u00e9veloppement Perpignan\",\"description\":\"Solutions, mat\u00e9riaux et d\u00e9coration \u00e9co-responsables pour les pros et les particuliers.\",\"potentialAction\":[{\"@type\":\"SearchAction\",\"target\":{\"@type\":\"EntryPoint\",\"urlTemplate\":\"https:\\\/\\\/nature-et-developpement.com\\\/ned-perpignan\\\/?s={search_term_string}\"},\"query-input\":{\"@type\":\"PropertyValueSpecification\",\"valueRequired\":true,\"valueName\":\"search_term_string\"}}],\"inLanguage\":\"fr-FR\"}]}<\/script>\n<!-- \/ Yoast SEO plugin. -->","yoast_head_json":{"title":"Fixatif pour enduit terre Argilus et pr\u00e9paration de supports - Nature et D\u00e9veloppement Perpignan","robots":{"index":"noindex","follow":"nofollow"},"og_locale":"fr_FR","og_type":"article","og_title":"Fixatif pour enduit terre Argilus et pr\u00e9paration de supports - Nature et D\u00e9veloppement Perpignan","og_description":"Le FIXATIF ARGILUS renforcera et prot\u00e9gera l\u2019\u00e9piderme des enduits ARGILUS tout en cr\u00e9ant une r\u00e9action chimique entre le support, les pigments et le silicate de potassium qui permet d\u2019obtenir une unit\u00e9 indissociable avec le support min\u00e9ral.  &nbsp;","og_url":"https:\/\/nature-et-developpement.com\/ned-perpignan\/produit\/fixatif-argilus\/","og_site_name":"Nature et D\u00e9veloppement Perpignan","article_modified_time":"2026-01-27T11:16:36+00:00","twitter_card":"summary_large_image","twitter_misc":{"Dur\u00e9e de lecture estim\u00e9e":"2 minutes"},"schema":{"@context":"https:\/\/schema.org","@graph":[{"@type":"WebPage","@id":"https:\/\/nature-et-developpement.com\/ned-perpignan\/produit\/fixatif-argilus\/","url":"https:\/\/nature-et-developpement.com\/ned-perpignan\/produit\/fixatif-argilus\/","name":"Fixatif pour enduit terre Argilus et pr\u00e9paration de supports - Nature et D\u00e9veloppement Perpignan","isPartOf":{"@id":"https:\/\/nature-et-developpement.com\/ned-perpignan\/#website"},"primaryImageOfPage":{"@id":"https:\/\/nature-et-developpement.com\/ned-perpignan\/produit\/fixatif-argilus\/#primaryimage"},"image":{"@id":"https:\/\/nature-et-developpement.com\/ned-perpignan\/produit\/fixatif-argilus\/#primaryimage"},"thumbnailUrl":"https:\/\/nature-et-developpement.com\/ned-perpignan\/wp-content\/uploads\/Fixatif-pour-enduit-terre-Argilus-et-preparation-de-supports-5L.jpg","datePublished":"2016-12-31T23:00:00+00:00","dateModified":"2026-01-27T11:16:36+00:00","breadcrumb":{"@id":"https:\/\/nature-et-developpement.com\/ned-perpignan\/produit\/fixatif-argilus\/#breadcrumb"},"inLanguage":"fr-FR","potentialAction":[{"@type":"ReadAction","target":["https:\/\/nature-et-developpement.com\/ned-perpignan\/produit\/fixatif-argilus\/"]}]},{"@type":"ImageObject","inLanguage":"fr-FR","@id":"https:\/\/nature-et-developpement.com\/ned-perpignan\/produit\/fixatif-argilus\/#primaryimage","url":"https:\/\/nature-et-developpement.com\/ned-perpignan\/wp-content\/uploads\/Fixatif-pour-enduit-terre-Argilus-et-preparation-de-supports-5L.jpg","contentUrl":"https:\/\/nature-et-developpement.com\/ned-perpignan\/wp-content\/uploads\/Fixatif-pour-enduit-terre-Argilus-et-preparation-de-supports-5L.jpg"},{"@type":"BreadcrumbList","@id":"https:\/\/nature-et-developpement.com\/ned-perpignan\/produit\/fixatif-argilus\/#breadcrumb","itemListElement":[{"@type":"ListItem","position":1,"name":"Accueil","item":"https:\/\/nature-et-developpement.com\/ned-perpignan\/"},{"@type":"ListItem","position":2,"name":"Boutique","item":"https:\/\/nature-et-developpement.com\/ned-perpignan\/boutique\/"},{"@type":"ListItem","position":3,"name":"Peinture, pigment et enduit","item":"https:\/\/nature-et-developpement.com\/ned-perpignan\/produits\/peinture-et-enduit\/"},{"@type":"ListItem","position":4,"name":"Pr\u00e9paration du support","item":"https:\/\/nature-et-developpement.com\/ned-perpignan\/produits\/peinture-et-enduit\/preparation-du-support\/"},{"@type":"ListItem","position":5,"name":"Fixatif pour enduit terre Argilus et pr\u00e9paration de supports"}]},{"@type":"WebSite","@id":"https:\/\/nature-et-developpement.com\/ned-perpignan\/#website","url":"https:\/\/nature-et-developpement.com\/ned-perpignan\/","name":"Nature et D\u00e9veloppement Perpignan","description":"Solutions, mat\u00e9riaux et d\u00e9coration \u00e9co-responsables pour les pros et les particuliers.","potentialAction":[{"@type":"SearchAction","target":{"@type":"EntryPoint","urlTemplate":"https:\/\/nature-et-developpement.com\/ned-perpignan\/?s={search_term_string}"},"query-input":{"@type":"PropertyValueSpecification","valueRequired":true,"valueName":"search_term_string"}}],"inLanguage":"fr-FR"}]}},"distributor_meta":false,"distributor_terms":false,"distributor_media":false,"distributor_original_site_name":"Nature et D\u00e9veloppement Perpignan","distributor_original_site_url":"https:\/\/nature-et-developpement.com\/ned-perpignan","push-errors":false,"_links":{"self":[{"href":"https:\/\/nature-et-developpement.com\/ned-perpignan\/wp-json\/wp\/v2\/product\/12506","targetHints":{"allow":["GET"]}}],"collection":[{"href":"https:\/\/nature-et-developpement.com\/ned-perpignan\/wp-json\/wp\/v2\/product"}],"about":[{"href":"https:\/\/nature-et-developpement.com\/ned-perpignan\/wp-json\/wp\/v2\/types\/product"}],"wp:featuredmedia":[{"embeddable":true,"href":"https:\/\/nature-et-developpement.com\/ned-perpignan\/wp-json\/"}],"wp:attachment":[{"href":"https:\/\/nature-et-developpement.com\/ned-perpignan\/wp-json\/wp\/v2\/media?parent=12506"}],"wp:term":[{"taxonomy":"product_brand","embeddable":true,"href":"https:\/\/nature-et-developpement.com\/ned-perpignan\/wp-json\/wp\/v2\/product_brand?post=12506"},{"taxonomy":"product_cat","embeddable":true,"href":"https:\/\/nature-et-developpement.com\/ned-perpignan\/wp-json\/wp\/v2\/product_cat?post=12506"},{"taxonomy":"product_tag","embeddable":true,"href":"https:\/\/nature-et-developpement.com\/ned-perpignan\/wp-json\/wp\/v2\/product_tag?post=12506"}],"curies":[{"name":"wp","href":"https:\/\/api.w.org\/{rel}","templated":true}]}}