{"id":12513,"date":"2017-01-01T00:00:00","date_gmt":"2016-12-31T23:00:00","guid":{"rendered":"https:\/\/nature-et-developpement.com\/ned-perpignan\/produit\/enduit-terre-de-finition-pret-a-l-emploi-argilus\/"},"modified":"2026-01-27T12:24:25","modified_gmt":"2026-01-27T11:24:25","slug":"enduit-terre-de-finition-pret-a-l-emploi-argilus","status":"publish","type":"product","link":"https:\/\/nature-et-developpement.com\/ned-perpignan\/produit\/enduit-terre-de-finition-pret-a-l-emploi-argilus\/","title":{"rendered":"Enduit terre de finition pr\u00eat \u00e0 l&#8217;emploi Argilus"},"content":{"rendered":"<h2>Changez pour une d\u00e9coration en terre authentique avec l&rsquo;enduit de finition Argilus<\/h2>\n<p>L\u2019enduit terre de finition s\u2019applique en une seule couche de 3 ou 4 mm d\u2019\u00e9paisseur maximum.<\/p>\n<p>Son conditionnement se pr\u00e9sente en sac de 25 kg (5 \u00e0 6 m\u00b2). 12 teintes de base pr\u00eates \u00e0 l\u2019emploi permettent d\u2019en r\u00e9aliser au total 90 selon le nuancier <a href=\"https:\/\/www.calameo.com\/read\/006147125b9cbfd5ae81b\" target=\"_blank\" rel=\"noopener\">GAMME DESIGN<\/a>.<\/p>\n<p>Il est compos\u00e9 d\u2019argile, de sables extra-fin, et d\u2019ocres naturels pour certaines couleurs.<\/p>\n<p>L\u2019enduit de finition est parfait afin d\u2019obtenir une finition soign\u00e9e et extra-fine.<\/p>\n<p>Il s\u2019applique sur tous les supports lisses de l\u2019habitat comme les plaques de pl\u00e2tre, le pl\u00e2tre, les enduits chaux \/ sable, les murs d\u00e9j\u00e0 peints, etc.<\/p>\n<p><strong>11 charges min\u00e9rales ou v\u00e9g\u00e9tales sont disponibles en sachet (\u00e0 rajouter au sac) pour avoir un rendu final diff\u00e9rent.<\/strong><\/p>\n<p align=\"justify\"><img loading=\"lazy\" decoding=\"async\" src=\"https:\/\/nature-et-developpement.com\/wp-content\/uploads\/cms\/ARGILUS\/Enduit-finition-Enduit-finition.jpg.jpg\" alt=\"Enduit finition.jpg\" width=\"1000\" height=\"181\" \/><\/p>\n<p align=\"justify\">\n","protected":false},"excerpt":{"rendered":"<p>L\u2019enduit de finition terre s\u2019applique en une seule couche de 3 ou 4 mm d\u2019\u00e9paisseur maximum.<\/p>\n<p>12 teintes de base pr\u00eates \u00e0 l\u2019emploi permettent d\u2019en r\u00e9aliser au total 90 selon le nuancier <a href=\"https:\/\/www.calameo.com\/read\/006147125b9cbfd5ae81b\" target=\"_blank\" rel=\"noopener\">GAMME DESIGN<\/a>.<\/p>\n","protected":false},"featured_media":1000000169372,"template":"","meta":[],"product_brand":[126],"product_cat":[73,90,88,78],"product_tag":[2680],"class_list":{"0":"post-12513","1":"product","2":"type-product","3":"status-publish","4":"has-post-thumbnail","6":"product_brand-argilus","7":"product_cat-demande-de-devis-uniquement-avec-prix","8":"product_cat-enduits-naturels","9":"product_cat-peinture-et-enduit","10":"product_cat-promo-et-destockage","11":"product_tag-argilus","12":"product_shipping_class-sac-de-25kg","14":"first","15":"instock","16":"sale","17":"taxable","18":"shipping-taxable","19":"purchasable","20":"product-type-variable"},"yoast_head":"<!-- This site is optimized with the Yoast SEO plugin v27.5 - https:\/\/yoast.com\/product\/yoast-seo-wordpress\/ -->\n<title>Enduit terre de finition pr\u00eat \u00e0 l&#039;emploi Argilus - Nature et D\u00e9veloppement Perpignan<\/title>\n<meta name=\"robots\" content=\"noindex, nofollow\" \/>\n<meta property=\"og:locale\" content=\"fr_FR\" \/>\n<meta property=\"og:type\" content=\"article\" \/>\n<meta property=\"og:title\" content=\"Enduit terre de finition pr\u00eat \u00e0 l&#039;emploi Argilus - Nature et D\u00e9veloppement Perpignan\" \/>\n<meta property=\"og:description\" content=\"L\u2019enduit de finition terre s\u2019applique en une seule couche de 3 ou 4 mm d\u2019\u00e9paisseur maximum.  12 teintes de base pr\u00eates \u00e0 l\u2019emploi permettent d\u2019en r\u00e9aliser au total 90 selon le nuancier GAMME DESIGN.\" \/>\n<meta property=\"og:url\" content=\"https:\/\/nature-et-developpement.com\/ned-perpignan\/produit\/enduit-terre-de-finition-pret-a-l-emploi-argilus\/\" \/>\n<meta property=\"og:site_name\" content=\"Nature et D\u00e9veloppement Perpignan\" \/>\n<meta property=\"article:modified_time\" content=\"2026-01-27T11:24:25+00:00\" \/>\n<meta name=\"twitter:card\" content=\"summary_large_image\" \/>\n<meta name=\"twitter:label1\" content=\"Dur\u00e9e de lecture estim\u00e9e\" \/>\n\t<meta name=\"twitter:data1\" content=\"1 minute\" \/>\n<script type=\"application\/ld+json\" class=\"yoast-schema-graph\">{\"@context\":\"https:\\\/\\\/schema.org\",\"@graph\":[{\"@type\":\"WebPage\",\"@id\":\"https:\\\/\\\/nature-et-developpement.com\\\/ned-perpignan\\\/produit\\\/enduit-terre-de-finition-pret-a-l-emploi-argilus\\\/\",\"url\":\"https:\\\/\\\/nature-et-developpement.com\\\/ned-perpignan\\\/produit\\\/enduit-terre-de-finition-pret-a-l-emploi-argilus\\\/\",\"name\":\"Enduit terre de finition pr\u00eat \u00e0 l'emploi Argilus - Nature et D\u00e9veloppement Perpignan\",\"isPartOf\":{\"@id\":\"https:\\\/\\\/nature-et-developpement.com\\\/ned-perpignan\\\/#website\"},\"primaryImageOfPage\":{\"@id\":\"https:\\\/\\\/nature-et-developpement.com\\\/ned-perpignan\\\/produit\\\/enduit-terre-de-finition-pret-a-l-emploi-argilus\\\/#primaryimage\"},\"image\":{\"@id\":\"https:\\\/\\\/nature-et-developpement.com\\\/ned-perpignan\\\/produit\\\/enduit-terre-de-finition-pret-a-l-emploi-argilus\\\/#primaryimage\"},\"thumbnailUrl\":\"https:\\\/\\\/nature-et-developpement.com\\\/ned-perpignan\\\/wp-content\\\/uploads\\\/Enduit-terre-de-finition-pret-a-lemploi-Argilus.jpg\",\"datePublished\":\"2016-12-31T23:00:00+00:00\",\"dateModified\":\"2026-01-27T11:24:25+00:00\",\"breadcrumb\":{\"@id\":\"https:\\\/\\\/nature-et-developpement.com\\\/ned-perpignan\\\/produit\\\/enduit-terre-de-finition-pret-a-l-emploi-argilus\\\/#breadcrumb\"},\"inLanguage\":\"fr-FR\",\"potentialAction\":[{\"@type\":\"ReadAction\",\"target\":[\"https:\\\/\\\/nature-et-developpement.com\\\/ned-perpignan\\\/produit\\\/enduit-terre-de-finition-pret-a-l-emploi-argilus\\\/\"]}]},{\"@type\":\"ImageObject\",\"inLanguage\":\"fr-FR\",\"@id\":\"https:\\\/\\\/nature-et-developpement.com\\\/ned-perpignan\\\/produit\\\/enduit-terre-de-finition-pret-a-l-emploi-argilus\\\/#primaryimage\",\"url\":\"https:\\\/\\\/nature-et-developpement.com\\\/ned-perpignan\\\/wp-content\\\/uploads\\\/Enduit-terre-de-finition-pret-a-lemploi-Argilus.jpg\",\"contentUrl\":\"https:\\\/\\\/nature-et-developpement.com\\\/ned-perpignan\\\/wp-content\\\/uploads\\\/Enduit-terre-de-finition-pret-a-lemploi-Argilus.jpg\"},{\"@type\":\"BreadcrumbList\",\"@id\":\"https:\\\/\\\/nature-et-developpement.com\\\/ned-perpignan\\\/produit\\\/enduit-terre-de-finition-pret-a-l-emploi-argilus\\\/#breadcrumb\",\"itemListElement\":[{\"@type\":\"ListItem\",\"position\":1,\"name\":\"Accueil\",\"item\":\"https:\\\/\\\/nature-et-developpement.com\\\/ned-perpignan\\\/\"},{\"@type\":\"ListItem\",\"position\":2,\"name\":\"Boutique\",\"item\":\"https:\\\/\\\/nature-et-developpement.com\\\/ned-perpignan\\\/boutique\\\/\"},{\"@type\":\"ListItem\",\"position\":3,\"name\":\"Peinture, pigment et enduit\",\"item\":\"https:\\\/\\\/nature-et-developpement.com\\\/ned-perpignan\\\/produits\\\/peinture-et-enduit\\\/\"},{\"@type\":\"ListItem\",\"position\":4,\"name\":\"Enduits naturels\",\"item\":\"https:\\\/\\\/nature-et-developpement.com\\\/ned-perpignan\\\/produits\\\/peinture-et-enduit\\\/enduits-naturels\\\/\"},{\"@type\":\"ListItem\",\"position\":5,\"name\":\"Enduit terre de finition pr\u00eat \u00e0 l&#8217;emploi Argilus\"}]},{\"@type\":\"WebSite\",\"@id\":\"https:\\\/\\\/nature-et-developpement.com\\\/ned-perpignan\\\/#website\",\"url\":\"https:\\\/\\\/nature-et-developpement.com\\\/ned-perpignan\\\/\",\"name\":\"Nature et D\u00e9veloppement Perpignan\",\"description\":\"Solutions, mat\u00e9riaux et d\u00e9coration \u00e9co-responsables pour les pros et les particuliers.\",\"potentialAction\":[{\"@type\":\"SearchAction\",\"target\":{\"@type\":\"EntryPoint\",\"urlTemplate\":\"https:\\\/\\\/nature-et-developpement.com\\\/ned-perpignan\\\/?s={search_term_string}\"},\"query-input\":{\"@type\":\"PropertyValueSpecification\",\"valueRequired\":true,\"valueName\":\"search_term_string\"}}],\"inLanguage\":\"fr-FR\"}]}<\/script>\n<!-- \/ Yoast SEO plugin. -->","yoast_head_json":{"title":"Enduit terre de finition pr\u00eat \u00e0 l'emploi Argilus - Nature et D\u00e9veloppement Perpignan","robots":{"index":"noindex","follow":"nofollow"},"og_locale":"fr_FR","og_type":"article","og_title":"Enduit terre de finition pr\u00eat \u00e0 l'emploi Argilus - Nature et D\u00e9veloppement Perpignan","og_description":"L\u2019enduit de finition terre s\u2019applique en une seule couche de 3 ou 4 mm d\u2019\u00e9paisseur maximum.  12 teintes de base pr\u00eates \u00e0 l\u2019emploi permettent d\u2019en r\u00e9aliser au total 90 selon le nuancier GAMME DESIGN.","og_url":"https:\/\/nature-et-developpement.com\/ned-perpignan\/produit\/enduit-terre-de-finition-pret-a-l-emploi-argilus\/","og_site_name":"Nature et D\u00e9veloppement Perpignan","article_modified_time":"2026-01-27T11:24:25+00:00","twitter_card":"summary_large_image","twitter_misc":{"Dur\u00e9e de lecture estim\u00e9e":"1 minute"},"schema":{"@context":"https:\/\/schema.org","@graph":[{"@type":"WebPage","@id":"https:\/\/nature-et-developpement.com\/ned-perpignan\/produit\/enduit-terre-de-finition-pret-a-l-emploi-argilus\/","url":"https:\/\/nature-et-developpement.com\/ned-perpignan\/produit\/enduit-terre-de-finition-pret-a-l-emploi-argilus\/","name":"Enduit terre de finition pr\u00eat \u00e0 l'emploi Argilus - Nature et D\u00e9veloppement Perpignan","isPartOf":{"@id":"https:\/\/nature-et-developpement.com\/ned-perpignan\/#website"},"primaryImageOfPage":{"@id":"https:\/\/nature-et-developpement.com\/ned-perpignan\/produit\/enduit-terre-de-finition-pret-a-l-emploi-argilus\/#primaryimage"},"image":{"@id":"https:\/\/nature-et-developpement.com\/ned-perpignan\/produit\/enduit-terre-de-finition-pret-a-l-emploi-argilus\/#primaryimage"},"thumbnailUrl":"https:\/\/nature-et-developpement.com\/ned-perpignan\/wp-content\/uploads\/Enduit-terre-de-finition-pret-a-lemploi-Argilus.jpg","datePublished":"2016-12-31T23:00:00+00:00","dateModified":"2026-01-27T11:24:25+00:00","breadcrumb":{"@id":"https:\/\/nature-et-developpement.com\/ned-perpignan\/produit\/enduit-terre-de-finition-pret-a-l-emploi-argilus\/#breadcrumb"},"inLanguage":"fr-FR","potentialAction":[{"@type":"ReadAction","target":["https:\/\/nature-et-developpement.com\/ned-perpignan\/produit\/enduit-terre-de-finition-pret-a-l-emploi-argilus\/"]}]},{"@type":"ImageObject","inLanguage":"fr-FR","@id":"https:\/\/nature-et-developpement.com\/ned-perpignan\/produit\/enduit-terre-de-finition-pret-a-l-emploi-argilus\/#primaryimage","url":"https:\/\/nature-et-developpement.com\/ned-perpignan\/wp-content\/uploads\/Enduit-terre-de-finition-pret-a-lemploi-Argilus.jpg","contentUrl":"https:\/\/nature-et-developpement.com\/ned-perpignan\/wp-content\/uploads\/Enduit-terre-de-finition-pret-a-lemploi-Argilus.jpg"},{"@type":"BreadcrumbList","@id":"https:\/\/nature-et-developpement.com\/ned-perpignan\/produit\/enduit-terre-de-finition-pret-a-l-emploi-argilus\/#breadcrumb","itemListElement":[{"@type":"ListItem","position":1,"name":"Accueil","item":"https:\/\/nature-et-developpement.com\/ned-perpignan\/"},{"@type":"ListItem","position":2,"name":"Boutique","item":"https:\/\/nature-et-developpement.com\/ned-perpignan\/boutique\/"},{"@type":"ListItem","position":3,"name":"Peinture, pigment et enduit","item":"https:\/\/nature-et-developpement.com\/ned-perpignan\/produits\/peinture-et-enduit\/"},{"@type":"ListItem","position":4,"name":"Enduits naturels","item":"https:\/\/nature-et-developpement.com\/ned-perpignan\/produits\/peinture-et-enduit\/enduits-naturels\/"},{"@type":"ListItem","position":5,"name":"Enduit terre de finition pr\u00eat \u00e0 l&#8217;emploi Argilus"}]},{"@type":"WebSite","@id":"https:\/\/nature-et-developpement.com\/ned-perpignan\/#website","url":"https:\/\/nature-et-developpement.com\/ned-perpignan\/","name":"Nature et D\u00e9veloppement Perpignan","description":"Solutions, mat\u00e9riaux et d\u00e9coration \u00e9co-responsables pour les pros et les particuliers.","potentialAction":[{"@type":"SearchAction","target":{"@type":"EntryPoint","urlTemplate":"https:\/\/nature-et-developpement.com\/ned-perpignan\/?s={search_term_string}"},"query-input":{"@type":"PropertyValueSpecification","valueRequired":true,"valueName":"search_term_string"}}],"inLanguage":"fr-FR"}]}},"distributor_meta":false,"distributor_terms":false,"distributor_media":false,"distributor_original_site_name":"Nature et D\u00e9veloppement Perpignan","distributor_original_site_url":"https:\/\/nature-et-developpement.com\/ned-perpignan","push-errors":false,"_links":{"self":[{"href":"https:\/\/nature-et-developpement.com\/ned-perpignan\/wp-json\/wp\/v2\/product\/12513","targetHints":{"allow":["GET"]}}],"collection":[{"href":"https:\/\/nature-et-developpement.com\/ned-perpignan\/wp-json\/wp\/v2\/product"}],"about":[{"href":"https:\/\/nature-et-developpement.com\/ned-perpignan\/wp-json\/wp\/v2\/types\/product"}],"wp:featuredmedia":[{"embeddable":true,"href":"https:\/\/nature-et-developpement.com\/ned-perpignan\/wp-json\/"}],"wp:attachment":[{"href":"https:\/\/nature-et-developpement.com\/ned-perpignan\/wp-json\/wp\/v2\/media?parent=12513"}],"wp:term":[{"taxonomy":"product_brand","embeddable":true,"href":"https:\/\/nature-et-developpement.com\/ned-perpignan\/wp-json\/wp\/v2\/product_brand?post=12513"},{"taxonomy":"product_cat","embeddable":true,"href":"https:\/\/nature-et-developpement.com\/ned-perpignan\/wp-json\/wp\/v2\/product_cat?post=12513"},{"taxonomy":"product_tag","embeddable":true,"href":"https:\/\/nature-et-developpement.com\/ned-perpignan\/wp-json\/wp\/v2\/product_tag?post=12513"}],"curies":[{"name":"wp","href":"https:\/\/api.w.org\/{rel}","templated":true}]}}