{"id":12638,"date":"2017-01-01T00:00:00","date_gmt":"2016-12-31T23:00:00","guid":{"rendered":"https:\/\/nature-et-developpement.com\/ned-perpignan\/produit\/equerre-de-liaison-pour-blocs-de-chanvre\/"},"modified":"2026-01-28T16:56:18","modified_gmt":"2026-01-28T15:56:18","slug":"equerre-de-liaison-pour-blocs-de-chanvre","status":"publish","type":"product","link":"https:\/\/nature-et-developpement.com\/ned-perpignan\/produit\/equerre-de-liaison-pour-blocs-de-chanvre\/","title":{"rendered":"\u00c9querre de liaison pour blocs de chanvre Isohemp"},"content":{"rendered":"<p>L\u2019utilisation des \u00e9querres est conseill\u00e9e pour r\u00e9aliser une liaison m\u00e9canique entre les blocs de chanvre et la structure existante. Elles sont conseill\u00e9es pour les fixer \u00e0 la charpente (ossature et poteau-poutre) et \u00e9galement en isolation int\u00e9rieure et ext\u00e9rieure.<\/p>\n<p><img loading=\"lazy\" decoding=\"async\" class=\"alignnone wp-image-153884 size-full\" src=\"https:\/\/nature-et-developpement.com\/wp-content\/uploads\/ND-IsoHemp-Equerre-liaison-conso.jpg\" alt=\"\" width=\"600\" height=\"262\" \/><\/p>\n","protected":false},"excerpt":{"rendered":"<p>Fixation pour raidissement de la ma\u00e7onnerie<\/p>\n","protected":false},"featured_media":1000000153883,"template":"","meta":[],"product_brand":[158],"product_cat":[2342,73,119],"product_tag":[2707],"class_list":{"0":"post-12638","1":"product","2":"type-product","3":"status-publish","4":"has-post-thumbnail","6":"product_brand-isohemp","7":"product_cat-accessoires-isolation-et-etancheite","8":"product_cat-demande-de-devis-uniquement-avec-prix","9":"product_cat-visserie","10":"product_tag-isohemp","11":"product_shipping_class-petit-equipement-outil-eclairage","13":"first","14":"onbackorder","15":"taxable","16":"shipping-taxable","17":"purchasable","18":"product-type-variable"},"yoast_head":"<!-- This site is optimized with the Yoast SEO plugin v27.5 - https:\/\/yoast.com\/product\/yoast-seo-wordpress\/ -->\n<title>\u00c9querre de liaison pour blocs de chanvre Isohemp - Nature et D\u00e9veloppement Perpignan<\/title>\n<meta name=\"robots\" content=\"noindex, nofollow\" \/>\n<meta property=\"og:locale\" content=\"fr_FR\" \/>\n<meta property=\"og:type\" content=\"article\" \/>\n<meta property=\"og:title\" content=\"\u00c9querre de liaison pour blocs de chanvre Isohemp - Nature et D\u00e9veloppement Perpignan\" \/>\n<meta property=\"og:description\" content=\"Fixation pour raidissement de la ma\u00e7onnerie\" \/>\n<meta property=\"og:url\" content=\"https:\/\/nature-et-developpement.com\/ned-perpignan\/produit\/equerre-de-liaison-pour-blocs-de-chanvre\/\" \/>\n<meta property=\"og:site_name\" content=\"Nature et D\u00e9veloppement Perpignan\" \/>\n<meta property=\"article:modified_time\" content=\"2026-01-28T15:56:18+00:00\" \/>\n<meta name=\"twitter:card\" content=\"summary_large_image\" \/>\n<meta name=\"twitter:label1\" content=\"Dur\u00e9e de lecture estim\u00e9e\" \/>\n\t<meta name=\"twitter:data1\" content=\"1 minute\" \/>\n<script type=\"application\/ld+json\" class=\"yoast-schema-graph\">{\"@context\":\"https:\\\/\\\/schema.org\",\"@graph\":[{\"@type\":\"WebPage\",\"@id\":\"https:\\\/\\\/nature-et-developpement.com\\\/ned-perpignan\\\/produit\\\/equerre-de-liaison-pour-blocs-de-chanvre\\\/\",\"url\":\"https:\\\/\\\/nature-et-developpement.com\\\/ned-perpignan\\\/produit\\\/equerre-de-liaison-pour-blocs-de-chanvre\\\/\",\"name\":\"\u00c9querre de liaison pour blocs de chanvre Isohemp - Nature et D\u00e9veloppement Perpignan\",\"isPartOf\":{\"@id\":\"https:\\\/\\\/nature-et-developpement.com\\\/ned-perpignan\\\/#website\"},\"primaryImageOfPage\":{\"@id\":\"https:\\\/\\\/nature-et-developpement.com\\\/ned-perpignan\\\/produit\\\/equerre-de-liaison-pour-blocs-de-chanvre\\\/#primaryimage\"},\"image\":{\"@id\":\"https:\\\/\\\/nature-et-developpement.com\\\/ned-perpignan\\\/produit\\\/equerre-de-liaison-pour-blocs-de-chanvre\\\/#primaryimage\"},\"thumbnailUrl\":\"https:\\\/\\\/nature-et-developpement.com\\\/ned-perpignan\\\/wp-content\\\/uploads\\\/Equerre-liaison-IsoHemp.jpg\",\"datePublished\":\"2016-12-31T23:00:00+00:00\",\"dateModified\":\"2026-01-28T15:56:18+00:00\",\"breadcrumb\":{\"@id\":\"https:\\\/\\\/nature-et-developpement.com\\\/ned-perpignan\\\/produit\\\/equerre-de-liaison-pour-blocs-de-chanvre\\\/#breadcrumb\"},\"inLanguage\":\"fr-FR\",\"potentialAction\":[{\"@type\":\"ReadAction\",\"target\":[\"https:\\\/\\\/nature-et-developpement.com\\\/ned-perpignan\\\/produit\\\/equerre-de-liaison-pour-blocs-de-chanvre\\\/\"]}]},{\"@type\":\"ImageObject\",\"inLanguage\":\"fr-FR\",\"@id\":\"https:\\\/\\\/nature-et-developpement.com\\\/ned-perpignan\\\/produit\\\/equerre-de-liaison-pour-blocs-de-chanvre\\\/#primaryimage\",\"url\":\"https:\\\/\\\/nature-et-developpement.com\\\/ned-perpignan\\\/wp-content\\\/uploads\\\/Equerre-liaison-IsoHemp.jpg\",\"contentUrl\":\"https:\\\/\\\/nature-et-developpement.com\\\/ned-perpignan\\\/wp-content\\\/uploads\\\/Equerre-liaison-IsoHemp.jpg\"},{\"@type\":\"BreadcrumbList\",\"@id\":\"https:\\\/\\\/nature-et-developpement.com\\\/ned-perpignan\\\/produit\\\/equerre-de-liaison-pour-blocs-de-chanvre\\\/#breadcrumb\",\"itemListElement\":[{\"@type\":\"ListItem\",\"position\":1,\"name\":\"Accueil\",\"item\":\"https:\\\/\\\/nature-et-developpement.com\\\/ned-perpignan\\\/\"},{\"@type\":\"ListItem\",\"position\":2,\"name\":\"Boutique\",\"item\":\"https:\\\/\\\/nature-et-developpement.com\\\/ned-perpignan\\\/boutique\\\/\"},{\"@type\":\"ListItem\",\"position\":3,\"name\":\"Isolation et \u00e9tanch\u00e9it\u00e9\",\"item\":\"https:\\\/\\\/nature-et-developpement.com\\\/ned-perpignan\\\/produits\\\/isolation-et-etancheite\\\/\"},{\"@type\":\"ListItem\",\"position\":4,\"name\":\"Accessoires isolation et \u00e9tanch\u00e9it\u00e9\",\"item\":\"https:\\\/\\\/nature-et-developpement.com\\\/ned-perpignan\\\/produits\\\/isolation-et-etancheite\\\/accessoires-isolation-et-etancheite\\\/\"},{\"@type\":\"ListItem\",\"position\":5,\"name\":\"\u00c9querre de liaison pour blocs de chanvre Isohemp\"}]},{\"@type\":\"WebSite\",\"@id\":\"https:\\\/\\\/nature-et-developpement.com\\\/ned-perpignan\\\/#website\",\"url\":\"https:\\\/\\\/nature-et-developpement.com\\\/ned-perpignan\\\/\",\"name\":\"Nature et D\u00e9veloppement Perpignan\",\"description\":\"Solutions, mat\u00e9riaux et d\u00e9coration \u00e9co-responsables pour les pros et les particuliers.\",\"potentialAction\":[{\"@type\":\"SearchAction\",\"target\":{\"@type\":\"EntryPoint\",\"urlTemplate\":\"https:\\\/\\\/nature-et-developpement.com\\\/ned-perpignan\\\/?s={search_term_string}\"},\"query-input\":{\"@type\":\"PropertyValueSpecification\",\"valueRequired\":true,\"valueName\":\"search_term_string\"}}],\"inLanguage\":\"fr-FR\"}]}<\/script>\n<!-- \/ Yoast SEO plugin. -->","yoast_head_json":{"title":"\u00c9querre de liaison pour blocs de chanvre Isohemp - Nature et D\u00e9veloppement Perpignan","robots":{"index":"noindex","follow":"nofollow"},"og_locale":"fr_FR","og_type":"article","og_title":"\u00c9querre de liaison pour blocs de chanvre Isohemp - Nature et D\u00e9veloppement Perpignan","og_description":"Fixation pour raidissement de la ma\u00e7onnerie","og_url":"https:\/\/nature-et-developpement.com\/ned-perpignan\/produit\/equerre-de-liaison-pour-blocs-de-chanvre\/","og_site_name":"Nature et D\u00e9veloppement Perpignan","article_modified_time":"2026-01-28T15:56:18+00:00","twitter_card":"summary_large_image","twitter_misc":{"Dur\u00e9e de lecture estim\u00e9e":"1 minute"},"schema":{"@context":"https:\/\/schema.org","@graph":[{"@type":"WebPage","@id":"https:\/\/nature-et-developpement.com\/ned-perpignan\/produit\/equerre-de-liaison-pour-blocs-de-chanvre\/","url":"https:\/\/nature-et-developpement.com\/ned-perpignan\/produit\/equerre-de-liaison-pour-blocs-de-chanvre\/","name":"\u00c9querre de liaison pour blocs de chanvre Isohemp - Nature et D\u00e9veloppement Perpignan","isPartOf":{"@id":"https:\/\/nature-et-developpement.com\/ned-perpignan\/#website"},"primaryImageOfPage":{"@id":"https:\/\/nature-et-developpement.com\/ned-perpignan\/produit\/equerre-de-liaison-pour-blocs-de-chanvre\/#primaryimage"},"image":{"@id":"https:\/\/nature-et-developpement.com\/ned-perpignan\/produit\/equerre-de-liaison-pour-blocs-de-chanvre\/#primaryimage"},"thumbnailUrl":"https:\/\/nature-et-developpement.com\/ned-perpignan\/wp-content\/uploads\/Equerre-liaison-IsoHemp.jpg","datePublished":"2016-12-31T23:00:00+00:00","dateModified":"2026-01-28T15:56:18+00:00","breadcrumb":{"@id":"https:\/\/nature-et-developpement.com\/ned-perpignan\/produit\/equerre-de-liaison-pour-blocs-de-chanvre\/#breadcrumb"},"inLanguage":"fr-FR","potentialAction":[{"@type":"ReadAction","target":["https:\/\/nature-et-developpement.com\/ned-perpignan\/produit\/equerre-de-liaison-pour-blocs-de-chanvre\/"]}]},{"@type":"ImageObject","inLanguage":"fr-FR","@id":"https:\/\/nature-et-developpement.com\/ned-perpignan\/produit\/equerre-de-liaison-pour-blocs-de-chanvre\/#primaryimage","url":"https:\/\/nature-et-developpement.com\/ned-perpignan\/wp-content\/uploads\/Equerre-liaison-IsoHemp.jpg","contentUrl":"https:\/\/nature-et-developpement.com\/ned-perpignan\/wp-content\/uploads\/Equerre-liaison-IsoHemp.jpg"},{"@type":"BreadcrumbList","@id":"https:\/\/nature-et-developpement.com\/ned-perpignan\/produit\/equerre-de-liaison-pour-blocs-de-chanvre\/#breadcrumb","itemListElement":[{"@type":"ListItem","position":1,"name":"Accueil","item":"https:\/\/nature-et-developpement.com\/ned-perpignan\/"},{"@type":"ListItem","position":2,"name":"Boutique","item":"https:\/\/nature-et-developpement.com\/ned-perpignan\/boutique\/"},{"@type":"ListItem","position":3,"name":"Isolation et \u00e9tanch\u00e9it\u00e9","item":"https:\/\/nature-et-developpement.com\/ned-perpignan\/produits\/isolation-et-etancheite\/"},{"@type":"ListItem","position":4,"name":"Accessoires isolation et \u00e9tanch\u00e9it\u00e9","item":"https:\/\/nature-et-developpement.com\/ned-perpignan\/produits\/isolation-et-etancheite\/accessoires-isolation-et-etancheite\/"},{"@type":"ListItem","position":5,"name":"\u00c9querre de liaison pour blocs de chanvre Isohemp"}]},{"@type":"WebSite","@id":"https:\/\/nature-et-developpement.com\/ned-perpignan\/#website","url":"https:\/\/nature-et-developpement.com\/ned-perpignan\/","name":"Nature et D\u00e9veloppement Perpignan","description":"Solutions, mat\u00e9riaux et d\u00e9coration \u00e9co-responsables pour les pros et les particuliers.","potentialAction":[{"@type":"SearchAction","target":{"@type":"EntryPoint","urlTemplate":"https:\/\/nature-et-developpement.com\/ned-perpignan\/?s={search_term_string}"},"query-input":{"@type":"PropertyValueSpecification","valueRequired":true,"valueName":"search_term_string"}}],"inLanguage":"fr-FR"}]}},"distributor_meta":false,"distributor_terms":false,"distributor_media":false,"distributor_original_site_name":"Nature et D\u00e9veloppement Perpignan","distributor_original_site_url":"https:\/\/nature-et-developpement.com\/ned-perpignan","push-errors":false,"_links":{"self":[{"href":"https:\/\/nature-et-developpement.com\/ned-perpignan\/wp-json\/wp\/v2\/product\/12638","targetHints":{"allow":["GET"]}}],"collection":[{"href":"https:\/\/nature-et-developpement.com\/ned-perpignan\/wp-json\/wp\/v2\/product"}],"about":[{"href":"https:\/\/nature-et-developpement.com\/ned-perpignan\/wp-json\/wp\/v2\/types\/product"}],"wp:featuredmedia":[{"embeddable":true,"href":"https:\/\/nature-et-developpement.com\/ned-perpignan\/wp-json\/"}],"wp:attachment":[{"href":"https:\/\/nature-et-developpement.com\/ned-perpignan\/wp-json\/wp\/v2\/media?parent=12638"}],"wp:term":[{"taxonomy":"product_brand","embeddable":true,"href":"https:\/\/nature-et-developpement.com\/ned-perpignan\/wp-json\/wp\/v2\/product_brand?post=12638"},{"taxonomy":"product_cat","embeddable":true,"href":"https:\/\/nature-et-developpement.com\/ned-perpignan\/wp-json\/wp\/v2\/product_cat?post=12638"},{"taxonomy":"product_tag","embeddable":true,"href":"https:\/\/nature-et-developpement.com\/ned-perpignan\/wp-json\/wp\/v2\/product_tag?post=12638"}],"curies":[{"name":"wp","href":"https:\/\/api.w.org\/{rel}","templated":true}]}}