{"id":12705,"date":"2023-04-07T10:20:31","date_gmt":"2023-04-07T08:20:31","guid":{"rendered":"https:\/\/nature-et-developpement.com\/ned-perpignan\/produit\/mortier-sanimur-25kg-de-saint-astier\/"},"modified":"2025-10-23T21:35:59","modified_gmt":"2025-10-23T19:35:59","slug":"mortier-sanimur-25kg-de-saint-astier","status":"publish","type":"product","link":"https:\/\/nature-et-developpement.com\/ned-perpignan\/produit\/mortier-sanimur-25kg-de-saint-astier\/","title":{"rendered":"Mortier assainissant SANIMUR 25Kg de Saint Astier"},"content":{"rendered":"<h2>Comment emp\u00eacher le salp\u00eatre de revenir ?<\/h2>\n<p>Le mortier SANIMUR\u00ae est un rev\u00eatement sp\u00e9cialement formul\u00e9 pour r\u00e9sister aux sulfates.<\/p>\n<h3>DOMAINES D\u2019UTILISATION<\/h3>\n<ul>\n<li>Mortier d\u2019assainissement (R), selon la norme NF EN 998-1, pour les ma\u00e7onneries salp\u00eatreuses ou humides telles que d\u00e9finies dans le NF DTU 26.1<\/li>\n<\/ul>\n<h3>CONDITIONNEMENT<\/h3>\n<p>Sac de 25 kg et 56 sacs par palette (palette de 1T400)<\/p>\n<h3>COMPOSITION<\/h3>\n<p>Chaux hydraulique de Saint-Astier\u00ae, charges all\u00e9geances, granulats s\u00e9lectionn\u00e9s et adjuvant sp\u00e9cifique<\/p>\n","protected":false},"excerpt":{"rendered":"<p>Il est destin\u00e9 \u00e0 assainir les ma\u00e7onneries salp\u00eatreuses ou humide.<br \/>\n<img loading=\"lazy\" decoding=\"async\" class=\"alignnone size-full wp-image-170632\" src=\"https:\/\/nature-et-developpement.com\/wp-content\/uploads\/logo-EPV.jpg\" alt=\"Entreprise du Patrimoine Vivant\" width=\"150\" height=\"150\" \/><\/p>\n","protected":false},"featured_media":1000000174469,"template":"","meta":[],"product_brand":[179],"product_cat":[74,90,2668,83,116,93],"product_tag":[2702],"class_list":{"0":"post-12705","1":"product","2":"type-product","3":"status-publish","4":"has-post-thumbnail","6":"product_brand-saint-astier","7":"product_cat-demande-de-devis-uniquement-sans-prix","8":"product_cat-enduits-naturels","9":"product_cat-isolation-exterieure","10":"product_cat-maconnerie","11":"product_cat-protection-et-entretien","12":"product_cat-traitement-bois-et-pierre-ecologique","13":"product_tag-saint-astier","14":"product_shipping_class-sac-de-25kg","16":"first","17":"instock","18":"taxable","19":"shipping-taxable","20":"purchasable","21":"product-type-variable"},"yoast_head":"<!-- This site is optimized with the Yoast SEO plugin v27.5 - https:\/\/yoast.com\/product\/yoast-seo-wordpress\/ -->\n<title>Mortier assainissant SANIMUR 25Kg de Saint Astier - Nature et D\u00e9veloppement Perpignan<\/title>\n<meta name=\"robots\" content=\"noindex, nofollow\" \/>\n<meta property=\"og:locale\" content=\"fr_FR\" \/>\n<meta property=\"og:type\" content=\"article\" \/>\n<meta property=\"og:title\" content=\"Mortier assainissant SANIMUR 25Kg de Saint Astier - Nature et D\u00e9veloppement Perpignan\" \/>\n<meta property=\"og:description\" content=\"Il est destin\u00e9 \u00e0 assainir les ma\u00e7onneries salp\u00eatreuses ou humide.\" \/>\n<meta property=\"og:url\" content=\"https:\/\/nature-et-developpement.com\/ned-perpignan\/produit\/mortier-sanimur-25kg-de-saint-astier\/\" \/>\n<meta property=\"og:site_name\" content=\"Nature et D\u00e9veloppement Perpignan\" \/>\n<meta property=\"article:modified_time\" content=\"2025-10-23T19:35:59+00:00\" \/>\n<meta name=\"twitter:card\" content=\"summary_large_image\" \/>\n<meta name=\"twitter:label1\" content=\"Dur\u00e9e de lecture estim\u00e9e\" \/>\n\t<meta name=\"twitter:data1\" content=\"1 minute\" \/>\n<script type=\"application\/ld+json\" class=\"yoast-schema-graph\">{\"@context\":\"https:\\\/\\\/schema.org\",\"@graph\":[{\"@type\":\"WebPage\",\"@id\":\"https:\\\/\\\/nature-et-developpement.com\\\/ned-perpignan\\\/produit\\\/mortier-sanimur-25kg-de-saint-astier\\\/\",\"url\":\"https:\\\/\\\/nature-et-developpement.com\\\/ned-perpignan\\\/produit\\\/mortier-sanimur-25kg-de-saint-astier\\\/\",\"name\":\"Mortier assainissant SANIMUR 25Kg de Saint Astier - Nature et D\u00e9veloppement Perpignan\",\"isPartOf\":{\"@id\":\"https:\\\/\\\/nature-et-developpement.com\\\/ned-perpignan\\\/#website\"},\"primaryImageOfPage\":{\"@id\":\"https:\\\/\\\/nature-et-developpement.com\\\/ned-perpignan\\\/produit\\\/mortier-sanimur-25kg-de-saint-astier\\\/#primaryimage\"},\"image\":{\"@id\":\"https:\\\/\\\/nature-et-developpement.com\\\/ned-perpignan\\\/produit\\\/mortier-sanimur-25kg-de-saint-astier\\\/#primaryimage\"},\"thumbnailUrl\":\"https:\\\/\\\/nature-et-developpement.com\\\/ned-perpignan\\\/wp-content\\\/uploads\\\/Mortier-assainissant-SANIMUR-25KG-de-Saint-Astier-2024.jpg\",\"datePublished\":\"2023-04-07T08:20:31+00:00\",\"dateModified\":\"2025-10-23T19:35:59+00:00\",\"breadcrumb\":{\"@id\":\"https:\\\/\\\/nature-et-developpement.com\\\/ned-perpignan\\\/produit\\\/mortier-sanimur-25kg-de-saint-astier\\\/#breadcrumb\"},\"inLanguage\":\"fr-FR\",\"potentialAction\":[{\"@type\":\"ReadAction\",\"target\":[\"https:\\\/\\\/nature-et-developpement.com\\\/ned-perpignan\\\/produit\\\/mortier-sanimur-25kg-de-saint-astier\\\/\"]}]},{\"@type\":\"ImageObject\",\"inLanguage\":\"fr-FR\",\"@id\":\"https:\\\/\\\/nature-et-developpement.com\\\/ned-perpignan\\\/produit\\\/mortier-sanimur-25kg-de-saint-astier\\\/#primaryimage\",\"url\":\"https:\\\/\\\/nature-et-developpement.com\\\/ned-perpignan\\\/wp-content\\\/uploads\\\/Mortier-assainissant-SANIMUR-25KG-de-Saint-Astier-2024.jpg\",\"contentUrl\":\"https:\\\/\\\/nature-et-developpement.com\\\/ned-perpignan\\\/wp-content\\\/uploads\\\/Mortier-assainissant-SANIMUR-25KG-de-Saint-Astier-2024.jpg\"},{\"@type\":\"BreadcrumbList\",\"@id\":\"https:\\\/\\\/nature-et-developpement.com\\\/ned-perpignan\\\/produit\\\/mortier-sanimur-25kg-de-saint-astier\\\/#breadcrumb\",\"itemListElement\":[{\"@type\":\"ListItem\",\"position\":1,\"name\":\"Accueil\",\"item\":\"https:\\\/\\\/nature-et-developpement.com\\\/ned-perpignan\\\/\"},{\"@type\":\"ListItem\",\"position\":2,\"name\":\"Boutique\",\"item\":\"https:\\\/\\\/nature-et-developpement.com\\\/ned-perpignan\\\/boutique\\\/\"},{\"@type\":\"ListItem\",\"position\":3,\"name\":\"Peinture, pigment et enduit\",\"item\":\"https:\\\/\\\/nature-et-developpement.com\\\/ned-perpignan\\\/produits\\\/peinture-et-enduit\\\/\"},{\"@type\":\"ListItem\",\"position\":4,\"name\":\"Enduits naturels\",\"item\":\"https:\\\/\\\/nature-et-developpement.com\\\/ned-perpignan\\\/produits\\\/peinture-et-enduit\\\/enduits-naturels\\\/\"},{\"@type\":\"ListItem\",\"position\":5,\"name\":\"Mortier assainissant SANIMUR 25Kg de Saint Astier\"}]},{\"@type\":\"WebSite\",\"@id\":\"https:\\\/\\\/nature-et-developpement.com\\\/ned-perpignan\\\/#website\",\"url\":\"https:\\\/\\\/nature-et-developpement.com\\\/ned-perpignan\\\/\",\"name\":\"Nature et D\u00e9veloppement Perpignan\",\"description\":\"Solutions, mat\u00e9riaux et d\u00e9coration \u00e9co-responsables pour les pros et les particuliers.\",\"potentialAction\":[{\"@type\":\"SearchAction\",\"target\":{\"@type\":\"EntryPoint\",\"urlTemplate\":\"https:\\\/\\\/nature-et-developpement.com\\\/ned-perpignan\\\/?s={search_term_string}\"},\"query-input\":{\"@type\":\"PropertyValueSpecification\",\"valueRequired\":true,\"valueName\":\"search_term_string\"}}],\"inLanguage\":\"fr-FR\"}]}<\/script>\n<!-- \/ Yoast SEO plugin. -->","yoast_head_json":{"title":"Mortier assainissant SANIMUR 25Kg de Saint Astier - Nature et D\u00e9veloppement Perpignan","robots":{"index":"noindex","follow":"nofollow"},"og_locale":"fr_FR","og_type":"article","og_title":"Mortier assainissant SANIMUR 25Kg de Saint Astier - Nature et D\u00e9veloppement Perpignan","og_description":"Il est destin\u00e9 \u00e0 assainir les ma\u00e7onneries salp\u00eatreuses ou humide.","og_url":"https:\/\/nature-et-developpement.com\/ned-perpignan\/produit\/mortier-sanimur-25kg-de-saint-astier\/","og_site_name":"Nature et D\u00e9veloppement Perpignan","article_modified_time":"2025-10-23T19:35:59+00:00","twitter_card":"summary_large_image","twitter_misc":{"Dur\u00e9e de lecture estim\u00e9e":"1 minute"},"schema":{"@context":"https:\/\/schema.org","@graph":[{"@type":"WebPage","@id":"https:\/\/nature-et-developpement.com\/ned-perpignan\/produit\/mortier-sanimur-25kg-de-saint-astier\/","url":"https:\/\/nature-et-developpement.com\/ned-perpignan\/produit\/mortier-sanimur-25kg-de-saint-astier\/","name":"Mortier assainissant SANIMUR 25Kg de Saint Astier - Nature et D\u00e9veloppement Perpignan","isPartOf":{"@id":"https:\/\/nature-et-developpement.com\/ned-perpignan\/#website"},"primaryImageOfPage":{"@id":"https:\/\/nature-et-developpement.com\/ned-perpignan\/produit\/mortier-sanimur-25kg-de-saint-astier\/#primaryimage"},"image":{"@id":"https:\/\/nature-et-developpement.com\/ned-perpignan\/produit\/mortier-sanimur-25kg-de-saint-astier\/#primaryimage"},"thumbnailUrl":"https:\/\/nature-et-developpement.com\/ned-perpignan\/wp-content\/uploads\/Mortier-assainissant-SANIMUR-25KG-de-Saint-Astier-2024.jpg","datePublished":"2023-04-07T08:20:31+00:00","dateModified":"2025-10-23T19:35:59+00:00","breadcrumb":{"@id":"https:\/\/nature-et-developpement.com\/ned-perpignan\/produit\/mortier-sanimur-25kg-de-saint-astier\/#breadcrumb"},"inLanguage":"fr-FR","potentialAction":[{"@type":"ReadAction","target":["https:\/\/nature-et-developpement.com\/ned-perpignan\/produit\/mortier-sanimur-25kg-de-saint-astier\/"]}]},{"@type":"ImageObject","inLanguage":"fr-FR","@id":"https:\/\/nature-et-developpement.com\/ned-perpignan\/produit\/mortier-sanimur-25kg-de-saint-astier\/#primaryimage","url":"https:\/\/nature-et-developpement.com\/ned-perpignan\/wp-content\/uploads\/Mortier-assainissant-SANIMUR-25KG-de-Saint-Astier-2024.jpg","contentUrl":"https:\/\/nature-et-developpement.com\/ned-perpignan\/wp-content\/uploads\/Mortier-assainissant-SANIMUR-25KG-de-Saint-Astier-2024.jpg"},{"@type":"BreadcrumbList","@id":"https:\/\/nature-et-developpement.com\/ned-perpignan\/produit\/mortier-sanimur-25kg-de-saint-astier\/#breadcrumb","itemListElement":[{"@type":"ListItem","position":1,"name":"Accueil","item":"https:\/\/nature-et-developpement.com\/ned-perpignan\/"},{"@type":"ListItem","position":2,"name":"Boutique","item":"https:\/\/nature-et-developpement.com\/ned-perpignan\/boutique\/"},{"@type":"ListItem","position":3,"name":"Peinture, pigment et enduit","item":"https:\/\/nature-et-developpement.com\/ned-perpignan\/produits\/peinture-et-enduit\/"},{"@type":"ListItem","position":4,"name":"Enduits naturels","item":"https:\/\/nature-et-developpement.com\/ned-perpignan\/produits\/peinture-et-enduit\/enduits-naturels\/"},{"@type":"ListItem","position":5,"name":"Mortier assainissant SANIMUR 25Kg de Saint Astier"}]},{"@type":"WebSite","@id":"https:\/\/nature-et-developpement.com\/ned-perpignan\/#website","url":"https:\/\/nature-et-developpement.com\/ned-perpignan\/","name":"Nature et D\u00e9veloppement Perpignan","description":"Solutions, mat\u00e9riaux et d\u00e9coration \u00e9co-responsables pour les pros et les particuliers.","potentialAction":[{"@type":"SearchAction","target":{"@type":"EntryPoint","urlTemplate":"https:\/\/nature-et-developpement.com\/ned-perpignan\/?s={search_term_string}"},"query-input":{"@type":"PropertyValueSpecification","valueRequired":true,"valueName":"search_term_string"}}],"inLanguage":"fr-FR"}]}},"distributor_meta":false,"distributor_terms":false,"distributor_media":false,"distributor_original_site_name":"Nature et D\u00e9veloppement Perpignan","distributor_original_site_url":"https:\/\/nature-et-developpement.com\/ned-perpignan","push-errors":false,"_links":{"self":[{"href":"https:\/\/nature-et-developpement.com\/ned-perpignan\/wp-json\/wp\/v2\/product\/12705","targetHints":{"allow":["GET"]}}],"collection":[{"href":"https:\/\/nature-et-developpement.com\/ned-perpignan\/wp-json\/wp\/v2\/product"}],"about":[{"href":"https:\/\/nature-et-developpement.com\/ned-perpignan\/wp-json\/wp\/v2\/types\/product"}],"wp:featuredmedia":[{"embeddable":true,"href":"https:\/\/nature-et-developpement.com\/ned-perpignan\/wp-json\/"}],"wp:attachment":[{"href":"https:\/\/nature-et-developpement.com\/ned-perpignan\/wp-json\/wp\/v2\/media?parent=12705"}],"wp:term":[{"taxonomy":"product_brand","embeddable":true,"href":"https:\/\/nature-et-developpement.com\/ned-perpignan\/wp-json\/wp\/v2\/product_brand?post=12705"},{"taxonomy":"product_cat","embeddable":true,"href":"https:\/\/nature-et-developpement.com\/ned-perpignan\/wp-json\/wp\/v2\/product_cat?post=12705"},{"taxonomy":"product_tag","embeddable":true,"href":"https:\/\/nature-et-developpement.com\/ned-perpignan\/wp-json\/wp\/v2\/product_tag?post=12705"}],"curies":[{"name":"wp","href":"https:\/\/api.w.org\/{rel}","templated":true}]}}