{"id":12980,"date":"2023-06-01T09:31:03","date_gmt":"2023-06-01T07:31:03","guid":{"rendered":"https:\/\/nature-et-developpement.com\/ned-perpignan\/produit\/interface-de-proprete-o-145mm-souple-rubio\/"},"modified":"2025-06-17T14:55:46","modified_gmt":"2025-06-17T12:55:46","slug":"interface-de-proprete-o-145mm-souple-rubio","status":"publish","type":"product","link":"https:\/\/nature-et-developpement.com\/ned-perpignan\/produit\/interface-de-proprete-o-145mm-souple-rubio\/","title":{"rendered":"Interface de propret\u00e9 \u00d8145mm souple Rubio"},"content":{"rendered":"<h2>Pad d&rsquo;interface de protection \u00d8145mm<\/h2>\n<h4>(lot de 2)<\/h4>\n<p>Pour prot\u00e9ger le plateau de votre ponceuse lors de l&rsquo;application des huiles avec les pad 150mm<\/p>\n<p>Utile pour \u00e9viter d&rsquo;ab\u00eemer votre plateau de ponceuse.<\/p>\n<p>Adapt\u00e9 pour les plateaux diam 150mm et 125mm<\/p>\n","protected":false},"excerpt":{"rendered":"<p>Lot de 2 pads, pour prot\u00e9ger le plateau de votre ponceuse lors de l&rsquo;application des huiles avec les pad 150mm<\/p>\n<p>Utile pour \u00e9viter d&rsquo;ab\u00eemer votre plateau de ponceuse.<\/p>\n<p>Adapt\u00e9 pour les plateaux diam 150mm et 125mm<\/p>\n","protected":false},"featured_media":1000000171315,"template":"","meta":[],"product_brand":[178],"product_cat":[86,96,2496],"product_tag":[2681],"class_list":{"0":"post-12980","1":"product","2":"type-product","3":"status-publish","4":"has-post-thumbnail","6":"product_brand-rubio","7":"product_cat-accessoires-peinture-et-enduit","8":"product_cat-outillage","9":"product_cat-outillage-peinture-et-enduit","10":"product_tag-rubio","12":"first","13":"instock","14":"taxable","15":"shipping-taxable","16":"purchasable","17":"product-type-simple"},"yoast_head":"<!-- This site is optimized with the Yoast SEO plugin v27.5 - https:\/\/yoast.com\/product\/yoast-seo-wordpress\/ -->\n<title>Interface de propret\u00e9 \u00d8145mm souple Rubio - Nature et D\u00e9veloppement Perpignan<\/title>\n<meta name=\"description\" content=\"Lot de 2 pads, pour prot\u00e9ger le plateau de votre ponceuse lors de l&#039;application des huiles avec les pad 150mm. Adapt\u00e9 aux plateaux \u00d8150mm et \u00d8125mm\" \/>\n<meta name=\"robots\" content=\"noindex, follow\" \/>\n<meta property=\"og:locale\" content=\"fr_FR\" \/>\n<meta property=\"og:type\" content=\"article\" \/>\n<meta property=\"og:title\" content=\"Interface de propret\u00e9 \u00d8145mm souple Rubio - Nature et D\u00e9veloppement Perpignan\" \/>\n<meta property=\"og:description\" content=\"Lot de 2 pads, pour prot\u00e9ger le plateau de votre ponceuse lors de l&#039;application des huiles avec les pad 150mm. Adapt\u00e9 aux plateaux \u00d8150mm et \u00d8125mm\" \/>\n<meta property=\"og:url\" content=\"https:\/\/nature-et-developpement.com\/ned-perpignan\/produit\/interface-de-proprete-o-145mm-souple-rubio\/\" \/>\n<meta property=\"og:site_name\" content=\"Nature et D\u00e9veloppement Perpignan\" \/>\n<meta property=\"article:modified_time\" content=\"2025-06-17T12:55:46+00:00\" \/>\n<meta name=\"twitter:card\" content=\"summary_large_image\" \/>\n<script type=\"application\/ld+json\" class=\"yoast-schema-graph\">{\"@context\":\"https:\\\/\\\/schema.org\",\"@graph\":[{\"@type\":\"WebPage\",\"@id\":\"https:\\\/\\\/nature-et-developpement.com\\\/ned-perpignan\\\/produit\\\/interface-de-proprete-o-145mm-souple-rubio\\\/\",\"url\":\"https:\\\/\\\/nature-et-developpement.com\\\/ned-perpignan\\\/produit\\\/interface-de-proprete-o-145mm-souple-rubio\\\/\",\"name\":\"Interface de propret\u00e9 \u00d8145mm souple Rubio - Nature et D\u00e9veloppement Perpignan\",\"isPartOf\":{\"@id\":\"https:\\\/\\\/nature-et-developpement.com\\\/ned-perpignan\\\/#website\"},\"primaryImageOfPage\":{\"@id\":\"https:\\\/\\\/nature-et-developpement.com\\\/ned-perpignan\\\/produit\\\/interface-de-proprete-o-145mm-souple-rubio\\\/#primaryimage\"},\"image\":{\"@id\":\"https:\\\/\\\/nature-et-developpement.com\\\/ned-perpignan\\\/produit\\\/interface-de-proprete-o-145mm-souple-rubio\\\/#primaryimage\"},\"thumbnailUrl\":\"https:\\\/\\\/nature-et-developpement.com\\\/ned-perpignan\\\/wp-content\\\/uploads\\\/Interface-de-proprete-O145mm-souple-Rubio.jpg\",\"datePublished\":\"2023-06-01T07:31:03+00:00\",\"dateModified\":\"2025-06-17T12:55:46+00:00\",\"description\":\"Lot de 2 pads, pour prot\u00e9ger le plateau de votre ponceuse lors de l'application des huiles avec les pad 150mm. Adapt\u00e9 aux plateaux \u00d8150mm et \u00d8125mm\",\"breadcrumb\":{\"@id\":\"https:\\\/\\\/nature-et-developpement.com\\\/ned-perpignan\\\/produit\\\/interface-de-proprete-o-145mm-souple-rubio\\\/#breadcrumb\"},\"inLanguage\":\"fr-FR\",\"potentialAction\":[{\"@type\":\"ReadAction\",\"target\":[\"https:\\\/\\\/nature-et-developpement.com\\\/ned-perpignan\\\/produit\\\/interface-de-proprete-o-145mm-souple-rubio\\\/\"]}]},{\"@type\":\"ImageObject\",\"inLanguage\":\"fr-FR\",\"@id\":\"https:\\\/\\\/nature-et-developpement.com\\\/ned-perpignan\\\/produit\\\/interface-de-proprete-o-145mm-souple-rubio\\\/#primaryimage\",\"url\":\"https:\\\/\\\/nature-et-developpement.com\\\/ned-perpignan\\\/wp-content\\\/uploads\\\/Interface-de-proprete-O145mm-souple-Rubio.jpg\",\"contentUrl\":\"https:\\\/\\\/nature-et-developpement.com\\\/ned-perpignan\\\/wp-content\\\/uploads\\\/Interface-de-proprete-O145mm-souple-Rubio.jpg\"},{\"@type\":\"BreadcrumbList\",\"@id\":\"https:\\\/\\\/nature-et-developpement.com\\\/ned-perpignan\\\/produit\\\/interface-de-proprete-o-145mm-souple-rubio\\\/#breadcrumb\",\"itemListElement\":[{\"@type\":\"ListItem\",\"position\":1,\"name\":\"Accueil\",\"item\":\"https:\\\/\\\/nature-et-developpement.com\\\/ned-perpignan\\\/\"},{\"@type\":\"ListItem\",\"position\":2,\"name\":\"Boutique\",\"item\":\"https:\\\/\\\/nature-et-developpement.com\\\/ned-perpignan\\\/boutique\\\/\"},{\"@type\":\"ListItem\",\"position\":3,\"name\":\"Peinture, pigment et enduit\",\"item\":\"https:\\\/\\\/nature-et-developpement.com\\\/ned-perpignan\\\/produits\\\/peinture-et-enduit\\\/\"},{\"@type\":\"ListItem\",\"position\":4,\"name\":\"Accessoires peinture et enduit\",\"item\":\"https:\\\/\\\/nature-et-developpement.com\\\/ned-perpignan\\\/produits\\\/peinture-et-enduit\\\/accessoires-peinture-et-enduit\\\/\"},{\"@type\":\"ListItem\",\"position\":5,\"name\":\"Interface de propret\u00e9 \u00d8145mm souple Rubio\"}]},{\"@type\":\"WebSite\",\"@id\":\"https:\\\/\\\/nature-et-developpement.com\\\/ned-perpignan\\\/#website\",\"url\":\"https:\\\/\\\/nature-et-developpement.com\\\/ned-perpignan\\\/\",\"name\":\"Nature et D\u00e9veloppement Perpignan\",\"description\":\"Solutions, mat\u00e9riaux et d\u00e9coration \u00e9co-responsables pour les pros et les particuliers.\",\"potentialAction\":[{\"@type\":\"SearchAction\",\"target\":{\"@type\":\"EntryPoint\",\"urlTemplate\":\"https:\\\/\\\/nature-et-developpement.com\\\/ned-perpignan\\\/?s={search_term_string}\"},\"query-input\":{\"@type\":\"PropertyValueSpecification\",\"valueRequired\":true,\"valueName\":\"search_term_string\"}}],\"inLanguage\":\"fr-FR\"}]}<\/script>\n<!-- \/ Yoast SEO plugin. -->","yoast_head_json":{"title":"Interface de propret\u00e9 \u00d8145mm souple Rubio - Nature et D\u00e9veloppement Perpignan","description":"Lot de 2 pads, pour prot\u00e9ger le plateau de votre ponceuse lors de l'application des huiles avec les pad 150mm. Adapt\u00e9 aux plateaux \u00d8150mm et \u00d8125mm","robots":{"index":"noindex","follow":"follow"},"og_locale":"fr_FR","og_type":"article","og_title":"Interface de propret\u00e9 \u00d8145mm souple Rubio - Nature et D\u00e9veloppement Perpignan","og_description":"Lot de 2 pads, pour prot\u00e9ger le plateau de votre ponceuse lors de l'application des huiles avec les pad 150mm. Adapt\u00e9 aux plateaux \u00d8150mm et \u00d8125mm","og_url":"https:\/\/nature-et-developpement.com\/ned-perpignan\/produit\/interface-de-proprete-o-145mm-souple-rubio\/","og_site_name":"Nature et D\u00e9veloppement Perpignan","article_modified_time":"2025-06-17T12:55:46+00:00","twitter_card":"summary_large_image","schema":{"@context":"https:\/\/schema.org","@graph":[{"@type":"WebPage","@id":"https:\/\/nature-et-developpement.com\/ned-perpignan\/produit\/interface-de-proprete-o-145mm-souple-rubio\/","url":"https:\/\/nature-et-developpement.com\/ned-perpignan\/produit\/interface-de-proprete-o-145mm-souple-rubio\/","name":"Interface de propret\u00e9 \u00d8145mm souple Rubio - Nature et D\u00e9veloppement Perpignan","isPartOf":{"@id":"https:\/\/nature-et-developpement.com\/ned-perpignan\/#website"},"primaryImageOfPage":{"@id":"https:\/\/nature-et-developpement.com\/ned-perpignan\/produit\/interface-de-proprete-o-145mm-souple-rubio\/#primaryimage"},"image":{"@id":"https:\/\/nature-et-developpement.com\/ned-perpignan\/produit\/interface-de-proprete-o-145mm-souple-rubio\/#primaryimage"},"thumbnailUrl":"https:\/\/nature-et-developpement.com\/ned-perpignan\/wp-content\/uploads\/Interface-de-proprete-O145mm-souple-Rubio.jpg","datePublished":"2023-06-01T07:31:03+00:00","dateModified":"2025-06-17T12:55:46+00:00","description":"Lot de 2 pads, pour prot\u00e9ger le plateau de votre ponceuse lors de l'application des huiles avec les pad 150mm. Adapt\u00e9 aux plateaux \u00d8150mm et \u00d8125mm","breadcrumb":{"@id":"https:\/\/nature-et-developpement.com\/ned-perpignan\/produit\/interface-de-proprete-o-145mm-souple-rubio\/#breadcrumb"},"inLanguage":"fr-FR","potentialAction":[{"@type":"ReadAction","target":["https:\/\/nature-et-developpement.com\/ned-perpignan\/produit\/interface-de-proprete-o-145mm-souple-rubio\/"]}]},{"@type":"ImageObject","inLanguage":"fr-FR","@id":"https:\/\/nature-et-developpement.com\/ned-perpignan\/produit\/interface-de-proprete-o-145mm-souple-rubio\/#primaryimage","url":"https:\/\/nature-et-developpement.com\/ned-perpignan\/wp-content\/uploads\/Interface-de-proprete-O145mm-souple-Rubio.jpg","contentUrl":"https:\/\/nature-et-developpement.com\/ned-perpignan\/wp-content\/uploads\/Interface-de-proprete-O145mm-souple-Rubio.jpg"},{"@type":"BreadcrumbList","@id":"https:\/\/nature-et-developpement.com\/ned-perpignan\/produit\/interface-de-proprete-o-145mm-souple-rubio\/#breadcrumb","itemListElement":[{"@type":"ListItem","position":1,"name":"Accueil","item":"https:\/\/nature-et-developpement.com\/ned-perpignan\/"},{"@type":"ListItem","position":2,"name":"Boutique","item":"https:\/\/nature-et-developpement.com\/ned-perpignan\/boutique\/"},{"@type":"ListItem","position":3,"name":"Peinture, pigment et enduit","item":"https:\/\/nature-et-developpement.com\/ned-perpignan\/produits\/peinture-et-enduit\/"},{"@type":"ListItem","position":4,"name":"Accessoires peinture et enduit","item":"https:\/\/nature-et-developpement.com\/ned-perpignan\/produits\/peinture-et-enduit\/accessoires-peinture-et-enduit\/"},{"@type":"ListItem","position":5,"name":"Interface de propret\u00e9 \u00d8145mm souple Rubio"}]},{"@type":"WebSite","@id":"https:\/\/nature-et-developpement.com\/ned-perpignan\/#website","url":"https:\/\/nature-et-developpement.com\/ned-perpignan\/","name":"Nature et D\u00e9veloppement Perpignan","description":"Solutions, mat\u00e9riaux et d\u00e9coration \u00e9co-responsables pour les pros et les particuliers.","potentialAction":[{"@type":"SearchAction","target":{"@type":"EntryPoint","urlTemplate":"https:\/\/nature-et-developpement.com\/ned-perpignan\/?s={search_term_string}"},"query-input":{"@type":"PropertyValueSpecification","valueRequired":true,"valueName":"search_term_string"}}],"inLanguage":"fr-FR"}]}},"distributor_meta":false,"distributor_terms":false,"distributor_media":false,"distributor_original_site_name":"Nature et D\u00e9veloppement Perpignan","distributor_original_site_url":"https:\/\/nature-et-developpement.com\/ned-perpignan","push-errors":false,"_links":{"self":[{"href":"https:\/\/nature-et-developpement.com\/ned-perpignan\/wp-json\/wp\/v2\/product\/12980","targetHints":{"allow":["GET"]}}],"collection":[{"href":"https:\/\/nature-et-developpement.com\/ned-perpignan\/wp-json\/wp\/v2\/product"}],"about":[{"href":"https:\/\/nature-et-developpement.com\/ned-perpignan\/wp-json\/wp\/v2\/types\/product"}],"wp:featuredmedia":[{"embeddable":true,"href":"https:\/\/nature-et-developpement.com\/ned-perpignan\/wp-json\/"}],"wp:attachment":[{"href":"https:\/\/nature-et-developpement.com\/ned-perpignan\/wp-json\/wp\/v2\/media?parent=12980"}],"wp:term":[{"taxonomy":"product_brand","embeddable":true,"href":"https:\/\/nature-et-developpement.com\/ned-perpignan\/wp-json\/wp\/v2\/product_brand?post=12980"},{"taxonomy":"product_cat","embeddable":true,"href":"https:\/\/nature-et-developpement.com\/ned-perpignan\/wp-json\/wp\/v2\/product_cat?post=12980"},{"taxonomy":"product_tag","embeddable":true,"href":"https:\/\/nature-et-developpement.com\/ned-perpignan\/wp-json\/wp\/v2\/product_tag?post=12980"}],"curies":[{"name":"wp","href":"https:\/\/api.w.org\/{rel}","templated":true}]}}