{"id":13030,"date":"2023-06-01T11:28:53","date_gmt":"2023-06-01T09:28:53","guid":{"rendered":"https:\/\/nature-et-developpement.com\/ned-perpignan\/produit\/metallisant-universel-universal-maintenance-oil-de-rubio\/"},"modified":"2026-02-26T02:21:11","modified_gmt":"2026-02-26T01:21:11","slug":"metallisant-universel-universal-maintenance-oil-de-rubio","status":"publish","type":"product","link":"https:\/\/nature-et-developpement.com\/ned-perpignan\/produit\/metallisant-universel-universal-maintenance-oil-de-rubio\/","title":{"rendered":"M\u00e9tallisant universel UNIVERSAL MAINTENANCE OIL de Rubio"},"content":{"rendered":"<h2>M\u00e9tallisant Universel Universal Maintenance Oil<\/h2>\n<p>C&rsquo;est une sur-huile d&rsquo;entretien utilis\u00e9e pour renforcer la protection des bois huil\u00e9s.<\/p>\n<p>Pr\u00eat \u00e0 l&#8217;emploi, il est applicable sur l&rsquo;ensemble des huiles du march\u00e9.<\/p>\n<p>Il est recommand\u00e9 (applicable 24-36 heures apr\u00e8s le s\u00e9chage de l&rsquo;huile de protection) pour les surfaces soumises \u00e0 grand trafic, pour les pi\u00e8ces humides et les plans de travail.<\/p>\n<p>Ce produit est transparent, il ne change pas la couleur du bois.<\/p>\n<p><strong>Caract\u00e9ristiques :<\/strong><\/p>\n<ul>\n<li>Pr\u00eat \u00e0 l&#8217;emploi<\/li>\n<li>0% COV<\/li>\n<li>Incolore<\/li>\n<li>Ne contient ni eau ni solvant<\/li>\n<li>Applicable sur l&rsquo;ensemble des huiles du march\u00e9<\/li>\n<li>Laisse respirer le bois<\/li>\n<\/ul>\n<p><strong>Rendement :<\/strong>\u00a0200m\u00b2\/L<\/p>\n<p><strong>S\u00e9chage :<\/strong>\u00a010 heures<\/p>\n<p><strong>Mode d&#8217;emploi :<\/strong><\/p>\n<ul>\n<li>Sur une surface propre, r\u00e9partir une petite quantit\u00e9 de M\u00e9tallisant Universel (\u00e9ponge Rubio, Scrubby pad, Pad beige)<\/li>\n<li>Laisser agir 5 minutes<\/li>\n<li>Essuyez tout le produit exc\u00e9dentaire (Chiffon, pad blanc)<\/li>\n<li>Laisser s\u00e9cher 12 heures<\/li>\n<\/ul>\n<h3><strong>Conseil de Pro :<\/strong><\/h3>\n<p>Le m\u00e9tallisant (Universal Maintenance Oil) peut parfois redonner un effet mouill\u00e9 sur les coloris clair ou tr\u00e8s fonc\u00e9.<\/p>\n<p>Pour \u00e9viter cela, vous pouvez ajouter 5% \u00e0 10%\u00a0 de votre huile Oil plus 2c ou Easy d\u00e9co dans votre m\u00e9tallisant.<\/p>\n<p>Vous ferez ainsi un vrai ton sur ton.<\/p>\n","protected":false},"excerpt":{"rendered":"<p>Cette sur-huile s&rsquo;utilise pour renforcer la protection des bois huil\u00e9s.<\/p>\n<p>Ce produit est transparent, il ne change pas la couleur du bois.<\/p>\n","protected":false},"featured_media":1000000171320,"template":"","meta":[],"product_brand":[178],"product_cat":[86,118,94],"product_tag":[2681],"class_list":{"0":"post-13030","1":"product","2":"type-product","3":"status-publish","4":"has-post-thumbnail","6":"product_brand-rubio","7":"product_cat-accessoires-peinture-et-enduit","8":"product_cat-droguerie","9":"product_cat-preparation-du-support","10":"product_tag-rubio","12":"first","13":"instock","14":"taxable","15":"shipping-taxable","16":"purchasable","17":"product-type-variable"},"yoast_head":"<!-- This site is optimized with the Yoast SEO plugin v27.5 - https:\/\/yoast.com\/product\/yoast-seo-wordpress\/ -->\n<title>M\u00e9tallisant universel UNIVERSAL MAINTENANCE OIL de Rubio - Nature et D\u00e9veloppement Perpignan<\/title>\n<meta name=\"robots\" content=\"noindex, nofollow\" \/>\n<meta property=\"og:locale\" content=\"fr_FR\" \/>\n<meta property=\"og:type\" content=\"article\" \/>\n<meta property=\"og:title\" content=\"M\u00e9tallisant universel UNIVERSAL MAINTENANCE OIL de Rubio - Nature et D\u00e9veloppement Perpignan\" \/>\n<meta property=\"og:description\" content=\"Cette sur-huile s&#039;utilise pour renforcer la protection des bois huil\u00e9s.  Ce produit est transparent, il ne change pas la couleur du bois.\" \/>\n<meta property=\"og:url\" content=\"https:\/\/nature-et-developpement.com\/ned-perpignan\/produit\/metallisant-universel-universal-maintenance-oil-de-rubio\/\" \/>\n<meta property=\"og:site_name\" content=\"Nature et D\u00e9veloppement Perpignan\" \/>\n<meta property=\"article:modified_time\" content=\"2026-02-26T01:21:11+00:00\" \/>\n<meta name=\"twitter:card\" content=\"summary_large_image\" \/>\n<meta name=\"twitter:label1\" content=\"Dur\u00e9e de lecture estim\u00e9e\" \/>\n\t<meta name=\"twitter:data1\" content=\"1 minute\" \/>\n<script type=\"application\/ld+json\" class=\"yoast-schema-graph\">{\"@context\":\"https:\\\/\\\/schema.org\",\"@graph\":[{\"@type\":\"WebPage\",\"@id\":\"https:\\\/\\\/nature-et-developpement.com\\\/ned-perpignan\\\/produit\\\/metallisant-universel-universal-maintenance-oil-de-rubio\\\/\",\"url\":\"https:\\\/\\\/nature-et-developpement.com\\\/ned-perpignan\\\/produit\\\/metallisant-universel-universal-maintenance-oil-de-rubio\\\/\",\"name\":\"M\u00e9tallisant universel UNIVERSAL MAINTENANCE OIL de Rubio - Nature et D\u00e9veloppement Perpignan\",\"isPartOf\":{\"@id\":\"https:\\\/\\\/nature-et-developpement.com\\\/ned-perpignan\\\/#website\"},\"primaryImageOfPage\":{\"@id\":\"https:\\\/\\\/nature-et-developpement.com\\\/ned-perpignan\\\/produit\\\/metallisant-universel-universal-maintenance-oil-de-rubio\\\/#primaryimage\"},\"image\":{\"@id\":\"https:\\\/\\\/nature-et-developpement.com\\\/ned-perpignan\\\/produit\\\/metallisant-universel-universal-maintenance-oil-de-rubio\\\/#primaryimage\"},\"thumbnailUrl\":\"https:\\\/\\\/nature-et-developpement.com\\\/ned-perpignan\\\/wp-content\\\/uploads\\\/Metallisant-universel-UNIVERSAL-MAINTENANCE-OIL-de-Rubio-100ml.jpg\",\"datePublished\":\"2023-06-01T09:28:53+00:00\",\"dateModified\":\"2026-02-26T01:21:11+00:00\",\"breadcrumb\":{\"@id\":\"https:\\\/\\\/nature-et-developpement.com\\\/ned-perpignan\\\/produit\\\/metallisant-universel-universal-maintenance-oil-de-rubio\\\/#breadcrumb\"},\"inLanguage\":\"fr-FR\",\"potentialAction\":[{\"@type\":\"ReadAction\",\"target\":[\"https:\\\/\\\/nature-et-developpement.com\\\/ned-perpignan\\\/produit\\\/metallisant-universel-universal-maintenance-oil-de-rubio\\\/\"]}]},{\"@type\":\"ImageObject\",\"inLanguage\":\"fr-FR\",\"@id\":\"https:\\\/\\\/nature-et-developpement.com\\\/ned-perpignan\\\/produit\\\/metallisant-universel-universal-maintenance-oil-de-rubio\\\/#primaryimage\",\"url\":\"https:\\\/\\\/nature-et-developpement.com\\\/ned-perpignan\\\/wp-content\\\/uploads\\\/Metallisant-universel-UNIVERSAL-MAINTENANCE-OIL-de-Rubio-100ml.jpg\",\"contentUrl\":\"https:\\\/\\\/nature-et-developpement.com\\\/ned-perpignan\\\/wp-content\\\/uploads\\\/Metallisant-universel-UNIVERSAL-MAINTENANCE-OIL-de-Rubio-100ml.jpg\"},{\"@type\":\"BreadcrumbList\",\"@id\":\"https:\\\/\\\/nature-et-developpement.com\\\/ned-perpignan\\\/produit\\\/metallisant-universel-universal-maintenance-oil-de-rubio\\\/#breadcrumb\",\"itemListElement\":[{\"@type\":\"ListItem\",\"position\":1,\"name\":\"Accueil\",\"item\":\"https:\\\/\\\/nature-et-developpement.com\\\/ned-perpignan\\\/\"},{\"@type\":\"ListItem\",\"position\":2,\"name\":\"Boutique\",\"item\":\"https:\\\/\\\/nature-et-developpement.com\\\/ned-perpignan\\\/boutique\\\/\"},{\"@type\":\"ListItem\",\"position\":3,\"name\":\"Peinture, pigment et enduit\",\"item\":\"https:\\\/\\\/nature-et-developpement.com\\\/ned-perpignan\\\/produits\\\/peinture-et-enduit\\\/\"},{\"@type\":\"ListItem\",\"position\":4,\"name\":\"Pr\u00e9paration du support\",\"item\":\"https:\\\/\\\/nature-et-developpement.com\\\/ned-perpignan\\\/produits\\\/peinture-et-enduit\\\/preparation-du-support\\\/\"},{\"@type\":\"ListItem\",\"position\":5,\"name\":\"M\u00e9tallisant universel UNIVERSAL MAINTENANCE OIL de Rubio\"}]},{\"@type\":\"WebSite\",\"@id\":\"https:\\\/\\\/nature-et-developpement.com\\\/ned-perpignan\\\/#website\",\"url\":\"https:\\\/\\\/nature-et-developpement.com\\\/ned-perpignan\\\/\",\"name\":\"Nature et D\u00e9veloppement Perpignan\",\"description\":\"Solutions, mat\u00e9riaux et d\u00e9coration \u00e9co-responsables pour les pros et les particuliers.\",\"potentialAction\":[{\"@type\":\"SearchAction\",\"target\":{\"@type\":\"EntryPoint\",\"urlTemplate\":\"https:\\\/\\\/nature-et-developpement.com\\\/ned-perpignan\\\/?s={search_term_string}\"},\"query-input\":{\"@type\":\"PropertyValueSpecification\",\"valueRequired\":true,\"valueName\":\"search_term_string\"}}],\"inLanguage\":\"fr-FR\"}]}<\/script>\n<!-- \/ Yoast SEO plugin. -->","yoast_head_json":{"title":"M\u00e9tallisant universel UNIVERSAL MAINTENANCE OIL de Rubio - Nature et D\u00e9veloppement Perpignan","robots":{"index":"noindex","follow":"nofollow"},"og_locale":"fr_FR","og_type":"article","og_title":"M\u00e9tallisant universel UNIVERSAL MAINTENANCE OIL de Rubio - Nature et D\u00e9veloppement Perpignan","og_description":"Cette sur-huile s'utilise pour renforcer la protection des bois huil\u00e9s.  Ce produit est transparent, il ne change pas la couleur du bois.","og_url":"https:\/\/nature-et-developpement.com\/ned-perpignan\/produit\/metallisant-universel-universal-maintenance-oil-de-rubio\/","og_site_name":"Nature et D\u00e9veloppement Perpignan","article_modified_time":"2026-02-26T01:21:11+00:00","twitter_card":"summary_large_image","twitter_misc":{"Dur\u00e9e de lecture estim\u00e9e":"1 minute"},"schema":{"@context":"https:\/\/schema.org","@graph":[{"@type":"WebPage","@id":"https:\/\/nature-et-developpement.com\/ned-perpignan\/produit\/metallisant-universel-universal-maintenance-oil-de-rubio\/","url":"https:\/\/nature-et-developpement.com\/ned-perpignan\/produit\/metallisant-universel-universal-maintenance-oil-de-rubio\/","name":"M\u00e9tallisant universel UNIVERSAL MAINTENANCE OIL de Rubio - Nature et D\u00e9veloppement Perpignan","isPartOf":{"@id":"https:\/\/nature-et-developpement.com\/ned-perpignan\/#website"},"primaryImageOfPage":{"@id":"https:\/\/nature-et-developpement.com\/ned-perpignan\/produit\/metallisant-universel-universal-maintenance-oil-de-rubio\/#primaryimage"},"image":{"@id":"https:\/\/nature-et-developpement.com\/ned-perpignan\/produit\/metallisant-universel-universal-maintenance-oil-de-rubio\/#primaryimage"},"thumbnailUrl":"https:\/\/nature-et-developpement.com\/ned-perpignan\/wp-content\/uploads\/Metallisant-universel-UNIVERSAL-MAINTENANCE-OIL-de-Rubio-100ml.jpg","datePublished":"2023-06-01T09:28:53+00:00","dateModified":"2026-02-26T01:21:11+00:00","breadcrumb":{"@id":"https:\/\/nature-et-developpement.com\/ned-perpignan\/produit\/metallisant-universel-universal-maintenance-oil-de-rubio\/#breadcrumb"},"inLanguage":"fr-FR","potentialAction":[{"@type":"ReadAction","target":["https:\/\/nature-et-developpement.com\/ned-perpignan\/produit\/metallisant-universel-universal-maintenance-oil-de-rubio\/"]}]},{"@type":"ImageObject","inLanguage":"fr-FR","@id":"https:\/\/nature-et-developpement.com\/ned-perpignan\/produit\/metallisant-universel-universal-maintenance-oil-de-rubio\/#primaryimage","url":"https:\/\/nature-et-developpement.com\/ned-perpignan\/wp-content\/uploads\/Metallisant-universel-UNIVERSAL-MAINTENANCE-OIL-de-Rubio-100ml.jpg","contentUrl":"https:\/\/nature-et-developpement.com\/ned-perpignan\/wp-content\/uploads\/Metallisant-universel-UNIVERSAL-MAINTENANCE-OIL-de-Rubio-100ml.jpg"},{"@type":"BreadcrumbList","@id":"https:\/\/nature-et-developpement.com\/ned-perpignan\/produit\/metallisant-universel-universal-maintenance-oil-de-rubio\/#breadcrumb","itemListElement":[{"@type":"ListItem","position":1,"name":"Accueil","item":"https:\/\/nature-et-developpement.com\/ned-perpignan\/"},{"@type":"ListItem","position":2,"name":"Boutique","item":"https:\/\/nature-et-developpement.com\/ned-perpignan\/boutique\/"},{"@type":"ListItem","position":3,"name":"Peinture, pigment et enduit","item":"https:\/\/nature-et-developpement.com\/ned-perpignan\/produits\/peinture-et-enduit\/"},{"@type":"ListItem","position":4,"name":"Pr\u00e9paration du support","item":"https:\/\/nature-et-developpement.com\/ned-perpignan\/produits\/peinture-et-enduit\/preparation-du-support\/"},{"@type":"ListItem","position":5,"name":"M\u00e9tallisant universel UNIVERSAL MAINTENANCE OIL de Rubio"}]},{"@type":"WebSite","@id":"https:\/\/nature-et-developpement.com\/ned-perpignan\/#website","url":"https:\/\/nature-et-developpement.com\/ned-perpignan\/","name":"Nature et D\u00e9veloppement Perpignan","description":"Solutions, mat\u00e9riaux et d\u00e9coration \u00e9co-responsables pour les pros et les particuliers.","potentialAction":[{"@type":"SearchAction","target":{"@type":"EntryPoint","urlTemplate":"https:\/\/nature-et-developpement.com\/ned-perpignan\/?s={search_term_string}"},"query-input":{"@type":"PropertyValueSpecification","valueRequired":true,"valueName":"search_term_string"}}],"inLanguage":"fr-FR"}]}},"distributor_meta":false,"distributor_terms":false,"distributor_media":false,"distributor_original_site_name":"Nature et D\u00e9veloppement Perpignan","distributor_original_site_url":"https:\/\/nature-et-developpement.com\/ned-perpignan","push-errors":false,"_links":{"self":[{"href":"https:\/\/nature-et-developpement.com\/ned-perpignan\/wp-json\/wp\/v2\/product\/13030","targetHints":{"allow":["GET"]}}],"collection":[{"href":"https:\/\/nature-et-developpement.com\/ned-perpignan\/wp-json\/wp\/v2\/product"}],"about":[{"href":"https:\/\/nature-et-developpement.com\/ned-perpignan\/wp-json\/wp\/v2\/types\/product"}],"wp:featuredmedia":[{"embeddable":true,"href":"https:\/\/nature-et-developpement.com\/ned-perpignan\/wp-json\/"}],"wp:attachment":[{"href":"https:\/\/nature-et-developpement.com\/ned-perpignan\/wp-json\/wp\/v2\/media?parent=13030"}],"wp:term":[{"taxonomy":"product_brand","embeddable":true,"href":"https:\/\/nature-et-developpement.com\/ned-perpignan\/wp-json\/wp\/v2\/product_brand?post=13030"},{"taxonomy":"product_cat","embeddable":true,"href":"https:\/\/nature-et-developpement.com\/ned-perpignan\/wp-json\/wp\/v2\/product_cat?post=13030"},{"taxonomy":"product_tag","embeddable":true,"href":"https:\/\/nature-et-developpement.com\/ned-perpignan\/wp-json\/wp\/v2\/product_tag?post=13030"}],"curies":[{"name":"wp","href":"https:\/\/api.w.org\/{rel}","templated":true}]}}