{"id":13093,"date":"2024-09-20T14:51:42","date_gmt":"2024-09-20T12:51:42","guid":{"rendered":"https:\/\/nature-et-developpement.com\/ned-perpignan\/produit\/papiers-peints-omexco\/"},"modified":"2025-06-17T14:55:50","modified_gmt":"2025-06-17T12:55:50","slug":"papiers-peints-omexco","status":"publish","type":"product","link":"https:\/\/nature-et-developpement.com\/ned-perpignan\/produit\/papiers-peints-omexco\/","title":{"rendered":"Papier Peint Haut de Gamme Omexco"},"content":{"rendered":"<h2>Papier Peint Haut de Gamme Omexco &#8211; \u00c9cologiques et \u00c9l\u00e9gants<\/h2>\n<p>Depuis 1976, Omexco, \u00e9diteur et fabricant belge, con\u00e7oit des collections de rev\u00eatements muraux haut de gamme, \u00e9l\u00e9gantes et raffin\u00e9es.<\/p>\n<p>\u00c0 proximit\u00e9 de Bruxelles, leurs ateliers perp\u00e9tuent un savoir-faire unique, proposant des produits de tr\u00e8s grande qualit\u00e9, d\u00e9coup\u00e9s sur mesure pour r\u00e9pondre \u00e0 toutes vos demandes.<\/p>\n<p>Que vous recherchiez des mati\u00e8res naturelles, des tissages ou des supports s\u00e9rigraphi\u00e9s, les collections cr\u00e9\u00e9es par leurs designers \u00e9veilleront vos sens et ajouteront une touche de po\u00e9sie \u00e0 votre int\u00e9rieur.<\/p>\n<p>Omexco accorde une grande importance aux d\u00e9tails et \u00e0 la r\u00e9duction de son impact environnemental, offrant ainsi une exp\u00e9rience d&rsquo;achat alliant design et responsabilit\u00e9.<\/p>\n<p>En tant que fabricant de rev\u00eatements muraux, Omexco s&rsquo;engage \u00e0 minimiser son impact environnemental \u00e0 chaque \u00e9tape du processus.<\/p>\n<p>Ils privil\u00e9gient les mati\u00e8res contenant des fibres recycl\u00e9es et utilisent l&rsquo;\u00e9nergie renouvelable gr\u00e2ce \u00e0 des panneaux solaires.<\/p>\n<p>Tous leurs produits sont con\u00e7us sans composants nocifs, et ils int\u00e8grent \u00e0 leurs collections des mat\u00e9riaux renouvelables, tels que le li\u00e8ge ou la soie sari recycl\u00e9e.<\/p>\n<p>Omexco est r\u00e9solument \u00e9co-responsable depuis sa cr\u00e9ation et se consacre \u00e0 la r\u00e9duction des d\u00e9chets.<\/p>\n<p>Leur service de d\u00e9coupe sur mesure pour tous leurs rev\u00eatements muraux est un exemple concret de cette d\u00e9marche. La plupart de leurs produits sont \u00e9co-certifi\u00e9s et exempts de PVC.<\/p>\n<p>Gr\u00e2ce \u00e0 ces efforts, Omexco a obtenu le label \u00e9cologique et la certification pour la gestion responsable des for\u00eats.<\/p>\n<p>Renfor\u00e7ant ainsi leur engagement envers l&rsquo;environnement.<\/p>\n<h3>D\u00e9couvrez deux exemples de leurs 42 collections exceptionnelles<\/h3>\n<p><strong>Collection Silence<\/strong><\/p>\n<p>Pens\u00e9e pour vos int\u00e9rieurs, Silence vous offre plus de confort acoustique en r\u00e9duisant la r\u00e9verb\u00e9ration.<\/p>\n<p>Fruit de la collaboration entre les \u00e9quipes de recherche de l&rsquo;entreprise et de l&rsquo;\u00e9quipe de style, Silence propose un produit de haute qualit\u00e9 au design simple.<\/p>\n<p>D\u00e9clin\u00e9 dans une gamme subtile de 10 coloris, pour s&rsquo;adapter parfaitement \u00e0 votre d\u00e9cor.<\/p>\n<p><strong>Collection Imperialis<\/strong><\/p>\n<p>Cette collection met en valeur l&rsquo;arbre Paulownia, un bois exquis, \u00e0 travers une marqueterie au style raffin\u00e9.<\/p>\n<p>Elle exprime la diversit\u00e9 de ce bois \u00e0 travers diff\u00e9rents motifs, offrant ainsi une gamme vari\u00e9e pour personnaliser votre int\u00e9rieur.<\/p>\n<p>&nbsp;<\/p>\n<p>Optez pour le papier peint haut de gamme Omexco, une fusion parfaite entre \u00e9l\u00e9gance, cr\u00e9ativit\u00e9, et respect de l&rsquo;environnement.<\/p>\n<p>Red\u00e9corez vos espaces avec des mat\u00e9riaux de qualit\u00e9, fabriqu\u00e9s avec soin.<\/p>\n<p>Contribuez \u00e0 pr\u00e9server notre plan\u00e8te en choisissant des produits \u00e9co-responsables.<\/p>\n","protected":false},"excerpt":{"rendered":"<p>D\u00e9couvrez en magasin le papier peint haut de gamme Omexco, \u00e9diteur d&rsquo;exception, avec des collections vari\u00e9es pour sublimer votre int\u00e9rieur.<br \/>\nMat\u00e9riaux \u00e9co-responsables et design \u00e9l\u00e9gant.<\/p>\n<p>Vendu au mettre lin\u00e9aire.<\/p>\n<p>&nbsp;<\/p>\n<h5><span style=\"color: #008080\"><strong>Pr\u00e9cisez dans votre demande :<\/strong><\/span><\/h5>\n<ul>\n<li>La collection que vous souhaitez<\/li>\n<li>Votre surface \u00e0 faire<\/li>\n<li>Vos plans c\u00f4t\u00e9s<\/li>\n<\/ul>\n<p>&nbsp;<\/p>\n","protected":false},"featured_media":1000000173362,"template":"","meta":[],"product_brand":[3035],"product_cat":[74,2381,91],"product_tag":[1843],"class_list":{"0":"post-13093","1":"product","2":"type-product","3":"status-publish","4":"has-post-thumbnail","6":"product_brand-omexco-papier-peint","7":"product_cat-demande-de-devis-uniquement-sans-prix","8":"product_cat-revetements-muraux","9":"product_cat-revetement-muraux","10":"product_tag-decoration-interieure","11":"product_shipping_class-petit-equipement-outil-eclairage","13":"first","14":"instock","15":"taxable","16":"shipping-taxable","17":"purchasable","18":"product-type-simple"},"yoast_head":"<!-- This site is optimized with the Yoast SEO plugin v27.5 - https:\/\/yoast.com\/product\/yoast-seo-wordpress\/ -->\n<title>Papier Peint Haut de Gamme Omexco - Nature et D\u00e9veloppement Perpignan<\/title>\n<meta name=\"description\" content=\"D\u00e9couvrez le papier peint haut de gamme Omexco, avec des collections vari\u00e9es pour sublimer votre int\u00e9rieur. Mat\u00e9riaux \u00e9co-responsables et design \u00e9l\u00e9gant.\" \/>\n<meta name=\"robots\" content=\"noindex, follow\" \/>\n<meta property=\"og:locale\" content=\"fr_FR\" \/>\n<meta property=\"og:type\" content=\"article\" \/>\n<meta property=\"og:title\" content=\"Papier Peint Haut de Gamme Omexco - Nature et D\u00e9veloppement Perpignan\" \/>\n<meta property=\"og:description\" content=\"D\u00e9couvrez le papier peint haut de gamme Omexco, avec des collections vari\u00e9es pour sublimer votre int\u00e9rieur. Mat\u00e9riaux \u00e9co-responsables et design \u00e9l\u00e9gant.\" \/>\n<meta property=\"og:url\" content=\"https:\/\/nature-et-developpement.com\/ned-perpignan\/produit\/papiers-peints-omexco\/\" \/>\n<meta property=\"og:site_name\" content=\"Nature et D\u00e9veloppement Perpignan\" \/>\n<meta property=\"article:modified_time\" content=\"2025-06-17T12:55:50+00:00\" \/>\n<meta name=\"twitter:card\" content=\"summary_large_image\" \/>\n<meta name=\"twitter:label1\" content=\"Dur\u00e9e de lecture estim\u00e9e\" \/>\n\t<meta name=\"twitter:data1\" content=\"2 minutes\" \/>\n<script type=\"application\/ld+json\" class=\"yoast-schema-graph\">{\"@context\":\"https:\\\/\\\/schema.org\",\"@graph\":[{\"@type\":\"WebPage\",\"@id\":\"https:\\\/\\\/nature-et-developpement.com\\\/ned-perpignan\\\/produit\\\/papiers-peints-omexco\\\/\",\"url\":\"https:\\\/\\\/nature-et-developpement.com\\\/ned-perpignan\\\/produit\\\/papiers-peints-omexco\\\/\",\"name\":\"Papier Peint Haut de Gamme Omexco - Nature et D\u00e9veloppement Perpignan\",\"isPartOf\":{\"@id\":\"https:\\\/\\\/nature-et-developpement.com\\\/ned-perpignan\\\/#website\"},\"primaryImageOfPage\":{\"@id\":\"https:\\\/\\\/nature-et-developpement.com\\\/ned-perpignan\\\/produit\\\/papiers-peints-omexco\\\/#primaryimage\"},\"image\":{\"@id\":\"https:\\\/\\\/nature-et-developpement.com\\\/ned-perpignan\\\/produit\\\/papiers-peints-omexco\\\/#primaryimage\"},\"thumbnailUrl\":\"https:\\\/\\\/nature-et-developpement.com\\\/ned-perpignan\\\/wp-content\\\/uploads\\\/Papier-Peint-Haut-de-Gamme-Omexco.jpg\",\"datePublished\":\"2024-09-20T12:51:42+00:00\",\"dateModified\":\"2025-06-17T12:55:50+00:00\",\"description\":\"D\u00e9couvrez le papier peint haut de gamme Omexco, avec des collections vari\u00e9es pour sublimer votre int\u00e9rieur. Mat\u00e9riaux \u00e9co-responsables et design \u00e9l\u00e9gant.\",\"breadcrumb\":{\"@id\":\"https:\\\/\\\/nature-et-developpement.com\\\/ned-perpignan\\\/produit\\\/papiers-peints-omexco\\\/#breadcrumb\"},\"inLanguage\":\"fr-FR\",\"potentialAction\":[{\"@type\":\"ReadAction\",\"target\":[\"https:\\\/\\\/nature-et-developpement.com\\\/ned-perpignan\\\/produit\\\/papiers-peints-omexco\\\/\"]}]},{\"@type\":\"ImageObject\",\"inLanguage\":\"fr-FR\",\"@id\":\"https:\\\/\\\/nature-et-developpement.com\\\/ned-perpignan\\\/produit\\\/papiers-peints-omexco\\\/#primaryimage\",\"url\":\"https:\\\/\\\/nature-et-developpement.com\\\/ned-perpignan\\\/wp-content\\\/uploads\\\/Papier-Peint-Haut-de-Gamme-Omexco.jpg\",\"contentUrl\":\"https:\\\/\\\/nature-et-developpement.com\\\/ned-perpignan\\\/wp-content\\\/uploads\\\/Papier-Peint-Haut-de-Gamme-Omexco.jpg\"},{\"@type\":\"BreadcrumbList\",\"@id\":\"https:\\\/\\\/nature-et-developpement.com\\\/ned-perpignan\\\/produit\\\/papiers-peints-omexco\\\/#breadcrumb\",\"itemListElement\":[{\"@type\":\"ListItem\",\"position\":1,\"name\":\"Accueil\",\"item\":\"https:\\\/\\\/nature-et-developpement.com\\\/ned-perpignan\\\/\"},{\"@type\":\"ListItem\",\"position\":2,\"name\":\"Boutique\",\"item\":\"https:\\\/\\\/nature-et-developpement.com\\\/ned-perpignan\\\/boutique\\\/\"},{\"@type\":\"ListItem\",\"position\":3,\"name\":\"Peinture, pigment et enduit\",\"item\":\"https:\\\/\\\/nature-et-developpement.com\\\/ned-perpignan\\\/produits\\\/peinture-et-enduit\\\/\"},{\"@type\":\"ListItem\",\"position\":4,\"name\":\"Rev\u00eatements muraux\",\"item\":\"https:\\\/\\\/nature-et-developpement.com\\\/ned-perpignan\\\/produits\\\/peinture-et-enduit\\\/revetements-muraux\\\/\"},{\"@type\":\"ListItem\",\"position\":5,\"name\":\"Papier Peint Haut de Gamme Omexco\"}]},{\"@type\":\"WebSite\",\"@id\":\"https:\\\/\\\/nature-et-developpement.com\\\/ned-perpignan\\\/#website\",\"url\":\"https:\\\/\\\/nature-et-developpement.com\\\/ned-perpignan\\\/\",\"name\":\"Nature et D\u00e9veloppement Perpignan\",\"description\":\"Solutions, mat\u00e9riaux et d\u00e9coration \u00e9co-responsables pour les pros et les particuliers.\",\"potentialAction\":[{\"@type\":\"SearchAction\",\"target\":{\"@type\":\"EntryPoint\",\"urlTemplate\":\"https:\\\/\\\/nature-et-developpement.com\\\/ned-perpignan\\\/?s={search_term_string}\"},\"query-input\":{\"@type\":\"PropertyValueSpecification\",\"valueRequired\":true,\"valueName\":\"search_term_string\"}}],\"inLanguage\":\"fr-FR\"}]}<\/script>\n<!-- \/ Yoast SEO plugin. -->","yoast_head_json":{"title":"Papier Peint Haut de Gamme Omexco - Nature et D\u00e9veloppement Perpignan","description":"D\u00e9couvrez le papier peint haut de gamme Omexco, avec des collections vari\u00e9es pour sublimer votre int\u00e9rieur. Mat\u00e9riaux \u00e9co-responsables et design \u00e9l\u00e9gant.","robots":{"index":"noindex","follow":"follow"},"og_locale":"fr_FR","og_type":"article","og_title":"Papier Peint Haut de Gamme Omexco - Nature et D\u00e9veloppement Perpignan","og_description":"D\u00e9couvrez le papier peint haut de gamme Omexco, avec des collections vari\u00e9es pour sublimer votre int\u00e9rieur. Mat\u00e9riaux \u00e9co-responsables et design \u00e9l\u00e9gant.","og_url":"https:\/\/nature-et-developpement.com\/ned-perpignan\/produit\/papiers-peints-omexco\/","og_site_name":"Nature et D\u00e9veloppement Perpignan","article_modified_time":"2025-06-17T12:55:50+00:00","twitter_card":"summary_large_image","twitter_misc":{"Dur\u00e9e de lecture estim\u00e9e":"2 minutes"},"schema":{"@context":"https:\/\/schema.org","@graph":[{"@type":"WebPage","@id":"https:\/\/nature-et-developpement.com\/ned-perpignan\/produit\/papiers-peints-omexco\/","url":"https:\/\/nature-et-developpement.com\/ned-perpignan\/produit\/papiers-peints-omexco\/","name":"Papier Peint Haut de Gamme Omexco - Nature et D\u00e9veloppement Perpignan","isPartOf":{"@id":"https:\/\/nature-et-developpement.com\/ned-perpignan\/#website"},"primaryImageOfPage":{"@id":"https:\/\/nature-et-developpement.com\/ned-perpignan\/produit\/papiers-peints-omexco\/#primaryimage"},"image":{"@id":"https:\/\/nature-et-developpement.com\/ned-perpignan\/produit\/papiers-peints-omexco\/#primaryimage"},"thumbnailUrl":"https:\/\/nature-et-developpement.com\/ned-perpignan\/wp-content\/uploads\/Papier-Peint-Haut-de-Gamme-Omexco.jpg","datePublished":"2024-09-20T12:51:42+00:00","dateModified":"2025-06-17T12:55:50+00:00","description":"D\u00e9couvrez le papier peint haut de gamme Omexco, avec des collections vari\u00e9es pour sublimer votre int\u00e9rieur. Mat\u00e9riaux \u00e9co-responsables et design \u00e9l\u00e9gant.","breadcrumb":{"@id":"https:\/\/nature-et-developpement.com\/ned-perpignan\/produit\/papiers-peints-omexco\/#breadcrumb"},"inLanguage":"fr-FR","potentialAction":[{"@type":"ReadAction","target":["https:\/\/nature-et-developpement.com\/ned-perpignan\/produit\/papiers-peints-omexco\/"]}]},{"@type":"ImageObject","inLanguage":"fr-FR","@id":"https:\/\/nature-et-developpement.com\/ned-perpignan\/produit\/papiers-peints-omexco\/#primaryimage","url":"https:\/\/nature-et-developpement.com\/ned-perpignan\/wp-content\/uploads\/Papier-Peint-Haut-de-Gamme-Omexco.jpg","contentUrl":"https:\/\/nature-et-developpement.com\/ned-perpignan\/wp-content\/uploads\/Papier-Peint-Haut-de-Gamme-Omexco.jpg"},{"@type":"BreadcrumbList","@id":"https:\/\/nature-et-developpement.com\/ned-perpignan\/produit\/papiers-peints-omexco\/#breadcrumb","itemListElement":[{"@type":"ListItem","position":1,"name":"Accueil","item":"https:\/\/nature-et-developpement.com\/ned-perpignan\/"},{"@type":"ListItem","position":2,"name":"Boutique","item":"https:\/\/nature-et-developpement.com\/ned-perpignan\/boutique\/"},{"@type":"ListItem","position":3,"name":"Peinture, pigment et enduit","item":"https:\/\/nature-et-developpement.com\/ned-perpignan\/produits\/peinture-et-enduit\/"},{"@type":"ListItem","position":4,"name":"Rev\u00eatements muraux","item":"https:\/\/nature-et-developpement.com\/ned-perpignan\/produits\/peinture-et-enduit\/revetements-muraux\/"},{"@type":"ListItem","position":5,"name":"Papier Peint Haut de Gamme Omexco"}]},{"@type":"WebSite","@id":"https:\/\/nature-et-developpement.com\/ned-perpignan\/#website","url":"https:\/\/nature-et-developpement.com\/ned-perpignan\/","name":"Nature et D\u00e9veloppement Perpignan","description":"Solutions, mat\u00e9riaux et d\u00e9coration \u00e9co-responsables pour les pros et les particuliers.","potentialAction":[{"@type":"SearchAction","target":{"@type":"EntryPoint","urlTemplate":"https:\/\/nature-et-developpement.com\/ned-perpignan\/?s={search_term_string}"},"query-input":{"@type":"PropertyValueSpecification","valueRequired":true,"valueName":"search_term_string"}}],"inLanguage":"fr-FR"}]}},"distributor_meta":false,"distributor_terms":false,"distributor_media":false,"distributor_original_site_name":"Nature et D\u00e9veloppement Perpignan","distributor_original_site_url":"https:\/\/nature-et-developpement.com\/ned-perpignan","push-errors":false,"_links":{"self":[{"href":"https:\/\/nature-et-developpement.com\/ned-perpignan\/wp-json\/wp\/v2\/product\/13093","targetHints":{"allow":["GET"]}}],"collection":[{"href":"https:\/\/nature-et-developpement.com\/ned-perpignan\/wp-json\/wp\/v2\/product"}],"about":[{"href":"https:\/\/nature-et-developpement.com\/ned-perpignan\/wp-json\/wp\/v2\/types\/product"}],"wp:featuredmedia":[{"embeddable":true,"href":"https:\/\/nature-et-developpement.com\/ned-perpignan\/wp-json\/"}],"wp:attachment":[{"href":"https:\/\/nature-et-developpement.com\/ned-perpignan\/wp-json\/wp\/v2\/media?parent=13093"}],"wp:term":[{"taxonomy":"product_brand","embeddable":true,"href":"https:\/\/nature-et-developpement.com\/ned-perpignan\/wp-json\/wp\/v2\/product_brand?post=13093"},{"taxonomy":"product_cat","embeddable":true,"href":"https:\/\/nature-et-developpement.com\/ned-perpignan\/wp-json\/wp\/v2\/product_cat?post=13093"},{"taxonomy":"product_tag","embeddable":true,"href":"https:\/\/nature-et-developpement.com\/ned-perpignan\/wp-json\/wp\/v2\/product_tag?post=13093"}],"curies":[{"name":"wp","href":"https:\/\/api.w.org\/{rel}","templated":true}]}}