{"id":13239,"date":"2023-12-14T16:32:15","date_gmt":"2023-12-14T15:32:15","guid":{"rendered":"https:\/\/nature-et-developpement.com\/ned-perpignan\/?post_type=product&#038;p=13239"},"modified":"2025-06-17T14:51:38","modified_gmt":"2025-06-17T12:51:38","slug":"pinceau-peinture-triangulaire-la-brosse-du-peintre","status":"publish","type":"product","link":"https:\/\/nature-et-developpement.com\/ned-perpignan\/produit\/pinceau-peinture-triangulaire-la-brosse-du-peintre\/","title":{"rendered":"Pinceau Peinture Triangulaire La brosse du peintre"},"content":{"rendered":"<div id=\"short_description_content\" class=\"rte align_justify\">\n<p>Nos brosses \u00e0 rechampir triangle permettent de r\u00e9aliser un travail de pr\u00e9cision sans perte de poils. Leur manche en bois vernis est particuli\u00e8rement r\u00e9sistant et offre la garantie d\u2019une bonne maniabilit\u00e9 des pinceaux \u00e0 rechampir pour un rendu optimal. Ces outils minimisent \u00e9galement le d\u00e9bordement de la peinture sur les murs. Les pinceaux \u00e0 rechampir triangulaires facilitent la peinture des angles des murs et des autres zones inaccessibles au rouleau. La peinture se r\u00e9partit facilement sur l\u2019ensemble des poils du pinceau \u00e0 rechampir triangulaire.La brosse \u00e0 rechampir triangle peut \u00eatre utilis\u00e9e sur toutes les surfaces \u00e0 peindre avec une peinture acrylique\u00a0: boiseries (portes, fen\u00eatres), b\u00e9ton, carrelage\u2026 Cette outil technique est \u00e9galement utilis\u00e9 pour la peinture des moulures aux murs et au plafond ou des panneaux de petite taille. Nos pinceaux \u00e0 rechampir triangle sont con\u00e7us pour appliquer de fines couches de peinture r\u00e9guli\u00e8res. Pour peindre un joint, appliquez la peinture acrylique de haut en bas \u00e0 la brosse \u00e0 rechampir.Nos brosses \u00e0 rechampir triangulaires sont id\u00e9ales pour les peintures de finitions, elles permettent une mise en relief de certains \u00e9l\u00e9ments ou de mettre en avant une couleur plus fonc\u00e9e. Avant de peindre une surface avec un pinceau \u00e0 rechampir triangulaire, mettez un rouleau de ruban adh\u00e9sif de masquage sur le pourtour. Cette \u00e9tape permet d\u2019assurer une protection contre les \u00e9claboussures.<\/p>\n<p>Pour pr\u00e9server la qualit\u00e9 des poils synth\u00e9tiques des brosses \u00e0 rechampir, le lavage doit se faire \u00e0 l\u2019eau savonneuse. Elles sont ensuite rinc\u00e9es \u00e0 l\u2019eau claire et essor\u00e9es<\/p>\n<\/div>\n","protected":false},"excerpt":{"rendered":"<div id=\"short_description_content\" class=\"rte align_justify\">\n<ul>\n<li>Brosse \u00e0 rechampir triangle AQUAPREM LBDP<\/li>\n<li>Id\u00e9al pour la peinture en phase aqueuse<\/li>\n<li>Forme triangulaire<\/li>\n<li>Fibres synth\u00e9tiques S2F blanches<\/li>\n<li>Qualit\u00e9 professionnelle<\/li>\n<\/ul>\n<\/div>\n","protected":false},"featured_media":13244,"template":"","meta":[],"product_brand":[2710,2709],"product_cat":[96],"product_tag":[],"class_list":{"0":"post-13239","1":"product","2":"type-product","3":"status-publish","4":"has-post-thumbnail","6":"product_brand-la-brosse-du-peintre","7":"product_brand-produit-ned-perpignan","8":"product_cat-outillage","9":"product_shipping_class-sur-devis","11":"first","12":"instock","13":"taxable","14":"shipping-taxable","15":"purchasable","16":"product-type-simple"},"yoast_head":"<!-- This site is optimized with the Yoast SEO plugin v27.6 - https:\/\/yoast.com\/product\/yoast-seo-wordpress\/ -->\n<title>Pinceau Peinture Triangulaire La brosse du peintre - Nature et D\u00e9veloppement Perpignan<\/title>\n<meta name=\"robots\" content=\"noindex, follow\" \/>\n<meta property=\"og:locale\" content=\"fr_FR\" \/>\n<meta property=\"og:type\" content=\"article\" \/>\n<meta property=\"og:title\" content=\"Pinceau Peinture Triangulaire La brosse du peintre - Nature et D\u00e9veloppement Perpignan\" \/>\n<meta property=\"og:description\" content=\"Brosse \u00e0 rechampir triangle AQUAPREM LBDP  Id\u00e9al pour la peinture en phase aqueuse  Forme triangulaire  Fibres synth\u00e9tiques S2F blanches  Qualit\u00e9 professionnelle\" \/>\n<meta property=\"og:url\" content=\"https:\/\/nature-et-developpement.com\/ned-perpignan\/produit\/pinceau-peinture-triangulaire-la-brosse-du-peintre\/\" \/>\n<meta property=\"og:site_name\" content=\"Nature et D\u00e9veloppement Perpignan\" \/>\n<meta property=\"article:modified_time\" content=\"2025-06-17T12:51:38+00:00\" \/>\n<meta property=\"og:image\" content=\"https:\/\/nature-et-developpement.com\/ned-perpignan\/wp-content\/uploads\/sites\/26\/2023\/12\/BROSSE-A-RECHAMPIR-TRIANGULAIRE-AQUAPREM-S2F-LBDP.jpg\" \/>\n\t<meta property=\"og:image:width\" content=\"800\" \/>\n\t<meta property=\"og:image:height\" content=\"800\" \/>\n\t<meta property=\"og:image:type\" content=\"image\/jpeg\" \/>\n<meta name=\"twitter:card\" content=\"summary_large_image\" \/>\n<meta name=\"twitter:label1\" content=\"Dur\u00e9e de lecture estim\u00e9e\" \/>\n\t<meta name=\"twitter:data1\" content=\"1 minute\" \/>\n<script type=\"application\/ld+json\" class=\"yoast-schema-graph\">{\"@context\":\"https:\\\/\\\/schema.org\",\"@graph\":[{\"@type\":\"WebPage\",\"@id\":\"https:\\\/\\\/nature-et-developpement.com\\\/ned-perpignan\\\/produit\\\/pinceau-peinture-triangulaire-la-brosse-du-peintre\\\/\",\"url\":\"https:\\\/\\\/nature-et-developpement.com\\\/ned-perpignan\\\/produit\\\/pinceau-peinture-triangulaire-la-brosse-du-peintre\\\/\",\"name\":\"Pinceau Peinture Triangulaire La brosse du peintre - Nature et D\u00e9veloppement Perpignan\",\"isPartOf\":{\"@id\":\"https:\\\/\\\/nature-et-developpement.com\\\/ned-perpignan\\\/#website\"},\"primaryImageOfPage\":{\"@id\":\"https:\\\/\\\/nature-et-developpement.com\\\/ned-perpignan\\\/produit\\\/pinceau-peinture-triangulaire-la-brosse-du-peintre\\\/#primaryimage\"},\"image\":{\"@id\":\"https:\\\/\\\/nature-et-developpement.com\\\/ned-perpignan\\\/produit\\\/pinceau-peinture-triangulaire-la-brosse-du-peintre\\\/#primaryimage\"},\"thumbnailUrl\":\"https:\\\/\\\/nature-et-developpement.com\\\/ned-perpignan\\\/wp-content\\\/uploads\\\/sites\\\/26\\\/2023\\\/12\\\/BROSSE-A-RECHAMPIR-TRIANGULAIRE-AQUAPREM-S2F-LBDP.jpg\",\"datePublished\":\"2023-12-14T15:32:15+00:00\",\"dateModified\":\"2025-06-17T12:51:38+00:00\",\"breadcrumb\":{\"@id\":\"https:\\\/\\\/nature-et-developpement.com\\\/ned-perpignan\\\/produit\\\/pinceau-peinture-triangulaire-la-brosse-du-peintre\\\/#breadcrumb\"},\"inLanguage\":\"fr-FR\",\"potentialAction\":[{\"@type\":\"ReadAction\",\"target\":[\"https:\\\/\\\/nature-et-developpement.com\\\/ned-perpignan\\\/produit\\\/pinceau-peinture-triangulaire-la-brosse-du-peintre\\\/\"]}]},{\"@type\":\"ImageObject\",\"inLanguage\":\"fr-FR\",\"@id\":\"https:\\\/\\\/nature-et-developpement.com\\\/ned-perpignan\\\/produit\\\/pinceau-peinture-triangulaire-la-brosse-du-peintre\\\/#primaryimage\",\"url\":\"https:\\\/\\\/nature-et-developpement.com\\\/ned-perpignan\\\/wp-content\\\/uploads\\\/sites\\\/26\\\/2023\\\/12\\\/BROSSE-A-RECHAMPIR-TRIANGULAIRE-AQUAPREM-S2F-LBDP.jpg\",\"contentUrl\":\"https:\\\/\\\/nature-et-developpement.com\\\/ned-perpignan\\\/wp-content\\\/uploads\\\/sites\\\/26\\\/2023\\\/12\\\/BROSSE-A-RECHAMPIR-TRIANGULAIRE-AQUAPREM-S2F-LBDP.jpg\",\"width\":800,\"height\":800,\"caption\":\"Brosse \u00e0 rechampir triangle\"},{\"@type\":\"BreadcrumbList\",\"@id\":\"https:\\\/\\\/nature-et-developpement.com\\\/ned-perpignan\\\/produit\\\/pinceau-peinture-triangulaire-la-brosse-du-peintre\\\/#breadcrumb\",\"itemListElement\":[{\"@type\":\"ListItem\",\"position\":1,\"name\":\"Accueil\",\"item\":\"https:\\\/\\\/nature-et-developpement.com\\\/ned-perpignan\\\/\"},{\"@type\":\"ListItem\",\"position\":2,\"name\":\"Boutique\",\"item\":\"https:\\\/\\\/nature-et-developpement.com\\\/ned-perpignan\\\/boutique\\\/\"},{\"@type\":\"ListItem\",\"position\":3,\"name\":\"Droguerie et outils\",\"item\":\"https:\\\/\\\/nature-et-developpement.com\\\/ned-perpignan\\\/produits\\\/droguerie-et-outils\\\/\"},{\"@type\":\"ListItem\",\"position\":4,\"name\":\"Outillage\",\"item\":\"https:\\\/\\\/nature-et-developpement.com\\\/ned-perpignan\\\/produits\\\/droguerie-et-outils\\\/outillage\\\/\"},{\"@type\":\"ListItem\",\"position\":5,\"name\":\"Pinceau Peinture Triangulaire La brosse du peintre\"}]},{\"@type\":\"WebSite\",\"@id\":\"https:\\\/\\\/nature-et-developpement.com\\\/ned-perpignan\\\/#website\",\"url\":\"https:\\\/\\\/nature-et-developpement.com\\\/ned-perpignan\\\/\",\"name\":\"Nature et D\u00e9veloppement Perpignan\",\"description\":\"Solutions, mat\u00e9riaux et d\u00e9coration \u00e9co-responsables pour les pros et les particuliers.\",\"potentialAction\":[{\"@type\":\"SearchAction\",\"target\":{\"@type\":\"EntryPoint\",\"urlTemplate\":\"https:\\\/\\\/nature-et-developpement.com\\\/ned-perpignan\\\/?s={search_term_string}\"},\"query-input\":{\"@type\":\"PropertyValueSpecification\",\"valueRequired\":true,\"valueName\":\"search_term_string\"}}],\"inLanguage\":\"fr-FR\"}]}<\/script>\n<!-- \/ Yoast SEO plugin. -->","yoast_head_json":{"title":"Pinceau Peinture Triangulaire La brosse du peintre - Nature et D\u00e9veloppement Perpignan","robots":{"index":"noindex","follow":"follow"},"og_locale":"fr_FR","og_type":"article","og_title":"Pinceau Peinture Triangulaire La brosse du peintre - Nature et D\u00e9veloppement Perpignan","og_description":"Brosse \u00e0 rechampir triangle AQUAPREM LBDP  Id\u00e9al pour la peinture en phase aqueuse  Forme triangulaire  Fibres synth\u00e9tiques S2F blanches  Qualit\u00e9 professionnelle","og_url":"https:\/\/nature-et-developpement.com\/ned-perpignan\/produit\/pinceau-peinture-triangulaire-la-brosse-du-peintre\/","og_site_name":"Nature et D\u00e9veloppement Perpignan","article_modified_time":"2025-06-17T12:51:38+00:00","og_image":[{"width":800,"height":800,"url":"https:\/\/nature-et-developpement.com\/ned-perpignan\/wp-content\/uploads\/sites\/26\/2023\/12\/BROSSE-A-RECHAMPIR-TRIANGULAIRE-AQUAPREM-S2F-LBDP.jpg","type":"image\/jpeg"}],"twitter_card":"summary_large_image","twitter_misc":{"Dur\u00e9e de lecture estim\u00e9e":"1 minute"},"schema":{"@context":"https:\/\/schema.org","@graph":[{"@type":"WebPage","@id":"https:\/\/nature-et-developpement.com\/ned-perpignan\/produit\/pinceau-peinture-triangulaire-la-brosse-du-peintre\/","url":"https:\/\/nature-et-developpement.com\/ned-perpignan\/produit\/pinceau-peinture-triangulaire-la-brosse-du-peintre\/","name":"Pinceau Peinture Triangulaire La brosse du peintre - Nature et D\u00e9veloppement Perpignan","isPartOf":{"@id":"https:\/\/nature-et-developpement.com\/ned-perpignan\/#website"},"primaryImageOfPage":{"@id":"https:\/\/nature-et-developpement.com\/ned-perpignan\/produit\/pinceau-peinture-triangulaire-la-brosse-du-peintre\/#primaryimage"},"image":{"@id":"https:\/\/nature-et-developpement.com\/ned-perpignan\/produit\/pinceau-peinture-triangulaire-la-brosse-du-peintre\/#primaryimage"},"thumbnailUrl":"https:\/\/nature-et-developpement.com\/ned-perpignan\/wp-content\/uploads\/sites\/26\/2023\/12\/BROSSE-A-RECHAMPIR-TRIANGULAIRE-AQUAPREM-S2F-LBDP.jpg","datePublished":"2023-12-14T15:32:15+00:00","dateModified":"2025-06-17T12:51:38+00:00","breadcrumb":{"@id":"https:\/\/nature-et-developpement.com\/ned-perpignan\/produit\/pinceau-peinture-triangulaire-la-brosse-du-peintre\/#breadcrumb"},"inLanguage":"fr-FR","potentialAction":[{"@type":"ReadAction","target":["https:\/\/nature-et-developpement.com\/ned-perpignan\/produit\/pinceau-peinture-triangulaire-la-brosse-du-peintre\/"]}]},{"@type":"ImageObject","inLanguage":"fr-FR","@id":"https:\/\/nature-et-developpement.com\/ned-perpignan\/produit\/pinceau-peinture-triangulaire-la-brosse-du-peintre\/#primaryimage","url":"https:\/\/nature-et-developpement.com\/ned-perpignan\/wp-content\/uploads\/sites\/26\/2023\/12\/BROSSE-A-RECHAMPIR-TRIANGULAIRE-AQUAPREM-S2F-LBDP.jpg","contentUrl":"https:\/\/nature-et-developpement.com\/ned-perpignan\/wp-content\/uploads\/sites\/26\/2023\/12\/BROSSE-A-RECHAMPIR-TRIANGULAIRE-AQUAPREM-S2F-LBDP.jpg","width":800,"height":800,"caption":"Brosse \u00e0 rechampir triangle"},{"@type":"BreadcrumbList","@id":"https:\/\/nature-et-developpement.com\/ned-perpignan\/produit\/pinceau-peinture-triangulaire-la-brosse-du-peintre\/#breadcrumb","itemListElement":[{"@type":"ListItem","position":1,"name":"Accueil","item":"https:\/\/nature-et-developpement.com\/ned-perpignan\/"},{"@type":"ListItem","position":2,"name":"Boutique","item":"https:\/\/nature-et-developpement.com\/ned-perpignan\/boutique\/"},{"@type":"ListItem","position":3,"name":"Droguerie et outils","item":"https:\/\/nature-et-developpement.com\/ned-perpignan\/produits\/droguerie-et-outils\/"},{"@type":"ListItem","position":4,"name":"Outillage","item":"https:\/\/nature-et-developpement.com\/ned-perpignan\/produits\/droguerie-et-outils\/outillage\/"},{"@type":"ListItem","position":5,"name":"Pinceau Peinture Triangulaire La brosse du peintre"}]},{"@type":"WebSite","@id":"https:\/\/nature-et-developpement.com\/ned-perpignan\/#website","url":"https:\/\/nature-et-developpement.com\/ned-perpignan\/","name":"Nature et D\u00e9veloppement Perpignan","description":"Solutions, mat\u00e9riaux et d\u00e9coration \u00e9co-responsables pour les pros et les particuliers.","potentialAction":[{"@type":"SearchAction","target":{"@type":"EntryPoint","urlTemplate":"https:\/\/nature-et-developpement.com\/ned-perpignan\/?s={search_term_string}"},"query-input":{"@type":"PropertyValueSpecification","valueRequired":true,"valueName":"search_term_string"}}],"inLanguage":"fr-FR"}]}},"distributor_meta":false,"distributor_terms":false,"distributor_media":false,"distributor_original_site_name":"Nature et D\u00e9veloppement Perpignan","distributor_original_site_url":"https:\/\/nature-et-developpement.com\/ned-perpignan","push-errors":false,"_links":{"self":[{"href":"https:\/\/nature-et-developpement.com\/ned-perpignan\/wp-json\/wp\/v2\/product\/13239","targetHints":{"allow":["GET"]}}],"collection":[{"href":"https:\/\/nature-et-developpement.com\/ned-perpignan\/wp-json\/wp\/v2\/product"}],"about":[{"href":"https:\/\/nature-et-developpement.com\/ned-perpignan\/wp-json\/wp\/v2\/types\/product"}],"wp:featuredmedia":[{"embeddable":true,"href":"https:\/\/nature-et-developpement.com\/ned-perpignan\/wp-json\/wp\/v2\/media\/13244"}],"wp:attachment":[{"href":"https:\/\/nature-et-developpement.com\/ned-perpignan\/wp-json\/wp\/v2\/media?parent=13239"}],"wp:term":[{"taxonomy":"product_brand","embeddable":true,"href":"https:\/\/nature-et-developpement.com\/ned-perpignan\/wp-json\/wp\/v2\/product_brand?post=13239"},{"taxonomy":"product_cat","embeddable":true,"href":"https:\/\/nature-et-developpement.com\/ned-perpignan\/wp-json\/wp\/v2\/product_cat?post=13239"},{"taxonomy":"product_tag","embeddable":true,"href":"https:\/\/nature-et-developpement.com\/ned-perpignan\/wp-json\/wp\/v2\/product_tag?post=13239"}],"curies":[{"name":"wp","href":"https:\/\/api.w.org\/{rel}","templated":true}]}}