{"id":13245,"date":"2023-11-01T00:00:00","date_gmt":"2023-10-31T23:00:00","guid":{"rendered":"https:\/\/nature-et-developpement.com\/ned-perpignan\/produit\/pare-pluie-toiture-4-couches-solitex-mento-plus-pro-clima\/"},"modified":"2026-03-25T00:36:53","modified_gmt":"2026-03-24T23:36:53","slug":"pare-pluie-toiture-4-couches-solitex-mento-plus-pro-clima","status":"publish","type":"product","link":"https:\/\/nature-et-developpement.com\/ned-perpignan\/produit\/pare-pluie-toiture-4-couches-solitex-mento-plus-pro-clima\/","title":{"rendered":"Pare-pluie toiture 4 couches SOLITEX MENTO PLUS Pro clima"},"content":{"rendered":"<h2>Une performance maximale en toute situation<\/h2>\n<p>Les \u00e9crans de sous-toiture triple et quadruple couche de la s\u00e9rie SOLITEX MENTO constituent des solutions parfaites s\u00fbres et rentables adapt\u00e9es \u00e0 une multitude d\u2019applications.<\/p>\n<p>Tous les \u00e9crans MENTO sont dot\u00e9s de films fonctionnels monolithiques non poreux en TEEE de derni\u00e8re g\u00e9n\u00e9ration.<\/p>\n<p>Le film fonctionnel est plac\u00e9 en toute s\u00e9curit\u00e9 entre deux non-tiss\u00e9s en polypropyl\u00e8ne solides et particuli\u00e8rement r\u00e9sistants \u00e0 la d\u00e9chirure, un de protection et un de couverture.<\/p>\n<p>Ce qui est id\u00e9al pour les fortes sollicitations li\u00e9es \u00e0 la circulation sur le toit, \u00e0 la pose des \u00e9crans et \u00e0 la mise en place de la couverture.<\/p>\n<p>Le non-tiss\u00e9 de couverture est en outre hydrofuge et offre une protection optimale contre la p\u00e9n\u00e9tration d\u2019humidit\u00e9 liquide.<\/p>\n<p>Il prot\u00e8ge le film sp\u00e9cial sous-jacent de tout d\u00e9g\u00e2t et du rayonnement ultra-violet.<\/p>\n<p>La structure alv\u00e9olaire garantit un excellent effet antid\u00e9rapant, m\u00eame en cas d\u2019humidit\u00e9.<\/p>\n<p>Gr\u00e2ce \u00e0 la coloration gris fonc\u00e9 du non-tiss\u00e9 de couverture sup\u00e9rieur, les \u00e9crans ne sont pas \u00e9blouissants.<\/p>\n<p>Les valeurs d\u2019\u00e9tanch\u00e9it\u00e9 \u00e0 l\u2019eau atteignent 2 500 \u00e0 10 000 mm de colonne d\u2019eau ; autrement dit, les \u00e9crans SOLITEX MENTO restent \u00e9tanches m\u00eame en cas de forte pluie battante et peuvent \u00eatre expos\u00e9s aux intemp\u00e9ries jusqu\u2019\u00e0 six mois pour le SOLITEX MENTO 5000.<\/p>\n<h2>Protection optimale pour le toit<\/h2>\n<p>Les \u00e9crans SOLITEX MENTO poss\u00e8dent un film TEEE cellulaire non poreux qui offre une protection particuli\u00e8rement bonne contre la pluie battante.<\/p>\n<p>Contrairement aux \u00e9crans de sous-toiture ordinaires o\u00f9 la diffusion se fait par \u00e9change d\u2019air \u00e0 travers la membrane microporeuse, le film SOLITEX permet une diffusion active le long de ses cha\u00eenes mol\u00e9culaires.<\/p>\n<p>De plus, avec une valeur sd de 0,05 m, les \u00e9crans SOLITEX MENTO ont une tr\u00e8s faible r\u00e9sistance \u00e0 la diffusion.<\/p>\n<p>Gr\u00e2ce au transport actif de l\u2019humidit\u00e9, le film TEEE garantit une \u00e9vacuation de la vapeur d\u2019eau extr\u00eamement rapide qui prot\u00e8ge au mieux l\u2019\u00e9cran de la formation de givre en hiver.<\/p>\n<p>C\u2019est l\u00e0 un atout suppl\u00e9mentaire pour la s\u00e9curit\u00e9 de la construction car lors de la formation de givre, les \u00e9crans de sous-toiture perm\u00e9ables \u00e0 la vapeur se transforment en pare-vapeurs (le givre est \u00e9tanche \u00e0 la diffusion) qui pi\u00e8gent alors l\u2019humidit\u00e9.<\/p>\n<p>Autres particularit\u00e9s du film TEEE : la protection fiable lors de l\u2019utilisation de produits d\u2019impr\u00e9gnation du bois (m\u00eame en cas de tension superficielle r\u00e9duite, les gouttes d\u2019eau ne peuvent pas traverser l\u2019\u00e9cran, \u00e0 d\u00e9faut de pores) et l\u2019excellente stabilit\u00e9 thermique (point de fusion du TEEE d\u2019environ 200 \u00b0C contre environ 140 \u00b0C pour le PP).<\/p>\n<p>Cette stabilit\u00e9 thermique conf\u00e8re \u00e0 l\u2019\u00e9cran synth\u00e9tique une stabilit\u00e9 extr\u00eame au vieillissement sur plusieurs d\u00e9cennies, m\u00eame sous des couvertures sombres.<\/p>\n<table class=\"table table-striped\">\n<thead>\n<tr>\n<td><strong>Propri\u00e9t\u00e9<\/strong><\/td>\n<td class=\"hidden-xs\"><strong>R\u00e9glementation<\/strong><\/td>\n<td><strong>Valeur<\/strong><\/td>\n<\/tr>\n<\/thead>\n<tbody>\n<tr>\n<td>Couleur<\/td>\n<td class=\"hidden-xs\"><\/td>\n<td>anthracite<\/td>\n<\/tr>\n<tr>\n<td>Grammage<\/td>\n<td class=\"hidden-xs\">NF EN 1849-2<\/td>\n<td>175 \u00b15 g\/m\u00b2<\/td>\n<\/tr>\n<tr>\n<td>Epaisseur<\/td>\n<td class=\"hidden-xs\">NF EN 1849-2<\/td>\n<td>0,60 \u00b10,10 mm<\/td>\n<\/tr>\n<tr>\n<td>Coeff. de r\u00e9sistance diffusion vapeur \u03bc<\/td>\n<td class=\"hidden-xs\">NF EN ISO 12572<\/td>\n<td>83<\/td>\n<\/tr>\n<tr>\n<td>Valeur sd<\/td>\n<td class=\"hidden-xs\">NF EN ISO 12572<\/td>\n<td>0,05 \u00b10,02 m<\/td>\n<\/tr>\n<tr>\n<td>R\u00e9action au feu<\/td>\n<td class=\"hidden-xs\">NF EN 13501-1<\/td>\n<td>Euroclasse E<\/td>\n<\/tr>\n<tr>\n<td>Exposition aux intemp\u00e9ries<\/td>\n<td class=\"hidden-xs\"><\/td>\n<td>4 mois<\/td>\n<\/tr>\n<tr>\n<td>Colonne d\u2019eau<\/td>\n<td class=\"hidden-xs\">NF EN 20811<\/td>\n<td>&gt; 2 500 mm<\/td>\n<\/tr>\n<tr>\n<td>Etanch\u00e9it\u00e9 \u00e0 l&rsquo;eau non-vieillie\/vieillie*<\/td>\n<td class=\"hidden-xs\">NF EN 1928<\/td>\n<td>W1 \/ W1<\/td>\n<\/tr>\n<tr>\n<td>Force de traction max. longit.\/transv.<\/td>\n<td class=\"hidden-xs\">NF EN 13859-1 (A)<\/td>\n<td>500 \u00b130 N\/5 cm \/ 330 \u00b130 N\/5 cm<\/td>\n<\/tr>\n<tr>\n<td>Force de traction max. longit.\/transv. vieillie*<\/td>\n<td class=\"hidden-xs\">NF EN 13859-1 (A)<\/td>\n<td>495 \u00b130 N\/5 cm \/ 315 \u00b130 N\/5 cm<\/td>\n<\/tr>\n<tr>\n<td>Allongement en traction longit.\/transv.<\/td>\n<td class=\"hidden-xs\">NF EN 13859-1 (A)<\/td>\n<td>20 \u00b15 % \/ 20 \u00b15 %<\/td>\n<\/tr>\n<tr>\n<td>Allongement en traction longit.\/transv. vieillie*<\/td>\n<td class=\"hidden-xs\">NF EN 13859-1 (A)<\/td>\n<td>20 \u00b15 % \/ 20 \u00b15 %<\/td>\n<\/tr>\n<tr>\n<td>R\u00e9sistance \u00e0 la d\u00e9chirure longitud.\/transv.<\/td>\n<td class=\"hidden-xs\">NF EN 13859-1 (B)<\/td>\n<td>300 \u00b130 N \/ 300 \u00b130 N<\/td>\n<\/tr>\n<tr>\n<td>*) Durabilit\u00e9 apr\u00e8s vieillissement artificiel<\/td>\n<td class=\"hidden-xs\">NF EN 1297 \/ NF EN 1296<\/td>\n<td>r\u00e9ussi<\/td>\n<\/tr>\n<tr>\n<td>Comportement au pliage \u00e0 froid<\/td>\n<td class=\"hidden-xs\">NF EN 1109<\/td>\n<td>-40 \u00b0C<\/td>\n<\/tr>\n<tr>\n<td>R\u00e9sistance \u00e0 la temp\u00e9rature<\/td>\n<td class=\"hidden-xs\"><\/td>\n<td>stable entre -40 \u00b0C et +100 \u00b0C<\/td>\n<\/tr>\n<tr>\n<td>Coefficient thermique<\/td>\n<td class=\"hidden-xs\"><\/td>\n<td>0,17 W\/(m\u00b7K)<\/td>\n<\/tr>\n<tr>\n<td>R\u00e9sistance \u00e0 la travers\u00e9e d\u2019un corps mou<\/td>\n<td class=\"hidden-xs\">GS-BAU-20 (10\/2003)<\/td>\n<td>r\u00e9ussi<\/td>\n<\/tr>\n<tr>\n<td>Ecran de sous-toiture<\/td>\n<td class=\"hidden-xs\">ZVDH-Produktdatenblatt<\/td>\n<td>USB-A \/ UDB-A<\/td>\n<\/tr>\n<tr>\n<td>Couverture provisoire ; peut servir de &#8230;<\/td>\n<td class=\"hidden-xs\">ZVDH<\/td>\n<td>oui<\/td>\n<\/tr>\n<tr>\n<td>Marquage CE<\/td>\n<td class=\"hidden-xs\">NF EN 13859-1<\/td>\n<td>existe<\/td>\n<\/tr>\n<\/tbody>\n<\/table>\n","protected":false},"excerpt":{"rendered":"<p>\u00c9cran de sous-toit\u00adure quad\u00adruple couche, avec arma\u00adture, con\u00advi\u00adent aux iso\u00adlants in\u00adsuf\u00adfl\u00e9s.<\/p>\n<p>Pour prot\u00e9ger la construction durant la phase des travaux, les \u00e9crans de sous-toiture SOLITEX MENTO PLUS peuvent servir de couverture provisoire pendant\u00a04 mois.<\/p>\n","protected":false},"featured_media":1000000166707,"template":"","meta":[],"product_brand":[176],"product_cat":[2671],"product_tag":[2683],"class_list":{"0":"post-13245","1":"product","2":"type-product","3":"status-publish","4":"has-post-thumbnail","6":"product_brand-proclima","7":"product_cat-pare-pluie","8":"product_tag-pro-clima","9":"product_shipping_class-petit-equipement-outil-eclairage","11":"first","12":"instock","13":"taxable","14":"shipping-taxable","15":"purchasable","16":"product-type-variable"},"yoast_head":"<!-- This site is optimized with the Yoast SEO plugin v27.5 - https:\/\/yoast.com\/product\/yoast-seo-wordpress\/ -->\n<title>Pare-pluie toiture 4 couches SOLITEX MENTO PLUS Pro clima - Nature et D\u00e9veloppement Perpignan<\/title>\n<meta name=\"robots\" content=\"noindex, nofollow\" \/>\n<meta property=\"og:locale\" content=\"fr_FR\" \/>\n<meta property=\"og:type\" content=\"article\" \/>\n<meta property=\"og:title\" content=\"Pare-pluie toiture 4 couches SOLITEX MENTO PLUS Pro clima - Nature et D\u00e9veloppement Perpignan\" \/>\n<meta property=\"og:description\" content=\"\u00c9cran de sous-toit\u00adure quad\u00adruple couche, avec arma\u00adture, con\u00advi\u00adent aux iso\u00adlants in\u00adsuf\u00adfl\u00e9s.  Pour prot\u00e9ger la construction durant la phase des travaux, les \u00e9crans de sous-toiture SOLITEX MENTO PLUS peuvent servir de couverture provisoire pendant\u00a04 mois.\" \/>\n<meta property=\"og:url\" content=\"https:\/\/nature-et-developpement.com\/ned-perpignan\/produit\/pare-pluie-toiture-4-couches-solitex-mento-plus-pro-clima\/\" \/>\n<meta property=\"og:site_name\" content=\"Nature et D\u00e9veloppement Perpignan\" \/>\n<meta property=\"article:modified_time\" content=\"2026-03-24T23:36:53+00:00\" \/>\n<meta name=\"twitter:card\" content=\"summary_large_image\" \/>\n<meta name=\"twitter:label1\" content=\"Dur\u00e9e de lecture estim\u00e9e\" \/>\n\t<meta name=\"twitter:data1\" content=\"3 minutes\" \/>\n<script type=\"application\/ld+json\" class=\"yoast-schema-graph\">{\"@context\":\"https:\\\/\\\/schema.org\",\"@graph\":[{\"@type\":\"WebPage\",\"@id\":\"https:\\\/\\\/nature-et-developpement.com\\\/ned-perpignan\\\/produit\\\/pare-pluie-toiture-4-couches-solitex-mento-plus-pro-clima\\\/\",\"url\":\"https:\\\/\\\/nature-et-developpement.com\\\/ned-perpignan\\\/produit\\\/pare-pluie-toiture-4-couches-solitex-mento-plus-pro-clima\\\/\",\"name\":\"Pare-pluie toiture 4 couches SOLITEX MENTO PLUS Pro clima - Nature et D\u00e9veloppement Perpignan\",\"isPartOf\":{\"@id\":\"https:\\\/\\\/nature-et-developpement.com\\\/ned-perpignan\\\/#website\"},\"primaryImageOfPage\":{\"@id\":\"https:\\\/\\\/nature-et-developpement.com\\\/ned-perpignan\\\/produit\\\/pare-pluie-toiture-4-couches-solitex-mento-plus-pro-clima\\\/#primaryimage\"},\"image\":{\"@id\":\"https:\\\/\\\/nature-et-developpement.com\\\/ned-perpignan\\\/produit\\\/pare-pluie-toiture-4-couches-solitex-mento-plus-pro-clima\\\/#primaryimage\"},\"thumbnailUrl\":\"https:\\\/\\\/nature-et-developpement.com\\\/ned-perpignan\\\/wp-content\\\/uploads\\\/Pare-pluie-toiture-4-couches-SOLITEX-MENTO-PLUS-Pro-clima.jpg\",\"datePublished\":\"2023-10-31T23:00:00+00:00\",\"dateModified\":\"2026-03-24T23:36:53+00:00\",\"breadcrumb\":{\"@id\":\"https:\\\/\\\/nature-et-developpement.com\\\/ned-perpignan\\\/produit\\\/pare-pluie-toiture-4-couches-solitex-mento-plus-pro-clima\\\/#breadcrumb\"},\"inLanguage\":\"fr-FR\",\"potentialAction\":[{\"@type\":\"ReadAction\",\"target\":[\"https:\\\/\\\/nature-et-developpement.com\\\/ned-perpignan\\\/produit\\\/pare-pluie-toiture-4-couches-solitex-mento-plus-pro-clima\\\/\"]}]},{\"@type\":\"ImageObject\",\"inLanguage\":\"fr-FR\",\"@id\":\"https:\\\/\\\/nature-et-developpement.com\\\/ned-perpignan\\\/produit\\\/pare-pluie-toiture-4-couches-solitex-mento-plus-pro-clima\\\/#primaryimage\",\"url\":\"https:\\\/\\\/nature-et-developpement.com\\\/ned-perpignan\\\/wp-content\\\/uploads\\\/Pare-pluie-toiture-4-couches-SOLITEX-MENTO-PLUS-Pro-clima.jpg\",\"contentUrl\":\"https:\\\/\\\/nature-et-developpement.com\\\/ned-perpignan\\\/wp-content\\\/uploads\\\/Pare-pluie-toiture-4-couches-SOLITEX-MENTO-PLUS-Pro-clima.jpg\"},{\"@type\":\"BreadcrumbList\",\"@id\":\"https:\\\/\\\/nature-et-developpement.com\\\/ned-perpignan\\\/produit\\\/pare-pluie-toiture-4-couches-solitex-mento-plus-pro-clima\\\/#breadcrumb\",\"itemListElement\":[{\"@type\":\"ListItem\",\"position\":1,\"name\":\"Accueil\",\"item\":\"https:\\\/\\\/nature-et-developpement.com\\\/ned-perpignan\\\/\"},{\"@type\":\"ListItem\",\"position\":2,\"name\":\"Boutique\",\"item\":\"https:\\\/\\\/nature-et-developpement.com\\\/ned-perpignan\\\/boutique\\\/\"},{\"@type\":\"ListItem\",\"position\":3,\"name\":\"Isolation et \u00e9tanch\u00e9it\u00e9\",\"item\":\"https:\\\/\\\/nature-et-developpement.com\\\/ned-perpignan\\\/produits\\\/isolation-et-etancheite\\\/\"},{\"@type\":\"ListItem\",\"position\":4,\"name\":\"Pare pluie\",\"item\":\"https:\\\/\\\/nature-et-developpement.com\\\/ned-perpignan\\\/produits\\\/isolation-et-etancheite\\\/pare-pluie\\\/\"},{\"@type\":\"ListItem\",\"position\":5,\"name\":\"Pare-pluie toiture 4 couches SOLITEX MENTO PLUS Pro clima\"}]},{\"@type\":\"WebSite\",\"@id\":\"https:\\\/\\\/nature-et-developpement.com\\\/ned-perpignan\\\/#website\",\"url\":\"https:\\\/\\\/nature-et-developpement.com\\\/ned-perpignan\\\/\",\"name\":\"Nature et D\u00e9veloppement Perpignan\",\"description\":\"Solutions, mat\u00e9riaux et d\u00e9coration \u00e9co-responsables pour les pros et les particuliers.\",\"potentialAction\":[{\"@type\":\"SearchAction\",\"target\":{\"@type\":\"EntryPoint\",\"urlTemplate\":\"https:\\\/\\\/nature-et-developpement.com\\\/ned-perpignan\\\/?s={search_term_string}\"},\"query-input\":{\"@type\":\"PropertyValueSpecification\",\"valueRequired\":true,\"valueName\":\"search_term_string\"}}],\"inLanguage\":\"fr-FR\"}]}<\/script>\n<!-- \/ Yoast SEO plugin. -->","yoast_head_json":{"title":"Pare-pluie toiture 4 couches SOLITEX MENTO PLUS Pro clima - Nature et D\u00e9veloppement Perpignan","robots":{"index":"noindex","follow":"nofollow"},"og_locale":"fr_FR","og_type":"article","og_title":"Pare-pluie toiture 4 couches SOLITEX MENTO PLUS Pro clima - Nature et D\u00e9veloppement Perpignan","og_description":"\u00c9cran de sous-toit\u00adure quad\u00adruple couche, avec arma\u00adture, con\u00advi\u00adent aux iso\u00adlants in\u00adsuf\u00adfl\u00e9s.  Pour prot\u00e9ger la construction durant la phase des travaux, les \u00e9crans de sous-toiture SOLITEX MENTO PLUS peuvent servir de couverture provisoire pendant\u00a04 mois.","og_url":"https:\/\/nature-et-developpement.com\/ned-perpignan\/produit\/pare-pluie-toiture-4-couches-solitex-mento-plus-pro-clima\/","og_site_name":"Nature et D\u00e9veloppement Perpignan","article_modified_time":"2026-03-24T23:36:53+00:00","twitter_card":"summary_large_image","twitter_misc":{"Dur\u00e9e de lecture estim\u00e9e":"3 minutes"},"schema":{"@context":"https:\/\/schema.org","@graph":[{"@type":"WebPage","@id":"https:\/\/nature-et-developpement.com\/ned-perpignan\/produit\/pare-pluie-toiture-4-couches-solitex-mento-plus-pro-clima\/","url":"https:\/\/nature-et-developpement.com\/ned-perpignan\/produit\/pare-pluie-toiture-4-couches-solitex-mento-plus-pro-clima\/","name":"Pare-pluie toiture 4 couches SOLITEX MENTO PLUS Pro clima - Nature et D\u00e9veloppement Perpignan","isPartOf":{"@id":"https:\/\/nature-et-developpement.com\/ned-perpignan\/#website"},"primaryImageOfPage":{"@id":"https:\/\/nature-et-developpement.com\/ned-perpignan\/produit\/pare-pluie-toiture-4-couches-solitex-mento-plus-pro-clima\/#primaryimage"},"image":{"@id":"https:\/\/nature-et-developpement.com\/ned-perpignan\/produit\/pare-pluie-toiture-4-couches-solitex-mento-plus-pro-clima\/#primaryimage"},"thumbnailUrl":"https:\/\/nature-et-developpement.com\/ned-perpignan\/wp-content\/uploads\/Pare-pluie-toiture-4-couches-SOLITEX-MENTO-PLUS-Pro-clima.jpg","datePublished":"2023-10-31T23:00:00+00:00","dateModified":"2026-03-24T23:36:53+00:00","breadcrumb":{"@id":"https:\/\/nature-et-developpement.com\/ned-perpignan\/produit\/pare-pluie-toiture-4-couches-solitex-mento-plus-pro-clima\/#breadcrumb"},"inLanguage":"fr-FR","potentialAction":[{"@type":"ReadAction","target":["https:\/\/nature-et-developpement.com\/ned-perpignan\/produit\/pare-pluie-toiture-4-couches-solitex-mento-plus-pro-clima\/"]}]},{"@type":"ImageObject","inLanguage":"fr-FR","@id":"https:\/\/nature-et-developpement.com\/ned-perpignan\/produit\/pare-pluie-toiture-4-couches-solitex-mento-plus-pro-clima\/#primaryimage","url":"https:\/\/nature-et-developpement.com\/ned-perpignan\/wp-content\/uploads\/Pare-pluie-toiture-4-couches-SOLITEX-MENTO-PLUS-Pro-clima.jpg","contentUrl":"https:\/\/nature-et-developpement.com\/ned-perpignan\/wp-content\/uploads\/Pare-pluie-toiture-4-couches-SOLITEX-MENTO-PLUS-Pro-clima.jpg"},{"@type":"BreadcrumbList","@id":"https:\/\/nature-et-developpement.com\/ned-perpignan\/produit\/pare-pluie-toiture-4-couches-solitex-mento-plus-pro-clima\/#breadcrumb","itemListElement":[{"@type":"ListItem","position":1,"name":"Accueil","item":"https:\/\/nature-et-developpement.com\/ned-perpignan\/"},{"@type":"ListItem","position":2,"name":"Boutique","item":"https:\/\/nature-et-developpement.com\/ned-perpignan\/boutique\/"},{"@type":"ListItem","position":3,"name":"Isolation et \u00e9tanch\u00e9it\u00e9","item":"https:\/\/nature-et-developpement.com\/ned-perpignan\/produits\/isolation-et-etancheite\/"},{"@type":"ListItem","position":4,"name":"Pare pluie","item":"https:\/\/nature-et-developpement.com\/ned-perpignan\/produits\/isolation-et-etancheite\/pare-pluie\/"},{"@type":"ListItem","position":5,"name":"Pare-pluie toiture 4 couches SOLITEX MENTO PLUS Pro clima"}]},{"@type":"WebSite","@id":"https:\/\/nature-et-developpement.com\/ned-perpignan\/#website","url":"https:\/\/nature-et-developpement.com\/ned-perpignan\/","name":"Nature et D\u00e9veloppement Perpignan","description":"Solutions, mat\u00e9riaux et d\u00e9coration \u00e9co-responsables pour les pros et les particuliers.","potentialAction":[{"@type":"SearchAction","target":{"@type":"EntryPoint","urlTemplate":"https:\/\/nature-et-developpement.com\/ned-perpignan\/?s={search_term_string}"},"query-input":{"@type":"PropertyValueSpecification","valueRequired":true,"valueName":"search_term_string"}}],"inLanguage":"fr-FR"}]}},"distributor_meta":false,"distributor_terms":false,"distributor_media":false,"distributor_original_site_name":"Nature et D\u00e9veloppement Perpignan","distributor_original_site_url":"https:\/\/nature-et-developpement.com\/ned-perpignan","push-errors":false,"_links":{"self":[{"href":"https:\/\/nature-et-developpement.com\/ned-perpignan\/wp-json\/wp\/v2\/product\/13245","targetHints":{"allow":["GET"]}}],"collection":[{"href":"https:\/\/nature-et-developpement.com\/ned-perpignan\/wp-json\/wp\/v2\/product"}],"about":[{"href":"https:\/\/nature-et-developpement.com\/ned-perpignan\/wp-json\/wp\/v2\/types\/product"}],"wp:featuredmedia":[{"embeddable":true,"href":"https:\/\/nature-et-developpement.com\/ned-perpignan\/wp-json\/"}],"wp:attachment":[{"href":"https:\/\/nature-et-developpement.com\/ned-perpignan\/wp-json\/wp\/v2\/media?parent=13245"}],"wp:term":[{"taxonomy":"product_brand","embeddable":true,"href":"https:\/\/nature-et-developpement.com\/ned-perpignan\/wp-json\/wp\/v2\/product_brand?post=13245"},{"taxonomy":"product_cat","embeddable":true,"href":"https:\/\/nature-et-developpement.com\/ned-perpignan\/wp-json\/wp\/v2\/product_cat?post=13245"},{"taxonomy":"product_tag","embeddable":true,"href":"https:\/\/nature-et-developpement.com\/ned-perpignan\/wp-json\/wp\/v2\/product_tag?post=13245"}],"curies":[{"name":"wp","href":"https:\/\/api.w.org\/{rel}","templated":true}]}}