{"id":13263,"date":"2023-11-01T00:00:00","date_gmt":"2023-10-31T23:00:00","guid":{"rendered":"https:\/\/nature-et-developpement.com\/ned-perpignan\/produit\/pare-pluie-pour-bardage-a-claire-voie-solitex-fronta-quattro-pro-clima\/"},"modified":"2026-03-25T00:21:49","modified_gmt":"2026-03-24T23:21:49","slug":"pare-pluie-pour-bardage-a-claire-voie-solitex-fronta-quattro-pro-clima","status":"publish","type":"product","link":"https:\/\/nature-et-developpement.com\/ned-perpignan\/produit\/pare-pluie-pour-bardage-a-claire-voie-solitex-fronta-quattro-pro-clima\/","title":{"rendered":"Pare-pluie pour bardage \u00e0 claire-voie SOLITEX FRONTA QUATTRO Pro clima"},"content":{"rendered":"<p>SOLI\u00adTEX FRONTA QUAT\u00adTRO as\u00adsure \u00e0 l&rsquo;iso\u00adlant une pro\u00adtec\u00adtion dur\u00adable et fiable contre le vent et la plu\u00adie.<\/p>\n<p>Util\u00adisa\u00adtion der\u00adri\u00e8re des fa\u00e7ades fer\u00adm\u00e9es et ajour\u00e9es (bard\u00adage \u00e0 claire-voie : in\u00adter\u00adstice jusque 35 mm, lame de bard\u00adage au moins trois fois plus large que l&rsquo;in\u00adter\u00adstice) selon les con\u00adsignes de mise en \u0153uvre.<\/p>\n<table class=\"table table-striped\">\n<thead>\n<tr>\n<td><strong>Propri\u00e9t\u00e9<\/strong><\/td>\n<td class=\"hidden-xs\"><strong>R\u00e9glementation<\/strong><\/td>\n<td><strong>Valeur<\/strong><\/td>\n<\/tr>\n<\/thead>\n<tbody>\n<tr>\n<td>Couleur<\/td>\n<td class=\"hidden-xs\"><\/td>\n<td>noir , impression : noire<\/td>\n<\/tr>\n<tr>\n<td>Grammage<\/td>\n<td class=\"hidden-xs\">NF EN 1849-2<\/td>\n<td>180 \u00b15 g\/m\u00b2<\/td>\n<\/tr>\n<tr>\n<td>Epaisseur<\/td>\n<td class=\"hidden-xs\">NF EN 1849-2<\/td>\n<td>0,60 \u00b10,10 mm<\/td>\n<\/tr>\n<tr>\n<td>Coeff. de r\u00e9sistance diffusion vapeur \u03bc<\/td>\n<td class=\"hidden-xs\">NF EN ISO 12572<\/td>\n<td>80<\/td>\n<\/tr>\n<tr>\n<td>Valeur sd<\/td>\n<td class=\"hidden-xs\">NF EN ISO 12572<\/td>\n<td>0,05 \u00b10,02 m<\/td>\n<\/tr>\n<tr>\n<td>R\u00e9action au feu<\/td>\n<td class=\"hidden-xs\">NF EN 13501-1<\/td>\n<td>Euroclasse E<\/td>\n<\/tr>\n<tr>\n<td>Exposition aux intemp\u00e9ries<\/td>\n<td class=\"hidden-xs\"><\/td>\n<td>6 mois<\/td>\n<\/tr>\n<tr>\n<td>Colonne d\u2019eau<\/td>\n<td class=\"hidden-xs\">NF EN 20811<\/td>\n<td>10 000 mm<\/td>\n<\/tr>\n<tr>\n<td>Etanch\u00e9it\u00e9 \u00e0 l&rsquo;eau non-vieillie\/vieillie*<\/td>\n<td class=\"hidden-xs\">NF EN 1928<\/td>\n<td>W1 \/ W1<\/td>\n<\/tr>\n<tr>\n<td>Force de traction max. longit.\/transv.<\/td>\n<td class=\"hidden-xs\">NF EN 13859-2 (A)<\/td>\n<td>290 \u00b120 N\/5 cm \/ 220 \u00b120 N\/5 cm<\/td>\n<\/tr>\n<tr>\n<td>Force de traction max. longit.\/transv. vieillie*<\/td>\n<td class=\"hidden-xs\">NF EN 13859-2 (A)<\/td>\n<td>200 \u00b120 N\/5 cm \/ 135 \u00b120 N\/5 cm<\/td>\n<\/tr>\n<tr>\n<td>Allongement en traction longit.\/transv.<\/td>\n<td class=\"hidden-xs\">NF EN 13859-2 (A)<\/td>\n<td>50 \u00b120 % \/ 70 \u00b120 %<\/td>\n<\/tr>\n<tr>\n<td>Allongement en traction longit.\/transv. vieillie*<\/td>\n<td class=\"hidden-xs\">NF EN 13859-2 (A)<\/td>\n<td>30 \u00b120 % \/ 40 \u00b120 %<\/td>\n<\/tr>\n<tr>\n<td>R\u00e9sistance \u00e0 la d\u00e9chirure longitud.\/transv.<\/td>\n<td class=\"hidden-xs\">NF EN 13859-2 (B)<\/td>\n<td>250 \u00b130 N \/ 240 \u00b130 N<\/td>\n<\/tr>\n<tr>\n<td>*) Durabilit\u00e9 apr\u00e8s vieillissement artificiel<\/td>\n<td class=\"hidden-xs\">NF EN 1297 \/ NF EN 1296<\/td>\n<td>r\u00e9ussi (sp\u00e9cifique au fa\u00e7ade ajour\u00e9e)<\/td>\n<\/tr>\n<tr>\n<td>Comportement au pliage \u00e0 froid<\/td>\n<td class=\"hidden-xs\">NF EN 1109<\/td>\n<td>-40 \u00b0C<\/td>\n<\/tr>\n<tr>\n<td>R\u00e9sistance \u00e0 la temp\u00e9rature<\/td>\n<td class=\"hidden-xs\"><\/td>\n<td>stable entre -40 \u00b0C et +100 \u00b0C<\/td>\n<\/tr>\n<tr>\n<td>Coefficient thermique<\/td>\n<td class=\"hidden-xs\"><\/td>\n<td>0,17 W\/(m\u00b7K)<\/td>\n<\/tr>\n<tr>\n<td>Garantie mat\u00e9riel, d\u00e9pos\u00e9e<\/td>\n<td class=\"hidden-xs\">ZHDH<\/td>\n<td>oui<\/td>\n<\/tr>\n<tr>\n<td>Marquage CE<\/td>\n<td class=\"hidden-xs\">NF EN 13859-2<\/td>\n<td>existe<\/td>\n<\/tr>\n<\/tbody>\n<\/table>\n","protected":false},"excerpt":{"rendered":"<p>\u00c9cran pare-plu\u00adie triple couche pour fa\u00e7ades, con\u00advi\u00adent aux bard\u00adages \u00e0 claire-voie et aux fa\u00e7ades fer\u00adm\u00e9es.<\/p>\n<p>Ils offrent une s\u00e9curit\u00e9 constructive nettement plus grande que les membranes microporeuses conventionnelles.<\/p>\n","protected":false},"featured_media":1000000166704,"template":"","meta":[],"product_brand":[176],"product_cat":[2671],"product_tag":[2683],"class_list":{"0":"post-13263","1":"product","2":"type-product","3":"status-publish","4":"has-post-thumbnail","6":"product_brand-proclima","7":"product_cat-pare-pluie","8":"product_tag-pro-clima","9":"product_shipping_class-petit-equipement-outil-eclairage","11":"first","12":"instock","13":"taxable","14":"shipping-taxable","15":"purchasable","16":"product-type-variable"},"yoast_head":"<!-- This site is optimized with the Yoast SEO plugin v27.5 - https:\/\/yoast.com\/product\/yoast-seo-wordpress\/ -->\n<title>Pare-pluie bardage claire-voie SOLITEX FRONTA QUATTRO Pro clima<\/title>\n<meta name=\"robots\" content=\"noindex, nofollow\" \/>\n<meta property=\"og:locale\" content=\"fr_FR\" \/>\n<meta property=\"og:type\" content=\"article\" \/>\n<meta property=\"og:title\" content=\"Pare-pluie bardage claire-voie SOLITEX FRONTA QUATTRO Pro clima\" \/>\n<meta property=\"og:description\" content=\"\u00c9cran pare-plu\u00adie triple couche pour fa\u00e7ades, con\u00advi\u00adent aux bard\u00adages \u00e0 claire-voie et aux fa\u00e7ades fer\u00adm\u00e9es.  Ils offrent une s\u00e9curit\u00e9 constructive nettement plus grande que les membranes microporeuses conventionnelles.\" \/>\n<meta property=\"og:url\" content=\"https:\/\/nature-et-developpement.com\/ned-perpignan\/produit\/pare-pluie-pour-bardage-a-claire-voie-solitex-fronta-quattro-pro-clima\/\" \/>\n<meta property=\"og:site_name\" content=\"Nature et D\u00e9veloppement Perpignan\" \/>\n<meta property=\"article:modified_time\" content=\"2026-03-24T23:21:49+00:00\" \/>\n<meta name=\"twitter:card\" content=\"summary_large_image\" \/>\n<meta name=\"twitter:label1\" content=\"Dur\u00e9e de lecture estim\u00e9e\" \/>\n\t<meta name=\"twitter:data1\" content=\"1 minute\" \/>\n<script type=\"application\/ld+json\" class=\"yoast-schema-graph\">{\"@context\":\"https:\\\/\\\/schema.org\",\"@graph\":[{\"@type\":\"WebPage\",\"@id\":\"https:\\\/\\\/nature-et-developpement.com\\\/ned-perpignan\\\/produit\\\/pare-pluie-pour-bardage-a-claire-voie-solitex-fronta-quattro-pro-clima\\\/\",\"url\":\"https:\\\/\\\/nature-et-developpement.com\\\/ned-perpignan\\\/produit\\\/pare-pluie-pour-bardage-a-claire-voie-solitex-fronta-quattro-pro-clima\\\/\",\"name\":\"Pare-pluie bardage claire-voie SOLITEX FRONTA QUATTRO Pro clima\",\"isPartOf\":{\"@id\":\"https:\\\/\\\/nature-et-developpement.com\\\/ned-perpignan\\\/#website\"},\"primaryImageOfPage\":{\"@id\":\"https:\\\/\\\/nature-et-developpement.com\\\/ned-perpignan\\\/produit\\\/pare-pluie-pour-bardage-a-claire-voie-solitex-fronta-quattro-pro-clima\\\/#primaryimage\"},\"image\":{\"@id\":\"https:\\\/\\\/nature-et-developpement.com\\\/ned-perpignan\\\/produit\\\/pare-pluie-pour-bardage-a-claire-voie-solitex-fronta-quattro-pro-clima\\\/#primaryimage\"},\"thumbnailUrl\":\"https:\\\/\\\/nature-et-developpement.com\\\/ned-perpignan\\\/wp-content\\\/uploads\\\/Pare-pluie-pour-bardage-a-claire-voie-SOLITEX-FRONTA-QUATTRO-Pro-clima.jpg\",\"datePublished\":\"2023-10-31T23:00:00+00:00\",\"dateModified\":\"2026-03-24T23:21:49+00:00\",\"breadcrumb\":{\"@id\":\"https:\\\/\\\/nature-et-developpement.com\\\/ned-perpignan\\\/produit\\\/pare-pluie-pour-bardage-a-claire-voie-solitex-fronta-quattro-pro-clima\\\/#breadcrumb\"},\"inLanguage\":\"fr-FR\",\"potentialAction\":[{\"@type\":\"ReadAction\",\"target\":[\"https:\\\/\\\/nature-et-developpement.com\\\/ned-perpignan\\\/produit\\\/pare-pluie-pour-bardage-a-claire-voie-solitex-fronta-quattro-pro-clima\\\/\"]}]},{\"@type\":\"ImageObject\",\"inLanguage\":\"fr-FR\",\"@id\":\"https:\\\/\\\/nature-et-developpement.com\\\/ned-perpignan\\\/produit\\\/pare-pluie-pour-bardage-a-claire-voie-solitex-fronta-quattro-pro-clima\\\/#primaryimage\",\"url\":\"https:\\\/\\\/nature-et-developpement.com\\\/ned-perpignan\\\/wp-content\\\/uploads\\\/Pare-pluie-pour-bardage-a-claire-voie-SOLITEX-FRONTA-QUATTRO-Pro-clima.jpg\",\"contentUrl\":\"https:\\\/\\\/nature-et-developpement.com\\\/ned-perpignan\\\/wp-content\\\/uploads\\\/Pare-pluie-pour-bardage-a-claire-voie-SOLITEX-FRONTA-QUATTRO-Pro-clima.jpg\"},{\"@type\":\"BreadcrumbList\",\"@id\":\"https:\\\/\\\/nature-et-developpement.com\\\/ned-perpignan\\\/produit\\\/pare-pluie-pour-bardage-a-claire-voie-solitex-fronta-quattro-pro-clima\\\/#breadcrumb\",\"itemListElement\":[{\"@type\":\"ListItem\",\"position\":1,\"name\":\"Accueil\",\"item\":\"https:\\\/\\\/nature-et-developpement.com\\\/ned-perpignan\\\/\"},{\"@type\":\"ListItem\",\"position\":2,\"name\":\"Boutique\",\"item\":\"https:\\\/\\\/nature-et-developpement.com\\\/ned-perpignan\\\/boutique\\\/\"},{\"@type\":\"ListItem\",\"position\":3,\"name\":\"Isolation et \u00e9tanch\u00e9it\u00e9\",\"item\":\"https:\\\/\\\/nature-et-developpement.com\\\/ned-perpignan\\\/produits\\\/isolation-et-etancheite\\\/\"},{\"@type\":\"ListItem\",\"position\":4,\"name\":\"Pare pluie\",\"item\":\"https:\\\/\\\/nature-et-developpement.com\\\/ned-perpignan\\\/produits\\\/isolation-et-etancheite\\\/pare-pluie\\\/\"},{\"@type\":\"ListItem\",\"position\":5,\"name\":\"Pare-pluie pour bardage \u00e0 claire-voie SOLITEX FRONTA QUATTRO Pro clima\"}]},{\"@type\":\"WebSite\",\"@id\":\"https:\\\/\\\/nature-et-developpement.com\\\/ned-perpignan\\\/#website\",\"url\":\"https:\\\/\\\/nature-et-developpement.com\\\/ned-perpignan\\\/\",\"name\":\"Nature et D\u00e9veloppement Perpignan\",\"description\":\"Solutions, mat\u00e9riaux et d\u00e9coration \u00e9co-responsables pour les pros et les particuliers.\",\"potentialAction\":[{\"@type\":\"SearchAction\",\"target\":{\"@type\":\"EntryPoint\",\"urlTemplate\":\"https:\\\/\\\/nature-et-developpement.com\\\/ned-perpignan\\\/?s={search_term_string}\"},\"query-input\":{\"@type\":\"PropertyValueSpecification\",\"valueRequired\":true,\"valueName\":\"search_term_string\"}}],\"inLanguage\":\"fr-FR\"}]}<\/script>\n<!-- \/ Yoast SEO plugin. -->","yoast_head_json":{"title":"Pare-pluie bardage claire-voie SOLITEX FRONTA QUATTRO Pro clima","robots":{"index":"noindex","follow":"nofollow"},"og_locale":"fr_FR","og_type":"article","og_title":"Pare-pluie bardage claire-voie SOLITEX FRONTA QUATTRO Pro clima","og_description":"\u00c9cran pare-plu\u00adie triple couche pour fa\u00e7ades, con\u00advi\u00adent aux bard\u00adages \u00e0 claire-voie et aux fa\u00e7ades fer\u00adm\u00e9es.  Ils offrent une s\u00e9curit\u00e9 constructive nettement plus grande que les membranes microporeuses conventionnelles.","og_url":"https:\/\/nature-et-developpement.com\/ned-perpignan\/produit\/pare-pluie-pour-bardage-a-claire-voie-solitex-fronta-quattro-pro-clima\/","og_site_name":"Nature et D\u00e9veloppement Perpignan","article_modified_time":"2026-03-24T23:21:49+00:00","twitter_card":"summary_large_image","twitter_misc":{"Dur\u00e9e de lecture estim\u00e9e":"1 minute"},"schema":{"@context":"https:\/\/schema.org","@graph":[{"@type":"WebPage","@id":"https:\/\/nature-et-developpement.com\/ned-perpignan\/produit\/pare-pluie-pour-bardage-a-claire-voie-solitex-fronta-quattro-pro-clima\/","url":"https:\/\/nature-et-developpement.com\/ned-perpignan\/produit\/pare-pluie-pour-bardage-a-claire-voie-solitex-fronta-quattro-pro-clima\/","name":"Pare-pluie bardage claire-voie SOLITEX FRONTA QUATTRO Pro clima","isPartOf":{"@id":"https:\/\/nature-et-developpement.com\/ned-perpignan\/#website"},"primaryImageOfPage":{"@id":"https:\/\/nature-et-developpement.com\/ned-perpignan\/produit\/pare-pluie-pour-bardage-a-claire-voie-solitex-fronta-quattro-pro-clima\/#primaryimage"},"image":{"@id":"https:\/\/nature-et-developpement.com\/ned-perpignan\/produit\/pare-pluie-pour-bardage-a-claire-voie-solitex-fronta-quattro-pro-clima\/#primaryimage"},"thumbnailUrl":"https:\/\/nature-et-developpement.com\/ned-perpignan\/wp-content\/uploads\/Pare-pluie-pour-bardage-a-claire-voie-SOLITEX-FRONTA-QUATTRO-Pro-clima.jpg","datePublished":"2023-10-31T23:00:00+00:00","dateModified":"2026-03-24T23:21:49+00:00","breadcrumb":{"@id":"https:\/\/nature-et-developpement.com\/ned-perpignan\/produit\/pare-pluie-pour-bardage-a-claire-voie-solitex-fronta-quattro-pro-clima\/#breadcrumb"},"inLanguage":"fr-FR","potentialAction":[{"@type":"ReadAction","target":["https:\/\/nature-et-developpement.com\/ned-perpignan\/produit\/pare-pluie-pour-bardage-a-claire-voie-solitex-fronta-quattro-pro-clima\/"]}]},{"@type":"ImageObject","inLanguage":"fr-FR","@id":"https:\/\/nature-et-developpement.com\/ned-perpignan\/produit\/pare-pluie-pour-bardage-a-claire-voie-solitex-fronta-quattro-pro-clima\/#primaryimage","url":"https:\/\/nature-et-developpement.com\/ned-perpignan\/wp-content\/uploads\/Pare-pluie-pour-bardage-a-claire-voie-SOLITEX-FRONTA-QUATTRO-Pro-clima.jpg","contentUrl":"https:\/\/nature-et-developpement.com\/ned-perpignan\/wp-content\/uploads\/Pare-pluie-pour-bardage-a-claire-voie-SOLITEX-FRONTA-QUATTRO-Pro-clima.jpg"},{"@type":"BreadcrumbList","@id":"https:\/\/nature-et-developpement.com\/ned-perpignan\/produit\/pare-pluie-pour-bardage-a-claire-voie-solitex-fronta-quattro-pro-clima\/#breadcrumb","itemListElement":[{"@type":"ListItem","position":1,"name":"Accueil","item":"https:\/\/nature-et-developpement.com\/ned-perpignan\/"},{"@type":"ListItem","position":2,"name":"Boutique","item":"https:\/\/nature-et-developpement.com\/ned-perpignan\/boutique\/"},{"@type":"ListItem","position":3,"name":"Isolation et \u00e9tanch\u00e9it\u00e9","item":"https:\/\/nature-et-developpement.com\/ned-perpignan\/produits\/isolation-et-etancheite\/"},{"@type":"ListItem","position":4,"name":"Pare pluie","item":"https:\/\/nature-et-developpement.com\/ned-perpignan\/produits\/isolation-et-etancheite\/pare-pluie\/"},{"@type":"ListItem","position":5,"name":"Pare-pluie pour bardage \u00e0 claire-voie SOLITEX FRONTA QUATTRO Pro clima"}]},{"@type":"WebSite","@id":"https:\/\/nature-et-developpement.com\/ned-perpignan\/#website","url":"https:\/\/nature-et-developpement.com\/ned-perpignan\/","name":"Nature et D\u00e9veloppement Perpignan","description":"Solutions, mat\u00e9riaux et d\u00e9coration \u00e9co-responsables pour les pros et les particuliers.","potentialAction":[{"@type":"SearchAction","target":{"@type":"EntryPoint","urlTemplate":"https:\/\/nature-et-developpement.com\/ned-perpignan\/?s={search_term_string}"},"query-input":{"@type":"PropertyValueSpecification","valueRequired":true,"valueName":"search_term_string"}}],"inLanguage":"fr-FR"}]}},"distributor_meta":false,"distributor_terms":false,"distributor_media":false,"distributor_original_site_name":"Nature et D\u00e9veloppement Perpignan","distributor_original_site_url":"https:\/\/nature-et-developpement.com\/ned-perpignan","push-errors":false,"_links":{"self":[{"href":"https:\/\/nature-et-developpement.com\/ned-perpignan\/wp-json\/wp\/v2\/product\/13263","targetHints":{"allow":["GET"]}}],"collection":[{"href":"https:\/\/nature-et-developpement.com\/ned-perpignan\/wp-json\/wp\/v2\/product"}],"about":[{"href":"https:\/\/nature-et-developpement.com\/ned-perpignan\/wp-json\/wp\/v2\/types\/product"}],"wp:featuredmedia":[{"embeddable":true,"href":"https:\/\/nature-et-developpement.com\/ned-perpignan\/wp-json\/"}],"wp:attachment":[{"href":"https:\/\/nature-et-developpement.com\/ned-perpignan\/wp-json\/wp\/v2\/media?parent=13263"}],"wp:term":[{"taxonomy":"product_brand","embeddable":true,"href":"https:\/\/nature-et-developpement.com\/ned-perpignan\/wp-json\/wp\/v2\/product_brand?post=13263"},{"taxonomy":"product_cat","embeddable":true,"href":"https:\/\/nature-et-developpement.com\/ned-perpignan\/wp-json\/wp\/v2\/product_cat?post=13263"},{"taxonomy":"product_tag","embeddable":true,"href":"https:\/\/nature-et-developpement.com\/ned-perpignan\/wp-json\/wp\/v2\/product_tag?post=13263"}],"curies":[{"name":"wp","href":"https:\/\/api.w.org\/{rel}","templated":true}]}}