{"id":13338,"date":"2017-01-01T00:00:00","date_gmt":"2016-12-31T23:00:00","guid":{"rendered":"https:\/\/nature-et-developpement.com\/ned-perpignan\/produit\/colle-d-etancheite-a-l-air-en-rouleau-orcon-multibond-pro-clima\/"},"modified":"2026-03-24T22:46:33","modified_gmt":"2026-03-24T21:46:33","slug":"colle-d-etancheite-a-l-air-en-rouleau-orcon-multibond-pro-clima","status":"publish","type":"product","link":"https:\/\/nature-et-developpement.com\/ned-perpignan\/produit\/colle-d-etancheite-a-l-air-en-rouleau-orcon-multibond-pro-clima\/","title":{"rendered":"Colle d&rsquo;\u00e9tanch\u00e9it\u00e9 \u00e0 l&rsquo;air en rouleau ORCON MULTIBOND Pro clima"},"content":{"rendered":"<p>&nbsp;<\/p>\n<h2>Colle en bande PROCLIMA<\/h2>\n<p>Colle d\u2019\u00e9tanch\u00e9it\u00e9 \u00e0 l\u2019air sans solvants, dur\u00adable, \u00e9lastique, r\u00e9sist\u00adante au gel, pr\u00e9sent\u00e9e en roul\u00adeau.<\/p>\n<p>Elle est des\u00adtin\u00e9e au rac\u00adcord de frein-va\u00adpeurs et de pare-va\u00adpeurs en tout genre, comme pro clima IN\u00adTELLO, DB+, IN\u00adTES\u00adANA, DASATOP et DA, ain\u00adsi que de films PE, PA, PP et alu\u00admini\u00adum \u00e0 des \u00e9l\u00e9\u00adments de con\u00adstruc\u00adtion ad\u00adja\u00adcents min\u00e9raux et\/ou ru\u00adgueux (ma\u00e7on\u00adner\u00adie, en\u00adduit, b\u00e9ton, bois sci\u00e9 brut), con\u00adform\u00e9\u00adment aux normes DIN 4108-7, SIA 180 et OENORM 8110-2.<\/p>\n<p>Col\u00adlage de rac\u00adcords \u00e9tanches au vent des \u00e9crans de sous-toit\u00adure de qual\u00adit\u00e9 com\u00admer\u00adciale (not\u00adam\u00adment en PE et PET).<\/p>\n<p>Les col\u00adlages des rac\u00adcords en com\u00adbinais\u00adon avec la s\u00e9rie pro clima SOLI\u00adTEX MENTO, SOLI\u00adTEX UD, SOLI\u00adTEX PLUS et SOLI\u00adTEX UM con\u00adnect r\u00e9\u00adpond\u00adent aux ex\u00adi\u00adgences des fiches tech\u00adniques de produits de la ZVDH (F\u00e9d\u00e9ra\u00adtion al\u00adle\u00admande des ar\u00adtis\u00adans-couvreurs).<\/p>\n<p>Col\u00adlage \u00e9tanche au vent d\u2019\u00e9crans de fa\u00e7ade en tout genre (ex\u00ademples\u00a0: pro clima SOLI\u00adTEX FRONTA WA, SOLI\u00adTEX FRONTA QUAT\u00adTRO ou SOLI\u00adTEX FRONTA PENTA).<\/p>\n<table class=\"table table-striped\">\n<thead>\n<tr>\n<td><strong>Propri\u00e9t\u00e9<\/strong><\/td>\n<td class=\"hidden-xs\"><strong>R\u00e9glementation<\/strong><\/td>\n<td><strong>Valeur<\/strong><\/td>\n<\/tr>\n<\/thead>\n<tbody>\n<tr>\n<td>Couleur<\/td>\n<td class=\"hidden-xs\"><\/td>\n<td>translucide vert<\/td>\n<\/tr>\n<tr>\n<td>Largeur du cordon de colle<\/td>\n<td class=\"hidden-xs\"><\/td>\n<td>11 mm<\/td>\n<\/tr>\n<tr>\n<td>Epaisseur du cordon de colle<\/td>\n<td class=\"hidden-xs\"><\/td>\n<td>3 mm<\/td>\n<\/tr>\n<tr>\n<td>R\u00e9sistance \u00e0 l\u2019humidit\u00e9<\/td>\n<td class=\"hidden-xs\"><\/td>\n<td>r\u00e9sistante \u00e0 l\u2019eau<\/td>\n<\/tr>\n<tr>\n<td>Adh\u00e9rence<\/td>\n<td class=\"hidden-xs\">NF EN 1939<\/td>\n<td>16 N\/cm<\/td>\n<\/tr>\n<tr>\n<td>Temp\u00e9rature de mise en \u0153uvre<\/td>\n<td class=\"hidden-xs\"><\/td>\n<td>\u00e0 partir de -15 \u00b0C<\/td>\n<\/tr>\n<tr>\n<td>R\u00e9sistance \u00e0 la temp\u00e9rature<\/td>\n<td class=\"hidden-xs\"><\/td>\n<td>stable entre -40 \u00b0C et +100 \u00b0C<\/td>\n<\/tr>\n<tr>\n<td>Stockage<\/td>\n<td class=\"hidden-xs\"><\/td>\n<td>\u00e0 plat, dans un endroit frais et sec, \u00e0 l\u2019abri de la lumi\u00e8re directe du soleil<\/td>\n<\/tr>\n<\/tbody>\n<\/table>\n","protected":false},"excerpt":{"rendered":"<p>Colle en bande de rac\u00adcord en roul\u00adeau pour l&rsquo;in\u00adt\u00e9rieur et l&rsquo;ex\u00adt\u00e9rieur<\/p>\n<p>longueur 10 m, largeur 11 mm.<\/p>\n","protected":false},"featured_media":1000000166692,"template":"","meta":[],"product_brand":[176],"product_cat":[2342,120,2674],"product_tag":[2683],"class_list":{"0":"post-13338","1":"product","2":"type-product","3":"status-publish","4":"has-post-thumbnail","6":"product_brand-proclima","7":"product_cat-accessoires-isolation-et-etancheite","8":"product_cat-colle","9":"product_cat-etancheite-a-lair","10":"product_tag-pro-clima","11":"product_shipping_class-petit-equipement-outil-eclairage","13":"first","14":"instock","15":"sale","16":"taxable","17":"shipping-taxable","18":"purchasable","19":"product-type-variable"},"yoast_head":"<!-- This site is optimized with the Yoast SEO plugin v27.5 - https:\/\/yoast.com\/product\/yoast-seo-wordpress\/ -->\n<title>Colle d&#039;\u00e9tanch\u00e9it\u00e9 \u00e0 l&#039;air en rouleau ORCON MULTIBOND Proclima<\/title>\n<meta name=\"description\" content=\"Colle d\u2019\u00e9tanch\u00e9it\u00e9 \u00e0 l\u2019air sans solvants, dur\u00adable, \u00e9lastique, r\u00e9sist\u00adante au gel, en roul\u00adeau des\u00adtin\u00e9e au rac\u00adcord de frein-va\u00adpeurs et de pare-va\u00adpeurs.\" \/>\n<meta name=\"robots\" content=\"noindex, nofollow\" \/>\n<meta property=\"og:locale\" content=\"fr_FR\" \/>\n<meta property=\"og:type\" content=\"article\" \/>\n<meta property=\"og:title\" content=\"Colle d&#039;\u00e9tanch\u00e9it\u00e9 \u00e0 l&#039;air en rouleau ORCON MULTIBOND Proclima\" \/>\n<meta property=\"og:description\" content=\"Colle d\u2019\u00e9tanch\u00e9it\u00e9 \u00e0 l\u2019air sans solvants, dur\u00adable, \u00e9lastique, r\u00e9sist\u00adante au gel, en roul\u00adeau des\u00adtin\u00e9e au rac\u00adcord de frein-va\u00adpeurs et de pare-va\u00adpeurs.\" \/>\n<meta property=\"og:url\" content=\"https:\/\/nature-et-developpement.com\/ned-perpignan\/produit\/colle-d-etancheite-a-l-air-en-rouleau-orcon-multibond-pro-clima\/\" \/>\n<meta property=\"og:site_name\" content=\"Nature et D\u00e9veloppement Perpignan\" \/>\n<meta property=\"article:modified_time\" content=\"2026-03-24T21:46:33+00:00\" \/>\n<meta name=\"twitter:card\" content=\"summary_large_image\" \/>\n<meta name=\"twitter:label1\" content=\"Dur\u00e9e de lecture estim\u00e9e\" \/>\n\t<meta name=\"twitter:data1\" content=\"1 minute\" \/>\n<script type=\"application\/ld+json\" class=\"yoast-schema-graph\">{\"@context\":\"https:\\\/\\\/schema.org\",\"@graph\":[{\"@type\":\"WebPage\",\"@id\":\"https:\\\/\\\/nature-et-developpement.com\\\/ned-perpignan\\\/produit\\\/colle-d-etancheite-a-l-air-en-rouleau-orcon-multibond-pro-clima\\\/\",\"url\":\"https:\\\/\\\/nature-et-developpement.com\\\/ned-perpignan\\\/produit\\\/colle-d-etancheite-a-l-air-en-rouleau-orcon-multibond-pro-clima\\\/\",\"name\":\"Colle d'\u00e9tanch\u00e9it\u00e9 \u00e0 l'air en rouleau ORCON MULTIBOND Proclima\",\"isPartOf\":{\"@id\":\"https:\\\/\\\/nature-et-developpement.com\\\/ned-perpignan\\\/#website\"},\"primaryImageOfPage\":{\"@id\":\"https:\\\/\\\/nature-et-developpement.com\\\/ned-perpignan\\\/produit\\\/colle-d-etancheite-a-l-air-en-rouleau-orcon-multibond-pro-clima\\\/#primaryimage\"},\"image\":{\"@id\":\"https:\\\/\\\/nature-et-developpement.com\\\/ned-perpignan\\\/produit\\\/colle-d-etancheite-a-l-air-en-rouleau-orcon-multibond-pro-clima\\\/#primaryimage\"},\"thumbnailUrl\":\"https:\\\/\\\/nature-et-developpement.com\\\/ned-perpignan\\\/wp-content\\\/uploads\\\/Colle-detancheite-a-lair-en-rouleau-ORCON-MULTIBOND-Pro-clima.jpg\",\"datePublished\":\"2016-12-31T23:00:00+00:00\",\"dateModified\":\"2026-03-24T21:46:33+00:00\",\"description\":\"Colle d\u2019\u00e9tanch\u00e9it\u00e9 \u00e0 l\u2019air sans solvants, dur\u00adable, \u00e9lastique, r\u00e9sist\u00adante au gel, en roul\u00adeau des\u00adtin\u00e9e au rac\u00adcord de frein-va\u00adpeurs et de pare-va\u00adpeurs.\",\"breadcrumb\":{\"@id\":\"https:\\\/\\\/nature-et-developpement.com\\\/ned-perpignan\\\/produit\\\/colle-d-etancheite-a-l-air-en-rouleau-orcon-multibond-pro-clima\\\/#breadcrumb\"},\"inLanguage\":\"fr-FR\",\"potentialAction\":[{\"@type\":\"ReadAction\",\"target\":[\"https:\\\/\\\/nature-et-developpement.com\\\/ned-perpignan\\\/produit\\\/colle-d-etancheite-a-l-air-en-rouleau-orcon-multibond-pro-clima\\\/\"]}]},{\"@type\":\"ImageObject\",\"inLanguage\":\"fr-FR\",\"@id\":\"https:\\\/\\\/nature-et-developpement.com\\\/ned-perpignan\\\/produit\\\/colle-d-etancheite-a-l-air-en-rouleau-orcon-multibond-pro-clima\\\/#primaryimage\",\"url\":\"https:\\\/\\\/nature-et-developpement.com\\\/ned-perpignan\\\/wp-content\\\/uploads\\\/Colle-detancheite-a-lair-en-rouleau-ORCON-MULTIBOND-Pro-clima.jpg\",\"contentUrl\":\"https:\\\/\\\/nature-et-developpement.com\\\/ned-perpignan\\\/wp-content\\\/uploads\\\/Colle-detancheite-a-lair-en-rouleau-ORCON-MULTIBOND-Pro-clima.jpg\"},{\"@type\":\"BreadcrumbList\",\"@id\":\"https:\\\/\\\/nature-et-developpement.com\\\/ned-perpignan\\\/produit\\\/colle-d-etancheite-a-l-air-en-rouleau-orcon-multibond-pro-clima\\\/#breadcrumb\",\"itemListElement\":[{\"@type\":\"ListItem\",\"position\":1,\"name\":\"Accueil\",\"item\":\"https:\\\/\\\/nature-et-developpement.com\\\/ned-perpignan\\\/\"},{\"@type\":\"ListItem\",\"position\":2,\"name\":\"Boutique\",\"item\":\"https:\\\/\\\/nature-et-developpement.com\\\/ned-perpignan\\\/boutique\\\/\"},{\"@type\":\"ListItem\",\"position\":3,\"name\":\"Isolation et \u00e9tanch\u00e9it\u00e9\",\"item\":\"https:\\\/\\\/nature-et-developpement.com\\\/ned-perpignan\\\/produits\\\/isolation-et-etancheite\\\/\"},{\"@type\":\"ListItem\",\"position\":4,\"name\":\"Etanch\u00e9it\u00e9 \u00e0 l'air\",\"item\":\"https:\\\/\\\/nature-et-developpement.com\\\/ned-perpignan\\\/produits\\\/isolation-et-etancheite\\\/etancheite-a-lair\\\/\"},{\"@type\":\"ListItem\",\"position\":5,\"name\":\"Colle d&rsquo;\u00e9tanch\u00e9it\u00e9 \u00e0 l&rsquo;air en rouleau ORCON MULTIBOND Pro clima\"}]},{\"@type\":\"WebSite\",\"@id\":\"https:\\\/\\\/nature-et-developpement.com\\\/ned-perpignan\\\/#website\",\"url\":\"https:\\\/\\\/nature-et-developpement.com\\\/ned-perpignan\\\/\",\"name\":\"Nature et D\u00e9veloppement Perpignan\",\"description\":\"Solutions, mat\u00e9riaux et d\u00e9coration \u00e9co-responsables pour les pros et les particuliers.\",\"potentialAction\":[{\"@type\":\"SearchAction\",\"target\":{\"@type\":\"EntryPoint\",\"urlTemplate\":\"https:\\\/\\\/nature-et-developpement.com\\\/ned-perpignan\\\/?s={search_term_string}\"},\"query-input\":{\"@type\":\"PropertyValueSpecification\",\"valueRequired\":true,\"valueName\":\"search_term_string\"}}],\"inLanguage\":\"fr-FR\"}]}<\/script>\n<!-- \/ Yoast SEO plugin. -->","yoast_head_json":{"title":"Colle d'\u00e9tanch\u00e9it\u00e9 \u00e0 l'air en rouleau ORCON MULTIBOND Proclima","description":"Colle d\u2019\u00e9tanch\u00e9it\u00e9 \u00e0 l\u2019air sans solvants, dur\u00adable, \u00e9lastique, r\u00e9sist\u00adante au gel, en roul\u00adeau des\u00adtin\u00e9e au rac\u00adcord de frein-va\u00adpeurs et de pare-va\u00adpeurs.","robots":{"index":"noindex","follow":"nofollow"},"og_locale":"fr_FR","og_type":"article","og_title":"Colle d'\u00e9tanch\u00e9it\u00e9 \u00e0 l'air en rouleau ORCON MULTIBOND Proclima","og_description":"Colle d\u2019\u00e9tanch\u00e9it\u00e9 \u00e0 l\u2019air sans solvants, dur\u00adable, \u00e9lastique, r\u00e9sist\u00adante au gel, en roul\u00adeau des\u00adtin\u00e9e au rac\u00adcord de frein-va\u00adpeurs et de pare-va\u00adpeurs.","og_url":"https:\/\/nature-et-developpement.com\/ned-perpignan\/produit\/colle-d-etancheite-a-l-air-en-rouleau-orcon-multibond-pro-clima\/","og_site_name":"Nature et D\u00e9veloppement Perpignan","article_modified_time":"2026-03-24T21:46:33+00:00","twitter_card":"summary_large_image","twitter_misc":{"Dur\u00e9e de lecture estim\u00e9e":"1 minute"},"schema":{"@context":"https:\/\/schema.org","@graph":[{"@type":"WebPage","@id":"https:\/\/nature-et-developpement.com\/ned-perpignan\/produit\/colle-d-etancheite-a-l-air-en-rouleau-orcon-multibond-pro-clima\/","url":"https:\/\/nature-et-developpement.com\/ned-perpignan\/produit\/colle-d-etancheite-a-l-air-en-rouleau-orcon-multibond-pro-clima\/","name":"Colle d'\u00e9tanch\u00e9it\u00e9 \u00e0 l'air en rouleau ORCON MULTIBOND Proclima","isPartOf":{"@id":"https:\/\/nature-et-developpement.com\/ned-perpignan\/#website"},"primaryImageOfPage":{"@id":"https:\/\/nature-et-developpement.com\/ned-perpignan\/produit\/colle-d-etancheite-a-l-air-en-rouleau-orcon-multibond-pro-clima\/#primaryimage"},"image":{"@id":"https:\/\/nature-et-developpement.com\/ned-perpignan\/produit\/colle-d-etancheite-a-l-air-en-rouleau-orcon-multibond-pro-clima\/#primaryimage"},"thumbnailUrl":"https:\/\/nature-et-developpement.com\/ned-perpignan\/wp-content\/uploads\/Colle-detancheite-a-lair-en-rouleau-ORCON-MULTIBOND-Pro-clima.jpg","datePublished":"2016-12-31T23:00:00+00:00","dateModified":"2026-03-24T21:46:33+00:00","description":"Colle d\u2019\u00e9tanch\u00e9it\u00e9 \u00e0 l\u2019air sans solvants, dur\u00adable, \u00e9lastique, r\u00e9sist\u00adante au gel, en roul\u00adeau des\u00adtin\u00e9e au rac\u00adcord de frein-va\u00adpeurs et de pare-va\u00adpeurs.","breadcrumb":{"@id":"https:\/\/nature-et-developpement.com\/ned-perpignan\/produit\/colle-d-etancheite-a-l-air-en-rouleau-orcon-multibond-pro-clima\/#breadcrumb"},"inLanguage":"fr-FR","potentialAction":[{"@type":"ReadAction","target":["https:\/\/nature-et-developpement.com\/ned-perpignan\/produit\/colle-d-etancheite-a-l-air-en-rouleau-orcon-multibond-pro-clima\/"]}]},{"@type":"ImageObject","inLanguage":"fr-FR","@id":"https:\/\/nature-et-developpement.com\/ned-perpignan\/produit\/colle-d-etancheite-a-l-air-en-rouleau-orcon-multibond-pro-clima\/#primaryimage","url":"https:\/\/nature-et-developpement.com\/ned-perpignan\/wp-content\/uploads\/Colle-detancheite-a-lair-en-rouleau-ORCON-MULTIBOND-Pro-clima.jpg","contentUrl":"https:\/\/nature-et-developpement.com\/ned-perpignan\/wp-content\/uploads\/Colle-detancheite-a-lair-en-rouleau-ORCON-MULTIBOND-Pro-clima.jpg"},{"@type":"BreadcrumbList","@id":"https:\/\/nature-et-developpement.com\/ned-perpignan\/produit\/colle-d-etancheite-a-l-air-en-rouleau-orcon-multibond-pro-clima\/#breadcrumb","itemListElement":[{"@type":"ListItem","position":1,"name":"Accueil","item":"https:\/\/nature-et-developpement.com\/ned-perpignan\/"},{"@type":"ListItem","position":2,"name":"Boutique","item":"https:\/\/nature-et-developpement.com\/ned-perpignan\/boutique\/"},{"@type":"ListItem","position":3,"name":"Isolation et \u00e9tanch\u00e9it\u00e9","item":"https:\/\/nature-et-developpement.com\/ned-perpignan\/produits\/isolation-et-etancheite\/"},{"@type":"ListItem","position":4,"name":"Etanch\u00e9it\u00e9 \u00e0 l'air","item":"https:\/\/nature-et-developpement.com\/ned-perpignan\/produits\/isolation-et-etancheite\/etancheite-a-lair\/"},{"@type":"ListItem","position":5,"name":"Colle d&rsquo;\u00e9tanch\u00e9it\u00e9 \u00e0 l&rsquo;air en rouleau ORCON MULTIBOND Pro clima"}]},{"@type":"WebSite","@id":"https:\/\/nature-et-developpement.com\/ned-perpignan\/#website","url":"https:\/\/nature-et-developpement.com\/ned-perpignan\/","name":"Nature et D\u00e9veloppement Perpignan","description":"Solutions, mat\u00e9riaux et d\u00e9coration \u00e9co-responsables pour les pros et les particuliers.","potentialAction":[{"@type":"SearchAction","target":{"@type":"EntryPoint","urlTemplate":"https:\/\/nature-et-developpement.com\/ned-perpignan\/?s={search_term_string}"},"query-input":{"@type":"PropertyValueSpecification","valueRequired":true,"valueName":"search_term_string"}}],"inLanguage":"fr-FR"}]}},"distributor_meta":false,"distributor_terms":false,"distributor_media":false,"distributor_original_site_name":"Nature et D\u00e9veloppement Perpignan","distributor_original_site_url":"https:\/\/nature-et-developpement.com\/ned-perpignan","push-errors":false,"_links":{"self":[{"href":"https:\/\/nature-et-developpement.com\/ned-perpignan\/wp-json\/wp\/v2\/product\/13338","targetHints":{"allow":["GET"]}}],"collection":[{"href":"https:\/\/nature-et-developpement.com\/ned-perpignan\/wp-json\/wp\/v2\/product"}],"about":[{"href":"https:\/\/nature-et-developpement.com\/ned-perpignan\/wp-json\/wp\/v2\/types\/product"}],"wp:featuredmedia":[{"embeddable":true,"href":"https:\/\/nature-et-developpement.com\/ned-perpignan\/wp-json\/"}],"wp:attachment":[{"href":"https:\/\/nature-et-developpement.com\/ned-perpignan\/wp-json\/wp\/v2\/media?parent=13338"}],"wp:term":[{"taxonomy":"product_brand","embeddable":true,"href":"https:\/\/nature-et-developpement.com\/ned-perpignan\/wp-json\/wp\/v2\/product_brand?post=13338"},{"taxonomy":"product_cat","embeddable":true,"href":"https:\/\/nature-et-developpement.com\/ned-perpignan\/wp-json\/wp\/v2\/product_cat?post=13338"},{"taxonomy":"product_tag","embeddable":true,"href":"https:\/\/nature-et-developpement.com\/ned-perpignan\/wp-json\/wp\/v2\/product_tag?post=13338"}],"curies":[{"name":"wp","href":"https:\/\/api.w.org\/{rel}","templated":true}]}}