{"id":13844,"date":"2024-03-22T15:50:05","date_gmt":"2024-03-22T14:50:05","guid":{"rendered":"https:\/\/nature-et-developpement.com\/ned-perpignan\/produit\/joint-pour-tube-comfotube-de-zehnder\/"},"modified":"2025-06-17T14:58:43","modified_gmt":"2025-06-17T12:58:43","slug":"joint-pour-tube-comfotube-de-zehnder","status":"publish","type":"product","link":"https:\/\/nature-et-developpement.com\/ned-perpignan\/produit\/joint-pour-tube-comfotube-de-zehnder\/","title":{"rendered":"Joint pour tube ComfoTube de Zehnder"},"content":{"rendered":"<p>Le joint torique O Ring est indispensable pour assurer l&rsquo;\u00e9tanch\u00e9it\u00e9 des raccords. Il est associ\u00e9 \u00e0 un \u00e9trier de fixation fourni avec les accessoires pour le maintien du conduit ComfoTube.<\/p>\n<p>Il se place dans la deuxi\u00e8me annelure du ComfoTube. Pour faciliter l&#8217;embo\u00eetement, pensez \u00e0 lubrifier le joint mis en place et l&rsquo;int\u00e9rieur du piquage avec de l&rsquo;eau savonneuse.<\/p>\n","protected":false},"excerpt":{"rendered":"<p>Joints O-Ring pour conduit semi-flexible ComfoTube de Zehnder<br \/>\nCon\u00e7u pour assur\u00e9 l&rsquo;\u00e9tanch\u00e9it\u00e9 des manchons \u00e0 encliqueter, des bo\u00eetiers de bouche d\u2019a\u00e9ration et des plaques de raccordement et d\u2019assemblage du syst\u00e8me ComfoTube.<\/p>\n<p>Vendu par sachet de 10 p\u00e8ces<\/p>\n","protected":false},"featured_media":1000000175070,"template":"","meta":[],"product_brand":[3040],"product_cat":[2497,73],"product_tag":[2665],"class_list":{"0":"post-13844","1":"product","2":"type-product","3":"status-publish","4":"has-post-thumbnail","6":"product_brand-zehnder-vmc","7":"product_cat-accessoires","8":"product_cat-demande-de-devis-uniquement-avec-prix","9":"product_tag-zehnder","10":"product_shipping_class-petit-equipement-outil-eclairage","12":"first","13":"instock","14":"taxable","15":"shipping-taxable","16":"purchasable","17":"product-type-variable"},"yoast_head":"<!-- This site is optimized with the Yoast SEO plugin v27.5 - https:\/\/yoast.com\/product\/yoast-seo-wordpress\/ -->\n<title>Joint pour tube ComfoTube de Zehnder - Nature et D\u00e9veloppement Perpignan<\/title>\n<meta name=\"description\" content=\"Con\u00e7u pour assur\u00e9 l&#039;\u00e9tanch\u00e9it\u00e9 des manchons \u00e0 encliqueter, des bo\u00eetiers de bouche d\u2019a\u00e9ration et des plaques de raccordement du syst\u00e8me ComfoTube.\" \/>\n<meta name=\"robots\" content=\"noindex, follow\" \/>\n<meta property=\"og:locale\" content=\"fr_FR\" \/>\n<meta property=\"og:type\" content=\"article\" \/>\n<meta property=\"og:title\" content=\"Joint pour tube ComfoTube de Zehnder - Nature et D\u00e9veloppement Perpignan\" \/>\n<meta property=\"og:description\" content=\"Con\u00e7u pour assur\u00e9 l&#039;\u00e9tanch\u00e9it\u00e9 des manchons \u00e0 encliqueter, des bo\u00eetiers de bouche d\u2019a\u00e9ration et des plaques de raccordement du syst\u00e8me ComfoTube.\" \/>\n<meta property=\"og:url\" content=\"https:\/\/nature-et-developpement.com\/ned-perpignan\/produit\/joint-pour-tube-comfotube-de-zehnder\/\" \/>\n<meta property=\"og:site_name\" content=\"Nature et D\u00e9veloppement Perpignan\" \/>\n<meta property=\"article:modified_time\" content=\"2025-06-17T12:58:43+00:00\" \/>\n<meta name=\"twitter:card\" content=\"summary_large_image\" \/>\n<script type=\"application\/ld+json\" class=\"yoast-schema-graph\">{\"@context\":\"https:\\\/\\\/schema.org\",\"@graph\":[{\"@type\":\"WebPage\",\"@id\":\"https:\\\/\\\/nature-et-developpement.com\\\/ned-perpignan\\\/produit\\\/joint-pour-tube-comfotube-de-zehnder\\\/\",\"url\":\"https:\\\/\\\/nature-et-developpement.com\\\/ned-perpignan\\\/produit\\\/joint-pour-tube-comfotube-de-zehnder\\\/\",\"name\":\"Joint pour tube ComfoTube de Zehnder - Nature et D\u00e9veloppement Perpignan\",\"isPartOf\":{\"@id\":\"https:\\\/\\\/nature-et-developpement.com\\\/ned-perpignan\\\/#website\"},\"primaryImageOfPage\":{\"@id\":\"https:\\\/\\\/nature-et-developpement.com\\\/ned-perpignan\\\/produit\\\/joint-pour-tube-comfotube-de-zehnder\\\/#primaryimage\"},\"image\":{\"@id\":\"https:\\\/\\\/nature-et-developpement.com\\\/ned-perpignan\\\/produit\\\/joint-pour-tube-comfotube-de-zehnder\\\/#primaryimage\"},\"thumbnailUrl\":\"https:\\\/\\\/nature-et-developpement.com\\\/ned-perpignan\\\/wp-content\\\/uploads\\\/Joint-pour-ComfoTube-de-Zehnder.jpg\",\"datePublished\":\"2024-03-22T14:50:05+00:00\",\"dateModified\":\"2025-06-17T12:58:43+00:00\",\"description\":\"Con\u00e7u pour assur\u00e9 l'\u00e9tanch\u00e9it\u00e9 des manchons \u00e0 encliqueter, des bo\u00eetiers de bouche d\u2019a\u00e9ration et des plaques de raccordement du syst\u00e8me ComfoTube.\",\"breadcrumb\":{\"@id\":\"https:\\\/\\\/nature-et-developpement.com\\\/ned-perpignan\\\/produit\\\/joint-pour-tube-comfotube-de-zehnder\\\/#breadcrumb\"},\"inLanguage\":\"fr-FR\",\"potentialAction\":[{\"@type\":\"ReadAction\",\"target\":[\"https:\\\/\\\/nature-et-developpement.com\\\/ned-perpignan\\\/produit\\\/joint-pour-tube-comfotube-de-zehnder\\\/\"]}]},{\"@type\":\"ImageObject\",\"inLanguage\":\"fr-FR\",\"@id\":\"https:\\\/\\\/nature-et-developpement.com\\\/ned-perpignan\\\/produit\\\/joint-pour-tube-comfotube-de-zehnder\\\/#primaryimage\",\"url\":\"https:\\\/\\\/nature-et-developpement.com\\\/ned-perpignan\\\/wp-content\\\/uploads\\\/Joint-pour-ComfoTube-de-Zehnder.jpg\",\"contentUrl\":\"https:\\\/\\\/nature-et-developpement.com\\\/ned-perpignan\\\/wp-content\\\/uploads\\\/Joint-pour-ComfoTube-de-Zehnder.jpg\"},{\"@type\":\"BreadcrumbList\",\"@id\":\"https:\\\/\\\/nature-et-developpement.com\\\/ned-perpignan\\\/produit\\\/joint-pour-tube-comfotube-de-zehnder\\\/#breadcrumb\",\"itemListElement\":[{\"@type\":\"ListItem\",\"position\":1,\"name\":\"Accueil\",\"item\":\"https:\\\/\\\/nature-et-developpement.com\\\/ned-perpignan\\\/\"},{\"@type\":\"ListItem\",\"position\":2,\"name\":\"Boutique\",\"item\":\"https:\\\/\\\/nature-et-developpement.com\\\/ned-perpignan\\\/boutique\\\/\"},{\"@type\":\"ListItem\",\"position\":3,\"name\":\"Chauffage, eau et \u00e9nergie\",\"item\":\"https:\\\/\\\/nature-et-developpement.com\\\/ned-perpignan\\\/produits\\\/energie-et-ventilation\\\/\"},{\"@type\":\"ListItem\",\"position\":4,\"name\":\"Accessoires\",\"item\":\"https:\\\/\\\/nature-et-developpement.com\\\/ned-perpignan\\\/produits\\\/energie-et-ventilation\\\/accessoires\\\/\"},{\"@type\":\"ListItem\",\"position\":5,\"name\":\"Joint pour tube ComfoTube de Zehnder\"}]},{\"@type\":\"WebSite\",\"@id\":\"https:\\\/\\\/nature-et-developpement.com\\\/ned-perpignan\\\/#website\",\"url\":\"https:\\\/\\\/nature-et-developpement.com\\\/ned-perpignan\\\/\",\"name\":\"Nature et D\u00e9veloppement Perpignan\",\"description\":\"Solutions, mat\u00e9riaux et d\u00e9coration \u00e9co-responsables pour les pros et les particuliers.\",\"potentialAction\":[{\"@type\":\"SearchAction\",\"target\":{\"@type\":\"EntryPoint\",\"urlTemplate\":\"https:\\\/\\\/nature-et-developpement.com\\\/ned-perpignan\\\/?s={search_term_string}\"},\"query-input\":{\"@type\":\"PropertyValueSpecification\",\"valueRequired\":true,\"valueName\":\"search_term_string\"}}],\"inLanguage\":\"fr-FR\"}]}<\/script>\n<!-- \/ Yoast SEO plugin. -->","yoast_head_json":{"title":"Joint pour tube ComfoTube de Zehnder - Nature et D\u00e9veloppement Perpignan","description":"Con\u00e7u pour assur\u00e9 l'\u00e9tanch\u00e9it\u00e9 des manchons \u00e0 encliqueter, des bo\u00eetiers de bouche d\u2019a\u00e9ration et des plaques de raccordement du syst\u00e8me ComfoTube.","robots":{"index":"noindex","follow":"follow"},"og_locale":"fr_FR","og_type":"article","og_title":"Joint pour tube ComfoTube de Zehnder - Nature et D\u00e9veloppement Perpignan","og_description":"Con\u00e7u pour assur\u00e9 l'\u00e9tanch\u00e9it\u00e9 des manchons \u00e0 encliqueter, des bo\u00eetiers de bouche d\u2019a\u00e9ration et des plaques de raccordement du syst\u00e8me ComfoTube.","og_url":"https:\/\/nature-et-developpement.com\/ned-perpignan\/produit\/joint-pour-tube-comfotube-de-zehnder\/","og_site_name":"Nature et D\u00e9veloppement Perpignan","article_modified_time":"2025-06-17T12:58:43+00:00","twitter_card":"summary_large_image","schema":{"@context":"https:\/\/schema.org","@graph":[{"@type":"WebPage","@id":"https:\/\/nature-et-developpement.com\/ned-perpignan\/produit\/joint-pour-tube-comfotube-de-zehnder\/","url":"https:\/\/nature-et-developpement.com\/ned-perpignan\/produit\/joint-pour-tube-comfotube-de-zehnder\/","name":"Joint pour tube ComfoTube de Zehnder - Nature et D\u00e9veloppement Perpignan","isPartOf":{"@id":"https:\/\/nature-et-developpement.com\/ned-perpignan\/#website"},"primaryImageOfPage":{"@id":"https:\/\/nature-et-developpement.com\/ned-perpignan\/produit\/joint-pour-tube-comfotube-de-zehnder\/#primaryimage"},"image":{"@id":"https:\/\/nature-et-developpement.com\/ned-perpignan\/produit\/joint-pour-tube-comfotube-de-zehnder\/#primaryimage"},"thumbnailUrl":"https:\/\/nature-et-developpement.com\/ned-perpignan\/wp-content\/uploads\/Joint-pour-ComfoTube-de-Zehnder.jpg","datePublished":"2024-03-22T14:50:05+00:00","dateModified":"2025-06-17T12:58:43+00:00","description":"Con\u00e7u pour assur\u00e9 l'\u00e9tanch\u00e9it\u00e9 des manchons \u00e0 encliqueter, des bo\u00eetiers de bouche d\u2019a\u00e9ration et des plaques de raccordement du syst\u00e8me ComfoTube.","breadcrumb":{"@id":"https:\/\/nature-et-developpement.com\/ned-perpignan\/produit\/joint-pour-tube-comfotube-de-zehnder\/#breadcrumb"},"inLanguage":"fr-FR","potentialAction":[{"@type":"ReadAction","target":["https:\/\/nature-et-developpement.com\/ned-perpignan\/produit\/joint-pour-tube-comfotube-de-zehnder\/"]}]},{"@type":"ImageObject","inLanguage":"fr-FR","@id":"https:\/\/nature-et-developpement.com\/ned-perpignan\/produit\/joint-pour-tube-comfotube-de-zehnder\/#primaryimage","url":"https:\/\/nature-et-developpement.com\/ned-perpignan\/wp-content\/uploads\/Joint-pour-ComfoTube-de-Zehnder.jpg","contentUrl":"https:\/\/nature-et-developpement.com\/ned-perpignan\/wp-content\/uploads\/Joint-pour-ComfoTube-de-Zehnder.jpg"},{"@type":"BreadcrumbList","@id":"https:\/\/nature-et-developpement.com\/ned-perpignan\/produit\/joint-pour-tube-comfotube-de-zehnder\/#breadcrumb","itemListElement":[{"@type":"ListItem","position":1,"name":"Accueil","item":"https:\/\/nature-et-developpement.com\/ned-perpignan\/"},{"@type":"ListItem","position":2,"name":"Boutique","item":"https:\/\/nature-et-developpement.com\/ned-perpignan\/boutique\/"},{"@type":"ListItem","position":3,"name":"Chauffage, eau et \u00e9nergie","item":"https:\/\/nature-et-developpement.com\/ned-perpignan\/produits\/energie-et-ventilation\/"},{"@type":"ListItem","position":4,"name":"Accessoires","item":"https:\/\/nature-et-developpement.com\/ned-perpignan\/produits\/energie-et-ventilation\/accessoires\/"},{"@type":"ListItem","position":5,"name":"Joint pour tube ComfoTube de Zehnder"}]},{"@type":"WebSite","@id":"https:\/\/nature-et-developpement.com\/ned-perpignan\/#website","url":"https:\/\/nature-et-developpement.com\/ned-perpignan\/","name":"Nature et D\u00e9veloppement Perpignan","description":"Solutions, mat\u00e9riaux et d\u00e9coration \u00e9co-responsables pour les pros et les particuliers.","potentialAction":[{"@type":"SearchAction","target":{"@type":"EntryPoint","urlTemplate":"https:\/\/nature-et-developpement.com\/ned-perpignan\/?s={search_term_string}"},"query-input":{"@type":"PropertyValueSpecification","valueRequired":true,"valueName":"search_term_string"}}],"inLanguage":"fr-FR"}]}},"distributor_meta":false,"distributor_terms":false,"distributor_media":false,"distributor_original_site_name":"Nature et D\u00e9veloppement Perpignan","distributor_original_site_url":"https:\/\/nature-et-developpement.com\/ned-perpignan","push-errors":false,"_links":{"self":[{"href":"https:\/\/nature-et-developpement.com\/ned-perpignan\/wp-json\/wp\/v2\/product\/13844","targetHints":{"allow":["GET"]}}],"collection":[{"href":"https:\/\/nature-et-developpement.com\/ned-perpignan\/wp-json\/wp\/v2\/product"}],"about":[{"href":"https:\/\/nature-et-developpement.com\/ned-perpignan\/wp-json\/wp\/v2\/types\/product"}],"wp:featuredmedia":[{"embeddable":true,"href":"https:\/\/nature-et-developpement.com\/ned-perpignan\/wp-json\/"}],"wp:attachment":[{"href":"https:\/\/nature-et-developpement.com\/ned-perpignan\/wp-json\/wp\/v2\/media?parent=13844"}],"wp:term":[{"taxonomy":"product_brand","embeddable":true,"href":"https:\/\/nature-et-developpement.com\/ned-perpignan\/wp-json\/wp\/v2\/product_brand?post=13844"},{"taxonomy":"product_cat","embeddable":true,"href":"https:\/\/nature-et-developpement.com\/ned-perpignan\/wp-json\/wp\/v2\/product_cat?post=13844"},{"taxonomy":"product_tag","embeddable":true,"href":"https:\/\/nature-et-developpement.com\/ned-perpignan\/wp-json\/wp\/v2\/product_tag?post=13844"}],"curies":[{"name":"wp","href":"https:\/\/api.w.org\/{rel}","templated":true}]}}