{"id":14286,"date":"2024-12-10T00:00:09","date_gmt":"2024-12-09T23:00:09","guid":{"rendered":"https:\/\/nature-et-developpement.com\/ned-perpignan\/produit\/suspente-reglable-pem200-pem300-sixbox\/"},"modified":"2025-06-17T14:58:48","modified_gmt":"2025-06-17T12:58:48","slug":"suspente-reglable-pem200-pem300-sixbox","status":"publish","type":"product","link":"https:\/\/nature-et-developpement.com\/ned-perpignan\/produit\/suspente-reglable-pem200-pem300-sixbox\/","title":{"rendered":"Suspente r\u00e9glable PEM 200 et PEM 300 Sixbox"},"content":{"rendered":"<h2>Suspente R\u00e9glable PEM 200 &amp; PEM 300 Sixbox pour Plaques de Pl\u00e2tre et Fermacell<\/h2>\n<p>D\u00e9couvrez les suspentes r\u00e9glables PEM 200 et PEM 300 de Sixbox. Con\u00e7ues pour une installation pr\u00e9cise et s\u00e9curis\u00e9e, ces suspentes sont parfaites pour vos travaux de plafonds suspendus, sous-toitures et rampants. Elles assurent un maintien solide entre le support et la fourrure, tout en facilitant l\u2019installation de vos plaques de pl\u00e2tre ou Fermacell.<\/p>\n<p>Les suspentes PEM200 et PEM300 vous permettent de cr\u00e9er un pl\u00e9num efficace. Cet espace est essentiel pour le passage des gaines techniques, bo\u00eetiers \u00e9tanches et spots encastr\u00e9s. Elles s&rsquo;adaptent \u00e0 des \u00e9paisseurs d&rsquo;isolants vari\u00e9es gr\u00e2ce \u00e0 leur fl\u00e8che m\u00e9tallique de 200 mm ou 300 mm. Cette flexibilit\u00e9 vous garantit une isolation parfaite et une \u00e9tanch\u00e9it\u00e9 \u00e0 l\u2019air optimale.<\/p>\n<p>Fabriqu\u00e9es en France, ces suspentes allient robustesse et durabilit\u00e9. Leur conception en acier galvanis\u00e9 et polypropyl\u00e8ne recycl\u00e9 assure une r\u00e9sistance \u00e9lev\u00e9e, conforme aux normes en vigueur.<\/p>\n<h4>Caract\u00e9ristiques techniques<\/h4>\n<ul>\n<li><strong>Longueur<\/strong> : Fl\u00e8che m\u00e9tallique de 200 mm ou 300 mm.<\/li>\n<li><strong>Compatibilit\u00e9<\/strong> : Parements en plaques de pl\u00e2tre et Fermacell.<\/li>\n<li><strong>Fourrure compatible<\/strong> : F47 et F530.<\/li>\n<li><strong>Mat\u00e9riaux<\/strong> : Acier galvanis\u00e9 et polypropyl\u00e8ne recycl\u00e9.<\/li>\n<li><strong>Fabrication<\/strong> : Fran\u00e7aise.<\/li>\n<\/ul>\n<h4>Techniques de pose<\/h4>\n<p>L\u2019installation des suspentes PEM200 et PEM300 est simple et rapide. Fixez d&rsquo;abord la fl\u00e8che m\u00e9tallique perpendiculairement \u00e0 la charpente. Ensuite, vissez la rondelle extra large pour maintenir l\u2019isolant en place. La pointe de la fl\u00e8che reste visible, facilitant ainsi la mise en place de la membrane d\u2019\u00e9tanch\u00e9it\u00e9. Pour finir, ajoutez la rallonge m\u00e9tallique qui comprime la membrane, garantissant ainsi une parfaite \u00e9tanch\u00e9it\u00e9. Clipsez ensuite la fourrure et installez la plaque de pl\u00e2tre ou Fermacell.<\/p>\n<p>Ces suspentes sont un choix id\u00e9al pour cr\u00e9er un plafond suspendu s\u00fbr et durable. Gr\u00e2ce \u00e0 leur conception ing\u00e9nieuse, vous pouvez \u00e9galement les d\u00e9monter et repositionner facilement si n\u00e9cessaire.<\/p>\n","protected":false},"excerpt":{"rendered":"<p>Installez vos plaques de pl\u00e2tre ou Fermacell facilement avec les suspentes r\u00e9glables PEM 200 &amp; 300 de Sixbox. Conception robuste, made in France.<\/p>\n","protected":false},"featured_media":1000000201328,"template":"","meta":[],"product_brand":[180],"product_cat":[2343,2342,119],"product_tag":[],"class_list":{"0":"post-14286","1":"product","2":"type-product","3":"status-publish","4":"has-post-thumbnail","6":"product_brand-sixbox","7":"product_cat-accessoires-construction","8":"product_cat-accessoires-isolation-et-etancheite","9":"product_cat-visserie","10":"product_shipping_class-petit-equipement-outil-eclairage","12":"first","13":"instock","14":"taxable","15":"shipping-taxable","16":"purchasable","17":"product-type-variable"},"yoast_head":"<!-- This site is optimized with the Yoast SEO plugin v27.5 - https:\/\/yoast.com\/product\/yoast-seo-wordpress\/ -->\n<title>Suspente r\u00e9glable PEM 200 et PEM 300 Sixbox - Nature et D\u00e9veloppement Perpignan<\/title>\n<meta name=\"robots\" content=\"noindex, follow\" \/>\n<meta property=\"og:locale\" content=\"fr_FR\" \/>\n<meta property=\"og:type\" content=\"article\" \/>\n<meta property=\"og:title\" content=\"Suspente r\u00e9glable PEM 200 et PEM 300 Sixbox - Nature et D\u00e9veloppement Perpignan\" \/>\n<meta property=\"og:description\" content=\"Installez vos plaques de pl\u00e2tre ou Fermacell facilement avec les suspentes r\u00e9glables PEM 200 &amp; 300 de Sixbox. Conception robuste, made in France.\" \/>\n<meta property=\"og:url\" content=\"https:\/\/nature-et-developpement.com\/ned-perpignan\/produit\/suspente-reglable-pem200-pem300-sixbox\/\" \/>\n<meta property=\"og:site_name\" content=\"Nature et D\u00e9veloppement Perpignan\" \/>\n<meta property=\"article:modified_time\" content=\"2025-06-17T12:58:48+00:00\" \/>\n<meta name=\"twitter:card\" content=\"summary_large_image\" \/>\n<meta name=\"twitter:label1\" content=\"Dur\u00e9e de lecture estim\u00e9e\" \/>\n\t<meta name=\"twitter:data1\" content=\"2 minutes\" \/>\n<script type=\"application\/ld+json\" class=\"yoast-schema-graph\">{\"@context\":\"https:\\\/\\\/schema.org\",\"@graph\":[{\"@type\":\"WebPage\",\"@id\":\"https:\\\/\\\/nature-et-developpement.com\\\/ned-perpignan\\\/produit\\\/suspente-reglable-pem200-pem300-sixbox\\\/\",\"url\":\"https:\\\/\\\/nature-et-developpement.com\\\/ned-perpignan\\\/produit\\\/suspente-reglable-pem200-pem300-sixbox\\\/\",\"name\":\"Suspente r\u00e9glable PEM 200 et PEM 300 Sixbox - Nature et D\u00e9veloppement Perpignan\",\"isPartOf\":{\"@id\":\"https:\\\/\\\/nature-et-developpement.com\\\/ned-perpignan\\\/#website\"},\"primaryImageOfPage\":{\"@id\":\"https:\\\/\\\/nature-et-developpement.com\\\/ned-perpignan\\\/produit\\\/suspente-reglable-pem200-pem300-sixbox\\\/#primaryimage\"},\"image\":{\"@id\":\"https:\\\/\\\/nature-et-developpement.com\\\/ned-perpignan\\\/produit\\\/suspente-reglable-pem200-pem300-sixbox\\\/#primaryimage\"},\"thumbnailUrl\":\"https:\\\/\\\/nature-et-developpement.com\\\/ned-perpignan\\\/wp-content\\\/uploads\\\/suspente-reglable-pem-200-pem-300-sixbox.jpg\",\"datePublished\":\"2024-12-09T23:00:09+00:00\",\"dateModified\":\"2025-06-17T12:58:48+00:00\",\"breadcrumb\":{\"@id\":\"https:\\\/\\\/nature-et-developpement.com\\\/ned-perpignan\\\/produit\\\/suspente-reglable-pem200-pem300-sixbox\\\/#breadcrumb\"},\"inLanguage\":\"fr-FR\",\"potentialAction\":[{\"@type\":\"ReadAction\",\"target\":[\"https:\\\/\\\/nature-et-developpement.com\\\/ned-perpignan\\\/produit\\\/suspente-reglable-pem200-pem300-sixbox\\\/\"]}]},{\"@type\":\"ImageObject\",\"inLanguage\":\"fr-FR\",\"@id\":\"https:\\\/\\\/nature-et-developpement.com\\\/ned-perpignan\\\/produit\\\/suspente-reglable-pem200-pem300-sixbox\\\/#primaryimage\",\"url\":\"https:\\\/\\\/nature-et-developpement.com\\\/ned-perpignan\\\/wp-content\\\/uploads\\\/suspente-reglable-pem-200-pem-300-sixbox.jpg\",\"contentUrl\":\"https:\\\/\\\/nature-et-developpement.com\\\/ned-perpignan\\\/wp-content\\\/uploads\\\/suspente-reglable-pem-200-pem-300-sixbox.jpg\"},{\"@type\":\"BreadcrumbList\",\"@id\":\"https:\\\/\\\/nature-et-developpement.com\\\/ned-perpignan\\\/produit\\\/suspente-reglable-pem200-pem300-sixbox\\\/#breadcrumb\",\"itemListElement\":[{\"@type\":\"ListItem\",\"position\":1,\"name\":\"Accueil\",\"item\":\"https:\\\/\\\/nature-et-developpement.com\\\/ned-perpignan\\\/\"},{\"@type\":\"ListItem\",\"position\":2,\"name\":\"Boutique\",\"item\":\"https:\\\/\\\/nature-et-developpement.com\\\/ned-perpignan\\\/boutique\\\/\"},{\"@type\":\"ListItem\",\"position\":3,\"name\":\"Construction, cloison et fen\u00eatres\",\"item\":\"https:\\\/\\\/nature-et-developpement.com\\\/ned-perpignan\\\/produits\\\/construction\\\/\"},{\"@type\":\"ListItem\",\"position\":4,\"name\":\"Accessoires construction\",\"item\":\"https:\\\/\\\/nature-et-developpement.com\\\/ned-perpignan\\\/produits\\\/construction\\\/accessoires-construction\\\/\"},{\"@type\":\"ListItem\",\"position\":5,\"name\":\"Suspente r\u00e9glable PEM 200 et PEM 300 Sixbox\"}]},{\"@type\":\"WebSite\",\"@id\":\"https:\\\/\\\/nature-et-developpement.com\\\/ned-perpignan\\\/#website\",\"url\":\"https:\\\/\\\/nature-et-developpement.com\\\/ned-perpignan\\\/\",\"name\":\"Nature et D\u00e9veloppement Perpignan\",\"description\":\"Solutions, mat\u00e9riaux et d\u00e9coration \u00e9co-responsables pour les pros et les particuliers.\",\"potentialAction\":[{\"@type\":\"SearchAction\",\"target\":{\"@type\":\"EntryPoint\",\"urlTemplate\":\"https:\\\/\\\/nature-et-developpement.com\\\/ned-perpignan\\\/?s={search_term_string}\"},\"query-input\":{\"@type\":\"PropertyValueSpecification\",\"valueRequired\":true,\"valueName\":\"search_term_string\"}}],\"inLanguage\":\"fr-FR\"}]}<\/script>\n<!-- \/ Yoast SEO plugin. -->","yoast_head_json":{"title":"Suspente r\u00e9glable PEM 200 et PEM 300 Sixbox - Nature et D\u00e9veloppement Perpignan","robots":{"index":"noindex","follow":"follow"},"og_locale":"fr_FR","og_type":"article","og_title":"Suspente r\u00e9glable PEM 200 et PEM 300 Sixbox - Nature et D\u00e9veloppement Perpignan","og_description":"Installez vos plaques de pl\u00e2tre ou Fermacell facilement avec les suspentes r\u00e9glables PEM 200 &amp; 300 de Sixbox. Conception robuste, made in France.","og_url":"https:\/\/nature-et-developpement.com\/ned-perpignan\/produit\/suspente-reglable-pem200-pem300-sixbox\/","og_site_name":"Nature et D\u00e9veloppement Perpignan","article_modified_time":"2025-06-17T12:58:48+00:00","twitter_card":"summary_large_image","twitter_misc":{"Dur\u00e9e de lecture estim\u00e9e":"2 minutes"},"schema":{"@context":"https:\/\/schema.org","@graph":[{"@type":"WebPage","@id":"https:\/\/nature-et-developpement.com\/ned-perpignan\/produit\/suspente-reglable-pem200-pem300-sixbox\/","url":"https:\/\/nature-et-developpement.com\/ned-perpignan\/produit\/suspente-reglable-pem200-pem300-sixbox\/","name":"Suspente r\u00e9glable PEM 200 et PEM 300 Sixbox - Nature et D\u00e9veloppement Perpignan","isPartOf":{"@id":"https:\/\/nature-et-developpement.com\/ned-perpignan\/#website"},"primaryImageOfPage":{"@id":"https:\/\/nature-et-developpement.com\/ned-perpignan\/produit\/suspente-reglable-pem200-pem300-sixbox\/#primaryimage"},"image":{"@id":"https:\/\/nature-et-developpement.com\/ned-perpignan\/produit\/suspente-reglable-pem200-pem300-sixbox\/#primaryimage"},"thumbnailUrl":"https:\/\/nature-et-developpement.com\/ned-perpignan\/wp-content\/uploads\/suspente-reglable-pem-200-pem-300-sixbox.jpg","datePublished":"2024-12-09T23:00:09+00:00","dateModified":"2025-06-17T12:58:48+00:00","breadcrumb":{"@id":"https:\/\/nature-et-developpement.com\/ned-perpignan\/produit\/suspente-reglable-pem200-pem300-sixbox\/#breadcrumb"},"inLanguage":"fr-FR","potentialAction":[{"@type":"ReadAction","target":["https:\/\/nature-et-developpement.com\/ned-perpignan\/produit\/suspente-reglable-pem200-pem300-sixbox\/"]}]},{"@type":"ImageObject","inLanguage":"fr-FR","@id":"https:\/\/nature-et-developpement.com\/ned-perpignan\/produit\/suspente-reglable-pem200-pem300-sixbox\/#primaryimage","url":"https:\/\/nature-et-developpement.com\/ned-perpignan\/wp-content\/uploads\/suspente-reglable-pem-200-pem-300-sixbox.jpg","contentUrl":"https:\/\/nature-et-developpement.com\/ned-perpignan\/wp-content\/uploads\/suspente-reglable-pem-200-pem-300-sixbox.jpg"},{"@type":"BreadcrumbList","@id":"https:\/\/nature-et-developpement.com\/ned-perpignan\/produit\/suspente-reglable-pem200-pem300-sixbox\/#breadcrumb","itemListElement":[{"@type":"ListItem","position":1,"name":"Accueil","item":"https:\/\/nature-et-developpement.com\/ned-perpignan\/"},{"@type":"ListItem","position":2,"name":"Boutique","item":"https:\/\/nature-et-developpement.com\/ned-perpignan\/boutique\/"},{"@type":"ListItem","position":3,"name":"Construction, cloison et fen\u00eatres","item":"https:\/\/nature-et-developpement.com\/ned-perpignan\/produits\/construction\/"},{"@type":"ListItem","position":4,"name":"Accessoires construction","item":"https:\/\/nature-et-developpement.com\/ned-perpignan\/produits\/construction\/accessoires-construction\/"},{"@type":"ListItem","position":5,"name":"Suspente r\u00e9glable PEM 200 et PEM 300 Sixbox"}]},{"@type":"WebSite","@id":"https:\/\/nature-et-developpement.com\/ned-perpignan\/#website","url":"https:\/\/nature-et-developpement.com\/ned-perpignan\/","name":"Nature et D\u00e9veloppement Perpignan","description":"Solutions, mat\u00e9riaux et d\u00e9coration \u00e9co-responsables pour les pros et les particuliers.","potentialAction":[{"@type":"SearchAction","target":{"@type":"EntryPoint","urlTemplate":"https:\/\/nature-et-developpement.com\/ned-perpignan\/?s={search_term_string}"},"query-input":{"@type":"PropertyValueSpecification","valueRequired":true,"valueName":"search_term_string"}}],"inLanguage":"fr-FR"}]}},"distributor_meta":false,"distributor_terms":false,"distributor_media":false,"distributor_original_site_name":"Nature et D\u00e9veloppement Perpignan","distributor_original_site_url":"https:\/\/nature-et-developpement.com\/ned-perpignan","push-errors":false,"_links":{"self":[{"href":"https:\/\/nature-et-developpement.com\/ned-perpignan\/wp-json\/wp\/v2\/product\/14286","targetHints":{"allow":["GET"]}}],"collection":[{"href":"https:\/\/nature-et-developpement.com\/ned-perpignan\/wp-json\/wp\/v2\/product"}],"about":[{"href":"https:\/\/nature-et-developpement.com\/ned-perpignan\/wp-json\/wp\/v2\/types\/product"}],"wp:featuredmedia":[{"embeddable":true,"href":"https:\/\/nature-et-developpement.com\/ned-perpignan\/wp-json\/"}],"wp:attachment":[{"href":"https:\/\/nature-et-developpement.com\/ned-perpignan\/wp-json\/wp\/v2\/media?parent=14286"}],"wp:term":[{"taxonomy":"product_brand","embeddable":true,"href":"https:\/\/nature-et-developpement.com\/ned-perpignan\/wp-json\/wp\/v2\/product_brand?post=14286"},{"taxonomy":"product_cat","embeddable":true,"href":"https:\/\/nature-et-developpement.com\/ned-perpignan\/wp-json\/wp\/v2\/product_cat?post=14286"},{"taxonomy":"product_tag","embeddable":true,"href":"https:\/\/nature-et-developpement.com\/ned-perpignan\/wp-json\/wp\/v2\/product_tag?post=14286"}],"curies":[{"name":"wp","href":"https:\/\/api.w.org\/{rel}","templated":true}]}}