{"id":1499,"date":"2024-01-01T00:00:00","date_gmt":"2023-12-31T23:00:00","guid":{"rendered":"https:\/\/nature-et-developpement.com\/ned-perpignan\/produit\/creme-de-chaux-en-pate-a-l-huile-de-lin\/"},"modified":"2025-06-17T14:56:49","modified_gmt":"2025-06-17T12:56:49","slug":"creme-de-chaux-en-pate-a-l-huile-de-lin","status":"publish","type":"product","link":"https:\/\/nature-et-developpement.com\/ned-perpignan\/produit\/creme-de-chaux-en-pate-a-l-huile-de-lin\/","title":{"rendered":"Cr\u00e8me de chaux en p\u00e2te \u00e0 l&rsquo;huile de lin Pozzo Nuovo"},"content":{"rendered":"<h2>Cr\u00e8me de chaux en p\u00e2te \u00e0 l&rsquo;huile de lin<\/h2>\n<p>Pozzo Nuovo est actuellement\u00a0la seule entreprise\u00a0\u00e0 pouvoir produire en France et proposer cette Cr\u00e8me de chaux en p\u00e2te :\u00a0la \u00ab Rolls \u00bb des liants min\u00e9raux.<\/p>\n<p>Cr\u00e8me de chaux en p\u00e2te r\u00e9pond \u00e0 une demande sp\u00e9cifique de certains professionnels du b\u00e2timent de plusieurs pays (artisans, architectes, etc..) qui souhaitaient retrouver l\u2019ancienne formulation romaine\u00a0de la chaux en p\u00e2te \u00e0 l\u2019huile de lin.<\/p>\n<p>Le\u00a0savoir-faire artisanal\u00a0de Pozzo Nuovo a permis de r\u00e9ussir le challenge complexe de\u00a0lier \u00e0 chaud les mol\u00e9cules de chaux vive et les mol\u00e9cules d\u2019huile de lin<\/p>\n<p>Il en r\u00e9sulte une chaux a\u00e9rienne en p\u00e2te (que nous appelons Cr\u00e8me de chaux en p\u00e2te) qui pr\u00e9sente des\u00a0qualit\u00e9s encore sup\u00e9rieures\u00a0\u00e0 notre\u00a0chaux en p\u00e2te\u00a0\u00ab classique \u00bb CL 90-S<\/p>\n","protected":false},"excerpt":{"rendered":"<p>La Cr\u00e8me de chaux en p\u00e2te Pozzo Nuovo est un\u00a0produit unique\u00a0de\u00a0tr\u00e8s haute qualit\u00e9.<\/p>\n<p>Elle est utilis\u00e9e pour tous ouvrages en peintures min\u00e9rales, enduits fins, stucs et particuli\u00e8rement pour la\u00a0r\u00e9fection de Monuments Historiques.<\/p>\n","protected":false},"featured_media":1000000104277,"template":"","meta":[],"product_brand":[174],"product_cat":[97,90,83,89],"product_tag":[2695],"class_list":{"0":"post-1499","1":"product","2":"type-product","3":"status-publish","4":"has-post-thumbnail","6":"product_brand-pozzo-nuovo","7":"product_cat-adjuvants","8":"product_cat-enduits-naturels","9":"product_cat-maconnerie","10":"product_cat-peinture-ecologique","11":"product_tag-chaux","12":"product_shipping_class-sac-de-25kg","14":"first","15":"instock","16":"taxable","17":"shipping-taxable","18":"purchasable","19":"product-type-variable"},"yoast_head":"<!-- This site is optimized with the Yoast SEO plugin v27.5 - https:\/\/yoast.com\/product\/yoast-seo-wordpress\/ -->\n<title>Cr\u00e8me de chaux en p\u00e2te \u00e0 l&#039;huile de lin Pozzo Nuovo - Nature et D\u00e9veloppement Perpignan<\/title>\n<meta name=\"robots\" content=\"noindex, follow\" \/>\n<meta property=\"og:locale\" content=\"fr_FR\" \/>\n<meta property=\"og:type\" content=\"article\" \/>\n<meta property=\"og:title\" content=\"Cr\u00e8me de chaux en p\u00e2te \u00e0 l&#039;huile de lin Pozzo Nuovo - Nature et D\u00e9veloppement Perpignan\" \/>\n<meta property=\"og:description\" content=\"La Cr\u00e8me de chaux en p\u00e2te Pozzo Nuovo est un\u00a0produit unique\u00a0de\u00a0tr\u00e8s haute qualit\u00e9.  Elle est utilis\u00e9e pour tous ouvrages en peintures min\u00e9rales, enduits fins, stucs et particuli\u00e8rement pour la\u00a0r\u00e9fection de Monuments Historiques.\" \/>\n<meta property=\"og:url\" content=\"https:\/\/nature-et-developpement.com\/ned-perpignan\/produit\/creme-de-chaux-en-pate-a-l-huile-de-lin\/\" \/>\n<meta property=\"og:site_name\" content=\"Nature et D\u00e9veloppement Perpignan\" \/>\n<meta property=\"article:modified_time\" content=\"2025-06-17T12:56:49+00:00\" \/>\n<meta name=\"twitter:card\" content=\"summary_large_image\" \/>\n<meta name=\"twitter:label1\" content=\"Dur\u00e9e de lecture estim\u00e9e\" \/>\n\t<meta name=\"twitter:data1\" content=\"1 minute\" \/>\n<script type=\"application\/ld+json\" class=\"yoast-schema-graph\">{\"@context\":\"https:\\\/\\\/schema.org\",\"@graph\":[{\"@type\":\"WebPage\",\"@id\":\"https:\\\/\\\/nature-et-developpement.com\\\/ned-perpignan\\\/produit\\\/creme-de-chaux-en-pate-a-l-huile-de-lin\\\/\",\"url\":\"https:\\\/\\\/nature-et-developpement.com\\\/ned-perpignan\\\/produit\\\/creme-de-chaux-en-pate-a-l-huile-de-lin\\\/\",\"name\":\"Cr\u00e8me de chaux en p\u00e2te \u00e0 l'huile de lin Pozzo Nuovo - Nature et D\u00e9veloppement Perpignan\",\"isPartOf\":{\"@id\":\"https:\\\/\\\/nature-et-developpement.com\\\/ned-perpignan\\\/#website\"},\"primaryImageOfPage\":{\"@id\":\"https:\\\/\\\/nature-et-developpement.com\\\/ned-perpignan\\\/produit\\\/creme-de-chaux-en-pate-a-l-huile-de-lin\\\/#primaryimage\"},\"image\":{\"@id\":\"https:\\\/\\\/nature-et-developpement.com\\\/ned-perpignan\\\/produit\\\/creme-de-chaux-en-pate-a-l-huile-de-lin\\\/#primaryimage\"},\"thumbnailUrl\":\"https:\\\/\\\/nature-et-developpement.com\\\/ned-perpignan\\\/wp-content\\\/uploads\\\/29873-Creme-de-chaux-en-pate-a-lhuile-de-lin-Pozzo-Nuovo.jpg\",\"datePublished\":\"2023-12-31T23:00:00+00:00\",\"dateModified\":\"2025-06-17T12:56:49+00:00\",\"breadcrumb\":{\"@id\":\"https:\\\/\\\/nature-et-developpement.com\\\/ned-perpignan\\\/produit\\\/creme-de-chaux-en-pate-a-l-huile-de-lin\\\/#breadcrumb\"},\"inLanguage\":\"fr-FR\",\"potentialAction\":[{\"@type\":\"ReadAction\",\"target\":[\"https:\\\/\\\/nature-et-developpement.com\\\/ned-perpignan\\\/produit\\\/creme-de-chaux-en-pate-a-l-huile-de-lin\\\/\"]}]},{\"@type\":\"ImageObject\",\"inLanguage\":\"fr-FR\",\"@id\":\"https:\\\/\\\/nature-et-developpement.com\\\/ned-perpignan\\\/produit\\\/creme-de-chaux-en-pate-a-l-huile-de-lin\\\/#primaryimage\",\"url\":\"https:\\\/\\\/nature-et-developpement.com\\\/ned-perpignan\\\/wp-content\\\/uploads\\\/29873-Creme-de-chaux-en-pate-a-lhuile-de-lin-Pozzo-Nuovo.jpg\",\"contentUrl\":\"https:\\\/\\\/nature-et-developpement.com\\\/ned-perpignan\\\/wp-content\\\/uploads\\\/29873-Creme-de-chaux-en-pate-a-lhuile-de-lin-Pozzo-Nuovo.jpg\"},{\"@type\":\"BreadcrumbList\",\"@id\":\"https:\\\/\\\/nature-et-developpement.com\\\/ned-perpignan\\\/produit\\\/creme-de-chaux-en-pate-a-l-huile-de-lin\\\/#breadcrumb\",\"itemListElement\":[{\"@type\":\"ListItem\",\"position\":1,\"name\":\"Accueil\",\"item\":\"https:\\\/\\\/nature-et-developpement.com\\\/ned-perpignan\\\/\"},{\"@type\":\"ListItem\",\"position\":2,\"name\":\"Boutique\",\"item\":\"https:\\\/\\\/nature-et-developpement.com\\\/ned-perpignan\\\/boutique\\\/\"},{\"@type\":\"ListItem\",\"position\":3,\"name\":\"Peinture, pigment et enduit\",\"item\":\"https:\\\/\\\/nature-et-developpement.com\\\/ned-perpignan\\\/produits\\\/peinture-et-enduit\\\/\"},{\"@type\":\"ListItem\",\"position\":4,\"name\":\"Adjuvants\",\"item\":\"https:\\\/\\\/nature-et-developpement.com\\\/ned-perpignan\\\/produits\\\/peinture-et-enduit\\\/adjuvants\\\/\"},{\"@type\":\"ListItem\",\"position\":5,\"name\":\"Cr\u00e8me de chaux en p\u00e2te \u00e0 l&rsquo;huile de lin Pozzo Nuovo\"}]},{\"@type\":\"WebSite\",\"@id\":\"https:\\\/\\\/nature-et-developpement.com\\\/ned-perpignan\\\/#website\",\"url\":\"https:\\\/\\\/nature-et-developpement.com\\\/ned-perpignan\\\/\",\"name\":\"Nature et D\u00e9veloppement Perpignan\",\"description\":\"Solutions, mat\u00e9riaux et d\u00e9coration \u00e9co-responsables pour les pros et les particuliers.\",\"potentialAction\":[{\"@type\":\"SearchAction\",\"target\":{\"@type\":\"EntryPoint\",\"urlTemplate\":\"https:\\\/\\\/nature-et-developpement.com\\\/ned-perpignan\\\/?s={search_term_string}\"},\"query-input\":{\"@type\":\"PropertyValueSpecification\",\"valueRequired\":true,\"valueName\":\"search_term_string\"}}],\"inLanguage\":\"fr-FR\"}]}<\/script>\n<!-- \/ Yoast SEO plugin. -->","yoast_head_json":{"title":"Cr\u00e8me de chaux en p\u00e2te \u00e0 l'huile de lin Pozzo Nuovo - Nature et D\u00e9veloppement Perpignan","robots":{"index":"noindex","follow":"follow"},"og_locale":"fr_FR","og_type":"article","og_title":"Cr\u00e8me de chaux en p\u00e2te \u00e0 l'huile de lin Pozzo Nuovo - Nature et D\u00e9veloppement Perpignan","og_description":"La Cr\u00e8me de chaux en p\u00e2te Pozzo Nuovo est un\u00a0produit unique\u00a0de\u00a0tr\u00e8s haute qualit\u00e9.  Elle est utilis\u00e9e pour tous ouvrages en peintures min\u00e9rales, enduits fins, stucs et particuli\u00e8rement pour la\u00a0r\u00e9fection de Monuments Historiques.","og_url":"https:\/\/nature-et-developpement.com\/ned-perpignan\/produit\/creme-de-chaux-en-pate-a-l-huile-de-lin\/","og_site_name":"Nature et D\u00e9veloppement Perpignan","article_modified_time":"2025-06-17T12:56:49+00:00","twitter_card":"summary_large_image","twitter_misc":{"Dur\u00e9e de lecture estim\u00e9e":"1 minute"},"schema":{"@context":"https:\/\/schema.org","@graph":[{"@type":"WebPage","@id":"https:\/\/nature-et-developpement.com\/ned-perpignan\/produit\/creme-de-chaux-en-pate-a-l-huile-de-lin\/","url":"https:\/\/nature-et-developpement.com\/ned-perpignan\/produit\/creme-de-chaux-en-pate-a-l-huile-de-lin\/","name":"Cr\u00e8me de chaux en p\u00e2te \u00e0 l'huile de lin Pozzo Nuovo - Nature et D\u00e9veloppement Perpignan","isPartOf":{"@id":"https:\/\/nature-et-developpement.com\/ned-perpignan\/#website"},"primaryImageOfPage":{"@id":"https:\/\/nature-et-developpement.com\/ned-perpignan\/produit\/creme-de-chaux-en-pate-a-l-huile-de-lin\/#primaryimage"},"image":{"@id":"https:\/\/nature-et-developpement.com\/ned-perpignan\/produit\/creme-de-chaux-en-pate-a-l-huile-de-lin\/#primaryimage"},"thumbnailUrl":"https:\/\/nature-et-developpement.com\/ned-perpignan\/wp-content\/uploads\/29873-Creme-de-chaux-en-pate-a-lhuile-de-lin-Pozzo-Nuovo.jpg","datePublished":"2023-12-31T23:00:00+00:00","dateModified":"2025-06-17T12:56:49+00:00","breadcrumb":{"@id":"https:\/\/nature-et-developpement.com\/ned-perpignan\/produit\/creme-de-chaux-en-pate-a-l-huile-de-lin\/#breadcrumb"},"inLanguage":"fr-FR","potentialAction":[{"@type":"ReadAction","target":["https:\/\/nature-et-developpement.com\/ned-perpignan\/produit\/creme-de-chaux-en-pate-a-l-huile-de-lin\/"]}]},{"@type":"ImageObject","inLanguage":"fr-FR","@id":"https:\/\/nature-et-developpement.com\/ned-perpignan\/produit\/creme-de-chaux-en-pate-a-l-huile-de-lin\/#primaryimage","url":"https:\/\/nature-et-developpement.com\/ned-perpignan\/wp-content\/uploads\/29873-Creme-de-chaux-en-pate-a-lhuile-de-lin-Pozzo-Nuovo.jpg","contentUrl":"https:\/\/nature-et-developpement.com\/ned-perpignan\/wp-content\/uploads\/29873-Creme-de-chaux-en-pate-a-lhuile-de-lin-Pozzo-Nuovo.jpg"},{"@type":"BreadcrumbList","@id":"https:\/\/nature-et-developpement.com\/ned-perpignan\/produit\/creme-de-chaux-en-pate-a-l-huile-de-lin\/#breadcrumb","itemListElement":[{"@type":"ListItem","position":1,"name":"Accueil","item":"https:\/\/nature-et-developpement.com\/ned-perpignan\/"},{"@type":"ListItem","position":2,"name":"Boutique","item":"https:\/\/nature-et-developpement.com\/ned-perpignan\/boutique\/"},{"@type":"ListItem","position":3,"name":"Peinture, pigment et enduit","item":"https:\/\/nature-et-developpement.com\/ned-perpignan\/produits\/peinture-et-enduit\/"},{"@type":"ListItem","position":4,"name":"Adjuvants","item":"https:\/\/nature-et-developpement.com\/ned-perpignan\/produits\/peinture-et-enduit\/adjuvants\/"},{"@type":"ListItem","position":5,"name":"Cr\u00e8me de chaux en p\u00e2te \u00e0 l&rsquo;huile de lin Pozzo Nuovo"}]},{"@type":"WebSite","@id":"https:\/\/nature-et-developpement.com\/ned-perpignan\/#website","url":"https:\/\/nature-et-developpement.com\/ned-perpignan\/","name":"Nature et D\u00e9veloppement Perpignan","description":"Solutions, mat\u00e9riaux et d\u00e9coration \u00e9co-responsables pour les pros et les particuliers.","potentialAction":[{"@type":"SearchAction","target":{"@type":"EntryPoint","urlTemplate":"https:\/\/nature-et-developpement.com\/ned-perpignan\/?s={search_term_string}"},"query-input":{"@type":"PropertyValueSpecification","valueRequired":true,"valueName":"search_term_string"}}],"inLanguage":"fr-FR"}]}},"distributor_meta":false,"distributor_terms":false,"distributor_media":false,"distributor_original_site_name":"Nature et D\u00e9veloppement Perpignan","distributor_original_site_url":"https:\/\/nature-et-developpement.com\/ned-perpignan","push-errors":false,"_links":{"self":[{"href":"https:\/\/nature-et-developpement.com\/ned-perpignan\/wp-json\/wp\/v2\/product\/1499","targetHints":{"allow":["GET"]}}],"collection":[{"href":"https:\/\/nature-et-developpement.com\/ned-perpignan\/wp-json\/wp\/v2\/product"}],"about":[{"href":"https:\/\/nature-et-developpement.com\/ned-perpignan\/wp-json\/wp\/v2\/types\/product"}],"wp:featuredmedia":[{"embeddable":true,"href":"https:\/\/nature-et-developpement.com\/ned-perpignan\/wp-json\/"}],"wp:attachment":[{"href":"https:\/\/nature-et-developpement.com\/ned-perpignan\/wp-json\/wp\/v2\/media?parent=1499"}],"wp:term":[{"taxonomy":"product_brand","embeddable":true,"href":"https:\/\/nature-et-developpement.com\/ned-perpignan\/wp-json\/wp\/v2\/product_brand?post=1499"},{"taxonomy":"product_cat","embeddable":true,"href":"https:\/\/nature-et-developpement.com\/ned-perpignan\/wp-json\/wp\/v2\/product_cat?post=1499"},{"taxonomy":"product_tag","embeddable":true,"href":"https:\/\/nature-et-developpement.com\/ned-perpignan\/wp-json\/wp\/v2\/product_tag?post=1499"}],"curies":[{"name":"wp","href":"https:\/\/api.w.org\/{rel}","templated":true}]}}