{"id":1520,"date":"2024-01-01T00:00:00","date_gmt":"2023-12-31T23:00:00","guid":{"rendered":"https:\/\/nature-et-developpement.com\/ned-perpignan\/produit\/enduit-de-finition-a-la-chaux\/"},"modified":"2025-09-30T12:56:11","modified_gmt":"2025-09-30T10:56:11","slug":"enduit-de-finition-a-la-chaux","status":"publish","type":"product","link":"https:\/\/nature-et-developpement.com\/ned-perpignan\/produit\/enduit-de-finition-a-la-chaux\/","title":{"rendered":"Enduit de finition \u00e0 la chaux pr\u00eat \u00e0 l&#8217;emploi Pozzo Nuovo"},"content":{"rendered":"<h2>Enduit de finition \u00e0 la chaux pr\u00eat \u00e0 l&#8217;emploi Pozzo Nuovo | Mat\u00e9riaux \u00e9cologiques de qualit\u00e9<\/h2>\n<p>L&rsquo;enduit de finition \u00e0 la chaux pr\u00eat \u00e0 l&#8217;emploi Pozzo Nuovo est le choix id\u00e9al pour les amateurs de mat\u00e9riaux \u00e9cologiques de qualit\u00e9.<\/p>\n<p>Fabriqu\u00e9 en France par l&rsquo;un des derniers chaufourniers du pays, cet enduit artisanal est con\u00e7u pour une utilisation aussi bien en int\u00e9rieur qu&rsquo;en ext\u00e9rieur.<\/p>\n<p>Son utilisation est facile gr\u00e2ce \u00e0 sa formule pr\u00eate \u00e0 l&#8217;emploi, \u00e9labor\u00e9e \u00e0 partir de vraies chaux a\u00e9riennes en p\u00e2tes.<\/p>\n<p>Avec l&rsquo;enduit de finition \u00e0 la chaux pr\u00eat \u00e0 l&#8217;emploi Pozzo Nuovo, vous pouvez cr\u00e9er une finition lisse et \u00e9l\u00e9gante sur diff\u00e9rents types de supports.<\/p>\n<p>Il est disponible en plusieurs granulom\u00e9tries, notamment fin, extra-fin et ultra-fin, ce qui vous permet de choisir la texture qui convient le mieux \u00e0 votre projet.<\/p>\n<p>Vous pouvez \u00e9galement les teinter avec les doses couleur.<\/p>\n<p>En plus le m\u00e9lange est possible dans les magasins \u00e9quip\u00e9s du m\u00e9langeur gyroscopique<\/p>\n<h3>Pour une pose d&rsquo;enduit r\u00e9ussie<\/h3>\n<p>Nous vous recommandons, quelque soit le support, d&rsquo;appliquer cet enduit sur une \u00e9paisseur conseill\u00e9e de 2 \u00e0 5 mm \u00e0 l&rsquo;aide d&rsquo;outils tels que truelles, taloches, platoirs ou lisseuses.<\/p>\n<p>Vous pouvez l&rsquo;appliquer en une ou deux couches, selon vos pr\u00e9f\u00e9rences et les besoins du projet.<\/p>\n<p>Il est important de noter que la r\u00e9alisation des travaux doivent se faire dans des conditions optimales.<\/p>\n<p>\u00c9vitez de travailler par temps de gel, sur des supports trop chauds, au vent sec ou \u00e0 la pluie.<\/p>\n<p>Les temp\u00e9ratures id\u00e9ales pour l&rsquo;application se situent g\u00e9n\u00e9ralement entre 5\u00b0C et 30\u00b0C.<\/p>\n<p>Au-dessus de 30\u00b0C, des mesures sp\u00e9cifiques peuvent \u00eatre prises pour \u00e9viter un s\u00e9chage trop rapide de l&rsquo;enduit, ce qui pourrait entra\u00eener des d\u00e9collements ou des fissurations.<\/p>\n<p>Pour sa pr\u00e9paration, nous vous conseillons d&rsquo;utiliser un malaxeur \u00e9lectrique afin d&rsquo;obtenir une consistance homog\u00e8ne. Si n\u00e9cessaire, vous pouvez incorporer des pigments pr\u00e9alablement pr\u00e9par\u00e9s pour obtenir la couleur souhait\u00e9e.<\/p>\n<p>Avant d&rsquo;appliquer l&rsquo;enduit, assurez-vous de pr\u00e9parer le support correctement.<\/p>\n<p>En ce qui concerne la consommation, pr\u00e9voyez environ 1,7 kg d&rsquo;enduit par mm d&rsquo;\u00e9paisseur et par m\u00b2.<\/p>\n<p>Petite particularit\u00e9, l&rsquo;enduit de finition \u00e0 la chaux pour plaques de li\u00e8ge s&rsquo;adapte sp\u00e9cialement \u00e0 une utilisation en ext\u00e9rieur sur des supports poreux n\u00e9cessitant un r\u00e9tenteur d&rsquo;eau.<\/p>\n<p>La surface des plaques de li\u00e8ge doit \u00eatre propre et exempte de traces de graisse et de poussi\u00e8re.<\/p>\n<p>Nous recommandons l&rsquo;utilisation de li\u00e8ge expans\u00e9 pur (agglo noir) certifi\u00e9 ACERMI par le CSTB pour des r\u00e9sultats optimaux.<\/p>\n<p>Optez pour l&rsquo;enduit de finition \u00e0 la chaux pr\u00eat \u00e0 l&#8217;emploi Pozzo Nuovo et ajoutez une touche \u00e9cologique et esth\u00e9tique \u00e0 vos projets de r\u00e9novation et de construction.<\/p>\n<p>Profitez d&rsquo;un mat\u00e9riau respectueux de l&rsquo;environnement qui garantit une finition de haute qualit\u00e9.<\/p>\n<p>&nbsp;<\/p>\n<h3><b>PR\u00c9PARATION et POSE des enduits traditionnels sur supports min\u00e9raux<\/b><\/h3>\n<p>&nbsp;<\/p>\n<h4><b>MISE EN OEUVRE<\/b><\/h4>\n<p>Cet enduit s&rsquo;applique sur une \u00e9paisseur conseill\u00e9e de 2 \u00e0 5mm \u00e0 l&rsquo;aide de truelles, taloches, platoirs, lisseuses.<\/p>\n<p><strong>Application conseill\u00e9e en 1 ou 2 couches.<\/strong><\/p>\n<p>Les travaux ne doivent pas se r\u00e9aliser en p\u00e9riode de gel, sur des supports trop chauds, au vent sec ou \u00e0 la pluie.<\/p>\n<p>On admet g\u00e9n\u00e9ralement que les travaux peuvent \u00eatre ex\u00e9cut\u00e9s lorsque les temp\u00e9ratures sont comprises entre 5\u00b0 et 30\u00b0 C.<\/p>\n<p>Au dessus de 30\u00b0 C, on prendra certaines dispositions.<\/p>\n<p>Pour \u00e9viter un s\u00e9chage trop rapide de l\u2019enduit qui pourrait entrainer un d\u00e9collement ou des fissurations.<\/p>\n<h4><b>CONSOMMATION<\/b><\/h4>\n<p>Environ 1,7 kg d\u2019enduit par mm d\u2019\u00e9paisseur et par m\u00b2.<\/p>\n<p>&nbsp;<\/p>\n<h3><b>PR\u00c9PARATION et POSE des enduits\u00a0<\/b><b>sur support plaque de li\u00e8ge<\/b><b><\/b><\/h3>\n<p>Il est conseill\u00e9 d&rsquo;utiliser un malaxeur \u00e9lectrique pour rendre homog\u00e8ne l&rsquo;enduit dans le seau avant emploi. Incorporer s\u2019il y a lieu, en cours de malaxage, les pigments pr\u00e9alablement pr\u00e9par\u00e9s (voir fiche conseil \u00ab pr\u00e9paration des Doses Couleur \u00bb).<\/p>\n<h4><b>PR\u00c9PARATION DU SUPPORT<\/b><\/h4>\n<p>La surface des plaques de li\u00e8ge doit \u00eatre propre et exempte de traces de graisse et de poussi\u00e8re. Nous vous conseillons l\u2019utilisation d\u2019un li\u00e8ge expans\u00e9 pur (agglo noir) certifi\u00e9 ACERMI par le CSTB.<\/p>\n<h4><b>MISE EN OEUVRE<\/b><\/h4>\n<p>Cet enduit s&rsquo;applique sur une \u00e9paisseur conseill\u00e9e de 2 \u00e0 5mm \u00e0 l&rsquo;aide de truelles, taloches, platoirs, lisseuses.<\/p>\n<p><strong>Application conseill\u00e9e en 2 couches.<\/strong><\/p>\n<p>Dans la premi\u00e8re couche, il est imp\u00e9ratif de noyer des bandes (toile de jute, fibre de verre ou autre) au niveau des joints des plaques.<\/p>\n<p>Nous recommandons cependant, pour une s\u00e9curit\u00e9 optimum, de noyer une trame sur la totalit\u00e9 de la surface \u00e0 enduire.<\/p>\n<p>Dans le cas d\u2019une mise en \u0153uvre en ext\u00e9rieur, nous vous conseillons de suivre les pr\u00e9conisations du fabricant de li\u00e8ge expans\u00e9 pur.<\/p>\n<p>Les travaux ne doivent pas se r\u00e9aliser en p\u00e9riode de gel, sur des supports trop chauds, au vent sec ou \u00e0 la pluie.<\/p>\n<p>On admet g\u00e9n\u00e9ralement que les travaux peuvent \u00eatre ex\u00e9cut\u00e9s lorsque les temp\u00e9ratures sont comprises entre 5\u00b0 et 30\u00b0 C.<\/p>\n<p>Au dessus de 30\u00b0 C, on prendra certaines dispositions.<\/p>\n<p>Pour \u00e9viter un s\u00e9chage trop rapide de l\u2019enduit qui pourrait entrainer un d\u00e9collement ou des fissurations.<\/p>\n<h4><b>CONSOMMATION<\/b><\/h4>\n<p>Environ 1,7 kg d\u2019enduit par mm d\u2019\u00e9paisseur et par m\u00b2.<\/p>\n","protected":false},"excerpt":{"rendered":"<p>D\u00e9couvrez l&rsquo;enduit de finition \u00e0 la chaux pr\u00eat \u00e0 l&#8217;emploi Pozzo Nuovo, fabriqu\u00e9 en France \u00e0 partir de vraies chaux a\u00e9riennes en p\u00e2tes.<br \/>\nDisponible en diff\u00e9rentes granulom\u00e9tries, id\u00e9al pour les supports min\u00e9raux et les plaques de li\u00e8ge. Respectueux de l&rsquo;environnement.<\/p>\n","protected":false},"featured_media":1000000104311,"template":"","meta":[],"product_brand":[174],"product_cat":[90],"product_tag":[2695],"class_list":{"0":"post-1520","1":"product","2":"type-product","3":"status-publish","4":"has-post-thumbnail","6":"product_brand-pozzo-nuovo","7":"product_cat-enduits-naturels","8":"product_tag-chaux","9":"product_shipping_class-sac-de-25kg","11":"first","12":"instock","13":"sale","14":"taxable","15":"shipping-taxable","16":"purchasable","17":"product-type-variable"},"yoast_head":"<!-- This site is optimized with the Yoast SEO plugin v27.5 - https:\/\/yoast.com\/product\/yoast-seo-wordpress\/ -->\n<title>Enduit de finition \u00e0 la chaux pr\u00eat \u00e0 l&#039;emploi Pozzo Nuovo - Nature et D\u00e9veloppement Perpignan<\/title>\n<meta name=\"description\" content=\"Fabriqu\u00e9 en France \u00e0 partir de vraies chaux a\u00e9riennes en p\u00e2tes. Diff\u00e9rentes granulom\u00e9tries, id\u00e9al pour les supports min\u00e9raux et les plaques de li\u00e8ge.\" \/>\n<meta name=\"robots\" content=\"noindex, nofollow\" \/>\n<meta property=\"og:locale\" content=\"fr_FR\" \/>\n<meta property=\"og:type\" content=\"article\" \/>\n<meta property=\"og:title\" content=\"Enduit de finition \u00e0 la chaux pr\u00eat \u00e0 l&#039;emploi Pozzo Nuovo - Nature et D\u00e9veloppement Perpignan\" \/>\n<meta property=\"og:description\" content=\"Fabriqu\u00e9 en France \u00e0 partir de vraies chaux a\u00e9riennes en p\u00e2tes. Diff\u00e9rentes granulom\u00e9tries, id\u00e9al pour les supports min\u00e9raux et les plaques de li\u00e8ge.\" \/>\n<meta property=\"og:url\" content=\"https:\/\/nature-et-developpement.com\/ned-perpignan\/produit\/enduit-de-finition-a-la-chaux\/\" \/>\n<meta property=\"og:site_name\" content=\"Nature et D\u00e9veloppement Perpignan\" \/>\n<meta property=\"article:modified_time\" content=\"2025-09-30T10:56:11+00:00\" \/>\n<meta name=\"twitter:card\" content=\"summary_large_image\" \/>\n<meta name=\"twitter:label1\" content=\"Dur\u00e9e de lecture estim\u00e9e\" \/>\n\t<meta name=\"twitter:data1\" content=\"4 minutes\" \/>\n<script type=\"application\/ld+json\" class=\"yoast-schema-graph\">{\"@context\":\"https:\\\/\\\/schema.org\",\"@graph\":[{\"@type\":\"WebPage\",\"@id\":\"https:\\\/\\\/nature-et-developpement.com\\\/ned-perpignan\\\/produit\\\/enduit-de-finition-a-la-chaux\\\/\",\"url\":\"https:\\\/\\\/nature-et-developpement.com\\\/ned-perpignan\\\/produit\\\/enduit-de-finition-a-la-chaux\\\/\",\"name\":\"Enduit de finition \u00e0 la chaux pr\u00eat \u00e0 l'emploi Pozzo Nuovo - Nature et D\u00e9veloppement Perpignan\",\"isPartOf\":{\"@id\":\"https:\\\/\\\/nature-et-developpement.com\\\/ned-perpignan\\\/#website\"},\"primaryImageOfPage\":{\"@id\":\"https:\\\/\\\/nature-et-developpement.com\\\/ned-perpignan\\\/produit\\\/enduit-de-finition-a-la-chaux\\\/#primaryimage\"},\"image\":{\"@id\":\"https:\\\/\\\/nature-et-developpement.com\\\/ned-perpignan\\\/produit\\\/enduit-de-finition-a-la-chaux\\\/#primaryimage\"},\"thumbnailUrl\":\"https:\\\/\\\/nature-et-developpement.com\\\/ned-perpignan\\\/wp-content\\\/uploads\\\/29898-Enduit-de-finition-a-la-chaux-pret-a-lenploi-Pozzo-Nuovo-pour-plaque-de-liege-EXTRA-FIN.jpg\",\"datePublished\":\"2023-12-31T23:00:00+00:00\",\"dateModified\":\"2025-09-30T10:56:11+00:00\",\"description\":\"Fabriqu\u00e9 en France \u00e0 partir de vraies chaux a\u00e9riennes en p\u00e2tes. Diff\u00e9rentes granulom\u00e9tries, id\u00e9al pour les supports min\u00e9raux et les plaques de li\u00e8ge.\",\"breadcrumb\":{\"@id\":\"https:\\\/\\\/nature-et-developpement.com\\\/ned-perpignan\\\/produit\\\/enduit-de-finition-a-la-chaux\\\/#breadcrumb\"},\"inLanguage\":\"fr-FR\",\"potentialAction\":[{\"@type\":\"ReadAction\",\"target\":[\"https:\\\/\\\/nature-et-developpement.com\\\/ned-perpignan\\\/produit\\\/enduit-de-finition-a-la-chaux\\\/\"]}]},{\"@type\":\"ImageObject\",\"inLanguage\":\"fr-FR\",\"@id\":\"https:\\\/\\\/nature-et-developpement.com\\\/ned-perpignan\\\/produit\\\/enduit-de-finition-a-la-chaux\\\/#primaryimage\",\"url\":\"https:\\\/\\\/nature-et-developpement.com\\\/ned-perpignan\\\/wp-content\\\/uploads\\\/29898-Enduit-de-finition-a-la-chaux-pret-a-lenploi-Pozzo-Nuovo-pour-plaque-de-liege-EXTRA-FIN.jpg\",\"contentUrl\":\"https:\\\/\\\/nature-et-developpement.com\\\/ned-perpignan\\\/wp-content\\\/uploads\\\/29898-Enduit-de-finition-a-la-chaux-pret-a-lenploi-Pozzo-Nuovo-pour-plaque-de-liege-EXTRA-FIN.jpg\"},{\"@type\":\"BreadcrumbList\",\"@id\":\"https:\\\/\\\/nature-et-developpement.com\\\/ned-perpignan\\\/produit\\\/enduit-de-finition-a-la-chaux\\\/#breadcrumb\",\"itemListElement\":[{\"@type\":\"ListItem\",\"position\":1,\"name\":\"Accueil\",\"item\":\"https:\\\/\\\/nature-et-developpement.com\\\/ned-perpignan\\\/\"},{\"@type\":\"ListItem\",\"position\":2,\"name\":\"Boutique\",\"item\":\"https:\\\/\\\/nature-et-developpement.com\\\/ned-perpignan\\\/boutique\\\/\"},{\"@type\":\"ListItem\",\"position\":3,\"name\":\"Peinture, pigment et enduit\",\"item\":\"https:\\\/\\\/nature-et-developpement.com\\\/ned-perpignan\\\/produits\\\/peinture-et-enduit\\\/\"},{\"@type\":\"ListItem\",\"position\":4,\"name\":\"Enduits naturels\",\"item\":\"https:\\\/\\\/nature-et-developpement.com\\\/ned-perpignan\\\/produits\\\/peinture-et-enduit\\\/enduits-naturels\\\/\"},{\"@type\":\"ListItem\",\"position\":5,\"name\":\"Enduit de finition \u00e0 la chaux pr\u00eat \u00e0 l&#8217;emploi Pozzo Nuovo\"}]},{\"@type\":\"WebSite\",\"@id\":\"https:\\\/\\\/nature-et-developpement.com\\\/ned-perpignan\\\/#website\",\"url\":\"https:\\\/\\\/nature-et-developpement.com\\\/ned-perpignan\\\/\",\"name\":\"Nature et D\u00e9veloppement Perpignan\",\"description\":\"Solutions, mat\u00e9riaux et d\u00e9coration \u00e9co-responsables pour les pros et les particuliers.\",\"potentialAction\":[{\"@type\":\"SearchAction\",\"target\":{\"@type\":\"EntryPoint\",\"urlTemplate\":\"https:\\\/\\\/nature-et-developpement.com\\\/ned-perpignan\\\/?s={search_term_string}\"},\"query-input\":{\"@type\":\"PropertyValueSpecification\",\"valueRequired\":true,\"valueName\":\"search_term_string\"}}],\"inLanguage\":\"fr-FR\"}]}<\/script>\n<!-- \/ Yoast SEO plugin. -->","yoast_head_json":{"title":"Enduit de finition \u00e0 la chaux pr\u00eat \u00e0 l'emploi Pozzo Nuovo - Nature et D\u00e9veloppement Perpignan","description":"Fabriqu\u00e9 en France \u00e0 partir de vraies chaux a\u00e9riennes en p\u00e2tes. Diff\u00e9rentes granulom\u00e9tries, id\u00e9al pour les supports min\u00e9raux et les plaques de li\u00e8ge.","robots":{"index":"noindex","follow":"nofollow"},"og_locale":"fr_FR","og_type":"article","og_title":"Enduit de finition \u00e0 la chaux pr\u00eat \u00e0 l'emploi Pozzo Nuovo - Nature et D\u00e9veloppement Perpignan","og_description":"Fabriqu\u00e9 en France \u00e0 partir de vraies chaux a\u00e9riennes en p\u00e2tes. Diff\u00e9rentes granulom\u00e9tries, id\u00e9al pour les supports min\u00e9raux et les plaques de li\u00e8ge.","og_url":"https:\/\/nature-et-developpement.com\/ned-perpignan\/produit\/enduit-de-finition-a-la-chaux\/","og_site_name":"Nature et D\u00e9veloppement Perpignan","article_modified_time":"2025-09-30T10:56:11+00:00","twitter_card":"summary_large_image","twitter_misc":{"Dur\u00e9e de lecture estim\u00e9e":"4 minutes"},"schema":{"@context":"https:\/\/schema.org","@graph":[{"@type":"WebPage","@id":"https:\/\/nature-et-developpement.com\/ned-perpignan\/produit\/enduit-de-finition-a-la-chaux\/","url":"https:\/\/nature-et-developpement.com\/ned-perpignan\/produit\/enduit-de-finition-a-la-chaux\/","name":"Enduit de finition \u00e0 la chaux pr\u00eat \u00e0 l'emploi Pozzo Nuovo - Nature et D\u00e9veloppement Perpignan","isPartOf":{"@id":"https:\/\/nature-et-developpement.com\/ned-perpignan\/#website"},"primaryImageOfPage":{"@id":"https:\/\/nature-et-developpement.com\/ned-perpignan\/produit\/enduit-de-finition-a-la-chaux\/#primaryimage"},"image":{"@id":"https:\/\/nature-et-developpement.com\/ned-perpignan\/produit\/enduit-de-finition-a-la-chaux\/#primaryimage"},"thumbnailUrl":"https:\/\/nature-et-developpement.com\/ned-perpignan\/wp-content\/uploads\/29898-Enduit-de-finition-a-la-chaux-pret-a-lenploi-Pozzo-Nuovo-pour-plaque-de-liege-EXTRA-FIN.jpg","datePublished":"2023-12-31T23:00:00+00:00","dateModified":"2025-09-30T10:56:11+00:00","description":"Fabriqu\u00e9 en France \u00e0 partir de vraies chaux a\u00e9riennes en p\u00e2tes. Diff\u00e9rentes granulom\u00e9tries, id\u00e9al pour les supports min\u00e9raux et les plaques de li\u00e8ge.","breadcrumb":{"@id":"https:\/\/nature-et-developpement.com\/ned-perpignan\/produit\/enduit-de-finition-a-la-chaux\/#breadcrumb"},"inLanguage":"fr-FR","potentialAction":[{"@type":"ReadAction","target":["https:\/\/nature-et-developpement.com\/ned-perpignan\/produit\/enduit-de-finition-a-la-chaux\/"]}]},{"@type":"ImageObject","inLanguage":"fr-FR","@id":"https:\/\/nature-et-developpement.com\/ned-perpignan\/produit\/enduit-de-finition-a-la-chaux\/#primaryimage","url":"https:\/\/nature-et-developpement.com\/ned-perpignan\/wp-content\/uploads\/29898-Enduit-de-finition-a-la-chaux-pret-a-lenploi-Pozzo-Nuovo-pour-plaque-de-liege-EXTRA-FIN.jpg","contentUrl":"https:\/\/nature-et-developpement.com\/ned-perpignan\/wp-content\/uploads\/29898-Enduit-de-finition-a-la-chaux-pret-a-lenploi-Pozzo-Nuovo-pour-plaque-de-liege-EXTRA-FIN.jpg"},{"@type":"BreadcrumbList","@id":"https:\/\/nature-et-developpement.com\/ned-perpignan\/produit\/enduit-de-finition-a-la-chaux\/#breadcrumb","itemListElement":[{"@type":"ListItem","position":1,"name":"Accueil","item":"https:\/\/nature-et-developpement.com\/ned-perpignan\/"},{"@type":"ListItem","position":2,"name":"Boutique","item":"https:\/\/nature-et-developpement.com\/ned-perpignan\/boutique\/"},{"@type":"ListItem","position":3,"name":"Peinture, pigment et enduit","item":"https:\/\/nature-et-developpement.com\/ned-perpignan\/produits\/peinture-et-enduit\/"},{"@type":"ListItem","position":4,"name":"Enduits naturels","item":"https:\/\/nature-et-developpement.com\/ned-perpignan\/produits\/peinture-et-enduit\/enduits-naturels\/"},{"@type":"ListItem","position":5,"name":"Enduit de finition \u00e0 la chaux pr\u00eat \u00e0 l&#8217;emploi Pozzo Nuovo"}]},{"@type":"WebSite","@id":"https:\/\/nature-et-developpement.com\/ned-perpignan\/#website","url":"https:\/\/nature-et-developpement.com\/ned-perpignan\/","name":"Nature et D\u00e9veloppement Perpignan","description":"Solutions, mat\u00e9riaux et d\u00e9coration \u00e9co-responsables pour les pros et les particuliers.","potentialAction":[{"@type":"SearchAction","target":{"@type":"EntryPoint","urlTemplate":"https:\/\/nature-et-developpement.com\/ned-perpignan\/?s={search_term_string}"},"query-input":{"@type":"PropertyValueSpecification","valueRequired":true,"valueName":"search_term_string"}}],"inLanguage":"fr-FR"}]}},"distributor_meta":false,"distributor_terms":false,"distributor_media":false,"distributor_original_site_name":"Nature et D\u00e9veloppement Perpignan","distributor_original_site_url":"https:\/\/nature-et-developpement.com\/ned-perpignan","push-errors":false,"_links":{"self":[{"href":"https:\/\/nature-et-developpement.com\/ned-perpignan\/wp-json\/wp\/v2\/product\/1520","targetHints":{"allow":["GET"]}}],"collection":[{"href":"https:\/\/nature-et-developpement.com\/ned-perpignan\/wp-json\/wp\/v2\/product"}],"about":[{"href":"https:\/\/nature-et-developpement.com\/ned-perpignan\/wp-json\/wp\/v2\/types\/product"}],"wp:featuredmedia":[{"embeddable":true,"href":"https:\/\/nature-et-developpement.com\/ned-perpignan\/wp-json\/"}],"wp:attachment":[{"href":"https:\/\/nature-et-developpement.com\/ned-perpignan\/wp-json\/wp\/v2\/media?parent=1520"}],"wp:term":[{"taxonomy":"product_brand","embeddable":true,"href":"https:\/\/nature-et-developpement.com\/ned-perpignan\/wp-json\/wp\/v2\/product_brand?post=1520"},{"taxonomy":"product_cat","embeddable":true,"href":"https:\/\/nature-et-developpement.com\/ned-perpignan\/wp-json\/wp\/v2\/product_cat?post=1520"},{"taxonomy":"product_tag","embeddable":true,"href":"https:\/\/nature-et-developpement.com\/ned-perpignan\/wp-json\/wp\/v2\/product_tag?post=1520"}],"curies":[{"name":"wp","href":"https:\/\/api.w.org\/{rel}","templated":true}]}}