{"id":2042,"date":"2023-06-14T14:18:56","date_gmt":"2023-06-14T12:18:56","guid":{"rendered":"https:\/\/nature-et-developpement.com\/ned-perpignan\/produit\/echantillon-longlife-pd-450-vernis-ultra-mat-de-meister\/"},"modified":"2025-06-17T14:56:53","modified_gmt":"2025-06-17T12:56:53","slug":"echantillon-longlife-pd-450-vernis-ultra-mat-de-meister","status":"publish","type":"product","link":"https:\/\/nature-et-developpement.com\/ned-perpignan\/produit\/echantillon-longlife-pd-450-vernis-ultra-mat-de-meister\/","title":{"rendered":"\u00c9chantillon Longlife PD 450 Vernis Ultra-Mat de Meister"},"content":{"rendered":"<h2>\u2026Vous h\u00e9sitez?<\/h2>\n<p>Choisissez et commandez vos \u00e9chantillons, dans les accessoires (en bas de page) ou dans le moteur de recherche (en haut \u00e0 gauche) et recevez-les chez vous pour seulement 2,40\u20ac par \u00e9chantillon.<\/p>\n<h3><strong>Votre commande sera\u00a0d\u00e9duite\u00a0de votre prochain achat de parquet MEISTER.<\/strong><\/h3>\n<p>D\u00e9nichez votre lame favorite !<\/p>\n","protected":false},"excerpt":{"rendered":"<p><b>Commandez d\u00e8s aujourd&rsquo;hui vos Choix de parquets&#8230;<\/b><br \/>\nChaque \u00e9chantillon mesure environ 18cm,<br \/>\nde v\u00e9ritable produit.<br \/>\nUn forfait de 15\u20ac de livraison sera appliqu\u00e9<br \/>\npar tranche de 5 \u00e9chantillons.<br \/>\n<em><span style=\"color: #008000\"><a class=\"btn btn-default\" style=\"font-style: normal;font-family: Poppins, sans-serif;color: #008000\" href=\"https:\/\/meister.esignserver3.com\/gallery.do\" target=\"_blank\" rel=\"noopener\">Avec une photo de chez vous:<br \/>\nTESTEZ-LE dans votre int\u00e9rieur<\/a><\/span><\/em><\/p>\n","protected":false},"featured_media":1000000171637,"template":"","meta":[],"product_brand":[3080],"product_cat":[103],"product_tag":[],"class_list":{"0":"post-2042","1":"product","2":"type-product","3":"status-publish","4":"has-post-thumbnail","6":"product_brand-meister-echantillon","7":"product_cat-plinthes-et-accessoires","8":"product_shipping_class-echantillion-meister","10":"first","11":"instock","12":"taxable","13":"shipping-taxable","14":"purchasable","15":"product-type-variable"},"yoast_head":"<!-- This site is optimized with the Yoast SEO plugin v27.5 - https:\/\/yoast.com\/product\/yoast-seo-wordpress\/ -->\n<title>\u00c9chantillon Longlife PD 450 Vernis Ultra-Mat de Meister - Nature et D\u00e9veloppement Perpignan<\/title>\n<meta name=\"description\" content=\"D\u00e9couvrez ce Parquet Bois qui allie beaut\u00e9 naturelle et durabilit\u00e9. R\u00e9sistance \u00e0 l&#039;eau de 4h. Id\u00e9al pour les pi\u00e8ces d&#039;habitation et les salles de bains.\" \/>\n<meta name=\"robots\" content=\"noindex, follow\" \/>\n<meta property=\"og:locale\" content=\"fr_FR\" \/>\n<meta property=\"og:type\" content=\"article\" \/>\n<meta property=\"og:title\" content=\"\u00c9chantillon Longlife PD 450 Vernis Ultra-Mat de Meister - Nature et D\u00e9veloppement Perpignan\" \/>\n<meta property=\"og:description\" content=\"D\u00e9couvrez ce Parquet Bois qui allie beaut\u00e9 naturelle et durabilit\u00e9. R\u00e9sistance \u00e0 l&#039;eau de 4h. Id\u00e9al pour les pi\u00e8ces d&#039;habitation et les salles de bains.\" \/>\n<meta property=\"og:url\" content=\"https:\/\/nature-et-developpement.com\/ned-perpignan\/produit\/echantillon-longlife-pd-450-vernis-ultra-mat-de-meister\/\" \/>\n<meta property=\"og:site_name\" content=\"Nature et D\u00e9veloppement Perpignan\" \/>\n<meta property=\"article:modified_time\" content=\"2025-06-17T12:56:53+00:00\" \/>\n<meta name=\"twitter:card\" content=\"summary_large_image\" \/>\n<script type=\"application\/ld+json\" class=\"yoast-schema-graph\">{\"@context\":\"https:\\\/\\\/schema.org\",\"@graph\":[{\"@type\":\"WebPage\",\"@id\":\"https:\\\/\\\/nature-et-developpement.com\\\/ned-perpignan\\\/produit\\\/echantillon-longlife-pd-450-vernis-ultra-mat-de-meister\\\/\",\"url\":\"https:\\\/\\\/nature-et-developpement.com\\\/ned-perpignan\\\/produit\\\/echantillon-longlife-pd-450-vernis-ultra-mat-de-meister\\\/\",\"name\":\"\u00c9chantillon Longlife PD 450 Vernis Ultra-Mat de Meister - Nature et D\u00e9veloppement Perpignan\",\"isPartOf\":{\"@id\":\"https:\\\/\\\/nature-et-developpement.com\\\/ned-perpignan\\\/#website\"},\"primaryImageOfPage\":{\"@id\":\"https:\\\/\\\/nature-et-developpement.com\\\/ned-perpignan\\\/produit\\\/echantillon-longlife-pd-450-vernis-ultra-mat-de-meister\\\/#primaryimage\"},\"image\":{\"@id\":\"https:\\\/\\\/nature-et-developpement.com\\\/ned-perpignan\\\/produit\\\/echantillon-longlife-pd-450-vernis-ultra-mat-de-meister\\\/#primaryimage\"},\"thumbnailUrl\":\"https:\\\/\\\/nature-et-developpement.com\\\/ned-perpignan\\\/wp-content\\\/uploads\\\/Couleur-9048-PD450-vernis-ultra-mat-detail.jpg\",\"datePublished\":\"2023-06-14T12:18:56+00:00\",\"dateModified\":\"2025-06-17T12:56:53+00:00\",\"description\":\"D\u00e9couvrez ce Parquet Bois qui allie beaut\u00e9 naturelle et durabilit\u00e9. R\u00e9sistance \u00e0 l'eau de 4h. Id\u00e9al pour les pi\u00e8ces d'habitation et les salles de bains.\",\"breadcrumb\":{\"@id\":\"https:\\\/\\\/nature-et-developpement.com\\\/ned-perpignan\\\/produit\\\/echantillon-longlife-pd-450-vernis-ultra-mat-de-meister\\\/#breadcrumb\"},\"inLanguage\":\"fr-FR\",\"potentialAction\":[{\"@type\":\"ReadAction\",\"target\":[\"https:\\\/\\\/nature-et-developpement.com\\\/ned-perpignan\\\/produit\\\/echantillon-longlife-pd-450-vernis-ultra-mat-de-meister\\\/\"]}]},{\"@type\":\"ImageObject\",\"inLanguage\":\"fr-FR\",\"@id\":\"https:\\\/\\\/nature-et-developpement.com\\\/ned-perpignan\\\/produit\\\/echantillon-longlife-pd-450-vernis-ultra-mat-de-meister\\\/#primaryimage\",\"url\":\"https:\\\/\\\/nature-et-developpement.com\\\/ned-perpignan\\\/wp-content\\\/uploads\\\/Couleur-9048-PD450-vernis-ultra-mat-detail.jpg\",\"contentUrl\":\"https:\\\/\\\/nature-et-developpement.com\\\/ned-perpignan\\\/wp-content\\\/uploads\\\/Couleur-9048-PD450-vernis-ultra-mat-detail.jpg\"},{\"@type\":\"BreadcrumbList\",\"@id\":\"https:\\\/\\\/nature-et-developpement.com\\\/ned-perpignan\\\/produit\\\/echantillon-longlife-pd-450-vernis-ultra-mat-de-meister\\\/#breadcrumb\",\"itemListElement\":[{\"@type\":\"ListItem\",\"position\":1,\"name\":\"Accueil\",\"item\":\"https:\\\/\\\/nature-et-developpement.com\\\/ned-perpignan\\\/\"},{\"@type\":\"ListItem\",\"position\":2,\"name\":\"Boutique\",\"item\":\"https:\\\/\\\/nature-et-developpement.com\\\/ned-perpignan\\\/boutique\\\/\"},{\"@type\":\"ListItem\",\"position\":3,\"name\":\"Parquets bois, stratifi\u00e9s et li\u00e8ge\",\"item\":\"https:\\\/\\\/nature-et-developpement.com\\\/ned-perpignan\\\/produits\\\/parquet-et-sol-naturels\\\/\"},{\"@type\":\"ListItem\",\"position\":4,\"name\":\"Plinthes et accessoires\",\"item\":\"https:\\\/\\\/nature-et-developpement.com\\\/ned-perpignan\\\/produits\\\/parquet-et-sol-naturels\\\/plinthes-et-accessoires\\\/\"},{\"@type\":\"ListItem\",\"position\":5,\"name\":\"\u00c9chantillon Longlife PD 450 Vernis Ultra-Mat de Meister\"}]},{\"@type\":\"WebSite\",\"@id\":\"https:\\\/\\\/nature-et-developpement.com\\\/ned-perpignan\\\/#website\",\"url\":\"https:\\\/\\\/nature-et-developpement.com\\\/ned-perpignan\\\/\",\"name\":\"Nature et D\u00e9veloppement Perpignan\",\"description\":\"Solutions, mat\u00e9riaux et d\u00e9coration \u00e9co-responsables pour les pros et les particuliers.\",\"potentialAction\":[{\"@type\":\"SearchAction\",\"target\":{\"@type\":\"EntryPoint\",\"urlTemplate\":\"https:\\\/\\\/nature-et-developpement.com\\\/ned-perpignan\\\/?s={search_term_string}\"},\"query-input\":{\"@type\":\"PropertyValueSpecification\",\"valueRequired\":true,\"valueName\":\"search_term_string\"}}],\"inLanguage\":\"fr-FR\"}]}<\/script>\n<!-- \/ Yoast SEO plugin. -->","yoast_head_json":{"title":"\u00c9chantillon Longlife PD 450 Vernis Ultra-Mat de Meister - Nature et D\u00e9veloppement Perpignan","description":"D\u00e9couvrez ce Parquet Bois qui allie beaut\u00e9 naturelle et durabilit\u00e9. R\u00e9sistance \u00e0 l'eau de 4h. Id\u00e9al pour les pi\u00e8ces d'habitation et les salles de bains.","robots":{"index":"noindex","follow":"follow"},"og_locale":"fr_FR","og_type":"article","og_title":"\u00c9chantillon Longlife PD 450 Vernis Ultra-Mat de Meister - Nature et D\u00e9veloppement Perpignan","og_description":"D\u00e9couvrez ce Parquet Bois qui allie beaut\u00e9 naturelle et durabilit\u00e9. R\u00e9sistance \u00e0 l'eau de 4h. Id\u00e9al pour les pi\u00e8ces d'habitation et les salles de bains.","og_url":"https:\/\/nature-et-developpement.com\/ned-perpignan\/produit\/echantillon-longlife-pd-450-vernis-ultra-mat-de-meister\/","og_site_name":"Nature et D\u00e9veloppement Perpignan","article_modified_time":"2025-06-17T12:56:53+00:00","twitter_card":"summary_large_image","schema":{"@context":"https:\/\/schema.org","@graph":[{"@type":"WebPage","@id":"https:\/\/nature-et-developpement.com\/ned-perpignan\/produit\/echantillon-longlife-pd-450-vernis-ultra-mat-de-meister\/","url":"https:\/\/nature-et-developpement.com\/ned-perpignan\/produit\/echantillon-longlife-pd-450-vernis-ultra-mat-de-meister\/","name":"\u00c9chantillon Longlife PD 450 Vernis Ultra-Mat de Meister - Nature et D\u00e9veloppement Perpignan","isPartOf":{"@id":"https:\/\/nature-et-developpement.com\/ned-perpignan\/#website"},"primaryImageOfPage":{"@id":"https:\/\/nature-et-developpement.com\/ned-perpignan\/produit\/echantillon-longlife-pd-450-vernis-ultra-mat-de-meister\/#primaryimage"},"image":{"@id":"https:\/\/nature-et-developpement.com\/ned-perpignan\/produit\/echantillon-longlife-pd-450-vernis-ultra-mat-de-meister\/#primaryimage"},"thumbnailUrl":"https:\/\/nature-et-developpement.com\/ned-perpignan\/wp-content\/uploads\/Couleur-9048-PD450-vernis-ultra-mat-detail.jpg","datePublished":"2023-06-14T12:18:56+00:00","dateModified":"2025-06-17T12:56:53+00:00","description":"D\u00e9couvrez ce Parquet Bois qui allie beaut\u00e9 naturelle et durabilit\u00e9. R\u00e9sistance \u00e0 l'eau de 4h. Id\u00e9al pour les pi\u00e8ces d'habitation et les salles de bains.","breadcrumb":{"@id":"https:\/\/nature-et-developpement.com\/ned-perpignan\/produit\/echantillon-longlife-pd-450-vernis-ultra-mat-de-meister\/#breadcrumb"},"inLanguage":"fr-FR","potentialAction":[{"@type":"ReadAction","target":["https:\/\/nature-et-developpement.com\/ned-perpignan\/produit\/echantillon-longlife-pd-450-vernis-ultra-mat-de-meister\/"]}]},{"@type":"ImageObject","inLanguage":"fr-FR","@id":"https:\/\/nature-et-developpement.com\/ned-perpignan\/produit\/echantillon-longlife-pd-450-vernis-ultra-mat-de-meister\/#primaryimage","url":"https:\/\/nature-et-developpement.com\/ned-perpignan\/wp-content\/uploads\/Couleur-9048-PD450-vernis-ultra-mat-detail.jpg","contentUrl":"https:\/\/nature-et-developpement.com\/ned-perpignan\/wp-content\/uploads\/Couleur-9048-PD450-vernis-ultra-mat-detail.jpg"},{"@type":"BreadcrumbList","@id":"https:\/\/nature-et-developpement.com\/ned-perpignan\/produit\/echantillon-longlife-pd-450-vernis-ultra-mat-de-meister\/#breadcrumb","itemListElement":[{"@type":"ListItem","position":1,"name":"Accueil","item":"https:\/\/nature-et-developpement.com\/ned-perpignan\/"},{"@type":"ListItem","position":2,"name":"Boutique","item":"https:\/\/nature-et-developpement.com\/ned-perpignan\/boutique\/"},{"@type":"ListItem","position":3,"name":"Parquets bois, stratifi\u00e9s et li\u00e8ge","item":"https:\/\/nature-et-developpement.com\/ned-perpignan\/produits\/parquet-et-sol-naturels\/"},{"@type":"ListItem","position":4,"name":"Plinthes et accessoires","item":"https:\/\/nature-et-developpement.com\/ned-perpignan\/produits\/parquet-et-sol-naturels\/plinthes-et-accessoires\/"},{"@type":"ListItem","position":5,"name":"\u00c9chantillon Longlife PD 450 Vernis Ultra-Mat de Meister"}]},{"@type":"WebSite","@id":"https:\/\/nature-et-developpement.com\/ned-perpignan\/#website","url":"https:\/\/nature-et-developpement.com\/ned-perpignan\/","name":"Nature et D\u00e9veloppement Perpignan","description":"Solutions, mat\u00e9riaux et d\u00e9coration \u00e9co-responsables pour les pros et les particuliers.","potentialAction":[{"@type":"SearchAction","target":{"@type":"EntryPoint","urlTemplate":"https:\/\/nature-et-developpement.com\/ned-perpignan\/?s={search_term_string}"},"query-input":{"@type":"PropertyValueSpecification","valueRequired":true,"valueName":"search_term_string"}}],"inLanguage":"fr-FR"}]}},"distributor_meta":false,"distributor_terms":false,"distributor_media":false,"distributor_original_site_name":"Nature et D\u00e9veloppement Perpignan","distributor_original_site_url":"https:\/\/nature-et-developpement.com\/ned-perpignan","push-errors":false,"_links":{"self":[{"href":"https:\/\/nature-et-developpement.com\/ned-perpignan\/wp-json\/wp\/v2\/product\/2042","targetHints":{"allow":["GET"]}}],"collection":[{"href":"https:\/\/nature-et-developpement.com\/ned-perpignan\/wp-json\/wp\/v2\/product"}],"about":[{"href":"https:\/\/nature-et-developpement.com\/ned-perpignan\/wp-json\/wp\/v2\/types\/product"}],"wp:featuredmedia":[{"embeddable":true,"href":"https:\/\/nature-et-developpement.com\/ned-perpignan\/wp-json\/"}],"wp:attachment":[{"href":"https:\/\/nature-et-developpement.com\/ned-perpignan\/wp-json\/wp\/v2\/media?parent=2042"}],"wp:term":[{"taxonomy":"product_brand","embeddable":true,"href":"https:\/\/nature-et-developpement.com\/ned-perpignan\/wp-json\/wp\/v2\/product_brand?post=2042"},{"taxonomy":"product_cat","embeddable":true,"href":"https:\/\/nature-et-developpement.com\/ned-perpignan\/wp-json\/wp\/v2\/product_cat?post=2042"},{"taxonomy":"product_tag","embeddable":true,"href":"https:\/\/nature-et-developpement.com\/ned-perpignan\/wp-json\/wp\/v2\/product_tag?post=2042"}],"curies":[{"name":"wp","href":"https:\/\/api.w.org\/{rel}","templated":true}]}}