{"id":246,"date":"2025-03-18T10:12:35","date_gmt":"2025-03-18T09:12:35","guid":{"rendered":"https:\/\/nature-et-developpement.com\/ned-perpignan\/produit\/isolant-rigide-avec-rainure-et-languette-steico-therm-dry-rl\/"},"modified":"2026-03-03T21:39:09","modified_gmt":"2026-03-03T20:39:09","slug":"isolant-rigide-avec-rainure-et-languette-steico-therm-dry-rl","status":"publish","type":"product","link":"https:\/\/nature-et-developpement.com\/ned-perpignan\/produit\/isolant-rigide-avec-rainure-et-languette-steico-therm-dry-rl\/","title":{"rendered":"STEICO therm DRY RL &#8211; Isolant rigide avec rainure et languette"},"content":{"rendered":"<h2>Isolant Rigide STEICOtherm Dry RL &#8211; Fibre de Bois pour Isolation Thermique<\/h2>\n<p>L&rsquo;isolant rigide STEICOtherm Dry RL est une solution polyvalente en <strong>fibre de bois<\/strong>, id\u00e9ale pour diverses applications d&rsquo;isolations par l&rsquo;ext\u00e9rieures.<\/p>\n<p>Gr\u00e2ce \u00e0 ses caract\u00e9ristiques uniques, ce <strong>panneau isolant<\/strong> offre une r\u00e9ponse durable aux d\u00e9fis de l&rsquo;isolation thermique tout en respectant l&rsquo;environnement.<\/p>\n<h4><strong>Caract\u00e9ristiques et Avantages<\/strong><\/h4>\n<p><strong><em>Polyvalence d&rsquo;Application<\/em><\/strong><\/p>\n<p>Disponible aussi avec des options de <strong>rainures et languettes<\/strong>, feuillures ou chants droits, ce panneau s&rsquo;adapte \u00e0 une vari\u00e9t\u00e9 de situations pour r\u00e9pondre \u00e0 vos besoins sp\u00e9cifiques.<\/p>\n<p><strong><em>Processus de Fabrication Sec<\/em><\/strong><\/p>\n<p>Fabriqu\u00e9 selon un processus sec, l&rsquo;isolant STEICOtherm Dry RL est <strong>l\u00e9ger<\/strong> et <strong>durable<\/strong>, ces <strong>panneaux isolants rigides<\/strong> assurent une performance optimale sur le long terme.<\/p>\n<p><strong><em>Optimisation du Climat Int\u00e9rieur<\/em><\/strong><\/p>\n<p>Les isolants STEICO garantissent un climat int\u00e9rieur optimal toute l&rsquo;ann\u00e9e en facilitant la diffusion de la vapeur d&rsquo;eau, contribuant ainsi \u00e0 la r\u00e9gulation hygrothermique de l&rsquo;habitat.<\/p>\n<h3><strong>Techniques de Pose<\/strong><\/h3>\n<p><strong><em>Toiture<\/em><\/strong><\/p>\n<p>En toiture, les <strong>panneaux rigides<\/strong> peuvent \u00eatre install\u00e9s directement sur chevrons \u00e0 partir de 60mm d&rsquo;\u00e9paisseur, sous r\u00e9serve de respecter l&rsquo;entraxe maximal entre chevrons. Ce qui vous laisse vos combles accessibles.<\/p>\n<p><em><strong>Fa\u00e7ade<\/strong><\/em><\/p>\n<p>Pour une mise en \u0153uvre sur des murs de fa\u00e7ade. Les panneaux \u00e0 rainure et languette peuvent se pos\u00e9s directement sur un support discontinu. L&rsquo;utilisation d&rsquo;un <strong>pare-pluie<\/strong> est recommand\u00e9e dans la plupart des cas.<\/p>\n<p><strong><em>Sous Chape<\/em><\/strong><\/p>\n<p>L&rsquo;isolant STEICOtherm Dry peut \u00eatre utilis\u00e9 dans des <strong>travaux d&rsquo;isolation<\/strong> sous une chape liquide d&rsquo;une \u00e9paisseur minimale de 5 cm, avec des pr\u00e9cautions sp\u00e9cifiques pour les planchers chauffants.<\/p>\n<h4><strong>Mise en \u0152uvre et Impact Environnemental<\/strong><\/h4>\n<p><strong><em>Prescriptions de Mise en \u0152uvre<\/em><\/strong><\/p>\n<p>Pour assurer la durabilit\u00e9 du produit, il est crucial de ne pas exposer les panneaux aux intemp\u00e9ries. Leur mise en \u0153uvre doit se faire sur un\u00a0<b> <\/b>, avec des pr\u00e9cautions particuli\u00e8res en cas d&rsquo;humidit\u00e9.<\/p>\n<p><strong><em>Hygrom\u00e9trie<\/em><\/strong><\/p>\n<p>Pendant la phase de chantier, des mesures de protection contre l&rsquo;augmentation du taux d&rsquo;hygrom\u00e9trie sont essentielles pour \u00e9viter la formation de moisissures.<\/p>\n<h4><strong>Caract\u00e9ristiques Techniques<\/strong><\/h4>\n<ul>\n<li>Certifi\u00e9 selon la norme NF EN 13171<\/li>\n<li>R\u00e9action au feu E selon EN 13501-1<\/li>\n<li>Conductivit\u00e9 thermique \u03bbD de 0,037 W\/(m*K)<\/li>\n<li>Masse volumique d&rsquo;environ 110 kg\/m\u00b3<\/li>\n<li>R\u00e9sistance \u00e0 la flexion et \u00e0 la compression pour une <strong>durabilit\u00e9 accrue<\/strong><\/li>\n<\/ul>\n<div><\/div>\n","protected":false},"excerpt":{"rendered":"<p>D\u00e9couvrez l&rsquo;isolant rigide STEICOtherm Dry RL en fibre de bois, polyvalent et durable.<br \/>\nParfait pour toitures, fa\u00e7ades, et chapes.<br \/>\nOptez pour une isolation efficace et respectueuse de l&rsquo;environnement.<\/p>\n<p><strong>Certification ACERMI<\/strong><br \/>\n<span style=\"color: #2aa4a9\"><em><strong>\u00c9ligible aux aides gouvernementales<\/strong><\/em><\/span><\/p>\n","protected":false},"featured_media":1000000166141,"template":"","meta":[],"product_brand":[184],"product_cat":[2668,2669,2670],"product_tag":[1866,2666],"class_list":{"0":"post-246","1":"product","2":"type-product","3":"status-publish","4":"has-post-thumbnail","6":"product_brand-steico","7":"product_cat-isolation-exterieure","8":"product_cat-isolation-interieure","9":"product_cat-isolation-phonique","10":"product_tag-fibre-de-bois","11":"product_tag-steico","13":"first","14":"instock","15":"taxable","16":"shipping-taxable","17":"purchasable","18":"product-type-variable"},"yoast_head":"<!-- This site is optimized with the Yoast SEO plugin v27.5 - https:\/\/yoast.com\/product\/yoast-seo-wordpress\/ -->\n<title>STEICO therm DRY RL - Isolant rigide avec rainure et languette - Nature et D\u00e9veloppement Perpignan<\/title>\n<meta name=\"description\" content=\"Panneau isolant thermique et acoustique\u00a0l\u00e9ger et solide en fibre de bois, peut \u00eatre\u00a0utilis\u00e9 directement sur chevrons. Certification ACERMI\" \/>\n<meta name=\"robots\" content=\"noindex, nofollow\" \/>\n<meta property=\"og:locale\" content=\"fr_FR\" \/>\n<meta property=\"og:type\" content=\"article\" \/>\n<meta property=\"og:title\" content=\"STEICO therm DRY RL - Isolant rigide avec rainure et languette - Nature et D\u00e9veloppement Perpignan\" \/>\n<meta property=\"og:description\" content=\"Panneau isolant thermique et acoustique\u00a0l\u00e9ger et solide en fibre de bois, peut \u00eatre\u00a0utilis\u00e9 directement sur chevrons. Certification ACERMI\" \/>\n<meta property=\"og:url\" content=\"https:\/\/nature-et-developpement.com\/ned-perpignan\/produit\/isolant-rigide-avec-rainure-et-languette-steico-therm-dry-rl\/\" \/>\n<meta property=\"og:site_name\" content=\"Nature et D\u00e9veloppement Perpignan\" \/>\n<meta property=\"article:modified_time\" content=\"2026-03-03T20:39:09+00:00\" \/>\n<meta name=\"twitter:card\" content=\"summary_large_image\" \/>\n<meta name=\"twitter:label1\" content=\"Dur\u00e9e de lecture estim\u00e9e\" \/>\n\t<meta name=\"twitter:data1\" content=\"2 minutes\" \/>\n<script type=\"application\/ld+json\" class=\"yoast-schema-graph\">{\"@context\":\"https:\\\/\\\/schema.org\",\"@graph\":[{\"@type\":\"WebPage\",\"@id\":\"https:\\\/\\\/nature-et-developpement.com\\\/ned-perpignan\\\/produit\\\/isolant-rigide-avec-rainure-et-languette-steico-therm-dry-rl\\\/\",\"url\":\"https:\\\/\\\/nature-et-developpement.com\\\/ned-perpignan\\\/produit\\\/isolant-rigide-avec-rainure-et-languette-steico-therm-dry-rl\\\/\",\"name\":\"STEICO therm DRY RL - Isolant rigide avec rainure et languette - Nature et D\u00e9veloppement Perpignan\",\"isPartOf\":{\"@id\":\"https:\\\/\\\/nature-et-developpement.com\\\/ned-perpignan\\\/#website\"},\"primaryImageOfPage\":{\"@id\":\"https:\\\/\\\/nature-et-developpement.com\\\/ned-perpignan\\\/produit\\\/isolant-rigide-avec-rainure-et-languette-steico-therm-dry-rl\\\/#primaryimage\"},\"image\":{\"@id\":\"https:\\\/\\\/nature-et-developpement.com\\\/ned-perpignan\\\/produit\\\/isolant-rigide-avec-rainure-et-languette-steico-therm-dry-rl\\\/#primaryimage\"},\"thumbnailUrl\":\"https:\\\/\\\/nature-et-developpement.com\\\/ned-perpignan\\\/wp-content\\\/uploads\\\/Isolant-rigide-avec-rainure-et-languette-STEICO-therm-DRY-RL.jpg\",\"datePublished\":\"2025-03-18T09:12:35+00:00\",\"dateModified\":\"2026-03-03T20:39:09+00:00\",\"description\":\"Panneau isolant thermique et acoustique\u00a0l\u00e9ger et solide en fibre de bois, peut \u00eatre\u00a0utilis\u00e9 directement sur chevrons. Certification ACERMI\",\"breadcrumb\":{\"@id\":\"https:\\\/\\\/nature-et-developpement.com\\\/ned-perpignan\\\/produit\\\/isolant-rigide-avec-rainure-et-languette-steico-therm-dry-rl\\\/#breadcrumb\"},\"inLanguage\":\"fr-FR\",\"potentialAction\":[{\"@type\":\"ReadAction\",\"target\":[\"https:\\\/\\\/nature-et-developpement.com\\\/ned-perpignan\\\/produit\\\/isolant-rigide-avec-rainure-et-languette-steico-therm-dry-rl\\\/\"]}]},{\"@type\":\"ImageObject\",\"inLanguage\":\"fr-FR\",\"@id\":\"https:\\\/\\\/nature-et-developpement.com\\\/ned-perpignan\\\/produit\\\/isolant-rigide-avec-rainure-et-languette-steico-therm-dry-rl\\\/#primaryimage\",\"url\":\"https:\\\/\\\/nature-et-developpement.com\\\/ned-perpignan\\\/wp-content\\\/uploads\\\/Isolant-rigide-avec-rainure-et-languette-STEICO-therm-DRY-RL.jpg\",\"contentUrl\":\"https:\\\/\\\/nature-et-developpement.com\\\/ned-perpignan\\\/wp-content\\\/uploads\\\/Isolant-rigide-avec-rainure-et-languette-STEICO-therm-DRY-RL.jpg\"},{\"@type\":\"BreadcrumbList\",\"@id\":\"https:\\\/\\\/nature-et-developpement.com\\\/ned-perpignan\\\/produit\\\/isolant-rigide-avec-rainure-et-languette-steico-therm-dry-rl\\\/#breadcrumb\",\"itemListElement\":[{\"@type\":\"ListItem\",\"position\":1,\"name\":\"Accueil\",\"item\":\"https:\\\/\\\/nature-et-developpement.com\\\/ned-perpignan\\\/\"},{\"@type\":\"ListItem\",\"position\":2,\"name\":\"Boutique\",\"item\":\"https:\\\/\\\/nature-et-developpement.com\\\/ned-perpignan\\\/boutique\\\/\"},{\"@type\":\"ListItem\",\"position\":3,\"name\":\"Isolation et \u00e9tanch\u00e9it\u00e9\",\"item\":\"https:\\\/\\\/nature-et-developpement.com\\\/ned-perpignan\\\/produits\\\/isolation-et-etancheite\\\/\"},{\"@type\":\"ListItem\",\"position\":4,\"name\":\"Isolation ext\u00e9rieure\",\"item\":\"https:\\\/\\\/nature-et-developpement.com\\\/ned-perpignan\\\/produits\\\/isolation-et-etancheite\\\/isolation-exterieure\\\/\"},{\"@type\":\"ListItem\",\"position\":5,\"name\":\"STEICO therm DRY RL &#8211; Isolant rigide avec rainure et languette\"}]},{\"@type\":\"WebSite\",\"@id\":\"https:\\\/\\\/nature-et-developpement.com\\\/ned-perpignan\\\/#website\",\"url\":\"https:\\\/\\\/nature-et-developpement.com\\\/ned-perpignan\\\/\",\"name\":\"Nature et D\u00e9veloppement Perpignan\",\"description\":\"Solutions, mat\u00e9riaux et d\u00e9coration \u00e9co-responsables pour les pros et les particuliers.\",\"potentialAction\":[{\"@type\":\"SearchAction\",\"target\":{\"@type\":\"EntryPoint\",\"urlTemplate\":\"https:\\\/\\\/nature-et-developpement.com\\\/ned-perpignan\\\/?s={search_term_string}\"},\"query-input\":{\"@type\":\"PropertyValueSpecification\",\"valueRequired\":true,\"valueName\":\"search_term_string\"}}],\"inLanguage\":\"fr-FR\"}]}<\/script>\n<!-- \/ Yoast SEO plugin. -->","yoast_head_json":{"title":"STEICO therm DRY RL - Isolant rigide avec rainure et languette - Nature et D\u00e9veloppement Perpignan","description":"Panneau isolant thermique et acoustique\u00a0l\u00e9ger et solide en fibre de bois, peut \u00eatre\u00a0utilis\u00e9 directement sur chevrons. Certification ACERMI","robots":{"index":"noindex","follow":"nofollow"},"og_locale":"fr_FR","og_type":"article","og_title":"STEICO therm DRY RL - Isolant rigide avec rainure et languette - Nature et D\u00e9veloppement Perpignan","og_description":"Panneau isolant thermique et acoustique\u00a0l\u00e9ger et solide en fibre de bois, peut \u00eatre\u00a0utilis\u00e9 directement sur chevrons. Certification ACERMI","og_url":"https:\/\/nature-et-developpement.com\/ned-perpignan\/produit\/isolant-rigide-avec-rainure-et-languette-steico-therm-dry-rl\/","og_site_name":"Nature et D\u00e9veloppement Perpignan","article_modified_time":"2026-03-03T20:39:09+00:00","twitter_card":"summary_large_image","twitter_misc":{"Dur\u00e9e de lecture estim\u00e9e":"2 minutes"},"schema":{"@context":"https:\/\/schema.org","@graph":[{"@type":"WebPage","@id":"https:\/\/nature-et-developpement.com\/ned-perpignan\/produit\/isolant-rigide-avec-rainure-et-languette-steico-therm-dry-rl\/","url":"https:\/\/nature-et-developpement.com\/ned-perpignan\/produit\/isolant-rigide-avec-rainure-et-languette-steico-therm-dry-rl\/","name":"STEICO therm DRY RL - Isolant rigide avec rainure et languette - Nature et D\u00e9veloppement Perpignan","isPartOf":{"@id":"https:\/\/nature-et-developpement.com\/ned-perpignan\/#website"},"primaryImageOfPage":{"@id":"https:\/\/nature-et-developpement.com\/ned-perpignan\/produit\/isolant-rigide-avec-rainure-et-languette-steico-therm-dry-rl\/#primaryimage"},"image":{"@id":"https:\/\/nature-et-developpement.com\/ned-perpignan\/produit\/isolant-rigide-avec-rainure-et-languette-steico-therm-dry-rl\/#primaryimage"},"thumbnailUrl":"https:\/\/nature-et-developpement.com\/ned-perpignan\/wp-content\/uploads\/Isolant-rigide-avec-rainure-et-languette-STEICO-therm-DRY-RL.jpg","datePublished":"2025-03-18T09:12:35+00:00","dateModified":"2026-03-03T20:39:09+00:00","description":"Panneau isolant thermique et acoustique\u00a0l\u00e9ger et solide en fibre de bois, peut \u00eatre\u00a0utilis\u00e9 directement sur chevrons. Certification ACERMI","breadcrumb":{"@id":"https:\/\/nature-et-developpement.com\/ned-perpignan\/produit\/isolant-rigide-avec-rainure-et-languette-steico-therm-dry-rl\/#breadcrumb"},"inLanguage":"fr-FR","potentialAction":[{"@type":"ReadAction","target":["https:\/\/nature-et-developpement.com\/ned-perpignan\/produit\/isolant-rigide-avec-rainure-et-languette-steico-therm-dry-rl\/"]}]},{"@type":"ImageObject","inLanguage":"fr-FR","@id":"https:\/\/nature-et-developpement.com\/ned-perpignan\/produit\/isolant-rigide-avec-rainure-et-languette-steico-therm-dry-rl\/#primaryimage","url":"https:\/\/nature-et-developpement.com\/ned-perpignan\/wp-content\/uploads\/Isolant-rigide-avec-rainure-et-languette-STEICO-therm-DRY-RL.jpg","contentUrl":"https:\/\/nature-et-developpement.com\/ned-perpignan\/wp-content\/uploads\/Isolant-rigide-avec-rainure-et-languette-STEICO-therm-DRY-RL.jpg"},{"@type":"BreadcrumbList","@id":"https:\/\/nature-et-developpement.com\/ned-perpignan\/produit\/isolant-rigide-avec-rainure-et-languette-steico-therm-dry-rl\/#breadcrumb","itemListElement":[{"@type":"ListItem","position":1,"name":"Accueil","item":"https:\/\/nature-et-developpement.com\/ned-perpignan\/"},{"@type":"ListItem","position":2,"name":"Boutique","item":"https:\/\/nature-et-developpement.com\/ned-perpignan\/boutique\/"},{"@type":"ListItem","position":3,"name":"Isolation et \u00e9tanch\u00e9it\u00e9","item":"https:\/\/nature-et-developpement.com\/ned-perpignan\/produits\/isolation-et-etancheite\/"},{"@type":"ListItem","position":4,"name":"Isolation ext\u00e9rieure","item":"https:\/\/nature-et-developpement.com\/ned-perpignan\/produits\/isolation-et-etancheite\/isolation-exterieure\/"},{"@type":"ListItem","position":5,"name":"STEICO therm DRY RL &#8211; Isolant rigide avec rainure et languette"}]},{"@type":"WebSite","@id":"https:\/\/nature-et-developpement.com\/ned-perpignan\/#website","url":"https:\/\/nature-et-developpement.com\/ned-perpignan\/","name":"Nature et D\u00e9veloppement Perpignan","description":"Solutions, mat\u00e9riaux et d\u00e9coration \u00e9co-responsables pour les pros et les particuliers.","potentialAction":[{"@type":"SearchAction","target":{"@type":"EntryPoint","urlTemplate":"https:\/\/nature-et-developpement.com\/ned-perpignan\/?s={search_term_string}"},"query-input":{"@type":"PropertyValueSpecification","valueRequired":true,"valueName":"search_term_string"}}],"inLanguage":"fr-FR"}]}},"distributor_meta":false,"distributor_terms":false,"distributor_media":false,"distributor_original_site_name":"Nature et D\u00e9veloppement Perpignan","distributor_original_site_url":"https:\/\/nature-et-developpement.com\/ned-perpignan","push-errors":false,"_links":{"self":[{"href":"https:\/\/nature-et-developpement.com\/ned-perpignan\/wp-json\/wp\/v2\/product\/246","targetHints":{"allow":["GET"]}}],"collection":[{"href":"https:\/\/nature-et-developpement.com\/ned-perpignan\/wp-json\/wp\/v2\/product"}],"about":[{"href":"https:\/\/nature-et-developpement.com\/ned-perpignan\/wp-json\/wp\/v2\/types\/product"}],"wp:featuredmedia":[{"embeddable":true,"href":"https:\/\/nature-et-developpement.com\/ned-perpignan\/wp-json\/"}],"wp:attachment":[{"href":"https:\/\/nature-et-developpement.com\/ned-perpignan\/wp-json\/wp\/v2\/media?parent=246"}],"wp:term":[{"taxonomy":"product_brand","embeddable":true,"href":"https:\/\/nature-et-developpement.com\/ned-perpignan\/wp-json\/wp\/v2\/product_brand?post=246"},{"taxonomy":"product_cat","embeddable":true,"href":"https:\/\/nature-et-developpement.com\/ned-perpignan\/wp-json\/wp\/v2\/product_cat?post=246"},{"taxonomy":"product_tag","embeddable":true,"href":"https:\/\/nature-et-developpement.com\/ned-perpignan\/wp-json\/wp\/v2\/product_tag?post=246"}],"curies":[{"name":"wp","href":"https:\/\/api.w.org\/{rel}","templated":true}]}}