{"id":267,"date":"2025-03-18T10:12:35","date_gmt":"2025-03-18T09:12:35","guid":{"rendered":"https:\/\/nature-et-developpement.com\/ned-perpignan\/produit\/isolant-parquet-steico-floor\/"},"modified":"2026-03-03T21:47:01","modified_gmt":"2026-03-03T20:47:01","slug":"isolant-parquet-steico-floor","status":"publish","type":"product","link":"https:\/\/nature-et-developpement.com\/ned-perpignan\/produit\/isolant-parquet-steico-floor\/","title":{"rendered":"STEICO floor &#8211; Isolant fibre de bois pour parquet"},"content":{"rendered":"<p>Le syst\u00e8me Steico-Floor est compos\u00e9 d&rsquo;un isolant rigide \u00e0 forte densit\u00e9 en laine de bois qui s&#8217;embo\u00eete, par rainure et languette, \u00e0 des lambourdes en bois permettant le clouage ou le vissage direct du parquet.<\/p>\n<p>Les lambourdes plus fine que l&rsquo;isolant, ne touchent pas le sol et \u00e9vite ainsi de transmettre les bruits d&rsquo;impact dans les planchers ou les solives.<\/p>\n<p>Facile \u00e0 poser, c&rsquo;est un syst\u00e8me id\u00e9al pour lutter contre le bruit lors d&rsquo;une pose d&rsquo;un parquet massif, tout en garantissant aussi une isolation thermique performante.<\/p>\n<p>Cette technique de pose \u00e0 sec permet utilisation presque imm\u00e9diate de la pi\u00e8ce r\u00e9nov\u00e9e.<\/p>\n<p>Les lambourdes sont vendues s\u00e9par\u00e9ment.<\/p>\n<p>Pour le calcul des <strong>lambourdes<\/strong>: m\u00b2 X 1,3 =<strong> nombre de lambourde n\u00e9cessaire<\/strong>.<\/p>\n","protected":false},"excerpt":{"rendered":"<p>Panneaux isolants pour planchers optimis\u00e9s pour la pose de parquets massifs.<\/p>\n<p>Isolation phonique et thermique.<\/p>\n","protected":false},"featured_media":1000000166586,"template":"","meta":[],"product_brand":[184],"product_cat":[2670,98,102],"product_tag":[1866],"class_list":{"0":"post-267","1":"product","2":"type-product","3":"status-publish","4":"has-post-thumbnail","6":"product_brand-steico","7":"product_cat-isolation-phonique","8":"product_cat-parquet-et-sol-naturels","9":"product_cat-sous-couche-parquet","10":"product_tag-fibre-de-bois","12":"first","13":"instock","14":"taxable","15":"shipping-taxable","16":"purchasable","17":"product-type-variable"},"yoast_head":"<!-- This site is optimized with the Yoast SEO plugin v27.5 - https:\/\/yoast.com\/product\/yoast-seo-wordpress\/ -->\n<title>STEICO floor - Isolant fibre de bois pour parquet - Nature et D\u00e9veloppement Perpignan<\/title>\n<meta name=\"robots\" content=\"noindex, nofollow\" \/>\n<meta property=\"og:locale\" content=\"fr_FR\" \/>\n<meta property=\"og:type\" content=\"article\" \/>\n<meta property=\"og:title\" content=\"STEICO floor - Isolant fibre de bois pour parquet - Nature et D\u00e9veloppement Perpignan\" \/>\n<meta property=\"og:description\" content=\"Panneaux isolants pour planchers optimis\u00e9s pour la pose de parquets massifs.  Isolation phonique et thermique.\" \/>\n<meta property=\"og:url\" content=\"https:\/\/nature-et-developpement.com\/ned-perpignan\/produit\/isolant-parquet-steico-floor\/\" \/>\n<meta property=\"og:site_name\" content=\"Nature et D\u00e9veloppement Perpignan\" \/>\n<meta property=\"article:modified_time\" content=\"2026-03-03T20:47:01+00:00\" \/>\n<meta name=\"twitter:card\" content=\"summary_large_image\" \/>\n<meta name=\"twitter:label1\" content=\"Dur\u00e9e de lecture estim\u00e9e\" \/>\n\t<meta name=\"twitter:data1\" content=\"1 minute\" \/>\n<script type=\"application\/ld+json\" class=\"yoast-schema-graph\">{\"@context\":\"https:\\\/\\\/schema.org\",\"@graph\":[{\"@type\":\"WebPage\",\"@id\":\"https:\\\/\\\/nature-et-developpement.com\\\/ned-perpignan\\\/produit\\\/isolant-parquet-steico-floor\\\/\",\"url\":\"https:\\\/\\\/nature-et-developpement.com\\\/ned-perpignan\\\/produit\\\/isolant-parquet-steico-floor\\\/\",\"name\":\"STEICO floor - Isolant fibre de bois pour parquet - Nature et D\u00e9veloppement Perpignan\",\"isPartOf\":{\"@id\":\"https:\\\/\\\/nature-et-developpement.com\\\/ned-perpignan\\\/#website\"},\"primaryImageOfPage\":{\"@id\":\"https:\\\/\\\/nature-et-developpement.com\\\/ned-perpignan\\\/produit\\\/isolant-parquet-steico-floor\\\/#primaryimage\"},\"image\":{\"@id\":\"https:\\\/\\\/nature-et-developpement.com\\\/ned-perpignan\\\/produit\\\/isolant-parquet-steico-floor\\\/#primaryimage\"},\"thumbnailUrl\":\"https:\\\/\\\/nature-et-developpement.com\\\/ned-perpignan\\\/wp-content\\\/uploads\\\/Isolant-fibre-de-bois-pour-parquet-STEICO-floor.jpg\",\"datePublished\":\"2025-03-18T09:12:35+00:00\",\"dateModified\":\"2026-03-03T20:47:01+00:00\",\"breadcrumb\":{\"@id\":\"https:\\\/\\\/nature-et-developpement.com\\\/ned-perpignan\\\/produit\\\/isolant-parquet-steico-floor\\\/#breadcrumb\"},\"inLanguage\":\"fr-FR\",\"potentialAction\":[{\"@type\":\"ReadAction\",\"target\":[\"https:\\\/\\\/nature-et-developpement.com\\\/ned-perpignan\\\/produit\\\/isolant-parquet-steico-floor\\\/\"]}]},{\"@type\":\"ImageObject\",\"inLanguage\":\"fr-FR\",\"@id\":\"https:\\\/\\\/nature-et-developpement.com\\\/ned-perpignan\\\/produit\\\/isolant-parquet-steico-floor\\\/#primaryimage\",\"url\":\"https:\\\/\\\/nature-et-developpement.com\\\/ned-perpignan\\\/wp-content\\\/uploads\\\/Isolant-fibre-de-bois-pour-parquet-STEICO-floor.jpg\",\"contentUrl\":\"https:\\\/\\\/nature-et-developpement.com\\\/ned-perpignan\\\/wp-content\\\/uploads\\\/Isolant-fibre-de-bois-pour-parquet-STEICO-floor.jpg\"},{\"@type\":\"BreadcrumbList\",\"@id\":\"https:\\\/\\\/nature-et-developpement.com\\\/ned-perpignan\\\/produit\\\/isolant-parquet-steico-floor\\\/#breadcrumb\",\"itemListElement\":[{\"@type\":\"ListItem\",\"position\":1,\"name\":\"Accueil\",\"item\":\"https:\\\/\\\/nature-et-developpement.com\\\/ned-perpignan\\\/\"},{\"@type\":\"ListItem\",\"position\":2,\"name\":\"Boutique\",\"item\":\"https:\\\/\\\/nature-et-developpement.com\\\/ned-perpignan\\\/boutique\\\/\"},{\"@type\":\"ListItem\",\"position\":3,\"name\":\"Isolation et \u00e9tanch\u00e9it\u00e9\",\"item\":\"https:\\\/\\\/nature-et-developpement.com\\\/ned-perpignan\\\/produits\\\/isolation-et-etancheite\\\/\"},{\"@type\":\"ListItem\",\"position\":4,\"name\":\"Isolation phonique\",\"item\":\"https:\\\/\\\/nature-et-developpement.com\\\/ned-perpignan\\\/produits\\\/isolation-et-etancheite\\\/isolation-phonique\\\/\"},{\"@type\":\"ListItem\",\"position\":5,\"name\":\"STEICO floor &#8211; Isolant fibre de bois pour parquet\"}]},{\"@type\":\"WebSite\",\"@id\":\"https:\\\/\\\/nature-et-developpement.com\\\/ned-perpignan\\\/#website\",\"url\":\"https:\\\/\\\/nature-et-developpement.com\\\/ned-perpignan\\\/\",\"name\":\"Nature et D\u00e9veloppement Perpignan\",\"description\":\"Solutions, mat\u00e9riaux et d\u00e9coration \u00e9co-responsables pour les pros et les particuliers.\",\"potentialAction\":[{\"@type\":\"SearchAction\",\"target\":{\"@type\":\"EntryPoint\",\"urlTemplate\":\"https:\\\/\\\/nature-et-developpement.com\\\/ned-perpignan\\\/?s={search_term_string}\"},\"query-input\":{\"@type\":\"PropertyValueSpecification\",\"valueRequired\":true,\"valueName\":\"search_term_string\"}}],\"inLanguage\":\"fr-FR\"}]}<\/script>\n<!-- \/ Yoast SEO plugin. -->","yoast_head_json":{"title":"STEICO floor - Isolant fibre de bois pour parquet - Nature et D\u00e9veloppement Perpignan","robots":{"index":"noindex","follow":"nofollow"},"og_locale":"fr_FR","og_type":"article","og_title":"STEICO floor - Isolant fibre de bois pour parquet - Nature et D\u00e9veloppement Perpignan","og_description":"Panneaux isolants pour planchers optimis\u00e9s pour la pose de parquets massifs.  Isolation phonique et thermique.","og_url":"https:\/\/nature-et-developpement.com\/ned-perpignan\/produit\/isolant-parquet-steico-floor\/","og_site_name":"Nature et D\u00e9veloppement Perpignan","article_modified_time":"2026-03-03T20:47:01+00:00","twitter_card":"summary_large_image","twitter_misc":{"Dur\u00e9e de lecture estim\u00e9e":"1 minute"},"schema":{"@context":"https:\/\/schema.org","@graph":[{"@type":"WebPage","@id":"https:\/\/nature-et-developpement.com\/ned-perpignan\/produit\/isolant-parquet-steico-floor\/","url":"https:\/\/nature-et-developpement.com\/ned-perpignan\/produit\/isolant-parquet-steico-floor\/","name":"STEICO floor - Isolant fibre de bois pour parquet - Nature et D\u00e9veloppement Perpignan","isPartOf":{"@id":"https:\/\/nature-et-developpement.com\/ned-perpignan\/#website"},"primaryImageOfPage":{"@id":"https:\/\/nature-et-developpement.com\/ned-perpignan\/produit\/isolant-parquet-steico-floor\/#primaryimage"},"image":{"@id":"https:\/\/nature-et-developpement.com\/ned-perpignan\/produit\/isolant-parquet-steico-floor\/#primaryimage"},"thumbnailUrl":"https:\/\/nature-et-developpement.com\/ned-perpignan\/wp-content\/uploads\/Isolant-fibre-de-bois-pour-parquet-STEICO-floor.jpg","datePublished":"2025-03-18T09:12:35+00:00","dateModified":"2026-03-03T20:47:01+00:00","breadcrumb":{"@id":"https:\/\/nature-et-developpement.com\/ned-perpignan\/produit\/isolant-parquet-steico-floor\/#breadcrumb"},"inLanguage":"fr-FR","potentialAction":[{"@type":"ReadAction","target":["https:\/\/nature-et-developpement.com\/ned-perpignan\/produit\/isolant-parquet-steico-floor\/"]}]},{"@type":"ImageObject","inLanguage":"fr-FR","@id":"https:\/\/nature-et-developpement.com\/ned-perpignan\/produit\/isolant-parquet-steico-floor\/#primaryimage","url":"https:\/\/nature-et-developpement.com\/ned-perpignan\/wp-content\/uploads\/Isolant-fibre-de-bois-pour-parquet-STEICO-floor.jpg","contentUrl":"https:\/\/nature-et-developpement.com\/ned-perpignan\/wp-content\/uploads\/Isolant-fibre-de-bois-pour-parquet-STEICO-floor.jpg"},{"@type":"BreadcrumbList","@id":"https:\/\/nature-et-developpement.com\/ned-perpignan\/produit\/isolant-parquet-steico-floor\/#breadcrumb","itemListElement":[{"@type":"ListItem","position":1,"name":"Accueil","item":"https:\/\/nature-et-developpement.com\/ned-perpignan\/"},{"@type":"ListItem","position":2,"name":"Boutique","item":"https:\/\/nature-et-developpement.com\/ned-perpignan\/boutique\/"},{"@type":"ListItem","position":3,"name":"Isolation et \u00e9tanch\u00e9it\u00e9","item":"https:\/\/nature-et-developpement.com\/ned-perpignan\/produits\/isolation-et-etancheite\/"},{"@type":"ListItem","position":4,"name":"Isolation phonique","item":"https:\/\/nature-et-developpement.com\/ned-perpignan\/produits\/isolation-et-etancheite\/isolation-phonique\/"},{"@type":"ListItem","position":5,"name":"STEICO floor &#8211; Isolant fibre de bois pour parquet"}]},{"@type":"WebSite","@id":"https:\/\/nature-et-developpement.com\/ned-perpignan\/#website","url":"https:\/\/nature-et-developpement.com\/ned-perpignan\/","name":"Nature et D\u00e9veloppement Perpignan","description":"Solutions, mat\u00e9riaux et d\u00e9coration \u00e9co-responsables pour les pros et les particuliers.","potentialAction":[{"@type":"SearchAction","target":{"@type":"EntryPoint","urlTemplate":"https:\/\/nature-et-developpement.com\/ned-perpignan\/?s={search_term_string}"},"query-input":{"@type":"PropertyValueSpecification","valueRequired":true,"valueName":"search_term_string"}}],"inLanguage":"fr-FR"}]}},"distributor_meta":false,"distributor_terms":false,"distributor_media":false,"distributor_original_site_name":"Nature et D\u00e9veloppement Perpignan","distributor_original_site_url":"https:\/\/nature-et-developpement.com\/ned-perpignan","push-errors":false,"_links":{"self":[{"href":"https:\/\/nature-et-developpement.com\/ned-perpignan\/wp-json\/wp\/v2\/product\/267","targetHints":{"allow":["GET"]}}],"collection":[{"href":"https:\/\/nature-et-developpement.com\/ned-perpignan\/wp-json\/wp\/v2\/product"}],"about":[{"href":"https:\/\/nature-et-developpement.com\/ned-perpignan\/wp-json\/wp\/v2\/types\/product"}],"wp:featuredmedia":[{"embeddable":true,"href":"https:\/\/nature-et-developpement.com\/ned-perpignan\/wp-json\/"}],"wp:attachment":[{"href":"https:\/\/nature-et-developpement.com\/ned-perpignan\/wp-json\/wp\/v2\/media?parent=267"}],"wp:term":[{"taxonomy":"product_brand","embeddable":true,"href":"https:\/\/nature-et-developpement.com\/ned-perpignan\/wp-json\/wp\/v2\/product_brand?post=267"},{"taxonomy":"product_cat","embeddable":true,"href":"https:\/\/nature-et-developpement.com\/ned-perpignan\/wp-json\/wp\/v2\/product_cat?post=267"},{"taxonomy":"product_tag","embeddable":true,"href":"https:\/\/nature-et-developpement.com\/ned-perpignan\/wp-json\/wp\/v2\/product_tag?post=267"}],"curies":[{"name":"wp","href":"https:\/\/api.w.org\/{rel}","templated":true}]}}