{"id":3131,"date":"2025-01-20T00:00:00","date_gmt":"2025-01-19T23:00:00","guid":{"rendered":"https:\/\/nature-et-developpement.com\/ned-perpignan\/produit\/lambris-en-relief-3d-nova-sp-300-meister\/"},"modified":"2025-06-17T14:57:01","modified_gmt":"2025-06-17T12:57:01","slug":"lambris-en-relief-3d-nova-sp-300-meister","status":"publish","type":"product","link":"https:\/\/nature-et-developpement.com\/ned-perpignan\/produit\/lambris-en-relief-3d-nova-sp-300-meister\/","title":{"rendered":"Lambris en relief 3D Nova SP 300 Meister"},"content":{"rendered":"<h2><strong>Lambris en relief 3D Nova SP 300 Meister : D\u00e9coration murale moderne et facile \u00e0 poser<\/strong><\/h2>\n<p><strong>Lambris en relief 3D Nova SP 300 Meister<\/strong><br \/>\nD\u00e9corez vos murs avec style et modernit\u00e9 avec le lambris en relief 3D Nova SP 300 Meister !<\/p>\n<p>Ce lambris est disponible en plusieurs d\u00e9cors, du bois au b\u00e9ton en passant par le m\u00e9tal.<\/p>\n<p>Vous trouverez forc\u00e9ment le d\u00e9cor qui correspond \u00e0 votre style.<\/p>\n<p>Le lambris Nova SP 300 est facile \u00e0 poser.<\/p>\n<p>Il suffit d&rsquo;utiliser des pinces de fixation pour le fixer au mur.<\/p>\n<p>Le lambris Nova SP 300 est \u00e9galement compatible en milieu humide.<\/p>\n<p>Il peut donc \u00eatre utilis\u00e9 dans la <strong>salle de bain<\/strong> ou la <strong>cuisine.<\/strong><\/p>\n<h3><strong>Caract\u00e9ristiques techniques<\/strong><\/h3>\n<ul>\n<li>D\u00e9cors : bois, b\u00e9ton, m\u00e9tal<\/li>\n<li>Pose : pinces de fixation<\/li>\n<li>Compatible en milieu humide<\/li>\n<li>Dimensions utiles : 840 x 300 mm<\/li>\n<li>\u00c9paisseur totale : 15 mm<img loading=\"lazy\" decoding=\"async\" class=\"aligncenter wp-image-173444 size-full\" src=\"https:\/\/nature-et-developpement.com\/wp-content\/uploads\/Caracteristiques_du_MeisterPanels_nova_SP_300.png\" alt=\"\" width=\"606\" height=\"200\" \/><\/li>\n<\/ul>\n<p><strong>Impact sur l&rsquo;environnement<\/strong><\/p>\n<p>Le lambris Nova SP 300 est fabriqu\u00e9 \u00e0 partir de mat\u00e9riaux durables.<\/p>\n<p>Il est \u00e9galement <strong>recyclable<\/strong>.<\/p>\n<p>Le lambris en relief 3D Nova SP 300 Meister est une solution de <strong>d\u00e9coration murale<\/strong> moderne et facile \u00e0 poser.<\/p>\n<p>Il est disponible en plusieurs d\u00e9cors et est compatible en milieu humide.<\/p>\n","protected":false},"excerpt":{"rendered":"<p>Donnez du style \u00e0 vos murs avec le lambris en relief 3D Nova SP 300 Meister !<br \/>\nDisponible en plusieurs d\u00e9cors, il est facile \u00e0 poser et peut \u00eatre utilis\u00e9 dans une cuisine ou une salle de bain.<\/p>\n","protected":false},"featured_media":1000000158701,"template":"","meta":[],"product_brand":[167],"product_cat":[91,2381],"product_tag":[1843],"class_list":{"0":"post-3131","1":"product","2":"type-product","3":"status-publish","4":"has-post-thumbnail","6":"product_brand-meister","7":"product_cat-revetement-muraux","8":"product_cat-revetements-muraux","9":"product_tag-decoration-interieure","10":"product_shipping_class-transport-parquet-lambris-meister-amorim","12":"first","13":"instock","14":"taxable","15":"shipping-taxable","16":"purchasable","17":"product-type-variable"},"yoast_head":"<!-- This site is optimized with the Yoast SEO plugin v27.5 - https:\/\/yoast.com\/product\/yoast-seo-wordpress\/ -->\n<title>Lambris en relief 3D Nova SP 300 Meister - Nature et D\u00e9veloppement Perpignan<\/title>\n<meta name=\"description\" content=\"Donnez du style \u00e0 vos murs avec le lambris en relief 3D Nova SP 300 Meister. Facile \u00e0 poser et peut \u00eatre utilis\u00e9 dans une cuisine ou une salle de bain.\" \/>\n<meta name=\"robots\" content=\"noindex, follow\" \/>\n<meta property=\"og:locale\" content=\"fr_FR\" \/>\n<meta property=\"og:type\" content=\"article\" \/>\n<meta property=\"og:title\" content=\"Lambris en relief 3D Nova SP 300 Meister - Nature et D\u00e9veloppement Perpignan\" \/>\n<meta property=\"og:description\" content=\"Donnez du style \u00e0 vos murs avec le lambris en relief 3D Nova SP 300 Meister. Facile \u00e0 poser et peut \u00eatre utilis\u00e9 dans une cuisine ou une salle de bain.\" \/>\n<meta property=\"og:url\" content=\"https:\/\/nature-et-developpement.com\/ned-perpignan\/produit\/lambris-en-relief-3d-nova-sp-300-meister\/\" \/>\n<meta property=\"og:site_name\" content=\"Nature et D\u00e9veloppement Perpignan\" \/>\n<meta property=\"article:modified_time\" content=\"2025-06-17T12:57:01+00:00\" \/>\n<meta name=\"twitter:card\" content=\"summary_large_image\" \/>\n<meta name=\"twitter:label1\" content=\"Dur\u00e9e de lecture estim\u00e9e\" \/>\n\t<meta name=\"twitter:data1\" content=\"1 minute\" \/>\n<script type=\"application\/ld+json\" class=\"yoast-schema-graph\">{\"@context\":\"https:\\\/\\\/schema.org\",\"@graph\":[{\"@type\":\"WebPage\",\"@id\":\"https:\\\/\\\/nature-et-developpement.com\\\/ned-perpignan\\\/produit\\\/lambris-en-relief-3d-nova-sp-300-meister\\\/\",\"url\":\"https:\\\/\\\/nature-et-developpement.com\\\/ned-perpignan\\\/produit\\\/lambris-en-relief-3d-nova-sp-300-meister\\\/\",\"name\":\"Lambris en relief 3D Nova SP 300 Meister - Nature et D\u00e9veloppement Perpignan\",\"isPartOf\":{\"@id\":\"https:\\\/\\\/nature-et-developpement.com\\\/ned-perpignan\\\/#website\"},\"primaryImageOfPage\":{\"@id\":\"https:\\\/\\\/nature-et-developpement.com\\\/ned-perpignan\\\/produit\\\/lambris-en-relief-3d-nova-sp-300-meister\\\/#primaryimage\"},\"image\":{\"@id\":\"https:\\\/\\\/nature-et-developpement.com\\\/ned-perpignan\\\/produit\\\/lambris-en-relief-3d-nova-sp-300-meister\\\/#primaryimage\"},\"thumbnailUrl\":\"https:\\\/\\\/nature-et-developpement.com\\\/ned-perpignan\\\/wp-content\\\/uploads\\\/4046-Lambris-Nova-SP300-ambiance.jpg\",\"datePublished\":\"2025-01-19T23:00:00+00:00\",\"dateModified\":\"2025-06-17T12:57:01+00:00\",\"description\":\"Donnez du style \u00e0 vos murs avec le lambris en relief 3D Nova SP 300 Meister. Facile \u00e0 poser et peut \u00eatre utilis\u00e9 dans une cuisine ou une salle de bain.\",\"breadcrumb\":{\"@id\":\"https:\\\/\\\/nature-et-developpement.com\\\/ned-perpignan\\\/produit\\\/lambris-en-relief-3d-nova-sp-300-meister\\\/#breadcrumb\"},\"inLanguage\":\"fr-FR\",\"potentialAction\":[{\"@type\":\"ReadAction\",\"target\":[\"https:\\\/\\\/nature-et-developpement.com\\\/ned-perpignan\\\/produit\\\/lambris-en-relief-3d-nova-sp-300-meister\\\/\"]}]},{\"@type\":\"ImageObject\",\"inLanguage\":\"fr-FR\",\"@id\":\"https:\\\/\\\/nature-et-developpement.com\\\/ned-perpignan\\\/produit\\\/lambris-en-relief-3d-nova-sp-300-meister\\\/#primaryimage\",\"url\":\"https:\\\/\\\/nature-et-developpement.com\\\/ned-perpignan\\\/wp-content\\\/uploads\\\/4046-Lambris-Nova-SP300-ambiance.jpg\",\"contentUrl\":\"https:\\\/\\\/nature-et-developpement.com\\\/ned-perpignan\\\/wp-content\\\/uploads\\\/4046-Lambris-Nova-SP300-ambiance.jpg\"},{\"@type\":\"BreadcrumbList\",\"@id\":\"https:\\\/\\\/nature-et-developpement.com\\\/ned-perpignan\\\/produit\\\/lambris-en-relief-3d-nova-sp-300-meister\\\/#breadcrumb\",\"itemListElement\":[{\"@type\":\"ListItem\",\"position\":1,\"name\":\"Accueil\",\"item\":\"https:\\\/\\\/nature-et-developpement.com\\\/ned-perpignan\\\/\"},{\"@type\":\"ListItem\",\"position\":2,\"name\":\"Boutique\",\"item\":\"https:\\\/\\\/nature-et-developpement.com\\\/ned-perpignan\\\/boutique\\\/\"},{\"@type\":\"ListItem\",\"position\":3,\"name\":\"Agencement int\u00e9rieur\",\"item\":\"https:\\\/\\\/nature-et-developpement.com\\\/ned-perpignan\\\/produits\\\/agencement-interieur\\\/\"},{\"@type\":\"ListItem\",\"position\":4,\"name\":\"Rev\u00eatements muraux\",\"item\":\"https:\\\/\\\/nature-et-developpement.com\\\/ned-perpignan\\\/produits\\\/agencement-interieur\\\/revetement-muraux\\\/\"},{\"@type\":\"ListItem\",\"position\":5,\"name\":\"Lambris en relief 3D Nova SP 300 Meister\"}]},{\"@type\":\"WebSite\",\"@id\":\"https:\\\/\\\/nature-et-developpement.com\\\/ned-perpignan\\\/#website\",\"url\":\"https:\\\/\\\/nature-et-developpement.com\\\/ned-perpignan\\\/\",\"name\":\"Nature et D\u00e9veloppement Perpignan\",\"description\":\"Solutions, mat\u00e9riaux et d\u00e9coration \u00e9co-responsables pour les pros et les particuliers.\",\"potentialAction\":[{\"@type\":\"SearchAction\",\"target\":{\"@type\":\"EntryPoint\",\"urlTemplate\":\"https:\\\/\\\/nature-et-developpement.com\\\/ned-perpignan\\\/?s={search_term_string}\"},\"query-input\":{\"@type\":\"PropertyValueSpecification\",\"valueRequired\":true,\"valueName\":\"search_term_string\"}}],\"inLanguage\":\"fr-FR\"}]}<\/script>\n<!-- \/ Yoast SEO plugin. -->","yoast_head_json":{"title":"Lambris en relief 3D Nova SP 300 Meister - Nature et D\u00e9veloppement Perpignan","description":"Donnez du style \u00e0 vos murs avec le lambris en relief 3D Nova SP 300 Meister. Facile \u00e0 poser et peut \u00eatre utilis\u00e9 dans une cuisine ou une salle de bain.","robots":{"index":"noindex","follow":"follow"},"og_locale":"fr_FR","og_type":"article","og_title":"Lambris en relief 3D Nova SP 300 Meister - Nature et D\u00e9veloppement Perpignan","og_description":"Donnez du style \u00e0 vos murs avec le lambris en relief 3D Nova SP 300 Meister. Facile \u00e0 poser et peut \u00eatre utilis\u00e9 dans une cuisine ou une salle de bain.","og_url":"https:\/\/nature-et-developpement.com\/ned-perpignan\/produit\/lambris-en-relief-3d-nova-sp-300-meister\/","og_site_name":"Nature et D\u00e9veloppement Perpignan","article_modified_time":"2025-06-17T12:57:01+00:00","twitter_card":"summary_large_image","twitter_misc":{"Dur\u00e9e de lecture estim\u00e9e":"1 minute"},"schema":{"@context":"https:\/\/schema.org","@graph":[{"@type":"WebPage","@id":"https:\/\/nature-et-developpement.com\/ned-perpignan\/produit\/lambris-en-relief-3d-nova-sp-300-meister\/","url":"https:\/\/nature-et-developpement.com\/ned-perpignan\/produit\/lambris-en-relief-3d-nova-sp-300-meister\/","name":"Lambris en relief 3D Nova SP 300 Meister - Nature et D\u00e9veloppement Perpignan","isPartOf":{"@id":"https:\/\/nature-et-developpement.com\/ned-perpignan\/#website"},"primaryImageOfPage":{"@id":"https:\/\/nature-et-developpement.com\/ned-perpignan\/produit\/lambris-en-relief-3d-nova-sp-300-meister\/#primaryimage"},"image":{"@id":"https:\/\/nature-et-developpement.com\/ned-perpignan\/produit\/lambris-en-relief-3d-nova-sp-300-meister\/#primaryimage"},"thumbnailUrl":"https:\/\/nature-et-developpement.com\/ned-perpignan\/wp-content\/uploads\/4046-Lambris-Nova-SP300-ambiance.jpg","datePublished":"2025-01-19T23:00:00+00:00","dateModified":"2025-06-17T12:57:01+00:00","description":"Donnez du style \u00e0 vos murs avec le lambris en relief 3D Nova SP 300 Meister. Facile \u00e0 poser et peut \u00eatre utilis\u00e9 dans une cuisine ou une salle de bain.","breadcrumb":{"@id":"https:\/\/nature-et-developpement.com\/ned-perpignan\/produit\/lambris-en-relief-3d-nova-sp-300-meister\/#breadcrumb"},"inLanguage":"fr-FR","potentialAction":[{"@type":"ReadAction","target":["https:\/\/nature-et-developpement.com\/ned-perpignan\/produit\/lambris-en-relief-3d-nova-sp-300-meister\/"]}]},{"@type":"ImageObject","inLanguage":"fr-FR","@id":"https:\/\/nature-et-developpement.com\/ned-perpignan\/produit\/lambris-en-relief-3d-nova-sp-300-meister\/#primaryimage","url":"https:\/\/nature-et-developpement.com\/ned-perpignan\/wp-content\/uploads\/4046-Lambris-Nova-SP300-ambiance.jpg","contentUrl":"https:\/\/nature-et-developpement.com\/ned-perpignan\/wp-content\/uploads\/4046-Lambris-Nova-SP300-ambiance.jpg"},{"@type":"BreadcrumbList","@id":"https:\/\/nature-et-developpement.com\/ned-perpignan\/produit\/lambris-en-relief-3d-nova-sp-300-meister\/#breadcrumb","itemListElement":[{"@type":"ListItem","position":1,"name":"Accueil","item":"https:\/\/nature-et-developpement.com\/ned-perpignan\/"},{"@type":"ListItem","position":2,"name":"Boutique","item":"https:\/\/nature-et-developpement.com\/ned-perpignan\/boutique\/"},{"@type":"ListItem","position":3,"name":"Agencement int\u00e9rieur","item":"https:\/\/nature-et-developpement.com\/ned-perpignan\/produits\/agencement-interieur\/"},{"@type":"ListItem","position":4,"name":"Rev\u00eatements muraux","item":"https:\/\/nature-et-developpement.com\/ned-perpignan\/produits\/agencement-interieur\/revetement-muraux\/"},{"@type":"ListItem","position":5,"name":"Lambris en relief 3D Nova SP 300 Meister"}]},{"@type":"WebSite","@id":"https:\/\/nature-et-developpement.com\/ned-perpignan\/#website","url":"https:\/\/nature-et-developpement.com\/ned-perpignan\/","name":"Nature et D\u00e9veloppement Perpignan","description":"Solutions, mat\u00e9riaux et d\u00e9coration \u00e9co-responsables pour les pros et les particuliers.","potentialAction":[{"@type":"SearchAction","target":{"@type":"EntryPoint","urlTemplate":"https:\/\/nature-et-developpement.com\/ned-perpignan\/?s={search_term_string}"},"query-input":{"@type":"PropertyValueSpecification","valueRequired":true,"valueName":"search_term_string"}}],"inLanguage":"fr-FR"}]}},"distributor_meta":false,"distributor_terms":false,"distributor_media":false,"distributor_original_site_name":"Nature et D\u00e9veloppement Perpignan","distributor_original_site_url":"https:\/\/nature-et-developpement.com\/ned-perpignan","push-errors":false,"_links":{"self":[{"href":"https:\/\/nature-et-developpement.com\/ned-perpignan\/wp-json\/wp\/v2\/product\/3131","targetHints":{"allow":["GET"]}}],"collection":[{"href":"https:\/\/nature-et-developpement.com\/ned-perpignan\/wp-json\/wp\/v2\/product"}],"about":[{"href":"https:\/\/nature-et-developpement.com\/ned-perpignan\/wp-json\/wp\/v2\/types\/product"}],"wp:featuredmedia":[{"embeddable":true,"href":"https:\/\/nature-et-developpement.com\/ned-perpignan\/wp-json\/"}],"wp:attachment":[{"href":"https:\/\/nature-et-developpement.com\/ned-perpignan\/wp-json\/wp\/v2\/media?parent=3131"}],"wp:term":[{"taxonomy":"product_brand","embeddable":true,"href":"https:\/\/nature-et-developpement.com\/ned-perpignan\/wp-json\/wp\/v2\/product_brand?post=3131"},{"taxonomy":"product_cat","embeddable":true,"href":"https:\/\/nature-et-developpement.com\/ned-perpignan\/wp-json\/wp\/v2\/product_cat?post=3131"},{"taxonomy":"product_tag","embeddable":true,"href":"https:\/\/nature-et-developpement.com\/ned-perpignan\/wp-json\/wp\/v2\/product_tag?post=3131"}],"curies":[{"name":"wp","href":"https:\/\/api.w.org\/{rel}","templated":true}]}}