{"id":3154,"date":"2025-01-02T00:00:00","date_gmt":"2025-01-01T23:00:00","guid":{"rendered":"https:\/\/nature-et-developpement.com\/ned-perpignan\/produit\/sol-stratifie-resistant-a-l-eau-4h-decor-mineral-meister-lb-150\/"},"modified":"2026-03-26T23:47:55","modified_gmt":"2026-03-26T22:47:55","slug":"sol-stratifie-resistant-a-l-eau-4h-decor-mineral-meister-lb-150","status":"publish","type":"product","link":"https:\/\/nature-et-developpement.com\/ned-perpignan\/produit\/sol-stratifie-resistant-a-l-eau-4h-decor-mineral-meister-lb-150\/","title":{"rendered":"Sol stratifie r\u00e9sistant \u00e0 l&rsquo;eau 4h, d\u00e9cor min\u00e9ral Meister LB 150"},"content":{"rendered":"<h2>Antistatique, r\u00e9sistant \u00e0 l\u2019eau et r\u00e9sistant aux rayures\u00a0: MeisterDesign. laminate LB 150 est le sol stratifi\u00e9 intelligent pour toutes les applications.<\/h2>\n<p>Avec son \u00e9paisseur de 8 mm et la classe d\u2019utilisation 23 &#8211; 32, il est appropri\u00e9 pour les espaces d\u2019habitation tr\u00e8s utilis\u00e9s, comme les salles de bains, ou les surfaces commerciales comme les boutiques et les restaurants.<\/p>\n<p>L\u2019exceptionnel format grands carreaux garantit une impression optique sp\u00e9ciale, notamment dans les habitats modernes.<\/p>\n<p>Peut \u00eatre pos\u00e9 dans des pi\u00e8ces humides tels que par exemple: salles de bains. Les espaces ext\u00e9rieurs et pi\u00e8ces humides telles que saunas, cabines de douche, bains de vapeur et pi\u00e8ces avec \u00e9coulement au sol ne sont pas adapt\u00e9s \u00e0 la pose de ce sol.<\/p>\n<p>Convient aux sols chauff\u00e9s par circuits d\u2019eau chaude. Un chauffage par le sol \u00e9lectrique est toujours appropri\u00e9 lorsqu\u2019il peut \u00eatre int\u00e9gr\u00e9 \u00e0 la chape ou \u00e0 la dalle de b\u00e9ton et qu\u2019il n\u2019est donc pas pos\u00e9 sur la dalle comme une natte chauffante.<\/p>\n<p>Les boucles de chauffage &#8211; tuyaux &#8211; c\u00e2bles doivent couvrir la surface de la pi\u00e8ce en totalit\u00e9 et non partiellement.<\/p>\n<p>Si les surfaces ne sont chauff\u00e9es que partiellement, le rev\u00eatement de sol devra \u00eatre \u00e9quip\u00e9 de joints de dilatation (rails \u00e9l\u00e9ments de syst\u00e8me).<\/p>\n<p>La temp\u00e9rature maximum de surface ne doit pas exc\u00e9der 29\u00b0C.<\/p>\n<p>La pose du sol sur des nattes chauffantes est possible uniquement avec un syst\u00e8me autor\u00e9gulant qui maintient la temp\u00e9rature de surface \u00e0 29\u00b0c .<\/p>\n<p>La pose ne peut \u00eatre agr\u00e9\u00e9e dans tous les autres cas.<\/p>\n<h3><span style=\"font-size: 32px;font-weight: bold;letter-spacing: -0.0415625em;font-family: 'Inter var', -apple-system, BlinkMacSystemFont, 'Helvetica Neue', Helvetica, sans-serif\">&#8230;Vous h\u00e9sitez?<\/span><\/h3>\n<p>Choisissez et commandez vos \u00e9chantillons, dans les accessoires (en bas de page) ou dans le moteur de recherche (en haut \u00e0 gauche) et recevez-les chez vous pour seulement 2,40\u20ac par \u00e9chantillon.<\/p>\n<p><span style=\"text-decoration: underline\"><span style=\"color: #218e53\"><strong>Votre commande sera\u00a0d\u00e9duite\u00a0de votre prochain achat de parquet MEISTER.<\/strong><\/span><\/span><\/p>\n","protected":false},"excerpt":{"rendered":"<p>Pour toutes les pi\u00e8ces d\u2019habitation s\u00e8ches et humides avec un aspect carrelage ou pierre.<br \/>\nSon\u00a0format\u00a0lame\u00a0courte, compact et sa r\u00e9sistante \u00e0 l\u2019eau 4h conviennent \u00e0 toutes les pi\u00e8ces, chambre, bureau, salle de bain\u00a0ou cuisine.<br \/>\nStratifi\u00e9 constitu\u00e9 \u00e0 100\u00a0% de mat\u00e9riaux naturels, majoritairement de bois.<\/p>\n<p>Dimensions utiles:\u00a0853 x 395 mm<\/p>\n<p><a class=\"btn btn-default\" style=\"font-style: normal;font-family: Poppins, sans-serif\" href=\"https:\/\/meister.esignserver3.com\/gallery.do\" target=\"_blank\" rel=\"noopener\">AVEC UNE PHOTO DE CHEZ VOUS, TESTEZ-LE DANS VOTRE INT\u00c9RIEUR<\/a><\/p>\n","protected":false},"featured_media":1000000157816,"template":"","meta":[],"product_brand":[167],"product_cat":[100,101],"product_tag":[2335],"class_list":{"0":"post-3154","1":"product","2":"type-product","3":"status-publish","4":"has-post-thumbnail","6":"product_brand-meister","7":"product_cat-sols-en-liege-linoleum-et-stratifies","8":"product_cat-tomette-beton-cire-pierre-naturelle","9":"product_tag-parquet","10":"product_shipping_class-transport-parquet-lambris-meister-amorim","12":"first","13":"instock","14":"taxable","15":"shipping-taxable","16":"purchasable","17":"product-type-variable"},"yoast_head":"<!-- This site is optimized with the Yoast SEO plugin v27.5 - https:\/\/yoast.com\/product\/yoast-seo-wordpress\/ -->\n<title>Sol stratifie r\u00e9sistant \u00e0 l&#039;eau 4h, d\u00e9cor min\u00e9ral Meister LB 150 - Nature et D\u00e9veloppement Perpignan<\/title>\n<meta name=\"robots\" content=\"noindex, nofollow\" \/>\n<meta property=\"og:locale\" content=\"fr_FR\" \/>\n<meta property=\"og:type\" content=\"article\" \/>\n<meta property=\"og:title\" content=\"Sol stratifie r\u00e9sistant \u00e0 l&#039;eau 4h, d\u00e9cor min\u00e9ral Meister LB 150 - Nature et D\u00e9veloppement Perpignan\" \/>\n<meta property=\"og:description\" content=\"Pour toutes les pi\u00e8ces d\u2019habitation s\u00e8ches et humides avec un aspect carrelage ou pierre. Son\u00a0format\u00a0lame\u00a0courte, compact et sa r\u00e9sistante \u00e0 l\u2019eau 4h conviennent \u00e0 toutes les pi\u00e8ces, chambre, bureau, salle de bain\u00a0ou cuisine. Stratifi\u00e9 constitu\u00e9 \u00e0 100\u00a0% de mat\u00e9riaux naturels, majoritairement de bois.  Dimensions utiles:\u00a0853 x 395 mm  AVEC UNE PHOTO DE CHEZ VOUS, TESTEZ-LE DANS VOTRE INT\u00c9RIEUR\" \/>\n<meta property=\"og:url\" content=\"https:\/\/nature-et-developpement.com\/ned-perpignan\/produit\/sol-stratifie-resistant-a-l-eau-4h-decor-mineral-meister-lb-150\/\" \/>\n<meta property=\"og:site_name\" content=\"Nature et D\u00e9veloppement Perpignan\" \/>\n<meta property=\"article:modified_time\" content=\"2026-03-26T22:47:55+00:00\" \/>\n<meta name=\"twitter:card\" content=\"summary_large_image\" \/>\n<meta name=\"twitter:label1\" content=\"Dur\u00e9e de lecture estim\u00e9e\" \/>\n\t<meta name=\"twitter:data1\" content=\"2 minutes\" \/>\n<script type=\"application\/ld+json\" class=\"yoast-schema-graph\">{\"@context\":\"https:\\\/\\\/schema.org\",\"@graph\":[{\"@type\":\"WebPage\",\"@id\":\"https:\\\/\\\/nature-et-developpement.com\\\/ned-perpignan\\\/produit\\\/sol-stratifie-resistant-a-l-eau-4h-decor-mineral-meister-lb-150\\\/\",\"url\":\"https:\\\/\\\/nature-et-developpement.com\\\/ned-perpignan\\\/produit\\\/sol-stratifie-resistant-a-l-eau-4h-decor-mineral-meister-lb-150\\\/\",\"name\":\"Sol stratifie r\u00e9sistant \u00e0 l'eau 4h, d\u00e9cor min\u00e9ral Meister LB 150 - Nature et D\u00e9veloppement Perpignan\",\"isPartOf\":{\"@id\":\"https:\\\/\\\/nature-et-developpement.com\\\/ned-perpignan\\\/#website\"},\"primaryImageOfPage\":{\"@id\":\"https:\\\/\\\/nature-et-developpement.com\\\/ned-perpignan\\\/produit\\\/sol-stratifie-resistant-a-l-eau-4h-decor-mineral-meister-lb-150\\\/#primaryimage\"},\"image\":{\"@id\":\"https:\\\/\\\/nature-et-developpement.com\\\/ned-perpignan\\\/produit\\\/sol-stratifie-resistant-a-l-eau-4h-decor-mineral-meister-lb-150\\\/#primaryimage\"},\"thumbnailUrl\":\"https:\\\/\\\/nature-et-developpement.com\\\/ned-perpignan\\\/wp-content\\\/uploads\\\/6857-Sol-stratifie-MEISTER-LB150-ambiance.jpg\",\"datePublished\":\"2025-01-01T23:00:00+00:00\",\"dateModified\":\"2026-03-26T22:47:55+00:00\",\"breadcrumb\":{\"@id\":\"https:\\\/\\\/nature-et-developpement.com\\\/ned-perpignan\\\/produit\\\/sol-stratifie-resistant-a-l-eau-4h-decor-mineral-meister-lb-150\\\/#breadcrumb\"},\"inLanguage\":\"fr-FR\",\"potentialAction\":[{\"@type\":\"ReadAction\",\"target\":[\"https:\\\/\\\/nature-et-developpement.com\\\/ned-perpignan\\\/produit\\\/sol-stratifie-resistant-a-l-eau-4h-decor-mineral-meister-lb-150\\\/\"]}]},{\"@type\":\"ImageObject\",\"inLanguage\":\"fr-FR\",\"@id\":\"https:\\\/\\\/nature-et-developpement.com\\\/ned-perpignan\\\/produit\\\/sol-stratifie-resistant-a-l-eau-4h-decor-mineral-meister-lb-150\\\/#primaryimage\",\"url\":\"https:\\\/\\\/nature-et-developpement.com\\\/ned-perpignan\\\/wp-content\\\/uploads\\\/6857-Sol-stratifie-MEISTER-LB150-ambiance.jpg\",\"contentUrl\":\"https:\\\/\\\/nature-et-developpement.com\\\/ned-perpignan\\\/wp-content\\\/uploads\\\/6857-Sol-stratifie-MEISTER-LB150-ambiance.jpg\"},{\"@type\":\"BreadcrumbList\",\"@id\":\"https:\\\/\\\/nature-et-developpement.com\\\/ned-perpignan\\\/produit\\\/sol-stratifie-resistant-a-l-eau-4h-decor-mineral-meister-lb-150\\\/#breadcrumb\",\"itemListElement\":[{\"@type\":\"ListItem\",\"position\":1,\"name\":\"Accueil\",\"item\":\"https:\\\/\\\/nature-et-developpement.com\\\/ned-perpignan\\\/\"},{\"@type\":\"ListItem\",\"position\":2,\"name\":\"Boutique\",\"item\":\"https:\\\/\\\/nature-et-developpement.com\\\/ned-perpignan\\\/boutique\\\/\"},{\"@type\":\"ListItem\",\"position\":3,\"name\":\"Parquets bois, stratifi\u00e9s et li\u00e8ge\",\"item\":\"https:\\\/\\\/nature-et-developpement.com\\\/ned-perpignan\\\/produits\\\/parquet-et-sol-naturels\\\/\"},{\"@type\":\"ListItem\",\"position\":4,\"name\":\"Sols linol\u00e9um et stratifi\u00e9s\",\"item\":\"https:\\\/\\\/nature-et-developpement.com\\\/ned-perpignan\\\/produits\\\/parquet-et-sol-naturels\\\/sols-en-liege-linoleum-et-stratifies\\\/\"},{\"@type\":\"ListItem\",\"position\":5,\"name\":\"Sol stratifie r\u00e9sistant \u00e0 l&rsquo;eau 4h, d\u00e9cor min\u00e9ral Meister LB 150\"}]},{\"@type\":\"WebSite\",\"@id\":\"https:\\\/\\\/nature-et-developpement.com\\\/ned-perpignan\\\/#website\",\"url\":\"https:\\\/\\\/nature-et-developpement.com\\\/ned-perpignan\\\/\",\"name\":\"Nature et D\u00e9veloppement Perpignan\",\"description\":\"Solutions, mat\u00e9riaux et d\u00e9coration \u00e9co-responsables pour les pros et les particuliers.\",\"potentialAction\":[{\"@type\":\"SearchAction\",\"target\":{\"@type\":\"EntryPoint\",\"urlTemplate\":\"https:\\\/\\\/nature-et-developpement.com\\\/ned-perpignan\\\/?s={search_term_string}\"},\"query-input\":{\"@type\":\"PropertyValueSpecification\",\"valueRequired\":true,\"valueName\":\"search_term_string\"}}],\"inLanguage\":\"fr-FR\"}]}<\/script>\n<!-- \/ Yoast SEO plugin. -->","yoast_head_json":{"title":"Sol stratifie r\u00e9sistant \u00e0 l'eau 4h, d\u00e9cor min\u00e9ral Meister LB 150 - Nature et D\u00e9veloppement Perpignan","robots":{"index":"noindex","follow":"nofollow"},"og_locale":"fr_FR","og_type":"article","og_title":"Sol stratifie r\u00e9sistant \u00e0 l'eau 4h, d\u00e9cor min\u00e9ral Meister LB 150 - Nature et D\u00e9veloppement Perpignan","og_description":"Pour toutes les pi\u00e8ces d\u2019habitation s\u00e8ches et humides avec un aspect carrelage ou pierre. Son\u00a0format\u00a0lame\u00a0courte, compact et sa r\u00e9sistante \u00e0 l\u2019eau 4h conviennent \u00e0 toutes les pi\u00e8ces, chambre, bureau, salle de bain\u00a0ou cuisine. Stratifi\u00e9 constitu\u00e9 \u00e0 100\u00a0% de mat\u00e9riaux naturels, majoritairement de bois.  Dimensions utiles:\u00a0853 x 395 mm  AVEC UNE PHOTO DE CHEZ VOUS, TESTEZ-LE DANS VOTRE INT\u00c9RIEUR","og_url":"https:\/\/nature-et-developpement.com\/ned-perpignan\/produit\/sol-stratifie-resistant-a-l-eau-4h-decor-mineral-meister-lb-150\/","og_site_name":"Nature et D\u00e9veloppement Perpignan","article_modified_time":"2026-03-26T22:47:55+00:00","twitter_card":"summary_large_image","twitter_misc":{"Dur\u00e9e de lecture estim\u00e9e":"2 minutes"},"schema":{"@context":"https:\/\/schema.org","@graph":[{"@type":"WebPage","@id":"https:\/\/nature-et-developpement.com\/ned-perpignan\/produit\/sol-stratifie-resistant-a-l-eau-4h-decor-mineral-meister-lb-150\/","url":"https:\/\/nature-et-developpement.com\/ned-perpignan\/produit\/sol-stratifie-resistant-a-l-eau-4h-decor-mineral-meister-lb-150\/","name":"Sol stratifie r\u00e9sistant \u00e0 l'eau 4h, d\u00e9cor min\u00e9ral Meister LB 150 - Nature et D\u00e9veloppement Perpignan","isPartOf":{"@id":"https:\/\/nature-et-developpement.com\/ned-perpignan\/#website"},"primaryImageOfPage":{"@id":"https:\/\/nature-et-developpement.com\/ned-perpignan\/produit\/sol-stratifie-resistant-a-l-eau-4h-decor-mineral-meister-lb-150\/#primaryimage"},"image":{"@id":"https:\/\/nature-et-developpement.com\/ned-perpignan\/produit\/sol-stratifie-resistant-a-l-eau-4h-decor-mineral-meister-lb-150\/#primaryimage"},"thumbnailUrl":"https:\/\/nature-et-developpement.com\/ned-perpignan\/wp-content\/uploads\/6857-Sol-stratifie-MEISTER-LB150-ambiance.jpg","datePublished":"2025-01-01T23:00:00+00:00","dateModified":"2026-03-26T22:47:55+00:00","breadcrumb":{"@id":"https:\/\/nature-et-developpement.com\/ned-perpignan\/produit\/sol-stratifie-resistant-a-l-eau-4h-decor-mineral-meister-lb-150\/#breadcrumb"},"inLanguage":"fr-FR","potentialAction":[{"@type":"ReadAction","target":["https:\/\/nature-et-developpement.com\/ned-perpignan\/produit\/sol-stratifie-resistant-a-l-eau-4h-decor-mineral-meister-lb-150\/"]}]},{"@type":"ImageObject","inLanguage":"fr-FR","@id":"https:\/\/nature-et-developpement.com\/ned-perpignan\/produit\/sol-stratifie-resistant-a-l-eau-4h-decor-mineral-meister-lb-150\/#primaryimage","url":"https:\/\/nature-et-developpement.com\/ned-perpignan\/wp-content\/uploads\/6857-Sol-stratifie-MEISTER-LB150-ambiance.jpg","contentUrl":"https:\/\/nature-et-developpement.com\/ned-perpignan\/wp-content\/uploads\/6857-Sol-stratifie-MEISTER-LB150-ambiance.jpg"},{"@type":"BreadcrumbList","@id":"https:\/\/nature-et-developpement.com\/ned-perpignan\/produit\/sol-stratifie-resistant-a-l-eau-4h-decor-mineral-meister-lb-150\/#breadcrumb","itemListElement":[{"@type":"ListItem","position":1,"name":"Accueil","item":"https:\/\/nature-et-developpement.com\/ned-perpignan\/"},{"@type":"ListItem","position":2,"name":"Boutique","item":"https:\/\/nature-et-developpement.com\/ned-perpignan\/boutique\/"},{"@type":"ListItem","position":3,"name":"Parquets bois, stratifi\u00e9s et li\u00e8ge","item":"https:\/\/nature-et-developpement.com\/ned-perpignan\/produits\/parquet-et-sol-naturels\/"},{"@type":"ListItem","position":4,"name":"Sols linol\u00e9um et stratifi\u00e9s","item":"https:\/\/nature-et-developpement.com\/ned-perpignan\/produits\/parquet-et-sol-naturels\/sols-en-liege-linoleum-et-stratifies\/"},{"@type":"ListItem","position":5,"name":"Sol stratifie r\u00e9sistant \u00e0 l&rsquo;eau 4h, d\u00e9cor min\u00e9ral Meister LB 150"}]},{"@type":"WebSite","@id":"https:\/\/nature-et-developpement.com\/ned-perpignan\/#website","url":"https:\/\/nature-et-developpement.com\/ned-perpignan\/","name":"Nature et D\u00e9veloppement Perpignan","description":"Solutions, mat\u00e9riaux et d\u00e9coration \u00e9co-responsables pour les pros et les particuliers.","potentialAction":[{"@type":"SearchAction","target":{"@type":"EntryPoint","urlTemplate":"https:\/\/nature-et-developpement.com\/ned-perpignan\/?s={search_term_string}"},"query-input":{"@type":"PropertyValueSpecification","valueRequired":true,"valueName":"search_term_string"}}],"inLanguage":"fr-FR"}]}},"distributor_meta":false,"distributor_terms":false,"distributor_media":false,"distributor_original_site_name":"Nature et D\u00e9veloppement Perpignan","distributor_original_site_url":"https:\/\/nature-et-developpement.com\/ned-perpignan","push-errors":false,"_links":{"self":[{"href":"https:\/\/nature-et-developpement.com\/ned-perpignan\/wp-json\/wp\/v2\/product\/3154","targetHints":{"allow":["GET"]}}],"collection":[{"href":"https:\/\/nature-et-developpement.com\/ned-perpignan\/wp-json\/wp\/v2\/product"}],"about":[{"href":"https:\/\/nature-et-developpement.com\/ned-perpignan\/wp-json\/wp\/v2\/types\/product"}],"wp:featuredmedia":[{"embeddable":true,"href":"https:\/\/nature-et-developpement.com\/ned-perpignan\/wp-json\/"}],"wp:attachment":[{"href":"https:\/\/nature-et-developpement.com\/ned-perpignan\/wp-json\/wp\/v2\/media?parent=3154"}],"wp:term":[{"taxonomy":"product_brand","embeddable":true,"href":"https:\/\/nature-et-developpement.com\/ned-perpignan\/wp-json\/wp\/v2\/product_brand?post=3154"},{"taxonomy":"product_cat","embeddable":true,"href":"https:\/\/nature-et-developpement.com\/ned-perpignan\/wp-json\/wp\/v2\/product_cat?post=3154"},{"taxonomy":"product_tag","embeddable":true,"href":"https:\/\/nature-et-developpement.com\/ned-perpignan\/wp-json\/wp\/v2\/product_tag?post=3154"}],"curies":[{"name":"wp","href":"https:\/\/api.w.org\/{rel}","templated":true}]}}