{"id":3305,"date":"2025-01-15T09:55:38","date_gmt":"2025-01-15T08:55:38","guid":{"rendered":"https:\/\/nature-et-developpement.com\/ned-perpignan\/produit\/parquet-bois-vernis-ultra-mat-longlife-ps300-de-meister\/"},"modified":"2026-03-25T19:29:12","modified_gmt":"2026-03-25T18:29:12","slug":"parquet-bois-vernis-ultra-mat-longlife-ps300-de-meister","status":"publish","type":"product","link":"https:\/\/nature-et-developpement.com\/ned-perpignan\/produit\/parquet-bois-vernis-ultra-mat-longlife-ps300-de-meister\/","title":{"rendered":"Parquet bois vernis ultra-mat longlife PS 300 de Meister"},"content":{"rendered":"<h2>Parquet bois vernis ultra-mat longlife PS 300 de Meister &#8211; Sol \u00e9cologique pour un int\u00e9rieur \u00e9l\u00e9gant<\/h2>\n<div class=\"flex-1 overflow-hidden\">\n<div class=\"react-scroll-to-bottom--css-xcaki-79elbk h-full dark:bg-gray-800\">\n<div class=\"react-scroll-to-bottom--css-xcaki-1n7m0yu\">\n<div class=\"flex flex-col text-sm dark:bg-gray-800\">\n<div class=\"group w-full text-gray-800 dark:text-gray-100 border-b border-black\/10 dark:border-gray-900\/50 bg-gray-50 dark:bg-[#444654]\">\n<div class=\"flex p-4 gap-4 text-base md:gap-6 md:max-w-2xl lg:max-w-[38rem] xl:max-w-3xl md:py-6 lg:px-0 m-auto\">\n<div class=\"relative flex w-[calc(100%-50px)] flex-col gap-1 md:gap-3 lg:w-[calc(100%-115px)]\">\n<div class=\"flex flex-grow flex-col gap-3\">\n<div class=\"flex flex-col items-start gap-4 whitespace-pre-wrap break-words\">\n<div class=\"markdown prose w-full break-words dark:prose-invert light\">\n<h4>Vous recherchez un sol \u00e0 la fois esth\u00e9tique, \u00e9cologique et durable pour votre int\u00e9rieur ? Ne cherchez plus.<\/h4>\n<p>Le parquet bois vernis ultra-mat longlife PS 300 de Meister est la solution id\u00e9ale.<\/p>\n<p>Il est sp\u00e9cialement con\u00e7u pour les petites pi\u00e8ces et les espaces n\u00e9cessitant une vari\u00e9t\u00e9 particuli\u00e8re.<\/p>\n<p>Son format en frise vous permet de choisir entre deux motifs de pose : \u00e0 l&rsquo;anglaise, toujours d\u00e9cal\u00e9 de la moiti\u00e9 de la frise, ou en pose in\u00e9gale, pour une apparence plus arbitraire.<\/p>\n<p>Avec son micro-chanfrein p\u00e9riph\u00e9rique, ce parquet offre une exp\u00e9rience visuelle unique en d\u00e9marquant clairement les diff\u00e9rentes lames.<\/p>\n<p>La finition en vernis ultramat conf\u00e8re \u00e0 ce parquet une apparence noble et naturelle. Chaque pore est humidifi\u00e9, offrant ainsi une surface \u00e0 la fois esth\u00e9tique et facile \u00e0 entretenir.<\/p>\n<p>Ce vernis ultramat rend les lames r\u00e9sistantes aux taches et aux microrayures, pr\u00e9servant ainsi leur beaut\u00e9 et leur durabilit\u00e9.<\/p>\n<p>De plus, ce parquet est adapt\u00e9 \u00e0 toutes les pi\u00e8ces d&rsquo;habitation telles que les s\u00e9jours, les chambres et les locaux commerciaux \u00e0 usage mod\u00e9r\u00e9.<\/p>\n<h3>Vous appr\u00e9hendez les d\u00e9g\u00e2ts d&rsquo;eau potentiels ? Ne vous inqui\u00e9tez plus.<\/h3>\n<p>Ce parquet est r\u00e9sistant \u00e0 l&rsquo;eau, vous offrant jusqu&rsquo;\u00e0 4 heures de protection en cas d&rsquo;eau stagnante.<\/p>\n<p>Vous pouvez donc le poser en toute confiance dans des pi\u00e8ces humides comme les salles de bains.<\/p>\n<p>Le parquet bois vernis ultra-mat longlife PS 300 de Meister se distingue \u00e9galement par ses caract\u00e9ristiques techniques.<\/p>\n<p>Avec une \u00e9paisseur totale de 13 mm et une couche d&rsquo;usure d&rsquo;environ <strong>2,5 mm en ch\u00eane v\u00e9ritable<\/strong>, ce sol garantit une durabilit\u00e9 exceptionnelle.<\/p>\n<p>Les dimensions utiles de chaque lame sont de 1187 x 142 mm, et le micro-chanfrein p\u00e9riph\u00e9rique ajoute une touche esth\u00e9tique suppl\u00e9mentaire.<\/p>\n<p>La pose de ce parquet est facile et flexible. Vous pouvez choisir entre une pose flottante ou coll\u00e9e en plein gr\u00e2ce au syst\u00e8me de pose Multiclic.<\/p>\n<p>De plus, le syst\u00e8me d&#8217;embo\u00eetement\/embo\u00eetement et le syst\u00e8me d&#8217;embo\u00eetement\/frappe offrent une stabilit\u00e9 suppl\u00e9mentaire.<\/p>\n<p>L&rsquo;\u00e2me centrale HDF assure une r\u00e9sistance et une long\u00e9vit\u00e9 accrues.<\/p>\n<p>Lorsque vous choisissez ce parquet, vous faites \u00e9galement un choix respectueux de l&rsquo;environnement.<\/p>\n<p><strong>Les labels A+ et Blaue Engel garantissent des normes environnementales \u00e9lev\u00e9es.<\/strong><\/p>\n<p>Ajoutez une touche d&rsquo;\u00e9l\u00e9gance naturelle \u00e0 votre int\u00e9rieur avec le parquet bois vernis ultra-mat longlife PS 300 de Meister.<\/p>\n<p>Profitez d&rsquo;un sol \u00e9cologique, esth\u00e9tique et durable pour cr\u00e9er un environnement chaleureux et accueillant dans votre maison ou votre espace professionnel.<\/p>\n<\/div>\n<\/div>\n<\/div>\n<\/div>\n<\/div>\n<\/div>\n<\/div>\n<\/div>\n<\/div>\n<\/div>\n","protected":false},"excerpt":{"rendered":"<p>D\u00e9couvrez le parquet bois vernis ultra-mat longlife PS 300 de Meister, un sol \u00e9cologique et durable id\u00e9al pour les petites pi\u00e8ces.<br \/>\nOffrant une vari\u00e9t\u00e9 de motifs de pose et une finition noble, ce parquet est facile \u00e0 entretenir et r\u00e9sistant aux taches.<br \/>\nAjoutez une touche d&rsquo;\u00e9l\u00e9gance naturelle \u00e0 votre int\u00e9rieur.<\/p>\n<p>Ce sol en bois vous est propos\u00e9 en 8 finitions vernis ultra mat, avec une r\u00e9sistance \u00e0 l&rsquo;eau de 4H.<\/p>\n<p><a class=\"btn btn-default\" style=\"font-style: normal;font-family: Poppins, sans-serif\" href=\"https:\/\/meister.esignserver3.com\/gallery.do\" target=\"_blank\" rel=\"noopener\">AVEC UNE PHOTO DE CHEZ VOUS, TESTEZ-LE DANS VOTRE INT\u00c9RIEUR<\/a><\/p>\n","protected":false},"featured_media":1000000171687,"template":"","meta":[],"product_brand":[167],"product_cat":[99],"product_tag":[2335],"class_list":{"0":"post-3305","1":"product","2":"type-product","3":"status-publish","4":"has-post-thumbnail","6":"product_brand-meister","7":"product_cat-parquets-bois","8":"product_tag-parquet","9":"product_shipping_class-transport-parquet-lambris-meister-amorim","11":"first","12":"instock","13":"taxable","14":"shipping-taxable","15":"purchasable","16":"product-type-variable"},"yoast_head":"<!-- This site is optimized with the Yoast SEO plugin v27.5 - https:\/\/yoast.com\/product\/yoast-seo-wordpress\/ -->\n<title>Parquet bois vernis ultra-mat longlife PS 300 de Meister - Nature et D\u00e9veloppement Perpignan<\/title>\n<meta name=\"description\" content=\"R\u00e9sistance \u00e0 l&#039;eau de 4h. Id\u00e9al pour les pi\u00e8ces d&#039;habitation et les salles de bains. \u00c9cologique, durable avec une finition ch\u00eane. Facile d&#039;entretien.\" \/>\n<meta name=\"robots\" content=\"noindex, nofollow\" \/>\n<meta property=\"og:locale\" content=\"fr_FR\" \/>\n<meta property=\"og:type\" content=\"article\" \/>\n<meta property=\"og:title\" content=\"Parquet bois vernis ultra-mat longlife PS 300 de Meister - Nature et D\u00e9veloppement Perpignan\" \/>\n<meta property=\"og:description\" content=\"R\u00e9sistance \u00e0 l&#039;eau de 4h. Id\u00e9al pour les pi\u00e8ces d&#039;habitation et les salles de bains. \u00c9cologique, durable avec une finition ch\u00eane. Facile d&#039;entretien.\" \/>\n<meta property=\"og:url\" content=\"https:\/\/nature-et-developpement.com\/ned-perpignan\/produit\/parquet-bois-vernis-ultra-mat-longlife-ps300-de-meister\/\" \/>\n<meta property=\"og:site_name\" content=\"Nature et D\u00e9veloppement Perpignan\" \/>\n<meta property=\"article:modified_time\" content=\"2026-03-25T18:29:12+00:00\" \/>\n<meta name=\"twitter:card\" content=\"summary_large_image\" \/>\n<meta name=\"twitter:label1\" content=\"Dur\u00e9e de lecture estim\u00e9e\" \/>\n\t<meta name=\"twitter:data1\" content=\"2 minutes\" \/>\n<script type=\"application\/ld+json\" class=\"yoast-schema-graph\">{\"@context\":\"https:\\\/\\\/schema.org\",\"@graph\":[{\"@type\":\"WebPage\",\"@id\":\"https:\\\/\\\/nature-et-developpement.com\\\/ned-perpignan\\\/produit\\\/parquet-bois-vernis-ultra-mat-longlife-ps300-de-meister\\\/\",\"url\":\"https:\\\/\\\/nature-et-developpement.com\\\/ned-perpignan\\\/produit\\\/parquet-bois-vernis-ultra-mat-longlife-ps300-de-meister\\\/\",\"name\":\"Parquet bois vernis ultra-mat longlife PS 300 de Meister - Nature et D\u00e9veloppement Perpignan\",\"isPartOf\":{\"@id\":\"https:\\\/\\\/nature-et-developpement.com\\\/ned-perpignan\\\/#website\"},\"primaryImageOfPage\":{\"@id\":\"https:\\\/\\\/nature-et-developpement.com\\\/ned-perpignan\\\/produit\\\/parquet-bois-vernis-ultra-mat-longlife-ps300-de-meister\\\/#primaryimage\"},\"image\":{\"@id\":\"https:\\\/\\\/nature-et-developpement.com\\\/ned-perpignan\\\/produit\\\/parquet-bois-vernis-ultra-mat-longlife-ps300-de-meister\\\/#primaryimage\"},\"thumbnailUrl\":\"https:\\\/\\\/nature-et-developpement.com\\\/ned-perpignan\\\/wp-content\\\/uploads\\\/Couleur-9009-PS300-vernis-ultra-mat-ambiance.jpg\",\"datePublished\":\"2025-01-15T08:55:38+00:00\",\"dateModified\":\"2026-03-25T18:29:12+00:00\",\"description\":\"R\u00e9sistance \u00e0 l'eau de 4h. Id\u00e9al pour les pi\u00e8ces d'habitation et les salles de bains. \u00c9cologique, durable avec une finition ch\u00eane. Facile d'entretien.\",\"breadcrumb\":{\"@id\":\"https:\\\/\\\/nature-et-developpement.com\\\/ned-perpignan\\\/produit\\\/parquet-bois-vernis-ultra-mat-longlife-ps300-de-meister\\\/#breadcrumb\"},\"inLanguage\":\"fr-FR\",\"potentialAction\":[{\"@type\":\"ReadAction\",\"target\":[\"https:\\\/\\\/nature-et-developpement.com\\\/ned-perpignan\\\/produit\\\/parquet-bois-vernis-ultra-mat-longlife-ps300-de-meister\\\/\"]}]},{\"@type\":\"ImageObject\",\"inLanguage\":\"fr-FR\",\"@id\":\"https:\\\/\\\/nature-et-developpement.com\\\/ned-perpignan\\\/produit\\\/parquet-bois-vernis-ultra-mat-longlife-ps300-de-meister\\\/#primaryimage\",\"url\":\"https:\\\/\\\/nature-et-developpement.com\\\/ned-perpignan\\\/wp-content\\\/uploads\\\/Couleur-9009-PS300-vernis-ultra-mat-ambiance.jpg\",\"contentUrl\":\"https:\\\/\\\/nature-et-developpement.com\\\/ned-perpignan\\\/wp-content\\\/uploads\\\/Couleur-9009-PS300-vernis-ultra-mat-ambiance.jpg\"},{\"@type\":\"BreadcrumbList\",\"@id\":\"https:\\\/\\\/nature-et-developpement.com\\\/ned-perpignan\\\/produit\\\/parquet-bois-vernis-ultra-mat-longlife-ps300-de-meister\\\/#breadcrumb\",\"itemListElement\":[{\"@type\":\"ListItem\",\"position\":1,\"name\":\"Accueil\",\"item\":\"https:\\\/\\\/nature-et-developpement.com\\\/ned-perpignan\\\/\"},{\"@type\":\"ListItem\",\"position\":2,\"name\":\"Boutique\",\"item\":\"https:\\\/\\\/nature-et-developpement.com\\\/ned-perpignan\\\/boutique\\\/\"},{\"@type\":\"ListItem\",\"position\":3,\"name\":\"Parquets bois, stratifi\u00e9s et li\u00e8ge\",\"item\":\"https:\\\/\\\/nature-et-developpement.com\\\/ned-perpignan\\\/produits\\\/parquet-et-sol-naturels\\\/\"},{\"@type\":\"ListItem\",\"position\":4,\"name\":\"Parquets bois\",\"item\":\"https:\\\/\\\/nature-et-developpement.com\\\/ned-perpignan\\\/produits\\\/parquet-et-sol-naturels\\\/parquets-bois\\\/\"},{\"@type\":\"ListItem\",\"position\":5,\"name\":\"Parquet bois vernis ultra-mat longlife PS 300 de Meister\"}]},{\"@type\":\"WebSite\",\"@id\":\"https:\\\/\\\/nature-et-developpement.com\\\/ned-perpignan\\\/#website\",\"url\":\"https:\\\/\\\/nature-et-developpement.com\\\/ned-perpignan\\\/\",\"name\":\"Nature et D\u00e9veloppement Perpignan\",\"description\":\"Solutions, mat\u00e9riaux et d\u00e9coration \u00e9co-responsables pour les pros et les particuliers.\",\"potentialAction\":[{\"@type\":\"SearchAction\",\"target\":{\"@type\":\"EntryPoint\",\"urlTemplate\":\"https:\\\/\\\/nature-et-developpement.com\\\/ned-perpignan\\\/?s={search_term_string}\"},\"query-input\":{\"@type\":\"PropertyValueSpecification\",\"valueRequired\":true,\"valueName\":\"search_term_string\"}}],\"inLanguage\":\"fr-FR\"}]}<\/script>\n<!-- \/ Yoast SEO plugin. -->","yoast_head_json":{"title":"Parquet bois vernis ultra-mat longlife PS 300 de Meister - Nature et D\u00e9veloppement Perpignan","description":"R\u00e9sistance \u00e0 l'eau de 4h. Id\u00e9al pour les pi\u00e8ces d'habitation et les salles de bains. \u00c9cologique, durable avec une finition ch\u00eane. Facile d'entretien.","robots":{"index":"noindex","follow":"nofollow"},"og_locale":"fr_FR","og_type":"article","og_title":"Parquet bois vernis ultra-mat longlife PS 300 de Meister - Nature et D\u00e9veloppement Perpignan","og_description":"R\u00e9sistance \u00e0 l'eau de 4h. Id\u00e9al pour les pi\u00e8ces d'habitation et les salles de bains. \u00c9cologique, durable avec une finition ch\u00eane. Facile d'entretien.","og_url":"https:\/\/nature-et-developpement.com\/ned-perpignan\/produit\/parquet-bois-vernis-ultra-mat-longlife-ps300-de-meister\/","og_site_name":"Nature et D\u00e9veloppement Perpignan","article_modified_time":"2026-03-25T18:29:12+00:00","twitter_card":"summary_large_image","twitter_misc":{"Dur\u00e9e de lecture estim\u00e9e":"2 minutes"},"schema":{"@context":"https:\/\/schema.org","@graph":[{"@type":"WebPage","@id":"https:\/\/nature-et-developpement.com\/ned-perpignan\/produit\/parquet-bois-vernis-ultra-mat-longlife-ps300-de-meister\/","url":"https:\/\/nature-et-developpement.com\/ned-perpignan\/produit\/parquet-bois-vernis-ultra-mat-longlife-ps300-de-meister\/","name":"Parquet bois vernis ultra-mat longlife PS 300 de Meister - Nature et D\u00e9veloppement Perpignan","isPartOf":{"@id":"https:\/\/nature-et-developpement.com\/ned-perpignan\/#website"},"primaryImageOfPage":{"@id":"https:\/\/nature-et-developpement.com\/ned-perpignan\/produit\/parquet-bois-vernis-ultra-mat-longlife-ps300-de-meister\/#primaryimage"},"image":{"@id":"https:\/\/nature-et-developpement.com\/ned-perpignan\/produit\/parquet-bois-vernis-ultra-mat-longlife-ps300-de-meister\/#primaryimage"},"thumbnailUrl":"https:\/\/nature-et-developpement.com\/ned-perpignan\/wp-content\/uploads\/Couleur-9009-PS300-vernis-ultra-mat-ambiance.jpg","datePublished":"2025-01-15T08:55:38+00:00","dateModified":"2026-03-25T18:29:12+00:00","description":"R\u00e9sistance \u00e0 l'eau de 4h. Id\u00e9al pour les pi\u00e8ces d'habitation et les salles de bains. \u00c9cologique, durable avec une finition ch\u00eane. Facile d'entretien.","breadcrumb":{"@id":"https:\/\/nature-et-developpement.com\/ned-perpignan\/produit\/parquet-bois-vernis-ultra-mat-longlife-ps300-de-meister\/#breadcrumb"},"inLanguage":"fr-FR","potentialAction":[{"@type":"ReadAction","target":["https:\/\/nature-et-developpement.com\/ned-perpignan\/produit\/parquet-bois-vernis-ultra-mat-longlife-ps300-de-meister\/"]}]},{"@type":"ImageObject","inLanguage":"fr-FR","@id":"https:\/\/nature-et-developpement.com\/ned-perpignan\/produit\/parquet-bois-vernis-ultra-mat-longlife-ps300-de-meister\/#primaryimage","url":"https:\/\/nature-et-developpement.com\/ned-perpignan\/wp-content\/uploads\/Couleur-9009-PS300-vernis-ultra-mat-ambiance.jpg","contentUrl":"https:\/\/nature-et-developpement.com\/ned-perpignan\/wp-content\/uploads\/Couleur-9009-PS300-vernis-ultra-mat-ambiance.jpg"},{"@type":"BreadcrumbList","@id":"https:\/\/nature-et-developpement.com\/ned-perpignan\/produit\/parquet-bois-vernis-ultra-mat-longlife-ps300-de-meister\/#breadcrumb","itemListElement":[{"@type":"ListItem","position":1,"name":"Accueil","item":"https:\/\/nature-et-developpement.com\/ned-perpignan\/"},{"@type":"ListItem","position":2,"name":"Boutique","item":"https:\/\/nature-et-developpement.com\/ned-perpignan\/boutique\/"},{"@type":"ListItem","position":3,"name":"Parquets bois, stratifi\u00e9s et li\u00e8ge","item":"https:\/\/nature-et-developpement.com\/ned-perpignan\/produits\/parquet-et-sol-naturels\/"},{"@type":"ListItem","position":4,"name":"Parquets bois","item":"https:\/\/nature-et-developpement.com\/ned-perpignan\/produits\/parquet-et-sol-naturels\/parquets-bois\/"},{"@type":"ListItem","position":5,"name":"Parquet bois vernis ultra-mat longlife PS 300 de Meister"}]},{"@type":"WebSite","@id":"https:\/\/nature-et-developpement.com\/ned-perpignan\/#website","url":"https:\/\/nature-et-developpement.com\/ned-perpignan\/","name":"Nature et D\u00e9veloppement Perpignan","description":"Solutions, mat\u00e9riaux et d\u00e9coration \u00e9co-responsables pour les pros et les particuliers.","potentialAction":[{"@type":"SearchAction","target":{"@type":"EntryPoint","urlTemplate":"https:\/\/nature-et-developpement.com\/ned-perpignan\/?s={search_term_string}"},"query-input":{"@type":"PropertyValueSpecification","valueRequired":true,"valueName":"search_term_string"}}],"inLanguage":"fr-FR"}]}},"distributor_meta":false,"distributor_terms":false,"distributor_media":false,"distributor_original_site_name":"Nature et D\u00e9veloppement Perpignan","distributor_original_site_url":"https:\/\/nature-et-developpement.com\/ned-perpignan","push-errors":false,"_links":{"self":[{"href":"https:\/\/nature-et-developpement.com\/ned-perpignan\/wp-json\/wp\/v2\/product\/3305","targetHints":{"allow":["GET"]}}],"collection":[{"href":"https:\/\/nature-et-developpement.com\/ned-perpignan\/wp-json\/wp\/v2\/product"}],"about":[{"href":"https:\/\/nature-et-developpement.com\/ned-perpignan\/wp-json\/wp\/v2\/types\/product"}],"wp:featuredmedia":[{"embeddable":true,"href":"https:\/\/nature-et-developpement.com\/ned-perpignan\/wp-json\/"}],"wp:attachment":[{"href":"https:\/\/nature-et-developpement.com\/ned-perpignan\/wp-json\/wp\/v2\/media?parent=3305"}],"wp:term":[{"taxonomy":"product_brand","embeddable":true,"href":"https:\/\/nature-et-developpement.com\/ned-perpignan\/wp-json\/wp\/v2\/product_brand?post=3305"},{"taxonomy":"product_cat","embeddable":true,"href":"https:\/\/nature-et-developpement.com\/ned-perpignan\/wp-json\/wp\/v2\/product_cat?post=3305"},{"taxonomy":"product_tag","embeddable":true,"href":"https:\/\/nature-et-developpement.com\/ned-perpignan\/wp-json\/wp\/v2\/product_tag?post=3305"}],"curies":[{"name":"wp","href":"https:\/\/api.w.org\/{rel}","templated":true}]}}